{"id":2447,"date":"2023-12-22T18:32:01","date_gmt":"2023-12-22T18:32:01","guid":{"rendered":"https:\/\/aviator-crash.org\/aviator-oyununun-r%c9%99yl%c9%99ri\/"},"modified":"2024-02-02T17:45:41","modified_gmt":"2024-02-02T17:45:41","slug":"aviator-oyununun-r%c9%99yl%c9%99ri","status":"publish","type":"page","link":"https:\/\/aviator-crash.org\/az\/aviator-oyununun-r%c9%99yl%c9%99ri\/","title":{"rendered":"Aviator oyununun r\u0259yl\u0259ri"},"content":{"rendered":"\n<p>Aviator bu g\u00fcn \u0259n populyar onlayn oyunlardan biridir. Buna g\u00f6r\u0259 getdikc\u0259 daha tez-tez axtar\u0131\u015f sistemind\u0259 Aviator oyununun r\u0259yl\u0259ri il\u0259 ba\u011fl\u0131 sor\u011fular g\u00f6r\u00fcn\u00fcr, onu art\u0131q s\u0131nayanlar\u0131n pulundan istifad\u0259 edir v\u0259 qazanma \u015fanslar\u0131n\u0131n n\u0259 q\u0259d\u0259r real oldu\u011funu \u00f6yr\u0259nir. <\/p>\n\n<h2 class=\"wp-block-heading\">Aviator oyunu haqq\u0131nda fikirl\u0259rimiz<\/h2>\n\n<p>Q\u0259za oyunu Aviator, \u015f\u00fcbh\u0259siz ki, Spribe-nin \u0259n yax\u015f\u0131 inki\u015faf\u0131d\u0131r. Bu unikal, maraql\u0131, h\u0259y\u0259canvericidir v\u0259 h\u0259y\u0259can h\u0259v\u0259skarlar\u0131nda xo\u015f hissl\u0259rin artmas\u0131na s\u0259b\u0259b ola bil\u0259r. B\u00f6y\u00fck \u00fcst\u00fcnl\u00fck raundlar\u0131n q\u0131sa m\u00fcdd\u0259tidir &#8211; c\u0259mi bir ne\u00e7\u0259 saniy\u0259 g\u0259rginlik v\u0259 oyun\u00e7u \u00f6z m\u0259rcini (10, 20 v\u0259 ya b\u0259lk\u0259 d\u0259 50 d\u0259f\u0259) vuraraq qalib ola bil\u0259r. \u018fsas odur ki, t\u0259yyar\u0259 q\u0259zaya u\u011framazdan \u0259vv\u0259l pul \u00e7\u0131xarmaq \u00fc\u00e7\u00fcn vaxt\u0131n\u0131z olsun, lakin bu, maksimum \u0259msallarla edilm\u0259lidir.   <\/p>\n\n<p>Bu oyun h\u0259tta \u0259n t\u0259cr\u00fcb\u0259li qumarbazlar \u00fc\u00e7\u00fcn d\u0259 emosiyalar\u0131n artmas\u0131na z\u0259man\u0259t verir. Bunu ba\u015fa d\u00fc\u015f\u0259n bir \u00e7ox onlayn kazino bel\u0259 bir ma\u015f\u0131n t\u0259klif edir: 1win, Pin Up, 1Xbet. Slot \u0259la qrafika, ayd\u0131nl\u0131q v\u0259 s\u0259s effektl\u0259rin\u0259 malikdir. Biz d\u0259 bu oyunun \u0259yl\u0259nc\u0259li oldu\u011funu v\u0259 fikrimizc\u0259 oynama\u011fa m\u00fctl\u0259q d\u0259y\u0259r oldu\u011funu d\u00fc\u015f\u00fcn\u00fcr\u00fck.   <\/p>\n\n<h2 class=\"wp-block-heading\">Aviator oyunu haqq\u0131nda istifad\u0259\u00e7i r\u0259yl\u0259ri<\/h2>\n\n<p>\u0130nternetd\u0259 real oyun\u00e7ular\u0131n q\u0259za oyunu Aviator haqq\u0131nda m\u00fcxt\u0259lif r\u0259yl\u0259r var. B\u0259zil\u0259ri onu heyran edir, dig\u0259rl\u0259ri is\u0259 g\u00f6zl\u0259nilm\u0259zliyin\u0259, riskl\u0259rin\u0259 v\u0259 100% udu\u015f strategiyas\u0131n\u0131 yarada bilm\u0259m\u0259sin\u0259 g\u00f6r\u0259 t\u0259nqid edir. Ancaq bu, \u00e7ox vaxt qumar\u0131n g\u00f6z\u0259lliyidir.  <\/p>\n\n<p>Sizi \u00f6z n\u0259tic\u0259nizi \u00e7\u0131xarma\u011fa d\u0259v\u0259t edirik. Bu oyunu s\u0131nay\u0131n v\u0259 a\u015fa\u011f\u0131dak\u0131 r\u0259yd\u0259 onu t\u0259rk ed\u0259r\u0259k r\u0259yinizi payla\u015f\u0131n. <\/p>\n","protected":false},"excerpt":{"rendered":"<p>Aviator bu g\u00fcn \u0259n populyar onlayn oyunlardan biridir. Buna g\u00f6r\u0259 getdikc\u0259 daha tez-tez axtar\u0131\u015f sistemind\u0259 Aviator oyununun r\u0259yl\u0259ri il\u0259 ba\u011fl\u0131 sor\u011fular g\u00f6r\u00fcn\u00fcr, onu art\u0131q s\u0131nayanlar\u0131n pulundan istifad\u0259 edir v\u0259 qazanma \u015fanslar\u0131n\u0131n n\u0259 q\u0259d\u0259r real oldu\u011funu \u00f6yr\u0259nir. Aviator oyunu haqq\u0131nda fikirl\u0259rimiz Q\u0259za oyunu Aviator, \u015f\u00fcbh\u0259siz ki, Spribe-nin \u0259n yax\u015f\u0131 inki\u015faf\u0131d\u0131r. Bu unikal, maraql\u0131, h\u0259y\u0259canvericidir v\u0259 h\u0259y\u0259can [&hellip;]<\/p>\n","protected":false},"author":2,"featured_media":0,"parent":0,"menu_order":0,"comment_status":"closed","ping_status":"closed","template":"","meta":{"footnotes":""},"yoast_head":"<!-- This site is optimized with the Yoast SEO plugin v21.7 - https:\/\/yoast.com\/wordpress\/plugins\/seo\/ -->\n<title>Oyun\u00e7ulardan Aviator oyununun r\u0259yl\u0259ri<\/title>\n<meta name=\"description\" content=\"H\u0259qiqi oyun\u00e7ulardan Aviator q\u0259za oyununun r\u0259yl\u0259ri cihaz\u0131n b\u00fct\u00fcn m\u00fcsb\u0259t v\u0259 m\u0259nfi c\u0259h\u0259tl\u0259rini \u00f6yr\u0259nm\u0259y\u0259 imkan ver\u0259c\u0259kdir. Ma\u015f\u0131n\u0131n \u0259sas qaydalar\u0131 v\u0259 idar\u0259etm\u0259 n\u00fcanslar\u0131.\" \/>\n<meta name=\"robots\" content=\"index, follow, max-snippet:-1, max-image-preview:large, max-video-preview:-1\" \/>\n<link rel=\"canonical\" href=\"https:\/\/aviator-crash.org\/az\/aviator-oyununun-r%c9%99yl%c9%99ri\/\" \/>\n<meta property=\"og:locale\" content=\"az_AZ\" \/>\n<meta property=\"og:type\" content=\"article\" \/>\n<meta property=\"og:title\" content=\"Oyun\u00e7ulardan Aviator oyununun r\u0259yl\u0259ri\" \/>\n<meta property=\"og:description\" content=\"H\u0259qiqi oyun\u00e7ulardan Aviator q\u0259za oyununun r\u0259yl\u0259ri cihaz\u0131n b\u00fct\u00fcn m\u00fcsb\u0259t v\u0259 m\u0259nfi c\u0259h\u0259tl\u0259rini \u00f6yr\u0259nm\u0259y\u0259 imkan ver\u0259c\u0259kdir. Ma\u015f\u0131n\u0131n \u0259sas qaydalar\u0131 v\u0259 idar\u0259etm\u0259 n\u00fcanslar\u0131.\" \/>\n<meta property=\"og:url\" content=\"https:\/\/aviator-crash.org\/az\/aviator-oyununun-r%c9%99yl%c9%99ri\/\" \/>\n<meta property=\"article:modified_time\" content=\"2024-02-02T17:45:41+00:00\" \/>\n<meta name=\"twitter:card\" content=\"summary_large_image\" \/>\n<meta name=\"twitter:label1\" content=\"Est. reading time\" \/>\n\t<meta name=\"twitter:data1\" content=\"2 minutes\" \/>\n<script type=\"application\/ld+json\" class=\"yoast-schema-graph\">{\"@context\":\"https:\/\/schema.org\",\"@graph\":[{\"@type\":\"WebPage\",\"@id\":\"https:\/\/aviator-crash.org\/az\/aviator-oyununun-r%c9%99yl%c9%99ri\/\",\"url\":\"https:\/\/aviator-crash.org\/az\/aviator-oyununun-r%c9%99yl%c9%99ri\/\",\"name\":\"Oyun\u00e7ulardan Aviator oyununun r\u0259yl\u0259ri\",\"isPartOf\":{\"@id\":\"https:\/\/aviator-crash.org\/az\/#website\"},\"datePublished\":\"2023-12-22T18:32:01+00:00\",\"dateModified\":\"2024-02-02T17:45:41+00:00\",\"description\":\"H\u0259qiqi oyun\u00e7ulardan Aviator q\u0259za oyununun r\u0259yl\u0259ri cihaz\u0131n b\u00fct\u00fcn m\u00fcsb\u0259t v\u0259 m\u0259nfi c\u0259h\u0259tl\u0259rini \u00f6yr\u0259nm\u0259y\u0259 imkan ver\u0259c\u0259kdir. Ma\u015f\u0131n\u0131n \u0259sas qaydalar\u0131 v\u0259 idar\u0259etm\u0259 n\u00fcanslar\u0131.\",\"breadcrumb\":{\"@id\":\"https:\/\/aviator-crash.org\/az\/aviator-oyununun-r%c9%99yl%c9%99ri\/#breadcrumb\"},\"inLanguage\":\"az\",\"potentialAction\":[{\"@type\":\"ReadAction\",\"target\":[\"https:\/\/aviator-crash.org\/az\/aviator-oyununun-r%c9%99yl%c9%99ri\/\"]}]},{\"@type\":\"BreadcrumbList\",\"@id\":\"https:\/\/aviator-crash.org\/az\/aviator-oyununun-r%c9%99yl%c9%99ri\/#breadcrumb\",\"itemListElement\":[{\"@type\":\"ListItem\",\"position\":1,\"name\":\"Home\",\"item\":\"https:\/\/aviator-crash.org\/az\/real-pul-ucun-aviator-online-oyun\/\"},{\"@type\":\"ListItem\",\"position\":2,\"name\":\"Aviator oyununun r\u0259yl\u0259ri\"}]},{\"@type\":\"WebSite\",\"@id\":\"https:\/\/aviator-crash.org\/az\/#website\",\"url\":\"https:\/\/aviator-crash.org\/az\/\",\"name\":\"\",\"description\":\"\",\"potentialAction\":[{\"@type\":\"SearchAction\",\"target\":{\"@type\":\"EntryPoint\",\"urlTemplate\":\"https:\/\/aviator-crash.org\/az\/?s={search_term_string}\"},\"query-input\":\"required name=search_term_string\"}],\"inLanguage\":\"az\"}]}<\/script>\n<!-- \/ Yoast SEO plugin. -->","yoast_head_json":{"title":"Oyun\u00e7ulardan Aviator oyununun r\u0259yl\u0259ri","description":"H\u0259qiqi oyun\u00e7ulardan Aviator q\u0259za oyununun r\u0259yl\u0259ri cihaz\u0131n b\u00fct\u00fcn m\u00fcsb\u0259t v\u0259 m\u0259nfi c\u0259h\u0259tl\u0259rini \u00f6yr\u0259nm\u0259y\u0259 imkan ver\u0259c\u0259kdir. Ma\u015f\u0131n\u0131n \u0259sas qaydalar\u0131 v\u0259 idar\u0259etm\u0259 n\u00fcanslar\u0131.","robots":{"index":"index","follow":"follow","max-snippet":"max-snippet:-1","max-image-preview":"max-image-preview:large","max-video-preview":"max-video-preview:-1"},"canonical":"https:\/\/aviator-crash.org\/az\/aviator-oyununun-r%c9%99yl%c9%99ri\/","og_locale":"az_AZ","og_type":"article","og_title":"Oyun\u00e7ulardan Aviator oyununun r\u0259yl\u0259ri","og_description":"H\u0259qiqi oyun\u00e7ulardan Aviator q\u0259za oyununun r\u0259yl\u0259ri cihaz\u0131n b\u00fct\u00fcn m\u00fcsb\u0259t v\u0259 m\u0259nfi c\u0259h\u0259tl\u0259rini \u00f6yr\u0259nm\u0259y\u0259 imkan ver\u0259c\u0259kdir. Ma\u015f\u0131n\u0131n \u0259sas qaydalar\u0131 v\u0259 idar\u0259etm\u0259 n\u00fcanslar\u0131.","og_url":"https:\/\/aviator-crash.org\/az\/aviator-oyununun-r%c9%99yl%c9%99ri\/","article_modified_time":"2024-02-02T17:45:41+00:00","twitter_card":"summary_large_image","twitter_misc":{"Est. reading time":"2 minutes"},"schema":{"@context":"https:\/\/schema.org","@graph":[{"@type":"WebPage","@id":"https:\/\/aviator-crash.org\/az\/aviator-oyununun-r%c9%99yl%c9%99ri\/","url":"https:\/\/aviator-crash.org\/az\/aviator-oyununun-r%c9%99yl%c9%99ri\/","name":"Oyun\u00e7ulardan Aviator oyununun r\u0259yl\u0259ri","isPartOf":{"@id":"https:\/\/aviator-crash.org\/az\/#website"},"datePublished":"2023-12-22T18:32:01+00:00","dateModified":"2024-02-02T17:45:41+00:00","description":"H\u0259qiqi oyun\u00e7ulardan Aviator q\u0259za oyununun r\u0259yl\u0259ri cihaz\u0131n b\u00fct\u00fcn m\u00fcsb\u0259t v\u0259 m\u0259nfi c\u0259h\u0259tl\u0259rini \u00f6yr\u0259nm\u0259y\u0259 imkan ver\u0259c\u0259kdir. Ma\u015f\u0131n\u0131n \u0259sas qaydalar\u0131 v\u0259 idar\u0259etm\u0259 n\u00fcanslar\u0131.","breadcrumb":{"@id":"https:\/\/aviator-crash.org\/az\/aviator-oyununun-r%c9%99yl%c9%99ri\/#breadcrumb"},"inLanguage":"az","potentialAction":[{"@type":"ReadAction","target":["https:\/\/aviator-crash.org\/az\/aviator-oyununun-r%c9%99yl%c9%99ri\/"]}]},{"@type":"BreadcrumbList","@id":"https:\/\/aviator-crash.org\/az\/aviator-oyununun-r%c9%99yl%c9%99ri\/#breadcrumb","itemListElement":[{"@type":"ListItem","position":1,"name":"Home","item":"https:\/\/aviator-crash.org\/az\/real-pul-ucun-aviator-online-oyun\/"},{"@type":"ListItem","position":2,"name":"Aviator oyununun r\u0259yl\u0259ri"}]},{"@type":"WebSite","@id":"https:\/\/aviator-crash.org\/az\/#website","url":"https:\/\/aviator-crash.org\/az\/","name":"","description":"","potentialAction":[{"@type":"SearchAction","target":{"@type":"EntryPoint","urlTemplate":"https:\/\/aviator-crash.org\/az\/?s={search_term_string}"},"query-input":"required name=search_term_string"}],"inLanguage":"az"}]}},"_links":{"self":[{"href":"https:\/\/aviator-crash.org\/az\/wp-json\/wp\/v2\/pages\/2447"}],"collection":[{"href":"https:\/\/aviator-crash.org\/az\/wp-json\/wp\/v2\/pages"}],"about":[{"href":"https:\/\/aviator-crash.org\/az\/wp-json\/wp\/v2\/types\/page"}],"author":[{"embeddable":true,"href":"https:\/\/aviator-crash.org\/az\/wp-json\/wp\/v2\/users\/2"}],"replies":[{"embeddable":true,"href":"https:\/\/aviator-crash.org\/az\/wp-json\/wp\/v2\/comments?post=2447"}],"version-history":[{"count":1,"href":"https:\/\/aviator-crash.org\/az\/wp-json\/wp\/v2\/pages\/2447\/revisions"}],"predecessor-version":[{"id":2448,"href":"https:\/\/aviator-crash.org\/az\/wp-json\/wp\/v2\/pages\/2447\/revisions\/2448"}],"wp:attachment":[{"href":"https:\/\/aviator-crash.org\/az\/wp-json\/wp\/v2\/media?parent=2447"}],"curies":[{"name":"wp","href":"https:\/\/api.w.org\/{rel}","templated":true}]}}