{"id":2479,"date":"2023-12-27T19:09:40","date_gmt":"2023-12-27T19:09:40","guid":{"rendered":"https:\/\/aviator-crash.org\/pul-ucun-aviator-kimi-oyunlar\/"},"modified":"2024-02-02T17:52:56","modified_gmt":"2024-02-02T17:52:56","slug":"pul-ucun-aviator-kimi-oyunlar","status":"publish","type":"page","link":"https:\/\/aviator-crash.org\/az\/pul-ucun-aviator-kimi-oyunlar\/","title":{"rendered":"Pul \u00fc\u00e7\u00fcn Aviator kimi oyunlar"},"content":{"rendered":"\n<p>Aviator unikal bir oyundur, q\u0259za janr\u0131nda pul \u00fc\u00e7\u00fcn ilk video oyunlardan biridir, g\u00f6r\u00fcn\u00fc\u015f\u00fc onlayn qumarda s\u0131\u00e7ray\u0131\u015f etdi. O, dinamik, h\u0259y\u0259canl\u0131, q\u0131sa d\u00f6vr\u0259l\u0259rl\u0259 g\u00fccl\u00fc adrenalin v\u0259 canl\u0131 emosiyalar \u00fc\u00e7\u00fcn kifay\u0259tdir. Ancaq m\u00fcr\u0259kk\u0259b oyun\u00e7u h\u0259mi\u015f\u0259 m\u00fcxt\u0259lifliy\u0259 c\u0259lb olunur, buna g\u00f6r\u0259 d\u0259 bu g\u00fcn Aviator oyununun analoqlar\u0131na t\u0259l\u0259bat s\u00fcr\u0259tl\u0259 art\u0131b. Bunu d\u0259rk ed\u0259n apar\u0131c\u0131 t\u0259rtibat\u00e7\u0131lar innovativ oyundan istifad\u0259 ed\u0259r\u0259k ox\u015far m\u0259hsullar\u0131n t\u0259qdim edilm\u0259sin\u0259 diqq\u0259t yetirdil\u0259r.   <\/p>\n\n<h2 class=\"wp-block-heading\">Lucky Jet Aviator oyununun analoqudur<\/h2>\n\n<p>Lucky Jet, 1win onlayn kazinosu t\u0259r\u0259find\u0259n t\u0259qdim olunan v\u0259 \u0259n g\u00f6z\u0259l oyunlardan biridir. O, Aviator kimi haz\u0131rlanm\u0131\u015fd\u0131r, lakin t\u0259yyar\u0259 \u0259v\u0259zin\u0259 Lucky Joe v\u0259 onun bel \u00e7antas\u0131na baxmaq laz\u0131md\u0131r. M\u0259rcl\u0259r d\u0259 raund ba\u015flamazdan \u0259vv\u0259l qoyulur v\u0259 sonra multiplikator i\u015f\u0259 sal\u0131n\u0131r v\u0259 Co u\u00e7madan \u0259vv\u0259l udu\u015flar\u0131n\u0131z\u0131 toplama\u011fa vaxt\u0131n\u0131z olmal\u0131d\u0131r.  <\/p>\n\n<p>Lucky Jet bahisl\u0259ri d\u0259yi\u015fir. Siz 3-\u0259 vurulan m\u0259rc g\u00f6t\u00fcr\u0259 v\u0259 ya 50, 100 v\u0259 h\u0259tta 200 d\u0259f\u0259 art\u0131m g\u00f6zl\u0259y\u0259 bil\u0259rsiniz. Statistikalar g\u00f6st\u0259rir ki, y\u00fcks\u0259k \u0259msallar adi hald\u0131r. Ancaq bu, yaln\u0131z oyun\u00e7unun n\u0259 q\u0259d\u0259r s\u0259brli olmas\u0131ndan v\u0259 raundun m\u00fcdd\u0259tini d\u00fczg\u00fcn proqnozla\u015fd\u0131ra bilm\u0259sind\u0259n as\u0131l\u0131d\u0131r.   <\/p>\n\n<h2 class=\"wp-block-heading\">Jet X ba\u015fqa bir Aviator tipli oyundur<\/h2>\n\n<p>Aktiv \u015f\u0259kild\u0259 populyarl\u0131q qazanan n\u00f6vb\u0259ti Aviator tipli oyun Smartsoft Gaming t\u0259r\u0259find\u0259n t\u0259qdim olunan Jet X-dir. \u00c7ox oyun\u00e7udur, mahiyy\u0259tc\u0259 Aviator-a b\u0259nz\u0259yir, \u00e7\u00fcnki&#8230; Orada siz d\u0259 h\u00fcnd\u00fcrl\u00fck qazanan t\u0259yyar\u0259ni izl\u0259m\u0259li olacaqs\u0131n\u0131z. F\u0259rq ondad\u0131r ki, u\u00e7u\u015f n\u00f6qt\u0259si izl\u0259nilir, y\u0259ni. N\u0259 q\u0259d\u0259r y\u00fcks\u0259kdirs\u0259, oyun\u00e7unun udu\u015flar\u0131 \u0259msallar\u0131n artmas\u0131 il\u0259 \u0259laq\u0259dar olacaq. Ancaq t\u0259yyar\u0259 getm\u0259mi\u015fd\u0259n \u0259vv\u0259l oyun\u00e7unun pulu \u00e7\u0131xarma\u011fa vaxt\u0131 yoxdursa, o, h\u0259r \u015feyi itir\u0259c\u0259k v\u0259 itir\u0259c\u0259k.     <\/p>\n\n<p>Oyun maraql\u0131d\u0131r, adrenalin v\u0259 h\u0259y\u0259can balans\u0131, h\u0259m\u00e7inin x\u00fcsusi &#8220;hiyl\u0259l\u0259r&#8221; il\u0259 sevindirir. Misal \u00fc\u00e7\u00fcn: <\/p>\n\n<ul>\n<li>Cekpot tiraj\u0131n\u0131 ehtiva ed\u0259n bir bonus x\u00fcsusiyy\u0259ti var.<\/li>\n\n\n\n<li>Minimum na\u011fd pul 1,1 \u0259msal\u0131 il\u0259 m\u00fc\u0259yy\u0259n edilir.<\/li>\n\n\n\n<li>\u00c7arpan \u00fcst\u0259g\u0259l sonsuzlu\u011fa q\u0259d\u0259r i\u015fl\u0259yir.<\/li>\n<\/ul>\n\n<h2 class=\"wp-block-heading\">Rocket X (Aviator-a b\u0259nz\u0259yir)<\/h2>\n\n<p>Rocket X h\u0259m d\u0259 Slotegrator t\u0259r\u0259find\u0259n t\u0259qdim olunan Aviator kimi bir oyunun variant\u0131d\u0131r. O, s\u00fcr\u0259tli qrafik interfeysi, unikal funksionall\u0131\u011f\u0131 v\u0259 oyun\u00e7uya \u00e7oxlu canl\u0131 emosiyalar b\u0259x\u015f etm\u0259k qabiliyy\u0259ti il\u0259 diqq\u0259ti c\u0259lb edir. Orada s\u00fcjet bir g\u0259ncin \u0259lind\u0259n tutma\u011fa \u00e7al\u0131\u015fd\u0131\u011f\u0131 raketin havaya qalxmas\u0131 \u00fcz\u0259rind\u0259 qurulub. H\u0259r raundda bir m\u0259rc \u00e7arpan var, bel\u0259 ki, siz 100 v\u0259 ya daha \u00e7ox vurulan m\u0259bl\u0259\u011fi \u0259ld\u0259 ed\u0259 bil\u0259rsiniz.   <\/p>\n\n<p>Bu oyunun parametrl\u0259ri var:<\/p>\n\n<ul>\n<li>Avtomatik t\u0259klifl\u0259r.<\/li>\n\n\n\n<li>Avtomatik \u00e7\u0131xarmalar.<\/li>\n<\/ul>\n\n<p>H\u0259m orta, h\u0259m d\u0259 aqressiv strategiyalardan istifad\u0259 ed\u0259 bil\u0259rsiniz. Eyni zamanda, he\u00e7 bir z\u0259man\u0259tli qalibiyy\u0259t yoxdur, h\u0259r \u015fey t\u0259sad\u00fcfi bir sistemin i\u015f\u0259 sal\u0131nmas\u0131 \u00fcz\u0259rind\u0259 qurulur, y\u0259ni. B\u0259xt h\u0259r \u015feyi t\u0259yin ed\u0259c\u0259k.  <\/p>\n\n<h2 class=\"wp-block-heading\">Space XY (Aviator-a b\u0259nz\u0259yir)<\/h2>\n\n<p>Space XY h\u0259m d\u0259 Aviator-a b\u0259nz\u0259r pul oyunu il\u0259 maraqlananlar \u00fc\u00e7\u00fcn \u0259la se\u00e7imdir. Orada oyun\u00e7ular t\u0259yyar\u0259 deyil, raket atmal\u0131 olacaqlar. \u0130nterfeys t\u0259mkinli v\u0259 lakonikdir. Oyun\u00e7u \u00f6z raketinin u\u00e7u\u015funu izl\u0259m\u0259li olacaq n\u00f6vb\u0259ti raundda m\u0259rcl\u0259r qoyulur. Bununla bel\u0259, o, bird\u0259n radardan it\u0259, kursdan \u00e7\u0131xa v\u0259 partlaya bil\u0259r v\u0259 bu ba\u015f ver\u0259nd\u0259 b\u00fct\u00fcn m\u0259rcl\u0259r s\u00f6n\u00fcr. Oyun\u00e7unun v\u0259zif\u0259si vaxt\u0131nda raketd\u0259n &#8220;tullamaq&#8221;d\u0131r, y\u0259ni. dig\u0259r ox\u015far oyunlarda oldu\u011fu kimi, pulu partlamadan toplay\u0131n.      <\/p>\n\n<h2 class=\"wp-block-heading\">Na\u011fd pul v\u0259 ya q\u0259za (Aviator kimi)<\/h2>\n\n<p>Cash or Crash, Aviatorun analoqu olsa da, b\u00fct\u00f6v bir oyun \u015fousu olmas\u0131 v\u0259 reall\u0131qla z\u0259nginl\u0259\u015fdirilmi\u015f canl\u0131 oyun olmas\u0131 il\u0259 f\u0259rql\u0259nir. S\u00fcjet 20 pill\u0259li pill\u0259k\u0259nin oldu\u011fu virtual dirijabl\u0131n i\u00e7\u0259risind\u0259 inki\u015faf edir. Onun boyunca h\u0259r\u0259k\u0259t dirijabl\u0131n qald\u0131r\u0131lmas\u0131na v\u0259 Yerd\u0259n daha da ir\u0259li getm\u0259sin\u0259 k\u00f6m\u0259k edir. Pill\u0259k\u0259nl\u0259ri qalxark\u0259n ya\u015f\u0131l toplar yan\u0131r, h\u0259r biri q\u0259l\u0259b\u0259y\u0259 g\u0259tirib \u00e7\u0131xar\u0131r v\u0259 udu\u015flar\u0131 art\u0131r\u0131r, lakin q\u0131rm\u0131z\u0131 yanan kimi oyun\u00e7u q\u0259zaya u\u011frayacaq v\u0259 h\u0259r \u015feyi itir\u0259c\u0259k.   <\/p>\n\n<p>X\u00fcsusiyy\u0259tl\u0259r:<\/p>\n\n<ul>\n<li>M\u0259rcl\u0259rin art\u0131m\u0131 50.000 d\u0259f\u0259y\u0259 q\u0259d\u0259r m\u00fcmk\u00fcnd\u00fcr.<\/li>\n\n\n\n<li>\u018flav\u0259 h\u0259yat ver\u0259n q\u0131z\u0131l top da var.<\/li>\n<\/ul>\n\n<h2 class=\"wp-block-heading\">N\u0259tic\u0259l\u0259rin \u00e7\u0131xar\u0131lmas\u0131<\/h2>\n\n<p>Aviator v\u0259 buna b\u0259nz\u0259r oyunlar istirah\u0259t etm\u0259k, dinc\u0259lm\u0259k v\u0259 g\u00fcn \u0259rzind\u0259 y\u0131\u011f\u0131lan neqativl\u0259rd\u0259n xilas olmaq \u00fc\u00e7\u00fcn \u0259la f\u00fcrs\u0259tdir. Eyni zamanda, h\u0259r bir oyun\u00e7u \u00f6z m\u0259nas\u0131n\u0131 axtar\u0131r: <\/p>\n\n<ul>\n<li>\u018fyl\u0259n v\u0259 h\u0259y\u0259can\u0131 t\u0259min et.<\/li>\n\n\n\n<li>Pul qazanmaq \u00fc\u00e7\u00fcn.<\/li>\n<\/ul>\n\n<p>Pul \u00fc\u00e7\u00fcn Aviator kimi hans\u0131 oyunu se\u00e7m\u0259k v\u0259 hans\u0131 m\u0259qs\u0259dl\u0259 oynamaq sizin ixtiyar\u0131n\u0131zdad\u0131r, \u0259sas odur ki, \u00f6z\u00fcn\u00fcz\u00fc idar\u0259 etm\u0259yi bacar\u0131n v\u0259 se\u00e7ilmi\u015f strategiyaya sadiq qalas\u0131n\u0131z. Slotlar\u0131n b\u00f6y\u00fck se\u00e7imi h\u0259tta \u0259n t\u0259cr\u00fcb\u0259li oyun\u00e7unun asud\u0259 vaxt\u0131n\u0131 \u015fax\u0259l\u0259ndirm\u0259k \u00fc\u00e7\u00fcn \u0259la f\u00fcrs\u0259tdir. <\/p>\n","protected":false},"excerpt":{"rendered":"<p>Aviator unikal bir oyundur, q\u0259za janr\u0131nda pul \u00fc\u00e7\u00fcn ilk video oyunlardan biridir, g\u00f6r\u00fcn\u00fc\u015f\u00fc onlayn qumarda s\u0131\u00e7ray\u0131\u015f etdi. O, dinamik, h\u0259y\u0259canl\u0131, q\u0131sa d\u00f6vr\u0259l\u0259rl\u0259 g\u00fccl\u00fc adrenalin v\u0259 canl\u0131 emosiyalar \u00fc\u00e7\u00fcn kifay\u0259tdir. Ancaq m\u00fcr\u0259kk\u0259b oyun\u00e7u h\u0259mi\u015f\u0259 m\u00fcxt\u0259lifliy\u0259 c\u0259lb olunur, buna g\u00f6r\u0259 d\u0259 bu g\u00fcn Aviator oyununun analoqlar\u0131na t\u0259l\u0259bat s\u00fcr\u0259tl\u0259 art\u0131b. Bunu d\u0259rk ed\u0259n apar\u0131c\u0131 t\u0259rtibat\u00e7\u0131lar innovativ oyundan istifad\u0259 [&hellip;]<\/p>\n","protected":false},"author":2,"featured_media":0,"parent":0,"menu_order":0,"comment_status":"closed","ping_status":"closed","template":"","meta":{"footnotes":""},"yoast_head":"<!-- This site is optimized with the Yoast SEO plugin v21.7 - https:\/\/yoast.com\/wordpress\/plugins\/seo\/ -->\n<title>Aviator-da pul \u00fc\u00e7\u00fcn ox\u015far oyunlar (n\u00f6v\u00fc v\u0259 Aviatorun analoqlar\u0131)<\/title>\n<meta name=\"description\" content=\"Pul \u00fc\u00e7\u00fcn m\u0259\u015fhur &quot;Aviator&quot; kimi q\u0259za oyunlar\u0131na bax\u0131\u015f. TOP variantlar\u0131 n\u0259z\u0259rd\u0259n ke\u00e7irin v\u0259 sizi yeni emosiyalar v\u0259 h\u0259y\u0259canla dolduracaq birini se\u00e7in v\u0259 \u0259g\u0259r Fortune \u0259lveri\u015flidirs\u0259, m\u00f6hk\u0259m q\u0259l\u0259b\u0259 il\u0259!\" \/>\n<meta name=\"robots\" content=\"index, follow, max-snippet:-1, max-image-preview:large, max-video-preview:-1\" \/>\n<link rel=\"canonical\" href=\"https:\/\/aviator-crash.org\/az\/pul-ucun-aviator-kimi-oyunlar\/\" \/>\n<meta property=\"og:locale\" content=\"az_AZ\" \/>\n<meta property=\"og:type\" content=\"article\" \/>\n<meta property=\"og:title\" content=\"Aviator-da pul \u00fc\u00e7\u00fcn ox\u015far oyunlar (n\u00f6v\u00fc v\u0259 Aviatorun analoqlar\u0131)\" \/>\n<meta property=\"og:description\" content=\"Pul \u00fc\u00e7\u00fcn m\u0259\u015fhur &quot;Aviator&quot; kimi q\u0259za oyunlar\u0131na bax\u0131\u015f. TOP variantlar\u0131 n\u0259z\u0259rd\u0259n ke\u00e7irin v\u0259 sizi yeni emosiyalar v\u0259 h\u0259y\u0259canla dolduracaq birini se\u00e7in v\u0259 \u0259g\u0259r Fortune \u0259lveri\u015flidirs\u0259, m\u00f6hk\u0259m q\u0259l\u0259b\u0259 il\u0259!\" \/>\n<meta property=\"og:url\" content=\"https:\/\/aviator-crash.org\/az\/pul-ucun-aviator-kimi-oyunlar\/\" \/>\n<meta property=\"article:modified_time\" content=\"2024-02-02T17:52:56+00:00\" \/>\n<meta name=\"twitter:card\" content=\"summary_large_image\" \/>\n<meta name=\"twitter:label1\" content=\"Est. reading time\" \/>\n\t<meta name=\"twitter:data1\" content=\"5 minutes\" \/>\n<script type=\"application\/ld+json\" class=\"yoast-schema-graph\">{\"@context\":\"https:\/\/schema.org\",\"@graph\":[{\"@type\":\"WebPage\",\"@id\":\"https:\/\/aviator-crash.org\/az\/pul-ucun-aviator-kimi-oyunlar\/\",\"url\":\"https:\/\/aviator-crash.org\/az\/pul-ucun-aviator-kimi-oyunlar\/\",\"name\":\"Aviator-da pul \u00fc\u00e7\u00fcn ox\u015far oyunlar (n\u00f6v\u00fc v\u0259 Aviatorun analoqlar\u0131)\",\"isPartOf\":{\"@id\":\"https:\/\/aviator-crash.org\/az\/#website\"},\"datePublished\":\"2023-12-27T19:09:40+00:00\",\"dateModified\":\"2024-02-02T17:52:56+00:00\",\"description\":\"Pul \u00fc\u00e7\u00fcn m\u0259\u015fhur \\\"Aviator\\\" kimi q\u0259za oyunlar\u0131na bax\u0131\u015f. TOP variantlar\u0131 n\u0259z\u0259rd\u0259n ke\u00e7irin v\u0259 sizi yeni emosiyalar v\u0259 h\u0259y\u0259canla dolduracaq birini se\u00e7in v\u0259 \u0259g\u0259r Fortune \u0259lveri\u015flidirs\u0259, m\u00f6hk\u0259m q\u0259l\u0259b\u0259 il\u0259!\",\"breadcrumb\":{\"@id\":\"https:\/\/aviator-crash.org\/az\/pul-ucun-aviator-kimi-oyunlar\/#breadcrumb\"},\"inLanguage\":\"az\",\"potentialAction\":[{\"@type\":\"ReadAction\",\"target\":[\"https:\/\/aviator-crash.org\/az\/pul-ucun-aviator-kimi-oyunlar\/\"]}]},{\"@type\":\"BreadcrumbList\",\"@id\":\"https:\/\/aviator-crash.org\/az\/pul-ucun-aviator-kimi-oyunlar\/#breadcrumb\",\"itemListElement\":[{\"@type\":\"ListItem\",\"position\":1,\"name\":\"Home\",\"item\":\"https:\/\/aviator-crash.org\/az\/real-pul-ucun-aviator-online-oyun\/\"},{\"@type\":\"ListItem\",\"position\":2,\"name\":\"Pul \u00fc\u00e7\u00fcn Aviator kimi oyunlar\"}]},{\"@type\":\"WebSite\",\"@id\":\"https:\/\/aviator-crash.org\/az\/#website\",\"url\":\"https:\/\/aviator-crash.org\/az\/\",\"name\":\"\",\"description\":\"\",\"potentialAction\":[{\"@type\":\"SearchAction\",\"target\":{\"@type\":\"EntryPoint\",\"urlTemplate\":\"https:\/\/aviator-crash.org\/az\/?s={search_term_string}\"},\"query-input\":\"required name=search_term_string\"}],\"inLanguage\":\"az\"}]}<\/script>\n<!-- \/ Yoast SEO plugin. -->","yoast_head_json":{"title":"Aviator-da pul \u00fc\u00e7\u00fcn ox\u015far oyunlar (n\u00f6v\u00fc v\u0259 Aviatorun analoqlar\u0131)","description":"Pul \u00fc\u00e7\u00fcn m\u0259\u015fhur \"Aviator\" kimi q\u0259za oyunlar\u0131na bax\u0131\u015f. TOP variantlar\u0131 n\u0259z\u0259rd\u0259n ke\u00e7irin v\u0259 sizi yeni emosiyalar v\u0259 h\u0259y\u0259canla dolduracaq birini se\u00e7in v\u0259 \u0259g\u0259r Fortune \u0259lveri\u015flidirs\u0259, m\u00f6hk\u0259m q\u0259l\u0259b\u0259 il\u0259!","robots":{"index":"index","follow":"follow","max-snippet":"max-snippet:-1","max-image-preview":"max-image-preview:large","max-video-preview":"max-video-preview:-1"},"canonical":"https:\/\/aviator-crash.org\/az\/pul-ucun-aviator-kimi-oyunlar\/","og_locale":"az_AZ","og_type":"article","og_title":"Aviator-da pul \u00fc\u00e7\u00fcn ox\u015far oyunlar (n\u00f6v\u00fc v\u0259 Aviatorun analoqlar\u0131)","og_description":"Pul \u00fc\u00e7\u00fcn m\u0259\u015fhur \"Aviator\" kimi q\u0259za oyunlar\u0131na bax\u0131\u015f. TOP variantlar\u0131 n\u0259z\u0259rd\u0259n ke\u00e7irin v\u0259 sizi yeni emosiyalar v\u0259 h\u0259y\u0259canla dolduracaq birini se\u00e7in v\u0259 \u0259g\u0259r Fortune \u0259lveri\u015flidirs\u0259, m\u00f6hk\u0259m q\u0259l\u0259b\u0259 il\u0259!","og_url":"https:\/\/aviator-crash.org\/az\/pul-ucun-aviator-kimi-oyunlar\/","article_modified_time":"2024-02-02T17:52:56+00:00","twitter_card":"summary_large_image","twitter_misc":{"Est. reading time":"5 minutes"},"schema":{"@context":"https:\/\/schema.org","@graph":[{"@type":"WebPage","@id":"https:\/\/aviator-crash.org\/az\/pul-ucun-aviator-kimi-oyunlar\/","url":"https:\/\/aviator-crash.org\/az\/pul-ucun-aviator-kimi-oyunlar\/","name":"Aviator-da pul \u00fc\u00e7\u00fcn ox\u015far oyunlar (n\u00f6v\u00fc v\u0259 Aviatorun analoqlar\u0131)","isPartOf":{"@id":"https:\/\/aviator-crash.org\/az\/#website"},"datePublished":"2023-12-27T19:09:40+00:00","dateModified":"2024-02-02T17:52:56+00:00","description":"Pul \u00fc\u00e7\u00fcn m\u0259\u015fhur \"Aviator\" kimi q\u0259za oyunlar\u0131na bax\u0131\u015f. TOP variantlar\u0131 n\u0259z\u0259rd\u0259n ke\u00e7irin v\u0259 sizi yeni emosiyalar v\u0259 h\u0259y\u0259canla dolduracaq birini se\u00e7in v\u0259 \u0259g\u0259r Fortune \u0259lveri\u015flidirs\u0259, m\u00f6hk\u0259m q\u0259l\u0259b\u0259 il\u0259!","breadcrumb":{"@id":"https:\/\/aviator-crash.org\/az\/pul-ucun-aviator-kimi-oyunlar\/#breadcrumb"},"inLanguage":"az","potentialAction":[{"@type":"ReadAction","target":["https:\/\/aviator-crash.org\/az\/pul-ucun-aviator-kimi-oyunlar\/"]}]},{"@type":"BreadcrumbList","@id":"https:\/\/aviator-crash.org\/az\/pul-ucun-aviator-kimi-oyunlar\/#breadcrumb","itemListElement":[{"@type":"ListItem","position":1,"name":"Home","item":"https:\/\/aviator-crash.org\/az\/real-pul-ucun-aviator-online-oyun\/"},{"@type":"ListItem","position":2,"name":"Pul \u00fc\u00e7\u00fcn Aviator kimi oyunlar"}]},{"@type":"WebSite","@id":"https:\/\/aviator-crash.org\/az\/#website","url":"https:\/\/aviator-crash.org\/az\/","name":"","description":"","potentialAction":[{"@type":"SearchAction","target":{"@type":"EntryPoint","urlTemplate":"https:\/\/aviator-crash.org\/az\/?s={search_term_string}"},"query-input":"required name=search_term_string"}],"inLanguage":"az"}]}},"_links":{"self":[{"href":"https:\/\/aviator-crash.org\/az\/wp-json\/wp\/v2\/pages\/2479"}],"collection":[{"href":"https:\/\/aviator-crash.org\/az\/wp-json\/wp\/v2\/pages"}],"about":[{"href":"https:\/\/aviator-crash.org\/az\/wp-json\/wp\/v2\/types\/page"}],"author":[{"embeddable":true,"href":"https:\/\/aviator-crash.org\/az\/wp-json\/wp\/v2\/users\/2"}],"replies":[{"embeddable":true,"href":"https:\/\/aviator-crash.org\/az\/wp-json\/wp\/v2\/comments?post=2479"}],"version-history":[{"count":1,"href":"https:\/\/aviator-crash.org\/az\/wp-json\/wp\/v2\/pages\/2479\/revisions"}],"predecessor-version":[{"id":2480,"href":"https:\/\/aviator-crash.org\/az\/wp-json\/wp\/v2\/pages\/2479\/revisions\/2480"}],"wp:attachment":[{"href":"https:\/\/aviator-crash.org\/az\/wp-json\/wp\/v2\/media?parent=2479"}],"curies":[{"name":"wp","href":"https:\/\/api.w.org\/{rel}","templated":true}]}}