{"id":2511,"date":"2023-12-27T19:48:01","date_gmt":"2023-12-27T19:48:01","guid":{"rendered":"https:\/\/aviator-crash.org\/space-xy-slot-masini\/"},"modified":"2024-02-02T17:57:04","modified_gmt":"2024-02-02T17:57:04","slug":"space-xy-slot-masini","status":"publish","type":"page","link":"https:\/\/aviator-crash.org\/az\/space-xy-slot-masini\/","title":{"rendered":"Space XY slot ma\u015f\u0131n\u0131"},"content":{"rendered":"\n<figure class=\"wp-block-gallery has-nested-images columns-default is-cropped wp-block-gallery-1 is-layout-flex wp-block-gallery-is-layout-flex\">\n<figure class=\"wp-block-image size-large\"><span itemprop=\"image\" itemscope itemtype=\"https:\/\/schema.org\/ImageObject\"><img itemprop=\"url image\" loading=\"lazy\" decoding=\"async\" width=\"1024\" height=\"445\" data-id=\"469\" src=\"https:\/\/aviator-crash.org\/wp-content\/uploads\/2024\/01\/bgaming-game-release-1024x445.jpg\" alt=\"\" class=\"wp-image-469\" srcset=\"https:\/\/aviator-crash.org\/wp-content\/uploads\/2024\/01\/bgaming-game-release-1024x445.jpg 1024w, https:\/\/aviator-crash.org\/wp-content\/uploads\/2024\/01\/bgaming-game-release-300x131.jpg 300w, https:\/\/aviator-crash.org\/wp-content\/uploads\/2024\/01\/bgaming-game-release-768x334.jpg 768w, https:\/\/aviator-crash.org\/wp-content\/uploads\/2024\/01\/bgaming-game-release.jpg 1200w\" sizes=\"(max-width: 1024px) 100vw, 1024px\" \/><meta itemprop=\"width\" content=\"1024\"><meta itemprop=\"height\" content=\"445\"><\/span><\/figure>\n<\/figure>\n\n<p>H\u0259r ulduzun yeni bir mac\u0259ra oldu\u011fu v\u0259 h\u0259r qalaktikan\u0131n k\u0259\u015ffiyyat sah\u0259si oldu\u011fu Space XY d\u00fcnyas\u0131na xo\u015f g\u0259lmisiniz. Bu maraql\u0131 kosmik oyun oyun\u00e7ulara t\u0259kc\u0259 kainat\u0131n geni\u015f sah\u0259l\u0259rini ara\u015fd\u0131rmaq f\u00fcrs\u0259ti deyil, h\u0259m d\u0259 \u0259sl kosmik t\u0259dqiqat\u00e7\u0131lar olmaq imkan\u0131 verir. <\/p>\n\n<p>Space XY ilk saniy\u0259l\u0259rd\u0259n diqq\u0259ti c\u0259lb ed\u0259n bir oyundur. Android \u00fc\u00e7\u00fcn proqram\u0131 Odin Vin r\u0259smi bukmeker sayt\u0131nda y\u00fckl\u0259y\u0259 bil\u0259rsiniz. Burada \u0259n yax\u015f\u0131 s\u0259rg\u00fcz\u0259\u015ftl\u0259ri v\u0259 unudulmaz \u0259yl\u0259nc\u0259l\u0259ri tapa bil\u0259rsiniz. \u015e\u0259xsi hesab\u0131n\u0131za daxil olun, m\u0259rc edin v\u0259 Space XY-d\u0259 qazan\u0131n.   <\/p>\n\n<h2 class=\"wp-block-heading\">Space XY online oyununun \u00fcst\u00fcnl\u00fcy\u00fc<\/h2>\n\n<p>Space XY pilotluq bacar\u0131qlar\u0131n\u0131z\u0131 s\u0131naya bil\u0259c\u0259yiniz maraql\u0131 kosmik d\u00f6y\u00fc\u015fl\u0259r t\u0259klif ed\u0259n bir oyundur. Kosmik g\u0259minizi f\u0259rdil\u0259\u015fdirin, yadplanetlil\u0259rin t\u0259hdidl\u0259ri il\u0259 d\u00f6y\u00fc\u015f\u00fcn v\u0259 bu geni\u015f \u0259razid\u0259 taleyinizi t\u0259yin ed\u0259c\u0259k epik kosmik d\u00f6y\u00fc\u015fl\u0259rd\u0259 i\u015ftirak edin. <\/p>\n\n<p>Bu oyunun \u0259sas \u00fcst\u00fcnl\u00fckl\u0259ri aras\u0131nda a\u015fa\u011f\u0131dak\u0131lar\u0131 vur\u011fulama\u011fa d\u0259y\u0259r:<\/p>\n\n<ul>\n<li>D\u0259rin s\u00fcjet. Space XY yaln\u0131z kosmik s\u0259rg\u00fcz\u0259\u015ftl\u0259rd\u0259n ibar\u0259t deyil. Z\u0259ngin s\u00fcjet, m\u00fcr\u0259kk\u0259b tapmacalar v\u0259 vacib q\u0259rarlar se\u00e7iml\u0259rinizd\u0259n as\u0131l\u0131 olan unikal t\u0259cr\u00fcb\u0259 yarad\u0131r.  <\/li>\n\n\n\n<li>H\u0259r bir q\u0259rar oyunun gedi\u015fat\u0131na t\u0259sir edir. Buna g\u00f6r\u0259 qazanmaq v\u0259 m\u00fcmk\u00fcn q\u0259d\u0259r \u00e7ox xal qazanmaq \u00fc\u00e7\u00fcn Space XY-d\u0259 strategiyaya ehtiyac\u0131n\u0131z olacaq. <\/li>\n\n\n\n<li>F\u0259rdi f\u0259rdil\u0259\u015fdirm\u0259 imkan\u0131. Space XY-nin \u0259sas elementl\u0259rind\u0259n biri kosmik g\u0259minizi \u00f6z se\u00e7iml\u0259riniz\u0259 uy\u011funla\u015fd\u0131rmaq imkan\u0131d\u0131r. Unikal d\u0259yi\u015fiklikl\u0259r se\u00e7in, texnologiyan\u0131 t\u0259kmill\u0259\u015fdirin v\u0259 \u00fcslubunuzu v\u0259 strategiyan\u0131z\u0131 \u0259ks etdir\u0259c\u0259k g\u0259mi yarad\u0131n.  <\/li>\n\n\n\n<li>Qalaktik s\u0259yah\u0259t. Space XY siz\u0259 h\u0259r biri heyr\u0259tamiz d\u00fcnyalar, sirli artefaktlar v\u0259 t\u0259hl\u00fck\u0259li mac\u0259ralarla dolu bir \u00e7ox qalaktikalar a\u00e7\u0131r. K\u0259\u015ff olunmam\u0131\u015f planetl\u0259ri ara\u015fd\u0131r\u0131n, m\u00fcxt\u0259lif yar\u0131\u015flarla tan\u0131\u015f olun v\u0259 maraql\u0131 kosmik hekay\u0259l\u0259rd\u0259 i\u015ftirak edin. Hekay\u0259y\u0259 dalma\u011fa ba\u015flamaq \u00fc\u00e7\u00fcn siz\u0259 laz\u0131m olan t\u0259k \u015fey Space XY-ni oyunu nec\u0259 qura\u015fd\u0131rma\u011f\u0131 ba\u015fa d\u00fc\u015fm\u0259kdir.   <\/li>\n\n\n\n<li>H\u0259ft\u0259lik t\u0259dbirl\u0259r v\u0259 missiyalar. Onlayn oyun daim yeni hadis\u0259l\u0259r, missiyalar v\u0259 \u00e7a\u011f\u0131r\u0131\u015flarla yenil\u0259nir, bu da siz\u0259 h\u0259mi\u015f\u0259 nail olmaq \u00fc\u00e7\u00fcn yeni m\u0259qs\u0259dl\u0259r tapma\u011fa imkan verir. H\u0259ft\u0259lik t\u0259dbirl\u0259rd\u0259 i\u015ftirak edin, m\u00fckafatlar u\u011frunda yar\u0131\u015f\u0131n v\u0259 h\u0259r h\u0259ft\u0259 siz\u0259 t\u0259qdim olunan unikal imkanlara heyran olun.  <\/li>\n<\/ul>\n\n<h2 class=\"wp-block-heading\">Space XY nec\u0259 oynamaq olar<\/h2>\n\n<p>Space XY-d\u0259 kosmik mac\u0259ran\u0131za ba\u015flamaq \u00fc\u00e7\u00fcn ilk add\u0131m oyunu qura\u015fd\u0131rmaqd\u0131r. Bundan sonra siz \u00f6z hesab\u0131n\u0131z\u0131 yaratmal\u0131 olacaqs\u0131n\u0131z ki, bu da sizin t\u0259r\u0259qqinizin v\u0259 onlayn imkanlar\u0131n\u0131z\u0131n saxlanmas\u0131n\u0131 t\u0259min ed\u0259c\u0259k. Qeydiyyatdan ke\u00e7dikd\u0259n sonra kosmik g\u0259minizi unikal dizayn v\u0259 t\u0259kmill\u0259\u015fdirm\u0259l\u0259rl\u0259 f\u0259rdil\u0259\u015fdirin. Space XY d\u00fcnyas\u0131na q\u0259rq olun, qalaktikalar\u0131 ara\u015fd\u0131r\u0131n, m\u00fcxt\u0259lif d\u00fcnyalarla \u0259laq\u0259 qurun v\u0259 Space XY-ni endir\u0259r\u0259k missiyalar\u0131 tamamlay\u0131n.   <\/p>\n\n<p>Kosmik d\u00f6y\u00fc\u015fl\u0259r oyunun \u0259sas aspektidir. Strateji bacar\u0131qlar\u0131n\u0131zdan istifad\u0259 ed\u0259r\u0259k real vaxt rejimind\u0259 yadplanetli t\u0259hl\u00fck\u0259l\u0259r\u0259 v\u0259 dig\u0259r oyun\u00e7ulara meydan oxuyun. M\u00fckafatlar v\u0259 t\u0259kmill\u0259\u015fdirm\u0259l\u0259r almaq \u00fc\u00e7\u00fcn t\u0259dbirl\u0259rd\u0259 v\u0259 missiyalarda i\u015ftirak edin. Dig\u0259r oyun\u00e7ularla \u00fcnsiyy\u0259t d\u0259 vacibdir &#8211; ittifaqlar yaratmaq, t\u0259cr\u00fcb\u0259 v\u0259 strategiyalar m\u00fcbadil\u0259si.   <\/p>\n\n<p>\u00dcmumilikd\u0259, \u00f6z\u00fcn\u00fcz\u00fc Space XY-\u0259 q\u0259rq etm\u0259k \u00fc\u00e7\u00fcn k\u0259\u015ffiyyat, d\u00f6y\u00fc\u015f v\u0259 k\u0259\u015ffinizi g\u00f6zl\u0259y\u0259n kosmik d\u00fcnya il\u0259 qar\u015f\u0131l\u0131ql\u0131 \u0259laq\u0259 t\u0259l\u0259b olunur.<\/p>\n\n<h2 class=\"wp-block-heading\">Space XY-d\u0259 nec\u0259 qalib g\u0259lm\u0259k olar<\/h2>\n\n<p>Space XY d\u00fcnyas\u0131nda u\u011furlu oyunun a\u00e7ar\u0131 kainat\u0131 d\u0259rind\u0259n ara\u015fd\u0131rmaq v\u0259 m\u00fcxt\u0259lif \u00e7a\u011f\u0131r\u0131\u015flara \u00e7evik uy\u011funla\u015fmad\u0131r. Kosmik g\u0259minizi t\u0259kmill\u0259\u015fdirin, onu m\u00f6vcud v\u0259ziyy\u0259tin unikal ehtiyaclar\u0131na v\u0259 t\u0259l\u0259bl\u0259rin\u0259 uy\u011funla\u015fd\u0131r\u0131n. Space XY bonuslar\u0131 is\u0259 qazanmaq \u015fans\u0131n\u0131z\u0131 art\u0131rma\u011fa imkan ver\u0259c\u0259k.  <\/p>\n\n<p>D\u00f6y\u00fc\u015f dinamikas\u0131na v\u0259 xarici amill\u0259r\u0259 diqq\u0259t yetir\u0259r\u0259k, kosmik d\u00f6y\u00fc\u015fl\u0259r\u0259 strateji yana\u015f\u0131n. Dig\u0259r oyun\u00e7ular\u0131n davran\u0131\u015flar\u0131n\u0131 m\u00fc\u015fahid\u0259 edin v\u0259 taktikan\u0131z\u0131 onlar\u0131n h\u0259r\u0259k\u0259tl\u0259rin\u0259 uy\u011funla\u015fd\u0131r\u0131n. Space XY strategiyas\u0131 u\u011furlu oyun \u00fc\u00e7\u00fcn laz\u0131m olan \u0259sas c\u0259h\u0259tdir.  <\/p>\n\n<p>G\u0259miniz \u00fc\u00e7\u00fcn qiym\u0259tli resurslar v\u0259 t\u0259kmill\u0259\u015fdirm\u0259l\u0259r \u0259ld\u0259 etm\u0259k imkan\u0131 ver\u0259n t\u0259dbirl\u0259rd\u0259 v\u0259 missiyalarda f\u0259al i\u015ftirak edin. Ancaq unutmay\u0131n ki, h\u0259r\u0259k\u0259tl\u0259riniz v\u0259 q\u0259rarlar\u0131n\u0131z oyunun gedi\u015fat\u0131na v\u0259 dig\u0259r oyun\u00e7ularla qar\u015f\u0131l\u0131ql\u0131 \u0259laq\u0259y\u0259 t\u0259sir ed\u0259 bil\u0259r. <\/p>\n\n<h2 class=\"wp-block-heading\">Space XY-d\u0259 oyun qaydalar\u0131<\/h2>\n\n<p>Space XY d\u00fcnyas\u0131nda, kosmik s\u0259rg\u00fcz\u0259\u015ftl\u0259rinizd\u0259 u\u011furla naviqasiyan\u0131za v\u0259 u\u011fur qazanma\u011f\u0131n\u0131za k\u00f6m\u0259k ed\u0259c\u0259k bir ne\u00e7\u0259 \u0259sas qaydalar var. Space XY oynama\u011fa ba\u015flamazdan \u0259vv\u0259l bunlar\u0131 \u00f6yr\u0259nm\u0259lisiniz: <\/p>\n\n<ol>\n<li>M\u00fcxt\u0259lif qalaktikalar\u0131, planetl\u0259ri v\u0259 asteroidl\u0259ri ara\u015fd\u0131r\u0131n.<\/li>\n\n\n\n<li>G\u0259minizi t\u0259kmill\u0259\u015fdirin, taktika haz\u0131rlay\u0131n v\u0259 maraqlar\u0131n\u0131z\u0131 qorumaq \u00fc\u00e7\u00fcn kosmik duell\u0259rd\u0259 i\u015ftirak edin.<\/li>\n\n\n\n<li>Resurslar\u0131 \u0259ld\u0259 edin, onlar\u0131 emal edin v\u0259 g\u0259minizi t\u0259kmill\u0259\u015fdirm\u0259k, bazalar qurmaq, t\u0259dqiqat v\u0259 ticar\u0259t etm\u0259k \u00fc\u00e7\u00fcn istifad\u0259 edin.<\/li>\n\n\n\n<li>Unikal m\u00fckafatlar almaq v\u0259 oyunda imkanlar\u0131n\u0131z\u0131 geni\u015fl\u0259ndirm\u0259k \u00fc\u00e7\u00fcn t\u0259dbirl\u0259rd\u0259 v\u0259 missiyalarda f\u0259al i\u015ftirak edin.<\/li>\n\n\n\n<li>G\u0259minizi v\u0259 baza m\u00fcdafi\u0259nizi t\u0259kmill\u0259\u015fdirm\u0259k \u00fc\u00e7\u00fcn yeni texnologiyalar ara\u015fd\u0131r\u0131n.<\/li>\n\n\n\n<li>\u00dcmumi m\u0259qs\u0259dl\u0259r u\u011frunda m\u00fcbariz\u0259d\u0259 g\u00fccl\u0259ri birl\u0259\u015fdirm\u0259k v\u0259 Space XY oyununda nec\u0259 qalib g\u0259lm\u0259k \u00fc\u00e7\u00fcn strategiyalar haz\u0131rlamaq \u00fc\u00e7\u00fcn dig\u0259r oyun\u00e7ularla ittifaqlar yarad\u0131n.<\/li>\n\n\n\n<li>Yar\u0131\u015flarda i\u015ftirak edin v\u0259 t\u0259r\u0259qqinizi \u00f6l\u00e7m\u0259k v\u0259 nailiyy\u0259tl\u0259rinizi dig\u0259r oyun\u00e7ularla m\u00fcqayis\u0259 etm\u0259k \u00fc\u00e7\u00fcn reytinql\u0259ri izl\u0259yin.<\/li>\n<\/ol>\n\n<p>Bu qaydalara riay\u0259t etm\u0259k siz\u0259 Space XY-d\u0259 kosmik t\u0259cr\u00fcb\u0259d\u0259n tam h\u0259zz alma\u011fa v\u0259 kosmosun geni\u015fliyind\u0259 u\u011fur qazanma\u011fa k\u00f6m\u0259k ed\u0259c\u0259k.<\/p>\n\n<h2 class=\"wp-block-heading\">Promo kodlar\u0131<\/h2>\n\n<p>G\u00fcncel kodlar\u0131 \u0259ld\u0259 etm\u0259yin \u0259n yax\u015f\u0131 yolu oyunun r\u0259smi \u0259laq\u0259 kanallar\u0131n\u0131 izl\u0259m\u0259kdir. Bu, r\u0259smi veb sayt, sosial media, forumlar v\u0259 ya e-po\u00e7t siyah\u0131s\u0131 ola bil\u0259r. Space XY kimi bir oyunda promo kodlar oyun\u00e7ulara m\u00fcxt\u0259lif bonuslar v\u0259 \u00fcst\u00fcnl\u00fckl\u0259r verm\u0259k \u00fc\u00e7\u00fcn istifad\u0259 olunur.  <\/p>\n\n<p>Promosyon kodlar\u0131 kreditl\u0259r, enerji v\u0259 ya dig\u0259r oyundaxili valyutalar kimi pulsuz resurslar\u0131 t\u0259min ed\u0259 bil\u0259r. B\u0259zi se\u00e7iml\u0259r kosmik g\u0259mil\u0259r, bazalar v\u0259 dig\u0259r oyun elementl\u0259ri \u00fc\u00e7\u00fcn unikal t\u0259kmill\u0259\u015fdirm\u0259l\u0259r\u0259 v\u0259 ya t\u0259kmill\u0259\u015fdirm\u0259l\u0259r\u0259 giri\u015fi t\u0259min edir. Space XY icmallar\u0131nda siz bu c\u00fcr bonuslardan d\u00fczg\u00fcn istifad\u0259 etm\u0259k \u00fc\u00e7\u00fcn \u00e7oxlu m\u0259sl\u0259h\u0259tl\u0259r tapa bil\u0259rsiniz.  <\/p>\n\n<p>Promosyon kodlar\u0131 x\u00fcsusi t\u0259dbirl\u0259rin, m\u00fcsabiq\u0259l\u0259rin v\u0259 ya promosyonlar\u0131n bir hiss\u0259si kimi paylana bil\u0259r, oyun\u00e7ular\u0131 m\u00fcxt\u0259lif f\u0259aliyy\u0259tl\u0259rd\u0259 i\u015ftirak etm\u0259y\u0259 h\u0259v\u0259sl\u0259ndirir.<\/p>\n\n<h2 class=\"wp-block-heading\">R\u0259yl\u0259r<\/h2>\n\n<p>Bu proqram\u0131n geni\u015f populyarl\u0131\u011f\u0131n\u0131 t\u0259sdiql\u0259y\u0259n b\u0259zi istifad\u0259\u00e7i r\u0259yl\u0259ri:<\/p>\n","protected":false},"excerpt":{"rendered":"<p>H\u0259r ulduzun yeni bir mac\u0259ra oldu\u011fu v\u0259 h\u0259r qalaktikan\u0131n k\u0259\u015ffiyyat sah\u0259si oldu\u011fu Space XY d\u00fcnyas\u0131na xo\u015f g\u0259lmisiniz. Bu maraql\u0131 kosmik oyun oyun\u00e7ulara t\u0259kc\u0259 kainat\u0131n geni\u015f sah\u0259l\u0259rini ara\u015fd\u0131rmaq f\u00fcrs\u0259ti deyil, h\u0259m d\u0259 \u0259sl kosmik t\u0259dqiqat\u00e7\u0131lar olmaq imkan\u0131 verir. Space XY ilk saniy\u0259l\u0259rd\u0259n diqq\u0259ti c\u0259lb ed\u0259n bir oyundur. Android \u00fc\u00e7\u00fcn proqram\u0131 Odin Vin r\u0259smi bukmeker sayt\u0131nda y\u00fckl\u0259y\u0259 [&hellip;]<\/p>\n","protected":false},"author":2,"featured_media":0,"parent":0,"menu_order":0,"comment_status":"open","ping_status":"closed","template":"","meta":{"footnotes":""},"yoast_head":"<!-- This site is optimized with the Yoast SEO plugin v21.7 - https:\/\/yoast.com\/wordpress\/plugins\/seo\/ -->\n<title>Kazinoda Space XY oyunu, y\u00fckl\u0259yin<\/title>\n<meta name=\"description\" content=\"H\u0259y\u0259can v\u0259 y\u00fcks\u0259k riskl\u0259ri sev\u0259nl\u0259r \u00fc\u00e7\u00fcn maraql\u0131 oyun. Space XY kazino oyununu y\u00fckl\u0259yin v\u0259 oyun prosesind\u0259n h\u0259zz al\u0131n. Risk v\u0259 unudulmaz s\u0259rg\u00fcz\u0259\u015ftl\u0259r d\u00fcnyas\u0131na q\u0259rq olun. Qazanmaq \u00fc\u00e7\u00fcn oyunun qaydalar\u0131n\u0131 v\u0259 x\u00fcsusiyy\u0259tl\u0259rini diqq\u0259tl\u0259 \u00f6yr\u0259nin.\" \/>\n<meta name=\"robots\" content=\"index, follow, max-snippet:-1, max-image-preview:large, max-video-preview:-1\" \/>\n<link rel=\"canonical\" href=\"https:\/\/aviator-crash.org\/az\/space-xy-slot-masini\/\" \/>\n<meta property=\"og:locale\" content=\"az_AZ\" \/>\n<meta property=\"og:type\" content=\"article\" \/>\n<meta property=\"og:title\" content=\"Kazinoda Space XY oyunu, y\u00fckl\u0259yin\" \/>\n<meta property=\"og:description\" content=\"H\u0259y\u0259can v\u0259 y\u00fcks\u0259k riskl\u0259ri sev\u0259nl\u0259r \u00fc\u00e7\u00fcn maraql\u0131 oyun. Space XY kazino oyununu y\u00fckl\u0259yin v\u0259 oyun prosesind\u0259n h\u0259zz al\u0131n. Risk v\u0259 unudulmaz s\u0259rg\u00fcz\u0259\u015ftl\u0259r d\u00fcnyas\u0131na q\u0259rq olun. Qazanmaq \u00fc\u00e7\u00fcn oyunun qaydalar\u0131n\u0131 v\u0259 x\u00fcsusiyy\u0259tl\u0259rini diqq\u0259tl\u0259 \u00f6yr\u0259nin.\" \/>\n<meta property=\"og:url\" content=\"https:\/\/aviator-crash.org\/az\/space-xy-slot-masini\/\" \/>\n<meta property=\"article:modified_time\" content=\"2024-02-02T17:57:04+00:00\" \/>\n<meta property=\"og:image\" content=\"https:\/\/aviator-crash.org\/wp-content\/uploads\/2024\/01\/bgaming-game-release-1024x445.jpg\" \/>\n<meta name=\"twitter:card\" content=\"summary_large_image\" \/>\n<meta name=\"twitter:label1\" content=\"Est. reading time\" \/>\n\t<meta name=\"twitter:data1\" content=\"7 minutes\" \/>\n<script type=\"application\/ld+json\" class=\"yoast-schema-graph\">{\"@context\":\"https:\/\/schema.org\",\"@graph\":[{\"@type\":\"WebPage\",\"@id\":\"https:\/\/aviator-crash.org\/az\/space-xy-slot-masini\/\",\"url\":\"https:\/\/aviator-crash.org\/az\/space-xy-slot-masini\/\",\"name\":\"Kazinoda Space XY oyunu, y\u00fckl\u0259yin\",\"isPartOf\":{\"@id\":\"https:\/\/aviator-crash.org\/az\/#website\"},\"datePublished\":\"2023-12-27T19:48:01+00:00\",\"dateModified\":\"2024-02-02T17:57:04+00:00\",\"description\":\"H\u0259y\u0259can v\u0259 y\u00fcks\u0259k riskl\u0259ri sev\u0259nl\u0259r \u00fc\u00e7\u00fcn maraql\u0131 oyun. Space XY kazino oyununu y\u00fckl\u0259yin v\u0259 oyun prosesind\u0259n h\u0259zz al\u0131n. Risk v\u0259 unudulmaz s\u0259rg\u00fcz\u0259\u015ftl\u0259r d\u00fcnyas\u0131na q\u0259rq olun. Qazanmaq \u00fc\u00e7\u00fcn oyunun qaydalar\u0131n\u0131 v\u0259 x\u00fcsusiyy\u0259tl\u0259rini diqq\u0259tl\u0259 \u00f6yr\u0259nin.\",\"breadcrumb\":{\"@id\":\"https:\/\/aviator-crash.org\/az\/space-xy-slot-masini\/#breadcrumb\"},\"inLanguage\":\"az\",\"potentialAction\":[{\"@type\":\"ReadAction\",\"target\":[\"https:\/\/aviator-crash.org\/az\/space-xy-slot-masini\/\"]}]},{\"@type\":\"BreadcrumbList\",\"@id\":\"https:\/\/aviator-crash.org\/az\/space-xy-slot-masini\/#breadcrumb\",\"itemListElement\":[{\"@type\":\"ListItem\",\"position\":1,\"name\":\"Home\",\"item\":\"https:\/\/aviator-crash.org\/az\/real-pul-ucun-aviator-online-oyun\/\"},{\"@type\":\"ListItem\",\"position\":2,\"name\":\"Space XY slot ma\u015f\u0131n\u0131\"}]},{\"@type\":\"WebSite\",\"@id\":\"https:\/\/aviator-crash.org\/az\/#website\",\"url\":\"https:\/\/aviator-crash.org\/az\/\",\"name\":\"\",\"description\":\"\",\"potentialAction\":[{\"@type\":\"SearchAction\",\"target\":{\"@type\":\"EntryPoint\",\"urlTemplate\":\"https:\/\/aviator-crash.org\/az\/?s={search_term_string}\"},\"query-input\":\"required name=search_term_string\"}],\"inLanguage\":\"az\"}]}<\/script>\n<!-- \/ Yoast SEO plugin. -->","yoast_head_json":{"title":"Kazinoda Space XY oyunu, y\u00fckl\u0259yin","description":"H\u0259y\u0259can v\u0259 y\u00fcks\u0259k riskl\u0259ri sev\u0259nl\u0259r \u00fc\u00e7\u00fcn maraql\u0131 oyun. Space XY kazino oyununu y\u00fckl\u0259yin v\u0259 oyun prosesind\u0259n h\u0259zz al\u0131n. Risk v\u0259 unudulmaz s\u0259rg\u00fcz\u0259\u015ftl\u0259r d\u00fcnyas\u0131na q\u0259rq olun. Qazanmaq \u00fc\u00e7\u00fcn oyunun qaydalar\u0131n\u0131 v\u0259 x\u00fcsusiyy\u0259tl\u0259rini diqq\u0259tl\u0259 \u00f6yr\u0259nin.","robots":{"index":"index","follow":"follow","max-snippet":"max-snippet:-1","max-image-preview":"max-image-preview:large","max-video-preview":"max-video-preview:-1"},"canonical":"https:\/\/aviator-crash.org\/az\/space-xy-slot-masini\/","og_locale":"az_AZ","og_type":"article","og_title":"Kazinoda Space XY oyunu, y\u00fckl\u0259yin","og_description":"H\u0259y\u0259can v\u0259 y\u00fcks\u0259k riskl\u0259ri sev\u0259nl\u0259r \u00fc\u00e7\u00fcn maraql\u0131 oyun. Space XY kazino oyununu y\u00fckl\u0259yin v\u0259 oyun prosesind\u0259n h\u0259zz al\u0131n. Risk v\u0259 unudulmaz s\u0259rg\u00fcz\u0259\u015ftl\u0259r d\u00fcnyas\u0131na q\u0259rq olun. Qazanmaq \u00fc\u00e7\u00fcn oyunun qaydalar\u0131n\u0131 v\u0259 x\u00fcsusiyy\u0259tl\u0259rini diqq\u0259tl\u0259 \u00f6yr\u0259nin.","og_url":"https:\/\/aviator-crash.org\/az\/space-xy-slot-masini\/","article_modified_time":"2024-02-02T17:57:04+00:00","og_image":[{"url":"https:\/\/aviator-crash.org\/wp-content\/uploads\/2024\/01\/bgaming-game-release-1024x445.jpg"}],"twitter_card":"summary_large_image","twitter_misc":{"Est. reading time":"7 minutes"},"schema":{"@context":"https:\/\/schema.org","@graph":[{"@type":"WebPage","@id":"https:\/\/aviator-crash.org\/az\/space-xy-slot-masini\/","url":"https:\/\/aviator-crash.org\/az\/space-xy-slot-masini\/","name":"Kazinoda Space XY oyunu, y\u00fckl\u0259yin","isPartOf":{"@id":"https:\/\/aviator-crash.org\/az\/#website"},"datePublished":"2023-12-27T19:48:01+00:00","dateModified":"2024-02-02T17:57:04+00:00","description":"H\u0259y\u0259can v\u0259 y\u00fcks\u0259k riskl\u0259ri sev\u0259nl\u0259r \u00fc\u00e7\u00fcn maraql\u0131 oyun. Space XY kazino oyununu y\u00fckl\u0259yin v\u0259 oyun prosesind\u0259n h\u0259zz al\u0131n. Risk v\u0259 unudulmaz s\u0259rg\u00fcz\u0259\u015ftl\u0259r d\u00fcnyas\u0131na q\u0259rq olun. Qazanmaq \u00fc\u00e7\u00fcn oyunun qaydalar\u0131n\u0131 v\u0259 x\u00fcsusiyy\u0259tl\u0259rini diqq\u0259tl\u0259 \u00f6yr\u0259nin.","breadcrumb":{"@id":"https:\/\/aviator-crash.org\/az\/space-xy-slot-masini\/#breadcrumb"},"inLanguage":"az","potentialAction":[{"@type":"ReadAction","target":["https:\/\/aviator-crash.org\/az\/space-xy-slot-masini\/"]}]},{"@type":"BreadcrumbList","@id":"https:\/\/aviator-crash.org\/az\/space-xy-slot-masini\/#breadcrumb","itemListElement":[{"@type":"ListItem","position":1,"name":"Home","item":"https:\/\/aviator-crash.org\/az\/real-pul-ucun-aviator-online-oyun\/"},{"@type":"ListItem","position":2,"name":"Space XY slot ma\u015f\u0131n\u0131"}]},{"@type":"WebSite","@id":"https:\/\/aviator-crash.org\/az\/#website","url":"https:\/\/aviator-crash.org\/az\/","name":"","description":"","potentialAction":[{"@type":"SearchAction","target":{"@type":"EntryPoint","urlTemplate":"https:\/\/aviator-crash.org\/az\/?s={search_term_string}"},"query-input":"required name=search_term_string"}],"inLanguage":"az"}]}},"_links":{"self":[{"href":"https:\/\/aviator-crash.org\/az\/wp-json\/wp\/v2\/pages\/2511"}],"collection":[{"href":"https:\/\/aviator-crash.org\/az\/wp-json\/wp\/v2\/pages"}],"about":[{"href":"https:\/\/aviator-crash.org\/az\/wp-json\/wp\/v2\/types\/page"}],"author":[{"embeddable":true,"href":"https:\/\/aviator-crash.org\/az\/wp-json\/wp\/v2\/users\/2"}],"replies":[{"embeddable":true,"href":"https:\/\/aviator-crash.org\/az\/wp-json\/wp\/v2\/comments?post=2511"}],"version-history":[{"count":1,"href":"https:\/\/aviator-crash.org\/az\/wp-json\/wp\/v2\/pages\/2511\/revisions"}],"predecessor-version":[{"id":2513,"href":"https:\/\/aviator-crash.org\/az\/wp-json\/wp\/v2\/pages\/2511\/revisions\/2513"}],"wp:attachment":[{"href":"https:\/\/aviator-crash.org\/az\/wp-json\/wp\/v2\/media?parent=2511"}],"curies":[{"name":"wp","href":"https:\/\/api.w.org\/{rel}","templated":true}]}}