{"id":2559,"date":"2023-12-27T19:40:59","date_gmt":"2023-12-27T19:40:59","guid":{"rendered":"https:\/\/aviator-crash.org\/rocket-x-oynayin\/"},"modified":"2024-02-02T18:01:14","modified_gmt":"2024-02-02T18:01:14","slug":"rocket-x-oynayin","status":"publish","type":"page","link":"https:\/\/aviator-crash.org\/az\/rocket-x-oynayin\/","title":{"rendered":"Rocket X oynay\u0131n"},"content":{"rendered":"\n<figure class=\"wp-block-gallery has-nested-images columns-default is-cropped wp-block-gallery-1 is-layout-flex wp-block-gallery-is-layout-flex\">\n<figure class=\"wp-block-image size-large\"><span itemprop=\"image\" itemscope itemtype=\"https:\/\/schema.org\/ImageObject\"><img itemprop=\"url image\" loading=\"lazy\" decoding=\"async\" width=\"1024\" height=\"761\" data-id=\"472\" src=\"https:\/\/aviator-crash.org\/wp-content\/uploads\/2024\/01\/rocket-x-1024x761.webp\" alt=\"\" class=\"wp-image-472\" srcset=\"https:\/\/aviator-crash.org\/wp-content\/uploads\/2024\/01\/rocket-x-1024x761.webp 1024w, https:\/\/aviator-crash.org\/wp-content\/uploads\/2024\/01\/rocket-x-300x223.webp 300w, https:\/\/aviator-crash.org\/wp-content\/uploads\/2024\/01\/rocket-x-768x571.webp 768w, https:\/\/aviator-crash.org\/wp-content\/uploads\/2024\/01\/rocket-x.webp 1200w\" sizes=\"(max-width: 1024px) 100vw, 1024px\" \/><meta itemprop=\"width\" content=\"1024\"><meta itemprop=\"height\" content=\"761\"><\/span><\/figure>\n<\/figure>\n\n<p>\u00c7ox oyun\u00e7u Rocket X oyunu sizi maraql\u0131 mac\u0259raya q\u0259rq olma\u011fa v\u0259 real pul qazanma\u011fa d\u0259v\u0259t edir. Siz onu h\u0259r hans\u0131 bir cihaz\u0131n\u0131za pulsuz y\u00fckl\u0259y\u0259 v\u0259 h\u0259m t\u0259k, h\u0259m d\u0259 dostlar\u0131n\u0131z v\u0259 dig\u0259r oyun\u00e7ular\u0131n\u0131zla birlikd\u0259 m\u00f6ht\u0259\u015f\u0259m oyundan h\u0259zz ala bil\u0259rsiniz. Bunun \u00fc\u00e7\u00fcn Odin Vin r\u0259smi bukmeker portal\u0131na daxil olmaq v\u0259 Android \u00fc\u00e7\u00fcn Rocket X oyununu pulsuz y\u00fckl\u0259m\u0259k kifay\u0259tdir. Oyuna ba\u015flamaq \u00fc\u00e7\u00fcn qeydiyyatdan ke\u00e7\u0259r\u0259k v\u0259 ya daxil olmaqla \u015f\u0259xsi hesab\u0131n\u0131za daxil olun. Bu, yaln\u0131z bir ne\u00e7\u0259 d\u0259qiq\u0259 \u00e7\u0259k\u0259c\u0259k, ancaq siz d\u0259rhal oynama\u011fa ba\u015flaya v\u0259 prosesd\u0259n h\u0259zz ala bil\u0259rsiniz.    <\/p>\n\n<h2 class=\"wp-block-heading\"><strong>Rocket X-i onlayn oynama\u011f\u0131n \u00fcst\u00fcnl\u00fckl\u0259ri<\/strong><\/h2>\n\n<p>M\u00fcasir d\u00fcnyada qumara b\u00f6y\u00fck t\u0259l\u0259bat var. Onlar siz\u0259 \u0259la vaxt ke\u00e7irm\u0259y\u0259 v\u0259 h\u0259m\u00e7inin evd\u0259n \u00e7\u0131xmadan dem\u0259k olar ki, ist\u0259nil\u0259n m\u0259bl\u0259\u011fd\u0259 pul qazanma\u011fa imkan verir. \u00d6z n\u00f6vb\u0259sind\u0259, Rocket X \u00f6z n\u00f6v\u00fcn\u00fcn \u0259n populyarlar\u0131ndan biri hesab olunur. Bu oyunun bir \u00e7ox \u00fcst\u00fcnl\u00fckl\u0259ri var, o c\u00fcml\u0259d\u0259n a\u015fa\u011f\u0131dak\u0131lar:   <\/p>\n\n<ul>\n<li>Rocket X r\u0259yl\u0259ri son d\u0259r\u0259c\u0259 m\u00fcsb\u0259tdir, bu da bu t\u0259tbiqin d\u00fcnyan\u0131n h\u0259r yerind\u0259n oyun\u00e7ular aras\u0131nda olduqca populyar oldu\u011funu g\u00f6st\u0259rir.<\/li>\n\n\n\n<li>\u00c7ox oyun\u00e7u rejimi. Dostlar\u0131n\u0131z v\u0259 ya d\u00fcnyan\u0131n h\u0259r yerind\u0259n olan dig\u0259r istifad\u0259\u00e7il\u0259rl\u0259 prosesd\u0259n h\u0259zz alaraq real vaxt rejimind\u0259 oynamaq imkan\u0131. <\/li>\n\n\n\n<li>Dinamik yar\u0131\u015f. Oyun m\u00fcxt\u0259lif trekl\u0259r v\u0259 mane\u0259l\u0259rl\u0259 s\u00fcr\u0259tli v\u0259 dinamik yar\u0131\u015fa y\u00f6n\u0259ldi. <\/li>\n\n\n\n<li>Unikal yerl\u0259r. Yar\u0131\u015f \u00fc\u00e7\u00fcn m\u00fcxt\u0259lif \u015f\u0259rtl\u0259r t\u0259klif ed\u0259n m\u00fcxt\u0259lif v\u0259 r\u0259ngar\u0259ng oyun yerl\u0259ri. <\/li>\n\n\n\n<li>Hiyl\u0259l\u0259r v\u0259 t\u0259kmill\u0259\u015fdirm\u0259l\u0259r. F\u0259ndl\u0259r yerin\u0259 yetirm\u0259k v\u0259 m\u00fcxt\u0259lif t\u0259kmill\u0259\u015fdirm\u0259l\u0259rl\u0259 u\u00e7an ma\u015f\u0131n\u0131n\u0131z\u0131 t\u0259kmill\u0259\u015fdirm\u0259k imkan\u0131. Siz\u0259 laz\u0131m olan sad\u0259c\u0259 Rocket X-i cihaz\u0131n\u0131za y\u00fckl\u0259m\u0259k v\u0259 qeydiyyatdan ke\u00e7m\u0259kdir.  <\/li>\n\n\n\n<li>T\u0259r\u0259qqi sistemi. Oyunda ir\u0259lil\u0259dikc\u0259 yeni s\u0259viyy\u0259l\u0259rin, n\u0259qliyyat vasit\u0259l\u0259rinin v\u0259 dig\u0259r m\u0259zmunun kilidini a\u00e7an yax\u015f\u0131 d\u00fc\u015f\u00fcn\u00fclm\u00fc\u015f inki\u015faf sistemi. <\/li>\n\n\n\n<li>\u00c7oxlu sayda bonuslar\u0131n olmas\u0131. S\u0259viyy\u0259l\u0259ri u\u011furla ba\u015fa vurmaq v\u0259 ya x\u00fcsusi tap\u015f\u0131r\u0131qlar\u0131 yerin\u0259 yetirm\u0259k \u00fc\u00e7\u00fcn bonuslar, nailiyy\u0259tl\u0259r v\u0259 dig\u0259r m\u00fckafatlar almaq imkan\u0131. <\/li>\n\n\n\n<li>\u018fla qrafika v\u0259 heyr\u0259tamiz s\u0259s. T\u0259sirli vizual v\u0259 audio atmosfer yaratmaq \u00fc\u00e7\u00fcn y\u00fcks\u0259k keyfiyy\u0259tli qrafika v\u0259 s\u0259s. <\/li>\n<\/ul>\n\n<p>\u00c7oxsayl\u0131 \u00fcst\u00fcnl\u00fckl\u0259r bu oyunu qumar proqramlar\u0131n\u0131n p\u0259r\u0259sti\u015fkarlar\u0131 aras\u0131nda olduqca populyar edir. Rocket X oyun r\u0259yl\u0259ri \u0259sas\u0259n m\u00fcsb\u0259tdir, bu da yuxar\u0131dak\u0131 fakt\u0131 bir daha t\u0259sdiql\u0259yir. \u018fla vaxt ke\u00e7irm\u0259k ist\u0259yirsinizs\u0259, bu proqram \u0259n yax\u015f\u0131 se\u00e7imdir.  <\/p>\n\n<h2 class=\"wp-block-heading\">Rocket X nec\u0259 oynamaq olar<\/h2>\n\n<p>Bu oyunun ba\u015fqa bir \u00fcst\u00fcnl\u00fcy\u00fc ondan ibar\u0259tdir ki, onun tamamil\u0259 h\u0259r k\u0259sin tez ba\u015fa d\u00fc\u015f\u0259 bil\u0259c\u0259yi sad\u0259 v\u0259 ayd\u0131n qaydalar\u0131 var. Etm\u0259li oldu\u011funuz ilk \u015fey qeydiyyatdan ke\u00e7m\u0259k v\u0259 ya \u015f\u0259xsi hesab\u0131n\u0131za daxil olmaqd\u0131r. Bu se\u00e7im son d\u0259r\u0259c\u0259 rahatd\u0131r, \u00e7\u00fcnki b\u00fct\u00fcn t\u0259r\u0259qqi avtomatik olaraq qeyd olunacaq.  <\/p>\n\n<p>Etm\u0259li oldu\u011funuz ikinci add\u0131m oyun hesab\u0131n\u0131z\u0131 doldurmaqd\u0131r. Sonra s\u0259hif\u0259y\u0259 ke\u00e7in v\u0259 simulyatoru i\u015f\u0259 sal\u0131n. Siz m\u0259rcinizi qoyduqdan sonra oyun ba\u015flayacaq. M\u0259bl\u0259\u011f f\u0259rdi v\u0259 yaln\u0131z se\u00e7iml\u0259rinizd\u0259n v\u0259 strategiyan\u0131zdan as\u0131l\u0131d\u0131r.   <\/p>\n\n<p>Rocket X r\u0259smi sayt\u0131 siz\u0259 oynamaq \u00fc\u00e7\u00fcn geni\u015f imkanlar t\u0259klif edir. Dostlar v\u0259 ya \u0130nternetd\u0259ki dig\u0259r oyun\u00e7ularla onlayn oyundan h\u0259zz alma\u011fa imkan ver\u0259n h\u0259m f\u0259rdi, h\u0259m d\u0259 \u00e7ox oyun\u00e7u rejiml\u0259ri var. B\u00fct\u00fcn \u0259sas qaydalar saytda g\u00f6st\u0259rilmi\u015fdir. Bundan \u0259lav\u0259, oyunun mahiyy\u0259tini daha yax\u015f\u0131 ba\u015fa d\u00fc\u015fm\u0259k \u00fc\u00e7\u00fcn ba\u015flamazdan \u0259vv\u0259l m\u0259\u015fq ed\u0259 v\u0259 \u0259n ba\u015f\u0131ndan pul qazanma\u011fa ba\u015flaya bil\u0259rsiniz.   <\/p>\n\n<p>M\u0259rcinizi qoyduqdan sonra sad\u0259c\u0259 n\u0259tic\u0259ni g\u00f6zl\u0259m\u0259k qal\u0131r. Proses olduqca h\u0259y\u0259canl\u0131d\u0131r, \u00e7\u00fcnki d\u0259y\u0259rl\u0259r olduqca tez d\u0259yi\u015fir v\u0259 bunun sonunda n\u0259 olaca\u011f\u0131n\u0131 t\u0259xmin etm\u0259k dem\u0259k olar ki, m\u00fcmk\u00fcn deyil. <\/p>\n\n<h2 class=\"wp-block-heading\">Rocket X-d\u0259 nec\u0259 qalib g\u0259lm\u0259k olar<\/h2>\n\n<p>Art\u0131q ayd\u0131n oldu\u011fu kimi, oyunda m\u0259rcl\u0259rin yanmamas\u0131 v\u0259 \u0259msallar\u0131n m\u00fcmk\u00fcn q\u0259d\u0259r s\u0259rf\u0259li olmas\u0131 \u00fc\u00e7\u00fcn d\u00fczg\u00fcn an\u0131 se\u00e7m\u0259k son d\u0259r\u0259c\u0259 vacibdir. Bunun \u00fc\u00e7\u00fcn f\u0259rdi olaraq haz\u0131rlanm\u0131\u015f <em>Rocket X strategiyas\u0131<\/em> m\u00fck\u0259mm\u0259ldir. Onu inki\u015faf etdirm\u0259k \u00fc\u00e7\u00fcn \u0259vv\u0259lki oyunlar\u0131 \u00f6yr\u0259nm\u0259k, n\u0259tic\u0259l\u0259ri t\u0259hlil etm\u0259k v\u0259 \u0259n s\u0259rf\u0259li oyun \u00fcsulunu se\u00e7m\u0259k kifay\u0259tdir.  <\/p>\n\n<p>Rocket X-d\u0259ki strategiya qalib-qazan variant\u0131d\u0131r, \u00e7\u00fcnki o, \u0259vv\u0259lki t\u0259cr\u00fcb\u0259y\u0259 \u0259saslan\u0131r v\u0259 sistemin nec\u0259 i\u015fl\u0259diyini v\u0259 n\u0259tic\u0259d\u0259 \u0259n y\u00fcks\u0259k udu\u015f d\u0259r\u0259c\u0259l\u0259rini nec\u0259 \u0259ld\u0259 ed\u0259c\u0259yinizi anlama\u011fa k\u00f6m\u0259k edir. Bu oyun s\u00fcbut edir ki, q\u0259l\u0259b\u0259 qazanmaq \u00fc\u00e7\u00fcn t\u0259k \u015fans kifay\u0259t deyil. Siz h\u0259m\u00e7inin Rocket X odds hesablama sistemin\u0259 ehtiyac\u0131n\u0131z olacaq.  <\/p>\n\n<h2 class=\"wp-block-heading\">Rocket X-d\u0259 oyun qaydalar\u0131<\/h2>\n\n<p>S\u00fcjetin m\u0259rk\u0259zind\u0259 m\u0259\u015fhur \u015f\u0259xs &#8211; \u0130lon Mask, daha do\u011frusu onun cizgi filmi n\u00fcsx\u0259si dayan\u0131r, istifad\u0259\u00e7il\u0259r onu oyun boyu idar\u0259 ed\u0259c\u0259kl\u0259r. Bu oyun h\u0259y\u0259can v\u0259 riskl\u0259ri sev\u0259nl\u0259r \u00fc\u00e7\u00fcn ideald\u0131r. Buradak\u0131 oyun qaydalar\u0131 dig\u0259r ox\u015far proqramlar\u0131n qaydalar\u0131 il\u0259 dem\u0259k olar ki, eynidir. Rocket X crash oyununa ba\u015flamazdan \u0259vv\u0259l m\u0259rcl\u0259rinizi yerl\u0259\u015fdirm\u0259li v\u0259 sonra onlar\u0131n b\u00f6y\u00fcm\u0259sini izl\u0259m\u0259lisiniz. \u0130st\u0259nil\u0259n vaxt m\u0259rcinizi geri g\u00f6t\u00fcr\u0259 bil\u0259rsiniz, lakin diqq\u0259tli olmaq vacibdir: bunu \u00e7ox erk\u0259n v\u0259 ya \u00e7ox gec ets\u0259niz, uduzacaqs\u0131n\u0131z. Do\u011fru an\u0131 se\u00e7m\u0259k son d\u0259r\u0259c\u0259 vacibdir.     <\/p>\n\n<p>Oyunun kifay\u0259t q\u0259d\u0259r sad\u0259 v\u0259 monoton oldu\u011funu d\u00fc\u015f\u00fcn\u00fcrs\u0259ns\u0259, s\u0259hv edirs\u0259n. Y\u00fcks\u0259k riskl\u0259r, paylar, dinamizm &#8211; b\u00fct\u00fcn bunlar\u0131 burada tapa bil\u0259rsiniz. Qaydalar haqq\u0131nda daha \u0259trafl\u0131 r\u0259smi s\u0259hif\u0259d\u0259 oxuya bil\u0259rsiniz.  <\/p>\n\n<h2 class=\"wp-block-heading\">Promo kodlar\u0131<\/h2>\n\n<p>Qumarda promosyon kodlar\u0131 yeni oyun\u00e7ular\u0131 c\u0259lb etm\u0259k, s\u0259daq\u0259ti t\u0259\u015fviq etm\u0259k v\u0259 ya x\u00fcsusi promosyonlar ke\u00e7irm\u0259k \u00fc\u00e7\u00fcn oyun platformalar\u0131, kazinolar v\u0259 ya t\u0259rtibat\u00e7\u0131lar t\u0259r\u0259find\u0259n t\u0259min edil\u0259 bil\u0259r. \u018fg\u0259r siz \u0259la vaxt ke\u00e7irm\u0259k v\u0259 Rocket X oyununda 1win udmaq \u015fans\u0131n\u0131z\u0131 art\u0131rmaq ist\u0259yirsinizs\u0259, o zaman m\u00f6vcud promosyon kodlar\u0131ndan asanl\u0131qla yararlana bil\u0259rsiniz. Onlar\u0131 bir ne\u00e7\u0259 m\u0259nb\u0259d\u0259 tapa bil\u0259rsiniz:  <\/p>\n\n<ul>\n<li>R\u0259smi veb portal Odin Vin.<\/li>\n\n\n\n<li>Po\u00e7t siyah\u0131lar\u0131 (bu s\u0259b\u0259bd\u0259n qeydiyyatdan d\u0259rhal sonra saytdan po\u00e7t siyah\u0131lar\u0131na abun\u0259 olmaq t\u00f6vsiy\u0259 olunur).<\/li>\n\n\n\n<li>Sosial \u015f\u0259b\u0259k\u0259l\u0259r v\u0259 x\u00fcsusi forumlar.<\/li>\n\n\n\n<li>T\u0259r\u0259fda\u015fl\u0131q proqramlar\u0131.<\/li>\n<\/ul>\n\n<p>Unutmay\u0131n ki, anla\u015f\u0131lmazl\u0131qlar\u0131n v\u0259 xo\u015fag\u0259lm\u0259z hallar\u0131n qar\u015f\u0131s\u0131n\u0131 almaq \u00fc\u00e7\u00fcn diqq\u0259tli olmaq v\u0259 oyunun qaydalar\u0131na v\u0259 \u015f\u0259rtl\u0259rin\u0259 \u0259m\u0259l ed\u0259r\u0259k promosyon kodlar\u0131ndan istifad\u0259 etm\u0259k vacibdir.<\/p>\n\n<h2 class=\"wp-block-heading\">R\u0259yl\u0259r<\/h2>\n\n<p>\u0130stifad\u0259\u00e7i r\u0259yl\u0259rini n\u0259z\u0259r\u0259 alaraq bel\u0259 n\u0259tic\u0259y\u0259 g\u0259l\u0259 bil\u0259rik ki, bu oyun \u00e7oxlu \u00fcst\u00fcnl\u00fckl\u0259r\u0259 v\u0259 x\u00fcsusiyy\u0259tl\u0259r\u0259 malik olan \u0259n populyar oyunlardan biri hesab olunur. Budur b\u0259zi 1win Rocket X r\u0259yl\u0259ri: <\/p>\n","protected":false},"excerpt":{"rendered":"<p>\u00c7ox oyun\u00e7u Rocket X oyunu sizi maraql\u0131 mac\u0259raya q\u0259rq olma\u011fa v\u0259 real pul qazanma\u011fa d\u0259v\u0259t edir. Siz onu h\u0259r hans\u0131 bir cihaz\u0131n\u0131za pulsuz y\u00fckl\u0259y\u0259 v\u0259 h\u0259m t\u0259k, h\u0259m d\u0259 dostlar\u0131n\u0131z v\u0259 dig\u0259r oyun\u00e7ular\u0131n\u0131zla birlikd\u0259 m\u00f6ht\u0259\u015f\u0259m oyundan h\u0259zz ala bil\u0259rsiniz. Bunun \u00fc\u00e7\u00fcn Odin Vin r\u0259smi bukmeker portal\u0131na daxil olmaq v\u0259 Android \u00fc\u00e7\u00fcn Rocket X oyununu pulsuz [&hellip;]<\/p>\n","protected":false},"author":2,"featured_media":0,"parent":0,"menu_order":0,"comment_status":"open","ping_status":"closed","template":"","meta":{"footnotes":""},"yoast_head":"<!-- This site is optimized with the Yoast SEO plugin v21.7 - https:\/\/yoast.com\/wordpress\/plugins\/seo\/ -->\n<title>Rocket X kazino oyunu, y\u00fckl\u0259yin<\/title>\n<meta name=\"description\" content=\"Real pul qazanmaq imkan\u0131 olan \u0259n yax\u015f\u0131 Rocket X oyunu. T\u0259svir\u0259 bax\u0131n, oyunun x\u00fcsusiyy\u0259tl\u0259rini v\u0259 x\u00fcsusiyy\u0259tl\u0259rini \u00f6yr\u0259nin, \u0259n yax\u015f\u0131 strategiyan\u0131 se\u00e7in v\u0259 unudulmaz s\u0259yah\u0259t\u0259 \u00e7\u0131x\u0131n. B\u00f6y\u00fck q\u0259l\u0259b\u0259l\u0259r\u0259 do\u011fru ir\u0259li!\" \/>\n<meta name=\"robots\" content=\"index, follow, max-snippet:-1, max-image-preview:large, max-video-preview:-1\" \/>\n<link rel=\"canonical\" href=\"https:\/\/aviator-crash.org\/az\/rocket-x-oynayin\/\" \/>\n<meta property=\"og:locale\" content=\"az_AZ\" \/>\n<meta property=\"og:type\" content=\"article\" \/>\n<meta property=\"og:title\" content=\"Rocket X kazino oyunu, y\u00fckl\u0259yin\" \/>\n<meta property=\"og:description\" content=\"Real pul qazanmaq imkan\u0131 olan \u0259n yax\u015f\u0131 Rocket X oyunu. T\u0259svir\u0259 bax\u0131n, oyunun x\u00fcsusiyy\u0259tl\u0259rini v\u0259 x\u00fcsusiyy\u0259tl\u0259rini \u00f6yr\u0259nin, \u0259n yax\u015f\u0131 strategiyan\u0131 se\u00e7in v\u0259 unudulmaz s\u0259yah\u0259t\u0259 \u00e7\u0131x\u0131n. B\u00f6y\u00fck q\u0259l\u0259b\u0259l\u0259r\u0259 do\u011fru ir\u0259li!\" \/>\n<meta property=\"og:url\" content=\"https:\/\/aviator-crash.org\/az\/rocket-x-oynayin\/\" \/>\n<meta property=\"article:modified_time\" content=\"2024-02-02T18:01:14+00:00\" \/>\n<meta property=\"og:image\" content=\"https:\/\/aviator-crash.org\/wp-content\/uploads\/2024\/01\/rocket-x-1024x761.webp\" \/>\n<meta name=\"twitter:card\" content=\"summary_large_image\" \/>\n<meta name=\"twitter:label1\" content=\"Est. reading time\" \/>\n\t<meta name=\"twitter:data1\" content=\"7 minutes\" \/>\n<script type=\"application\/ld+json\" class=\"yoast-schema-graph\">{\"@context\":\"https:\/\/schema.org\",\"@graph\":[{\"@type\":\"WebPage\",\"@id\":\"https:\/\/aviator-crash.org\/az\/rocket-x-oynayin\/\",\"url\":\"https:\/\/aviator-crash.org\/az\/rocket-x-oynayin\/\",\"name\":\"Rocket X kazino oyunu, y\u00fckl\u0259yin\",\"isPartOf\":{\"@id\":\"https:\/\/aviator-crash.org\/az\/#website\"},\"datePublished\":\"2023-12-27T19:40:59+00:00\",\"dateModified\":\"2024-02-02T18:01:14+00:00\",\"description\":\"Real pul qazanmaq imkan\u0131 olan \u0259n yax\u015f\u0131 Rocket X oyunu. T\u0259svir\u0259 bax\u0131n, oyunun x\u00fcsusiyy\u0259tl\u0259rini v\u0259 x\u00fcsusiyy\u0259tl\u0259rini \u00f6yr\u0259nin, \u0259n yax\u015f\u0131 strategiyan\u0131 se\u00e7in v\u0259 unudulmaz s\u0259yah\u0259t\u0259 \u00e7\u0131x\u0131n. B\u00f6y\u00fck q\u0259l\u0259b\u0259l\u0259r\u0259 do\u011fru ir\u0259li!\",\"breadcrumb\":{\"@id\":\"https:\/\/aviator-crash.org\/az\/rocket-x-oynayin\/#breadcrumb\"},\"inLanguage\":\"az\",\"potentialAction\":[{\"@type\":\"ReadAction\",\"target\":[\"https:\/\/aviator-crash.org\/az\/rocket-x-oynayin\/\"]}]},{\"@type\":\"BreadcrumbList\",\"@id\":\"https:\/\/aviator-crash.org\/az\/rocket-x-oynayin\/#breadcrumb\",\"itemListElement\":[{\"@type\":\"ListItem\",\"position\":1,\"name\":\"Home\",\"item\":\"https:\/\/aviator-crash.org\/az\/real-pul-ucun-aviator-online-oyun\/\"},{\"@type\":\"ListItem\",\"position\":2,\"name\":\"Rocket X oynay\u0131n\"}]},{\"@type\":\"WebSite\",\"@id\":\"https:\/\/aviator-crash.org\/az\/#website\",\"url\":\"https:\/\/aviator-crash.org\/az\/\",\"name\":\"\",\"description\":\"\",\"potentialAction\":[{\"@type\":\"SearchAction\",\"target\":{\"@type\":\"EntryPoint\",\"urlTemplate\":\"https:\/\/aviator-crash.org\/az\/?s={search_term_string}\"},\"query-input\":\"required name=search_term_string\"}],\"inLanguage\":\"az\"}]}<\/script>\n<!-- \/ Yoast SEO plugin. -->","yoast_head_json":{"title":"Rocket X kazino oyunu, y\u00fckl\u0259yin","description":"Real pul qazanmaq imkan\u0131 olan \u0259n yax\u015f\u0131 Rocket X oyunu. T\u0259svir\u0259 bax\u0131n, oyunun x\u00fcsusiyy\u0259tl\u0259rini v\u0259 x\u00fcsusiyy\u0259tl\u0259rini \u00f6yr\u0259nin, \u0259n yax\u015f\u0131 strategiyan\u0131 se\u00e7in v\u0259 unudulmaz s\u0259yah\u0259t\u0259 \u00e7\u0131x\u0131n. B\u00f6y\u00fck q\u0259l\u0259b\u0259l\u0259r\u0259 do\u011fru ir\u0259li!","robots":{"index":"index","follow":"follow","max-snippet":"max-snippet:-1","max-image-preview":"max-image-preview:large","max-video-preview":"max-video-preview:-1"},"canonical":"https:\/\/aviator-crash.org\/az\/rocket-x-oynayin\/","og_locale":"az_AZ","og_type":"article","og_title":"Rocket X kazino oyunu, y\u00fckl\u0259yin","og_description":"Real pul qazanmaq imkan\u0131 olan \u0259n yax\u015f\u0131 Rocket X oyunu. T\u0259svir\u0259 bax\u0131n, oyunun x\u00fcsusiyy\u0259tl\u0259rini v\u0259 x\u00fcsusiyy\u0259tl\u0259rini \u00f6yr\u0259nin, \u0259n yax\u015f\u0131 strategiyan\u0131 se\u00e7in v\u0259 unudulmaz s\u0259yah\u0259t\u0259 \u00e7\u0131x\u0131n. B\u00f6y\u00fck q\u0259l\u0259b\u0259l\u0259r\u0259 do\u011fru ir\u0259li!","og_url":"https:\/\/aviator-crash.org\/az\/rocket-x-oynayin\/","article_modified_time":"2024-02-02T18:01:14+00:00","og_image":[{"url":"https:\/\/aviator-crash.org\/wp-content\/uploads\/2024\/01\/rocket-x-1024x761.webp"}],"twitter_card":"summary_large_image","twitter_misc":{"Est. reading time":"7 minutes"},"schema":{"@context":"https:\/\/schema.org","@graph":[{"@type":"WebPage","@id":"https:\/\/aviator-crash.org\/az\/rocket-x-oynayin\/","url":"https:\/\/aviator-crash.org\/az\/rocket-x-oynayin\/","name":"Rocket X kazino oyunu, y\u00fckl\u0259yin","isPartOf":{"@id":"https:\/\/aviator-crash.org\/az\/#website"},"datePublished":"2023-12-27T19:40:59+00:00","dateModified":"2024-02-02T18:01:14+00:00","description":"Real pul qazanmaq imkan\u0131 olan \u0259n yax\u015f\u0131 Rocket X oyunu. T\u0259svir\u0259 bax\u0131n, oyunun x\u00fcsusiyy\u0259tl\u0259rini v\u0259 x\u00fcsusiyy\u0259tl\u0259rini \u00f6yr\u0259nin, \u0259n yax\u015f\u0131 strategiyan\u0131 se\u00e7in v\u0259 unudulmaz s\u0259yah\u0259t\u0259 \u00e7\u0131x\u0131n. B\u00f6y\u00fck q\u0259l\u0259b\u0259l\u0259r\u0259 do\u011fru ir\u0259li!","breadcrumb":{"@id":"https:\/\/aviator-crash.org\/az\/rocket-x-oynayin\/#breadcrumb"},"inLanguage":"az","potentialAction":[{"@type":"ReadAction","target":["https:\/\/aviator-crash.org\/az\/rocket-x-oynayin\/"]}]},{"@type":"BreadcrumbList","@id":"https:\/\/aviator-crash.org\/az\/rocket-x-oynayin\/#breadcrumb","itemListElement":[{"@type":"ListItem","position":1,"name":"Home","item":"https:\/\/aviator-crash.org\/az\/real-pul-ucun-aviator-online-oyun\/"},{"@type":"ListItem","position":2,"name":"Rocket X oynay\u0131n"}]},{"@type":"WebSite","@id":"https:\/\/aviator-crash.org\/az\/#website","url":"https:\/\/aviator-crash.org\/az\/","name":"","description":"","potentialAction":[{"@type":"SearchAction","target":{"@type":"EntryPoint","urlTemplate":"https:\/\/aviator-crash.org\/az\/?s={search_term_string}"},"query-input":"required name=search_term_string"}],"inLanguage":"az"}]}},"_links":{"self":[{"href":"https:\/\/aviator-crash.org\/az\/wp-json\/wp\/v2\/pages\/2559"}],"collection":[{"href":"https:\/\/aviator-crash.org\/az\/wp-json\/wp\/v2\/pages"}],"about":[{"href":"https:\/\/aviator-crash.org\/az\/wp-json\/wp\/v2\/types\/page"}],"author":[{"embeddable":true,"href":"https:\/\/aviator-crash.org\/az\/wp-json\/wp\/v2\/users\/2"}],"replies":[{"embeddable":true,"href":"https:\/\/aviator-crash.org\/az\/wp-json\/wp\/v2\/comments?post=2559"}],"version-history":[{"count":1,"href":"https:\/\/aviator-crash.org\/az\/wp-json\/wp\/v2\/pages\/2559\/revisions"}],"predecessor-version":[{"id":2561,"href":"https:\/\/aviator-crash.org\/az\/wp-json\/wp\/v2\/pages\/2559\/revisions\/2561"}],"wp:attachment":[{"href":"https:\/\/aviator-crash.org\/az\/wp-json\/wp\/v2\/media?parent=2559"}],"curies":[{"name":"wp","href":"https:\/\/api.w.org\/{rel}","templated":true}]}}