{"id":2607,"date":"2023-12-27T19:58:01","date_gmt":"2023-12-27T19:58:01","guid":{"rendered":"https:\/\/aviator-crash.org\/cash-v%c9%99-ya-crash-oynayin\/"},"modified":"2024-02-02T18:31:04","modified_gmt":"2024-02-02T18:31:04","slug":"cash-v%c9%99-ya-crash-oynayin","status":"publish","type":"page","link":"https:\/\/aviator-crash.org\/az\/cash-v%c9%99-ya-crash-oynayin\/","title":{"rendered":"Cash v\u0259 ya Crash oynay\u0131n"},"content":{"rendered":"\n<figure class=\"wp-block-gallery has-nested-images columns-default is-cropped wp-block-gallery-1 is-layout-flex wp-block-gallery-is-layout-flex\">\n<figure class=\"wp-block-image size-large\"><span itemprop=\"image\" itemscope itemtype=\"https:\/\/schema.org\/ImageObject\"><img itemprop=\"url image\" loading=\"lazy\" decoding=\"async\" width=\"1024\" height=\"498\" data-id=\"466\" src=\"https:\/\/aviator-crash.org\/wp-content\/uploads\/2024\/01\/cash-or-crash-live-1200x584-1-1024x498.jpeg\" alt=\"\" class=\"wp-image-466\" srcset=\"https:\/\/aviator-crash.org\/wp-content\/uploads\/2024\/01\/cash-or-crash-live-1200x584-1-1024x498.jpeg 1024w, https:\/\/aviator-crash.org\/wp-content\/uploads\/2024\/01\/cash-or-crash-live-1200x584-1-300x146.jpeg 300w, https:\/\/aviator-crash.org\/wp-content\/uploads\/2024\/01\/cash-or-crash-live-1200x584-1-768x374.jpeg 768w, https:\/\/aviator-crash.org\/wp-content\/uploads\/2024\/01\/cash-or-crash-live-1200x584-1.jpeg 1200w\" sizes=\"(max-width: 1024px) 100vw, 1024px\" \/><meta itemprop=\"width\" content=\"1024\"><meta itemprop=\"height\" content=\"498\"><\/span><\/figure>\n<\/figure>\n\n<p>Cash or Crash, qumar t\u0259tbiql\u0259ri, y\u00fcks\u0259k stavkalar v\u0259 riskl\u0259r h\u0259v\u0259skarlar\u0131 aras\u0131nda b\u00f6y\u00fck t\u0259l\u0259bat olan bir oyundur. Bu \u0259la vaxt ke\u00e7irm\u0259k v\u0259 \u015fans\u0131n\u0131z\u0131 s\u0131namaq \u00fc\u00e7\u00fcn \u0259la se\u00e7imdir. Cash or Crash, oyun\u00e7ular\u0131n n\u0259tic\u0259si t\u0259sad\u00fcfi olaraq m\u00fc\u0259yy\u0259n edil\u0259n m\u00fcxt\u0259lif hadis\u0259l\u0259r\u0259 m\u0259rc ed\u0259 bil\u0259c\u0259yi Android proqram\u0131d\u0131r. Oynama\u011fa ba\u015flamaq \u00fc\u00e7\u00fcn sad\u0259c\u0259 Odin Vin bukmeker kontorunun r\u0259smi sayt\u0131nda proqram\u0131 y\u00fckl\u0259yin, qeydiyyatdan ke\u00e7in v\u0259 ya \u015f\u0259xsi hesab\u0131n\u0131za daxil olun v\u0259 m\u0259rc edin. Tamamil\u0259 h\u0259r k\u0259s Cash v\u0259 ya Crash-\u0131 pulsuz y\u00fckl\u0259y\u0259 bil\u0259r. Oyuna ba\u015flay\u0131n v\u0259 \u0259la vaxt ke\u00e7irin.     <\/p>\n\n<h2 class=\"wp-block-heading\">Cash v\u0259 ya Crash onlayn oynama\u011f\u0131n \u00fcst\u00fcnl\u00fcy\u00fc<\/h2>\n\n<p>Qumar g\u00fcn\u00fcm\u00fcz\u00fcn \u0259n populyar oyunlar\u0131ndan biri hesab olunur. \u018fsas s\u0259b\u0259b odur ki, burada siz sad\u0259c\u0259 \u0259yl\u0259nm\u0259k deyil, h\u0259m d\u0259 real pul qazana bil\u0259rsiniz. \u00dcmumiyy\u0259tl\u0259, Cash v\u0259 ya Crash t\u0259tbiqinin vizual g\u00f6r\u00fcnt\u00fcl\u0259ri \u0259sl z\u00f6vqd\u00fcr. \u018fla qrafika, ayd\u0131n interfeys, intuitiv olaraq sad\u0259 idar\u0259etm\u0259l\u0259r &#8211; b\u00fct\u00fcn bunlar\u0131 burada tapa bil\u0259rsiniz.   <\/p>\n\n<p>Populyar qumar oyununun Cash or Crash \u0259sas \u00fcst\u00fcnl\u00fckl\u0259ri aras\u0131nda a\u015fa\u011f\u0131dak\u0131lar\u0131 vur\u011fulama\u011fa d\u0259y\u0259r:<\/p>\n\n<ul>\n<li>Maraql\u0131 oyun. Tez qazanmaq v\u0259 ya itirm\u0259k qabiliyy\u0259ti il\u0259 \u0259yl\u0259nc\u0259li v\u0259 as\u0131l\u0131l\u0131q yaradan oyun t\u0259klif edir. <\/li>\n\n\n\n<li>\u00c7ox oyun\u00e7u rejimi. Dostlar v\u0259 ya dig\u0259r oyun\u00e7ularla oynamaq bacar\u0131\u011f\u0131 sosial aspekt v\u0259 \u0259yl\u0259nc\u0259 \u0259lav\u0259 ed\u0259 bil\u0259r. <\/li>\n\n\n\n<li>Qrafika v\u0259 s\u0259s. Y\u00fcks\u0259k keyfiyy\u0259tli qrafika v\u0259 s\u0259s oyunun atmosferini yarad\u0131r v\u0259 onu oyun\u00e7ular \u00fc\u00e7\u00fcn daha c\u0259lbedici edir. <\/li>\n\n\n\n<li>Daimi yenil\u0259m\u0259l\u0259rin m\u00f6vcudlu\u011fu. Bunun say\u0259sind\u0259 t\u0259kmill\u0259\u015fdirilmi\u015f performansla sevdiyiniz oyundan h\u0259zz ala bil\u0259rsiniz. T\u0259rtibat\u00e7\u0131lar onlayn qumar d\u00fcnyas\u0131ndak\u0131 m\u00fcasir tendensiyalara v\u0259 meyll\u0259r\u0259 uy\u011funla\u015fmaq \u00fc\u00e7\u00fcn oyunu m\u00fcnt\u0259z\u0259m olaraq t\u0259kmill\u0259\u015fdirm\u0259y\u0259 \u00e7al\u0131\u015f\u0131rlar.  <\/li>\n\n\n\n<li>Harada olma\u011f\u0131n\u0131zdan as\u0131l\u0131 olmayaraq birba\u015fa telefonunuzdan oynamaq imkan\u0131. Bu, \u0259la vaxt ke\u00e7irm\u0259k, oyundan h\u0259zz almaq v\u0259 h\u0259tta real pul qazanma\u011fa \u00e7al\u0131\u015fmaq \u00fc\u00e7\u00fcn \u0259la f\u00fcrs\u0259tdir. <\/li>\n\n\n\n<li>\u00c7ox m\u00fcxt\u0259lif oyun rejiml\u0259ri. D\u00fczg\u00fcn se\u00e7ilmi\u015f Pul v\u0259 ya Q\u0259za strategiyas\u0131 h\u0259r hans\u0131 bir rejimd\u0259 qazanmaq \u015fans\u0131n\u0131z\u0131 art\u0131racaq. <\/li>\n<\/ul>\n\n<p>\u00dcmumilikd\u0259, Cash or Crash real pul qazana bil\u0259c\u0259yiniz \u0259yl\u0259nc\u0259li proqram\u0131n g\u00f6z\u0259l n\u00fcmun\u0259sidir. \u00c7ox oyun\u00e7u rejimind\u0259n istifad\u0259 ed\u0259r\u0259k \u0259la vaxt ke\u00e7ir\u0259 v\u0259 dostlar\u0131n\u0131z v\u0259 ya dig\u0259r oyun\u00e7ularla onlayn oynaya bil\u0259rsiniz. <\/p>\n\n<h2 class=\"wp-block-heading\">Na\u011fd pul v\u0259 ya q\u0259za nec\u0259 oynamaq olar<\/h2>\n\n<p>&#8220;Cash or Crash&#8221; tez-tez onlayn kazinolar t\u0259r\u0259find\u0259n t\u0259qdim olunan virtual qumar oyunudur. Oyunun m\u00fcxt\u0259lif versiyalar\u0131 aras\u0131nda qaydalar bir q\u0259d\u0259r f\u0259rqli ola bils\u0259 d\u0259, \u0259sas konsepsiya ad\u0259t\u0259n eyni qal\u0131r. Cash v\u0259 ya Crash oyununu nec\u0259 oynamaq bar\u0259d\u0259 \u00fcmumi b\u0259l\u0259d\u00e7i buradad\u0131r:  <\/p>\n\n<ul>\n<li>Qeydiyyat. Siz Cash v\u0259 ya Crash oyununu t\u0259min ed\u0259n onlayn kazinoda qeydiyyatdan ke\u00e7m\u0259li ola bil\u0259rsiniz. Hesab yaratmaq \u00fc\u00e7\u00fcn t\u0259limatlar\u0131 izl\u0259yin.  <\/li>\n\n\n\n<li>Balans\u0131n doldurulmas\u0131. Oyuna ba\u015flamazdan \u0259vv\u0259l oyun hesab\u0131n\u0131z\u0131 real pulla doldurmal\u0131s\u0131n\u0131z. \u018fks\u0259r hallarda bu, m\u00fcxt\u0259lif \u00f6d\u0259ni\u015f \u00fcsullar\u0131ndan istifad\u0259 etm\u0259kl\u0259 edil\u0259 bil\u0259r.  <\/li>\n\n\n\n<li>Bahis m\u0259bl\u0259\u011finin se\u00e7ilm\u0259si.<\/li>\n\n\n\n<li>Tura ba\u015flay\u0131n.<\/li>\n\n\n\n<li>Turun bitm\u0259si il\u0259 ba\u011fl\u0131 q\u0259rar. Tur zaman\u0131 siz\u0259 ist\u0259nil\u0259n vaxt onu bitirm\u0259k v\u0259 qazand\u0131\u011f\u0131n\u0131z pulu g\u00f6t\u00fcrm\u0259k imkan\u0131 verilir. Bununla bel\u0259, m\u00fc\u0259yy\u0259n bir n\u00f6qt\u0259y\u0259 q\u0259d\u0259r bir raund tamamlamasan\u0131z, q\u0259za riski var v\u0259 m\u0259rcinizi itir\u0259c\u0259ksiniz.  <\/li>\n\n\n\n<li>Q\u0259za v\u0259 ya raundun sonu. D\u0259yirmi bir n\u00f6qt\u0259d\u0259 &#8220;q\u0259za&#8221; ba\u015f verir. \u018fg\u0259r siz bu n\u00f6qt\u0259y\u0259 q\u0259d\u0259r raund ba\u015fa vurmusunuzsa, cari multiplikatora uy\u011fun olaraq udu\u015flar alacaqs\u0131n\u0131z. \u018fks halda m\u0259rcinizi itirirsiniz.   <\/li>\n<\/ul>\n\n<p>Oyunun prinsipi olduqca sad\u0259 v\u0259 ayd\u0131nd\u0131r, buna g\u00f6r\u0259 burada n\u0259 etm\u0259li oldu\u011funuzu tez bir zamanda anlaya bil\u0259rsiniz. H\u0259r hans\u0131 bir probleminiz varsa, t\u0259limatlara m\u00fcraci\u0259t ed\u0259 bil\u0259rsiniz. <\/p>\n\n<h2 class=\"wp-block-heading\">Cash v\u0259 ya Crash-da nec\u0259 qazanmaq olar<\/h2>\n\n<p>Slot, poker, rulet v\u0259 blackjack kimi qumar oyunlar\u0131nda udmaq \u00e7ox vaxt \u015fansdan as\u0131l\u0131d\u0131r v\u0259 qumar oyunlar\u0131n\u0131n \u0259ks\u0259riyy\u0259ti \u015fansa \u0259saslan\u0131r. Bununla bel\u0259, bankrollunuzu idar\u0259 etm\u0259y\u0259 v\u0259 m\u0259\u015fhur qumar oyunu Crash Cash kazinosunda udmaq \u015fans\u0131n\u0131z\u0131 art\u0131rma\u011fa k\u00f6m\u0259k ed\u0259 bil\u0259c\u0259k b\u0259zi strategiyalar v\u0259 m\u0259sl\u0259h\u0259tl\u0259r var: <\/p>\n\n<ul>\n<li>Bankroll idar\u0259etm\u0259si. \u00d6d\u0259m\u0259y\u0259 haz\u0131r oldu\u011funuz itkil\u0259rin h\u0259ddini m\u00fc\u0259yy\u0259nl\u0259\u015fdirin v\u0259 onu a\u015fmay\u0131n. Bankrollunuzu oyun seanslar\u0131 aras\u0131nda b\u00f6l\u00fcn v\u0259 yaln\u0131z itir\u0259 bil\u0259c\u0259yiniz \u015fey\u0259 m\u0259rc edin.  <\/li>\n\n\n\n<li>\u018fsas strategiyalar\u0131 \u00f6yr\u0259nin. Yuxar\u0131da qeyd edildiyi kimi, qumarda d\u00fczg\u00fcn se\u00e7ilmi\u015f strategiya \u0259sas rol oynay\u0131r. Bu, \u0259vv\u0259lki qalibiyy\u0259tl\u0259rin \u00f6yr\u0259nilm\u0259si, n\u00fcmun\u0259l\u0259rin axtar\u0131\u015f\u0131 v\u0259 \u0259sas qalib kombinasiyalar\u0131n m\u00fc\u0259yy\u0259n edilm\u0259sini \u0259hat\u0259 edir. Cash v\u0259 ya Crash strategiyas\u0131 \u00e7ox vaxt f\u0259rdi olur, baxmayaraq ki, daha t\u0259cr\u00fcb\u0259li oyun\u00e7ulardan m\u0259sl\u0259h\u0259t ala bil\u0259rsiniz.   <\/li>\n\n\n\n<li>Bonuslardan yararlan\u0131n. Kazinolardan bonuslar v\u0259 promosyonlardan istifad\u0259 edin. Bununla bel\u0259, bonuslarla ba\u011fl\u0131 \u015f\u0259rtl\u0259ri diqq\u0259tl\u0259 oxumaq vacibdir.  <\/li>\n\n\n\n<li>Oyunun qaydalar\u0131n\u0131 diqq\u0259tl\u0259 oxuyun v\u0259 t\u0259limatlar\u0131 oxuyun.<\/li>\n<\/ul>\n\n<p>Yuxar\u0131dak\u0131 t\u00f6vsiy\u0259l\u0259r\u0259 \u0259m\u0259l etm\u0259kl\u0259 siz qalib olmaq \u015fans\u0131n\u0131z\u0131 xeyli art\u0131ra bil\u0259rsiniz.<\/p>\n\n<h2 class=\"wp-block-heading\">Cash v\u0259 ya Crash oynamaq qaydalar\u0131<\/h2>\n\n<p>Oyunun qaydalar\u0131 sad\u0259 v\u0259 ayd\u0131nd\u0131r. \u0130lk n\u00f6vb\u0259d\u0259, oyun\u00e7u m\u0259rc etm\u0259k \u00fc\u00e7\u00fcn m\u0259bl\u0259\u011fi se\u00e7ir v\u0259 raund \u00fc\u00e7\u00fcn ba\u015flan\u011f\u0131c d\u00fcym\u0259sini klikl\u0259yir. D\u0259yirmi ilkin \u00e7arpanla ba\u015flay\u0131r (m\u0259s\u0259l\u0259n, 1x). Bu \u00e7arpan zamanla artma\u011fa ba\u015flay\u0131r. Tur zaman\u0131 oyun\u00e7unun turu tamamlay\u0131b udu\u015flar\u0131 toplamaq q\u0259rar\u0131na g\u0259lm\u0259k \u00fc\u00e7\u00fcn m\u00fc\u0259yy\u0259n bir vaxt\u0131 var. Bu, \u00e7arpan q\u0259zaya s\u0259b\u0259b olan m\u00fc\u0259yy\u0259n bir d\u0259y\u0259r\u0259 \u00e7atmazdan \u0259vv\u0259l edil\u0259 bil\u0259r.     <\/p>\n\n<p>Multiplikator m\u00fc\u0259yy\u0259n bir d\u0259y\u0259r\u0259 \u00e7atd\u0131qda &#8220;q\u0259za&#8221; ba\u015f verir. Oyun\u00e7u bu n\u00f6qt\u0259y\u0259 q\u0259d\u0259r raundu tamamlay\u0131bsa, udu\u015flar\u0131 al\u0131r. \u018fks halda, m\u0259rc itiril\u0259c\u0259k. Bir oyun\u00e7u q\u0259zadan \u0259vv\u0259l bir raund tamamlay\u0131rsa v\u0259 qalib g\u0259lirs\u0259, udu\u015fun miqdar\u0131 cari \u00e7arpandan as\u0131l\u0131d\u0131r. Oyun\u00e7u q\u0259zadan \u0259vv\u0259l raundu tamamlamasa, m\u0259rc itirilir v\u0259 udu\u015f yoxdur.    <\/p>\n\n<h2 class=\"wp-block-heading\">Promo kodlar\u0131<\/h2>\n\n<p>Cash v\u0259 ya Crash oyunundak\u0131 promosyon kodlar\u0131 oyun\u00e7ular\u0131n m\u00fcxt\u0259lif bonuslar, imtiyazlar v\u0259 promosyonlar almaq \u00fc\u00e7\u00fcn daxil ed\u0259 bil\u0259c\u0259yi x\u00fcsusi kodlard\u0131r. Bu kodlar kazino v\u0259 ya oyun t\u0259rtibat\u00e7\u0131lar\u0131 t\u0259r\u0259find\u0259n t\u0259min edilir v\u0259 oyun\u00e7ular t\u0259r\u0259find\u0259n oyun t\u0259cr\u00fcb\u0259sini yax\u015f\u0131la\u015fd\u0131rmaq v\u0259 ya \u0259lav\u0259 funksiyalar \u0259ld\u0259 etm\u0259k \u00fc\u00e7\u00fcn istifad\u0259 edil\u0259 bil\u0259r. &#8220;Na\u011fd pul v\u0259 ya q\u0259za&#8221; v\u0259ziyy\u0259tind\u0259 promosyon kodlar\u0131 t\u0259qdim edil\u0259 bil\u0259r:  <\/p>\n\n<ol>\n<li>Bonus depozitl\u0259ri: oyunda hesab\u0131n\u0131z\u0131 doldurark\u0259n \u0259lav\u0259 v\u0259sait.<\/li>\n\n\n\n<li>Pulsuz f\u0131rlanmalar: \u00e7arpanlarla oyunda pulsuz f\u0131rlanmalar.<\/li>\n\n\n\n<li>Artan \u00e7arpanlar: oyun zaman\u0131 bonus \u00e7arpanlar\u0131.<\/li>\n\n\n\n<li>X\u00fcsusi t\u0259dbirl\u0259r: x\u00fcsusi promosyonlarda v\u0259 turnirl\u0259rd\u0259 i\u015ftirak.<\/li>\n<\/ol>\n\n<p>Cash v\u0259 ya Crash statistikas\u0131 g\u00f6st\u0259rir ki, \u0259lav\u0259 bonuslar\u0131n istifad\u0259si il\u0259 istifad\u0259\u00e7il\u0259rin qazanma ehtimal\u0131 daha y\u00fcks\u0259kdir. &#8220;Na\u011fd pul v\u0259 ya q\u0259za&#8221; oyununda promosyon kodundan istifad\u0259 etm\u0259k \u00fc\u00e7\u00fcn ad\u0259t\u0259n kazino hesab\u0131n\u0131za daxil olmal\u0131, &#8220;T\u0259qdimat kodlar\u0131&#8221; v\u0259 ya &#8220;Bonuslar&#8221; b\u00f6lm\u0259sin\u0259 ke\u00e7ib m\u00fcvafiq kodu daxil etm\u0259lisiniz. Bundan sonra, bu h\u0259r\u0259k\u0259tl\u0259 n\u0259z\u0259rd\u0259 tutulan bonuslar avtomatik olaraq hesab\u0131n\u0131za k\u00f6\u00e7\u00fcr\u00fcl\u0259c\u0259kdir.  <\/p>\n\n<p>Yadda saxlamaq laz\u0131md\u0131r ki, promosyon kodlar\u0131n\u0131n m\u0259hdud etibarl\u0131l\u0131q m\u00fcdd\u0259ti v\u0259 ya m\u00fc\u0259yy\u0259n istifad\u0259 \u015f\u0259rtl\u0259ri ola bil\u0259r. Promosyon kodunu daxil etm\u0259zd\u0259n \u0259vv\u0259l anla\u015f\u0131lmazl\u0131qlar\u0131n qar\u015f\u0131s\u0131n\u0131 almaq v\u0259 t\u0259klif olunan bonuslardan tam yararlanmaq \u00fc\u00e7\u00fcn \u015f\u0259rtl\u0259ri diqq\u0259tl\u0259 oxumaq vacibdir. <\/p>\n\n<h2 class=\"wp-block-heading\">R\u0259yl\u0259r<\/h2>\n\n<p>Bu m\u0259\u015fhur qumar oyununun b\u00fct\u00fcn \u00fcst\u00fcnl\u00fckl\u0259rini ya\u015fam\u0131\u015f istifad\u0259\u00e7il\u0259rd\u0259n b\u0259zi r\u0259yl\u0259r:<\/p>\n","protected":false},"excerpt":{"rendered":"<p>Cash or Crash, qumar t\u0259tbiql\u0259ri, y\u00fcks\u0259k stavkalar v\u0259 riskl\u0259r h\u0259v\u0259skarlar\u0131 aras\u0131nda b\u00f6y\u00fck t\u0259l\u0259bat olan bir oyundur. Bu \u0259la vaxt ke\u00e7irm\u0259k v\u0259 \u015fans\u0131n\u0131z\u0131 s\u0131namaq \u00fc\u00e7\u00fcn \u0259la se\u00e7imdir. Cash or Crash, oyun\u00e7ular\u0131n n\u0259tic\u0259si t\u0259sad\u00fcfi olaraq m\u00fc\u0259yy\u0259n edil\u0259n m\u00fcxt\u0259lif hadis\u0259l\u0259r\u0259 m\u0259rc ed\u0259 bil\u0259c\u0259yi Android proqram\u0131d\u0131r. Oynama\u011fa ba\u015flamaq \u00fc\u00e7\u00fcn sad\u0259c\u0259 Odin Vin bukmeker kontorunun r\u0259smi sayt\u0131nda proqram\u0131 y\u00fckl\u0259yin, qeydiyyatdan [&hellip;]<\/p>\n","protected":false},"author":2,"featured_media":0,"parent":0,"menu_order":0,"comment_status":"open","ping_status":"closed","template":"","meta":{"footnotes":""},"yoast_head":"<!-- This site is optimized with the Yoast SEO plugin v21.7 - https:\/\/yoast.com\/wordpress\/plugins\/seo\/ -->\n<title>Kazinoda Cash or Crash oyunu, y\u00fckl\u0259yin<\/title>\n<meta name=\"description\" content=\"D\u00fcnyada m\u0259\u015fhur Cash or Crash oyununa bax\u0131\u015f. \u018fsas x\u00fcsusiyy\u0259tl\u0259r, \u00fcst\u00fcnl\u00fckl\u0259r, oyun qaydalar\u0131 v\u0259 b\u00f6y\u00fck udma\u011f\u0131n sirl\u0259ri haqq\u0131nda m\u0259lumat \u0259ld\u0259 edin. Oyunu y\u00fckl\u0259yin v\u0259 dostlar\u0131n\u0131zla g\u00f6z\u0259l vaxt ke\u00e7irin.\" \/>\n<meta name=\"robots\" content=\"index, follow, max-snippet:-1, max-image-preview:large, max-video-preview:-1\" \/>\n<link rel=\"canonical\" href=\"https:\/\/aviator-crash.org\/az\/cash-v%c9%99-ya-crash-oynayin\/\" \/>\n<meta property=\"og:locale\" content=\"az_AZ\" \/>\n<meta property=\"og:type\" content=\"article\" \/>\n<meta property=\"og:title\" content=\"Kazinoda Cash or Crash oyunu, y\u00fckl\u0259yin\" \/>\n<meta property=\"og:description\" content=\"D\u00fcnyada m\u0259\u015fhur Cash or Crash oyununa bax\u0131\u015f. \u018fsas x\u00fcsusiyy\u0259tl\u0259r, \u00fcst\u00fcnl\u00fckl\u0259r, oyun qaydalar\u0131 v\u0259 b\u00f6y\u00fck udma\u011f\u0131n sirl\u0259ri haqq\u0131nda m\u0259lumat \u0259ld\u0259 edin. Oyunu y\u00fckl\u0259yin v\u0259 dostlar\u0131n\u0131zla g\u00f6z\u0259l vaxt ke\u00e7irin.\" \/>\n<meta property=\"og:url\" content=\"https:\/\/aviator-crash.org\/az\/cash-v%c9%99-ya-crash-oynayin\/\" \/>\n<meta property=\"article:modified_time\" content=\"2024-02-02T18:31:04+00:00\" \/>\n<meta property=\"og:image\" content=\"https:\/\/aviator-crash.org\/wp-content\/uploads\/2024\/01\/cash-or-crash-live-1200x584-1-1024x498.jpeg\" \/>\n<meta name=\"twitter:card\" content=\"summary_large_image\" \/>\n<meta name=\"twitter:label1\" content=\"Est. reading time\" \/>\n\t<meta name=\"twitter:data1\" content=\"7 minutes\" \/>\n<script type=\"application\/ld+json\" class=\"yoast-schema-graph\">{\"@context\":\"https:\/\/schema.org\",\"@graph\":[{\"@type\":\"WebPage\",\"@id\":\"https:\/\/aviator-crash.org\/az\/cash-v%c9%99-ya-crash-oynayin\/\",\"url\":\"https:\/\/aviator-crash.org\/az\/cash-v%c9%99-ya-crash-oynayin\/\",\"name\":\"Kazinoda Cash or Crash oyunu, y\u00fckl\u0259yin\",\"isPartOf\":{\"@id\":\"https:\/\/aviator-crash.org\/az\/#website\"},\"datePublished\":\"2023-12-27T19:58:01+00:00\",\"dateModified\":\"2024-02-02T18:31:04+00:00\",\"description\":\"D\u00fcnyada m\u0259\u015fhur Cash or Crash oyununa bax\u0131\u015f. \u018fsas x\u00fcsusiyy\u0259tl\u0259r, \u00fcst\u00fcnl\u00fckl\u0259r, oyun qaydalar\u0131 v\u0259 b\u00f6y\u00fck udma\u011f\u0131n sirl\u0259ri haqq\u0131nda m\u0259lumat \u0259ld\u0259 edin. Oyunu y\u00fckl\u0259yin v\u0259 dostlar\u0131n\u0131zla g\u00f6z\u0259l vaxt ke\u00e7irin.\",\"breadcrumb\":{\"@id\":\"https:\/\/aviator-crash.org\/az\/cash-v%c9%99-ya-crash-oynayin\/#breadcrumb\"},\"inLanguage\":\"az\",\"potentialAction\":[{\"@type\":\"ReadAction\",\"target\":[\"https:\/\/aviator-crash.org\/az\/cash-v%c9%99-ya-crash-oynayin\/\"]}]},{\"@type\":\"BreadcrumbList\",\"@id\":\"https:\/\/aviator-crash.org\/az\/cash-v%c9%99-ya-crash-oynayin\/#breadcrumb\",\"itemListElement\":[{\"@type\":\"ListItem\",\"position\":1,\"name\":\"Home\",\"item\":\"https:\/\/aviator-crash.org\/az\/real-pul-ucun-aviator-online-oyun\/\"},{\"@type\":\"ListItem\",\"position\":2,\"name\":\"Cash v\u0259 ya Crash oynay\u0131n\"}]},{\"@type\":\"WebSite\",\"@id\":\"https:\/\/aviator-crash.org\/az\/#website\",\"url\":\"https:\/\/aviator-crash.org\/az\/\",\"name\":\"\",\"description\":\"\",\"potentialAction\":[{\"@type\":\"SearchAction\",\"target\":{\"@type\":\"EntryPoint\",\"urlTemplate\":\"https:\/\/aviator-crash.org\/az\/?s={search_term_string}\"},\"query-input\":\"required name=search_term_string\"}],\"inLanguage\":\"az\"}]}<\/script>\n<!-- \/ Yoast SEO plugin. -->","yoast_head_json":{"title":"Kazinoda Cash or Crash oyunu, y\u00fckl\u0259yin","description":"D\u00fcnyada m\u0259\u015fhur Cash or Crash oyununa bax\u0131\u015f. \u018fsas x\u00fcsusiyy\u0259tl\u0259r, \u00fcst\u00fcnl\u00fckl\u0259r, oyun qaydalar\u0131 v\u0259 b\u00f6y\u00fck udma\u011f\u0131n sirl\u0259ri haqq\u0131nda m\u0259lumat \u0259ld\u0259 edin. Oyunu y\u00fckl\u0259yin v\u0259 dostlar\u0131n\u0131zla g\u00f6z\u0259l vaxt ke\u00e7irin.","robots":{"index":"index","follow":"follow","max-snippet":"max-snippet:-1","max-image-preview":"max-image-preview:large","max-video-preview":"max-video-preview:-1"},"canonical":"https:\/\/aviator-crash.org\/az\/cash-v%c9%99-ya-crash-oynayin\/","og_locale":"az_AZ","og_type":"article","og_title":"Kazinoda Cash or Crash oyunu, y\u00fckl\u0259yin","og_description":"D\u00fcnyada m\u0259\u015fhur Cash or Crash oyununa bax\u0131\u015f. \u018fsas x\u00fcsusiyy\u0259tl\u0259r, \u00fcst\u00fcnl\u00fckl\u0259r, oyun qaydalar\u0131 v\u0259 b\u00f6y\u00fck udma\u011f\u0131n sirl\u0259ri haqq\u0131nda m\u0259lumat \u0259ld\u0259 edin. Oyunu y\u00fckl\u0259yin v\u0259 dostlar\u0131n\u0131zla g\u00f6z\u0259l vaxt ke\u00e7irin.","og_url":"https:\/\/aviator-crash.org\/az\/cash-v%c9%99-ya-crash-oynayin\/","article_modified_time":"2024-02-02T18:31:04+00:00","og_image":[{"url":"https:\/\/aviator-crash.org\/wp-content\/uploads\/2024\/01\/cash-or-crash-live-1200x584-1-1024x498.jpeg"}],"twitter_card":"summary_large_image","twitter_misc":{"Est. reading time":"7 minutes"},"schema":{"@context":"https:\/\/schema.org","@graph":[{"@type":"WebPage","@id":"https:\/\/aviator-crash.org\/az\/cash-v%c9%99-ya-crash-oynayin\/","url":"https:\/\/aviator-crash.org\/az\/cash-v%c9%99-ya-crash-oynayin\/","name":"Kazinoda Cash or Crash oyunu, y\u00fckl\u0259yin","isPartOf":{"@id":"https:\/\/aviator-crash.org\/az\/#website"},"datePublished":"2023-12-27T19:58:01+00:00","dateModified":"2024-02-02T18:31:04+00:00","description":"D\u00fcnyada m\u0259\u015fhur Cash or Crash oyununa bax\u0131\u015f. \u018fsas x\u00fcsusiyy\u0259tl\u0259r, \u00fcst\u00fcnl\u00fckl\u0259r, oyun qaydalar\u0131 v\u0259 b\u00f6y\u00fck udma\u011f\u0131n sirl\u0259ri haqq\u0131nda m\u0259lumat \u0259ld\u0259 edin. Oyunu y\u00fckl\u0259yin v\u0259 dostlar\u0131n\u0131zla g\u00f6z\u0259l vaxt ke\u00e7irin.","breadcrumb":{"@id":"https:\/\/aviator-crash.org\/az\/cash-v%c9%99-ya-crash-oynayin\/#breadcrumb"},"inLanguage":"az","potentialAction":[{"@type":"ReadAction","target":["https:\/\/aviator-crash.org\/az\/cash-v%c9%99-ya-crash-oynayin\/"]}]},{"@type":"BreadcrumbList","@id":"https:\/\/aviator-crash.org\/az\/cash-v%c9%99-ya-crash-oynayin\/#breadcrumb","itemListElement":[{"@type":"ListItem","position":1,"name":"Home","item":"https:\/\/aviator-crash.org\/az\/real-pul-ucun-aviator-online-oyun\/"},{"@type":"ListItem","position":2,"name":"Cash v\u0259 ya Crash oynay\u0131n"}]},{"@type":"WebSite","@id":"https:\/\/aviator-crash.org\/az\/#website","url":"https:\/\/aviator-crash.org\/az\/","name":"","description":"","potentialAction":[{"@type":"SearchAction","target":{"@type":"EntryPoint","urlTemplate":"https:\/\/aviator-crash.org\/az\/?s={search_term_string}"},"query-input":"required name=search_term_string"}],"inLanguage":"az"}]}},"_links":{"self":[{"href":"https:\/\/aviator-crash.org\/az\/wp-json\/wp\/v2\/pages\/2607"}],"collection":[{"href":"https:\/\/aviator-crash.org\/az\/wp-json\/wp\/v2\/pages"}],"about":[{"href":"https:\/\/aviator-crash.org\/az\/wp-json\/wp\/v2\/types\/page"}],"author":[{"embeddable":true,"href":"https:\/\/aviator-crash.org\/az\/wp-json\/wp\/v2\/users\/2"}],"replies":[{"embeddable":true,"href":"https:\/\/aviator-crash.org\/az\/wp-json\/wp\/v2\/comments?post=2607"}],"version-history":[{"count":1,"href":"https:\/\/aviator-crash.org\/az\/wp-json\/wp\/v2\/pages\/2607\/revisions"}],"predecessor-version":[{"id":2609,"href":"https:\/\/aviator-crash.org\/az\/wp-json\/wp\/v2\/pages\/2607\/revisions\/2609"}],"wp:attachment":[{"href":"https:\/\/aviator-crash.org\/az\/wp-json\/wp\/v2\/media?parent=2607"}],"curies":[{"name":"wp","href":"https:\/\/api.w.org\/{rel}","templated":true}]}}