{"id":3075,"date":"2023-12-27T19:12:26","date_gmt":"2023-12-27T19:12:26","guid":{"rendered":"https:\/\/aviator-crash.org\/cixarma-il%c9%99-onlayn-pul-ucun-sur%c9%99tli-oyunlar\/"},"modified":"2024-02-02T19:40:16","modified_gmt":"2024-02-02T19:40:16","slug":"cixarma-il%c9%99-onlayn-pul-ucun-sur%c9%99tli-oyunlar","status":"publish","type":"page","link":"https:\/\/aviator-crash.org\/az\/cixarma-il%c9%99-onlayn-pul-ucun-sur%c9%99tli-oyunlar\/","title":{"rendered":"\u00c7\u0131xarma il\u0259 onlayn pul \u00fc\u00e7\u00fcn s\u00fcr\u0259tli oyunlar"},"content":{"rendered":"\n<figure class=\"wp-block-gallery has-nested-images columns-default is-cropped wp-block-gallery-1 is-layout-flex wp-block-gallery-is-layout-flex\">\n<figure class=\"wp-block-image size-large\"><span itemprop=\"image\" itemscope itemtype=\"https:\/\/schema.org\/ImageObject\"><img itemprop=\"url image\" loading=\"lazy\" decoding=\"async\" width=\"683\" height=\"600\" data-id=\"460\" src=\"https:\/\/aviator-crash.org\/wp-content\/uploads\/2024\/01\/aviator-minigame-logo-4.png\" alt=\"\" class=\"wp-image-460\" srcset=\"https:\/\/aviator-crash.org\/wp-content\/uploads\/2024\/01\/aviator-minigame-logo-4.png 683w, https:\/\/aviator-crash.org\/wp-content\/uploads\/2024\/01\/aviator-minigame-logo-4-300x264.png 300w\" sizes=\"(max-width: 683px) 100vw, 683px\" \/><meta itemprop=\"width\" content=\"683\"><meta itemprop=\"height\" content=\"600\"><\/span><\/figure>\n<\/figure>\n\n<p>Crash oyunu konsepsiyas\u0131 2000-ci ill\u0259rin \u0259vv\u0259ll\u0259rind\u0259 ortaya \u00e7\u0131xd\u0131. Ancaq son bir ne\u00e7\u0259 ild\u0259 onlar getdikc\u0259 populyarla\u015fd\u0131lar. Tez pul qazanmaq \u00fc\u00e7\u00fcn oyunlar dem\u0259k olar ki, b\u00fct\u00fcn onlayn kazinolarda t\u0259qdim olunur. H\u0259r tur h\u0259y\u0259canl\u0131, adrenalinl\u0259 doludur. S\u00fcr\u0259tli oyunlarda sad\u0259 oyun var: \u00e7arpan art\u0131r v\u0259 udu\u015flar buna uy\u011fun olaraq art\u0131r; f\u0259lak\u0259td\u0259n \u0259vv\u0259l pul toplamaq \u00fc\u00e7\u00fcn vaxt\u0131n\u0131z olmal\u0131d\u0131r.    <\/p>\n\n<h2 class=\"wp-block-heading\">\u00c7\u0131xarma il\u0259 pul \u00fc\u00e7\u00fcn q\u0259za oyunu<\/h2>\n\n<p>Qumarda tez pul qazanmaq qumarbazlar \u00fc\u00e7\u00fcn \u00e7ox c\u0259lbedicidir. \u0130stifad\u0259\u00e7i oyunu diqq\u0259tl\u0259 izl\u0259m\u0259li v\u0259 intuisiyas\u0131n\u0131n ona dediyi anda d\u00fcym\u0259ni basmal\u0131d\u0131r. S\u00fcr\u0259tli pul \u00e7\u0131xar\u0131lmas\u0131 il\u0259 oyun reald\u0131r, bunu d\u00fcnyan\u0131n h\u0259r yerind\u0259n qumarbazlar t\u0259sdiql\u0259yir.  <\/p>\n\n<p>Prinsip \u00e7ox sad\u0259dir: oyun\u00e7u m\u0259rc edir, bundan sonra \u00e7arpan art\u0131r. Turun hans\u0131 n\u00f6qt\u0259d\u0259 bit\u0259c\u0259yini he\u00e7 kim bilmir. \u018fg\u0259r intuisiya say\u0259sind\u0259 f\u0259lak\u0259td\u0259n \u0259vv\u0259l d\u00fcym\u0259ni basarsan\u0131z, qumarda tez pul qazanmaq m\u00fcmk\u00fcnd\u00fcr. Udu\u015flar m\u0259rc v\u0259 oyunun dayand\u0131\u011f\u0131 \u0259msallar\u0131n m\u0259hsuludur. \u0130stifad\u0259\u00e7inin vaxt\u0131 yox idis\u0259, kazino qazand\u0131. D\u0259yirmi n\u0259 q\u0259d\u0259r uzun olsa, risk bir o q\u0259d\u0259r \u00e7ox olar. Ancaq eyni zamanda cekpotu vurmaq \u015fans\u0131 daha y\u00fcks\u0259kdir.      <\/p>\n\n<p>Pul \u00fc\u00e7\u00fcn crash oyunlar\u0131 RNG \u0259sas\u0131nda qurulub, onu m\u0259\u011flub etm\u0259k m\u00fcmk\u00fcn deyil. M\u00fcxt\u0259lif hack proqramlar\u0131 v\u0259 ya saxta sxeml\u0259r d\u0259 k\u00f6m\u0259k etm\u0259y\u0259c\u0259k. Q\u0259za oyunlar\u0131n\u0131n \u0259dal\u0259tliliyi s\u00fcbut edil\u0259 bil\u0259r, ist\u0259nil\u0259n istifad\u0259\u00e7i onlar\u0131 yoxlaya bil\u0259r.  <\/p>\n\n<h2 class=\"wp-block-heading\">Oyun Pul \u00fc\u00e7\u00fcn Aviator (u\u00e7an t\u0259yyar\u0259).<\/h2>\n\n<p>Pul \u00e7\u0131xar\u0131lmas\u0131 il\u0259 mini oyunlar \u00e7ox populyard\u0131r. V\u0259 \u0259n m\u0259\u015fhurlar\u0131ndan biri Aviatordur. Dizayn \u00e7ox sad\u0259dir. T\u0259yyar\u0259 qaranl\u0131q fonda h\u00fcnd\u00fcrl\u00fck qazan\u0131r. N\u0259 q\u0259d\u0259r y\u00fcks\u0259kdirs\u0259, \u0259msal bir o q\u0259d\u0259r y\u00fcks\u0259kdir. \u0130st\u0259s\u0259niz, animasiyan\u0131 s\u00f6nd\u00fcr\u0259 bil\u0259rsiniz. Bu halda istifad\u0259\u00e7i onun qar\u015f\u0131s\u0131nda yaln\u0131z artan \u0259msal g\u00f6r\u0259c\u0259k. \u00c7arpan bird\u0259n ba\u015flay\u0131r v\u0259 qeyri-b\u0259rab\u0259r y\u00fcks\u0259lir. Be\u015f v\u0259 ya y\u00fcz d\u0259f\u0259 b\u00f6y\u00fcm\u0259si \u00fc\u00e7\u00fcn bir ne\u00e7\u0259 saniy\u0259 kifay\u0259tdir. Turun m\u00fcdd\u0259ti tam saniy\u0259d\u0259n ki\u00e7ik bir hiss\u0259y\u0259 q\u0259d\u0259r d\u0259yi\u015f\u0259 bil\u0259r. \u0130st\u0259yirs\u0259, qumarbaz avtomatik oyuna ba\u015flay\u0131r; onun etm\u0259li oldu\u011fu t\u0259k \u015fey raundun bitm\u0259si \u00fc\u00e7\u00fcn m\u0259rc v\u0259 \u0259msallar\u0131 t\u0259yin etm\u0259kdir. Canl\u0131 Statistika say\u0259sind\u0259 \u0259vv\u0259lki m\u0259rcl\u0259r\u0259 v\u0259 dig\u0259r istifad\u0259\u00e7il\u0259rin n\u0259tic\u0259l\u0259rin\u0259 baxa bil\u0259rsiniz.           <\/p>\n\n<h2 class=\"wp-block-heading\">Q\u0259za oyunu &#8211; Lucky Jet<\/h2>\n\n<figure class=\"wp-block-gallery has-nested-images columns-default is-cropped wp-block-gallery-2 is-layout-flex wp-block-gallery-is-layout-flex\">\n<figure class=\"wp-block-image size-large\"><span itemprop=\"image\" itemscope itemtype=\"https:\/\/schema.org\/ImageObject\"><img itemprop=\"url image\" loading=\"lazy\" decoding=\"async\" width=\"1024\" height=\"509\" data-id=\"448\" src=\"https:\/\/aviator-crash.org\/wp-content\/uploads\/2024\/01\/lucky-jet_1-1024x509.jpg\" alt=\"\" class=\"wp-image-448\" srcset=\"https:\/\/aviator-crash.org\/wp-content\/uploads\/2024\/01\/lucky-jet_1-1024x509.jpg 1024w, https:\/\/aviator-crash.org\/wp-content\/uploads\/2024\/01\/lucky-jet_1-300x149.jpg 300w, https:\/\/aviator-crash.org\/wp-content\/uploads\/2024\/01\/lucky-jet_1-768x382.jpg 768w, https:\/\/aviator-crash.org\/wp-content\/uploads\/2024\/01\/lucky-jet_1.jpg 1093w\" sizes=\"(max-width: 1024px) 100vw, 1024px\" \/><meta itemprop=\"width\" content=\"1024\"><meta itemprop=\"height\" content=\"509\"><\/span><\/figure>\n<\/figure>\n\n<p>Bonuslu pul \u00fc\u00e7\u00fcn q\u0259za oyunlar\u0131 f\u0259rqli bir s\u00fcjet\u0259 malikdir. Onlayn olaraq \u015fans\u0131n\u0131z\u0131 Lucky Jet-d\u0259 s\u0131naya bil\u0259rsiniz, burada ba\u015f personaj Joe pulla dolu k\u00fcr\u0259kl\u0259 u\u00e7ma\u011fa \u00e7al\u0131\u015f\u0131r. Pul \u00fc\u00e7\u00fcn q\u0259za oyununun sad\u0259 qaydalar\u0131 var. Siz m\u0259rc se\u00e7m\u0259li v\u0259 onu na\u011fdla\u015fd\u0131rmaq \u00fc\u00e7\u00fcn vaxt\u0131n\u0131z olmal\u0131d\u0131r. Bunu vaxt\u0131nda etm\u0259s\u0259niz, pulunuz yanacaq. \u018fmsal Co-nun havada qald\u0131\u011f\u0131 m\u00fcdd\u0259td\u0259n as\u0131l\u0131d\u0131r.     <\/p>\n\n<p>Maksimum \u00e7arpan 100-d\u00fcr, b\u0259zi qumar obyektl\u0259rind\u0259 bu ikiqat art\u0131r. Qalib yaln\u0131z oyun\u00e7unun intuisiyas\u0131ndan as\u0131l\u0131d\u0131r, \u00e7\u00fcnki o, d\u00fcym\u0259ni n\u0259 vaxt basaca\u011f\u0131na q\u0259rar verir. <\/p>\n\n<h2 class=\"wp-block-heading\">Q\u0259za oyunu &#8211; Jet X<\/h2>\n\n<figure class=\"wp-block-gallery has-nested-images columns-default is-cropped wp-block-gallery-3 is-layout-flex wp-block-gallery-is-layout-flex\">\n<figure class=\"wp-block-image size-large\"><span itemprop=\"image\" itemscope itemtype=\"https:\/\/schema.org\/ImageObject\"><img itemprop=\"url image\" loading=\"lazy\" decoding=\"async\" width=\"1024\" height=\"621\" data-id=\"451\" src=\"https:\/\/aviator-crash.org\/wp-content\/uploads\/2024\/01\/jetx-game-9-1024x621-1.png\" alt=\"\" class=\"wp-image-451\" srcset=\"https:\/\/aviator-crash.org\/wp-content\/uploads\/2024\/01\/jetx-game-9-1024x621-1.png 1024w, https:\/\/aviator-crash.org\/wp-content\/uploads\/2024\/01\/jetx-game-9-1024x621-1-300x182.png 300w, https:\/\/aviator-crash.org\/wp-content\/uploads\/2024\/01\/jetx-game-9-1024x621-1-768x466.png 768w\" sizes=\"(max-width: 1024px) 100vw, 1024px\" \/><meta itemprop=\"width\" content=\"1024\"><meta itemprop=\"height\" content=\"621\"><\/span><\/figure>\n<\/figure>\n\n<p>Pul \u00fc\u00e7\u00fcn s\u00fcr\u0259tli oyunlar tez-tez \u0259sas personaj kimi bir vasit\u0259d\u0259n istifad\u0259 edir. Jet X-d\u0259 reaktivin h\u0259r\u0259k\u0259tin\u0259 n\u0259zar\u0259t etm\u0259lisiniz. Ancaq bir anda q\u0259zaya u\u011frayacaq v\u0259 radardan it\u0259c\u0259k. V\u0259 bundan \u0259vv\u0259l istifad\u0259\u00e7i ehtiyatla pul \u00e7\u0131xarmaq \u00fc\u00e7\u00fcn d\u00fcym\u0259ni basmal\u0131d\u0131r. \u018fks halda kazino qalib g\u0259lir.    <\/p>\n\n<p>Oyun \u0259n yax\u015f\u0131lardan biridir, bir \u00e7ox kazinolarda t\u0259qdim olunur. \u0130stifad\u0259\u00e7i qar\u015f\u0131s\u0131nda t\u0259yyar\u0259ni v\u0259 \u0259msal\u0131n\u0131 g\u00f6st\u0259r\u0259n radar ekran\u0131 g\u00f6r\u00fcr. T\u0259yyar\u0259 qalxd\u0131qca art\u0131r. Jet X-in \u201cS\u00fcr\u0259tli pul \u00e7\u0131xaran oyunlar\u201d kateqoriyas\u0131na daxil olmas\u0131 he\u00e7 d\u0259 bo\u015f yer\u0259 deyil, tur bir ne\u00e7\u0259 d\u0259qiq\u0259d\u0259n \u00e7ox \u00e7\u0259kmir.   <\/p>\n\n<p>Yan sah\u0259l\u0259rd\u0259 istifad\u0259\u00e7i \u0259vv\u0259lki turlarda \u0259ld\u0259 etdiyi n\u0259tic\u0259l\u0259ri g\u00f6r\u00fcr. Bundan \u0259lav\u0259, b\u00fct\u00fcn istifad\u0259\u00e7il\u0259rin real statistikas\u0131 g\u00f6st\u0259rilir. Oyun\u00e7u bir raundda iki m\u0259rc ed\u0259 bil\u0259r, z\u0259ruri hallarda pulun avtomatik \u00e7\u0131xar\u0131lmas\u0131 aktivl\u0259\u015fdirilir. Q\u0131r\u0131c\u0131 yenic\u0259 h\u00fcnd\u00fcrl\u00fck qazanma\u011fa ba\u015flasa bel\u0259, h\u0259r an q\u0259za ba\u015f verir. \u0130nformasiya saytlar\u0131 maksimum x25000 \u0259msal\u0131 bildirir, lakin h\u0259l\u0259 he\u00e7 bir qumarbaz buna \u00e7atmay\u0131b.    <\/p>\n\n<h2 class=\"wp-block-heading\">Q\u0259za oyunu &#8211; Rocket X<\/h2>\n\n<figure class=\"wp-block-gallery has-nested-images columns-default is-cropped wp-block-gallery-4 is-layout-flex wp-block-gallery-is-layout-flex\">\n<figure class=\"wp-block-image size-large\"><span itemprop=\"image\" itemscope itemtype=\"https:\/\/schema.org\/ImageObject\"><img itemprop=\"url image\" loading=\"lazy\" decoding=\"async\" width=\"1024\" height=\"448\" data-id=\"453\" src=\"https:\/\/aviator-crash.org\/wp-content\/uploads\/2024\/01\/screenshot-2022-11-29-at-12.55.42-1024x448.jpg\" alt=\"\" class=\"wp-image-453\" srcset=\"https:\/\/aviator-crash.org\/wp-content\/uploads\/2024\/01\/screenshot-2022-11-29-at-12.55.42-1024x448.jpg 1024w, https:\/\/aviator-crash.org\/wp-content\/uploads\/2024\/01\/screenshot-2022-11-29-at-12.55.42-300x131.jpg 300w, https:\/\/aviator-crash.org\/wp-content\/uploads\/2024\/01\/screenshot-2022-11-29-at-12.55.42-768x336.jpg 768w, https:\/\/aviator-crash.org\/wp-content\/uploads\/2024\/01\/screenshot-2022-11-29-at-12.55.42-1536x673.jpg 1536w, https:\/\/aviator-crash.org\/wp-content\/uploads\/2024\/01\/screenshot-2022-11-29-at-12.55.42-2048x897.jpg 2048w\" sizes=\"(max-width: 1024px) 100vw, 1024px\" \/><meta itemprop=\"width\" content=\"1024\"><meta itemprop=\"height\" content=\"448\"><\/span><\/figure>\n<\/figure>\n\n<p>\u0130stifad\u0259\u00e7i raketin u\u00e7u\u015funu izl\u0259yir. O, 0,1-d\u0259n 140-a q\u0259d\u0259r m\u0259rc ed\u0259 bil\u0259r. U\u00e7u\u015f n\u0259 q\u0259d\u0259r uzun s\u00fcr\u0259rs\u0259, \u0259msallar bir o q\u0259d\u0259r y\u00fcks\u0259k olar. Qumarbazlar oyunu \u00f6zl\u0259ri \u00fc\u00e7\u00fcn f\u0259rdil\u0259\u015fdir\u0259, avtomatik m\u0259rc v\u0259 pul \u00e7\u0131xarmalardan istifad\u0259 ed\u0259 bil\u0259rl\u0259r. Q\u0259za oyunu minimal parametrl\u0259r t\u0259l\u0259b edir. Bundan sonra istifad\u0259\u00e7i m\u00f6ht\u0259\u015f\u0259m prosesd\u0259n h\u0259zz ala bil\u0259r: raket burax\u0131ld\u0131qdan sonra parlaq \u015fleyf g\u00f6r\u00fcn\u00fcr v\u0259 \u0259msal da art\u0131r. Avtomatik geri \u00e7\u0259kilm\u0259 olmad\u0131qda, oyun\u00e7u raundun sonunu se\u00e7ir. Partlay\u0131\u015fdan \u0259vv\u0259l bunu bacarmay\u0131bsa, o, m\u0259\u011flub olaraq qal\u0131r. M\u00fcxt\u0259lif strategiya v\u0259 taktikalardan istifad\u0259 ets\u0259niz, qalib ola bil\u0259rsiniz.        <\/p>\n\n<h2 class=\"wp-block-heading\">Q\u0259za oyunu &#8211; Space XY<\/h2>\n\n<figure class=\"wp-block-gallery has-nested-images columns-default is-cropped wp-block-gallery-5 is-layout-flex wp-block-gallery-is-layout-flex\">\n<figure class=\"wp-block-image size-large\"><span itemprop=\"image\" itemscope itemtype=\"https:\/\/schema.org\/ImageObject\"><img itemprop=\"url image\" loading=\"lazy\" decoding=\"async\" width=\"1024\" height=\"577\" data-id=\"455\" src=\"https:\/\/aviator-crash.org\/wp-content\/uploads\/2024\/01\/spacexy-gameplay-screen-1024x577-1.webp\" alt=\"\" class=\"wp-image-455\" srcset=\"https:\/\/aviator-crash.org\/wp-content\/uploads\/2024\/01\/spacexy-gameplay-screen-1024x577-1.webp 1024w, https:\/\/aviator-crash.org\/wp-content\/uploads\/2024\/01\/spacexy-gameplay-screen-1024x577-1-300x169.webp 300w, https:\/\/aviator-crash.org\/wp-content\/uploads\/2024\/01\/spacexy-gameplay-screen-1024x577-1-768x433.webp 768w\" sizes=\"(max-width: 1024px) 100vw, 1024px\" \/><meta itemprop=\"width\" content=\"1024\"><meta itemprop=\"height\" content=\"577\"><\/span><\/figure>\n<\/figure>\n\n<p>Pul \u00fc\u00e7\u00fcn q\u0259za oyunu unikal x\u00fcsusiyy\u0259tl\u0259r\u0259 malikdir. Kosmik m\u00f6vzu onu oyun\u00e7ular \u00fc\u00e7\u00fcn daha maraql\u0131 v\u0259 c\u0259lbedici edir. Kosmik g\u0259mil\u0259r, qalaktikalar, yadplanetli canl\u0131lar, b\u00fct\u00fcn bunlar parlaq animasiya v\u0259 qrafika il\u0259 birl\u0259\u015f\u0259r\u0259k \u00f6z\u00fcn\u00fcz\u00fc qumar d\u00fcnyas\u0131na tamamil\u0259 q\u0259rq etm\u0259y\u0259 imkan verir. Space XY \u0259n yax\u015f\u0131 s\u00fcr\u0259tli pul \u00e7\u0131xarma oyunudur, o, qalib kombinasiyalara v\u0259 bonus x\u00fcsusiyy\u0259tl\u0259rin\u0259 malikdir. Siz onu m\u00fcxt\u0259lif onlayn kazinolarda tapa bil\u0259rsiniz, buna g\u00f6r\u0259 d\u0259 Crash oyunu geni\u015f auditoriyaya t\u0259qdim olunur. Siz real pul v\u0259 ya virtual \u00e7ipl\u0259r \u00fc\u00e7\u00fcn oynaya bil\u0259rsiniz; bunu etm\u0259k \u00fc\u00e7\u00fcn sad\u0259c\u0259 demo rejimin\u0259 ba\u015flay\u0131n.     <\/p>\n\n<h2 class=\"wp-block-heading\">S\u00fcr\u0259tli Oyun &#8211; Pul v\u0259 ya Q\u0259za<\/h2>\n\n<figure class=\"wp-block-gallery has-nested-images columns-default is-cropped wp-block-gallery-6 is-layout-flex wp-block-gallery-is-layout-flex\">\n<figure class=\"wp-block-image size-large\"><span itemprop=\"image\" itemscope itemtype=\"https:\/\/schema.org\/ImageObject\"><img itemprop=\"url image\" loading=\"lazy\" decoding=\"async\" width=\"1024\" height=\"576\" data-id=\"457\" src=\"https:\/\/aviator-crash.org\/wp-content\/uploads\/2024\/01\/cash-or-crash-evolution-live-games-hollywoodbets-1024x576-1.jpg\" alt=\"\" class=\"wp-image-457\" srcset=\"https:\/\/aviator-crash.org\/wp-content\/uploads\/2024\/01\/cash-or-crash-evolution-live-games-hollywoodbets-1024x576-1.jpg 1024w, https:\/\/aviator-crash.org\/wp-content\/uploads\/2024\/01\/cash-or-crash-evolution-live-games-hollywoodbets-1024x576-1-300x169.jpg 300w, https:\/\/aviator-crash.org\/wp-content\/uploads\/2024\/01\/cash-or-crash-evolution-live-games-hollywoodbets-1024x576-1-768x432.jpg 768w\" sizes=\"(max-width: 1024px) 100vw, 1024px\" \/><meta itemprop=\"width\" content=\"1024\"><meta itemprop=\"height\" content=\"576\"><\/span><\/figure>\n<\/figure>\n\n<p>Oyun\u00e7u \u00f6z\u00fcn\u00fc n\u0259h\u0259ng bir metropol \u00fcz\u0259rind\u0259 h\u0259r\u0259k\u0259t ed\u0259n bir hava g\u0259misind\u0259 tap\u0131r. \u0130stifad\u0259\u00e7i toplar\u0131n qar\u0131\u015fd\u0131r\u0131ld\u0131\u011f\u0131 bir ma\u015f\u0131n g\u00f6r\u00fcr. 8 q\u0131rm\u0131z\u0131, 19 ya\u015f\u0131l v\u0259 bir q\u0131z\u0131l top istifad\u0259 olunur. Oyun\u00e7u pill\u0259k\u0259nl\u0259rl\u0259 yuxar\u0131 qalxmal\u0131d\u0131r. Bunun \u00fc\u00e7\u00fcn o, ya\u015f\u0131l toplar\u0131 toplamal\u0131d\u0131r. N\u0259tic\u0259 q\u0131rm\u0131z\u0131d\u0131rsa, tur bitdi. Q\u0131z\u0131l top qorunmaq \u00fc\u00e7\u00fcn istifad\u0259 edil\u0259 bil\u0259r, \u0259lav\u0259 h\u0259yat verir.      <\/p>\n\n<p>Qalxan\u0131 s\u0131nd\u0131rd\u0131qdan v\u0259 ya ya\u015f\u0131l topu atd\u0131qdan sonra oyun\u00e7u tam q\u0259l\u0259b\u0259 il\u0259 oyunda qala bil\u0259r v\u0259 ya raundu bitir\u0259 bil\u0259r. Onun da pulun yar\u0131s\u0131n\u0131 \u00e7\u0131xarmaq imkan\u0131 var v\u0259 qalan m\u0259bl\u0259\u011fl\u0259 siz oyunu davam etdir\u0259 bil\u0259rsiniz. Qumarbaz iyirmi s\u0259viyy\u0259d\u0259n ke\u00e7m\u0259lidir. Bunlardan birincisind\u0259 \u00e7arpan 1,2x, pill\u0259k\u0259nin yuxar\u0131 hiss\u0259sind\u0259 is\u0259 18000x-dir. N\u0259tic\u0259d\u0259 90.000 qazanmaq \u00fc\u00e7\u00fcn oyun\u00e7u yaln\u0131z 5 dollar m\u0259rc etm\u0259lidir.    <\/p>\n\n<p>Onlayn kazinoda pulun tez \u00e7\u0131xar\u0131lmas\u0131 il\u0259 oyunu y\u00fckl\u0259y\u0259 bil\u0259rsiniz. Lisenziyal\u0131 etibarl\u0131 bir xidm\u0259t se\u00e7m\u0259k laz\u0131md\u0131r, bu, t\u0259nziml\u0259yicinin qaydalar\u0131na riay\u0259t olunmas\u0131na z\u0259man\u0259t verir. Bu o dem\u0259kdir ki, kazinonun qalibl\u0259r\u0259 h\u0259tta b\u00f6y\u00fck m\u0259bl\u0259\u011fl\u0259r d\u0259 \u00f6d\u0259m\u0259k \u00fc\u00e7\u00fcn pulu var v\u0259 o, daim daxili auditl\u0259rd\u0259n v\u0259 proqram t\u0259minat\u0131 yoxlamalar\u0131ndan ke\u00e7ir. M\u00fc\u0259ssis\u0259nin r\u0259yl\u0259rini v\u0259 veb sayt\u0131n\u0131 \u00f6yr\u0259nm\u0259k vacibdir. \u0130stifad\u0259\u00e7i f\u0131r\u0131ldaq\u00e7\u0131 sayta d\u00fc\u015f\u0259rs\u0259, o, bonus v\u0259 udu\u015flarla \u0259yl\u0259nc\u0259 \u0259ld\u0259 etm\u0259y\u0259c\u0259k, lakin \u015f\u0259xsi m\u0259lumatlar\u0131n\u0131 itir\u0259c\u0259k v\u0259 ya cihaz\u0131n\u0131 viruslarla yoluxduracaq.    <\/p>\n","protected":false},"excerpt":{"rendered":"<p>Crash oyunu konsepsiyas\u0131 2000-ci ill\u0259rin \u0259vv\u0259ll\u0259rind\u0259 ortaya \u00e7\u0131xd\u0131. Ancaq son bir ne\u00e7\u0259 ild\u0259 onlar getdikc\u0259 populyarla\u015fd\u0131lar. Tez pul qazanmaq \u00fc\u00e7\u00fcn oyunlar dem\u0259k olar ki, b\u00fct\u00fcn onlayn kazinolarda t\u0259qdim olunur. H\u0259r tur h\u0259y\u0259canl\u0131, adrenalinl\u0259 doludur. S\u00fcr\u0259tli oyunlarda sad\u0259 oyun var: \u00e7arpan art\u0131r v\u0259 udu\u015flar buna uy\u011fun olaraq art\u0131r; f\u0259lak\u0259td\u0259n \u0259vv\u0259l pul toplamaq \u00fc\u00e7\u00fcn vaxt\u0131n\u0131z olmal\u0131d\u0131r. \u00c7\u0131xarma [&hellip;]<\/p>\n","protected":false},"author":2,"featured_media":0,"parent":0,"menu_order":0,"comment_status":"closed","ping_status":"closed","template":"","meta":{"footnotes":""},"yoast_head":"<!-- This site is optimized with the Yoast SEO plugin v21.7 - https:\/\/yoast.com\/wordpress\/plugins\/seo\/ -->\n<title>Pul \u00fc\u00e7\u00fcn q\u0259za oyunlar\u0131 (pul \u00e7\u0131xar\u0131lmas\u0131 il\u0259 s\u00fcr\u0259tli onlayn Crash Game)<\/title>\n<meta name=\"description\" content=\"Q\u0259za oyunlar\u0131 populyard\u0131r, \u00e7\u00fcnki onlar tez pul qazanmaq imkan\u0131 verir. Q\u0259za il\u0259 pul \u00fc\u00e7\u00fcn oyunlar\u0131n sad\u0259 qaydalar\u0131 var. Eyni zamanda, onlar \u00e7ox h\u0259y\u0259canl\u0131 v\u0259 qumar oynay\u0131rlar.\" \/>\n<meta name=\"robots\" content=\"index, follow, max-snippet:-1, max-image-preview:large, max-video-preview:-1\" \/>\n<link rel=\"canonical\" href=\"https:\/\/aviator-crash.org\/az\/cixarma-il%c9%99-onlayn-pul-ucun-sur%c9%99tli-oyunlar\/\" \/>\n<meta property=\"og:locale\" content=\"az_AZ\" \/>\n<meta property=\"og:type\" content=\"article\" \/>\n<meta property=\"og:title\" content=\"Pul \u00fc\u00e7\u00fcn q\u0259za oyunlar\u0131 (pul \u00e7\u0131xar\u0131lmas\u0131 il\u0259 s\u00fcr\u0259tli onlayn Crash Game)\" \/>\n<meta property=\"og:description\" content=\"Q\u0259za oyunlar\u0131 populyard\u0131r, \u00e7\u00fcnki onlar tez pul qazanmaq imkan\u0131 verir. Q\u0259za il\u0259 pul \u00fc\u00e7\u00fcn oyunlar\u0131n sad\u0259 qaydalar\u0131 var. Eyni zamanda, onlar \u00e7ox h\u0259y\u0259canl\u0131 v\u0259 qumar oynay\u0131rlar.\" \/>\n<meta property=\"og:url\" content=\"https:\/\/aviator-crash.org\/az\/cixarma-il%c9%99-onlayn-pul-ucun-sur%c9%99tli-oyunlar\/\" \/>\n<meta property=\"article:modified_time\" content=\"2024-02-02T19:40:16+00:00\" \/>\n<meta property=\"og:image\" content=\"https:\/\/aviator-crash.org\/wp-content\/uploads\/2024\/01\/aviator-minigame-logo-4.png\" \/>\n<meta name=\"twitter:card\" content=\"summary_large_image\" \/>\n<meta name=\"twitter:label1\" content=\"Est. reading time\" \/>\n\t<meta name=\"twitter:data1\" content=\"7 minutes\" \/>\n<script type=\"application\/ld+json\" class=\"yoast-schema-graph\">{\"@context\":\"https:\/\/schema.org\",\"@graph\":[{\"@type\":\"WebPage\",\"@id\":\"https:\/\/aviator-crash.org\/az\/cixarma-il%c9%99-onlayn-pul-ucun-sur%c9%99tli-oyunlar\/\",\"url\":\"https:\/\/aviator-crash.org\/az\/cixarma-il%c9%99-onlayn-pul-ucun-sur%c9%99tli-oyunlar\/\",\"name\":\"Pul \u00fc\u00e7\u00fcn q\u0259za oyunlar\u0131 (pul \u00e7\u0131xar\u0131lmas\u0131 il\u0259 s\u00fcr\u0259tli onlayn Crash Game)\",\"isPartOf\":{\"@id\":\"https:\/\/aviator-crash.org\/az\/#website\"},\"datePublished\":\"2023-12-27T19:12:26+00:00\",\"dateModified\":\"2024-02-02T19:40:16+00:00\",\"description\":\"Q\u0259za oyunlar\u0131 populyard\u0131r, \u00e7\u00fcnki onlar tez pul qazanmaq imkan\u0131 verir. Q\u0259za il\u0259 pul \u00fc\u00e7\u00fcn oyunlar\u0131n sad\u0259 qaydalar\u0131 var. Eyni zamanda, onlar \u00e7ox h\u0259y\u0259canl\u0131 v\u0259 qumar oynay\u0131rlar.\",\"breadcrumb\":{\"@id\":\"https:\/\/aviator-crash.org\/az\/cixarma-il%c9%99-onlayn-pul-ucun-sur%c9%99tli-oyunlar\/#breadcrumb\"},\"inLanguage\":\"az\",\"potentialAction\":[{\"@type\":\"ReadAction\",\"target\":[\"https:\/\/aviator-crash.org\/az\/cixarma-il%c9%99-onlayn-pul-ucun-sur%c9%99tli-oyunlar\/\"]}]},{\"@type\":\"BreadcrumbList\",\"@id\":\"https:\/\/aviator-crash.org\/az\/cixarma-il%c9%99-onlayn-pul-ucun-sur%c9%99tli-oyunlar\/#breadcrumb\",\"itemListElement\":[{\"@type\":\"ListItem\",\"position\":1,\"name\":\"Home\",\"item\":\"https:\/\/aviator-crash.org\/az\/real-pul-ucun-aviator-online-oyun\/\"},{\"@type\":\"ListItem\",\"position\":2,\"name\":\"\u00c7\u0131xarma il\u0259 onlayn pul \u00fc\u00e7\u00fcn s\u00fcr\u0259tli oyunlar\"}]},{\"@type\":\"WebSite\",\"@id\":\"https:\/\/aviator-crash.org\/az\/#website\",\"url\":\"https:\/\/aviator-crash.org\/az\/\",\"name\":\"\",\"description\":\"\",\"potentialAction\":[{\"@type\":\"SearchAction\",\"target\":{\"@type\":\"EntryPoint\",\"urlTemplate\":\"https:\/\/aviator-crash.org\/az\/?s={search_term_string}\"},\"query-input\":\"required name=search_term_string\"}],\"inLanguage\":\"az\"}]}<\/script>\n<!-- \/ Yoast SEO plugin. -->","yoast_head_json":{"title":"Pul \u00fc\u00e7\u00fcn q\u0259za oyunlar\u0131 (pul \u00e7\u0131xar\u0131lmas\u0131 il\u0259 s\u00fcr\u0259tli onlayn Crash Game)","description":"Q\u0259za oyunlar\u0131 populyard\u0131r, \u00e7\u00fcnki onlar tez pul qazanmaq imkan\u0131 verir. Q\u0259za il\u0259 pul \u00fc\u00e7\u00fcn oyunlar\u0131n sad\u0259 qaydalar\u0131 var. Eyni zamanda, onlar \u00e7ox h\u0259y\u0259canl\u0131 v\u0259 qumar oynay\u0131rlar.","robots":{"index":"index","follow":"follow","max-snippet":"max-snippet:-1","max-image-preview":"max-image-preview:large","max-video-preview":"max-video-preview:-1"},"canonical":"https:\/\/aviator-crash.org\/az\/cixarma-il%c9%99-onlayn-pul-ucun-sur%c9%99tli-oyunlar\/","og_locale":"az_AZ","og_type":"article","og_title":"Pul \u00fc\u00e7\u00fcn q\u0259za oyunlar\u0131 (pul \u00e7\u0131xar\u0131lmas\u0131 il\u0259 s\u00fcr\u0259tli onlayn Crash Game)","og_description":"Q\u0259za oyunlar\u0131 populyard\u0131r, \u00e7\u00fcnki onlar tez pul qazanmaq imkan\u0131 verir. Q\u0259za il\u0259 pul \u00fc\u00e7\u00fcn oyunlar\u0131n sad\u0259 qaydalar\u0131 var. Eyni zamanda, onlar \u00e7ox h\u0259y\u0259canl\u0131 v\u0259 qumar oynay\u0131rlar.","og_url":"https:\/\/aviator-crash.org\/az\/cixarma-il%c9%99-onlayn-pul-ucun-sur%c9%99tli-oyunlar\/","article_modified_time":"2024-02-02T19:40:16+00:00","og_image":[{"url":"https:\/\/aviator-crash.org\/wp-content\/uploads\/2024\/01\/aviator-minigame-logo-4.png"}],"twitter_card":"summary_large_image","twitter_misc":{"Est. reading time":"7 minutes"},"schema":{"@context":"https:\/\/schema.org","@graph":[{"@type":"WebPage","@id":"https:\/\/aviator-crash.org\/az\/cixarma-il%c9%99-onlayn-pul-ucun-sur%c9%99tli-oyunlar\/","url":"https:\/\/aviator-crash.org\/az\/cixarma-il%c9%99-onlayn-pul-ucun-sur%c9%99tli-oyunlar\/","name":"Pul \u00fc\u00e7\u00fcn q\u0259za oyunlar\u0131 (pul \u00e7\u0131xar\u0131lmas\u0131 il\u0259 s\u00fcr\u0259tli onlayn Crash Game)","isPartOf":{"@id":"https:\/\/aviator-crash.org\/az\/#website"},"datePublished":"2023-12-27T19:12:26+00:00","dateModified":"2024-02-02T19:40:16+00:00","description":"Q\u0259za oyunlar\u0131 populyard\u0131r, \u00e7\u00fcnki onlar tez pul qazanmaq imkan\u0131 verir. Q\u0259za il\u0259 pul \u00fc\u00e7\u00fcn oyunlar\u0131n sad\u0259 qaydalar\u0131 var. Eyni zamanda, onlar \u00e7ox h\u0259y\u0259canl\u0131 v\u0259 qumar oynay\u0131rlar.","breadcrumb":{"@id":"https:\/\/aviator-crash.org\/az\/cixarma-il%c9%99-onlayn-pul-ucun-sur%c9%99tli-oyunlar\/#breadcrumb"},"inLanguage":"az","potentialAction":[{"@type":"ReadAction","target":["https:\/\/aviator-crash.org\/az\/cixarma-il%c9%99-onlayn-pul-ucun-sur%c9%99tli-oyunlar\/"]}]},{"@type":"BreadcrumbList","@id":"https:\/\/aviator-crash.org\/az\/cixarma-il%c9%99-onlayn-pul-ucun-sur%c9%99tli-oyunlar\/#breadcrumb","itemListElement":[{"@type":"ListItem","position":1,"name":"Home","item":"https:\/\/aviator-crash.org\/az\/real-pul-ucun-aviator-online-oyun\/"},{"@type":"ListItem","position":2,"name":"\u00c7\u0131xarma il\u0259 onlayn pul \u00fc\u00e7\u00fcn s\u00fcr\u0259tli oyunlar"}]},{"@type":"WebSite","@id":"https:\/\/aviator-crash.org\/az\/#website","url":"https:\/\/aviator-crash.org\/az\/","name":"","description":"","potentialAction":[{"@type":"SearchAction","target":{"@type":"EntryPoint","urlTemplate":"https:\/\/aviator-crash.org\/az\/?s={search_term_string}"},"query-input":"required name=search_term_string"}],"inLanguage":"az"}]}},"_links":{"self":[{"href":"https:\/\/aviator-crash.org\/az\/wp-json\/wp\/v2\/pages\/3075"}],"collection":[{"href":"https:\/\/aviator-crash.org\/az\/wp-json\/wp\/v2\/pages"}],"about":[{"href":"https:\/\/aviator-crash.org\/az\/wp-json\/wp\/v2\/types\/page"}],"author":[{"embeddable":true,"href":"https:\/\/aviator-crash.org\/az\/wp-json\/wp\/v2\/users\/2"}],"replies":[{"embeddable":true,"href":"https:\/\/aviator-crash.org\/az\/wp-json\/wp\/v2\/comments?post=3075"}],"version-history":[{"count":1,"href":"https:\/\/aviator-crash.org\/az\/wp-json\/wp\/v2\/pages\/3075\/revisions"}],"predecessor-version":[{"id":3083,"href":"https:\/\/aviator-crash.org\/az\/wp-json\/wp\/v2\/pages\/3075\/revisions\/3083"}],"wp:attachment":[{"href":"https:\/\/aviator-crash.org\/az\/wp-json\/wp\/v2\/media?parent=3075"}],"curies":[{"name":"wp","href":"https:\/\/api.w.org\/{rel}","templated":true}]}}