{"id":3659,"date":"2023-12-27T19:26:44","date_gmt":"2023-12-27T19:26:44","guid":{"rendered":"https:\/\/aviator-crash.org\/lucky-jet-1win-yukl%c9%99yin\/"},"modified":"2024-02-02T20:15:55","modified_gmt":"2024-02-02T20:15:55","slug":"lucky-jet-1win-yukl%c9%99yin","status":"publish","type":"page","link":"https:\/\/aviator-crash.org\/az\/lucky-jet-1win-yukl%c9%99yin\/","title":{"rendered":"Lucky Jet 1win y\u00fckl\u0259yin"},"content":{"rendered":"\n<figure class=\"wp-block-gallery has-nested-images columns-default is-cropped wp-block-gallery-1 is-layout-flex wp-block-gallery-is-layout-flex\">\n<figure class=\"wp-block-image size-large\"><span itemprop=\"image\" itemscope itemtype=\"https:\/\/schema.org\/ImageObject\"><img itemprop=\"url image\" loading=\"lazy\" decoding=\"async\" width=\"880\" height=\"500\" data-id=\"478\" src=\"https:\/\/aviator-crash.org\/wp-content\/uploads\/2024\/01\/lucky_jet_game-casino_yl6vvw.webp\" alt=\"\" class=\"wp-image-478\" srcset=\"https:\/\/aviator-crash.org\/wp-content\/uploads\/2024\/01\/lucky_jet_game-casino_yl6vvw.webp 880w, https:\/\/aviator-crash.org\/wp-content\/uploads\/2024\/01\/lucky_jet_game-casino_yl6vvw-300x170.webp 300w, https:\/\/aviator-crash.org\/wp-content\/uploads\/2024\/01\/lucky_jet_game-casino_yl6vvw-768x436.webp 768w\" sizes=\"(max-width: 880px) 100vw, 880px\" \/><meta itemprop=\"width\" content=\"880\"><meta itemprop=\"height\" content=\"500\"><\/span><\/figure>\n<\/figure>\n\n<p>Ustaca u\u00e7u\u015flar, h\u0259y\u0259canl\u0131 anlar v\u0259 sonsuz m\u0259kan Lucky Jet 1win adl\u0131 maraql\u0131 mac\u0259rada g\u00f6r\u00fc\u015f\u00fcr. Bu maraql\u0131 1 q\u0259l\u0259b\u0259 oyunu oyun\u00e7ular\u0131 h\u0259r bir manevrin q\u0259l\u0259b\u0259nin a\u00e7ar\u0131 ola bil\u0259c\u0259yi unikal h\u0259y\u0259can v\u0259 mac\u0259ra d\u00fcnyas\u0131na apar\u0131r. <\/p>\n\n<p>Lucky Jet 1win sad\u0259c\u0259 bir Android oyunu deyil, bu, h\u0259r an hadis\u0259l\u0259rin gedi\u015fat\u0131n\u0131 d\u0259yi\u015f\u0259 bil\u0259c\u0259yi maraql\u0131 qumar d\u00f6y\u00fc\u015fl\u0259ri d\u00fcnyas\u0131na q\u0259rq olmaq imkan\u0131d\u0131r. R\u0259smi Lucky Jet oyun proqram\u0131n\u0131 Odin VIN sayt\u0131nda y\u00fckl\u0259y\u0259 bil\u0259rsiniz. \u015e\u0259xsi hesab\u0131n\u0131zda m\u00fckafatlar\u0131n\u0131z\u0131 toplaya, dostlar\u0131n\u0131zla d\u00f6y\u00fc\u015f\u0259 v\u0259 yar\u0131\u015fa bil\u0259rsiniz. Lucky Jet 1win t\u0259tbiqini pulsuz y\u00fckl\u0259m\u0259k olar.   <\/p>\n\n<h2 class=\"wp-block-heading\">Onlayn oyun Lucky Jet \u00fcst\u00fcnl\u00fcy\u00fc<\/h2>\n\n<p>Bu proqram bir \u00e7ox \u00fcst\u00fcnl\u00fckl\u0259ri olan maraql\u0131 onlayn oyundur:<\/p>\n\n<ul>\n<li>Maraql\u0131 oyun. Oyun\u00e7ular u\u00e7an ma\u015f\u0131nlar\u0131nda havaya qalxark\u0259n y\u00fcks\u0259k texnologiyal\u0131 kosmik d\u00f6y\u00fc\u015fd\u0259n h\u0259zz ala bil\u0259rl\u0259r. <\/li>\n\n\n\n<li>\u00c7oxlu maraql\u0131 missiyalar.<\/li>\n\n\n\n<li>\u00c7ox oyun\u00e7u rejimi. \u018fsas \u00fcst\u00fcnl\u00fckl\u0259rd\u0259n biri dig\u0259r oyun\u00e7ularla onlayn oynamaq imkan\u0131d\u0131r. Lucky Jet 1win \u00fc\u00e7\u00fcn bu rejiml\u0259 ba\u011fl\u0131 r\u0259yl\u0259r son d\u0259r\u0259c\u0259 m\u00fcsb\u0259tdir, \u00e7\u00fcnki oyun\u00e7ular dostlar\u0131 v\u0259 ya dig\u0259r oyun\u00e7ularla m\u00fcbariz\u0259 apara, r\u0259qab\u0259t apara v\u0259 \u0259m\u0259kda\u015fl\u0131q ed\u0259 bil\u0259c\u0259kl\u0259r ki, bu da oyun t\u0259cr\u00fcb\u0259sin\u0259 sosial aspekt v\u0259 dinamizm \u0259lav\u0259 edir.  <\/li>\n\n\n\n<li>T\u0259yyar\u0259nin qurulmas\u0131. Oyun\u00e7ular\u0131n u\u00e7an ma\u015f\u0131nlar\u0131n\u0131 f\u0259rdil\u0259\u015fdirm\u0259k v\u0259 t\u0259kmill\u0259\u015fdirm\u0259k imkan\u0131 var. Bu, h\u0259r bir oyun\u00e7uya \u00f6z \u00fcslubunu v\u0259 strategiyas\u0131n\u0131 inki\u015faf etdirm\u0259y\u0259 imkan ver\u0259n f\u0259rdil\u0259\u015fdirilmi\u015f oyun t\u0259cr\u00fcb\u0259si yarad\u0131r.  <\/li>\n\n\n\n<li>Vizual c\u0259lbedici dizayn. 1win Lucky Jet oyunu t\u0259sirli qrafika v\u0259 dizayna malikdir ki, bu da oyun d\u00fcnyas\u0131n\u0131 r\u0259ngar\u0259ng v\u0259 vizual olaraq c\u0259lbedici edir. <\/li>\n\n\n\n<li>Daimi yenil\u0259m\u0259l\u0259r.<\/li>\n<\/ul>\n\n<p>Bu \u00fcst\u00fcnl\u00fckl\u0259ri n\u0259z\u0259r\u0259 alaraq, Lucky Jet s\u00fcr\u0259tli h\u0259r\u0259k\u0259t, sosial qar\u015f\u0131l\u0131ql\u0131 \u0259laq\u0259 v\u0259 strateji d\u00fc\u015f\u00fcnc\u0259 elementl\u0259rini birl\u0259\u015fdir\u0259n immersiv oyun t\u0259cr\u00fcb\u0259si t\u0259qdim edir.<\/p>\n\n<h2 class=\"wp-block-heading\">Lucky Jet nec\u0259 oynamaq olar<\/h2>\n\n<p>Oyun\u00e7ular, t\u0259l\u0259b olunarsa, hesab yaratmaqla v\u0259 \u00f6z t\u0259yyar\u0259l\u0259rini se\u00e7m\u0259kl\u0259 ba\u015flay\u0131rlar. Sizi idar\u0259etm\u0259 v\u0259 \u0259sas oyun t\u0259rzi il\u0259 tan\u0131\u015f etm\u0259k \u00fc\u00e7\u00fcn t\u0259lim veril\u0259 bil\u0259r. 1win Lucky Jet Pulsuz Bahis Kuponu olan v\u0259 ya olmayan oyunda, ir\u0259lil\u0259m\u0259k v\u0259 resurslar qazanmaq \u00fc\u00e7\u00fcn oyun\u00e7ular\u0131n yerin\u0259 yetirm\u0259li oldu\u011fu m\u00fcxt\u0259lif missiyalar, probleml\u0259r v\u0259 ya m\u0259qs\u0259dl\u0259r ola bil\u0259r.  <\/p>\n\n<p>Y\u00fcks\u0259k texnologiyal\u0131 bir t\u0259yyar\u0259nin n\u0259zar\u0259ti alt\u0131nda t\u0259hl\u00fck\u0259li r\u0259qibl\u0259rl\u0259 d\u00f6y\u00fc\u015f\u0259 girir, bacar\u0131qlar\u0131n\u0131z\u0131 inki\u015faf etdirir v\u0259 unikal m\u00fckafatlar toplay\u0131rs\u0131z. Q\u0259l\u0259b\u0259y\u0259 ged\u0259n yolda sizi maraql\u0131 missiyalar, n\u0259f\u0259s k\u0259s\u0259n kosmik m\u0259nz\u0259r\u0259l\u0259r v\u0259 g\u00f6zl\u0259nilm\u0259z g\u00f6r\u00fc\u015fl\u0259r g\u00f6zl\u0259yir. <\/p>\n\n<p>Lucky Jet-d\u0259 d\u00f6y\u00fc\u015f ad\u0259t\u0259n r\u0259qibl\u0259riniz\u0259 qalib g\u0259lm\u0259k \u00fc\u00e7\u00fcn m\u00fcxt\u0259lif manevrl\u0259r, silahlar v\u0259 taktiki q\u0259rarlardan istifad\u0259 etm\u0259yi \u0259hat\u0259 edir. Oyun\u00e7ular komp\u00fcter r\u0259qibl\u0259ri il\u0259 qar\u015f\u0131la\u015fa v\u0259 ya dig\u0259r oyun\u00e7ularla \u00e7ox oyun\u00e7u d\u00f6y\u00fc\u015fl\u0259rind\u0259 i\u015ftirak ed\u0259 bil\u0259rl\u0259r. <\/p>\n\n<p>\u018fla vaxt ke\u00e7irm\u0259k ist\u0259yirsinizs\u0259, o zaman cihaz\u0131n\u0131za m\u00fctl\u0259q Lucky Jet 1win y\u00fckl\u0259m\u0259lisiniz. Bundan sonra siz\u0259 q\u0259l\u0259b\u0259 qazanmaq \u00fc\u00e7\u00fcn bacar\u0131qlar\u0131n\u0131z, strategiyalar\u0131n\u0131z v\u0259 bacar\u0131qlar\u0131n\u0131zdan istifad\u0259 ed\u0259r\u0259k dinamik v\u0259 maraql\u0131 kosmik d\u00f6y\u00fc\u015f t\u0259cr\u00fcb\u0259sind\u0259n h\u0259zz almaq imkan\u0131 verilir. <\/p>\n\n<h2 class=\"wp-block-heading\">Lucky Jet-d\u0259 nec\u0259 qazanmaq olar<\/h2>\n\n<p>Qazanmaq bir ne\u00e7\u0259 amild\u0259n as\u0131l\u0131 ola bil\u0259r v\u0259 Lucky Jet 1win il\u0259 strategiya haz\u0131rlamaq v\u0259 oyunda u\u011fur qazanmaq \u00fc\u00e7\u00fcn bacar\u0131qlar\u0131n\u0131z\u0131 t\u0259kmill\u0259\u015fdirm\u0259k vacibdir. Lucky Jet-d\u0259 u\u011fur qazanma\u011f\u0131n\u0131za k\u00f6m\u0259k ed\u0259c\u0259k b\u0259zi m\u0259sl\u0259h\u0259tl\u0259r: <\/p>\n\n<ul>\n<li>N\u0259zar\u0259t vasit\u0259l\u0259ri il\u0259 tan\u0131\u015f olun. U\u00e7an aparat\u0131 idar\u0259 etm\u0259yi \u00f6yr\u0259nin. B\u00fct\u00fcn m\u00f6vcud manevrl\u0259ri v\u0259 \u0259mrl\u0259ri ba\u015fa d\u00fc\u015fm\u0259k d\u00f6y\u00fc\u015fd\u0259 effektiv \u015f\u0259kild\u0259 idar\u0259 etm\u0259y\u0259 k\u00f6m\u0259k ed\u0259c\u0259k.  <\/li>\n\n\n\n<li>One Wine Lucky Jet-d\u0259 m\u0259\u015fq edin. Bu, oyunun \u0259saslar\u0131n\u0131 m\u0259nims\u0259m\u0259y\u0259 v\u0259 m\u00fcxt\u0259lif taktikalardan nec\u0259 istifad\u0259 etm\u0259yi \u00f6yr\u0259nm\u0259y\u0259 k\u00f6m\u0259k ed\u0259c\u0259k. <\/li>\n\n\n\n<li>Uy\u011fun bir t\u0259yyar\u0259 se\u00e7in. B\u0259zil\u0259ri h\u00fccumda, b\u0259zil\u0259ri is\u0259 qa\u00e7maqda daha yax\u015f\u0131 ola bil\u0259r. <\/li>\n\n\n\n<li>Cihaz\u0131n\u0131z\u0131 b\u00f6y\u00fcd\u00fcn. Oyunda qazand\u0131\u011f\u0131n\u0131z resurslardan istifad\u0259 ed\u0259r\u0259k t\u0259yyar\u0259nizi t\u0259kmill\u0259\u015fdirin. Bu, d\u00f6y\u00fc\u015fl\u0259rd\u0259 \u015fans\u0131n\u0131z\u0131 art\u0131racaq v\u0259 sizi daha r\u0259qab\u0259tli ed\u0259c\u0259k.  <\/li>\n\n\n\n<li>H\u0259r d\u00f6y\u00fc\u015f \u00fc\u00e7\u00fcn Lucky Jet 1Win strategiyas\u0131 haz\u0131rlay\u0131n.<\/li>\n<\/ul>\n\n<p>\u018ftraf m\u00fchitd\u0259n \u00f6z xeyriniz\u0259 istifad\u0259 edin, h\u00fccumlardan yay\u0131n\u0131n, r\u0259qibl\u0259rinizd\u0259 z\u0259if c\u0259h\u0259tl\u0259ri axtar\u0131n. Daha effektiv q\u0259l\u0259b\u0259 \u00fc\u00e7\u00fcn ki\u00e7ik \u0259msal\u0131 olan strategiyaya \u00fcst\u00fcnl\u00fck verm\u0259k yax\u015f\u0131d\u0131r. <\/p>\n\n<p>Unutmay\u0131n ki, h\u0259r bir oyunun \u00f6z\u00fcn\u0259m\u0259xsus dinamikas\u0131 ola bil\u0259r, ona g\u00f6r\u0259 d\u0259 Lucky Jet-d\u0259 oyun bacar\u0131qlar\u0131n\u0131z\u0131 t\u0259kmill\u0259\u015fdirm\u0259k prosesind\u0259n s\u0131naq ke\u00e7irin, uy\u011funla\u015f\u0131n v\u0259 h\u0259zz al\u0131n.<\/p>\n\n<h2 class=\"wp-block-heading\">Lucky Jet-d\u0259 oyun qaydalar\u0131<\/h2>\n\n<p>Bu oyunun dig\u0259r \u00fcst\u00fcnl\u00fcy\u00fc qaydalar\u0131n sad\u0259liyi v\u0259 \u0259l\u00e7atanl\u0131\u011f\u0131d\u0131r. Bir ne\u00e7\u0259 tur var, onlar\u0131n \u0259sas m\u0259qs\u0259di m\u0259rcl\u0259rinizi vaxt\u0131nda yerl\u0259\u015fdirm\u0259kdir. Lucky Jet 1win r\u0259yl\u0259ri h\u0259r \u015feyin g\u00f6r\u00fcnd\u00fcy\u00fc q\u0259d\u0259r sad\u0259 olmad\u0131\u011f\u0131n\u0131 s\u00fcbut edir. M\u0259bl\u0259\u011f\u0259 vaxt\u0131nda m\u0259rc etm\u0259k vacibdir, \u0259ks halda o, yana bil\u0259r. Risk etm\u0259k, yoxsa daha m\u00fcnasib an\u0131 g\u00f6zl\u0259m\u0259k ist\u0259yirsiniz? H\u0259r \u015fey s\u0259nd\u0259n as\u0131l\u0131d\u0131r.     <\/p>\n\n<h2 class=\"wp-block-heading\">\u00c7ekl\u0259r<\/h2>\n\n<p>Lucky Jet-d\u0259n \u00e7ekl\u0259r oyun\u00e7ular\u0131n b\u0259zi bonuslar, resurslar v\u0259 ya dig\u0259r \u00fcst\u00fcnl\u00fckl\u0259r \u0259ld\u0259 etm\u0259k \u00fc\u00e7\u00fcn oyuna daxil ed\u0259 bil\u0259c\u0259yi x\u00fcsusi kodlard\u0131r. Siz onlara 1Win sayt\u0131nda baxa bil\u0259rsiniz. Onlar m\u00fcnt\u0259z\u0259m olaraq meydana \u00e7\u0131xacaq, oyun\u00e7ular\u0131 yeni imkanlar v\u0259 daha s\u0259rf\u0259li t\u0259klifl\u0259rl\u0259 sevindir\u0259c\u0259kl\u0259r.  <\/p>\n\n<h2 class=\"wp-block-heading\">R\u0259yl\u0259r<\/h2>\n\n<p>Budur b\u0259zi istifad\u0259\u00e7i r\u0259yl\u0259ri:<\/p>\n\n<p><\/p>\n","protected":false},"excerpt":{"rendered":"<p>Ustaca u\u00e7u\u015flar, h\u0259y\u0259canl\u0131 anlar v\u0259 sonsuz m\u0259kan Lucky Jet 1win adl\u0131 maraql\u0131 mac\u0259rada g\u00f6r\u00fc\u015f\u00fcr. Bu maraql\u0131 1 q\u0259l\u0259b\u0259 oyunu oyun\u00e7ular\u0131 h\u0259r bir manevrin q\u0259l\u0259b\u0259nin a\u00e7ar\u0131 ola bil\u0259c\u0259yi unikal h\u0259y\u0259can v\u0259 mac\u0259ra d\u00fcnyas\u0131na apar\u0131r. Lucky Jet 1win sad\u0259c\u0259 bir Android oyunu deyil, bu, h\u0259r an hadis\u0259l\u0259rin gedi\u015fat\u0131n\u0131 d\u0259yi\u015f\u0259 bil\u0259c\u0259yi maraql\u0131 qumar d\u00f6y\u00fc\u015fl\u0259ri d\u00fcnyas\u0131na q\u0259rq olmaq imkan\u0131d\u0131r. [&hellip;]<\/p>\n","protected":false},"author":2,"featured_media":0,"parent":0,"menu_order":0,"comment_status":"open","ping_status":"closed","template":"","meta":{"footnotes":""},"yoast_head":"<!-- This site is optimized with the Yoast SEO plugin v21.7 - https:\/\/yoast.com\/wordpress\/plugins\/seo\/ -->\n<title>1win kazinoda Lucky Jet oyunu, y\u00fckl\u0259yin<\/title>\n<meta name=\"description\" content=\"Siz\u0259 yax\u015f\u0131 pul qazanmaq \u00fc\u00e7\u00fcn real f\u00fcrs\u0259t ver\u0259n 1win kazinosunda d\u00fcnyaca m\u0259\u015fhur Lucky Jet oyununun icmal\u0131. Oyunun \u0259sas x\u00fcsusiyy\u0259tl\u0259ri, \u00fcst\u00fcnl\u00fckl\u0259ri v\u0259 qaydalar\u0131 il\u0259 tan\u0131\u015f olun. Ba\u015flay\u0131n v\u0259 tez qazan\u0131n!\" \/>\n<meta name=\"robots\" content=\"index, follow, max-snippet:-1, max-image-preview:large, max-video-preview:-1\" \/>\n<link rel=\"canonical\" href=\"https:\/\/aviator-crash.org\/az\/lucky-jet-1win-yukl%c9%99yin\/\" \/>\n<meta property=\"og:locale\" content=\"az_AZ\" \/>\n<meta property=\"og:type\" content=\"article\" \/>\n<meta property=\"og:title\" content=\"1win kazinoda Lucky Jet oyunu, y\u00fckl\u0259yin\" \/>\n<meta property=\"og:description\" content=\"Siz\u0259 yax\u015f\u0131 pul qazanmaq \u00fc\u00e7\u00fcn real f\u00fcrs\u0259t ver\u0259n 1win kazinosunda d\u00fcnyaca m\u0259\u015fhur Lucky Jet oyununun icmal\u0131. Oyunun \u0259sas x\u00fcsusiyy\u0259tl\u0259ri, \u00fcst\u00fcnl\u00fckl\u0259ri v\u0259 qaydalar\u0131 il\u0259 tan\u0131\u015f olun. Ba\u015flay\u0131n v\u0259 tez qazan\u0131n!\" \/>\n<meta property=\"og:url\" content=\"https:\/\/aviator-crash.org\/az\/lucky-jet-1win-yukl%c9%99yin\/\" \/>\n<meta property=\"article:modified_time\" content=\"2024-02-02T20:15:55+00:00\" \/>\n<meta property=\"og:image\" content=\"https:\/\/aviator-crash.org\/wp-content\/uploads\/2024\/01\/lucky_jet_game-casino_yl6vvw.webp\" \/>\n<meta name=\"twitter:card\" content=\"summary_large_image\" \/>\n<meta name=\"twitter:label1\" content=\"Est. reading time\" \/>\n\t<meta name=\"twitter:data1\" content=\"6 minutes\" \/>\n<script type=\"application\/ld+json\" class=\"yoast-schema-graph\">{\"@context\":\"https:\/\/schema.org\",\"@graph\":[{\"@type\":\"WebPage\",\"@id\":\"https:\/\/aviator-crash.org\/az\/lucky-jet-1win-yukl%c9%99yin\/\",\"url\":\"https:\/\/aviator-crash.org\/az\/lucky-jet-1win-yukl%c9%99yin\/\",\"name\":\"1win kazinoda Lucky Jet oyunu, y\u00fckl\u0259yin\",\"isPartOf\":{\"@id\":\"https:\/\/aviator-crash.org\/az\/#website\"},\"datePublished\":\"2023-12-27T19:26:44+00:00\",\"dateModified\":\"2024-02-02T20:15:55+00:00\",\"description\":\"Siz\u0259 yax\u015f\u0131 pul qazanmaq \u00fc\u00e7\u00fcn real f\u00fcrs\u0259t ver\u0259n 1win kazinosunda d\u00fcnyaca m\u0259\u015fhur Lucky Jet oyununun icmal\u0131. Oyunun \u0259sas x\u00fcsusiyy\u0259tl\u0259ri, \u00fcst\u00fcnl\u00fckl\u0259ri v\u0259 qaydalar\u0131 il\u0259 tan\u0131\u015f olun. Ba\u015flay\u0131n v\u0259 tez qazan\u0131n!\",\"breadcrumb\":{\"@id\":\"https:\/\/aviator-crash.org\/az\/lucky-jet-1win-yukl%c9%99yin\/#breadcrumb\"},\"inLanguage\":\"az\",\"potentialAction\":[{\"@type\":\"ReadAction\",\"target\":[\"https:\/\/aviator-crash.org\/az\/lucky-jet-1win-yukl%c9%99yin\/\"]}]},{\"@type\":\"BreadcrumbList\",\"@id\":\"https:\/\/aviator-crash.org\/az\/lucky-jet-1win-yukl%c9%99yin\/#breadcrumb\",\"itemListElement\":[{\"@type\":\"ListItem\",\"position\":1,\"name\":\"Home\",\"item\":\"https:\/\/aviator-crash.org\/az\/real-pul-ucun-aviator-online-oyun\/\"},{\"@type\":\"ListItem\",\"position\":2,\"name\":\"Lucky Jet 1win y\u00fckl\u0259yin\"}]},{\"@type\":\"WebSite\",\"@id\":\"https:\/\/aviator-crash.org\/az\/#website\",\"url\":\"https:\/\/aviator-crash.org\/az\/\",\"name\":\"\",\"description\":\"\",\"potentialAction\":[{\"@type\":\"SearchAction\",\"target\":{\"@type\":\"EntryPoint\",\"urlTemplate\":\"https:\/\/aviator-crash.org\/az\/?s={search_term_string}\"},\"query-input\":\"required name=search_term_string\"}],\"inLanguage\":\"az\"}]}<\/script>\n<!-- \/ Yoast SEO plugin. -->","yoast_head_json":{"title":"1win kazinoda Lucky Jet oyunu, y\u00fckl\u0259yin","description":"Siz\u0259 yax\u015f\u0131 pul qazanmaq \u00fc\u00e7\u00fcn real f\u00fcrs\u0259t ver\u0259n 1win kazinosunda d\u00fcnyaca m\u0259\u015fhur Lucky Jet oyununun icmal\u0131. Oyunun \u0259sas x\u00fcsusiyy\u0259tl\u0259ri, \u00fcst\u00fcnl\u00fckl\u0259ri v\u0259 qaydalar\u0131 il\u0259 tan\u0131\u015f olun. Ba\u015flay\u0131n v\u0259 tez qazan\u0131n!","robots":{"index":"index","follow":"follow","max-snippet":"max-snippet:-1","max-image-preview":"max-image-preview:large","max-video-preview":"max-video-preview:-1"},"canonical":"https:\/\/aviator-crash.org\/az\/lucky-jet-1win-yukl%c9%99yin\/","og_locale":"az_AZ","og_type":"article","og_title":"1win kazinoda Lucky Jet oyunu, y\u00fckl\u0259yin","og_description":"Siz\u0259 yax\u015f\u0131 pul qazanmaq \u00fc\u00e7\u00fcn real f\u00fcrs\u0259t ver\u0259n 1win kazinosunda d\u00fcnyaca m\u0259\u015fhur Lucky Jet oyununun icmal\u0131. Oyunun \u0259sas x\u00fcsusiyy\u0259tl\u0259ri, \u00fcst\u00fcnl\u00fckl\u0259ri v\u0259 qaydalar\u0131 il\u0259 tan\u0131\u015f olun. Ba\u015flay\u0131n v\u0259 tez qazan\u0131n!","og_url":"https:\/\/aviator-crash.org\/az\/lucky-jet-1win-yukl%c9%99yin\/","article_modified_time":"2024-02-02T20:15:55+00:00","og_image":[{"url":"https:\/\/aviator-crash.org\/wp-content\/uploads\/2024\/01\/lucky_jet_game-casino_yl6vvw.webp"}],"twitter_card":"summary_large_image","twitter_misc":{"Est. reading time":"6 minutes"},"schema":{"@context":"https:\/\/schema.org","@graph":[{"@type":"WebPage","@id":"https:\/\/aviator-crash.org\/az\/lucky-jet-1win-yukl%c9%99yin\/","url":"https:\/\/aviator-crash.org\/az\/lucky-jet-1win-yukl%c9%99yin\/","name":"1win kazinoda Lucky Jet oyunu, y\u00fckl\u0259yin","isPartOf":{"@id":"https:\/\/aviator-crash.org\/az\/#website"},"datePublished":"2023-12-27T19:26:44+00:00","dateModified":"2024-02-02T20:15:55+00:00","description":"Siz\u0259 yax\u015f\u0131 pul qazanmaq \u00fc\u00e7\u00fcn real f\u00fcrs\u0259t ver\u0259n 1win kazinosunda d\u00fcnyaca m\u0259\u015fhur Lucky Jet oyununun icmal\u0131. Oyunun \u0259sas x\u00fcsusiyy\u0259tl\u0259ri, \u00fcst\u00fcnl\u00fckl\u0259ri v\u0259 qaydalar\u0131 il\u0259 tan\u0131\u015f olun. Ba\u015flay\u0131n v\u0259 tez qazan\u0131n!","breadcrumb":{"@id":"https:\/\/aviator-crash.org\/az\/lucky-jet-1win-yukl%c9%99yin\/#breadcrumb"},"inLanguage":"az","potentialAction":[{"@type":"ReadAction","target":["https:\/\/aviator-crash.org\/az\/lucky-jet-1win-yukl%c9%99yin\/"]}]},{"@type":"BreadcrumbList","@id":"https:\/\/aviator-crash.org\/az\/lucky-jet-1win-yukl%c9%99yin\/#breadcrumb","itemListElement":[{"@type":"ListItem","position":1,"name":"Home","item":"https:\/\/aviator-crash.org\/az\/real-pul-ucun-aviator-online-oyun\/"},{"@type":"ListItem","position":2,"name":"Lucky Jet 1win y\u00fckl\u0259yin"}]},{"@type":"WebSite","@id":"https:\/\/aviator-crash.org\/az\/#website","url":"https:\/\/aviator-crash.org\/az\/","name":"","description":"","potentialAction":[{"@type":"SearchAction","target":{"@type":"EntryPoint","urlTemplate":"https:\/\/aviator-crash.org\/az\/?s={search_term_string}"},"query-input":"required name=search_term_string"}],"inLanguage":"az"}]}},"_links":{"self":[{"href":"https:\/\/aviator-crash.org\/az\/wp-json\/wp\/v2\/pages\/3659"}],"collection":[{"href":"https:\/\/aviator-crash.org\/az\/wp-json\/wp\/v2\/pages"}],"about":[{"href":"https:\/\/aviator-crash.org\/az\/wp-json\/wp\/v2\/types\/page"}],"author":[{"embeddable":true,"href":"https:\/\/aviator-crash.org\/az\/wp-json\/wp\/v2\/users\/2"}],"replies":[{"embeddable":true,"href":"https:\/\/aviator-crash.org\/az\/wp-json\/wp\/v2\/comments?post=3659"}],"version-history":[{"count":1,"href":"https:\/\/aviator-crash.org\/az\/wp-json\/wp\/v2\/pages\/3659\/revisions"}],"predecessor-version":[{"id":3661,"href":"https:\/\/aviator-crash.org\/az\/wp-json\/wp\/v2\/pages\/3659\/revisions\/3661"}],"wp:attachment":[{"href":"https:\/\/aviator-crash.org\/az\/wp-json\/wp\/v2\/media?parent=3659"}],"curies":[{"name":"wp","href":"https:\/\/api.w.org\/{rel}","templated":true}]}}