{"id":3707,"date":"2023-12-27T19:33:16","date_gmt":"2023-12-27T19:33:16","guid":{"rendered":"https:\/\/aviator-crash.org\/jet-x\/"},"modified":"2024-02-02T20:22:57","modified_gmt":"2024-02-02T20:22:57","slug":"jet-x","status":"publish","type":"page","link":"https:\/\/aviator-crash.org\/az\/jet-x\/","title":{"rendered":"Jet X"},"content":{"rendered":"\n<figure class=\"wp-block-gallery has-nested-images columns-default is-cropped wp-block-gallery-1 is-layout-flex wp-block-gallery-is-layout-flex\">\n<figure class=\"wp-block-image size-large\"><span itemprop=\"image\" itemscope itemtype=\"https:\/\/schema.org\/ImageObject\"><img itemprop=\"url image\" loading=\"lazy\" decoding=\"async\" width=\"1024\" height=\"576\" data-id=\"475\" src=\"https:\/\/aviator-crash.org\/wp-content\/uploads\/2024\/01\/how-to-play-jet-x-game-on-my-cell-phone-1200x675-1-1024x576-1.webp\" alt=\"\" class=\"wp-image-475\" srcset=\"https:\/\/aviator-crash.org\/wp-content\/uploads\/2024\/01\/how-to-play-jet-x-game-on-my-cell-phone-1200x675-1-1024x576-1.webp 1024w, https:\/\/aviator-crash.org\/wp-content\/uploads\/2024\/01\/how-to-play-jet-x-game-on-my-cell-phone-1200x675-1-1024x576-1-300x169.webp 300w, https:\/\/aviator-crash.org\/wp-content\/uploads\/2024\/01\/how-to-play-jet-x-game-on-my-cell-phone-1200x675-1-1024x576-1-768x432.webp 768w\" sizes=\"(max-width: 1024px) 100vw, 1024px\" \/><meta itemprop=\"width\" content=\"1024\"><meta itemprop=\"height\" content=\"576\"><\/span><\/figure>\n<\/figure>\n\n<p>Pulsuz y\u00fckl\u0259y\u0259 bil\u0259c\u0259yiniz Jet X d\u00fcnyas\u0131na adrenalin yar\u0131\u015f\u0131n\u0131n g\u0259l\u0259c\u0259yin\u0259 xo\u015f g\u0259lmisiniz! Bu, s\u00fcr\u0259t, h\u00fcnd\u00fcrl\u00fck v\u0259 inan\u0131lmaz stuntlar\u0131n bir g\u00fccl\u00fc ax\u0131nda birl\u0259\u015fdirildiyi Android \u00fc\u00e7\u00fcn maraql\u0131 arcade r\u0259smi mac\u0259ras\u0131d\u0131r. \u018fn m\u00fcasir t\u0259yyar\u0259nin kokpitin\u0259 daxil olun v\u0259 g\u00f6zl\u0259ntil\u0259rinizi a\u015facaq bir t\u0259qib\u0259 haz\u0131rla\u015f\u0131n. Jet X strategiyas\u0131 haqq\u0131nda unutmay\u0131n!   <\/p>\n\n<p>Proqram\u0131 \u0259n populyarlardan biri say\u0131lan bukmeker \u015firk\u0259ti XVIN-in sayt\u0131ndan asanl\u0131qla y\u00fckl\u0259y\u0259 bil\u0259rsiniz. \u015e\u0259xsi hesab yarad\u0131n, oyunu ba\u015flad\u0131n v\u0259 m\u00fcmk\u00fcn q\u0259d\u0259r tez yar\u0131\u015fa ba\u015flay\u0131n. <\/p>\n\n<h2 class=\"wp-block-heading\">Onlayn oyun Jet X \u00fcst\u00fcnl\u00fcy\u00fc<\/h2>\n\n<p>Onlayn oyun Jet X, onu arcade yar\u0131\u015flar\u0131 v\u0259 g\u0259l\u0259c\u0259k adrenalin h\u0259v\u0259skarlar\u0131 \u00fc\u00e7\u00fcn c\u0259lbedici ed\u0259n bir s\u0131ra \u00fcst\u00fcnl\u00fckl\u0259r\u0259 malikdir:<\/p>\n\n<ul>\n<li>S\u00fcr\u0259t v\u0259 dinamizm. Oyun h\u0259r saniy\u0259nin \u00f6n\u0259mli oldu\u011fu y\u00fcks\u0259k s\u00fcr\u0259tli yar\u0131\u015f t\u0259klif edir. \u00dc\u00e7\u00f6l\u00e7\u00fcl\u00fc m\u0259kanda dinamik oyun v\u0259 h\u0259r\u0259k\u0259t azadl\u0131\u011f\u0131 say\u0259sind\u0259 X Jet oyun\u00e7ular\u0131 y\u00fcks\u0259k s\u00fcr\u0259tli yar\u0131\u015f\u0131n adrenalinini h\u0259qiq\u0259t\u0259n hiss edirl\u0259r.  <\/li>\n\n\n\n<li>Unikal u\u00e7an ma\u015f\u0131nlar. Oyun\u00e7ular unikal x\u00fcsusiyy\u0259tl\u0259r\u0259 malik m\u00fcxt\u0259lif innovativ u\u00e7an n\u0259qliyyat vasit\u0259l\u0259ri aras\u0131ndan se\u00e7im ed\u0259 bil\u0259rl\u0259r. <\/li>\n\n\n\n<li>\u00c7ox istifad\u0259\u00e7i rejiminin m\u00f6vcudlu\u011fu. Dig\u0259r oyun\u00e7ularla onlayn r\u0259qab\u0259t aparmaq bacar\u0131\u011f\u0131 r\u0259qab\u0259t v\u0259 sosial qar\u015f\u0131l\u0131ql\u0131 \u0259laq\u0259 elementini \u0259lav\u0259 edir. Siz Jet X-i y\u00fckl\u0259y\u0259 v\u0259 dostlar\u0131n\u0131zla oyundan h\u0259zz ala bil\u0259rsiniz.  <\/li>\n\n\n\n<li>Cihazlar\u0131n t\u0259kmill\u0259\u015fdirilm\u0259si. Oyun\u00e7ular \u00f6z t\u0259yyar\u0259l\u0259rini yar\u0131\u015f t\u0259rzin\u0259 uy\u011funla\u015fd\u0131ra v\u0259 t\u0259kmill\u0259\u015fdir\u0259 bil\u0259rl\u0259r. Bu, h\u0259r bir oyun\u00e7u \u00fc\u00e7\u00fcn f\u0259rdi t\u0259cr\u00fcb\u0259 yarad\u0131r v\u0259 onlara ir\u0259lil\u0259dikc\u0259 avtomobill\u0259rini t\u0259kmill\u0259\u015fdirm\u0259y\u0259 imkan verir.  <\/li>\n\n\n\n<li>Daimi yenil\u0259m\u0259l\u0259r. T\u0259rtibat\u00e7\u0131lar Jet X-i daim yenil\u0259yir, yeni trekl\u0259r, cihazlar, rejiml\u0259r v\u0259 funksiyalar \u0259lav\u0259 edirl\u0259r. <\/li>\n<\/ul>\n\n<p>Bu \u00fcst\u00fcnl\u00fckl\u0259r Jet X-i s\u00fcr\u0259tli yar\u0131\u015flar\u0131, t\u0259yyar\u0259 dizayn\u0131nda yenilikl\u0259ri v\u0259 onlayn oyunlar\u0131n r\u0259qab\u0259t ruhunu d\u0259y\u0259rl\u0259ndir\u0259nl\u0259r \u00fc\u00e7\u00fcn c\u0259lbedici oyuna \u00e7evirir.<\/p>\n\n<h2 class=\"wp-block-heading\">Jet X nec\u0259 oynamaq olar<\/h2>\n\n<p>Jet X oyunu g\u0259l\u0259c\u0259kd\u0259 maraql\u0131 y\u00fcks\u0259k s\u00fcr\u0259tli yar\u0131\u015f t\u0259cr\u00fcb\u0259si t\u0259qdim edir. Jet X-i nec\u0259 oynama\u011fa ba\u015flamaq bar\u0259d\u0259 \u00fcmumi t\u00f6vsiy\u0259l\u0259r bunlard\u0131r: <\/p>\n\n<ol>\n<li>\u018fvv\u0259lc\u0259 platforman\u0131z\u0131n (komp\u00fcter, konsol, mobil cihaz) t\u0259limatlar\u0131na uy\u011fun olaraq oyunu cihaz\u0131n\u0131za qura\u015fd\u0131r\u0131n. Oyunu ba\u015flad\u0131n v\u0259 y\u00fckl\u0259m\u0259 prosesi ba\u015fa \u00e7atana q\u0259d\u0259r g\u00f6zl\u0259yin. <\/li>\n\n\n\n<li>Oyuna ba\u015flayanda sizd\u0259n ilk t\u0259yyar\u0259nizi se\u00e7m\u0259yiniz xahi\u015f olunacaq. F\u0259rqli cihazlar f\u0259rqli x\u00fcsusiyy\u0259tl\u0259r\u0259 v\u0259 qabiliyy\u0259tl\u0259r\u0259 malik ola bil\u0259r, bel\u0259likl\u0259 siz Jet X-i s\u0131naqdan ke\u00e7ir\u0259 v\u0259 oynaya bil\u0259rsiniz. <\/li>\n\n\n\n<li>T\u0259yyar\u0259nizin idar\u0259etm\u0259 vasit\u0259l\u0259ri il\u0259 tan\u0131\u015f olun. Bu, ad\u0259t\u0259n platformadan as\u0131l\u0131 olaraq d\u00fcym\u0259l\u0259rd\u0259n, joystikl\u0259rd\u0259n v\u0259 ya toxunma ekran\u0131ndan istifad\u0259ni \u0259hat\u0259 edir. <\/li>\n\n\n\n<li>Jet X kampaniya, multiplayer d\u00f6y\u00fc\u015fl\u0259ri kimi m\u00fcxt\u0259lif oyun rejiml\u0259ri t\u0259klif edir.<\/li>\n\n\n\n<li>Bir trek se\u00e7in v\u0259 yar\u0131\u015fa ba\u015flay\u0131n. H\u0259r bir yar\u0131\u015f\u0131n m\u0259qs\u0259d v\u0259 v\u0259zif\u0259l\u0259rin\u0259 diqq\u0259t yetirin, \u00e7\u00fcnki onlar oyun rejimind\u0259n as\u0131l\u0131 olaraq d\u0259yi\u015f\u0259 bil\u0259r. Jet X proqram\u0131 s\u0259viyy\u0259d\u0259n as\u0131l\u0131 olaraq d\u0259yi\u015f\u0259 bil\u0259r.  <\/li>\n\n\n\n<li>R\u0259qibl\u0259rl\u0259 d\u00f6y\u00fc\u015fm\u0259k v\u0259 stuntlar yerin\u0259 yetirm\u0259k \u00fc\u00e7\u00fcn u\u00e7an ma\u015f\u0131n\u0131n\u0131z\u0131n imkanlar\u0131ndan istifad\u0259 edin. B\u0259zi oyun rejiml\u0259rind\u0259 bu, \u0259lav\u0259 bonuslar v\u0259 ya s\u00fcr\u0259tl\u0259ndirm\u0259l\u0259r t\u0259min ed\u0259 bil\u0259r. <\/li>\n\n\n\n<li>Yar\u0131\u015flar\u0131 v\u0259 d\u00f6y\u00fc\u015fl\u0259ri tamamlad\u0131qdan sonra t\u0259yyar\u0259nizi t\u0259kmill\u0259\u015fdirm\u0259k v\u0259 f\u0259rdil\u0259\u015fdirm\u0259k \u00fc\u00e7\u00fcn oyundaxili resurslar v\u0259 ya valyuta qazan\u0131n.<\/li>\n\n\n\n<li>T\u0259rtibat\u00e7\u0131lar yeni trekl\u0259r, cihazlar v\u0259 rejiml\u0259r \u0259lav\u0259 ed\u0259 bil\u0259c\u0259yi \u00fc\u00e7\u00fcn oyun yenil\u0259m\u0259l\u0259ri \u00fc\u00e7\u00fcn bizi izl\u0259yin.<\/li>\n<\/ol>\n\n<p>X\u00fcsusi \u015f\u0259rtl\u0259r v\u0259 \u015f\u0259rtl\u0259r versiyadan as\u0131l\u0131 olaraq d\u0259yi\u015f\u0259 bil\u0259r. Jet X r\u0259yl\u0259rini v\u0259 t\u00f6vsiy\u0259l\u0259rini oxuyun, bu, oyunun mahiyy\u0259tini tez ba\u015fa d\u00fc\u015fm\u0259y\u0259 v\u0259 oynama\u011fa ba\u015flama\u011fa imkan ver\u0259c\u0259k. <\/p>\n\n<h2 class=\"wp-block-heading\">Jet X-d\u0259 nec\u0259 qalib g\u0259lm\u0259k olar?<\/h2>\n\n<p>Jet X-i u\u011furla oynamaq \u00fc\u00e7\u00fcn bacar\u0131qlar\u0131 inki\u015faf etdirm\u0259k v\u0259 yar\u0131\u015flarda v\u0259 d\u00f6y\u00fc\u015fl\u0259rd\u0259 qalib g\u0259lm\u0259k \u00fc\u00e7\u00fcn strategiyalar t\u0259tbiq etm\u0259k vacibdir. Oyunda u\u011fur qazanma\u011f\u0131n\u0131za k\u00f6m\u0259k ed\u0259 bil\u0259c\u0259k b\u0259zi m\u0259sl\u0259h\u0259tl\u0259r. \u0130lk n\u00f6vb\u0259d\u0259, u\u00e7an aparat\u0131n\u0131z\u0131n idar\u0259 olunmas\u0131n\u0131 m\u0259nims\u0259yin. H\u0259r bir h\u0259r\u0259k\u0259ti v\u0259 manevri ba\u015fa d\u00fc\u015fm\u0259k siz\u0259 m\u00fcxt\u0259lif v\u0259ziyy\u0259tl\u0259rd\u0259 daha effektiv idar\u0259 etm\u0259y\u0259 imkan ver\u0259c\u0259k. Trekl\u0259ri ara\u015fd\u0131r\u0131n v\u0259 \u0259traf m\u00fchitd\u0259n \u00f6z xeyriniz\u0259 istifad\u0259 edin.    <\/p>\n\n<p>Dig\u0259r s\u00fcbut edilmi\u015f m\u0259sl\u0259h\u0259t Jet X promo kodlar\u0131ndan istifad\u0259 etm\u0259kdir.Onlar s\u0259rf\u0259li \u015f\u0259rtl\u0259r v\u0259 \u0259lav\u0259 xal qazanmaq imkan\u0131 t\u0259klif edir. Siz promosyon kodlar\u0131n\u0131 ixtisasla\u015fm\u0131\u015f oyun saytlar\u0131nda v\u0259 ya XVIN-in x\u00fcsusi b\u00f6lm\u0259sind\u0259 tapa bil\u0259rsiniz. <\/p>\n\n<p>Jet X strategiyas\u0131 diqq\u0259t yetirilm\u0259si laz\u0131m olan ba\u015fqa bir vacib m\u0259qamd\u0131r. D\u00f6y\u00fc\u015fl\u0259r zaman\u0131 silah v\u0259 qoruyucu vasit\u0259l\u0259rd\u0259n istifad\u0259 etm\u0259kd\u0259 f\u0259al olun. D\u00fc\u015fm\u0259nl\u0259rl\u0259 effektiv qar\u015f\u0131l\u0131ql\u0131 \u0259laq\u0259 qazanmaq \u015fans\u0131n\u0131z\u0131 xeyli art\u0131ra bil\u0259r.  <\/p>\n\n<p>Yar\u0131\u015flar v\u0259 d\u00f6y\u00fc\u015fl\u0259r zaman\u0131 f\u0259ndl\u0259r etm\u0259yi unutmay\u0131n. Onlar \u0259lav\u0259 bonuslar v\u0259 s\u00fcr\u0259tl\u0259ndirm\u0259l\u0259r g\u0259tir\u0259 bil\u0259rl\u0259r. Bonuslar v\u0259 yax\u015f\u0131 yerl\u0259\u015fdiril\u0259n m\u0259rcl\u0259r haqq\u0131nda unutmay\u0131n. Jet X odds hesablama sistemind\u0259 siz b\u00fct\u00fcn riskl\u0259ri hesablaya v\u0259 a\u011f\u0131ll\u0131 m\u0259rc ed\u0259 bil\u0259rsiniz. U\u00e7an ma\u015f\u0131n\u0131n\u0131z\u0131 t\u0259kmill\u0259\u015fdirm\u0259k imkanlar\u0131ndan da f\u0259al istifad\u0259 edin. Mar\u015frutlar\u0131 diqq\u0259tl\u0259 \u00f6yr\u0259nin v\u0259 mar\u015frutunuzu \u0259vv\u0259lc\u0259d\u0259n planla\u015fd\u0131r\u0131n. Optimal yol se\u00e7imi v\u0259 s\u00fcr\u0259t\u0259 n\u0259zar\u0259t siz\u0259 r\u0259qibl\u0259rinizi \u00f6tm\u0259y\u0259 k\u00f6m\u0259k ed\u0259c\u0259k.      <\/p>\n\n<p>R\u0259qibl\u0259rinizin h\u0259r\u0259k\u0259tl\u0259rini izl\u0259yin v\u0259 trasda d\u0259yi\u015f\u0259n v\u0259ziyy\u0259t\u0259 uy\u011funla\u015f\u0131n. \u00c7eviklik v\u0259 uy\u011funla\u015fma s\u00fcr\u0259tli yar\u0131\u015flarda u\u011furun a\u00e7ar\u0131 ola bil\u0259r. Jet X oyununuz v\u0259 ya demonuz komanda oyunu t\u0259klif edirs\u0259, komandan\u0131zla aktiv \u015f\u0259kild\u0259 \u0259laq\u0259 saxlay\u0131n.  <\/p>\n\n<p>Jet X siz\u0259 yarad\u0131c\u0131l\u0131q v\u0259 taktiki q\u0259rarlar \u00fc\u00e7\u00fcn yer verir. \u015e\u0259rtl\u0259r\u0259 uy\u011funla\u015f\u0131n, Jet X \u0259msallar\u0131n\u0131n hesablanmas\u0131 sistemini ara\u015fd\u0131r\u0131n v\u0259 g\u0259l\u0259c\u0259kd\u0259 s\u00fcr\u0259tli v\u0259 h\u0259y\u0259canl\u0131 yar\u0131\u015flardan h\u0259zz al\u0131n! <\/p>\n\n<h2 class=\"wp-block-heading\">Jet X-d\u0259 oyun qaydalar\u0131<\/h2>\n\n<p>\u018fsas m\u0259qs\u0259d oyun rejimind\u0259n as\u0131l\u0131d\u0131r. Bu, kursu \u0259n q\u0131sa m\u00fcdd\u0259td\u0259 ba\u015fa vurmaq, r\u0259qibl\u0259r\u0259 qar\u015f\u0131 d\u00f6y\u00fc\u015fl\u0259rd\u0259 qalib g\u0259lm\u0259k, stuntlar g\u00f6st\u0259rm\u0259k v\u0259 ya multiplayer rejimind\u0259 m\u00fc\u0259yy\u0259n n\u0259tic\u0259l\u0259r \u0259ld\u0259 etm\u0259k ola bil\u0259r. Oyun ad\u0259t\u0259n h\u0259r biri \u00f6z\u00fcn\u0259m\u0259xsus probleml\u0259r t\u0259qdim ed\u0259n m\u00fcxt\u0259lif trekl\u0259r v\u0259 s\u0259viyy\u0259l\u0259r t\u0259qdim edir. Siz onlar\u0131n ham\u0131s\u0131na Jet X veb sayt\u0131nda baxa bil\u0259rsiniz.Oyun\u00e7ular daha y\u00fcks\u0259k s\u0259viyy\u0259li trekl\u0259rin \u00f6hd\u0259sind\u0259n u\u011furla g\u0259lm\u0259k \u00fc\u00e7\u00fcn t\u0259yyar\u0259l\u0259rini t\u0259kmill\u0259\u015fdir\u0259 bil\u0259rl\u0259r.   <\/p>\n\n<p>Oyun\u00e7ular platformadan as\u0131l\u0131 olaraq klaviatura, joystick, gamepad v\u0259 ya sensor ekrandan istifad\u0259 ed\u0259r\u0259k t\u0259yyar\u0259ni idar\u0259 edirl\u0259r. N\u0259zar\u0259tl\u0259r\u0259 istiqam\u0259ti d\u0259yi\u015fdirm\u0259k, s\u00fcr\u0259ti t\u0259nziml\u0259m\u0259k v\u0259 f\u0259ndl\u0259r yerin\u0259 yetirm\u0259k daxildir. F\u0259ndl\u0259r yerin\u0259 yetirm\u0259k s\u00fcr\u0259tl\u0259ndirm\u0259 v\u0259 ya \u0259lav\u0259 xal kimi bonuslar qazana bil\u0259r.  <\/p>\n\n<p>B\u0259zi oyun rejiml\u0259rind\u0259 oyun\u00e7ular \u00f6z cihazlar\u0131nda silah istifad\u0259 ed\u0259r\u0259k r\u0259qibl\u0259rl\u0259 d\u00f6y\u00fc\u015f\u0259 bil\u0259rl\u0259r. Silahlara raketl\u0259r, lazerl\u0259r v\u0259 dig\u0259r h\u00fccum v\u0259 ya m\u00fcdafi\u0259 vasit\u0259l\u0259ri daxil ola bil\u0259r. Oynama\u011fa ba\u015flamazdan \u0259vv\u0259l Jet X strategiyas\u0131n\u0131 v\u0259 r\u0259yl\u0259rini yoxlay\u0131n.  <\/p>\n\n<h2 class=\"wp-block-heading\">Promo kodlar\u0131<\/h2>\n\n<p>Promo kodlar\u0131 ad\u0259t\u0259n oyunun t\u0259rtibat\u00e7\u0131lar\u0131 v\u0259 ya oyunun yay\u0131ld\u0131\u011f\u0131 platforma t\u0259r\u0259find\u0259n t\u0259min edilir. Onlar qalib olmaq \u015fanslar\u0131n\u0131 art\u0131rmaq \u00fc\u00e7\u00fcn oyun\u00e7ulara x\u00fcsusi bonuslar v\u0259 ya \u00e7ipl\u0259r t\u0259qdim edirl\u0259r. Promosyon kodlar\u0131n\u0131 bir ne\u00e7\u0259 resursda tapa bil\u0259rsiniz:  <\/p>\n\n<ul>\n<li>R\u0259smi sayt.<\/li>\n\n\n\n<li>Sosial Mediya.<\/li>\n\n\n\n<li>Forumlar v\u0259 icmalar.<\/li>\n\n\n\n<li>X\u0259b\u0259rl\u0259r.<\/li>\n\n\n\n<li>T\u0259r\u0259fda\u015flar v\u0259 sponsorlar.<\/li>\n<\/ul>\n\n<h2 class=\"wp-block-heading\">R\u0259yl\u0259r<\/h2>\n\n<p>M\u0259\u015fhur oyun haqq\u0131nda b\u0259zi istifad\u0259\u00e7i r\u0259yl\u0259ri:<\/p>\n","protected":false},"excerpt":{"rendered":"<p>Pulsuz y\u00fckl\u0259y\u0259 bil\u0259c\u0259yiniz Jet X d\u00fcnyas\u0131na adrenalin yar\u0131\u015f\u0131n\u0131n g\u0259l\u0259c\u0259yin\u0259 xo\u015f g\u0259lmisiniz! Bu, s\u00fcr\u0259t, h\u00fcnd\u00fcrl\u00fck v\u0259 inan\u0131lmaz stuntlar\u0131n bir g\u00fccl\u00fc ax\u0131nda birl\u0259\u015fdirildiyi Android \u00fc\u00e7\u00fcn maraql\u0131 arcade r\u0259smi mac\u0259ras\u0131d\u0131r. \u018fn m\u00fcasir t\u0259yyar\u0259nin kokpitin\u0259 daxil olun v\u0259 g\u00f6zl\u0259ntil\u0259rinizi a\u015facaq bir t\u0259qib\u0259 haz\u0131rla\u015f\u0131n. Jet X strategiyas\u0131 haqq\u0131nda unutmay\u0131n! Proqram\u0131 \u0259n populyarlardan biri say\u0131lan bukmeker \u015firk\u0259ti XVIN-in sayt\u0131ndan asanl\u0131qla y\u00fckl\u0259y\u0259 [&hellip;]<\/p>\n","protected":false},"author":2,"featured_media":0,"parent":0,"menu_order":0,"comment_status":"open","ping_status":"closed","template":"","meta":{"footnotes":""},"yoast_head":"<!-- This site is optimized with the Yoast SEO plugin v21.7 - https:\/\/yoast.com\/wordpress\/plugins\/seo\/ -->\n<title>Jet X kazino oyunu, y\u00fckl\u0259yin<\/title>\n<meta name=\"description\" content=\"Jet X il\u0259 y\u00fcks\u0259k s\u00fcr\u0259tli yar\u0131\u015flar\u0131n h\u0259y\u0259can verici d\u00fcnyas\u0131na q\u0259rq olun - g\u0259l\u0259c\u0259kd\u0259 unikal v\u0259 h\u0259y\u0259canverici arcade t\u0259cr\u00fcb\u0259si. Qaydalar\u0131 diqq\u0259tl\u0259 oxuyun v\u0259 s\u00fckan\u0131 tez g\u00f6t\u00fcr\u00fcn. Sizi maraql\u0131 s\u0259rg\u00fcz\u0259\u015ftl\u0259r v\u0259 xo\u015f vaxt g\u00f6zl\u0259yir.\" \/>\n<meta name=\"robots\" content=\"index, follow, max-snippet:-1, max-image-preview:large, max-video-preview:-1\" \/>\n<link rel=\"canonical\" href=\"https:\/\/aviator-crash.org\/az\/jet-x\/\" \/>\n<meta property=\"og:locale\" content=\"az_AZ\" \/>\n<meta property=\"og:type\" content=\"article\" \/>\n<meta property=\"og:title\" content=\"Jet X kazino oyunu, y\u00fckl\u0259yin\" \/>\n<meta property=\"og:description\" content=\"Jet X il\u0259 y\u00fcks\u0259k s\u00fcr\u0259tli yar\u0131\u015flar\u0131n h\u0259y\u0259can verici d\u00fcnyas\u0131na q\u0259rq olun - g\u0259l\u0259c\u0259kd\u0259 unikal v\u0259 h\u0259y\u0259canverici arcade t\u0259cr\u00fcb\u0259si. Qaydalar\u0131 diqq\u0259tl\u0259 oxuyun v\u0259 s\u00fckan\u0131 tez g\u00f6t\u00fcr\u00fcn. Sizi maraql\u0131 s\u0259rg\u00fcz\u0259\u015ftl\u0259r v\u0259 xo\u015f vaxt g\u00f6zl\u0259yir.\" \/>\n<meta property=\"og:url\" content=\"https:\/\/aviator-crash.org\/az\/jet-x\/\" \/>\n<meta property=\"article:modified_time\" content=\"2024-02-02T20:22:57+00:00\" \/>\n<meta property=\"og:image\" content=\"https:\/\/aviator-crash.org\/wp-content\/uploads\/2024\/01\/how-to-play-jet-x-game-on-my-cell-phone-1200x675-1-1024x576-1.webp\" \/>\n<meta name=\"twitter:card\" content=\"summary_large_image\" \/>\n<meta name=\"twitter:label1\" content=\"Est. reading time\" \/>\n\t<meta name=\"twitter:data1\" content=\"8 minutes\" \/>\n<script type=\"application\/ld+json\" class=\"yoast-schema-graph\">{\"@context\":\"https:\/\/schema.org\",\"@graph\":[{\"@type\":\"WebPage\",\"@id\":\"https:\/\/aviator-crash.org\/az\/jet-x\/\",\"url\":\"https:\/\/aviator-crash.org\/az\/jet-x\/\",\"name\":\"Jet X kazino oyunu, y\u00fckl\u0259yin\",\"isPartOf\":{\"@id\":\"https:\/\/aviator-crash.org\/az\/#website\"},\"datePublished\":\"2023-12-27T19:33:16+00:00\",\"dateModified\":\"2024-02-02T20:22:57+00:00\",\"description\":\"Jet X il\u0259 y\u00fcks\u0259k s\u00fcr\u0259tli yar\u0131\u015flar\u0131n h\u0259y\u0259can verici d\u00fcnyas\u0131na q\u0259rq olun - g\u0259l\u0259c\u0259kd\u0259 unikal v\u0259 h\u0259y\u0259canverici arcade t\u0259cr\u00fcb\u0259si. Qaydalar\u0131 diqq\u0259tl\u0259 oxuyun v\u0259 s\u00fckan\u0131 tez g\u00f6t\u00fcr\u00fcn. Sizi maraql\u0131 s\u0259rg\u00fcz\u0259\u015ftl\u0259r v\u0259 xo\u015f vaxt g\u00f6zl\u0259yir.\",\"breadcrumb\":{\"@id\":\"https:\/\/aviator-crash.org\/az\/jet-x\/#breadcrumb\"},\"inLanguage\":\"az\",\"potentialAction\":[{\"@type\":\"ReadAction\",\"target\":[\"https:\/\/aviator-crash.org\/az\/jet-x\/\"]}]},{\"@type\":\"BreadcrumbList\",\"@id\":\"https:\/\/aviator-crash.org\/az\/jet-x\/#breadcrumb\",\"itemListElement\":[{\"@type\":\"ListItem\",\"position\":1,\"name\":\"Home\",\"item\":\"https:\/\/aviator-crash.org\/az\/real-pul-ucun-aviator-online-oyun\/\"},{\"@type\":\"ListItem\",\"position\":2,\"name\":\"Jet X\"}]},{\"@type\":\"WebSite\",\"@id\":\"https:\/\/aviator-crash.org\/az\/#website\",\"url\":\"https:\/\/aviator-crash.org\/az\/\",\"name\":\"\",\"description\":\"\",\"potentialAction\":[{\"@type\":\"SearchAction\",\"target\":{\"@type\":\"EntryPoint\",\"urlTemplate\":\"https:\/\/aviator-crash.org\/az\/?s={search_term_string}\"},\"query-input\":\"required name=search_term_string\"}],\"inLanguage\":\"az\"}]}<\/script>\n<!-- \/ Yoast SEO plugin. -->","yoast_head_json":{"title":"Jet X kazino oyunu, y\u00fckl\u0259yin","description":"Jet X il\u0259 y\u00fcks\u0259k s\u00fcr\u0259tli yar\u0131\u015flar\u0131n h\u0259y\u0259can verici d\u00fcnyas\u0131na q\u0259rq olun - g\u0259l\u0259c\u0259kd\u0259 unikal v\u0259 h\u0259y\u0259canverici arcade t\u0259cr\u00fcb\u0259si. Qaydalar\u0131 diqq\u0259tl\u0259 oxuyun v\u0259 s\u00fckan\u0131 tez g\u00f6t\u00fcr\u00fcn. Sizi maraql\u0131 s\u0259rg\u00fcz\u0259\u015ftl\u0259r v\u0259 xo\u015f vaxt g\u00f6zl\u0259yir.","robots":{"index":"index","follow":"follow","max-snippet":"max-snippet:-1","max-image-preview":"max-image-preview:large","max-video-preview":"max-video-preview:-1"},"canonical":"https:\/\/aviator-crash.org\/az\/jet-x\/","og_locale":"az_AZ","og_type":"article","og_title":"Jet X kazino oyunu, y\u00fckl\u0259yin","og_description":"Jet X il\u0259 y\u00fcks\u0259k s\u00fcr\u0259tli yar\u0131\u015flar\u0131n h\u0259y\u0259can verici d\u00fcnyas\u0131na q\u0259rq olun - g\u0259l\u0259c\u0259kd\u0259 unikal v\u0259 h\u0259y\u0259canverici arcade t\u0259cr\u00fcb\u0259si. Qaydalar\u0131 diqq\u0259tl\u0259 oxuyun v\u0259 s\u00fckan\u0131 tez g\u00f6t\u00fcr\u00fcn. Sizi maraql\u0131 s\u0259rg\u00fcz\u0259\u015ftl\u0259r v\u0259 xo\u015f vaxt g\u00f6zl\u0259yir.","og_url":"https:\/\/aviator-crash.org\/az\/jet-x\/","article_modified_time":"2024-02-02T20:22:57+00:00","og_image":[{"url":"https:\/\/aviator-crash.org\/wp-content\/uploads\/2024\/01\/how-to-play-jet-x-game-on-my-cell-phone-1200x675-1-1024x576-1.webp"}],"twitter_card":"summary_large_image","twitter_misc":{"Est. reading time":"8 minutes"},"schema":{"@context":"https:\/\/schema.org","@graph":[{"@type":"WebPage","@id":"https:\/\/aviator-crash.org\/az\/jet-x\/","url":"https:\/\/aviator-crash.org\/az\/jet-x\/","name":"Jet X kazino oyunu, y\u00fckl\u0259yin","isPartOf":{"@id":"https:\/\/aviator-crash.org\/az\/#website"},"datePublished":"2023-12-27T19:33:16+00:00","dateModified":"2024-02-02T20:22:57+00:00","description":"Jet X il\u0259 y\u00fcks\u0259k s\u00fcr\u0259tli yar\u0131\u015flar\u0131n h\u0259y\u0259can verici d\u00fcnyas\u0131na q\u0259rq olun - g\u0259l\u0259c\u0259kd\u0259 unikal v\u0259 h\u0259y\u0259canverici arcade t\u0259cr\u00fcb\u0259si. Qaydalar\u0131 diqq\u0259tl\u0259 oxuyun v\u0259 s\u00fckan\u0131 tez g\u00f6t\u00fcr\u00fcn. Sizi maraql\u0131 s\u0259rg\u00fcz\u0259\u015ftl\u0259r v\u0259 xo\u015f vaxt g\u00f6zl\u0259yir.","breadcrumb":{"@id":"https:\/\/aviator-crash.org\/az\/jet-x\/#breadcrumb"},"inLanguage":"az","potentialAction":[{"@type":"ReadAction","target":["https:\/\/aviator-crash.org\/az\/jet-x\/"]}]},{"@type":"BreadcrumbList","@id":"https:\/\/aviator-crash.org\/az\/jet-x\/#breadcrumb","itemListElement":[{"@type":"ListItem","position":1,"name":"Home","item":"https:\/\/aviator-crash.org\/az\/real-pul-ucun-aviator-online-oyun\/"},{"@type":"ListItem","position":2,"name":"Jet X"}]},{"@type":"WebSite","@id":"https:\/\/aviator-crash.org\/az\/#website","url":"https:\/\/aviator-crash.org\/az\/","name":"","description":"","potentialAction":[{"@type":"SearchAction","target":{"@type":"EntryPoint","urlTemplate":"https:\/\/aviator-crash.org\/az\/?s={search_term_string}"},"query-input":"required name=search_term_string"}],"inLanguage":"az"}]}},"_links":{"self":[{"href":"https:\/\/aviator-crash.org\/az\/wp-json\/wp\/v2\/pages\/3707"}],"collection":[{"href":"https:\/\/aviator-crash.org\/az\/wp-json\/wp\/v2\/pages"}],"about":[{"href":"https:\/\/aviator-crash.org\/az\/wp-json\/wp\/v2\/types\/page"}],"author":[{"embeddable":true,"href":"https:\/\/aviator-crash.org\/az\/wp-json\/wp\/v2\/users\/2"}],"replies":[{"embeddable":true,"href":"https:\/\/aviator-crash.org\/az\/wp-json\/wp\/v2\/comments?post=3707"}],"version-history":[{"count":1,"href":"https:\/\/aviator-crash.org\/az\/wp-json\/wp\/v2\/pages\/3707\/revisions"}],"predecessor-version":[{"id":3709,"href":"https:\/\/aviator-crash.org\/az\/wp-json\/wp\/v2\/pages\/3707\/revisions\/3709"}],"wp:attachment":[{"href":"https:\/\/aviator-crash.org\/az\/wp-json\/wp\/v2\/media?parent=3707"}],"curies":[{"name":"wp","href":"https:\/\/api.w.org\/{rel}","templated":true}]}}