{"id":4531,"date":"2023-12-22T18:32:01","date_gmt":"2023-12-22T18:32:01","guid":{"rendered":"https:\/\/aviator-crash.org\/ressenyes-del-joc-aviator\/"},"modified":"2024-02-02T20:49:59","modified_gmt":"2024-02-02T20:49:59","slug":"ressenyes-del-joc-aviator","status":"publish","type":"page","link":"https:\/\/aviator-crash.org\/ca\/ressenyes-del-joc-aviator\/","title":{"rendered":"Ressenyes del joc Aviator"},"content":{"rendered":"\n<p>Aviator \u00e9s un dels jocs en l\u00ednia m\u00e9s populars d&#8217;avui. \u00c9s per aix\u00f2 que, cada cop m\u00e9s sovint, apareixen consultes al cercador sobre ressenyes del joc Aviator utilitzant els diners dels que ja l&#8217;han provat i esbrin com de realistes hi ha les possibilitats de guanyar. <\/p>\n\n<h2 class=\"wp-block-heading\">Els nostres pensaments sobre el joc Aviator<\/h2>\n\n<p>El joc de crash Aviator \u00e9s, sens dubte, el millor desenvolupament de Spribe. \u00c9s \u00fanic, interessant, emocionant i pot provocar una onada de sensacions agradables en els aficionats a l&#8217;emoci\u00f3. El gran avantatge \u00e9s la curta durada de les rondes: nom\u00e9s uns segons de tensi\u00f3, i el jugador pot convertir-se en un guanyador multiplicant la seva aposta (10, 20 o potser 50 vegades). El m\u00e9s important \u00e9s tenir temps per retirar diners abans que l&#8217;avi\u00f3 s&#8217;estavella, per\u00f2 aix\u00f2 s&#8217;ha de fer amb les m\u00e0ximes probabilitats.   <\/p>\n\n<p>Aquest joc garanteix una onada d&#8217;emocions fins i tot per als jugadors m\u00e9s experimentats. Entenent aix\u00f2, molts casinos en l\u00ednia ofereixen aquesta m\u00e0quina: 1win, Pin Up, 1Xbet. La ranura t\u00e9 excel\u00b7lents gr\u00e0fics, claredat i efectes de so. Tamb\u00e9 pensem que aquest joc \u00e9s divertit i que, al nostre parer, val la pena jugar.   <\/p>\n\n<h2 class=\"wp-block-heading\">Opinions dels usuaris sobre el joc Aviator<\/h2>\n\n<p>Hi ha diferents ressenyes a Internet sobre el joc de crash Aviator de jugadors reals. Alguns l&#8217;admiren, d&#8217;altres la critiquen per la seva imprevisibilitat, els seus riscos i la incapacitat de crear una estrat\u00e8gia 100% guanyadora. Tanmateix, sovint aquesta \u00e9s precisament la bellesa dels jocs d&#8217;atzar.  <\/p>\n\n<p>Us convidem a treure les vostres pr\u00f2pies conclusions. Prova aquest joc i comparteix els teus comentaris deixant-los a la revisi\u00f3 seg\u00fcent. <\/p>\n","protected":false},"excerpt":{"rendered":"<p>Aviator \u00e9s un dels jocs en l\u00ednia m\u00e9s populars d&#8217;avui. \u00c9s per aix\u00f2 que, cada cop m\u00e9s sovint, apareixen consultes al cercador sobre ressenyes del joc Aviator utilitzant els diners dels que ja l&#8217;han provat i esbrin com de realistes hi ha les possibilitats de guanyar. Els nostres pensaments sobre el joc Aviator El joc [&hellip;]<\/p>\n","protected":false},"author":2,"featured_media":0,"parent":0,"menu_order":0,"comment_status":"closed","ping_status":"closed","template":"","meta":{"footnotes":""},"yoast_head":"<!-- This site is optimized with the Yoast SEO plugin v21.7 - https:\/\/yoast.com\/wordpress\/plugins\/seo\/ -->\n<title>Ressenyes del joc Aviator dels jugadors<\/title>\n<meta name=\"description\" content=\"Les ressenyes del joc de crash Aviator de jugadors reals us permetran con\u00e8ixer tots els avantatges i els contres del dispositiu. Normes b\u00e0siques de la m\u00e0quina i matisos de control.\" \/>\n<meta name=\"robots\" content=\"index, follow, max-snippet:-1, max-image-preview:large, max-video-preview:-1\" \/>\n<link rel=\"canonical\" href=\"https:\/\/aviator-crash.org\/ca\/ressenyes-del-joc-aviator\/\" \/>\n<meta property=\"og:locale\" content=\"ca_ES\" \/>\n<meta property=\"og:type\" content=\"article\" \/>\n<meta property=\"og:title\" content=\"Ressenyes del joc Aviator dels jugadors\" \/>\n<meta property=\"og:description\" content=\"Les ressenyes del joc de crash Aviator de jugadors reals us permetran con\u00e8ixer tots els avantatges i els contres del dispositiu. Normes b\u00e0siques de la m\u00e0quina i matisos de control.\" \/>\n<meta property=\"og:url\" content=\"https:\/\/aviator-crash.org\/ca\/ressenyes-del-joc-aviator\/\" \/>\n<meta property=\"article:modified_time\" content=\"2024-02-02T20:49:59+00:00\" \/>\n<meta name=\"twitter:card\" content=\"summary_large_image\" \/>\n<meta name=\"twitter:label1\" content=\"Est. reading time\" \/>\n\t<meta name=\"twitter:data1\" content=\"1 minut\" \/>\n<script type=\"application\/ld+json\" class=\"yoast-schema-graph\">{\"@context\":\"https:\/\/schema.org\",\"@graph\":[{\"@type\":\"WebPage\",\"@id\":\"https:\/\/aviator-crash.org\/ca\/ressenyes-del-joc-aviator\/\",\"url\":\"https:\/\/aviator-crash.org\/ca\/ressenyes-del-joc-aviator\/\",\"name\":\"Ressenyes del joc Aviator dels jugadors\",\"isPartOf\":{\"@id\":\"https:\/\/aviator-crash.org\/ca\/#website\"},\"datePublished\":\"2023-12-22T18:32:01+00:00\",\"dateModified\":\"2024-02-02T20:49:59+00:00\",\"description\":\"Les ressenyes del joc de crash Aviator de jugadors reals us permetran con\u00e8ixer tots els avantatges i els contres del dispositiu. Normes b\u00e0siques de la m\u00e0quina i matisos de control.\",\"breadcrumb\":{\"@id\":\"https:\/\/aviator-crash.org\/ca\/ressenyes-del-joc-aviator\/#breadcrumb\"},\"inLanguage\":\"ca\",\"potentialAction\":[{\"@type\":\"ReadAction\",\"target\":[\"https:\/\/aviator-crash.org\/ca\/ressenyes-del-joc-aviator\/\"]}]},{\"@type\":\"BreadcrumbList\",\"@id\":\"https:\/\/aviator-crash.org\/ca\/ressenyes-del-joc-aviator\/#breadcrumb\",\"itemListElement\":[{\"@type\":\"ListItem\",\"position\":1,\"name\":\"Home\",\"item\":\"https:\/\/aviator-crash.org\/ca\/joc-aviator-en-linia-per-diners-reals\/\"},{\"@type\":\"ListItem\",\"position\":2,\"name\":\"Ressenyes del joc Aviator\"}]},{\"@type\":\"WebSite\",\"@id\":\"https:\/\/aviator-crash.org\/ca\/#website\",\"url\":\"https:\/\/aviator-crash.org\/ca\/\",\"name\":\"\",\"description\":\"\",\"potentialAction\":[{\"@type\":\"SearchAction\",\"target\":{\"@type\":\"EntryPoint\",\"urlTemplate\":\"https:\/\/aviator-crash.org\/ca\/?s={search_term_string}\"},\"query-input\":\"required name=search_term_string\"}],\"inLanguage\":\"ca\"}]}<\/script>\n<!-- \/ Yoast SEO plugin. -->","yoast_head_json":{"title":"Ressenyes del joc Aviator dels jugadors","description":"Les ressenyes del joc de crash Aviator de jugadors reals us permetran con\u00e8ixer tots els avantatges i els contres del dispositiu. Normes b\u00e0siques de la m\u00e0quina i matisos de control.","robots":{"index":"index","follow":"follow","max-snippet":"max-snippet:-1","max-image-preview":"max-image-preview:large","max-video-preview":"max-video-preview:-1"},"canonical":"https:\/\/aviator-crash.org\/ca\/ressenyes-del-joc-aviator\/","og_locale":"ca_ES","og_type":"article","og_title":"Ressenyes del joc Aviator dels jugadors","og_description":"Les ressenyes del joc de crash Aviator de jugadors reals us permetran con\u00e8ixer tots els avantatges i els contres del dispositiu. Normes b\u00e0siques de la m\u00e0quina i matisos de control.","og_url":"https:\/\/aviator-crash.org\/ca\/ressenyes-del-joc-aviator\/","article_modified_time":"2024-02-02T20:49:59+00:00","twitter_card":"summary_large_image","twitter_misc":{"Est. reading time":"1 minut"},"schema":{"@context":"https:\/\/schema.org","@graph":[{"@type":"WebPage","@id":"https:\/\/aviator-crash.org\/ca\/ressenyes-del-joc-aviator\/","url":"https:\/\/aviator-crash.org\/ca\/ressenyes-del-joc-aviator\/","name":"Ressenyes del joc Aviator dels jugadors","isPartOf":{"@id":"https:\/\/aviator-crash.org\/ca\/#website"},"datePublished":"2023-12-22T18:32:01+00:00","dateModified":"2024-02-02T20:49:59+00:00","description":"Les ressenyes del joc de crash Aviator de jugadors reals us permetran con\u00e8ixer tots els avantatges i els contres del dispositiu. Normes b\u00e0siques de la m\u00e0quina i matisos de control.","breadcrumb":{"@id":"https:\/\/aviator-crash.org\/ca\/ressenyes-del-joc-aviator\/#breadcrumb"},"inLanguage":"ca","potentialAction":[{"@type":"ReadAction","target":["https:\/\/aviator-crash.org\/ca\/ressenyes-del-joc-aviator\/"]}]},{"@type":"BreadcrumbList","@id":"https:\/\/aviator-crash.org\/ca\/ressenyes-del-joc-aviator\/#breadcrumb","itemListElement":[{"@type":"ListItem","position":1,"name":"Home","item":"https:\/\/aviator-crash.org\/ca\/joc-aviator-en-linia-per-diners-reals\/"},{"@type":"ListItem","position":2,"name":"Ressenyes del joc Aviator"}]},{"@type":"WebSite","@id":"https:\/\/aviator-crash.org\/ca\/#website","url":"https:\/\/aviator-crash.org\/ca\/","name":"","description":"","potentialAction":[{"@type":"SearchAction","target":{"@type":"EntryPoint","urlTemplate":"https:\/\/aviator-crash.org\/ca\/?s={search_term_string}"},"query-input":"required name=search_term_string"}],"inLanguage":"ca"}]}},"_links":{"self":[{"href":"https:\/\/aviator-crash.org\/ca\/wp-json\/wp\/v2\/pages\/4531"}],"collection":[{"href":"https:\/\/aviator-crash.org\/ca\/wp-json\/wp\/v2\/pages"}],"about":[{"href":"https:\/\/aviator-crash.org\/ca\/wp-json\/wp\/v2\/types\/page"}],"author":[{"embeddable":true,"href":"https:\/\/aviator-crash.org\/ca\/wp-json\/wp\/v2\/users\/2"}],"replies":[{"embeddable":true,"href":"https:\/\/aviator-crash.org\/ca\/wp-json\/wp\/v2\/comments?post=4531"}],"version-history":[{"count":1,"href":"https:\/\/aviator-crash.org\/ca\/wp-json\/wp\/v2\/pages\/4531\/revisions"}],"predecessor-version":[{"id":4532,"href":"https:\/\/aviator-crash.org\/ca\/wp-json\/wp\/v2\/pages\/4531\/revisions\/4532"}],"wp:attachment":[{"href":"https:\/\/aviator-crash.org\/ca\/wp-json\/wp\/v2\/media?parent=4531"}],"curies":[{"name":"wp","href":"https:\/\/api.w.org\/{rel}","templated":true}]}}