{"id":4551,"date":"2023-12-27T19:09:40","date_gmt":"2023-12-27T19:09:40","guid":{"rendered":"https:\/\/aviator-crash.org\/jocs-com-aviator-per-diners\/"},"modified":"2024-02-02T20:51:48","modified_gmt":"2024-02-02T20:51:48","slug":"jocs-com-aviator-per-diners","status":"publish","type":"page","link":"https:\/\/aviator-crash.org\/ca\/jocs-com-aviator-per-diners\/","title":{"rendered":"Jocs com Aviator per diners"},"content":{"rendered":"\n<p>Aviator \u00e9s un joc \u00fanic, un dels primers videojocs per diners en el g\u00e8nere d&#8217;accidents, l&#8217;aparici\u00f3 del qual va fer un esquitxat als jocs d&#8217;atzar en l\u00ednia. \u00c9s din\u00e0mic, emocionant, amb rondes curtes, que s\u00f3n suficients per a una potent pujada d&#8217;adrenalina i emocions vives. Per\u00f2 un jugador sofisticat sempre est\u00e0 captivat per la varietat, de manera que avui la demanda d&#8217;an\u00e0legs del joc Aviator ha augmentat r\u00e0pidament. En adonar-se d&#8217;aix\u00f2, els principals desenvolupadors s&#8217;han centrat a introduir productes similars mitjan\u00e7ant un joc innovador.   <\/p>\n\n<h2 class=\"wp-block-heading\">Lucky Jet \u00e9s un an\u00e0leg del joc Aviator<\/h2>\n\n<p>Lucky Jet \u00e9s un joc de tipus Aviador per diners que guanya popularitat r\u00e0pidament, presentat pel casino en l\u00ednia 1win i \u00e9s un dels m\u00e9s bonics. Est\u00e0 fet com l&#8217;Aviator, per\u00f2 en comptes d&#8217;un avi\u00f3 has de mirar a Lucky Joe i la seva motxilla. Les apostes tamb\u00e9 es fan abans de l&#8217;inici de la ronda i, a continuaci\u00f3, s&#8217;activa el multiplicador i cal que tingueu temps per recollir els vostres guanys abans que en Joe se&#8217;n vagi volant.  <\/p>\n\n<p>Les probabilitats de Lucky Jet varien. Pots agafar l&#8217;aposta multiplicada per 3, o pots esperar un augment de 50, 100 o fins i tot 200 vegades. Les estad\u00edstiques mostren que les probabilitats altes s\u00f3n habituals. Per\u00f2 nom\u00e9s dep\u00e8n del jugador quanta paci\u00e8ncia tingui i si pot predir correctament la durada de la ronda.   <\/p>\n\n<h2 class=\"wp-block-heading\">Jet X \u00e9s un altre joc de tipus Aviator<\/h2>\n\n<p>El seg\u00fcent joc tipus Aviator que est\u00e0 guanyant popularitat activament \u00e9s Jet X, presentat per Smartsoft Gaming. \u00c9s multijugador, essencialment similar a Aviator, perqu\u00e8&#8230; En ell tamb\u00e9 haur\u00e0s de controlar l&#8217;avi\u00f3 guanyant altitud. La difer\u00e8ncia \u00e9s que es fa un seguiment del punt d&#8217;enlairament, \u00e9s a dir. Com m\u00e9s alt sigui, m\u00e9s grans seran les guanys del jugador a causa de l&#8217;augment de les probabilitats. No obstant aix\u00f2, si el jugador no t\u00e9 temps de retirar els diners abans de la sortida de l&#8217;avi\u00f3, ho perdr\u00e0 i ho perdr\u00e0 tot.     <\/p>\n\n<p>El joc \u00e9s emocionant, agrada amb l&#8217;equilibri d&#8217;adrenalina i emoci\u00f3, aix\u00ed com &#8220;trucs&#8221; especials. Per exemple: <\/p>\n\n<ul>\n<li>Hi ha una funci\u00f3 de bonificaci\u00f3 que implica un sorteig de jackpot.<\/li>\n\n\n\n<li>El desemborsament m\u00ednim s&#8217;estableix amb un coeficient d&#8217;1,1.<\/li>\n\n\n\n<li>El multiplicador funciona fins a m\u00e9s infinit.<\/li>\n<\/ul>\n\n<h2 class=\"wp-block-heading\">Rocket X (similar a Aviator)<\/h2>\n\n<p>Rocket X tamb\u00e9 \u00e9s una variant d&#8217;un joc com Aviator, presentat per Slotegrator. Atreu amb la seva interf\u00edcie gr\u00e0fica r\u00e0pida, la seva funcionalitat \u00fanica i la capacitat de proporcionar al jugador moltes emocions vives. En ell, l&#8217;argument es basa en l&#8217;enlairament d&#8217;un coet, al qual un jove intenta aferrar-se. Durant cada ronda hi ha un multiplicador d&#8217;apostes, de manera que podeu obtenir una quantitat multiplicada per 100 o fins i tot m\u00e9s.   <\/p>\n\n<p>Aquest joc t\u00e9 configuracions:<\/p>\n\n<ul>\n<li>Ofertes autom\u00e0tiques.<\/li>\n\n\n\n<li>Retirada autom\u00e0tica.<\/li>\n<\/ul>\n\n<p>Podeu utilitzar estrat\u00e8gies tant moderades com agressives. Al mateix temps, no hi ha un \u00fanic guanyador garantit; tot es basa en l&#8217;activaci\u00f3 d&#8217;un sistema aleatori, \u00e9s a dir. La fortuna ho determinar\u00e0 tot.  <\/p>\n\n<h2 class=\"wp-block-heading\">Espai XY (similar a Aviator)<\/h2>\n\n<p>Space XY tamb\u00e9 \u00e9s una opci\u00f3 fant\u00e0stica per a aquells que estiguin interessats en un joc d&#8217;efectiu similar a Aviator. En ell, els jugadors hauran de llan\u00e7ar no un avi\u00f3, sin\u00f3 un coet. La interf\u00edcie \u00e9s discreta i lac\u00f2nica. Les apostes es fan a la seg\u00fcent ronda, en la qual el jugador haur\u00e0 de veure el vol del seu coet. Tanmateix, pot desapar\u00e8ixer sobtadament del radar, desviar-se del rumb i explotar, i quan aix\u00f2 succeeix, totes les apostes estan desactivades. La tasca del jugador \u00e9s &#8220;saltar&#8221; des del coet a temps, \u00e9s a dir. com en altres jocs semblants, recollir els diners abans que exploti.      <\/p>\n\n<h2 class=\"wp-block-heading\">Cash o Crash (similar a Aviator)<\/h2>\n\n<p>Cash or Crash, tot i que \u00e9s un an\u00e0leg d&#8217;Aviator, es diferencia en que \u00e9s tot un programa de jocs i \u00e9s un joc en directe augmentat per la realitat. La trama es desenvolupa dins d&#8217;un dirigible virtual, on hi ha una escala de 20 graons. El moviment al llarg d&#8217;ella ajuda a aixecar l&#8217;aeronau i allunyar-la cada cop m\u00e9s de la Terra. En pujar les escales s&#8217;il\u00b7luminen boles verdes, cadascuna condueix a la vict\u00f2ria i augmenta els guanys, per\u00f2 tan bon punt s&#8217;enc\u00e9n la vermella, el jugador estavellar\u00e0 i ho perdr\u00e0 tot.   <\/p>\n\n<p>Peculiaritats:<\/p>\n\n<ul>\n<li>Es poden augmentar les apostes fins a 50.000 vegades.<\/li>\n\n\n\n<li>Tamb\u00e9 hi ha una bola daurada que d\u00f3na una vida extra.<\/li>\n<\/ul>\n\n<h2 class=\"wp-block-heading\">Treure conclusions<\/h2>\n\n<p>Els jocs d&#8217;aviador i similars s\u00f3n una gran oportunitat per relaxar-se, relaxar-se i desfer-se de la negativitat acumulada durant el dia. Al mateix temps, cada jugador persegueix el seu propi significat: <\/p>\n\n<ul>\n<li>Diverteix-te i satisf\u00e0 l&#8217;emoci\u00f3.<\/li>\n\n\n\n<li>Guanyar diners.<\/li>\n<\/ul>\n\n<p>Quin joc com Aviator per diners triar i amb quina finalitat jugar dep\u00e8n de tu, el m\u00e9s important \u00e9s poder controlar-te i seguir l&#8217;estrat\u00e8gia escollida. Una gran selecci\u00f3 d&#8217;escurabutxaques \u00e9s una gran oportunitat per diversificar el temps d&#8217;oci fins i tot del jugador m\u00e9s experimentat. <\/p>\n","protected":false},"excerpt":{"rendered":"<p>Aviator \u00e9s un joc \u00fanic, un dels primers videojocs per diners en el g\u00e8nere d&#8217;accidents, l&#8217;aparici\u00f3 del qual va fer un esquitxat als jocs d&#8217;atzar en l\u00ednia. \u00c9s din\u00e0mic, emocionant, amb rondes curtes, que s\u00f3n suficients per a una potent pujada d&#8217;adrenalina i emocions vives. Per\u00f2 un jugador sofisticat sempre est\u00e0 captivat per la varietat, [&hellip;]<\/p>\n","protected":false},"author":2,"featured_media":0,"parent":0,"menu_order":0,"comment_status":"closed","ping_status":"closed","template":"","meta":{"footnotes":""},"yoast_head":"<!-- This site is optimized with the Yoast SEO plugin v21.7 - https:\/\/yoast.com\/wordpress\/plugins\/seo\/ -->\n<title>Jocs similars per diners a Aviator (similar en tipus i an\u00e0legs a Aviator)<\/title>\n<meta name=\"description\" content=\"Revisi\u00f3 de jocs d&#039;accident com el fam\u00f3s &quot;Aviator&quot; per diners. Fes una ullada a les opcions TOP i tria la que et carregar\u00e0 de noves emocions i il\u00b7lusi\u00f3, i si Fortuna \u00e9s favorable, llavors amb una vict\u00f2ria s\u00f2lida!\" \/>\n<meta name=\"robots\" content=\"index, follow, max-snippet:-1, max-image-preview:large, max-video-preview:-1\" \/>\n<link rel=\"canonical\" href=\"https:\/\/aviator-crash.org\/ca\/jocs-com-aviator-per-diners\/\" \/>\n<meta property=\"og:locale\" content=\"ca_ES\" \/>\n<meta property=\"og:type\" content=\"article\" \/>\n<meta property=\"og:title\" content=\"Jocs similars per diners a Aviator (similar en tipus i an\u00e0legs a Aviator)\" \/>\n<meta property=\"og:description\" content=\"Revisi\u00f3 de jocs d&#039;accident com el fam\u00f3s &quot;Aviator&quot; per diners. Fes una ullada a les opcions TOP i tria la que et carregar\u00e0 de noves emocions i il\u00b7lusi\u00f3, i si Fortuna \u00e9s favorable, llavors amb una vict\u00f2ria s\u00f2lida!\" \/>\n<meta property=\"og:url\" content=\"https:\/\/aviator-crash.org\/ca\/jocs-com-aviator-per-diners\/\" \/>\n<meta property=\"article:modified_time\" content=\"2024-02-02T20:51:48+00:00\" \/>\n<meta name=\"twitter:card\" content=\"summary_large_image\" \/>\n<meta name=\"twitter:label1\" content=\"Est. reading time\" \/>\n\t<meta name=\"twitter:data1\" content=\"4 minuts\" \/>\n<script type=\"application\/ld+json\" class=\"yoast-schema-graph\">{\"@context\":\"https:\/\/schema.org\",\"@graph\":[{\"@type\":\"WebPage\",\"@id\":\"https:\/\/aviator-crash.org\/ca\/jocs-com-aviator-per-diners\/\",\"url\":\"https:\/\/aviator-crash.org\/ca\/jocs-com-aviator-per-diners\/\",\"name\":\"Jocs similars per diners a Aviator (similar en tipus i an\u00e0legs a Aviator)\",\"isPartOf\":{\"@id\":\"https:\/\/aviator-crash.org\/ca\/#website\"},\"datePublished\":\"2023-12-27T19:09:40+00:00\",\"dateModified\":\"2024-02-02T20:51:48+00:00\",\"description\":\"Revisi\u00f3 de jocs d'accident com el fam\u00f3s \\\"Aviator\\\" per diners. Fes una ullada a les opcions TOP i tria la que et carregar\u00e0 de noves emocions i il\u00b7lusi\u00f3, i si Fortuna \u00e9s favorable, llavors amb una vict\u00f2ria s\u00f2lida!\",\"breadcrumb\":{\"@id\":\"https:\/\/aviator-crash.org\/ca\/jocs-com-aviator-per-diners\/#breadcrumb\"},\"inLanguage\":\"ca\",\"potentialAction\":[{\"@type\":\"ReadAction\",\"target\":[\"https:\/\/aviator-crash.org\/ca\/jocs-com-aviator-per-diners\/\"]}]},{\"@type\":\"BreadcrumbList\",\"@id\":\"https:\/\/aviator-crash.org\/ca\/jocs-com-aviator-per-diners\/#breadcrumb\",\"itemListElement\":[{\"@type\":\"ListItem\",\"position\":1,\"name\":\"Home\",\"item\":\"https:\/\/aviator-crash.org\/ca\/joc-aviator-en-linia-per-diners-reals\/\"},{\"@type\":\"ListItem\",\"position\":2,\"name\":\"Jocs com Aviator per diners\"}]},{\"@type\":\"WebSite\",\"@id\":\"https:\/\/aviator-crash.org\/ca\/#website\",\"url\":\"https:\/\/aviator-crash.org\/ca\/\",\"name\":\"\",\"description\":\"\",\"potentialAction\":[{\"@type\":\"SearchAction\",\"target\":{\"@type\":\"EntryPoint\",\"urlTemplate\":\"https:\/\/aviator-crash.org\/ca\/?s={search_term_string}\"},\"query-input\":\"required name=search_term_string\"}],\"inLanguage\":\"ca\"}]}<\/script>\n<!-- \/ Yoast SEO plugin. -->","yoast_head_json":{"title":"Jocs similars per diners a Aviator (similar en tipus i an\u00e0legs a Aviator)","description":"Revisi\u00f3 de jocs d'accident com el fam\u00f3s \"Aviator\" per diners. Fes una ullada a les opcions TOP i tria la que et carregar\u00e0 de noves emocions i il\u00b7lusi\u00f3, i si Fortuna \u00e9s favorable, llavors amb una vict\u00f2ria s\u00f2lida!","robots":{"index":"index","follow":"follow","max-snippet":"max-snippet:-1","max-image-preview":"max-image-preview:large","max-video-preview":"max-video-preview:-1"},"canonical":"https:\/\/aviator-crash.org\/ca\/jocs-com-aviator-per-diners\/","og_locale":"ca_ES","og_type":"article","og_title":"Jocs similars per diners a Aviator (similar en tipus i an\u00e0legs a Aviator)","og_description":"Revisi\u00f3 de jocs d'accident com el fam\u00f3s \"Aviator\" per diners. Fes una ullada a les opcions TOP i tria la que et carregar\u00e0 de noves emocions i il\u00b7lusi\u00f3, i si Fortuna \u00e9s favorable, llavors amb una vict\u00f2ria s\u00f2lida!","og_url":"https:\/\/aviator-crash.org\/ca\/jocs-com-aviator-per-diners\/","article_modified_time":"2024-02-02T20:51:48+00:00","twitter_card":"summary_large_image","twitter_misc":{"Est. reading time":"4 minuts"},"schema":{"@context":"https:\/\/schema.org","@graph":[{"@type":"WebPage","@id":"https:\/\/aviator-crash.org\/ca\/jocs-com-aviator-per-diners\/","url":"https:\/\/aviator-crash.org\/ca\/jocs-com-aviator-per-diners\/","name":"Jocs similars per diners a Aviator (similar en tipus i an\u00e0legs a Aviator)","isPartOf":{"@id":"https:\/\/aviator-crash.org\/ca\/#website"},"datePublished":"2023-12-27T19:09:40+00:00","dateModified":"2024-02-02T20:51:48+00:00","description":"Revisi\u00f3 de jocs d'accident com el fam\u00f3s \"Aviator\" per diners. Fes una ullada a les opcions TOP i tria la que et carregar\u00e0 de noves emocions i il\u00b7lusi\u00f3, i si Fortuna \u00e9s favorable, llavors amb una vict\u00f2ria s\u00f2lida!","breadcrumb":{"@id":"https:\/\/aviator-crash.org\/ca\/jocs-com-aviator-per-diners\/#breadcrumb"},"inLanguage":"ca","potentialAction":[{"@type":"ReadAction","target":["https:\/\/aviator-crash.org\/ca\/jocs-com-aviator-per-diners\/"]}]},{"@type":"BreadcrumbList","@id":"https:\/\/aviator-crash.org\/ca\/jocs-com-aviator-per-diners\/#breadcrumb","itemListElement":[{"@type":"ListItem","position":1,"name":"Home","item":"https:\/\/aviator-crash.org\/ca\/joc-aviator-en-linia-per-diners-reals\/"},{"@type":"ListItem","position":2,"name":"Jocs com Aviator per diners"}]},{"@type":"WebSite","@id":"https:\/\/aviator-crash.org\/ca\/#website","url":"https:\/\/aviator-crash.org\/ca\/","name":"","description":"","potentialAction":[{"@type":"SearchAction","target":{"@type":"EntryPoint","urlTemplate":"https:\/\/aviator-crash.org\/ca\/?s={search_term_string}"},"query-input":"required name=search_term_string"}],"inLanguage":"ca"}]}},"_links":{"self":[{"href":"https:\/\/aviator-crash.org\/ca\/wp-json\/wp\/v2\/pages\/4551"}],"collection":[{"href":"https:\/\/aviator-crash.org\/ca\/wp-json\/wp\/v2\/pages"}],"about":[{"href":"https:\/\/aviator-crash.org\/ca\/wp-json\/wp\/v2\/types\/page"}],"author":[{"embeddable":true,"href":"https:\/\/aviator-crash.org\/ca\/wp-json\/wp\/v2\/users\/2"}],"replies":[{"embeddable":true,"href":"https:\/\/aviator-crash.org\/ca\/wp-json\/wp\/v2\/comments?post=4551"}],"version-history":[{"count":1,"href":"https:\/\/aviator-crash.org\/ca\/wp-json\/wp\/v2\/pages\/4551\/revisions"}],"predecessor-version":[{"id":4552,"href":"https:\/\/aviator-crash.org\/ca\/wp-json\/wp\/v2\/pages\/4551\/revisions\/4552"}],"wp:attachment":[{"href":"https:\/\/aviator-crash.org\/ca\/wp-json\/wp\/v2\/media?parent=4551"}],"curies":[{"name":"wp","href":"https:\/\/api.w.org\/{rel}","templated":true}]}}