{"id":5165,"date":"2023-12-27T19:12:26","date_gmt":"2023-12-27T19:12:26","guid":{"rendered":"https:\/\/aviator-crash.org\/jocs-rapids-per-diners-en-linia-amb-retirada\/"},"modified":"2024-02-02T21:11:18","modified_gmt":"2024-02-02T21:11:18","slug":"jocs-rapids-per-diners-en-linia-amb-retirada","status":"publish","type":"page","link":"https:\/\/aviator-crash.org\/ca\/jocs-rapids-per-diners-en-linia-amb-retirada\/","title":{"rendered":"Jocs r\u00e0pids per diners en l\u00ednia amb retirada"},"content":{"rendered":"\n<figure class=\"wp-block-gallery has-nested-images columns-default is-cropped wp-block-gallery-1 is-layout-flex wp-block-gallery-is-layout-flex\">\n<figure class=\"wp-block-image size-large\"><span itemprop=\"image\" itemscope itemtype=\"https:\/\/schema.org\/ImageObject\"><img itemprop=\"url image\" loading=\"lazy\" decoding=\"async\" width=\"683\" height=\"600\" data-id=\"460\" src=\"https:\/\/aviator-crash.org\/wp-content\/uploads\/2024\/01\/aviator-minigame-logo-4.png\" alt=\"\" class=\"wp-image-460\" srcset=\"https:\/\/aviator-crash.org\/wp-content\/uploads\/2024\/01\/aviator-minigame-logo-4.png 683w, https:\/\/aviator-crash.org\/wp-content\/uploads\/2024\/01\/aviator-minigame-logo-4-300x264.png 300w\" sizes=\"(max-width: 683px) 100vw, 683px\" \/><meta itemprop=\"width\" content=\"683\"><meta itemprop=\"height\" content=\"600\"><\/span><\/figure>\n<\/figure>\n\n<p>El concepte de joc Crash va apar\u00e8ixer a principis dels anys 2000. No obstant aix\u00f2, en els \u00faltims anys s&#8217;han tornat cada cop m\u00e9s populars. Els jocs per guanyar diners r\u00e0pidament es presenten a gaireb\u00e9 tots els casinos en l\u00ednia. Cada ronda \u00e9s emocionant, plena d&#8217;adrenalina. Els jocs r\u00e0pids tenen un joc senzill: el multiplicador augmenta i els guanys augmenten en conseq\u00fc\u00e8ncia; cal tenir temps per recollir els diners abans del desastre.    <\/p>\n\n<h2 class=\"wp-block-heading\">Joc de crash per diners amb retirada<\/h2>\n\n<p>Guanyar diners r\u00e0pidament amb les apostes \u00e9s molt atractiu per als jugadors. L&#8217;usuari ha de controlar acuradament el joc i pr\u00e9mer el bot\u00f3 en el moment en qu\u00e8 la seva intu\u00efci\u00f3 li ho indiqui. El joc amb la retirada r\u00e0pida de diners \u00e9s real, aix\u00ed ho confirmen els jugadors d&#8217;arreu del m\u00f3n.  <\/p>\n\n<p>El principi \u00e9s molt senzill: el jugador fa una aposta, despr\u00e9s de la qual el multiplicador augmenta. Ning\u00fa sap en quin moment acabar\u00e0 la ronda. Guanyar diners r\u00e0pidament amb les apostes \u00e9s possible si, gr\u00e0cies a la intu\u00efci\u00f3, premeu el bot\u00f3 abans del desastre. Els guanys s\u00f3n el producte de l&#8217;aposta i les probabilitats en qu\u00e8 es va aturar el joc. Si l&#8217;usuari no tenia temps, el casino guanyava. Com m\u00e9s llarga sigui la ronda, m\u00e9s gran \u00e9s el risc. Per\u00f2 al mateix temps hi ha m\u00e9s possibilitats d&#8217;aconseguir el premi.      <\/p>\n\n<p>Els jocs de crash per diners es basen en RNG, que \u00e9s impossible de superar. Diversos programes de pirateria o esquemes fraudulents tampoc ajudaran. Es pot demostrar l&#8217;equitat dels jocs d&#8217;accident; qualsevol usuari pot comprovar-los.  <\/p>\n\n<h2 class=\"wp-block-heading\">Joc Aviator (avi\u00f3 volador) per diners<\/h2>\n\n<p>Els minijocs amb retirada de diners s\u00f3n molt populars. I un dels m\u00e9s famosos \u00e9s l&#8217;Aviador. El disseny \u00e9s molt senzill. Un avi\u00f3 guanya altitud sobre un fons fosc. Com m\u00e9s alt sigui, m\u00e9s alt \u00e9s el coeficient. Si voleu, podeu desactivar l&#8217;animaci\u00f3. En aquest cas, l&#8217;usuari nom\u00e9s veur\u00e0 un coeficient creixent davant seu. El multiplicador parteix d&#8217;un i puja de manera desigual. Nom\u00e9s uns segons n&#8217;hi ha prou perqu\u00e8 creixi cinc o cent vegades. La durada de la ronda pot variar, des d&#8217;un segon sencer fins a una petita fracci\u00f3. Si ho desitja, el jugador comen\u00e7a el joc autom\u00e0tic; tot el que ha de fer \u00e9s establir l&#8217;aposta i les probabilitats per acabar la ronda. Podeu consultar les apostes anteriors i els resultats d&#8217;altres usuaris gr\u00e0cies a Live Statistics.           <\/p>\n\n<h2 class=\"wp-block-heading\">Joc de xoc: Lucky Jet<\/h2>\n\n<figure class=\"wp-block-gallery has-nested-images columns-default is-cropped wp-block-gallery-2 is-layout-flex wp-block-gallery-is-layout-flex\">\n<figure class=\"wp-block-image size-large\"><span itemprop=\"image\" itemscope itemtype=\"https:\/\/schema.org\/ImageObject\"><img itemprop=\"url image\" loading=\"lazy\" decoding=\"async\" width=\"1024\" height=\"509\" data-id=\"448\" src=\"https:\/\/aviator-crash.org\/wp-content\/uploads\/2024\/01\/lucky-jet_1-1024x509.jpg\" alt=\"\" class=\"wp-image-448\" srcset=\"https:\/\/aviator-crash.org\/wp-content\/uploads\/2024\/01\/lucky-jet_1-1024x509.jpg 1024w, https:\/\/aviator-crash.org\/wp-content\/uploads\/2024\/01\/lucky-jet_1-300x149.jpg 300w, https:\/\/aviator-crash.org\/wp-content\/uploads\/2024\/01\/lucky-jet_1-768x382.jpg 768w, https:\/\/aviator-crash.org\/wp-content\/uploads\/2024\/01\/lucky-jet_1.jpg 1093w\" sizes=\"(max-width: 1024px) 100vw, 1024px\" \/><meta itemprop=\"width\" content=\"1024\"><meta itemprop=\"height\" content=\"509\"><\/span><\/figure>\n<\/figure>\n\n<p>Els jocs de crash per diners amb una bonificaci\u00f3 tenen una trama diferent. En l\u00ednia pots provar sort a Lucky Jet, on el personatge principal, Joe, intenta volar amb una motxilla plena de diners. El joc de crash per diners t\u00e9 regles senzilles. Heu de triar una aposta i tenir temps per cobrar-la. Si no ho feu a temps, els vostres diners es cremaran. El coeficient dep\u00e8n del temps durant el qual Joe es queda a l&#8217;aire.     <\/p>\n\n<p>El multiplicador m\u00e0xim \u00e9s 100; en alguns establiments de joc es duplica. Guanyar nom\u00e9s dep\u00e8n de la intu\u00efci\u00f3 del jugador, ja que ell decideix quan prem el bot\u00f3. <\/p>\n\n<h2 class=\"wp-block-heading\">Joc de xoc: Jet X<\/h2>\n\n<figure class=\"wp-block-gallery has-nested-images columns-default is-cropped wp-block-gallery-3 is-layout-flex wp-block-gallery-is-layout-flex\">\n<figure class=\"wp-block-image size-large\"><span itemprop=\"image\" itemscope itemtype=\"https:\/\/schema.org\/ImageObject\"><img itemprop=\"url image\" loading=\"lazy\" decoding=\"async\" width=\"1024\" height=\"621\" data-id=\"451\" src=\"https:\/\/aviator-crash.org\/wp-content\/uploads\/2024\/01\/jetx-game-9-1024x621-1.png\" alt=\"\" class=\"wp-image-451\" srcset=\"https:\/\/aviator-crash.org\/wp-content\/uploads\/2024\/01\/jetx-game-9-1024x621-1.png 1024w, https:\/\/aviator-crash.org\/wp-content\/uploads\/2024\/01\/jetx-game-9-1024x621-1-300x182.png 300w, https:\/\/aviator-crash.org\/wp-content\/uploads\/2024\/01\/jetx-game-9-1024x621-1-768x466.png 768w\" sizes=\"(max-width: 1024px) 100vw, 1024px\" \/><meta itemprop=\"width\" content=\"1024\"><meta itemprop=\"height\" content=\"621\"><\/span><\/figure>\n<\/figure>\n\n<p>Els jocs r\u00e0pids per diners sovint utilitzen un vehicle com a personatge principal. A Jet X cal controlar el moviment del jet. Tanmateix, en un moment donat s&#8217;estavellar\u00e0 i desapareixer\u00e0 del radar. I \u00e9s abans d&#8217;aix\u00f2 que l&#8217;usuari ha de pr\u00e9mer amb prud\u00e8ncia el bot\u00f3 per retirar fons. En cas contrari, el casino guanya.    <\/p>\n\n<p>El joc \u00e9s un dels millors, es presenta a molts casinos. L&#8217;usuari veu una pantalla de radar davant seu, que mostra l&#8217;avi\u00f3 i el coeficient. Augmenta a mesura que l&#8217;avi\u00f3 enlaira. No \u00e9s en va que Jet X s&#8217;inclogui a la categoria &#8220;Jocs amb retirada r\u00e0pida de diners&#8221;; la ronda no dura m\u00e9s d&#8217;un parell de minuts.   <\/p>\n\n<p>En els camps laterals, l&#8217;usuari veu els resultats obtinguts en rondes anteriors. A m\u00e9s, s&#8217;indiquen les estad\u00edstiques reals de tots els usuaris. El jugador pot fer dues apostes en una ronda; si cal, s&#8217;activa la retirada autom\u00e0tica de diners. Un xoc es produeix en qualsevol moment, fins i tot si el lluitador acaba de comen\u00e7ar a guanyar al\u00e7ada. Els llocs d&#8217;informaci\u00f3 informen d&#8217;un coeficient m\u00e0xim de x25.000, per\u00f2 encara no hi ha arribat cap jugador.    <\/p>\n\n<h2 class=\"wp-block-heading\">Joc Crash: Rocket X<\/h2>\n\n<figure class=\"wp-block-gallery has-nested-images columns-default is-cropped wp-block-gallery-4 is-layout-flex wp-block-gallery-is-layout-flex\">\n<figure class=\"wp-block-image size-large\"><span itemprop=\"image\" itemscope itemtype=\"https:\/\/schema.org\/ImageObject\"><img itemprop=\"url image\" loading=\"lazy\" decoding=\"async\" width=\"1024\" height=\"448\" data-id=\"453\" src=\"https:\/\/aviator-crash.org\/wp-content\/uploads\/2024\/01\/screenshot-2022-11-29-at-12.55.42-1024x448.jpg\" alt=\"\" class=\"wp-image-453\" srcset=\"https:\/\/aviator-crash.org\/wp-content\/uploads\/2024\/01\/screenshot-2022-11-29-at-12.55.42-1024x448.jpg 1024w, https:\/\/aviator-crash.org\/wp-content\/uploads\/2024\/01\/screenshot-2022-11-29-at-12.55.42-300x131.jpg 300w, https:\/\/aviator-crash.org\/wp-content\/uploads\/2024\/01\/screenshot-2022-11-29-at-12.55.42-768x336.jpg 768w, https:\/\/aviator-crash.org\/wp-content\/uploads\/2024\/01\/screenshot-2022-11-29-at-12.55.42-1536x673.jpg 1536w, https:\/\/aviator-crash.org\/wp-content\/uploads\/2024\/01\/screenshot-2022-11-29-at-12.55.42-2048x897.jpg 2048w\" sizes=\"(max-width: 1024px) 100vw, 1024px\" \/><meta itemprop=\"width\" content=\"1024\"><meta itemprop=\"height\" content=\"448\"><\/span><\/figure>\n<\/figure>\n\n<p>L&#8217;usuari observa com s&#8217;enlaira el coet. Pot apostar de 0,1 a 140. Com m\u00e9s duri el vol, m\u00e9s grans s\u00f3n les probabilitats. Els jugadors poden personalitzar el joc per ells mateixos, utilitzar apostes i retirades autom\u00e0tiques. El joc de bloqueig requereix una configuraci\u00f3 m\u00ednima. Despr\u00e9s d&#8217;aix\u00f2, l&#8217;usuari pot gaudir del proc\u00e9s espectacular: despr\u00e9s del llan\u00e7ament del coet, apareix un plomall brillant i el coeficient tamb\u00e9 augmenta. Si no hi ha retirada autom\u00e0tica, el jugador tria el final de la ronda. Si no ho va aconseguir abans de l&#8217;explosi\u00f3, segueix sent un perdedor. Podeu convertir-vos en un guanyador si feu servir diverses estrat\u00e8gies i t\u00e0ctiques.        <\/p>\n\n<h2 class=\"wp-block-heading\">Joc de crash &#8211; Space XY<\/h2>\n\n<figure class=\"wp-block-gallery has-nested-images columns-default is-cropped wp-block-gallery-5 is-layout-flex wp-block-gallery-is-layout-flex\">\n<figure class=\"wp-block-image size-large\"><span itemprop=\"image\" itemscope itemtype=\"https:\/\/schema.org\/ImageObject\"><img itemprop=\"url image\" loading=\"lazy\" decoding=\"async\" width=\"1024\" height=\"577\" data-id=\"455\" src=\"https:\/\/aviator-crash.org\/wp-content\/uploads\/2024\/01\/spacexy-gameplay-screen-1024x577-1.webp\" alt=\"\" class=\"wp-image-455\" srcset=\"https:\/\/aviator-crash.org\/wp-content\/uploads\/2024\/01\/spacexy-gameplay-screen-1024x577-1.webp 1024w, https:\/\/aviator-crash.org\/wp-content\/uploads\/2024\/01\/spacexy-gameplay-screen-1024x577-1-300x169.webp 300w, https:\/\/aviator-crash.org\/wp-content\/uploads\/2024\/01\/spacexy-gameplay-screen-1024x577-1-768x433.webp 768w\" sizes=\"(max-width: 1024px) 100vw, 1024px\" \/><meta itemprop=\"width\" content=\"1024\"><meta itemprop=\"height\" content=\"577\"><\/span><\/figure>\n<\/figure>\n\n<p>El joc de crash per diners t\u00e9 caracter\u00edstiques \u00faniques. El tema espacial el fa m\u00e9s interessant i atractiu per als jugadors. Naus espacials, gal\u00e0xies, criatures alien\u00edgenes, tot aix\u00f2 combinat amb animacions i gr\u00e0fics brillants et permeten submergir-te completament en el m\u00f3n de les apostes. Space XY \u00e9s el millor joc de pagament r\u00e0pid, t\u00e9 combinacions guanyadores i funcions de bonificaci\u00f3. El podeu trobar a diversos casinos en l\u00ednia, de manera que el joc Crash est\u00e0 disponible per a un p\u00fablic ampli. Podeu jugar amb diners reals o fitxes virtuals; per fer-ho, nom\u00e9s heu d&#8217;iniciar el mode de demostraci\u00f3.     <\/p>\n\n<h2 class=\"wp-block-heading\">Joc r\u00e0pid: efectiu o accident<\/h2>\n\n<figure class=\"wp-block-gallery has-nested-images columns-default is-cropped wp-block-gallery-6 is-layout-flex wp-block-gallery-is-layout-flex\">\n<figure class=\"wp-block-image size-large\"><span itemprop=\"image\" itemscope itemtype=\"https:\/\/schema.org\/ImageObject\"><img itemprop=\"url image\" loading=\"lazy\" decoding=\"async\" width=\"1024\" height=\"576\" data-id=\"457\" src=\"https:\/\/aviator-crash.org\/wp-content\/uploads\/2024\/01\/cash-or-crash-evolution-live-games-hollywoodbets-1024x576-1.jpg\" alt=\"\" class=\"wp-image-457\" srcset=\"https:\/\/aviator-crash.org\/wp-content\/uploads\/2024\/01\/cash-or-crash-evolution-live-games-hollywoodbets-1024x576-1.jpg 1024w, https:\/\/aviator-crash.org\/wp-content\/uploads\/2024\/01\/cash-or-crash-evolution-live-games-hollywoodbets-1024x576-1-300x169.jpg 300w, https:\/\/aviator-crash.org\/wp-content\/uploads\/2024\/01\/cash-or-crash-evolution-live-games-hollywoodbets-1024x576-1-768x432.jpg 768w\" sizes=\"(max-width: 1024px) 100vw, 1024px\" \/><meta itemprop=\"width\" content=\"1024\"><meta itemprop=\"height\" content=\"576\"><\/span><\/figure>\n<\/figure>\n\n<p>El jugador es troba en una aeronau que es mou sobre una enorme metr\u00f2poli. L&#8217;usuari veu una m\u00e0quina en la qual es barregen les boles. S&#8217;utilitzen 8 bola vermella, 19 verda i una daurada. El jugador ha de pujar les escales. Per fer-ho, ha de recollir boles verdes. Si el resultat \u00e9s vermell, la ronda s&#8217;ha acabat. La bola daurada es pot utilitzar com a protecci\u00f3, d\u00f3na vida extra.      <\/p>\n\n<p>Despr\u00e9s de trencar l&#8217;escut o deixar caure la bola verda, el jugador pot romandre en el joc amb una vict\u00f2ria completa o finalitzar la ronda. Tamb\u00e9 t\u00e9 l&#8217;oportunitat de retirar la meitat dels diners, i amb l&#8217;import restant podr\u00e0s continuar el joc. El jugador ha de passar per vint nivells. Al primer d&#8217;ells, el multiplicador \u00e9s 1,2x i a la part superior de l&#8217;escala \u00e9s 18000x. El jugador nom\u00e9s ha d&#8217;apostar 5 d\u00f2lars per obtenir 90.000 com a resultat.    <\/p>\n\n<p>Podeu descarregar el joc amb la retirada r\u00e0pida de diners en un casino en l\u00ednia. Cal triar un servei fiable amb llic\u00e8ncia, que garanteix el compliment de les normes del regulador. Aix\u00f2 vol dir que el casino t\u00e9 els diners per pagar fins i tot grans sumes als guanyadors, i se sotmet constantment a auditories internes i controls de programari. \u00c9s important estudiar les ressenyes i la p\u00e0gina web de l&#8217;establiment. Si un usuari acaba en un lloc fraudulent, no rebr\u00e0 entreteniment amb bonificacions i guanys, per\u00f2 perdr\u00e0 les seves dades personals o infectar\u00e0 el seu dispositiu amb virus.    <\/p>\n","protected":false},"excerpt":{"rendered":"<p>El concepte de joc Crash va apar\u00e8ixer a principis dels anys 2000. No obstant aix\u00f2, en els \u00faltims anys s&#8217;han tornat cada cop m\u00e9s populars. Els jocs per guanyar diners r\u00e0pidament es presenten a gaireb\u00e9 tots els casinos en l\u00ednia. Cada ronda \u00e9s emocionant, plena d&#8217;adrenalina. Els jocs r\u00e0pids tenen un joc senzill: el multiplicador [&hellip;]<\/p>\n","protected":false},"author":2,"featured_media":0,"parent":0,"menu_order":0,"comment_status":"closed","ping_status":"closed","template":"","meta":{"footnotes":""},"yoast_head":"<!-- This site is optimized with the Yoast SEO plugin v21.7 - https:\/\/yoast.com\/wordpress\/plugins\/seo\/ -->\n<title>Jocs de crash per diners (joc de crash en l\u00ednia r\u00e0pid amb retirada de diners)<\/title>\n<meta name=\"description\" content=\"Els jocs de crash s\u00f3n populars perqu\u00e8 ofereixen l&#039;oportunitat de guanyar diners r\u00e0pidament. Els jocs per diners amb crash tenen regles senzilles. Al mateix temps, s\u00f3n molt emocionants i juguen apostes.\" \/>\n<meta name=\"robots\" content=\"index, follow, max-snippet:-1, max-image-preview:large, max-video-preview:-1\" \/>\n<link rel=\"canonical\" href=\"https:\/\/aviator-crash.org\/ca\/jocs-rapids-per-diners-en-linia-amb-retirada\/\" \/>\n<meta property=\"og:locale\" content=\"ca_ES\" \/>\n<meta property=\"og:type\" content=\"article\" \/>\n<meta property=\"og:title\" content=\"Jocs de crash per diners (joc de crash en l\u00ednia r\u00e0pid amb retirada de diners)\" \/>\n<meta property=\"og:description\" content=\"Els jocs de crash s\u00f3n populars perqu\u00e8 ofereixen l&#039;oportunitat de guanyar diners r\u00e0pidament. Els jocs per diners amb crash tenen regles senzilles. Al mateix temps, s\u00f3n molt emocionants i juguen apostes.\" \/>\n<meta property=\"og:url\" content=\"https:\/\/aviator-crash.org\/ca\/jocs-rapids-per-diners-en-linia-amb-retirada\/\" \/>\n<meta property=\"article:modified_time\" content=\"2024-02-02T21:11:18+00:00\" \/>\n<meta property=\"og:image\" content=\"https:\/\/aviator-crash.org\/wp-content\/uploads\/2024\/01\/aviator-minigame-logo-4.png\" \/>\n<meta name=\"twitter:card\" content=\"summary_large_image\" \/>\n<meta name=\"twitter:label1\" content=\"Est. reading time\" \/>\n\t<meta name=\"twitter:data1\" content=\"6 minuts\" \/>\n<script type=\"application\/ld+json\" class=\"yoast-schema-graph\">{\"@context\":\"https:\/\/schema.org\",\"@graph\":[{\"@type\":\"WebPage\",\"@id\":\"https:\/\/aviator-crash.org\/ca\/jocs-rapids-per-diners-en-linia-amb-retirada\/\",\"url\":\"https:\/\/aviator-crash.org\/ca\/jocs-rapids-per-diners-en-linia-amb-retirada\/\",\"name\":\"Jocs de crash per diners (joc de crash en l\u00ednia r\u00e0pid amb retirada de diners)\",\"isPartOf\":{\"@id\":\"https:\/\/aviator-crash.org\/ca\/#website\"},\"datePublished\":\"2023-12-27T19:12:26+00:00\",\"dateModified\":\"2024-02-02T21:11:18+00:00\",\"description\":\"Els jocs de crash s\u00f3n populars perqu\u00e8 ofereixen l'oportunitat de guanyar diners r\u00e0pidament. Els jocs per diners amb crash tenen regles senzilles. Al mateix temps, s\u00f3n molt emocionants i juguen apostes.\",\"breadcrumb\":{\"@id\":\"https:\/\/aviator-crash.org\/ca\/jocs-rapids-per-diners-en-linia-amb-retirada\/#breadcrumb\"},\"inLanguage\":\"ca\",\"potentialAction\":[{\"@type\":\"ReadAction\",\"target\":[\"https:\/\/aviator-crash.org\/ca\/jocs-rapids-per-diners-en-linia-amb-retirada\/\"]}]},{\"@type\":\"BreadcrumbList\",\"@id\":\"https:\/\/aviator-crash.org\/ca\/jocs-rapids-per-diners-en-linia-amb-retirada\/#breadcrumb\",\"itemListElement\":[{\"@type\":\"ListItem\",\"position\":1,\"name\":\"Home\",\"item\":\"https:\/\/aviator-crash.org\/ca\/joc-aviator-en-linia-per-diners-reals\/\"},{\"@type\":\"ListItem\",\"position\":2,\"name\":\"Jocs r\u00e0pids per diners en l\u00ednia amb retirada\"}]},{\"@type\":\"WebSite\",\"@id\":\"https:\/\/aviator-crash.org\/ca\/#website\",\"url\":\"https:\/\/aviator-crash.org\/ca\/\",\"name\":\"\",\"description\":\"\",\"potentialAction\":[{\"@type\":\"SearchAction\",\"target\":{\"@type\":\"EntryPoint\",\"urlTemplate\":\"https:\/\/aviator-crash.org\/ca\/?s={search_term_string}\"},\"query-input\":\"required name=search_term_string\"}],\"inLanguage\":\"ca\"}]}<\/script>\n<!-- \/ Yoast SEO plugin. -->","yoast_head_json":{"title":"Jocs de crash per diners (joc de crash en l\u00ednia r\u00e0pid amb retirada de diners)","description":"Els jocs de crash s\u00f3n populars perqu\u00e8 ofereixen l'oportunitat de guanyar diners r\u00e0pidament. Els jocs per diners amb crash tenen regles senzilles. Al mateix temps, s\u00f3n molt emocionants i juguen apostes.","robots":{"index":"index","follow":"follow","max-snippet":"max-snippet:-1","max-image-preview":"max-image-preview:large","max-video-preview":"max-video-preview:-1"},"canonical":"https:\/\/aviator-crash.org\/ca\/jocs-rapids-per-diners-en-linia-amb-retirada\/","og_locale":"ca_ES","og_type":"article","og_title":"Jocs de crash per diners (joc de crash en l\u00ednia r\u00e0pid amb retirada de diners)","og_description":"Els jocs de crash s\u00f3n populars perqu\u00e8 ofereixen l'oportunitat de guanyar diners r\u00e0pidament. Els jocs per diners amb crash tenen regles senzilles. Al mateix temps, s\u00f3n molt emocionants i juguen apostes.","og_url":"https:\/\/aviator-crash.org\/ca\/jocs-rapids-per-diners-en-linia-amb-retirada\/","article_modified_time":"2024-02-02T21:11:18+00:00","og_image":[{"url":"https:\/\/aviator-crash.org\/wp-content\/uploads\/2024\/01\/aviator-minigame-logo-4.png"}],"twitter_card":"summary_large_image","twitter_misc":{"Est. reading time":"6 minuts"},"schema":{"@context":"https:\/\/schema.org","@graph":[{"@type":"WebPage","@id":"https:\/\/aviator-crash.org\/ca\/jocs-rapids-per-diners-en-linia-amb-retirada\/","url":"https:\/\/aviator-crash.org\/ca\/jocs-rapids-per-diners-en-linia-amb-retirada\/","name":"Jocs de crash per diners (joc de crash en l\u00ednia r\u00e0pid amb retirada de diners)","isPartOf":{"@id":"https:\/\/aviator-crash.org\/ca\/#website"},"datePublished":"2023-12-27T19:12:26+00:00","dateModified":"2024-02-02T21:11:18+00:00","description":"Els jocs de crash s\u00f3n populars perqu\u00e8 ofereixen l'oportunitat de guanyar diners r\u00e0pidament. Els jocs per diners amb crash tenen regles senzilles. Al mateix temps, s\u00f3n molt emocionants i juguen apostes.","breadcrumb":{"@id":"https:\/\/aviator-crash.org\/ca\/jocs-rapids-per-diners-en-linia-amb-retirada\/#breadcrumb"},"inLanguage":"ca","potentialAction":[{"@type":"ReadAction","target":["https:\/\/aviator-crash.org\/ca\/jocs-rapids-per-diners-en-linia-amb-retirada\/"]}]},{"@type":"BreadcrumbList","@id":"https:\/\/aviator-crash.org\/ca\/jocs-rapids-per-diners-en-linia-amb-retirada\/#breadcrumb","itemListElement":[{"@type":"ListItem","position":1,"name":"Home","item":"https:\/\/aviator-crash.org\/ca\/joc-aviator-en-linia-per-diners-reals\/"},{"@type":"ListItem","position":2,"name":"Jocs r\u00e0pids per diners en l\u00ednia amb retirada"}]},{"@type":"WebSite","@id":"https:\/\/aviator-crash.org\/ca\/#website","url":"https:\/\/aviator-crash.org\/ca\/","name":"","description":"","potentialAction":[{"@type":"SearchAction","target":{"@type":"EntryPoint","urlTemplate":"https:\/\/aviator-crash.org\/ca\/?s={search_term_string}"},"query-input":"required name=search_term_string"}],"inLanguage":"ca"}]}},"_links":{"self":[{"href":"https:\/\/aviator-crash.org\/ca\/wp-json\/wp\/v2\/pages\/5165"}],"collection":[{"href":"https:\/\/aviator-crash.org\/ca\/wp-json\/wp\/v2\/pages"}],"about":[{"href":"https:\/\/aviator-crash.org\/ca\/wp-json\/wp\/v2\/types\/page"}],"author":[{"embeddable":true,"href":"https:\/\/aviator-crash.org\/ca\/wp-json\/wp\/v2\/users\/2"}],"replies":[{"embeddable":true,"href":"https:\/\/aviator-crash.org\/ca\/wp-json\/wp\/v2\/comments?post=5165"}],"version-history":[{"count":3,"href":"https:\/\/aviator-crash.org\/ca\/wp-json\/wp\/v2\/pages\/5165\/revisions"}],"predecessor-version":[{"id":5175,"href":"https:\/\/aviator-crash.org\/ca\/wp-json\/wp\/v2\/pages\/5165\/revisions\/5175"}],"wp:attachment":[{"href":"https:\/\/aviator-crash.org\/ca\/wp-json\/wp\/v2\/media?parent=5165"}],"curies":[{"name":"wp","href":"https:\/\/api.w.org\/{rel}","templated":true}]}}