{"id":5265,"date":"2023-12-27T19:48:01","date_gmt":"2023-12-27T19:48:01","guid":{"rendered":"https:\/\/aviator-crash.org\/maquina-escurabutxaques-space-xy\/"},"modified":"2024-02-02T21:13:53","modified_gmt":"2024-02-02T21:13:53","slug":"maquina-escurabutxaques-space-xy","status":"publish","type":"page","link":"https:\/\/aviator-crash.org\/ca\/maquina-escurabutxaques-space-xy\/","title":{"rendered":"M\u00e0quina escurabutxaques Space XY"},"content":{"rendered":"\n<figure class=\"wp-block-gallery has-nested-images columns-default is-cropped wp-block-gallery-1 is-layout-flex wp-block-gallery-is-layout-flex\">\n<figure class=\"wp-block-image size-large\"><span itemprop=\"image\" itemscope itemtype=\"https:\/\/schema.org\/ImageObject\"><img itemprop=\"url image\" loading=\"lazy\" decoding=\"async\" width=\"1024\" height=\"445\" data-id=\"469\" src=\"https:\/\/aviator-crash.org\/wp-content\/uploads\/2024\/01\/bgaming-game-release-1024x445.jpg\" alt=\"\" class=\"wp-image-469\" srcset=\"https:\/\/aviator-crash.org\/wp-content\/uploads\/2024\/01\/bgaming-game-release-1024x445.jpg 1024w, https:\/\/aviator-crash.org\/wp-content\/uploads\/2024\/01\/bgaming-game-release-300x131.jpg 300w, https:\/\/aviator-crash.org\/wp-content\/uploads\/2024\/01\/bgaming-game-release-768x334.jpg 768w, https:\/\/aviator-crash.org\/wp-content\/uploads\/2024\/01\/bgaming-game-release.jpg 1200w\" sizes=\"(max-width: 1024px) 100vw, 1024px\" \/><meta itemprop=\"width\" content=\"1024\"><meta itemprop=\"height\" content=\"445\"><\/span><\/figure>\n<\/figure>\n\n<p>Benvingut al m\u00f3n de l&#8217;espai XY, on cada estrella \u00e9s una nova aventura i cada gal\u00e0xia \u00e9s un camp d&#8217;exploraci\u00f3. Aquest emocionant joc espacial ofereix als jugadors no nom\u00e9s l&#8217;oportunitat d&#8217;explorar les grans extensions de l&#8217;univers, sin\u00f3 tamb\u00e9 de convertir-se en aut\u00e8ntics exploradors de l&#8217;espai. <\/p>\n\n<p>Space XY \u00e9s un joc que crida l&#8217;atenci\u00f3 des dels primers segons. Podeu descarregar l&#8217;aplicaci\u00f3 per a Android al lloc web oficial de la casa d&#8217;apostes Odin Vin. Aqu\u00ed trobar\u00e0s les millors aventures i passatemps inoblidables. Inicieu sessi\u00f3 al vostre compte personal, feu apostes i guanyeu a Space XY.   <\/p>\n\n<h2 class=\"wp-block-heading\">Avantatge del joc en l\u00ednia Space XY<\/h2>\n\n<p>Space XY \u00e9s un joc que ofereix emocionants batalles espacials on pots posar a prova les teves habilitats de pilotatge. Personalitza la teva nau espacial, lluita contra les amenaces alien\u00edgenes i participa en batalles espacials \u00e8piques que determinaran el teu dest\u00ed en aquesta gran extensi\u00f3. <\/p>\n\n<p>Entre els avantatges clau d&#8217;aquest joc, cal destacar els seg\u00fcents:<\/p>\n\n<ul>\n<li>Trama profunda. L&#8217;espai XY no es tracta nom\u00e9s d&#8217;aventures espacials. Una trama rica, trencaclosques complexos i decisions importants creen una experi\u00e8ncia \u00fanica que dep\u00e8n de les vostres eleccions.  <\/li>\n\n\n\n<li>Cada decisi\u00f3 afecta el curs del joc. \u00c9s per aix\u00f2 que necessitareu una estrat\u00e8gia a l&#8217;espai XY per guanyar i guanyar tants punts com sigui possible. <\/li>\n\n\n\n<li>Possibilitat de personalitzaci\u00f3 individual. Un dels elements clau de Space XY \u00e9s la possibilitat de personalitzar la teva nau espacial per adaptar-la a les teves prefer\u00e8ncies. Tria modificacions \u00faniques, millora la tecnologia i crea un vaixell que reflecteixi el teu estil i estrat\u00e8gia.  <\/li>\n\n\n\n<li>Viatge gal\u00e0ctic. L&#8217;espai XY us obre moltes gal\u00e0xies, cadascuna de les quals est\u00e0 plena de mons sorprenents, artefactes misteriosos i aventures perilloses. Explora planetes inexplorats, coneix races diverses i participa en hist\u00f2ries espacials intrigants. Tot el que necessites per comen\u00e7ar a submergir-te en la hist\u00f2ria \u00e9s entendre l&#8217;espai XY com instal\u00b7lar el joc.   <\/li>\n\n\n\n<li>Esdeveniments i missions setmanals. El joc en l\u00ednia s&#8217;actualitza constantment amb nous esdeveniments, missions i reptes, el que et permet trobar sempre nous objectius per assolir. Participeu en esdeveniments setmanals, competiu per premis i admireu les oportunitats \u00faniques que us proporcionen cada setmana.  <\/li>\n<\/ul>\n\n<h2 class=\"wp-block-heading\">Com jugar Space XY<\/h2>\n\n<p>Per comen\u00e7ar la teva aventura espacial a l&#8217;espai XY, el primer pas \u00e9s instal\u00b7lar el joc. Aleshores, haureu de crear el vostre compte, que us garantir\u00e0 que el vostre progr\u00e9s i les vostres capacitats en l\u00ednia es guardin. Despr\u00e9s del registre, personalitzeu la vostra nau espacial amb dissenys i millores \u00fanics. Submergeix-te al m\u00f3n de l&#8217;espai XY, explorant gal\u00e0xies, interactuant amb diferents mons i completant missions descarregant l&#8217;espai XY.   <\/p>\n\n<p>Les batalles espacials s\u00f3n un aspecte clau del joc. Desafia les amenaces alien\u00edgenes i altres jugadors en temps real utilitzant les teves habilitats estrat\u00e8giques. Participa en esdeveniments i missions per rebre recompenses i millores. La comunicaci\u00f3 amb altres actors tamb\u00e9 \u00e9s important: crear aliances, intercanviar experi\u00e8ncies i estrat\u00e8gies.   <\/p>\n\n<p>En general, submergir-se a l&#8217;espai XY requereix exploraci\u00f3, combat i interacci\u00f3 amb el m\u00f3n c\u00f2smic que espera el vostre descobriment.<\/p>\n\n<h2 class=\"wp-block-heading\">Com guanyar a Space XY<\/h2>\n\n<p>Al m\u00f3n de l&#8217;espai XY, la clau d&#8217;un joc d&#8217;\u00e8xit rau en l&#8217;exploraci\u00f3 profunda de l&#8217;univers i l&#8217;adaptaci\u00f3 flexible a diversos reptes. Evoluciona la teva nau espacial, personalitza-la segons les necessitats i requisits \u00fanics de la situaci\u00f3 actual. I les bonificacions Space XY us permetran augmentar les vostres possibilitats de guanyar.  <\/p>\n\n<p>Pren un enfocament estrat\u00e8gic a les batalles espacials, prestant atenci\u00f3 a la din\u00e0mica de la batalla i als factors externs. Observa el comportament dels altres jugadors i adapta les teves t\u00e0ctiques segons les seves accions. L&#8217;estrat\u00e8gia de l&#8217;espai XY \u00e9s un aspecte clau que es necessita per a un joc d&#8217;\u00e8xit.  <\/p>\n\n<p>Participa activament en esdeveniments i missions que ofereixen l&#8217;oportunitat d&#8217;obtenir recursos valuosos i actualitzacions per al teu vaixell. Tanmateix, recordeu que les vostres accions i decisions poden afectar el curs del joc i les interaccions amb altres jugadors. <\/p>\n\n<h2 class=\"wp-block-heading\">Regles del joc a l&#8217;espai XY<\/h2>\n\n<p>Al m\u00f3n de l&#8217;espai XY, hi ha unes quantes regles b\u00e0siques que us ajudaran a navegar i tenir \u00e8xit en les vostres aventures espacials. Has d&#8217;aprendre&#8217;ls abans de comen\u00e7ar a jugar a Space XY: <\/p>\n\n<ol>\n<li>Explora diferents gal\u00e0xies, planetes i asteroides.<\/li>\n\n\n\n<li>Actualitza la teva nau, desenvolupa t\u00e0ctiques i participa en duels espacials per protegir els teus interessos.<\/li>\n\n\n\n<li>Obteniu recursos, processeu-los i utilitzeu-los per millorar el vostre vaixell, construir bases, investigar i comerciar.<\/li>\n\n\n\n<li>Participa activament en esdeveniments i missions per rebre recompenses \u00faniques i ampliar les teves capacitats en el joc.<\/li>\n\n\n\n<li>Investiga noves tecnologies per millorar el teu vaixell i la defensa de la base.<\/li>\n\n\n\n<li>Crea aliances amb altres jugadors per unir forces en la lluita per objectius comuns i desenvolupar estrat\u00e8gies en el joc Space XY com guanyar.<\/li>\n\n\n\n<li>Participa en competicions i segueix els r\u00e0nquings per mesurar el teu progr\u00e9s i comparar els teus \u00e8xits amb altres jugadors.<\/li>\n<\/ol>\n\n<p>Seguir aquestes regles us ajudar\u00e0 a gaudir plenament de l&#8217;experi\u00e8ncia espacial a l&#8217;espai XY i a aconseguir l&#8217;\u00e8xit a la immensitat de l&#8217;espai.<\/p>\n\n<h2 class=\"wp-block-heading\">Codis promocionals<\/h2>\n\n<p>La millor manera d&#8217;obtenir codis actualitzats \u00e9s seguir els canals de comunicaci\u00f3 oficials del joc. Pot ser un lloc web oficial, xarxes socials, f\u00f2rums o una llista de correu electr\u00f2nic. Els codis promocionals d&#8217;un joc com Space XY s&#8217;utilitzen per oferir als jugadors diverses bonificacions i avantatges.  <\/p>\n\n<p>Els codis promocionals poden proporcionar recursos gratu\u00efts com ara cr\u00e8dits, energia o altres monedes del joc. Algunes opcions proporcionen acc\u00e9s a millores o millores \u00faniques per a naus espacials, bases i altres elements del joc. A les ressenyes de Space XY podeu trobar molts consells sobre com utilitzar correctament aquestes bonificacions.  <\/p>\n\n<p>Els codis promocionals es poden distribuir com a part d&#8217;esdeveniments especials, competicions o promocions, animant els jugadors a participar en diverses activitats.<\/p>\n\n<h2 class=\"wp-block-heading\">Ressenyes<\/h2>\n\n<p>Aqu\u00ed hi ha algunes ressenyes dels usuaris que confirmen l&#8217;\u00e0mplia popularitat d&#8217;aquesta aplicaci\u00f3:<\/p>\n","protected":false},"excerpt":{"rendered":"<p>Benvingut al m\u00f3n de l&#8217;espai XY, on cada estrella \u00e9s una nova aventura i cada gal\u00e0xia \u00e9s un camp d&#8217;exploraci\u00f3. Aquest emocionant joc espacial ofereix als jugadors no nom\u00e9s l&#8217;oportunitat d&#8217;explorar les grans extensions de l&#8217;univers, sin\u00f3 tamb\u00e9 de convertir-se en aut\u00e8ntics exploradors de l&#8217;espai. Space XY \u00e9s un joc que crida l&#8217;atenci\u00f3 des dels [&hellip;]<\/p>\n","protected":false},"author":2,"featured_media":0,"parent":0,"menu_order":0,"comment_status":"open","ping_status":"closed","template":"","meta":{"footnotes":""},"yoast_head":"<!-- This site is optimized with the Yoast SEO plugin v21.7 - https:\/\/yoast.com\/wordpress\/plugins\/seo\/ -->\n<title>Joc Space XY al casino, descarregar<\/title>\n<meta name=\"description\" content=\"Un joc interessant per als amants de l&#039;emoci\u00f3 i els alts riscos. Descarrega i gaudeix del proc\u00e9s de joc del joc de casino Space XY. Submergeix-te en el m\u00f3n del risc i d&#039;aventures inoblidables. Estudia acuradament les regles i les caracter\u00edstiques del joc per guanyar.\" \/>\n<meta name=\"robots\" content=\"index, follow, max-snippet:-1, max-image-preview:large, max-video-preview:-1\" \/>\n<link rel=\"canonical\" href=\"https:\/\/aviator-crash.org\/ca\/maquina-escurabutxaques-space-xy\/\" \/>\n<meta property=\"og:locale\" content=\"ca_ES\" \/>\n<meta property=\"og:type\" content=\"article\" \/>\n<meta property=\"og:title\" content=\"Joc Space XY al casino, descarregar\" \/>\n<meta property=\"og:description\" content=\"Un joc interessant per als amants de l&#039;emoci\u00f3 i els alts riscos. Descarrega i gaudeix del proc\u00e9s de joc del joc de casino Space XY. Submergeix-te en el m\u00f3n del risc i d&#039;aventures inoblidables. Estudia acuradament les regles i les caracter\u00edstiques del joc per guanyar.\" \/>\n<meta property=\"og:url\" content=\"https:\/\/aviator-crash.org\/ca\/maquina-escurabutxaques-space-xy\/\" \/>\n<meta property=\"article:modified_time\" content=\"2024-02-02T21:13:53+00:00\" \/>\n<meta property=\"og:image\" content=\"https:\/\/aviator-crash.org\/wp-content\/uploads\/2024\/01\/bgaming-game-release-1024x445.jpg\" \/>\n<meta name=\"twitter:card\" content=\"summary_large_image\" \/>\n<meta name=\"twitter:label1\" content=\"Est. reading time\" \/>\n\t<meta name=\"twitter:data1\" content=\"5 minuts\" \/>\n<script type=\"application\/ld+json\" class=\"yoast-schema-graph\">{\"@context\":\"https:\/\/schema.org\",\"@graph\":[{\"@type\":\"WebPage\",\"@id\":\"https:\/\/aviator-crash.org\/ca\/maquina-escurabutxaques-space-xy\/\",\"url\":\"https:\/\/aviator-crash.org\/ca\/maquina-escurabutxaques-space-xy\/\",\"name\":\"Joc Space XY al casino, descarregar\",\"isPartOf\":{\"@id\":\"https:\/\/aviator-crash.org\/ca\/#website\"},\"datePublished\":\"2023-12-27T19:48:01+00:00\",\"dateModified\":\"2024-02-02T21:13:53+00:00\",\"description\":\"Un joc interessant per als amants de l'emoci\u00f3 i els alts riscos. Descarrega i gaudeix del proc\u00e9s de joc del joc de casino Space XY. Submergeix-te en el m\u00f3n del risc i d'aventures inoblidables. Estudia acuradament les regles i les caracter\u00edstiques del joc per guanyar.\",\"breadcrumb\":{\"@id\":\"https:\/\/aviator-crash.org\/ca\/maquina-escurabutxaques-space-xy\/#breadcrumb\"},\"inLanguage\":\"ca\",\"potentialAction\":[{\"@type\":\"ReadAction\",\"target\":[\"https:\/\/aviator-crash.org\/ca\/maquina-escurabutxaques-space-xy\/\"]}]},{\"@type\":\"BreadcrumbList\",\"@id\":\"https:\/\/aviator-crash.org\/ca\/maquina-escurabutxaques-space-xy\/#breadcrumb\",\"itemListElement\":[{\"@type\":\"ListItem\",\"position\":1,\"name\":\"Home\",\"item\":\"https:\/\/aviator-crash.org\/ca\/joc-aviator-en-linia-per-diners-reals\/\"},{\"@type\":\"ListItem\",\"position\":2,\"name\":\"M\u00e0quina escurabutxaques Space XY\"}]},{\"@type\":\"WebSite\",\"@id\":\"https:\/\/aviator-crash.org\/ca\/#website\",\"url\":\"https:\/\/aviator-crash.org\/ca\/\",\"name\":\"\",\"description\":\"\",\"potentialAction\":[{\"@type\":\"SearchAction\",\"target\":{\"@type\":\"EntryPoint\",\"urlTemplate\":\"https:\/\/aviator-crash.org\/ca\/?s={search_term_string}\"},\"query-input\":\"required name=search_term_string\"}],\"inLanguage\":\"ca\"}]}<\/script>\n<!-- \/ Yoast SEO plugin. -->","yoast_head_json":{"title":"Joc Space XY al casino, descarregar","description":"Un joc interessant per als amants de l'emoci\u00f3 i els alts riscos. Descarrega i gaudeix del proc\u00e9s de joc del joc de casino Space XY. Submergeix-te en el m\u00f3n del risc i d'aventures inoblidables. Estudia acuradament les regles i les caracter\u00edstiques del joc per guanyar.","robots":{"index":"index","follow":"follow","max-snippet":"max-snippet:-1","max-image-preview":"max-image-preview:large","max-video-preview":"max-video-preview:-1"},"canonical":"https:\/\/aviator-crash.org\/ca\/maquina-escurabutxaques-space-xy\/","og_locale":"ca_ES","og_type":"article","og_title":"Joc Space XY al casino, descarregar","og_description":"Un joc interessant per als amants de l'emoci\u00f3 i els alts riscos. Descarrega i gaudeix del proc\u00e9s de joc del joc de casino Space XY. Submergeix-te en el m\u00f3n del risc i d'aventures inoblidables. Estudia acuradament les regles i les caracter\u00edstiques del joc per guanyar.","og_url":"https:\/\/aviator-crash.org\/ca\/maquina-escurabutxaques-space-xy\/","article_modified_time":"2024-02-02T21:13:53+00:00","og_image":[{"url":"https:\/\/aviator-crash.org\/wp-content\/uploads\/2024\/01\/bgaming-game-release-1024x445.jpg"}],"twitter_card":"summary_large_image","twitter_misc":{"Est. reading time":"5 minuts"},"schema":{"@context":"https:\/\/schema.org","@graph":[{"@type":"WebPage","@id":"https:\/\/aviator-crash.org\/ca\/maquina-escurabutxaques-space-xy\/","url":"https:\/\/aviator-crash.org\/ca\/maquina-escurabutxaques-space-xy\/","name":"Joc Space XY al casino, descarregar","isPartOf":{"@id":"https:\/\/aviator-crash.org\/ca\/#website"},"datePublished":"2023-12-27T19:48:01+00:00","dateModified":"2024-02-02T21:13:53+00:00","description":"Un joc interessant per als amants de l'emoci\u00f3 i els alts riscos. Descarrega i gaudeix del proc\u00e9s de joc del joc de casino Space XY. Submergeix-te en el m\u00f3n del risc i d'aventures inoblidables. Estudia acuradament les regles i les caracter\u00edstiques del joc per guanyar.","breadcrumb":{"@id":"https:\/\/aviator-crash.org\/ca\/maquina-escurabutxaques-space-xy\/#breadcrumb"},"inLanguage":"ca","potentialAction":[{"@type":"ReadAction","target":["https:\/\/aviator-crash.org\/ca\/maquina-escurabutxaques-space-xy\/"]}]},{"@type":"BreadcrumbList","@id":"https:\/\/aviator-crash.org\/ca\/maquina-escurabutxaques-space-xy\/#breadcrumb","itemListElement":[{"@type":"ListItem","position":1,"name":"Home","item":"https:\/\/aviator-crash.org\/ca\/joc-aviator-en-linia-per-diners-reals\/"},{"@type":"ListItem","position":2,"name":"M\u00e0quina escurabutxaques Space XY"}]},{"@type":"WebSite","@id":"https:\/\/aviator-crash.org\/ca\/#website","url":"https:\/\/aviator-crash.org\/ca\/","name":"","description":"","potentialAction":[{"@type":"SearchAction","target":{"@type":"EntryPoint","urlTemplate":"https:\/\/aviator-crash.org\/ca\/?s={search_term_string}"},"query-input":"required name=search_term_string"}],"inLanguage":"ca"}]}},"_links":{"self":[{"href":"https:\/\/aviator-crash.org\/ca\/wp-json\/wp\/v2\/pages\/5265"}],"collection":[{"href":"https:\/\/aviator-crash.org\/ca\/wp-json\/wp\/v2\/pages"}],"about":[{"href":"https:\/\/aviator-crash.org\/ca\/wp-json\/wp\/v2\/types\/page"}],"author":[{"embeddable":true,"href":"https:\/\/aviator-crash.org\/ca\/wp-json\/wp\/v2\/users\/2"}],"replies":[{"embeddable":true,"href":"https:\/\/aviator-crash.org\/ca\/wp-json\/wp\/v2\/comments?post=5265"}],"version-history":[{"count":1,"href":"https:\/\/aviator-crash.org\/ca\/wp-json\/wp\/v2\/pages\/5265\/revisions"}],"predecessor-version":[{"id":5267,"href":"https:\/\/aviator-crash.org\/ca\/wp-json\/wp\/v2\/pages\/5265\/revisions\/5267"}],"wp:attachment":[{"href":"https:\/\/aviator-crash.org\/ca\/wp-json\/wp\/v2\/media?parent=5265"}],"curies":[{"name":"wp","href":"https:\/\/api.w.org\/{rel}","templated":true}]}}