{"id":5295,"date":"2023-12-27T19:40:59","date_gmt":"2023-12-27T19:40:59","guid":{"rendered":"https:\/\/aviator-crash.org\/juga-a-rocket-x\/"},"modified":"2024-02-02T21:17:07","modified_gmt":"2024-02-02T21:17:07","slug":"juga-a-rocket-x","status":"publish","type":"page","link":"https:\/\/aviator-crash.org\/ca\/juga-a-rocket-x\/","title":{"rendered":"Juga a Rocket X"},"content":{"rendered":"\n<figure class=\"wp-block-gallery has-nested-images columns-default is-cropped wp-block-gallery-1 is-layout-flex wp-block-gallery-is-layout-flex\">\n<figure class=\"wp-block-image size-large\"><span itemprop=\"image\" itemscope itemtype=\"https:\/\/schema.org\/ImageObject\"><img itemprop=\"url image\" loading=\"lazy\" decoding=\"async\" width=\"1024\" height=\"761\" data-id=\"472\" src=\"https:\/\/aviator-crash.org\/wp-content\/uploads\/2024\/01\/rocket-x-1024x761.webp\" alt=\"\" class=\"wp-image-472\" srcset=\"https:\/\/aviator-crash.org\/wp-content\/uploads\/2024\/01\/rocket-x-1024x761.webp 1024w, https:\/\/aviator-crash.org\/wp-content\/uploads\/2024\/01\/rocket-x-300x223.webp 300w, https:\/\/aviator-crash.org\/wp-content\/uploads\/2024\/01\/rocket-x-768x571.webp 768w, https:\/\/aviator-crash.org\/wp-content\/uploads\/2024\/01\/rocket-x.webp 1200w\" sizes=\"(max-width: 1024px) 100vw, 1024px\" \/><meta itemprop=\"width\" content=\"1024\"><meta itemprop=\"height\" content=\"761\"><\/span><\/figure>\n<\/figure>\n\n<p>El joc multijugador Rocket X et convida a submergir-te en una aventura emocionant i guanyar diners reals. Pots descarregar-lo gratu\u00eftament a qualsevol dels teus dispositius i gaudir d&#8217;un gran joc tant sol com juntament amb els teus amics i altres jugadors. Per fer-ho, nom\u00e9s cal que aneu al portal oficial de la casa d&#8217;apostes Odin Vin i descarregueu gratu\u00eftament el joc Rocket X per a Android. Per comen\u00e7ar el joc, nom\u00e9s cal que aneu al vostre compte personal registrant-vos o iniciant sessi\u00f3. Nom\u00e9s trigar\u00e0 uns minuts, per\u00f2 podeu comen\u00e7ar a jugar immediatament i gaudir del proc\u00e9s.    <\/p>\n\n<h2 class=\"wp-block-heading\"><strong>Avantatges de jugar a Rocket X en l\u00ednia<\/strong><\/h2>\n\n<p>El joc t\u00e9 una gran demanda en el m\u00f3n modern. Et permeten passar una bona estona i tamb\u00e9 guanyar gaireb\u00e9 qualsevol quantitat de diners sense sortir de casa. Al seu torn, Rocket X es considera un dels m\u00e9s populars d&#8217;aquest tipus. Aquest joc t\u00e9 molts avantatges, entre ells els seg\u00fcents:   <\/p>\n\n<ul>\n<li>Rocket X t\u00e9 cr\u00edtiques molt positives, la qual cosa indica que aquesta aplicaci\u00f3 \u00e9s molt popular entre els jugadors de tot el m\u00f3n.<\/li>\n\n\n\n<li>Mode multijugador. La possibilitat de jugar en temps real, gaudint del proc\u00e9s amb els teus amics o altres usuaris d&#8217;arreu del m\u00f3n en l\u00ednia. <\/li>\n\n\n\n<li>Curses din\u00e0miques. El joc es va centrar en les carreres r\u00e0pides i din\u00e0miques amb una varietat de pistes i obstacles. <\/li>\n\n\n\n<li>Ubicacions \u00faniques. Ubicacions de jocs diverses i acolorides que ofereixen diferents condicions per a la cursa. <\/li>\n\n\n\n<li>Trucs i millores. La capacitat de realitzar trucs i millorar la vostra m\u00e0quina voladora amb diverses actualitzacions. Tot el que heu de fer \u00e9s descarregar Rocket X al vostre dispositiu i registrar-vos.  <\/li>\n\n\n\n<li>Sistema de progressi\u00f3. Un sistema de progressi\u00f3 ben pensat amb desbloqueig de nous nivells, vehicles i altres continguts a mesura que avances en el joc. <\/li>\n\n\n\n<li>Disponibilitat d&#8217;un gran nombre de bonificacions. L&#8217;oportunitat de rebre bonificacions, assoliments i altres recompenses per completar amb \u00e8xit els nivells o completar tasques especials. <\/li>\n\n\n\n<li>Excel\u00b7lents gr\u00e0fics i so sorprenent. Gr\u00e0fics i so d&#8217;alta qualitat per crear una atmosfera visual i sonora impressionant. <\/li>\n<\/ul>\n\n<p>Nombrosos avantatges fan que aquest joc sigui molt popular entre els aficionats a les aplicacions de jocs d&#8217;atzar. Les ressenyes del joc Rocket X s\u00f3n majorit\u00e0riament positives, cosa que confirma una vegada m\u00e9s el fet anterior. Si voleu passar-ho b\u00e9, aquesta aplicaci\u00f3 \u00e9s la millor opci\u00f3.  <\/p>\n\n<h2 class=\"wp-block-heading\">Com jugar a Rocket X<\/h2>\n\n<p>Un altre avantatge d&#8217;aquest joc \u00e9s que t\u00e9 regles senzilles i clares que absolutament tothom pot entendre r\u00e0pidament. El primer que heu de fer \u00e9s registrar-vos o iniciar sessi\u00f3 al vostre compte personal. Aquesta opci\u00f3 \u00e9s molt convenient, ja que tot el progr\u00e9s es desar\u00e0 autom\u00e0ticament.  <\/p>\n\n<p>El segon pas que heu de fer \u00e9s recarregar el vostre compte de joc. A continuaci\u00f3, aneu a la p\u00e0gina i inicieu el simulador. El joc comen\u00e7ar\u00e0 despr\u00e9s de fer l&#8217;aposta. L&#8217;import \u00e9s individual i dep\u00e8n \u00fanicament de les vostres prefer\u00e8ncies i estrat\u00e8gia.   <\/p>\n\n<p>El lloc web oficial de Rocket X us ofereix \u00e0mplies oportunitats per jugar. Hi ha modes individuals i multijugador, que us permeten gaudir del joc en l\u00ednia amb amics o altres jugadors a Internet. Totes les normes b\u00e0siques estan indicades al lloc web. A m\u00e9s, podeu entrenar abans de comen\u00e7ar a entendre millor l&#8217;ess\u00e8ncia del joc i comen\u00e7ar a guanyar diners des del principi.   <\/p>\n\n<p>Despr\u00e9s de fer l&#8217;aposta, nom\u00e9s cal esperar el resultat. El proc\u00e9s \u00e9s for\u00e7a emocionant, ja que els valors canvien bastant r\u00e0pidament i \u00e9s gaireb\u00e9 impossible predir qu\u00e8 ser\u00e0 al final. <\/p>\n\n<h2 class=\"wp-block-heading\">Com guanyar a Rocket X<\/h2>\n\n<p>Com ja ha quedat clar, en el joc \u00e9s molt important triar el moment adequat perqu\u00e8 les apostes no s&#8217;esgotin i les probabilitats siguin el m\u00e9s rendibles possible. Una <em>estrat\u00e8gia de Rocket X<\/em> desenvolupada individualment \u00e9s perfecta per a aix\u00f2. Per desenvolupar-lo, n&#8217;hi ha prou d&#8217;estudiar jocs anteriors, analitzar els resultats i triar el m\u00e8tode de joc que ser\u00e0 m\u00e9s rendible.  <\/p>\n\n<p>L&#8217;estrat\u00e8gia de Rocket X \u00e9s una opci\u00f3 de guanyar-guanyar, ja que es basa en l&#8217;experi\u00e8ncia anterior i us ajuda a entendre com funciona el sistema i com obtenir les taxes de guanys m\u00e9s altes com a resultat. Aquest joc demostra que la sort per si sola no \u00e9s suficient per guanyar. Tamb\u00e9 necessitareu el sistema de c\u00e0lcul de probabilitats de Rocket X.  <\/p>\n\n<h2 class=\"wp-block-heading\">Regles del joc a Rocket X<\/h2>\n\n<p>Al centre de la trama hi ha una persona famosa: Elon Musk, o m\u00e9s aviat la seva c\u00f2pia de dibuixos animats, que els usuaris controlaran durant tot el joc. Aquest joc \u00e9s perfecte per als amants de l&#8217;emoci\u00f3 i els riscos. Les regles del joc aqu\u00ed s\u00f3n gaireb\u00e9 id\u00e8ntiques a les d&#8217;altres aplicacions similars. Abans d&#8217;iniciar el joc d&#8217;accident Rocket X, heu de fer les vostres apostes i veure-les cr\u00e9ixer. Pots retirar la teva aposta en qualsevol moment, per\u00f2 \u00e9s important anar amb compte: si ho fas massa d&#8217;hora o massa tard, perdr\u00e0s. \u00c9s molt important triar el moment adequat.     <\/p>\n\n<p>Si creus que el joc \u00e9s bastant simple i mon\u00f2ton, t&#8217;equivoques. Alts riscos, apostes, dinamisme: tot aix\u00f2 ho podeu trobar aqu\u00ed. Podeu llegir m\u00e9s sobre les regles a la p\u00e0gina oficial.  <\/p>\n\n<h2 class=\"wp-block-heading\">Codis promocionals<\/h2>\n\n<p>Els codis promocionals en jocs d&#8217;atzar poden ser proporcionats per plataformes de jocs, casinos o desenvolupadors per atraure nous jugadors, fomentar la fidelitzaci\u00f3 o realitzar promocions especials. Si voleu passar-ho b\u00e9 i augmentar les vostres possibilitats de guanyar al joc Rocket X 1win, podeu aprofitar f\u00e0cilment els codis promocionals disponibles. Els podeu trobar en diverses fonts:  <\/p>\n\n<ul>\n<li>Portal web oficial Odin Vin.<\/li>\n\n\n\n<li>Llistes de correu (\u00e9s per aix\u00f2 que es recomana subscriure&#8217;s a les llistes de correu des del lloc immediatament despr\u00e9s del registre).<\/li>\n\n\n\n<li>Xarxes socials i f\u00f2rums especials.<\/li>\n\n\n\n<li>Programes de col\u00b7laboraci\u00f3.<\/li>\n<\/ul>\n\n<p>Recorda que \u00e9s important anar amb compte i utilitzar codis promocionals, seguint les regles i condicions del joc, per tal d&#8217;evitar malentesos i situacions desagradables.<\/p>\n\n<h2 class=\"wp-block-heading\">Ressenyes<\/h2>\n\n<p>Tenint en compte les ressenyes dels usuaris, podem concloure que aquest joc es considera un dels m\u00e9s populars d&#8217;aquest tipus, amb nombrosos avantatges i caracter\u00edstiques. Aqu\u00ed hi ha algunes ressenyes de 1win Rocket X: <\/p>\n","protected":false},"excerpt":{"rendered":"<p>El joc multijugador Rocket X et convida a submergir-te en una aventura emocionant i guanyar diners reals. Pots descarregar-lo gratu\u00eftament a qualsevol dels teus dispositius i gaudir d&#8217;un gran joc tant sol com juntament amb els teus amics i altres jugadors. Per fer-ho, nom\u00e9s cal que aneu al portal oficial de la casa d&#8217;apostes Odin [&hellip;]<\/p>\n","protected":false},"author":2,"featured_media":0,"parent":0,"menu_order":0,"comment_status":"open","ping_status":"closed","template":"","meta":{"footnotes":""},"yoast_head":"<!-- This site is optimized with the Yoast SEO plugin v21.7 - https:\/\/yoast.com\/wordpress\/plugins\/seo\/ -->\n<title>Joc de casino Rocket X, descarregar<\/title>\n<meta name=\"description\" content=\"El millor joc de Rocket X amb l&#039;oportunitat de guanyar diners reals. Consulta la descripci\u00f3, estudia les caracter\u00edstiques i les caracter\u00edstiques del joc, tria la millor estrat\u00e8gia i fes un viatge inoblidable. Endavant a grans vict\u00f2ries!\" \/>\n<meta name=\"robots\" content=\"index, follow, max-snippet:-1, max-image-preview:large, max-video-preview:-1\" \/>\n<link rel=\"canonical\" href=\"https:\/\/aviator-crash.org\/ca\/juga-a-rocket-x\/\" \/>\n<meta property=\"og:locale\" content=\"ca_ES\" \/>\n<meta property=\"og:type\" content=\"article\" \/>\n<meta property=\"og:title\" content=\"Joc de casino Rocket X, descarregar\" \/>\n<meta property=\"og:description\" content=\"El millor joc de Rocket X amb l&#039;oportunitat de guanyar diners reals. Consulta la descripci\u00f3, estudia les caracter\u00edstiques i les caracter\u00edstiques del joc, tria la millor estrat\u00e8gia i fes un viatge inoblidable. Endavant a grans vict\u00f2ries!\" \/>\n<meta property=\"og:url\" content=\"https:\/\/aviator-crash.org\/ca\/juga-a-rocket-x\/\" \/>\n<meta property=\"article:modified_time\" content=\"2024-02-02T21:17:07+00:00\" \/>\n<meta property=\"og:image\" content=\"https:\/\/aviator-crash.org\/wp-content\/uploads\/2024\/01\/rocket-x-1024x761.webp\" \/>\n<meta name=\"twitter:card\" content=\"summary_large_image\" \/>\n<meta name=\"twitter:label1\" content=\"Est. reading time\" \/>\n\t<meta name=\"twitter:data1\" content=\"5 minuts\" \/>\n<script type=\"application\/ld+json\" class=\"yoast-schema-graph\">{\"@context\":\"https:\/\/schema.org\",\"@graph\":[{\"@type\":\"WebPage\",\"@id\":\"https:\/\/aviator-crash.org\/ca\/juga-a-rocket-x\/\",\"url\":\"https:\/\/aviator-crash.org\/ca\/juga-a-rocket-x\/\",\"name\":\"Joc de casino Rocket X, descarregar\",\"isPartOf\":{\"@id\":\"https:\/\/aviator-crash.org\/ca\/#website\"},\"datePublished\":\"2023-12-27T19:40:59+00:00\",\"dateModified\":\"2024-02-02T21:17:07+00:00\",\"description\":\"El millor joc de Rocket X amb l'oportunitat de guanyar diners reals. Consulta la descripci\u00f3, estudia les caracter\u00edstiques i les caracter\u00edstiques del joc, tria la millor estrat\u00e8gia i fes un viatge inoblidable. Endavant a grans vict\u00f2ries!\",\"breadcrumb\":{\"@id\":\"https:\/\/aviator-crash.org\/ca\/juga-a-rocket-x\/#breadcrumb\"},\"inLanguage\":\"ca\",\"potentialAction\":[{\"@type\":\"ReadAction\",\"target\":[\"https:\/\/aviator-crash.org\/ca\/juga-a-rocket-x\/\"]}]},{\"@type\":\"BreadcrumbList\",\"@id\":\"https:\/\/aviator-crash.org\/ca\/juga-a-rocket-x\/#breadcrumb\",\"itemListElement\":[{\"@type\":\"ListItem\",\"position\":1,\"name\":\"Home\",\"item\":\"https:\/\/aviator-crash.org\/ca\/joc-aviator-en-linia-per-diners-reals\/\"},{\"@type\":\"ListItem\",\"position\":2,\"name\":\"Juga a Rocket X\"}]},{\"@type\":\"WebSite\",\"@id\":\"https:\/\/aviator-crash.org\/ca\/#website\",\"url\":\"https:\/\/aviator-crash.org\/ca\/\",\"name\":\"\",\"description\":\"\",\"potentialAction\":[{\"@type\":\"SearchAction\",\"target\":{\"@type\":\"EntryPoint\",\"urlTemplate\":\"https:\/\/aviator-crash.org\/ca\/?s={search_term_string}\"},\"query-input\":\"required name=search_term_string\"}],\"inLanguage\":\"ca\"}]}<\/script>\n<!-- \/ Yoast SEO plugin. -->","yoast_head_json":{"title":"Joc de casino Rocket X, descarregar","description":"El millor joc de Rocket X amb l'oportunitat de guanyar diners reals. Consulta la descripci\u00f3, estudia les caracter\u00edstiques i les caracter\u00edstiques del joc, tria la millor estrat\u00e8gia i fes un viatge inoblidable. Endavant a grans vict\u00f2ries!","robots":{"index":"index","follow":"follow","max-snippet":"max-snippet:-1","max-image-preview":"max-image-preview:large","max-video-preview":"max-video-preview:-1"},"canonical":"https:\/\/aviator-crash.org\/ca\/juga-a-rocket-x\/","og_locale":"ca_ES","og_type":"article","og_title":"Joc de casino Rocket X, descarregar","og_description":"El millor joc de Rocket X amb l'oportunitat de guanyar diners reals. Consulta la descripci\u00f3, estudia les caracter\u00edstiques i les caracter\u00edstiques del joc, tria la millor estrat\u00e8gia i fes un viatge inoblidable. Endavant a grans vict\u00f2ries!","og_url":"https:\/\/aviator-crash.org\/ca\/juga-a-rocket-x\/","article_modified_time":"2024-02-02T21:17:07+00:00","og_image":[{"url":"https:\/\/aviator-crash.org\/wp-content\/uploads\/2024\/01\/rocket-x-1024x761.webp"}],"twitter_card":"summary_large_image","twitter_misc":{"Est. reading time":"5 minuts"},"schema":{"@context":"https:\/\/schema.org","@graph":[{"@type":"WebPage","@id":"https:\/\/aviator-crash.org\/ca\/juga-a-rocket-x\/","url":"https:\/\/aviator-crash.org\/ca\/juga-a-rocket-x\/","name":"Joc de casino Rocket X, descarregar","isPartOf":{"@id":"https:\/\/aviator-crash.org\/ca\/#website"},"datePublished":"2023-12-27T19:40:59+00:00","dateModified":"2024-02-02T21:17:07+00:00","description":"El millor joc de Rocket X amb l'oportunitat de guanyar diners reals. Consulta la descripci\u00f3, estudia les caracter\u00edstiques i les caracter\u00edstiques del joc, tria la millor estrat\u00e8gia i fes un viatge inoblidable. Endavant a grans vict\u00f2ries!","breadcrumb":{"@id":"https:\/\/aviator-crash.org\/ca\/juga-a-rocket-x\/#breadcrumb"},"inLanguage":"ca","potentialAction":[{"@type":"ReadAction","target":["https:\/\/aviator-crash.org\/ca\/juga-a-rocket-x\/"]}]},{"@type":"BreadcrumbList","@id":"https:\/\/aviator-crash.org\/ca\/juga-a-rocket-x\/#breadcrumb","itemListElement":[{"@type":"ListItem","position":1,"name":"Home","item":"https:\/\/aviator-crash.org\/ca\/joc-aviator-en-linia-per-diners-reals\/"},{"@type":"ListItem","position":2,"name":"Juga a Rocket X"}]},{"@type":"WebSite","@id":"https:\/\/aviator-crash.org\/ca\/#website","url":"https:\/\/aviator-crash.org\/ca\/","name":"","description":"","potentialAction":[{"@type":"SearchAction","target":{"@type":"EntryPoint","urlTemplate":"https:\/\/aviator-crash.org\/ca\/?s={search_term_string}"},"query-input":"required name=search_term_string"}],"inLanguage":"ca"}]}},"_links":{"self":[{"href":"https:\/\/aviator-crash.org\/ca\/wp-json\/wp\/v2\/pages\/5295"}],"collection":[{"href":"https:\/\/aviator-crash.org\/ca\/wp-json\/wp\/v2\/pages"}],"about":[{"href":"https:\/\/aviator-crash.org\/ca\/wp-json\/wp\/v2\/types\/page"}],"author":[{"embeddable":true,"href":"https:\/\/aviator-crash.org\/ca\/wp-json\/wp\/v2\/users\/2"}],"replies":[{"embeddable":true,"href":"https:\/\/aviator-crash.org\/ca\/wp-json\/wp\/v2\/comments?post=5295"}],"version-history":[{"count":1,"href":"https:\/\/aviator-crash.org\/ca\/wp-json\/wp\/v2\/pages\/5295\/revisions"}],"predecessor-version":[{"id":5297,"href":"https:\/\/aviator-crash.org\/ca\/wp-json\/wp\/v2\/pages\/5295\/revisions\/5297"}],"wp:attachment":[{"href":"https:\/\/aviator-crash.org\/ca\/wp-json\/wp\/v2\/media?parent=5295"}],"curies":[{"name":"wp","href":"https:\/\/api.w.org\/{rel}","templated":true}]}}