{"id":5330,"date":"2023-12-27T19:58:01","date_gmt":"2023-12-27T19:58:01","guid":{"rendered":"https:\/\/aviator-crash.org\/juga-a-cash-o-crash\/"},"modified":"2024-02-02T21:19:21","modified_gmt":"2024-02-02T21:19:21","slug":"juga-a-cash-o-crash","status":"publish","type":"page","link":"https:\/\/aviator-crash.org\/ca\/juga-a-cash-o-crash\/","title":{"rendered":"Juga a Cash o Crash"},"content":{"rendered":"\n<figure class=\"wp-block-gallery has-nested-images columns-default is-cropped wp-block-gallery-1 is-layout-flex wp-block-gallery-is-layout-flex\">\n<figure class=\"wp-block-image size-large\"><span itemprop=\"image\" itemscope itemtype=\"https:\/\/schema.org\/ImageObject\"><img itemprop=\"url image\" loading=\"lazy\" decoding=\"async\" width=\"1024\" height=\"498\" data-id=\"466\" src=\"https:\/\/aviator-crash.org\/wp-content\/uploads\/2024\/01\/cash-or-crash-live-1200x584-1-1024x498.jpeg\" alt=\"\" class=\"wp-image-466\" srcset=\"https:\/\/aviator-crash.org\/wp-content\/uploads\/2024\/01\/cash-or-crash-live-1200x584-1-1024x498.jpeg 1024w, https:\/\/aviator-crash.org\/wp-content\/uploads\/2024\/01\/cash-or-crash-live-1200x584-1-300x146.jpeg 300w, https:\/\/aviator-crash.org\/wp-content\/uploads\/2024\/01\/cash-or-crash-live-1200x584-1-768x374.jpeg 768w, https:\/\/aviator-crash.org\/wp-content\/uploads\/2024\/01\/cash-or-crash-live-1200x584-1.jpeg 1200w\" sizes=\"(max-width: 1024px) 100vw, 1024px\" \/><meta itemprop=\"width\" content=\"1024\"><meta itemprop=\"height\" content=\"498\"><\/span><\/figure>\n<\/figure>\n\n<p>Cash or Crash \u00e9s un joc molt demandat entre els aficionats a les aplicacions d&#8217;apostes, les apostes altes i els riscos. Aquesta \u00e9s una gran opci\u00f3 per passar una bona estona i provar sort. Cash or Crash \u00e9s una aplicaci\u00f3 d&#8217;Android on els jugadors poden fer apostes en diversos esdeveniments, el resultat dels quals es determina aleat\u00f2riament. Per comen\u00e7ar a jugar, nom\u00e9s has de descarregar l&#8217;aplicaci\u00f3 al lloc web oficial de la casa d&#8217;apostes Odin Vin, registrar-te o iniciar sessi\u00f3 al teu compte personal i fer la teva aposta. Absolutament qualsevol pot descarregar Cash o Crash de forma gratu\u00efta. Inicieu el joc i gaudiu d&#8217;una bona estona.     <\/p>\n\n<h2 class=\"wp-block-heading\">L&#8217;avantatge de jugar a Cash o Crash en l\u00ednia<\/h2>\n\n<p>Els jocs d&#8217;atzar es consideren un dels jocs m\u00e9s populars avui dia. El motiu principal \u00e9s que aqu\u00ed no nom\u00e9s pots divertir-te, sin\u00f3 tamb\u00e9 guanyar diners reals. En general, les imatges de l&#8217;aplicaci\u00f3 Cash or Crash s\u00f3n un aut\u00e8ntic plaer. Gr\u00e0fics excel\u00b7lents, interf\u00edcie clara, controls senzills de manera intu\u00eftiva: podeu trobar tot aix\u00f2 aqu\u00ed.   <\/p>\n\n<p>Entre els avantatges clau del popular joc d&#8217;apostes Cash or Crash, val la pena destacar els seg\u00fcents:<\/p>\n\n<ul>\n<li>Joc interessant. Ofereix un joc divertit i addictiu amb la possibilitat de guanyar o perdre r\u00e0pidament. <\/li>\n\n\n\n<li>Mode multijugador. La possibilitat de jugar amb amics o altres jugadors pot afegir un aspecte social i divertit. <\/li>\n\n\n\n<li>Gr\u00e0fics i so. Els gr\u00e0fics i el so d&#8217;alta qualitat creen l&#8217;atmosfera del joc, fent-lo m\u00e9s atractiu per als jugadors. <\/li>\n\n\n\n<li>Disponibilitat d&#8217;actualitzacions peri\u00f2diques. Gr\u00e0cies a aix\u00f2, podreu gaudir del vostre joc preferit amb un rendiment millorat. Els desenvolupadors intenten millorar regularment el joc per tal de complir amb les tend\u00e8ncies i tend\u00e8ncies modernes del m\u00f3n de les apostes en l\u00ednia.  <\/li>\n\n\n\n<li>La possibilitat de jugar directament des del tel\u00e8fon, siguis on siguis. Aquesta \u00e9s una gran oportunitat per passar-ho b\u00e9, gaudir del joc i fins i tot intentar guanyar diners reals. <\/li>\n\n\n\n<li>Molts modes de joc diferents. Una estrat\u00e8gia de Cash o Crash ben escollida augmentar\u00e0 les vostres possibilitats de guanyar en qualsevol dels modes. <\/li>\n<\/ul>\n\n<p>En general, Cash or Crash \u00e9s un bon exemple d&#8217;una aplicaci\u00f3 divertida on podeu guanyar diners reals. Pots gaudir d&#8217;una bona estona i tamb\u00e9 jugar amb els teus amics o altres jugadors en l\u00ednia mitjan\u00e7ant el mode multijugador. <\/p>\n\n<h2 class=\"wp-block-heading\">Com jugar a Cash o Crash<\/h2>\n\n<p>&#8220;Cash or Crash&#8221; \u00e9s un joc d&#8217;apostes virtual que sovint ofereixen els casinos en l\u00ednia. Tot i que les regles poden variar lleugerament entre les diferents versions del joc, el concepte b\u00e0sic normalment segueix sent el mateix. Aqu\u00ed teniu una guia general sobre com jugar a Cash o Crash:  <\/p>\n\n<ul>\n<li>Inscripci\u00f3. \u00c9s possible que h\u00e0giu de registrar-vos en un casino en l\u00ednia que ofereix el joc Cash or Crash. Seguiu les instruccions per crear un compte.  <\/li>\n\n\n\n<li>Reposici\u00f3 de l&#8217;equilibri. Abans de comen\u00e7ar el joc, heu de recarregar el vostre compte de joc amb diners reals. En la majoria dels casos, aix\u00f2 es pot fer mitjan\u00e7ant diferents m\u00e8todes de pagament.  <\/li>\n\n\n\n<li>Selecci\u00f3 de l&#8217;import de l&#8217;aposta.<\/li>\n\n\n\n<li>Comen\u00e7a la ronda.<\/li>\n\n\n\n<li>La decisi\u00f3 d&#8217;acabar la ronda. Durant la ronda, tens l&#8217;opci\u00f3 d&#8217;acabar-la en qualsevol moment i agafar els diners que guanyis. Tanmateix, si no completeu una ronda abans d&#8217;un punt determinat, hi ha el risc d&#8217;un accident i perdreu la vostra aposta.  <\/li>\n\n\n\n<li>Xoc o final de ronda. En algun moment de la ronda, es produeix un &#8220;accident&#8221;. Si has completat la ronda fins a aquest punt, rebr\u00e0s guanys segons el multiplicador actual. En cas contrari, perds la teva aposta.   <\/li>\n<\/ul>\n\n<p>El principi del joc \u00e9s bastant simple i clar, de manera que podeu esbrinar r\u00e0pidament qu\u00e8 heu de fer aqu\u00ed. Si teniu cap problema, podeu consultar les instruccions. <\/p>\n\n<h2 class=\"wp-block-heading\">Com guanyar a Cash o Crash<\/h2>\n\n<p>Guanyar en jocs d&#8217;apostes com ara escurabutxaques, p\u00f2quer, ruleta i blackjack sovint dep\u00e8n de l&#8217;atzar, i la majoria dels jocs d&#8217;atzar es basen en l&#8217;atzar. Tanmateix, hi ha algunes estrat\u00e8gies i consells que us poden ajudar a gestionar el vostre fons i augmentar les vostres possibilitats de guanyar al popular joc d&#8217;apostes Crash Cash casino: <\/p>\n\n<ul>\n<li>Gesti\u00f3 de bancs. Determineu el l\u00edmit de p\u00e8rdues que esteu disposat a pagar i no el supereu. Dividiu el vostre fons entre sessions de joc i aposta nom\u00e9s el que us podeu permetre perdre.  <\/li>\n\n\n\n<li>Aprendre estrat\u00e8gies b\u00e0siques. Com s&#8217;ha esmentat anteriorment, en els jocs d&#8217;atzar, una estrat\u00e8gia ben seleccionada juga un paper clau. Implica estudiar les vict\u00f2ries anteriors, cercar patrons i identificar combinacions guanyadores clau. L&#8217;estrat\u00e8gia Cash o Crash sovint \u00e9s individual, tot i que pots rebre consells de jugadors m\u00e9s experimentats.   <\/li>\n\n\n\n<li>Aprofita les bonificacions. Utilitzeu bonificacions i promocions dels casinos. Tanmateix, \u00e9s important llegir amb atenci\u00f3 els termes i condicions associats a les bonificacions.  <\/li>\n\n\n\n<li>Llegiu atentament les regles del joc i llegiu les instruccions.<\/li>\n<\/ul>\n\n<p>Seguint els consells anteriors, podeu augmentar significativament les vostres possibilitats de guanyar.<\/p>\n\n<h2 class=\"wp-block-heading\">Regles per jugar a Cash o Crash<\/h2>\n\n<p>Les regles del joc s\u00f3n senzilles i clares. En primer lloc, el jugador selecciona l&#8217;import a apostar i fa clic al bot\u00f3 d&#8217;inici de la ronda. La ronda comen\u00e7a amb un multiplicador inicial (per exemple, 1x). Aquest multiplicador comen\u00e7a a augmentar amb el temps. Durant la ronda, el jugador t\u00e9 un cert temps per decidir si completa la ronda i recollir els guanys. Aix\u00f2 es pot fer abans que el multiplicador arribi a un valor determinat que provoqui un error.     <\/p>\n\n<p>Es produeix un &#8220;crash&#8221; quan el multiplicador arriba a un determinat valor. Si el jugador ha completat la ronda fins a aquest punt, rep els guanys. En cas contrari, l&#8217;aposta es perdr\u00e0. Si un jugador completa una ronda abans de l&#8217;accident i rep una vict\u00f2ria, l&#8217;import de la vict\u00f2ria dep\u00e8n del multiplicador actual. Si el jugador no completa la ronda abans de l&#8217;accident, l&#8217;aposta es perd i no hi ha guany.    <\/p>\n\n<h2 class=\"wp-block-heading\">Codis promocionals<\/h2>\n\n<p>Els codis promocionals del joc Cash o Crash s\u00f3n codis especials que els jugadors poden introduir per rebre diverses bonificacions, privilegis i promocions. Aquests codis els proporcionen el casino o els desenvolupadors de jocs i els jugadors els poden utilitzar per millorar la seva experi\u00e8ncia de joc o obtenir funcions addicionals. En el cas de &#8220;Efectiu o accident&#8221;, els codis promocionals es poden proporcionar per:  <\/p>\n\n<ol>\n<li>Dip\u00f2sits de bonificaci\u00f3: fons addicionals quan reompliu el vostre compte al joc.<\/li>\n\n\n\n<li>Gires gratu\u00eftes: girs gratu\u00efts al joc amb multiplicadors.<\/li>\n\n\n\n<li>Multiplicadors augmentats: multiplicadors de bonificaci\u00f3 durant el joc.<\/li>\n\n\n\n<li>Esdeveniments especials: participaci\u00f3 en promocions i tornejos especials.<\/li>\n<\/ol>\n\n<p>Les estad\u00edstiques d&#8217;efectiu o d&#8217;accident indiquen que utilitzant bonificacions addicionals, els usuaris tenen moltes m\u00e9s probabilitats de guanyar. Per utilitzar un codi promocional al joc &#8220;Cash or Crash&#8221;, normalment cal que inicieu sessi\u00f3 al vostre compte de casino, aneu a la secci\u00f3 &#8220;Codis promocionals&#8221; o &#8220;Bonus&#8221; i introdu\u00efu el codi adequat. Despr\u00e9s d&#8217;aix\u00f2, les bonificacions previstes per aquesta acci\u00f3 s&#8217;abonaran autom\u00e0ticament al vostre compte.  <\/p>\n\n<p>\u00c9s important recordar que els codis promocionals poden tenir un per\u00edode de validesa limitat o determinades condicions d&#8217;\u00fas. Abans d&#8217;introduir un codi promocional, \u00e9s important llegir atentament els termes i condicions per evitar malentesos i aprofitar al m\u00e0xim les bonificacions que s&#8217;ofereixen. <\/p>\n\n<h2 class=\"wp-block-heading\">Ressenyes<\/h2>\n\n<p>Aqu\u00ed teniu algunes ressenyes d&#8217;usuaris que han experimentat tots els avantatges d&#8217;aquest popular joc d&#8217;apostes:<\/p>\n","protected":false},"excerpt":{"rendered":"<p>Cash or Crash \u00e9s un joc molt demandat entre els aficionats a les aplicacions d&#8217;apostes, les apostes altes i els riscos. Aquesta \u00e9s una gran opci\u00f3 per passar una bona estona i provar sort. Cash or Crash \u00e9s una aplicaci\u00f3 d&#8217;Android on els jugadors poden fer apostes en diversos esdeveniments, el resultat dels quals es [&hellip;]<\/p>\n","protected":false},"author":2,"featured_media":0,"parent":0,"menu_order":0,"comment_status":"open","ping_status":"closed","template":"","meta":{"footnotes":""},"yoast_head":"<!-- This site is optimized with the Yoast SEO plugin v21.7 - https:\/\/yoast.com\/wordpress\/plugins\/seo\/ -->\n<title>Joc Cash o Crash al casino, descarregar<\/title>\n<meta name=\"description\" content=\"Revisi\u00f3 del popular joc mundial Cash or Crash. Coneix les caracter\u00edstiques clau, els avantatges, les regles del joc i els secrets per guanyar en gran. Descarrega el joc i gaudeix d&#039;una bona estona amb els teus amics.\" \/>\n<meta name=\"robots\" content=\"index, follow, max-snippet:-1, max-image-preview:large, max-video-preview:-1\" \/>\n<link rel=\"canonical\" href=\"https:\/\/aviator-crash.org\/ca\/juga-a-cash-o-crash\/\" \/>\n<meta property=\"og:locale\" content=\"ca_ES\" \/>\n<meta property=\"og:type\" content=\"article\" \/>\n<meta property=\"og:title\" content=\"Joc Cash o Crash al casino, descarregar\" \/>\n<meta property=\"og:description\" content=\"Revisi\u00f3 del popular joc mundial Cash or Crash. Coneix les caracter\u00edstiques clau, els avantatges, les regles del joc i els secrets per guanyar en gran. Descarrega el joc i gaudeix d&#039;una bona estona amb els teus amics.\" \/>\n<meta property=\"og:url\" content=\"https:\/\/aviator-crash.org\/ca\/juga-a-cash-o-crash\/\" \/>\n<meta property=\"article:modified_time\" content=\"2024-02-02T21:19:21+00:00\" \/>\n<meta property=\"og:image\" content=\"https:\/\/aviator-crash.org\/wp-content\/uploads\/2024\/01\/cash-or-crash-live-1200x584-1-1024x498.jpeg\" \/>\n<meta name=\"twitter:card\" content=\"summary_large_image\" \/>\n<meta name=\"twitter:label1\" content=\"Est. reading time\" \/>\n\t<meta name=\"twitter:data1\" content=\"6 minuts\" \/>\n<script type=\"application\/ld+json\" class=\"yoast-schema-graph\">{\"@context\":\"https:\/\/schema.org\",\"@graph\":[{\"@type\":\"WebPage\",\"@id\":\"https:\/\/aviator-crash.org\/ca\/juga-a-cash-o-crash\/\",\"url\":\"https:\/\/aviator-crash.org\/ca\/juga-a-cash-o-crash\/\",\"name\":\"Joc Cash o Crash al casino, descarregar\",\"isPartOf\":{\"@id\":\"https:\/\/aviator-crash.org\/ca\/#website\"},\"datePublished\":\"2023-12-27T19:58:01+00:00\",\"dateModified\":\"2024-02-02T21:19:21+00:00\",\"description\":\"Revisi\u00f3 del popular joc mundial Cash or Crash. Coneix les caracter\u00edstiques clau, els avantatges, les regles del joc i els secrets per guanyar en gran. Descarrega el joc i gaudeix d'una bona estona amb els teus amics.\",\"breadcrumb\":{\"@id\":\"https:\/\/aviator-crash.org\/ca\/juga-a-cash-o-crash\/#breadcrumb\"},\"inLanguage\":\"ca\",\"potentialAction\":[{\"@type\":\"ReadAction\",\"target\":[\"https:\/\/aviator-crash.org\/ca\/juga-a-cash-o-crash\/\"]}]},{\"@type\":\"BreadcrumbList\",\"@id\":\"https:\/\/aviator-crash.org\/ca\/juga-a-cash-o-crash\/#breadcrumb\",\"itemListElement\":[{\"@type\":\"ListItem\",\"position\":1,\"name\":\"Home\",\"item\":\"https:\/\/aviator-crash.org\/ca\/joc-aviator-en-linia-per-diners-reals\/\"},{\"@type\":\"ListItem\",\"position\":2,\"name\":\"Juga a Cash o Crash\"}]},{\"@type\":\"WebSite\",\"@id\":\"https:\/\/aviator-crash.org\/ca\/#website\",\"url\":\"https:\/\/aviator-crash.org\/ca\/\",\"name\":\"\",\"description\":\"\",\"potentialAction\":[{\"@type\":\"SearchAction\",\"target\":{\"@type\":\"EntryPoint\",\"urlTemplate\":\"https:\/\/aviator-crash.org\/ca\/?s={search_term_string}\"},\"query-input\":\"required name=search_term_string\"}],\"inLanguage\":\"ca\"}]}<\/script>\n<!-- \/ Yoast SEO plugin. -->","yoast_head_json":{"title":"Joc Cash o Crash al casino, descarregar","description":"Revisi\u00f3 del popular joc mundial Cash or Crash. Coneix les caracter\u00edstiques clau, els avantatges, les regles del joc i els secrets per guanyar en gran. Descarrega el joc i gaudeix d'una bona estona amb els teus amics.","robots":{"index":"index","follow":"follow","max-snippet":"max-snippet:-1","max-image-preview":"max-image-preview:large","max-video-preview":"max-video-preview:-1"},"canonical":"https:\/\/aviator-crash.org\/ca\/juga-a-cash-o-crash\/","og_locale":"ca_ES","og_type":"article","og_title":"Joc Cash o Crash al casino, descarregar","og_description":"Revisi\u00f3 del popular joc mundial Cash or Crash. Coneix les caracter\u00edstiques clau, els avantatges, les regles del joc i els secrets per guanyar en gran. Descarrega el joc i gaudeix d'una bona estona amb els teus amics.","og_url":"https:\/\/aviator-crash.org\/ca\/juga-a-cash-o-crash\/","article_modified_time":"2024-02-02T21:19:21+00:00","og_image":[{"url":"https:\/\/aviator-crash.org\/wp-content\/uploads\/2024\/01\/cash-or-crash-live-1200x584-1-1024x498.jpeg"}],"twitter_card":"summary_large_image","twitter_misc":{"Est. reading time":"6 minuts"},"schema":{"@context":"https:\/\/schema.org","@graph":[{"@type":"WebPage","@id":"https:\/\/aviator-crash.org\/ca\/juga-a-cash-o-crash\/","url":"https:\/\/aviator-crash.org\/ca\/juga-a-cash-o-crash\/","name":"Joc Cash o Crash al casino, descarregar","isPartOf":{"@id":"https:\/\/aviator-crash.org\/ca\/#website"},"datePublished":"2023-12-27T19:58:01+00:00","dateModified":"2024-02-02T21:19:21+00:00","description":"Revisi\u00f3 del popular joc mundial Cash or Crash. Coneix les caracter\u00edstiques clau, els avantatges, les regles del joc i els secrets per guanyar en gran. Descarrega el joc i gaudeix d'una bona estona amb els teus amics.","breadcrumb":{"@id":"https:\/\/aviator-crash.org\/ca\/juga-a-cash-o-crash\/#breadcrumb"},"inLanguage":"ca","potentialAction":[{"@type":"ReadAction","target":["https:\/\/aviator-crash.org\/ca\/juga-a-cash-o-crash\/"]}]},{"@type":"BreadcrumbList","@id":"https:\/\/aviator-crash.org\/ca\/juga-a-cash-o-crash\/#breadcrumb","itemListElement":[{"@type":"ListItem","position":1,"name":"Home","item":"https:\/\/aviator-crash.org\/ca\/joc-aviator-en-linia-per-diners-reals\/"},{"@type":"ListItem","position":2,"name":"Juga a Cash o Crash"}]},{"@type":"WebSite","@id":"https:\/\/aviator-crash.org\/ca\/#website","url":"https:\/\/aviator-crash.org\/ca\/","name":"","description":"","potentialAction":[{"@type":"SearchAction","target":{"@type":"EntryPoint","urlTemplate":"https:\/\/aviator-crash.org\/ca\/?s={search_term_string}"},"query-input":"required name=search_term_string"}],"inLanguage":"ca"}]}},"_links":{"self":[{"href":"https:\/\/aviator-crash.org\/ca\/wp-json\/wp\/v2\/pages\/5330"}],"collection":[{"href":"https:\/\/aviator-crash.org\/ca\/wp-json\/wp\/v2\/pages"}],"about":[{"href":"https:\/\/aviator-crash.org\/ca\/wp-json\/wp\/v2\/types\/page"}],"author":[{"embeddable":true,"href":"https:\/\/aviator-crash.org\/ca\/wp-json\/wp\/v2\/users\/2"}],"replies":[{"embeddable":true,"href":"https:\/\/aviator-crash.org\/ca\/wp-json\/wp\/v2\/comments?post=5330"}],"version-history":[{"count":3,"href":"https:\/\/aviator-crash.org\/ca\/wp-json\/wp\/v2\/pages\/5330\/revisions"}],"predecessor-version":[{"id":5334,"href":"https:\/\/aviator-crash.org\/ca\/wp-json\/wp\/v2\/pages\/5330\/revisions\/5334"}],"wp:attachment":[{"href":"https:\/\/aviator-crash.org\/ca\/wp-json\/wp\/v2\/media?parent=5330"}],"curies":[{"name":"wp","href":"https:\/\/api.w.org\/{rel}","templated":true}]}}