{"id":5425,"date":"2023-12-27T19:26:44","date_gmt":"2023-12-27T19:26:44","guid":{"rendered":"https:\/\/aviator-crash.org\/descarrega-de-lucky-jet-1win\/"},"modified":"2024-02-02T21:23:54","modified_gmt":"2024-02-02T21:23:54","slug":"descarrega-de-lucky-jet-1win","status":"publish","type":"page","link":"https:\/\/aviator-crash.org\/ca\/descarrega-de-lucky-jet-1win\/","title":{"rendered":"Desc\u00e0rrega de Lucky Jet 1win"},"content":{"rendered":"\n<figure class=\"wp-block-gallery has-nested-images columns-default is-cropped wp-block-gallery-1 is-layout-flex wp-block-gallery-is-layout-flex\">\n<figure class=\"wp-block-image size-large\"><span itemprop=\"image\" itemscope itemtype=\"https:\/\/schema.org\/ImageObject\"><img itemprop=\"url image\" loading=\"lazy\" decoding=\"async\" width=\"880\" height=\"500\" data-id=\"478\" src=\"https:\/\/aviator-crash.org\/wp-content\/uploads\/2024\/01\/lucky_jet_game-casino_yl6vvw.webp\" alt=\"\" class=\"wp-image-478\" srcset=\"https:\/\/aviator-crash.org\/wp-content\/uploads\/2024\/01\/lucky_jet_game-casino_yl6vvw.webp 880w, https:\/\/aviator-crash.org\/wp-content\/uploads\/2024\/01\/lucky_jet_game-casino_yl6vvw-300x170.webp 300w, https:\/\/aviator-crash.org\/wp-content\/uploads\/2024\/01\/lucky_jet_game-casino_yl6vvw-768x436.webp 768w\" sizes=\"(max-width: 880px) 100vw, 880px\" \/><meta itemprop=\"width\" content=\"880\"><meta itemprop=\"height\" content=\"500\"><\/span><\/figure>\n<\/figure>\n\n<p>Vols magistrals, moments emocionants i espai infinit es troben en una emocionant aventura anomenada Lucky Jet 1win. Aquest emocionant joc d&#8217;1 vict\u00f2ria porta els jugadors a un m\u00f3n \u00fanic d&#8217;emoci\u00f3 i aventures, on cada maniobra pot ser la clau de la vict\u00f2ria. <\/p>\n\n<p>Lucky Jet 1win no \u00e9s nom\u00e9s un joc per a Android, \u00e9s una oportunitat per endinsar-se en l&#8217;apassionant m\u00f3n de les batalles d&#8217;apostes, on cada moment pot canviar el curs dels esdeveniments. Podeu descarregar l&#8217;aplicaci\u00f3 oficial del joc Lucky Jet al lloc web d&#8217;Odin VIN. Al teu compte personal pots recollir les teves recompenses, lluitar i competir amb els teus amics. L&#8217;aplicaci\u00f3 Lucky Jet 1win es pot descarregar gratu\u00eftament.   <\/p>\n\n<h2 class=\"wp-block-heading\">L&#8217;avantatge del joc en l\u00ednia Lucky Jet<\/h2>\n\n<p>Aquesta aplicaci\u00f3 \u00e9s un emocionant joc en l\u00ednia amb molts avantatges:<\/p>\n\n<ul>\n<li>Joc interessant. Els jugadors poden gaudir d&#8217;un combat espacial d&#8217;alta tecnologia mentre enlairen en els seus vehicles voladors. <\/li>\n\n\n\n<li>Moltes missions emocionants.<\/li>\n\n\n\n<li>Mode multijugador. Un dels avantatges clau \u00e9s la possibilitat de jugar en l\u00ednia amb altres jugadors. Les ressenyes de Lucky Jet 1win sobre aquest mode s\u00f3n extremadament positives, ja que els jugadors podran lluitar, competir i cooperar amb amics o altres jugadors, cosa que afegeix un aspecte social i dinamisme a l&#8217;experi\u00e8ncia de joc.  <\/li>\n\n\n\n<li>Muntatge d&#8217;avions. Els jugadors tenen l&#8217;oportunitat de personalitzar i millorar les seves m\u00e0quines voladores. Aix\u00f2 crea una experi\u00e8ncia de joc personalitzada, que permet a cada jugador desenvolupar el seu propi estil i estrat\u00e8gia.  <\/li>\n\n\n\n<li>Disseny visualment atractiu. El joc 1win Lucky Jet t\u00e9 uns gr\u00e0fics i un disseny impressionants, que fan que el m\u00f3n del joc sigui colorit i visualment atractiu. <\/li>\n\n\n\n<li>Actualitzacions peri\u00f2diques.<\/li>\n<\/ul>\n\n<p>Tenint en compte aquests avantatges, Lucky Jet ofereix una experi\u00e8ncia de joc immersiva que combina elements d&#8217;acci\u00f3 r\u00e0pida, interacci\u00f3 social i pensament estrat\u00e8gic.<\/p>\n\n<h2 class=\"wp-block-heading\">Com jugar a Lucky Jet<\/h2>\n\n<p>Els jugadors comencen creant un compte, si \u00e9s necessari, i seleccionant el seu avi\u00f3. Es pot oferir formaci\u00f3 per familiaritzar-vos amb els controls i el joc b\u00e0sic. En un joc amb o sense vals d&#8217;aposta gratu\u00efta Lucky Jet 1win, hi pot haver diverses missions, reptes o objectius que els jugadors han de completar per progressar i guanyar recursos.  <\/p>\n\n<p>Sota el control d&#8217;un avi\u00f3 d&#8217;alta tecnologia, lluiteu amb oponents perillosos, desenvolupeu les vostres habilitats i recolliu recompenses \u00faniques. En el cam\u00ed cap a la vict\u00f2ria, t&#8217;esperen missions intrigants, paisatges espacials impressionants i trobades imprevisibles. <\/p>\n\n<p>El combat a Lucky Jet normalment implica utilitzar una varietat de maniobres, armes i decisions t\u00e0ctiques per v\u00e8ncer els teus oponents. Els jugadors poden enfrontar-se a oponents d&#8217;ordinador o participar en batalles multijugador amb altres jugadors. <\/p>\n\n<p>Si voleu passar-ho b\u00e9, haureu de descarregar Lucky Jet 1win al vostre dispositiu. Despr\u00e9s d&#8217;aix\u00f2, tens l&#8217;oportunitat de gaudir d&#8217;una experi\u00e8ncia de batalla espacial din\u00e0mica i emocionant, utilitzant les teves habilitats, estrat\u00e8gies i habilitats per aconseguir la vict\u00f2ria. <\/p>\n\n<h2 class=\"wp-block-heading\">Com guanyar a Lucky Jet<\/h2>\n\n<p>Guanyar pot dependre de diversos factors i \u00e9s important desenvolupar una estrat\u00e8gia amb Lucky Jet 1win i millorar les teves habilitats per aconseguir l&#8217;\u00e8xit en el joc. Aquests s\u00f3n alguns consells que us poden ajudar a tenir \u00e8xit a Lucky Jet: <\/p>\n\n<ul>\n<li>Familiaritzar-se amb els controls. Apr\u00e8n a controlar una m\u00e0quina voladora. Entendre totes les maniobres i ordres disponibles us ajudar\u00e0 a controlar amb efic\u00e0cia a la batalla.  <\/li>\n\n\n\n<li>Entrena a One Wine Lucky Jet. Aix\u00f2 us ajudar\u00e0 a dominar els conceptes b\u00e0sics del joc i aprendre a utilitzar diferents t\u00e0ctiques. <\/li>\n\n\n\n<li>Trieu un avi\u00f3 adequat. Alguns poden ser millors per atacar, mentre que altres poden ser millors per esquivar. <\/li>\n\n\n\n<li>Feu cr\u00e9ixer el vostre dispositiu. Millora el teu avi\u00f3 utilitzant els recursos obtinguts al joc. Aix\u00f2 millorar\u00e0 les teves possibilitats en les batalles i et far\u00e0 m\u00e9s competitiu.  <\/li>\n\n\n\n<li>Desenvolupa una estrat\u00e8gia Lucky Jet 1Win per a cada batalla.<\/li>\n<\/ul>\n\n<p>Utilitza l&#8217;entorn al teu avantatge, esquiva els atacs, busca debilitats en els teus oponents. El millor \u00e9s donar prefer\u00e8ncia a una estrat\u00e8gia amb un petit coeficient per a una vict\u00f2ria m\u00e9s efectiva. <\/p>\n\n<p>Tingues en compte que cada joc pot tenir la seva pr\u00f2pia din\u00e0mica \u00fanica, aix\u00ed que experimenta, adapta i gaudeix del proc\u00e9s de millora de les teves habilitats de joc a Lucky Jet.<\/p>\n\n<h2 class=\"wp-block-heading\">Regles del joc a Lucky Jet<\/h2>\n\n<p>Un altre avantatge d&#8217;aquest joc \u00e9s la senzillesa i accessibilitat de les regles. Hi ha diverses rondes, l&#8217;objectiu principal de les quals \u00e9s fer les teves apostes a temps. Les ressenyes de Lucky Jet 1win s\u00f3n la prova que no tot \u00e9s tan senzill com sembla. \u00c9s important apostar la quantitat a temps, en cas contrari es pot esgotar. Vols arriscar-te o esperar un moment m\u00e9s oport\u00fa? Tot dep\u00e8n de tu.     <\/p>\n\n<h2 class=\"wp-block-heading\">Vals<\/h2>\n\n<p>Els vals de Lucky Jet s\u00f3n codis especials que els jugadors poden introduir al joc per rebre algunes bonificacions, recursos o altres avantatges. Podeu veure&#8217;ls al lloc web d&#8217;1Win. Apareixeran regularment, delectant els jugadors amb noves oportunitats i ofertes m\u00e9s avantatjoses.  <\/p>\n\n<h2 class=\"wp-block-heading\">Ressenyes<\/h2>\n\n<p>Aqu\u00ed hi ha algunes opinions dels usuaris:<\/p>\n\n<p><\/p>\n","protected":false},"excerpt":{"rendered":"<p>Vols magistrals, moments emocionants i espai infinit es troben en una emocionant aventura anomenada Lucky Jet 1win. Aquest emocionant joc d&#8217;1 vict\u00f2ria porta els jugadors a un m\u00f3n \u00fanic d&#8217;emoci\u00f3 i aventures, on cada maniobra pot ser la clau de la vict\u00f2ria. Lucky Jet 1win no \u00e9s nom\u00e9s un joc per a Android, \u00e9s una [&hellip;]<\/p>\n","protected":false},"author":2,"featured_media":0,"parent":0,"menu_order":0,"comment_status":"open","ping_status":"closed","template":"","meta":{"footnotes":""},"yoast_head":"<!-- This site is optimized with the Yoast SEO plugin v21.7 - https:\/\/yoast.com\/wordpress\/plugins\/seo\/ -->\n<title>Joc Lucky Jet al casino 1win, descarregar<\/title>\n<meta name=\"description\" content=\"Revisi\u00f3 del popular joc Lucky Jet a tot el m\u00f3n al casino 1win, que us ofereix una oportunitat real de guanyar bons diners. Consulteu les principals caracter\u00edstiques, avantatges i regles del joc. Llan\u00e7a i guanya r\u00e0pidament!\" \/>\n<meta name=\"robots\" content=\"index, follow, max-snippet:-1, max-image-preview:large, max-video-preview:-1\" \/>\n<link rel=\"canonical\" href=\"https:\/\/aviator-crash.org\/ca\/descarrega-de-lucky-jet-1win\/\" \/>\n<meta property=\"og:locale\" content=\"ca_ES\" \/>\n<meta property=\"og:type\" content=\"article\" \/>\n<meta property=\"og:title\" content=\"Joc Lucky Jet al casino 1win, descarregar\" \/>\n<meta property=\"og:description\" content=\"Revisi\u00f3 del popular joc Lucky Jet a tot el m\u00f3n al casino 1win, que us ofereix una oportunitat real de guanyar bons diners. Consulteu les principals caracter\u00edstiques, avantatges i regles del joc. Llan\u00e7a i guanya r\u00e0pidament!\" \/>\n<meta property=\"og:url\" content=\"https:\/\/aviator-crash.org\/ca\/descarrega-de-lucky-jet-1win\/\" \/>\n<meta property=\"article:modified_time\" content=\"2024-02-02T21:23:54+00:00\" \/>\n<meta property=\"og:image\" content=\"https:\/\/aviator-crash.org\/wp-content\/uploads\/2024\/01\/lucky_jet_game-casino_yl6vvw.webp\" \/>\n<meta name=\"twitter:card\" content=\"summary_large_image\" \/>\n<meta name=\"twitter:label1\" content=\"Est. reading time\" \/>\n\t<meta name=\"twitter:data1\" content=\"4 minuts\" \/>\n<script type=\"application\/ld+json\" class=\"yoast-schema-graph\">{\"@context\":\"https:\/\/schema.org\",\"@graph\":[{\"@type\":\"WebPage\",\"@id\":\"https:\/\/aviator-crash.org\/ca\/descarrega-de-lucky-jet-1win\/\",\"url\":\"https:\/\/aviator-crash.org\/ca\/descarrega-de-lucky-jet-1win\/\",\"name\":\"Joc Lucky Jet al casino 1win, descarregar\",\"isPartOf\":{\"@id\":\"https:\/\/aviator-crash.org\/ca\/#website\"},\"datePublished\":\"2023-12-27T19:26:44+00:00\",\"dateModified\":\"2024-02-02T21:23:54+00:00\",\"description\":\"Revisi\u00f3 del popular joc Lucky Jet a tot el m\u00f3n al casino 1win, que us ofereix una oportunitat real de guanyar bons diners. Consulteu les principals caracter\u00edstiques, avantatges i regles del joc. Llan\u00e7a i guanya r\u00e0pidament!\",\"breadcrumb\":{\"@id\":\"https:\/\/aviator-crash.org\/ca\/descarrega-de-lucky-jet-1win\/#breadcrumb\"},\"inLanguage\":\"ca\",\"potentialAction\":[{\"@type\":\"ReadAction\",\"target\":[\"https:\/\/aviator-crash.org\/ca\/descarrega-de-lucky-jet-1win\/\"]}]},{\"@type\":\"BreadcrumbList\",\"@id\":\"https:\/\/aviator-crash.org\/ca\/descarrega-de-lucky-jet-1win\/#breadcrumb\",\"itemListElement\":[{\"@type\":\"ListItem\",\"position\":1,\"name\":\"Home\",\"item\":\"https:\/\/aviator-crash.org\/ca\/joc-aviator-en-linia-per-diners-reals\/\"},{\"@type\":\"ListItem\",\"position\":2,\"name\":\"Desc\u00e0rrega de Lucky Jet 1win\"}]},{\"@type\":\"WebSite\",\"@id\":\"https:\/\/aviator-crash.org\/ca\/#website\",\"url\":\"https:\/\/aviator-crash.org\/ca\/\",\"name\":\"\",\"description\":\"\",\"potentialAction\":[{\"@type\":\"SearchAction\",\"target\":{\"@type\":\"EntryPoint\",\"urlTemplate\":\"https:\/\/aviator-crash.org\/ca\/?s={search_term_string}\"},\"query-input\":\"required name=search_term_string\"}],\"inLanguage\":\"ca\"}]}<\/script>\n<!-- \/ Yoast SEO plugin. -->","yoast_head_json":{"title":"Joc Lucky Jet al casino 1win, descarregar","description":"Revisi\u00f3 del popular joc Lucky Jet a tot el m\u00f3n al casino 1win, que us ofereix una oportunitat real de guanyar bons diners. Consulteu les principals caracter\u00edstiques, avantatges i regles del joc. Llan\u00e7a i guanya r\u00e0pidament!","robots":{"index":"index","follow":"follow","max-snippet":"max-snippet:-1","max-image-preview":"max-image-preview:large","max-video-preview":"max-video-preview:-1"},"canonical":"https:\/\/aviator-crash.org\/ca\/descarrega-de-lucky-jet-1win\/","og_locale":"ca_ES","og_type":"article","og_title":"Joc Lucky Jet al casino 1win, descarregar","og_description":"Revisi\u00f3 del popular joc Lucky Jet a tot el m\u00f3n al casino 1win, que us ofereix una oportunitat real de guanyar bons diners. Consulteu les principals caracter\u00edstiques, avantatges i regles del joc. Llan\u00e7a i guanya r\u00e0pidament!","og_url":"https:\/\/aviator-crash.org\/ca\/descarrega-de-lucky-jet-1win\/","article_modified_time":"2024-02-02T21:23:54+00:00","og_image":[{"url":"https:\/\/aviator-crash.org\/wp-content\/uploads\/2024\/01\/lucky_jet_game-casino_yl6vvw.webp"}],"twitter_card":"summary_large_image","twitter_misc":{"Est. reading time":"4 minuts"},"schema":{"@context":"https:\/\/schema.org","@graph":[{"@type":"WebPage","@id":"https:\/\/aviator-crash.org\/ca\/descarrega-de-lucky-jet-1win\/","url":"https:\/\/aviator-crash.org\/ca\/descarrega-de-lucky-jet-1win\/","name":"Joc Lucky Jet al casino 1win, descarregar","isPartOf":{"@id":"https:\/\/aviator-crash.org\/ca\/#website"},"datePublished":"2023-12-27T19:26:44+00:00","dateModified":"2024-02-02T21:23:54+00:00","description":"Revisi\u00f3 del popular joc Lucky Jet a tot el m\u00f3n al casino 1win, que us ofereix una oportunitat real de guanyar bons diners. Consulteu les principals caracter\u00edstiques, avantatges i regles del joc. Llan\u00e7a i guanya r\u00e0pidament!","breadcrumb":{"@id":"https:\/\/aviator-crash.org\/ca\/descarrega-de-lucky-jet-1win\/#breadcrumb"},"inLanguage":"ca","potentialAction":[{"@type":"ReadAction","target":["https:\/\/aviator-crash.org\/ca\/descarrega-de-lucky-jet-1win\/"]}]},{"@type":"BreadcrumbList","@id":"https:\/\/aviator-crash.org\/ca\/descarrega-de-lucky-jet-1win\/#breadcrumb","itemListElement":[{"@type":"ListItem","position":1,"name":"Home","item":"https:\/\/aviator-crash.org\/ca\/joc-aviator-en-linia-per-diners-reals\/"},{"@type":"ListItem","position":2,"name":"Desc\u00e0rrega de Lucky Jet 1win"}]},{"@type":"WebSite","@id":"https:\/\/aviator-crash.org\/ca\/#website","url":"https:\/\/aviator-crash.org\/ca\/","name":"","description":"","potentialAction":[{"@type":"SearchAction","target":{"@type":"EntryPoint","urlTemplate":"https:\/\/aviator-crash.org\/ca\/?s={search_term_string}"},"query-input":"required name=search_term_string"}],"inLanguage":"ca"}]}},"_links":{"self":[{"href":"https:\/\/aviator-crash.org\/ca\/wp-json\/wp\/v2\/pages\/5425"}],"collection":[{"href":"https:\/\/aviator-crash.org\/ca\/wp-json\/wp\/v2\/pages"}],"about":[{"href":"https:\/\/aviator-crash.org\/ca\/wp-json\/wp\/v2\/types\/page"}],"author":[{"embeddable":true,"href":"https:\/\/aviator-crash.org\/ca\/wp-json\/wp\/v2\/users\/2"}],"replies":[{"embeddable":true,"href":"https:\/\/aviator-crash.org\/ca\/wp-json\/wp\/v2\/comments?post=5425"}],"version-history":[{"count":1,"href":"https:\/\/aviator-crash.org\/ca\/wp-json\/wp\/v2\/pages\/5425\/revisions"}],"predecessor-version":[{"id":5427,"href":"https:\/\/aviator-crash.org\/ca\/wp-json\/wp\/v2\/pages\/5425\/revisions\/5427"}],"wp:attachment":[{"href":"https:\/\/aviator-crash.org\/ca\/wp-json\/wp\/v2\/media?parent=5425"}],"curies":[{"name":"wp","href":"https:\/\/api.w.org\/{rel}","templated":true}]}}