{"id":5455,"date":"2023-12-27T19:33:16","date_gmt":"2023-12-27T19:33:16","guid":{"rendered":"https:\/\/aviator-crash.org\/jet-x\/"},"modified":"2024-02-02T21:25:59","modified_gmt":"2024-02-02T21:25:59","slug":"jet-x","status":"publish","type":"page","link":"https:\/\/aviator-crash.org\/ca\/jet-x\/","title":{"rendered":"Jet X"},"content":{"rendered":"\n<figure class=\"wp-block-gallery has-nested-images columns-default is-cropped wp-block-gallery-1 is-layout-flex wp-block-gallery-is-layout-flex\">\n<figure class=\"wp-block-image size-large\"><span itemprop=\"image\" itemscope itemtype=\"https:\/\/schema.org\/ImageObject\"><img itemprop=\"url image\" loading=\"lazy\" decoding=\"async\" width=\"1024\" height=\"576\" data-id=\"475\" src=\"https:\/\/aviator-crash.org\/wp-content\/uploads\/2024\/01\/how-to-play-jet-x-game-on-my-cell-phone-1200x675-1-1024x576-1.webp\" alt=\"\" class=\"wp-image-475\" srcset=\"https:\/\/aviator-crash.org\/wp-content\/uploads\/2024\/01\/how-to-play-jet-x-game-on-my-cell-phone-1200x675-1-1024x576-1.webp 1024w, https:\/\/aviator-crash.org\/wp-content\/uploads\/2024\/01\/how-to-play-jet-x-game-on-my-cell-phone-1200x675-1-1024x576-1-300x169.webp 300w, https:\/\/aviator-crash.org\/wp-content\/uploads\/2024\/01\/how-to-play-jet-x-game-on-my-cell-phone-1200x675-1-1024x576-1-768x432.webp 768w\" sizes=\"(max-width: 1024px) 100vw, 1024px\" \/><meta itemprop=\"width\" content=\"1024\"><meta itemprop=\"height\" content=\"576\"><\/span><\/figure>\n<\/figure>\n\n<p>Benvingut al futur de les curses d&#8217;adrenalina, el m\u00f3n de Jet X, que pots descarregar gratu\u00eftament! Aquesta \u00e9s una emocionant aventura oficial d&#8217;arcade per a Android, on la velocitat, l&#8217;al\u00e7ada i les acrob\u00e0cies incre\u00efbles es combinen en un sol flux potent. Entra a la cabina d&#8217;un avi\u00f3 d&#8217;avantguarda i prepara&#8217;t per a una persecuci\u00f3 que superar\u00e0 les teves expectatives. No us oblideu de l&#8217;estrat\u00e8gia Jet X!   <\/p>\n\n<p>Podeu descarregar f\u00e0cilment l&#8217;aplicaci\u00f3 al lloc web de XVIN, una casa d&#8217;apostes que es considera una de les m\u00e9s populars. Crea un compte personal, inicia el joc i comen\u00e7a a c\u00f3rrer tan aviat com sigui possible. <\/p>\n\n<h2 class=\"wp-block-heading\">L&#8217;avantatge del joc en l\u00ednia Jet X<\/h2>\n\n<p>El joc en l\u00ednia Jet X t\u00e9 diversos avantatges que el fan atractiu per als aficionats a les carreres arcade i l&#8217;adrenalina del futur:<\/p>\n\n<ul>\n<li>Velocitat i dinamisme. El joc ofereix curses d&#8217;alta velocitat on cada segon compta. Gr\u00e0cies al joc din\u00e0mic i la llibertat de moviment en l&#8217;espai tridimensional, els jugadors de X Jet realment senten l&#8217;adrenalina de les carreres d&#8217;alta velocitat.  <\/li>\n\n\n\n<li>M\u00e0quines voladores \u00faniques. Els jugadors poden triar entre una varietat de vehicles voladors innovadors amb caracter\u00edstiques \u00faniques. <\/li>\n\n\n\n<li>Disponibilitat del mode multiusuari. La capacitat de competir amb altres jugadors en l\u00ednia afegeix un element de compet\u00e8ncia i interacci\u00f3 social. Pots descarregar Jet X i gaudir del joc amb els teus amics.  <\/li>\n\n\n\n<li>Millora dels dispositius. Els jugadors poden personalitzar i millorar els seus avions per adaptar-los al seu estil de carrera. Aix\u00f2 crea una experi\u00e8ncia personalitzada per a cada jugador i els permet millorar els seus cotxes a mesura que avan\u00e7a.  <\/li>\n\n\n\n<li>Actualitzacions peri\u00f2diques. Els desenvolupadors actualitzen constantment Jet X, afegint noves pistes, dispositius, modes i funcions. <\/li>\n<\/ul>\n\n<p>Aquests avantatges fan de Jet X un joc atractiu per a aquells que valoren les curses r\u00e0pides, la innovaci\u00f3 en el disseny d&#8217;avions i l&#8217;esperit competitiu dels jocs en l\u00ednia.<\/p>\n\n<h2 class=\"wp-block-heading\">Com jugar a Jet X<\/h2>\n\n<p>El joc Jet X ofereix una emocionant experi\u00e8ncia de curses d&#8217;alta velocitat en el futur. Aqu\u00ed hi ha recomanacions generals sobre com comen\u00e7ar a jugar a Jet X: <\/p>\n\n<ol>\n<li>Primer, instal\u00b7leu el joc al vostre dispositiu segons les instruccions de la vostra plataforma (ordinador, consola, dispositiu m\u00f2bil). Inicieu el joc i espereu fins que finalitzi el proc\u00e9s de desc\u00e0rrega. <\/li>\n\n\n\n<li>Quan inicieu el joc, se us demanar\u00e0 que trieu el vostre primer avi\u00f3. Els diferents dispositius poden tenir diferents caracter\u00edstiques i habilitats, de manera que podeu experimentar i jugar a Jet X. <\/li>\n\n\n\n<li>Familiaritzeu-vos amb els controls de la vostra aeronau. Normalment, aix\u00f2 implica utilitzar tecles, joysticks o una pantalla t\u00e0ctil segons la plataforma. <\/li>\n\n\n\n<li>Jet X ofereix diversos modes de joc com ara campanya, batalles multijugador.<\/li>\n\n\n\n<li>Selecciona una pista i comen\u00e7a a c\u00f3rrer. Fixeu-vos en els objectius i objectius de cada cursa, ja que poden variar segons el mode de joc. El programa Jet X pot variar segons el nivell.  <\/li>\n\n\n\n<li>Utilitza les capacitats de la teva m\u00e0quina voladora per lluitar contra els oponents i realitzar acrob\u00e0cies. En alguns modes de joc, aix\u00f2 pot proporcionar bonificacions o acceleracions addicionals. <\/li>\n\n\n\n<li>Despr\u00e9s de completar curses i batalles, guanya recursos o moneda del joc per millorar i personalitzar el teu avi\u00f3.<\/li>\n\n\n\n<li>Estigueu atents a les actualitzacions del joc, ja que els desenvolupadors poden afegir pistes, dispositius i modes nous.<\/li>\n<\/ol>\n\n<p>Els termes i condicions espec\u00edfics poden variar segons la versi\u00f3. Llegiu les ressenyes i recomanacions de Jet X, aix\u00f2 us permetr\u00e0 comprendre r\u00e0pidament l&#8217;ess\u00e8ncia del joc i comen\u00e7ar a jugar. <\/p>\n\n<h2 class=\"wp-block-heading\">Com guanyar a Jet X?<\/h2>\n\n<p>Per jugar amb \u00e8xit a Jet X, \u00e9s important desenvolupar habilitats i aplicar estrat\u00e8gies per guanyar carreres i batalles. Aquests s\u00f3n alguns consells que us poden ajudar a tenir \u00e8xit en el joc. En primer lloc, domina el control de la teva m\u00e0quina voladora. Entendre cada moviment i maniobra et permetr\u00e0 gestionar amb m\u00e9s efic\u00e0cia les diferents situacions. Exploreu les pistes i utilitzeu l&#8217;entorn al vostre avantatge.    <\/p>\n\n<p>Un altre consell provat \u00e9s utilitzar codis promocionals Jet X. Ofereixen condicions favorables i l&#8217;oportunitat d&#8217;aconseguir punts addicionals. Pots trobar codis promocionals en llocs de jocs especialitzats o en una secci\u00f3 espec\u00edfica de XVIN. <\/p>\n\n<p>L&#8217;estrat\u00e8gia Jet X \u00e9s un altre punt important al qual prestar atenci\u00f3. En cas de batalles, sigueu proactiu en l&#8217;\u00fas d&#8217;armes i equips de protecci\u00f3. Interaccionar efica\u00e7ment amb els enemics pot augmentar molt les teves possibilitats de guanyar.  <\/p>\n\n<p>Durant les curses i batalles, no us oblideu de fer trucs. Poden aportar bonificacions i acceleracions addicionals. No us oblideu de les bonificacions i les apostes ben fetes. Al sistema de c\u00e0lcul de probabilitats Jet X, podeu calcular tots els riscos i fer una aposta intel\u00b7ligent. Aprofiteu tamb\u00e9 activament les oportunitats per millorar la vostra m\u00e0quina voladora. Estudia les rutes amb atenci\u00f3 i planifica la teva ruta amb antelaci\u00f3. La selecci\u00f3 \u00f2ptima del cam\u00ed i el control de velocitat us ajudaran a superar els vostres oponents.      <\/p>\n\n<p>Supervisa les accions dels teus oponents i adapta&#8217;t a la situaci\u00f3 canviant a la pista. La flexibilitat i l&#8217;adaptabilitat poden ser la clau de l&#8217;\u00e8xit en les curses de ritme r\u00e0pid. Si el vostre joc o demostraci\u00f3 Jet X ofereix jocs en equip, comuniqueu-vos activament amb el vostre equip.  <\/p>\n\n<p>Jet X us ofereix espai per a la creativitat i les decisions t\u00e0ctiques. Adapta&#8217;t a les condicions, explora el sistema de c\u00e0lcul de probabilitats Jet X i gaudeix de carreres r\u00e0pides i emocionants en el futur! <\/p>\n\n<h2 class=\"wp-block-heading\">Regles del joc a Jet X<\/h2>\n\n<p>L&#8217;objectiu principal dep\u00e8n del mode de joc. Aix\u00f2 podria ser completar un curs en el menor temps possible, guanyar batalles contra oponents, realitzar acrob\u00e0cies o aconseguir certs resultats en el mode multijugador. El joc sol oferir una varietat de pistes i nivells, cadascun presentant reptes \u00fanics. Podeu veure&#8217;ls tots al lloc web de Jet X. Els jugadors poden actualitzar els seus avions per fer front amb m\u00e9s \u00e8xit a pistes de nivell superior.   <\/p>\n\n<p>Els jugadors controlen l&#8217;avi\u00f3 mitjan\u00e7ant un teclat, un joystick, un gamepad o una pantalla t\u00e0ctil, segons la plataforma. Els controls inclouen canviar de direcci\u00f3, ajustar la velocitat i fer trucs. Realitzar trucs pot guanyar bonificacions com ara acceleracions o punts addicionals.  <\/p>\n\n<p>En alguns modes de joc, els jugadors poden lluitar contra els oponents utilitzant armes als seus dispositius. Les armes poden incloure m\u00edssils, l\u00e0sers i altres mitjans d&#8217;atac o defensa. Abans de comen\u00e7ar a jugar, consulta l&#8217;estrat\u00e8gia i les ressenyes de Jet X.  <\/p>\n\n<h2 class=\"wp-block-heading\">Codis promocionals<\/h2>\n\n<p>Els codis promocionals solen ser proporcionats pels desenvolupadors del joc o la plataforma on es distribueix el joc. Ofereixen bonificacions o fitxes especials als jugadors per augmentar les seves possibilitats de guanyar. Podeu trobar codis promocionals a diversos recursos:  <\/p>\n\n<ul>\n<li>Lloc oficial.<\/li>\n\n\n\n<li>Mitjans de comunicaci\u00f3 social.<\/li>\n\n\n\n<li>F\u00f2rums i comunitats.<\/li>\n\n\n\n<li>Butlletins informatius.<\/li>\n\n\n\n<li>Socis i patrocinadors.<\/li>\n<\/ul>\n\n<h2 class=\"wp-block-heading\">Ressenyes<\/h2>\n\n<p>Aqu\u00ed hi ha algunes opinions dels usuaris sobre el popular joc:<\/p>\n","protected":false},"excerpt":{"rendered":"<p>Benvingut al futur de les curses d&#8217;adrenalina, el m\u00f3n de Jet X, que pots descarregar gratu\u00eftament! Aquesta \u00e9s una emocionant aventura oficial d&#8217;arcade per a Android, on la velocitat, l&#8217;al\u00e7ada i les acrob\u00e0cies incre\u00efbles es combinen en un sol flux potent. Entra a la cabina d&#8217;un avi\u00f3 d&#8217;avantguarda i prepara&#8217;t per a una persecuci\u00f3 que [&hellip;]<\/p>\n","protected":false},"author":2,"featured_media":0,"parent":0,"menu_order":0,"comment_status":"open","ping_status":"closed","template":"","meta":{"footnotes":""},"yoast_head":"<!-- This site is optimized with the Yoast SEO plugin v21.7 - https:\/\/yoast.com\/wordpress\/plugins\/seo\/ -->\n<title>Joc de casino Jet X, descarregar<\/title>\n<meta name=\"description\" content=\"Submergeix-te en l&#039;apassionant m\u00f3n de les carreres d&#039;alta velocitat amb Jet X: una experi\u00e8ncia arcade \u00fanica i emocionant en el futur. Llegeix amb atenci\u00f3 les regles i agafa el tim\u00f3 r\u00e0pidament. Us esperen aventures interessants i una bona estona.\" \/>\n<meta name=\"robots\" content=\"index, follow, max-snippet:-1, max-image-preview:large, max-video-preview:-1\" \/>\n<link rel=\"canonical\" href=\"https:\/\/aviator-crash.org\/ca\/jet-x\/\" \/>\n<meta property=\"og:locale\" content=\"ca_ES\" \/>\n<meta property=\"og:type\" content=\"article\" \/>\n<meta property=\"og:title\" content=\"Joc de casino Jet X, descarregar\" \/>\n<meta property=\"og:description\" content=\"Submergeix-te en l&#039;apassionant m\u00f3n de les carreres d&#039;alta velocitat amb Jet X: una experi\u00e8ncia arcade \u00fanica i emocionant en el futur. Llegeix amb atenci\u00f3 les regles i agafa el tim\u00f3 r\u00e0pidament. Us esperen aventures interessants i una bona estona.\" \/>\n<meta property=\"og:url\" content=\"https:\/\/aviator-crash.org\/ca\/jet-x\/\" \/>\n<meta property=\"article:modified_time\" content=\"2024-02-02T21:25:59+00:00\" \/>\n<meta property=\"og:image\" content=\"https:\/\/aviator-crash.org\/wp-content\/uploads\/2024\/01\/how-to-play-jet-x-game-on-my-cell-phone-1200x675-1-1024x576-1.webp\" \/>\n<meta name=\"twitter:card\" content=\"summary_large_image\" \/>\n<meta name=\"twitter:label1\" content=\"Est. reading time\" \/>\n\t<meta name=\"twitter:data1\" content=\"6 minuts\" \/>\n<script type=\"application\/ld+json\" class=\"yoast-schema-graph\">{\"@context\":\"https:\/\/schema.org\",\"@graph\":[{\"@type\":\"WebPage\",\"@id\":\"https:\/\/aviator-crash.org\/ca\/jet-x\/\",\"url\":\"https:\/\/aviator-crash.org\/ca\/jet-x\/\",\"name\":\"Joc de casino Jet X, descarregar\",\"isPartOf\":{\"@id\":\"https:\/\/aviator-crash.org\/ca\/#website\"},\"datePublished\":\"2023-12-27T19:33:16+00:00\",\"dateModified\":\"2024-02-02T21:25:59+00:00\",\"description\":\"Submergeix-te en l'apassionant m\u00f3n de les carreres d'alta velocitat amb Jet X: una experi\u00e8ncia arcade \u00fanica i emocionant en el futur. Llegeix amb atenci\u00f3 les regles i agafa el tim\u00f3 r\u00e0pidament. Us esperen aventures interessants i una bona estona.\",\"breadcrumb\":{\"@id\":\"https:\/\/aviator-crash.org\/ca\/jet-x\/#breadcrumb\"},\"inLanguage\":\"ca\",\"potentialAction\":[{\"@type\":\"ReadAction\",\"target\":[\"https:\/\/aviator-crash.org\/ca\/jet-x\/\"]}]},{\"@type\":\"BreadcrumbList\",\"@id\":\"https:\/\/aviator-crash.org\/ca\/jet-x\/#breadcrumb\",\"itemListElement\":[{\"@type\":\"ListItem\",\"position\":1,\"name\":\"Home\",\"item\":\"https:\/\/aviator-crash.org\/ca\/joc-aviator-en-linia-per-diners-reals\/\"},{\"@type\":\"ListItem\",\"position\":2,\"name\":\"Jet X\"}]},{\"@type\":\"WebSite\",\"@id\":\"https:\/\/aviator-crash.org\/ca\/#website\",\"url\":\"https:\/\/aviator-crash.org\/ca\/\",\"name\":\"\",\"description\":\"\",\"potentialAction\":[{\"@type\":\"SearchAction\",\"target\":{\"@type\":\"EntryPoint\",\"urlTemplate\":\"https:\/\/aviator-crash.org\/ca\/?s={search_term_string}\"},\"query-input\":\"required name=search_term_string\"}],\"inLanguage\":\"ca\"}]}<\/script>\n<!-- \/ Yoast SEO plugin. -->","yoast_head_json":{"title":"Joc de casino Jet X, descarregar","description":"Submergeix-te en l'apassionant m\u00f3n de les carreres d'alta velocitat amb Jet X: una experi\u00e8ncia arcade \u00fanica i emocionant en el futur. Llegeix amb atenci\u00f3 les regles i agafa el tim\u00f3 r\u00e0pidament. Us esperen aventures interessants i una bona estona.","robots":{"index":"index","follow":"follow","max-snippet":"max-snippet:-1","max-image-preview":"max-image-preview:large","max-video-preview":"max-video-preview:-1"},"canonical":"https:\/\/aviator-crash.org\/ca\/jet-x\/","og_locale":"ca_ES","og_type":"article","og_title":"Joc de casino Jet X, descarregar","og_description":"Submergeix-te en l'apassionant m\u00f3n de les carreres d'alta velocitat amb Jet X: una experi\u00e8ncia arcade \u00fanica i emocionant en el futur. Llegeix amb atenci\u00f3 les regles i agafa el tim\u00f3 r\u00e0pidament. Us esperen aventures interessants i una bona estona.","og_url":"https:\/\/aviator-crash.org\/ca\/jet-x\/","article_modified_time":"2024-02-02T21:25:59+00:00","og_image":[{"url":"https:\/\/aviator-crash.org\/wp-content\/uploads\/2024\/01\/how-to-play-jet-x-game-on-my-cell-phone-1200x675-1-1024x576-1.webp"}],"twitter_card":"summary_large_image","twitter_misc":{"Est. reading time":"6 minuts"},"schema":{"@context":"https:\/\/schema.org","@graph":[{"@type":"WebPage","@id":"https:\/\/aviator-crash.org\/ca\/jet-x\/","url":"https:\/\/aviator-crash.org\/ca\/jet-x\/","name":"Joc de casino Jet X, descarregar","isPartOf":{"@id":"https:\/\/aviator-crash.org\/ca\/#website"},"datePublished":"2023-12-27T19:33:16+00:00","dateModified":"2024-02-02T21:25:59+00:00","description":"Submergeix-te en l'apassionant m\u00f3n de les carreres d'alta velocitat amb Jet X: una experi\u00e8ncia arcade \u00fanica i emocionant en el futur. Llegeix amb atenci\u00f3 les regles i agafa el tim\u00f3 r\u00e0pidament. Us esperen aventures interessants i una bona estona.","breadcrumb":{"@id":"https:\/\/aviator-crash.org\/ca\/jet-x\/#breadcrumb"},"inLanguage":"ca","potentialAction":[{"@type":"ReadAction","target":["https:\/\/aviator-crash.org\/ca\/jet-x\/"]}]},{"@type":"BreadcrumbList","@id":"https:\/\/aviator-crash.org\/ca\/jet-x\/#breadcrumb","itemListElement":[{"@type":"ListItem","position":1,"name":"Home","item":"https:\/\/aviator-crash.org\/ca\/joc-aviator-en-linia-per-diners-reals\/"},{"@type":"ListItem","position":2,"name":"Jet X"}]},{"@type":"WebSite","@id":"https:\/\/aviator-crash.org\/ca\/#website","url":"https:\/\/aviator-crash.org\/ca\/","name":"","description":"","potentialAction":[{"@type":"SearchAction","target":{"@type":"EntryPoint","urlTemplate":"https:\/\/aviator-crash.org\/ca\/?s={search_term_string}"},"query-input":"required name=search_term_string"}],"inLanguage":"ca"}]}},"_links":{"self":[{"href":"https:\/\/aviator-crash.org\/ca\/wp-json\/wp\/v2\/pages\/5455"}],"collection":[{"href":"https:\/\/aviator-crash.org\/ca\/wp-json\/wp\/v2\/pages"}],"about":[{"href":"https:\/\/aviator-crash.org\/ca\/wp-json\/wp\/v2\/types\/page"}],"author":[{"embeddable":true,"href":"https:\/\/aviator-crash.org\/ca\/wp-json\/wp\/v2\/users\/2"}],"replies":[{"embeddable":true,"href":"https:\/\/aviator-crash.org\/ca\/wp-json\/wp\/v2\/comments?post=5455"}],"version-history":[{"count":1,"href":"https:\/\/aviator-crash.org\/ca\/wp-json\/wp\/v2\/pages\/5455\/revisions"}],"predecessor-version":[{"id":5457,"href":"https:\/\/aviator-crash.org\/ca\/wp-json\/wp\/v2\/pages\/5455\/revisions\/5457"}],"wp:attachment":[{"href":"https:\/\/aviator-crash.org\/ca\/wp-json\/wp\/v2\/media?parent=5455"}],"curies":[{"name":"wp","href":"https:\/\/api.w.org\/{rel}","templated":true}]}}