{"id":2451,"date":"2023-12-22T18:32:01","date_gmt":"2023-12-22T18:32:01","guid":{"rendered":"https:\/\/aviator-crash.org\/recenze-hry-aviator\/"},"modified":"2024-02-02T17:46:21","modified_gmt":"2024-02-02T17:46:21","slug":"recenze-hry-aviator","status":"publish","type":"page","link":"https:\/\/aviator-crash.org\/cs\/recenze-hry-aviator\/","title":{"rendered":"Recenze hry Aviator"},"content":{"rendered":"\n<p>Aviator je zdaleka jednou z nejobl\u00edben\u011bj\u0161\u00edch online her.\nProto se st\u00e1le \u010dast\u011bji ve vyhled\u00e1va\u010di objevuj\u00ed \u017e\u00e1dosti t\u00fdkaj\u00edc\u00ed se recenz\u00ed na hru Aviator o pen\u00edze t\u011bch, kte\u0159\u00ed ji ji\u017e stihli vyzkou\u0161et a zjistit, jak re\u00e1ln\u00e9 jsou v n\u00ed \u0161ance na v\u00fdhru. <\/p>\n\n<h2 class=\"wp-block-heading\">Na\u0161e n\u00e1zory na hru Aviator<\/h2>\n\n<p>Aviator Crash Game je bezpochyby nejlep\u0161\u00edm v\u00fdvojem Spribe.\nJe jedine\u010dn\u00e1, zaj\u00edmav\u00e1, vzru\u0161uj\u00edc\u00ed, schopn\u00e1 vyvolat v milovn\u00edc\u00edch vzru\u0161en\u00ed vlnu p\u0159\u00edjemn\u00fdch pocit\u016f.\nVelk\u00fdm plusem je kr\u00e1tkodobost kol &#8211; sta\u010d\u00ed p\u00e1r vte\u0159in nap\u011bt\u00ed a hr\u00e1\u010d se m\u016f\u017ee st\u00e1t v\u00edt\u011bzem, kter\u00fd zv\u00fd\u0161\u00ed svou s\u00e1zku (10, 20 a t\u0159eba i 50kr\u00e1t).\nHlavn\u00ed je stihnout vybrat pen\u00edze d\u0159\u00edve, ne\u017e se letadlo z\u0159\u00edt\u00ed, ale mus\u00edte to ud\u011blat s maxim\u00e1ln\u00edm kurzem.   <\/p>\n\n<p>Tato hra zaru\u010duje v\u00fdbuch emoc\u00ed i t\u011bm nejn\u00e1ro\u010dn\u011bj\u0161\u00edm fanou\u0161k\u016fm hazardn\u00edch her.\nUv\u011bdomuj\u00ed si to i mnoh\u00e1 online kasina, kter\u00e1 tento automat nab\u00edzej\u00ed: 1win, Pin Up, 1Xbet.\nAutomat m\u00e1 \u0161pi\u010dkovou grafiku, p\u0159ehlednost a zvukov\u00e9 efekty.\nTak\u00e9 n\u00e1s tato hra fascinuje a podle na\u0161eho n\u00e1zoru si rozhodn\u011b zaslou\u017e\u00ed, abyste si ji zahr\u00e1li.   <\/p>\n\n<h2 class=\"wp-block-heading\">U\u017eivatelsk\u00e9 recenze hry Aviator<\/h2>\n\n<p>Na internetu jsou r\u016fzn\u00e9 recenze hry Aviator Crash Game od skute\u010dn\u00fdch hr\u00e1\u010d\u016f.\nN\u011bkte\u0159\u00ed ji obdivuj\u00ed, jin\u00ed j\u00ed vyt\u00fdkaj\u00ed nep\u0159edv\u00eddatelnost, rizika a nemo\u017enost vytvo\u0159it 100% v\u00fdhern\u00ed strategii.\nNicm\u00e9n\u011b \u010dasto pr\u00e1v\u011b v tom je kr\u00e1sa hazardn\u00edch her.  <\/p>\n\n<p>Doporu\u010dujeme v\u00e1m, abyste si z\u00e1v\u011bry ud\u011blali sami.\nVyzkou\u0161ejte tuto hru a pod\u011blte se o sv\u00e9 n\u00e1zory zanech\u00e1n\u00edm recenze n\u00ed\u017ee. <\/p>\n","protected":false},"excerpt":{"rendered":"<p>Aviator je zdaleka jednou z nejobl\u00edben\u011bj\u0161\u00edch online her. Proto se st\u00e1le \u010dast\u011bji ve vyhled\u00e1va\u010di objevuj\u00ed \u017e\u00e1dosti t\u00fdkaj\u00edc\u00ed se recenz\u00ed na hru Aviator o pen\u00edze t\u011bch, kte\u0159\u00ed ji ji\u017e stihli vyzkou\u0161et a zjistit, jak re\u00e1ln\u00e9 jsou v n\u00ed \u0161ance na v\u00fdhru. Na\u0161e n\u00e1zory na hru Aviator Aviator Crash Game je bezpochyby nejlep\u0161\u00edm v\u00fdvojem Spribe. Je jedine\u010dn\u00e1, [&hellip;]<\/p>\n","protected":false},"author":2,"featured_media":0,"parent":0,"menu_order":0,"comment_status":"closed","ping_status":"closed","template":"","meta":{"footnotes":""},"yoast_head":"<!-- This site is optimized with the Yoast SEO plugin v21.7 - https:\/\/yoast.com\/wordpress\/plugins\/seo\/ -->\n<title>Recenze hry Aviator od hr\u00e1\u010d\u016f<\/title>\n<meta name=\"description\" content=\"Recenze o hav\u00e1rii hry Aviator skute\u010dn\u00fdch hr\u00e1\u010d\u016f v\u00e1m umo\u017en\u00ed dozv\u011bd\u011bt se v\u0161echny v\u00fdhody a nev\u00fdhody p\u0159\u00edstroje. Z\u00e1kladn\u00ed pravidla stroje a nuance \u0159\u00edzen\u00ed.\" \/>\n<meta name=\"robots\" content=\"index, follow, max-snippet:-1, max-image-preview:large, max-video-preview:-1\" \/>\n<link rel=\"canonical\" href=\"https:\/\/aviator-crash.org\/cs\/recenze-hry-aviator\/\" \/>\n<meta property=\"og:locale\" content=\"cs_CZ\" \/>\n<meta property=\"og:type\" content=\"article\" \/>\n<meta property=\"og:title\" content=\"Recenze hry Aviator od hr\u00e1\u010d\u016f\" \/>\n<meta property=\"og:description\" content=\"Recenze o hav\u00e1rii hry Aviator skute\u010dn\u00fdch hr\u00e1\u010d\u016f v\u00e1m umo\u017en\u00ed dozv\u011bd\u011bt se v\u0161echny v\u00fdhody a nev\u00fdhody p\u0159\u00edstroje. Z\u00e1kladn\u00ed pravidla stroje a nuance \u0159\u00edzen\u00ed.\" \/>\n<meta property=\"og:url\" content=\"https:\/\/aviator-crash.org\/cs\/recenze-hry-aviator\/\" \/>\n<meta property=\"article:modified_time\" content=\"2024-02-02T17:46:21+00:00\" \/>\n<meta name=\"twitter:card\" content=\"summary_large_image\" \/>\n<meta name=\"twitter:label1\" content=\"Est. reading time\" \/>\n\t<meta name=\"twitter:data1\" content=\"2 minuty\" \/>\n<script type=\"application\/ld+json\" class=\"yoast-schema-graph\">{\"@context\":\"https:\/\/schema.org\",\"@graph\":[{\"@type\":\"WebPage\",\"@id\":\"https:\/\/aviator-crash.org\/cs\/recenze-hry-aviator\/\",\"url\":\"https:\/\/aviator-crash.org\/cs\/recenze-hry-aviator\/\",\"name\":\"Recenze hry Aviator od hr\u00e1\u010d\u016f\",\"isPartOf\":{\"@id\":\"https:\/\/aviator-crash.org\/cs\/#website\"},\"datePublished\":\"2023-12-22T18:32:01+00:00\",\"dateModified\":\"2024-02-02T17:46:21+00:00\",\"description\":\"Recenze o hav\u00e1rii hry Aviator skute\u010dn\u00fdch hr\u00e1\u010d\u016f v\u00e1m umo\u017en\u00ed dozv\u011bd\u011bt se v\u0161echny v\u00fdhody a nev\u00fdhody p\u0159\u00edstroje. Z\u00e1kladn\u00ed pravidla stroje a nuance \u0159\u00edzen\u00ed.\",\"breadcrumb\":{\"@id\":\"https:\/\/aviator-crash.org\/cs\/recenze-hry-aviator\/#breadcrumb\"},\"inLanguage\":\"cs\",\"potentialAction\":[{\"@type\":\"ReadAction\",\"target\":[\"https:\/\/aviator-crash.org\/cs\/recenze-hry-aviator\/\"]}]},{\"@type\":\"BreadcrumbList\",\"@id\":\"https:\/\/aviator-crash.org\/cs\/recenze-hry-aviator\/#breadcrumb\",\"itemListElement\":[{\"@type\":\"ListItem\",\"position\":1,\"name\":\"Home\",\"item\":\"https:\/\/aviator-crash.org\/cs\/aviator-hra-online-o-skutecne-penize\/\"},{\"@type\":\"ListItem\",\"position\":2,\"name\":\"Recenze hry Aviator\"}]},{\"@type\":\"WebSite\",\"@id\":\"https:\/\/aviator-crash.org\/cs\/#website\",\"url\":\"https:\/\/aviator-crash.org\/cs\/\",\"name\":\"\",\"description\":\"\",\"potentialAction\":[{\"@type\":\"SearchAction\",\"target\":{\"@type\":\"EntryPoint\",\"urlTemplate\":\"https:\/\/aviator-crash.org\/cs\/?s={search_term_string}\"},\"query-input\":\"required name=search_term_string\"}],\"inLanguage\":\"cs\"}]}<\/script>\n<!-- \/ Yoast SEO plugin. -->","yoast_head_json":{"title":"Recenze hry Aviator od hr\u00e1\u010d\u016f","description":"Recenze o hav\u00e1rii hry Aviator skute\u010dn\u00fdch hr\u00e1\u010d\u016f v\u00e1m umo\u017en\u00ed dozv\u011bd\u011bt se v\u0161echny v\u00fdhody a nev\u00fdhody p\u0159\u00edstroje. Z\u00e1kladn\u00ed pravidla stroje a nuance \u0159\u00edzen\u00ed.","robots":{"index":"index","follow":"follow","max-snippet":"max-snippet:-1","max-image-preview":"max-image-preview:large","max-video-preview":"max-video-preview:-1"},"canonical":"https:\/\/aviator-crash.org\/cs\/recenze-hry-aviator\/","og_locale":"cs_CZ","og_type":"article","og_title":"Recenze hry Aviator od hr\u00e1\u010d\u016f","og_description":"Recenze o hav\u00e1rii hry Aviator skute\u010dn\u00fdch hr\u00e1\u010d\u016f v\u00e1m umo\u017en\u00ed dozv\u011bd\u011bt se v\u0161echny v\u00fdhody a nev\u00fdhody p\u0159\u00edstroje. Z\u00e1kladn\u00ed pravidla stroje a nuance \u0159\u00edzen\u00ed.","og_url":"https:\/\/aviator-crash.org\/cs\/recenze-hry-aviator\/","article_modified_time":"2024-02-02T17:46:21+00:00","twitter_card":"summary_large_image","twitter_misc":{"Est. reading time":"2 minuty"},"schema":{"@context":"https:\/\/schema.org","@graph":[{"@type":"WebPage","@id":"https:\/\/aviator-crash.org\/cs\/recenze-hry-aviator\/","url":"https:\/\/aviator-crash.org\/cs\/recenze-hry-aviator\/","name":"Recenze hry Aviator od hr\u00e1\u010d\u016f","isPartOf":{"@id":"https:\/\/aviator-crash.org\/cs\/#website"},"datePublished":"2023-12-22T18:32:01+00:00","dateModified":"2024-02-02T17:46:21+00:00","description":"Recenze o hav\u00e1rii hry Aviator skute\u010dn\u00fdch hr\u00e1\u010d\u016f v\u00e1m umo\u017en\u00ed dozv\u011bd\u011bt se v\u0161echny v\u00fdhody a nev\u00fdhody p\u0159\u00edstroje. Z\u00e1kladn\u00ed pravidla stroje a nuance \u0159\u00edzen\u00ed.","breadcrumb":{"@id":"https:\/\/aviator-crash.org\/cs\/recenze-hry-aviator\/#breadcrumb"},"inLanguage":"cs","potentialAction":[{"@type":"ReadAction","target":["https:\/\/aviator-crash.org\/cs\/recenze-hry-aviator\/"]}]},{"@type":"BreadcrumbList","@id":"https:\/\/aviator-crash.org\/cs\/recenze-hry-aviator\/#breadcrumb","itemListElement":[{"@type":"ListItem","position":1,"name":"Home","item":"https:\/\/aviator-crash.org\/cs\/aviator-hra-online-o-skutecne-penize\/"},{"@type":"ListItem","position":2,"name":"Recenze hry Aviator"}]},{"@type":"WebSite","@id":"https:\/\/aviator-crash.org\/cs\/#website","url":"https:\/\/aviator-crash.org\/cs\/","name":"","description":"","potentialAction":[{"@type":"SearchAction","target":{"@type":"EntryPoint","urlTemplate":"https:\/\/aviator-crash.org\/cs\/?s={search_term_string}"},"query-input":"required name=search_term_string"}],"inLanguage":"cs"}]}},"_links":{"self":[{"href":"https:\/\/aviator-crash.org\/cs\/wp-json\/wp\/v2\/pages\/2451"}],"collection":[{"href":"https:\/\/aviator-crash.org\/cs\/wp-json\/wp\/v2\/pages"}],"about":[{"href":"https:\/\/aviator-crash.org\/cs\/wp-json\/wp\/v2\/types\/page"}],"author":[{"embeddable":true,"href":"https:\/\/aviator-crash.org\/cs\/wp-json\/wp\/v2\/users\/2"}],"replies":[{"embeddable":true,"href":"https:\/\/aviator-crash.org\/cs\/wp-json\/wp\/v2\/comments?post=2451"}],"version-history":[{"count":1,"href":"https:\/\/aviator-crash.org\/cs\/wp-json\/wp\/v2\/pages\/2451\/revisions"}],"predecessor-version":[{"id":2452,"href":"https:\/\/aviator-crash.org\/cs\/wp-json\/wp\/v2\/pages\/2451\/revisions\/2452"}],"wp:attachment":[{"href":"https:\/\/aviator-crash.org\/cs\/wp-json\/wp\/v2\/media?parent=2451"}],"curies":[{"name":"wp","href":"https:\/\/api.w.org\/{rel}","templated":true}]}}