{"id":2483,"date":"2023-12-27T19:09:40","date_gmt":"2023-12-27T19:09:40","guid":{"rendered":"https:\/\/aviator-crash.org\/hry-jako-aviator-za-penize\/"},"modified":"2024-02-02T17:53:21","modified_gmt":"2024-02-02T17:53:21","slug":"hry-jako-aviator-za-penize","status":"publish","type":"page","link":"https:\/\/aviator-crash.org\/cs\/hry-jako-aviator-za-penize\/","title":{"rendered":"Hry jako Aviator za pen\u00edze"},"content":{"rendered":"\n<p>Aviator je jedine\u010dn\u00e1 hra, jedna z prvn\u00edch videoher o pen\u00edze v \u017e\u00e1nru crash, jej\u00ed\u017e vzhled zp\u016fsobil senzaci v online hazardn\u00edch hr\u00e1ch.\nJe dynamick\u00e1, vzru\u0161uj\u00edc\u00ed, s kr\u00e1tk\u00fdmi koly, kter\u00e1 zcela posta\u010d\u00ed k siln\u00e9mu adrenalinov\u00e9mu z\u00e1\u017eitku a z\u00edsk\u00e1n\u00ed \u017eiv\u00fdch emoc\u00ed.\nN\u00e1ro\u010dn\u00e9ho hr\u00e1\u010de v\u0161ak v\u017edy fascinuje rozmanitost, tak\u017ee dnes popt\u00e1vka po analogi\u00edch hry Aviator rychle roste.\nP\u0159edn\u00ed v\u00fdvoj\u00e1\u0159i to pochopili a kladou d\u016fraz na prezentaci podobn\u00fdch produkt\u016f s vyu\u017eit\u00edm inovativn\u00edch hern\u00edch postup\u016f.   <\/p>\n\n<h2 class=\"wp-block-heading\">Lucky Jet je obdobou hry Aviator.<\/h2>\n\n<p>Lucky Jet je rychle z\u00edsk\u00e1vaj\u00edc\u00ed popularitu pen\u011b\u017en\u00ed hra typu Aviator, kterou p\u0159edstavuje online kasino 1win a kter\u00e1 pat\u0159\u00ed k t\u011bm pestr\u00fdm.\nJe vytvo\u0159ena jako podobn\u00e1 hra jako Aviator, ale m\u00edsto letadla je to Lucky Joe a jeho batoh, na kter\u00fd je t\u0159eba d\u00e1vat pozor.\nP\u0159ed za\u010d\u00e1tkem kola se tak\u00e9 uzav\u00edraj\u00ed s\u00e1zky, pot\u00e9 se aktivuje multiplik\u00e1tor a vy si mus\u00edte stihnout vybrat v\u00fdhru d\u0159\u00edv, ne\u017e Joe odlet\u00ed.  <\/p>\n\n<p>Ve h\u0159e Lucky Jet jsou kurzy jin\u00e9.\nM\u016f\u017eete si vz\u00edt s\u00e1zku vyn\u00e1sobenou t\u0159emi, nebo si po\u010dkat na nav\u00fd\u0161en\u00ed 50, 100 a dokonce 200n\u00e1sobn\u00e9.\nJak ukazuj\u00ed statistiky, vysok\u00e9 kurzy jsou b\u011b\u017en\u00e9.\nZ\u00e1le\u017e\u00ed v\u0161ak pouze na hr\u00e1\u010di, kolik m\u00e1 trp\u011blivosti a zda dok\u00e1\u017ee spr\u00e1vn\u011b odhadnout d\u00e9lku kola.   <\/p>\n\n<h2 class=\"wp-block-heading\">Jet X je dal\u0161\u00ed hra typu Aviator<\/h2>\n\n<p>Dal\u0161\u00ed hrou podobnou Aviatoru, kter\u00e1 si aktivn\u011b z\u00edsk\u00e1v\u00e1 popularitu, je Jet X, kterou p\u0159edstavuje spole\u010dnost Smartsoft Gaming.\nJedn\u00e1 se o hru pro v\u00edce hr\u00e1\u010d\u016f, kter\u00e1 je ve sv\u00e9 podstat\u011b podobn\u00e1 Aviatoru, proto\u017ee.\nve kter\u00e9 tak\u00e9 mus\u00edte sledovat letadlo nab\u00edraj\u00edc\u00ed v\u00fd\u0161ku.\nRozd\u00edl je v tom, \u017ee se sleduje bod vzletu, tj.\n\u010d\u00edm v\u00fd\u0161e se nach\u00e1z\u00ed, t\u00edm v\u00edce hr\u00e1\u010d vyhraje d\u00edky zv\u00fd\u0161en\u00ed \u0161anc\u00ed.\nPokud v\u0161ak hr\u00e1\u010d nestihne vybrat pen\u00edze d\u0159\u00edve, ne\u017e letadlo odlet\u00ed, prohraje a p\u0159ijde o v\u0161echno.     <\/p>\n\n<p>Hra je vzru\u0161uj\u00edc\u00ed, pot\u011b\u0161\u00ed rovnov\u00e1hu adrenalinu a vzru\u0161en\u00ed, stejn\u011b jako speci\u00e1ln\u00ed &#8222;\u010dipy&#8220;.\nNap\u0159\u00edklad: <\/p>\n\n<ul>\n<li>V bonusov\u00e9 h\u0159e se losuje jackpot.<\/li>\n\n\n\n<li>Byla stanovena minim\u00e1ln\u00ed v\u00fdplata s kurzem 1,1.<\/li>\n\n\n\n<li>N\u00e1sobitel funguje a\u017e do plus nekone\u010dna.<\/li>\n<\/ul>\n\n<h2 class=\"wp-block-heading\">Rocket X.<\/h2>\n\n<p>Rocket X je tak\u00e9 variantou hry podobn\u00e9 Aviatoru, kterou p\u0159edstavuje spole\u010dnost Slotegrator.\nL\u00e1k\u00e1 na rychl\u00e9 grafick\u00e9 rozhran\u00ed, jedine\u010dnou funk\u010dnost, schopnost poskytnout hr\u00e1\u010di spoustu jasn\u00fdch emoc\u00ed.\nV n\u00ed je d\u011bj postaven na startu rakety, kterou se sna\u017e\u00ed udr\u017eet mlad\u00fd mu\u017e.\nV pr\u016fb\u011bhu ka\u017ed\u00e9ho kola funguj\u00ed multiplika\u010dn\u00ed s\u00e1zky, tak\u017ee m\u016f\u017eete z\u00edskat \u010d\u00e1stku vyn\u00e1sobenou 100 a dokonce i v\u00edce.   <\/p>\n\n<p>V t\u00e9to h\u0159e jsou k dispozici nastaven\u00ed:<\/p>\n\n<ul>\n<li>Autostraddle.<\/li>\n\n\n\n<li>Autopohledy.<\/li>\n<\/ul>\n\n<p>Lze pou\u017e\u00edt m\u00edrn\u00e9 i agresivn\u00ed strategie.\nZ\u00e1rove\u0148 neexistuje jedin\u00e1 zaru\u010den\u00e1 v\u00fdhern\u00ed strategie, v\u0161e je zalo\u017eeno na n\u00e1hodn\u00e9m syst\u00e9mu, tj.\nO v\u0161em rozhodne \u0161t\u011bst\u00ed.  <\/p>\n\n<h2 class=\"wp-block-heading\">Vesm\u00edr XY.<\/h2>\n\n<p>Space XY je tak\u00e9 skv\u011blou volbou pro ty, kte\u0159\u00ed maj\u00ed z\u00e1jem o podobnou hru o pen\u00edze jako Aviator.\nV n\u00ed hr\u00e1\u010di nebudou muset vypustit letadlo, ale raketu.\nRozhran\u00ed je st\u0159\u00eddm\u00e9, lakonick\u00e9.\nS\u00e1zky se uzav\u00edraj\u00ed na dal\u0161\u00ed kolo, ve kter\u00e9m bude hr\u00e1\u010d muset sledovat let sv\u00e9 rakety.\nTa v\u0161ak m\u016f\u017ee n\u00e1hle zmizet z radaru, sej\u00edt z kurzu a explodovat, a kdy\u017e se tak stane &#8211; s\u00e1zky propadaj\u00ed.\n\u00dakolem hr\u00e1\u010de je &#8222;vysko\u010dit&#8220; z rakety v\u010das, tj.\nStejn\u011b jako v jin\u00fdch podobn\u00fdch hr\u00e1ch, vz\u00edt si pen\u00edze d\u0159\u00edve, ne\u017e exploduje.      <\/p>\n\n<h2 class=\"wp-block-heading\">Hotovost nebo hav\u00e1rie.<\/h2>\n\n<p>Cash or Crash je sice obdobou Letce, ale li\u0161\u00ed se t\u00edm, \u017ee se jedn\u00e1 o celou hern\u00ed show a jde o \u017eivou hru, kter\u00e1 je dopln\u011bna realitou.\nD\u011bj se rozv\u00edj\u00ed uvnit\u0159 virtu\u00e1ln\u00ed vzducholodi, kde je \u017eeb\u0159\u00edk o 20 stupn\u00edch.\nPohyb po n\u011bm pom\u00e1h\u00e1 zvedat vzducholo\u010f a posouvat ji d\u00e1l a d\u00e1l od Zem\u011b.\nP\u0159i stoup\u00e1n\u00ed po \u017eeb\u0159\u00edku se rozsv\u011bcuj\u00ed zelen\u00e9 kuli\u010dky, ka\u017ed\u00e1 z nich vede k v\u00edt\u011bzstv\u00ed a zvy\u0161uje v\u00fdhru, ale jakmile se rozsv\u00edt\u00ed \u010derven\u00e1 &#8211; hr\u00e1\u010d se z\u0159\u00edt\u00ed a o v\u0161e p\u0159ijde.   <\/p>\n\n<p>Vlastnosti:<\/p>\n\n<ul>\n<li>S\u00e1zky je mo\u017en\u00e9 zv\u00fd\u0161it a\u017e 50 000kr\u00e1t.<\/li>\n\n\n\n<li>K dispozici je tak\u00e9 zlat\u00e1 koule, kter\u00e1 poskytuje dal\u0161\u00ed \u017eivot.<\/li>\n<\/ul>\n\n<h2 class=\"wp-block-heading\">Vyvozov\u00e1n\u00ed z\u00e1v\u011br\u016f<\/h2>\n\n<p>Letec a podobn\u00e9 hry jsou skv\u011blou p\u0159\u00edle\u017eitost\u00ed k relaxaci, odpo\u010dinku, zbaven\u00ed se nahromad\u011bn\u00fdch negativn\u00edch emoc\u00ed z cel\u00e9ho dne.\nZ\u00e1rove\u0148 ka\u017ed\u00fd hr\u00e1\u010d sleduje sv\u016fj vlastn\u00ed smysl: <\/p>\n\n<ul>\n<li>Bavte se a u\u017e\u00edvejte si vzru\u0161en\u00ed.<\/li>\n\n\n\n<li>Vyd\u011bl\u00e1vejte pen\u00edze.<\/li>\n<\/ul>\n\n<p>Jakou hru typu Aviator o pen\u00edze si vyberete a s jak\u00fdm c\u00edlem ji budete hr\u00e1t &#8211; to je na v\u00e1s, hlavn\u00ed je um\u011bt se ovl\u00e1dat a dr\u017eet se zvolen\u00e9 strategie.\nVelk\u00fd v\u00fdb\u011br automat\u016f je skv\u011blou p\u0159\u00edle\u017eitost\u00ed, jak zpest\u0159it voln\u00fd \u010das i t\u011bm nejn\u00e1ro\u010dn\u011bj\u0161\u00edm hr\u00e1\u010d\u016fm. <\/p>\n","protected":false},"excerpt":{"rendered":"<p>Aviator je jedine\u010dn\u00e1 hra, jedna z prvn\u00edch videoher o pen\u00edze v \u017e\u00e1nru crash, jej\u00ed\u017e vzhled zp\u016fsobil senzaci v online hazardn\u00edch hr\u00e1ch. Je dynamick\u00e1, vzru\u0161uj\u00edc\u00ed, s kr\u00e1tk\u00fdmi koly, kter\u00e1 zcela posta\u010d\u00ed k siln\u00e9mu adrenalinov\u00e9mu z\u00e1\u017eitku a z\u00edsk\u00e1n\u00ed \u017eiv\u00fdch emoc\u00ed. N\u00e1ro\u010dn\u00e9ho hr\u00e1\u010de v\u0161ak v\u017edy fascinuje rozmanitost, tak\u017ee dnes popt\u00e1vka po analogi\u00edch hry Aviator rychle roste. P\u0159edn\u00ed v\u00fdvoj\u00e1\u0159i [&hellip;]<\/p>\n","protected":false},"author":2,"featured_media":0,"parent":0,"menu_order":0,"comment_status":"closed","ping_status":"closed","template":"","meta":{"footnotes":""},"yoast_head":"<!-- This site is optimized with the Yoast SEO plugin v21.7 - https:\/\/yoast.com\/wordpress\/plugins\/seo\/ -->\n<title>Podobn\u00e9 pen\u011b\u017en\u00ed hry Aviator (podobn\u00e9 hry a analogy Aviator)<\/title>\n<meta name=\"description\" content=\"Recenze crash her, jako je slavn\u00fd &quot;Aviator&quot; za pen\u00edze. Prohl\u00e9dn\u011bte si nejlep\u0161\u00ed varianty a vyberte si tu, kter\u00e1 v\u00e1s nabije nov\u00fdmi emocemi a vzru\u0161en\u00edm, a pokud v\u00e1m bude \u0161t\u011bst\u011bna naklon\u011bna, pak i solidn\u00ed v\u00fdhrou!\" \/>\n<meta name=\"robots\" content=\"index, follow, max-snippet:-1, max-image-preview:large, max-video-preview:-1\" \/>\n<link rel=\"canonical\" href=\"https:\/\/aviator-crash.org\/cs\/hry-jako-aviator-za-penize\/\" \/>\n<meta property=\"og:locale\" content=\"cs_CZ\" \/>\n<meta property=\"og:type\" content=\"article\" \/>\n<meta property=\"og:title\" content=\"Podobn\u00e9 pen\u011b\u017en\u00ed hry Aviator (podobn\u00e9 hry a analogy Aviator)\" \/>\n<meta property=\"og:description\" content=\"Recenze crash her, jako je slavn\u00fd &quot;Aviator&quot; za pen\u00edze. Prohl\u00e9dn\u011bte si nejlep\u0161\u00ed varianty a vyberte si tu, kter\u00e1 v\u00e1s nabije nov\u00fdmi emocemi a vzru\u0161en\u00edm, a pokud v\u00e1m bude \u0161t\u011bst\u011bna naklon\u011bna, pak i solidn\u00ed v\u00fdhrou!\" \/>\n<meta property=\"og:url\" content=\"https:\/\/aviator-crash.org\/cs\/hry-jako-aviator-za-penize\/\" \/>\n<meta property=\"article:modified_time\" content=\"2024-02-02T17:53:21+00:00\" \/>\n<meta name=\"twitter:card\" content=\"summary_large_image\" \/>\n<meta name=\"twitter:label1\" content=\"Est. reading time\" \/>\n\t<meta name=\"twitter:data1\" content=\"4 minuty\" \/>\n<script type=\"application\/ld+json\" class=\"yoast-schema-graph\">{\"@context\":\"https:\/\/schema.org\",\"@graph\":[{\"@type\":\"WebPage\",\"@id\":\"https:\/\/aviator-crash.org\/cs\/hry-jako-aviator-za-penize\/\",\"url\":\"https:\/\/aviator-crash.org\/cs\/hry-jako-aviator-za-penize\/\",\"name\":\"Podobn\u00e9 pen\u011b\u017en\u00ed hry Aviator (podobn\u00e9 hry a analogy Aviator)\",\"isPartOf\":{\"@id\":\"https:\/\/aviator-crash.org\/cs\/#website\"},\"datePublished\":\"2023-12-27T19:09:40+00:00\",\"dateModified\":\"2024-02-02T17:53:21+00:00\",\"description\":\"Recenze crash her, jako je slavn\u00fd \\\"Aviator\\\" za pen\u00edze. Prohl\u00e9dn\u011bte si nejlep\u0161\u00ed varianty a vyberte si tu, kter\u00e1 v\u00e1s nabije nov\u00fdmi emocemi a vzru\u0161en\u00edm, a pokud v\u00e1m bude \u0161t\u011bst\u011bna naklon\u011bna, pak i solidn\u00ed v\u00fdhrou!\",\"breadcrumb\":{\"@id\":\"https:\/\/aviator-crash.org\/cs\/hry-jako-aviator-za-penize\/#breadcrumb\"},\"inLanguage\":\"cs\",\"potentialAction\":[{\"@type\":\"ReadAction\",\"target\":[\"https:\/\/aviator-crash.org\/cs\/hry-jako-aviator-za-penize\/\"]}]},{\"@type\":\"BreadcrumbList\",\"@id\":\"https:\/\/aviator-crash.org\/cs\/hry-jako-aviator-za-penize\/#breadcrumb\",\"itemListElement\":[{\"@type\":\"ListItem\",\"position\":1,\"name\":\"Home\",\"item\":\"https:\/\/aviator-crash.org\/cs\/aviator-hra-online-o-skutecne-penize\/\"},{\"@type\":\"ListItem\",\"position\":2,\"name\":\"Hry jako Aviator za pen\u00edze\"}]},{\"@type\":\"WebSite\",\"@id\":\"https:\/\/aviator-crash.org\/cs\/#website\",\"url\":\"https:\/\/aviator-crash.org\/cs\/\",\"name\":\"\",\"description\":\"\",\"potentialAction\":[{\"@type\":\"SearchAction\",\"target\":{\"@type\":\"EntryPoint\",\"urlTemplate\":\"https:\/\/aviator-crash.org\/cs\/?s={search_term_string}\"},\"query-input\":\"required name=search_term_string\"}],\"inLanguage\":\"cs\"}]}<\/script>\n<!-- \/ Yoast SEO plugin. -->","yoast_head_json":{"title":"Podobn\u00e9 pen\u011b\u017en\u00ed hry Aviator (podobn\u00e9 hry a analogy Aviator)","description":"Recenze crash her, jako je slavn\u00fd \"Aviator\" za pen\u00edze. Prohl\u00e9dn\u011bte si nejlep\u0161\u00ed varianty a vyberte si tu, kter\u00e1 v\u00e1s nabije nov\u00fdmi emocemi a vzru\u0161en\u00edm, a pokud v\u00e1m bude \u0161t\u011bst\u011bna naklon\u011bna, pak i solidn\u00ed v\u00fdhrou!","robots":{"index":"index","follow":"follow","max-snippet":"max-snippet:-1","max-image-preview":"max-image-preview:large","max-video-preview":"max-video-preview:-1"},"canonical":"https:\/\/aviator-crash.org\/cs\/hry-jako-aviator-za-penize\/","og_locale":"cs_CZ","og_type":"article","og_title":"Podobn\u00e9 pen\u011b\u017en\u00ed hry Aviator (podobn\u00e9 hry a analogy Aviator)","og_description":"Recenze crash her, jako je slavn\u00fd \"Aviator\" za pen\u00edze. Prohl\u00e9dn\u011bte si nejlep\u0161\u00ed varianty a vyberte si tu, kter\u00e1 v\u00e1s nabije nov\u00fdmi emocemi a vzru\u0161en\u00edm, a pokud v\u00e1m bude \u0161t\u011bst\u011bna naklon\u011bna, pak i solidn\u00ed v\u00fdhrou!","og_url":"https:\/\/aviator-crash.org\/cs\/hry-jako-aviator-za-penize\/","article_modified_time":"2024-02-02T17:53:21+00:00","twitter_card":"summary_large_image","twitter_misc":{"Est. reading time":"4 minuty"},"schema":{"@context":"https:\/\/schema.org","@graph":[{"@type":"WebPage","@id":"https:\/\/aviator-crash.org\/cs\/hry-jako-aviator-za-penize\/","url":"https:\/\/aviator-crash.org\/cs\/hry-jako-aviator-za-penize\/","name":"Podobn\u00e9 pen\u011b\u017en\u00ed hry Aviator (podobn\u00e9 hry a analogy Aviator)","isPartOf":{"@id":"https:\/\/aviator-crash.org\/cs\/#website"},"datePublished":"2023-12-27T19:09:40+00:00","dateModified":"2024-02-02T17:53:21+00:00","description":"Recenze crash her, jako je slavn\u00fd \"Aviator\" za pen\u00edze. Prohl\u00e9dn\u011bte si nejlep\u0161\u00ed varianty a vyberte si tu, kter\u00e1 v\u00e1s nabije nov\u00fdmi emocemi a vzru\u0161en\u00edm, a pokud v\u00e1m bude \u0161t\u011bst\u011bna naklon\u011bna, pak i solidn\u00ed v\u00fdhrou!","breadcrumb":{"@id":"https:\/\/aviator-crash.org\/cs\/hry-jako-aviator-za-penize\/#breadcrumb"},"inLanguage":"cs","potentialAction":[{"@type":"ReadAction","target":["https:\/\/aviator-crash.org\/cs\/hry-jako-aviator-za-penize\/"]}]},{"@type":"BreadcrumbList","@id":"https:\/\/aviator-crash.org\/cs\/hry-jako-aviator-za-penize\/#breadcrumb","itemListElement":[{"@type":"ListItem","position":1,"name":"Home","item":"https:\/\/aviator-crash.org\/cs\/aviator-hra-online-o-skutecne-penize\/"},{"@type":"ListItem","position":2,"name":"Hry jako Aviator za pen\u00edze"}]},{"@type":"WebSite","@id":"https:\/\/aviator-crash.org\/cs\/#website","url":"https:\/\/aviator-crash.org\/cs\/","name":"","description":"","potentialAction":[{"@type":"SearchAction","target":{"@type":"EntryPoint","urlTemplate":"https:\/\/aviator-crash.org\/cs\/?s={search_term_string}"},"query-input":"required name=search_term_string"}],"inLanguage":"cs"}]}},"_links":{"self":[{"href":"https:\/\/aviator-crash.org\/cs\/wp-json\/wp\/v2\/pages\/2483"}],"collection":[{"href":"https:\/\/aviator-crash.org\/cs\/wp-json\/wp\/v2\/pages"}],"about":[{"href":"https:\/\/aviator-crash.org\/cs\/wp-json\/wp\/v2\/types\/page"}],"author":[{"embeddable":true,"href":"https:\/\/aviator-crash.org\/cs\/wp-json\/wp\/v2\/users\/2"}],"replies":[{"embeddable":true,"href":"https:\/\/aviator-crash.org\/cs\/wp-json\/wp\/v2\/comments?post=2483"}],"version-history":[{"count":1,"href":"https:\/\/aviator-crash.org\/cs\/wp-json\/wp\/v2\/pages\/2483\/revisions"}],"predecessor-version":[{"id":2484,"href":"https:\/\/aviator-crash.org\/cs\/wp-json\/wp\/v2\/pages\/2483\/revisions\/2484"}],"wp:attachment":[{"href":"https:\/\/aviator-crash.org\/cs\/wp-json\/wp\/v2\/media?parent=2483"}],"curies":[{"name":"wp","href":"https:\/\/api.w.org\/{rel}","templated":true}]}}