{"id":2517,"date":"2023-12-27T19:48:01","date_gmt":"2023-12-27T19:48:01","guid":{"rendered":"https:\/\/aviator-crash.org\/space-xy-vyherni-automat\/"},"modified":"2024-02-02T17:57:31","modified_gmt":"2024-02-02T17:57:31","slug":"space-xy-vyherni-automat","status":"publish","type":"page","link":"https:\/\/aviator-crash.org\/cs\/space-xy-vyherni-automat\/","title":{"rendered":"Space XY v\u00fdhern\u00ed automat"},"content":{"rendered":"\n<figure class=\"wp-block-gallery has-nested-images columns-default is-cropped wp-block-gallery-1 is-layout-flex wp-block-gallery-is-layout-flex\">\n<figure class=\"wp-block-image size-large\"><span itemprop=\"image\" itemscope itemtype=\"https:\/\/schema.org\/ImageObject\"><img itemprop=\"url image\" loading=\"lazy\" decoding=\"async\" width=\"1024\" height=\"445\" data-id=\"469\" src=\"https:\/\/aviator-crash.org\/wp-content\/uploads\/2024\/01\/bgaming-game-release-1024x445.jpg\" alt=\"\" class=\"wp-image-469\" srcset=\"https:\/\/aviator-crash.org\/wp-content\/uploads\/2024\/01\/bgaming-game-release-1024x445.jpg 1024w, https:\/\/aviator-crash.org\/wp-content\/uploads\/2024\/01\/bgaming-game-release-300x131.jpg 300w, https:\/\/aviator-crash.org\/wp-content\/uploads\/2024\/01\/bgaming-game-release-768x334.jpg 768w, https:\/\/aviator-crash.org\/wp-content\/uploads\/2024\/01\/bgaming-game-release.jpg 1200w\" sizes=\"(max-width: 1024px) 100vw, 1024px\" \/><meta itemprop=\"width\" content=\"1024\"><meta itemprop=\"height\" content=\"445\"><\/span><\/figure>\n<\/figure>\n\n<p>V\u00edtejte ve sv\u011bt\u011b Space XY, kde je ka\u017ed\u00e1 hv\u011bzda nov\u00fdm dobrodru\u017estv\u00edm a ka\u017ed\u00e1 galaxie polem pro pr\u016fzkum.\nTato vzru\u0161uj\u00edc\u00ed vesm\u00edrn\u00e1 hra nab\u00edz\u00ed hr\u00e1\u010d\u016fm nejen mo\u017enost prozkoumat obrovsk\u00e9 prostory vesm\u00edru, ale tak\u00e9 st\u00e1t se skute\u010dn\u00fdmi dobyvateli vesm\u00edru. <\/p>\n\n<p>Space XY je hra, kter\u00e1 upout\u00e1 pozornost od prvn\u00edch sekund.\nAplikaci pro Android si m\u016f\u017eete st\u00e1hnout na ofici\u00e1ln\u00edch s\u00e1zkov\u00fdch str\u00e1nk\u00e1ch spole\u010dnosti One Win.\nZde na v\u00e1s \u010dekaj\u00ed ta nejlep\u0161\u00ed dobrodru\u017estv\u00ed a nezapomenuteln\u00e1 z\u00e1bava.\nP\u0159ihlaste se ke sv\u00e9mu osobn\u00edmu \u00fa\u010dtu, s\u00e1zejte a vyhr\u00e1vejte ve Space XY.   <\/p>\n\n<h2 class=\"wp-block-heading\">V\u00fdhoda online hry Space XY<\/h2>\n\n<p>Space XY je hra, kter\u00e1 nab\u00edz\u00ed vzru\u0161uj\u00edc\u00ed vesm\u00edrn\u00e9 bitvy, v nich\u017e si m\u016f\u017eete vyzkou\u0161et sv\u00e9 pilotn\u00ed schopnosti.\nUpravte si svou vesm\u00edrnou lo\u010f, bojujte s mimozemsk\u00fdmi hrozbami a zapojte se do epick\u00fdch vesm\u00edrn\u00fdch bitev, kter\u00e9 rozhodnou o va\u0161em osudu v tomto rozlehl\u00e9m vesm\u00edru. <\/p>\n\n<p>Mezi hlavn\u00ed v\u00fdhody t\u00e9to hry pat\u0159\u00ed:<\/p>\n\n<ul>\n<li>Hlubok\u00e1 z\u00e1pletka.\nSpace XY se neomezuje jen na vesm\u00edrn\u00e1 dobrodru\u017estv\u00ed.\nBohat\u00fd d\u011bj, slo\u017eit\u00e9 h\u00e1danky a d\u016fle\u017eit\u00e1 rozhodnut\u00ed vytv\u00e1\u0159ej\u00ed jedine\u010dn\u00fd z\u00e1\u017eitek, kter\u00fd z\u00e1vis\u00ed na va\u0161ich rozhodnut\u00edch.  <\/li>\n\n\n\n<li>Ka\u017ed\u00e9 rozhodnut\u00ed ovliv\u0148uje pr\u016fb\u011bh hry.\nProto budete ve h\u0159e Space XY pot\u0159ebovat strategii, abyste vyhr\u00e1li a z\u00edskali co nejv\u00edce bod\u016f. <\/li>\n\n\n\n<li>Mo\u017enost p\u0159izp\u016fsoben\u00ed.\nJedn\u00edm z kl\u00ed\u010dov\u00fdch prvk\u016f hry Space XY je mo\u017enost p\u0159izp\u016fsobit si vesm\u00edrnou lo\u010f podle sv\u00fdch preferenc\u00ed.\nVyberte si jedine\u010dn\u00e9 modifikace, vylep\u0161ete technologie a vytvo\u0159te si lo\u010f, kter\u00e1 bude odr\u00e1\u017eet v\u00e1\u0161 styl a strategii.  <\/li>\n\n\n\n<li>Galaktick\u00e9 cesty.\nSpace XY otev\u00edr\u00e1 mno\u017estv\u00ed galaxi\u00ed, z nich\u017e ka\u017ed\u00e1 je pln\u00e1 \u00fa\u017easn\u00fdch sv\u011bt\u016f, tajemn\u00fdch artefakt\u016f a nebezpe\u010dn\u00fdch dobrodru\u017estv\u00ed.\nProzkoumejte neprob\u00e1dan\u00e9 planety, setkejte se s r\u016fzn\u00fdmi rasami a z\u00fa\u010dastn\u011bte se poutav\u00fdch vesm\u00edrn\u00fdch p\u0159\u00edb\u011bh\u016f.\nV\u0161e, co pot\u0159ebujete k tomu, abyste se mohli za\u010d\u00edt no\u0159it do p\u0159\u00edb\u011bhu, je zjistit, jak Space XY nainstalovat.   <\/li>\n\n\n\n<li>T\u00fddenn\u00ed akce a mise.\nOnline hra je neust\u00e1le aktualizov\u00e1na nov\u00fdmi ud\u00e1lostmi, misemi a v\u00fdzvami, tak\u017ee m\u016f\u017eete v\u017edy naj\u00edt nov\u00e9 c\u00edle, kter\u00fdch chcete dos\u00e1hnout.\n\u00da\u010dastn\u011bte se t\u00fddenn\u00edch ud\u00e1lost\u00ed, bojujte o ceny a \u017easn\u011bte nad jedine\u010dn\u00fdmi mo\u017enostmi, kter\u00e9 se v\u00e1m ka\u017ed\u00fd t\u00fdden naskytnou.  <\/li>\n<\/ul>\n\n<h2 class=\"wp-block-heading\">Jak hr\u00e1t Space XY<\/h2>\n\n<p>Chcete-li se zapojit do vesm\u00edrn\u00e9ho dobrodru\u017estv\u00ed ve h\u0159e Space XY, mus\u00edte si ji nejprve nainstalovat.\nPot\u00e9 si budete muset vytvo\u0159it \u00fa\u010det, kter\u00fd zajist\u00ed zachov\u00e1n\u00ed va\u0161eho postupu a online mo\u017enost\u00ed.\nJakmile se zaregistrujete, p\u0159izp\u016fsobte si svou vesm\u00edrnou lo\u010f t\u00edm, \u017ee si vyberete jedine\u010dn\u00e9 designy a vylep\u0161en\u00ed.\nPono\u0159te se do sv\u011bta Space XY a prozkoum\u00e1vejte galaxie, komunikujte s r\u016fzn\u00fdmi sv\u011bty a pl\u0148te mise sta\u017een\u00edm hry Space XY.   <\/p>\n\n<p>Kl\u00ed\u010dov\u00fdm aspektem hry jsou vesm\u00edrn\u00e9 bitvy.\nVyzv\u011bte mimozemsk\u00e9 hrozby a ostatn\u00ed hr\u00e1\u010de v re\u00e1ln\u00e9m \u010dase pomoc\u00ed sv\u00fdch strategick\u00fdch dovednost\u00ed.\n\u00da\u010dastn\u011bte se ud\u00e1lost\u00ed a mis\u00ed a z\u00edsk\u00e1vejte odm\u011bny a vylep\u0161en\u00ed.\nD\u016fle\u017eit\u00e1 je tak\u00e9 socializace s ostatn\u00edmi hr\u00e1\u010di &#8211; vytv\u00e1\u0159ejte aliance, sd\u00edlejte zku\u0161enosti a strategie.   <\/p>\n\n<p>Celkov\u011b se do hry Space XY mus\u00edte pono\u0159it, prozkoum\u00e1vat, bojovat a komunikovat s vesm\u00edrn\u00fdm sv\u011btem, kter\u00fd \u010dek\u00e1 na va\u0161e objeven\u00ed.<\/p>\n\n<h2 class=\"wp-block-heading\">Jak vyhr\u00e1t ve h\u0159e Space XY<\/h2>\n\n<p>Ve sv\u011bt\u011b Space XY je kl\u00ed\u010dem k \u00fasp\u011b\u0161n\u00e9 h\u0159e hlubok\u00fd pr\u016fzkum vesm\u00edru a flexibiln\u00ed p\u0159izp\u016fsoben\u00ed se r\u016fzn\u00fdm v\u00fdzv\u00e1m.\nVyv\u00edjejte svou vesm\u00edrnou lo\u010f, p\u0159izp\u016fsobte ji sv\u00fdm jedine\u010dn\u00fdm pot\u0159eb\u00e1m a po\u017eadavk\u016fm aktu\u00e1ln\u00ed situace.\nA bonusy Space XY v\u00e1m umo\u017en\u00ed zv\u00fd\u0161it va\u0161e \u0161ance na v\u00edt\u011bzstv\u00ed.  <\/p>\n\n<p>K vesm\u00edrn\u00fdm bitv\u00e1m p\u0159istupujte strategicky a v\u011bnujte pozornost dynamice bitvy a vn\u011bj\u0161\u00edm faktor\u016fm.\nSledujte chov\u00e1n\u00ed ostatn\u00edch hr\u00e1\u010d\u016f a p\u0159izp\u016fsobte svou taktiku jejich akc\u00edm.\nStrategie ve vesm\u00edru XY je kl\u00ed\u010dov\u00fdm aspektem, kter\u00fd pot\u0159ebujete pro \u00fasp\u011b\u0161nou hru.  <\/p>\n\n<p>Aktivn\u011b se \u00fa\u010dastn\u011bte ud\u00e1lost\u00ed a mis\u00ed, kter\u00e9 v\u00e1m umo\u017en\u00ed z\u00edskat cenn\u00e9 zdroje a vylep\u0161en\u00ed pro va\u0161i lo\u010f.\nNezapome\u0148te v\u0161ak, \u017ee va\u0161e \u010diny a rozhodnut\u00ed mohou ovlivnit hru a va\u0161e interakce s ostatn\u00edmi hr\u00e1\u010di. <\/p>\n\n<h2 class=\"wp-block-heading\">Pravidla hry Space XY<\/h2>\n\n<p>Ve sv\u011bt\u011b Space XY existuje n\u011bkolik z\u00e1kladn\u00edch pravidel, kter\u00e1 v\u00e1m pomohou \u00fasp\u011b\u0161n\u011b proplouvat vesm\u00edrem a usp\u011bt ve va\u0161ich vesm\u00edrn\u00fdch dobrodru\u017estv\u00edch.\nJe t\u0159eba se je nau\u010dit d\u0159\u00edve, ne\u017e za\u010dnete hr\u00e1t Space XY: <\/p>\n\n<ol>\n<li>Prozkoumejte r\u016fzn\u00e9 galaxie, planety a asteroidy.<\/li>\n\n\n\n<li>Vylep\u0161ujte svou lo\u010f, rozv\u00edjejte taktiku a \u00fa\u010dastn\u011bte se vesm\u00edrn\u00fdch souboj\u016f na ochranu sv\u00fdch z\u00e1jm\u016f.<\/li>\n\n\n\n<li>T\u011b\u017ete suroviny, zpracov\u00e1vejte je a pou\u017e\u00edvejte je k vylep\u0161ov\u00e1n\u00ed sv\u00e9 lodi, budov\u00e1n\u00ed z\u00e1kladen, v\u00fdzkumu a obchodu.<\/li>\n\n\n\n<li>Aktivn\u011b se \u00fa\u010dastn\u011bte ud\u00e1lost\u00ed a mis\u00ed, abyste z\u00edskali jedine\u010dn\u00e9 odm\u011bny a roz\u0161\u00ed\u0159ili sv\u00e9 schopnosti ve h\u0159e.<\/li>\n\n\n\n<li>Prozkoumejte nov\u00e9 technologie a vylep\u0161ete obranu sv\u00e9 lodi a z\u00e1kladny.<\/li>\n\n\n\n<li>Vytv\u00e1\u0159ejte aliance s ostatn\u00edmi hr\u00e1\u010di a spojte sv\u00e9 s\u00edly v boji za spole\u010dn\u00e9 c\u00edle a rozv\u00edjejte strategie ve h\u0159e Space XY, jak vyhr\u00e1t.<\/li>\n\n\n\n<li>\u00da\u010dastn\u011bte se sout\u011b\u017e\u00ed a sledujte \u017eeb\u0159\u00ed\u010dky, abyste mohli m\u011b\u0159it sv\u016fj pokrok a porovn\u00e1vat sv\u00e9 \u00fasp\u011bchy s ostatn\u00edmi hr\u00e1\u010di.<\/li>\n<\/ol>\n\n<p>Dodr\u017eov\u00e1n\u00ed t\u011bchto pravidel v\u00e1m pom\u016f\u017ee naplno si u\u017e\u00edt vesm\u00edrn\u00fd z\u00e1\u017eitek ve h\u0159e Space XY a usp\u011bt v rozlehl\u00e9m vesm\u00edru.<\/p>\n\n<h2 class=\"wp-block-heading\">Propaga\u010dn\u00ed k\u00f3dy<\/h2>\n\n<p>Nejlep\u0161\u00edm zp\u016fsobem, jak z\u00edskat aktu\u00e1ln\u00ed k\u00f3dy, je sledovat ofici\u00e1ln\u00ed komunika\u010dn\u00ed kan\u00e1ly hry.\nMohou to b\u00fdt ofici\u00e1ln\u00ed webov\u00e9 str\u00e1nky, soci\u00e1ln\u00ed m\u00e9dia, f\u00f3ra nebo e-mailov\u00e9 zpravodaje.\nPropaga\u010dn\u00ed k\u00f3dy ve h\u0159e, jako je Space XY, slou\u017e\u00ed k tomu, aby hr\u00e1\u010di z\u00edskali r\u016fzn\u00e9 bonusy a v\u00fdhody.  <\/p>\n\n<p>Propaga\u010dn\u00ed k\u00f3dy mohou poskytovat bezplatn\u00e9 zdroje, jako jsou kredity, energie nebo jin\u00e9 hern\u00ed m\u011bny.\nN\u011bkter\u00e9 mo\u017enosti poskytuj\u00ed p\u0159\u00edstup k jedine\u010dn\u00fdm vylep\u0161en\u00edm nebo upgrad\u016fm vesm\u00edrn\u00fdch lod\u00ed, z\u00e1kladen a dal\u0161\u00edch hern\u00edch prvk\u016f.\nRecenze Space XY nab\u00edz\u00ed spoustu tip\u016f, jak takov\u00e9 bonusy spr\u00e1vn\u011b vyu\u017e\u00edt.  <\/p>\n\n<p>Propaga\u010dn\u00ed k\u00f3dy mohou b\u00fdt distribuov\u00e1ny v r\u00e1mci speci\u00e1ln\u00edch akc\u00ed, sout\u011b\u017e\u00ed nebo propaga\u010dn\u00edch akc\u00ed a motivovat hr\u00e1\u010de k \u00fa\u010dasti na r\u016fzn\u00fdch aktivit\u00e1ch.<\/p>\n\n<h2 class=\"wp-block-heading\">Zku\u0161enosti<\/h2>\n\n<p>Zde je n\u011bkolik u\u017eivatelsk\u00fdch recenz\u00ed, kter\u00e9 potvrzuj\u00ed \u0161irokou popularitu t\u00e9to aplikace:<\/p>\n","protected":false},"excerpt":{"rendered":"<p>V\u00edtejte ve sv\u011bt\u011b Space XY, kde je ka\u017ed\u00e1 hv\u011bzda nov\u00fdm dobrodru\u017estv\u00edm a ka\u017ed\u00e1 galaxie polem pro pr\u016fzkum. Tato vzru\u0161uj\u00edc\u00ed vesm\u00edrn\u00e1 hra nab\u00edz\u00ed hr\u00e1\u010d\u016fm nejen mo\u017enost prozkoumat obrovsk\u00e9 prostory vesm\u00edru, ale tak\u00e9 st\u00e1t se skute\u010dn\u00fdmi dobyvateli vesm\u00edru. Space XY je hra, kter\u00e1 upout\u00e1 pozornost od prvn\u00edch sekund. Aplikaci pro Android si m\u016f\u017eete st\u00e1hnout na ofici\u00e1ln\u00edch s\u00e1zkov\u00fdch [&hellip;]<\/p>\n","protected":false},"author":2,"featured_media":0,"parent":0,"menu_order":0,"comment_status":"open","ping_status":"closed","template":"","meta":{"footnotes":""},"yoast_head":"<!-- This site is optimized with the Yoast SEO plugin v21.7 - https:\/\/yoast.com\/wordpress\/plugins\/seo\/ -->\n<title>Space XY kasino hra, ke sta\u017een\u00ed<\/title>\n<meta name=\"description\" content=\"Zaj\u00edmav\u00e1 hra pro milovn\u00edky vzru\u0161en\u00ed a vysok\u00e9ho rizika. St\u00e1hn\u011bte si a u\u017eijte si hru Space XY v kasinu. Pono\u0159te se do sv\u011bta rizika a nezapomenuteln\u00fdch dobrodru\u017estv\u00ed. Pe\u010dliv\u011b si prostudujte pravidla a vlastnosti hry, abyste vyhr\u00e1li.\" \/>\n<meta name=\"robots\" content=\"index, follow, max-snippet:-1, max-image-preview:large, max-video-preview:-1\" \/>\n<link rel=\"canonical\" href=\"https:\/\/aviator-crash.org\/cs\/space-xy-vyherni-automat\/\" \/>\n<meta property=\"og:locale\" content=\"cs_CZ\" \/>\n<meta property=\"og:type\" content=\"article\" \/>\n<meta property=\"og:title\" content=\"Space XY kasino hra, ke sta\u017een\u00ed\" \/>\n<meta property=\"og:description\" content=\"Zaj\u00edmav\u00e1 hra pro milovn\u00edky vzru\u0161en\u00ed a vysok\u00e9ho rizika. St\u00e1hn\u011bte si a u\u017eijte si hru Space XY v kasinu. Pono\u0159te se do sv\u011bta rizika a nezapomenuteln\u00fdch dobrodru\u017estv\u00ed. Pe\u010dliv\u011b si prostudujte pravidla a vlastnosti hry, abyste vyhr\u00e1li.\" \/>\n<meta property=\"og:url\" content=\"https:\/\/aviator-crash.org\/cs\/space-xy-vyherni-automat\/\" \/>\n<meta property=\"article:modified_time\" content=\"2024-02-02T17:57:31+00:00\" \/>\n<meta property=\"og:image\" content=\"https:\/\/aviator-crash.org\/wp-content\/uploads\/2024\/01\/bgaming-game-release-1024x445.jpg\" \/>\n<meta name=\"twitter:card\" content=\"summary_large_image\" \/>\n<meta name=\"twitter:label1\" content=\"Est. reading time\" \/>\n\t<meta name=\"twitter:data1\" content=\"6 minut\" \/>\n<script type=\"application\/ld+json\" class=\"yoast-schema-graph\">{\"@context\":\"https:\/\/schema.org\",\"@graph\":[{\"@type\":\"WebPage\",\"@id\":\"https:\/\/aviator-crash.org\/cs\/space-xy-vyherni-automat\/\",\"url\":\"https:\/\/aviator-crash.org\/cs\/space-xy-vyherni-automat\/\",\"name\":\"Space XY kasino hra, ke sta\u017een\u00ed\",\"isPartOf\":{\"@id\":\"https:\/\/aviator-crash.org\/cs\/#website\"},\"datePublished\":\"2023-12-27T19:48:01+00:00\",\"dateModified\":\"2024-02-02T17:57:31+00:00\",\"description\":\"Zaj\u00edmav\u00e1 hra pro milovn\u00edky vzru\u0161en\u00ed a vysok\u00e9ho rizika. St\u00e1hn\u011bte si a u\u017eijte si hru Space XY v kasinu. Pono\u0159te se do sv\u011bta rizika a nezapomenuteln\u00fdch dobrodru\u017estv\u00ed. Pe\u010dliv\u011b si prostudujte pravidla a vlastnosti hry, abyste vyhr\u00e1li.\",\"breadcrumb\":{\"@id\":\"https:\/\/aviator-crash.org\/cs\/space-xy-vyherni-automat\/#breadcrumb\"},\"inLanguage\":\"cs\",\"potentialAction\":[{\"@type\":\"ReadAction\",\"target\":[\"https:\/\/aviator-crash.org\/cs\/space-xy-vyherni-automat\/\"]}]},{\"@type\":\"BreadcrumbList\",\"@id\":\"https:\/\/aviator-crash.org\/cs\/space-xy-vyherni-automat\/#breadcrumb\",\"itemListElement\":[{\"@type\":\"ListItem\",\"position\":1,\"name\":\"Home\",\"item\":\"https:\/\/aviator-crash.org\/cs\/aviator-hra-online-o-skutecne-penize\/\"},{\"@type\":\"ListItem\",\"position\":2,\"name\":\"Space XY v\u00fdhern\u00ed automat\"}]},{\"@type\":\"WebSite\",\"@id\":\"https:\/\/aviator-crash.org\/cs\/#website\",\"url\":\"https:\/\/aviator-crash.org\/cs\/\",\"name\":\"\",\"description\":\"\",\"potentialAction\":[{\"@type\":\"SearchAction\",\"target\":{\"@type\":\"EntryPoint\",\"urlTemplate\":\"https:\/\/aviator-crash.org\/cs\/?s={search_term_string}\"},\"query-input\":\"required name=search_term_string\"}],\"inLanguage\":\"cs\"}]}<\/script>\n<!-- \/ Yoast SEO plugin. -->","yoast_head_json":{"title":"Space XY kasino hra, ke sta\u017een\u00ed","description":"Zaj\u00edmav\u00e1 hra pro milovn\u00edky vzru\u0161en\u00ed a vysok\u00e9ho rizika. St\u00e1hn\u011bte si a u\u017eijte si hru Space XY v kasinu. Pono\u0159te se do sv\u011bta rizika a nezapomenuteln\u00fdch dobrodru\u017estv\u00ed. Pe\u010dliv\u011b si prostudujte pravidla a vlastnosti hry, abyste vyhr\u00e1li.","robots":{"index":"index","follow":"follow","max-snippet":"max-snippet:-1","max-image-preview":"max-image-preview:large","max-video-preview":"max-video-preview:-1"},"canonical":"https:\/\/aviator-crash.org\/cs\/space-xy-vyherni-automat\/","og_locale":"cs_CZ","og_type":"article","og_title":"Space XY kasino hra, ke sta\u017een\u00ed","og_description":"Zaj\u00edmav\u00e1 hra pro milovn\u00edky vzru\u0161en\u00ed a vysok\u00e9ho rizika. St\u00e1hn\u011bte si a u\u017eijte si hru Space XY v kasinu. Pono\u0159te se do sv\u011bta rizika a nezapomenuteln\u00fdch dobrodru\u017estv\u00ed. Pe\u010dliv\u011b si prostudujte pravidla a vlastnosti hry, abyste vyhr\u00e1li.","og_url":"https:\/\/aviator-crash.org\/cs\/space-xy-vyherni-automat\/","article_modified_time":"2024-02-02T17:57:31+00:00","og_image":[{"url":"https:\/\/aviator-crash.org\/wp-content\/uploads\/2024\/01\/bgaming-game-release-1024x445.jpg"}],"twitter_card":"summary_large_image","twitter_misc":{"Est. reading time":"6 minut"},"schema":{"@context":"https:\/\/schema.org","@graph":[{"@type":"WebPage","@id":"https:\/\/aviator-crash.org\/cs\/space-xy-vyherni-automat\/","url":"https:\/\/aviator-crash.org\/cs\/space-xy-vyherni-automat\/","name":"Space XY kasino hra, ke sta\u017een\u00ed","isPartOf":{"@id":"https:\/\/aviator-crash.org\/cs\/#website"},"datePublished":"2023-12-27T19:48:01+00:00","dateModified":"2024-02-02T17:57:31+00:00","description":"Zaj\u00edmav\u00e1 hra pro milovn\u00edky vzru\u0161en\u00ed a vysok\u00e9ho rizika. St\u00e1hn\u011bte si a u\u017eijte si hru Space XY v kasinu. Pono\u0159te se do sv\u011bta rizika a nezapomenuteln\u00fdch dobrodru\u017estv\u00ed. Pe\u010dliv\u011b si prostudujte pravidla a vlastnosti hry, abyste vyhr\u00e1li.","breadcrumb":{"@id":"https:\/\/aviator-crash.org\/cs\/space-xy-vyherni-automat\/#breadcrumb"},"inLanguage":"cs","potentialAction":[{"@type":"ReadAction","target":["https:\/\/aviator-crash.org\/cs\/space-xy-vyherni-automat\/"]}]},{"@type":"BreadcrumbList","@id":"https:\/\/aviator-crash.org\/cs\/space-xy-vyherni-automat\/#breadcrumb","itemListElement":[{"@type":"ListItem","position":1,"name":"Home","item":"https:\/\/aviator-crash.org\/cs\/aviator-hra-online-o-skutecne-penize\/"},{"@type":"ListItem","position":2,"name":"Space XY v\u00fdhern\u00ed automat"}]},{"@type":"WebSite","@id":"https:\/\/aviator-crash.org\/cs\/#website","url":"https:\/\/aviator-crash.org\/cs\/","name":"","description":"","potentialAction":[{"@type":"SearchAction","target":{"@type":"EntryPoint","urlTemplate":"https:\/\/aviator-crash.org\/cs\/?s={search_term_string}"},"query-input":"required name=search_term_string"}],"inLanguage":"cs"}]}},"_links":{"self":[{"href":"https:\/\/aviator-crash.org\/cs\/wp-json\/wp\/v2\/pages\/2517"}],"collection":[{"href":"https:\/\/aviator-crash.org\/cs\/wp-json\/wp\/v2\/pages"}],"about":[{"href":"https:\/\/aviator-crash.org\/cs\/wp-json\/wp\/v2\/types\/page"}],"author":[{"embeddable":true,"href":"https:\/\/aviator-crash.org\/cs\/wp-json\/wp\/v2\/users\/2"}],"replies":[{"embeddable":true,"href":"https:\/\/aviator-crash.org\/cs\/wp-json\/wp\/v2\/comments?post=2517"}],"version-history":[{"count":1,"href":"https:\/\/aviator-crash.org\/cs\/wp-json\/wp\/v2\/pages\/2517\/revisions"}],"predecessor-version":[{"id":2519,"href":"https:\/\/aviator-crash.org\/cs\/wp-json\/wp\/v2\/pages\/2517\/revisions\/2519"}],"wp:attachment":[{"href":"https:\/\/aviator-crash.org\/cs\/wp-json\/wp\/v2\/media?parent=2517"}],"curies":[{"name":"wp","href":"https:\/\/api.w.org\/{rel}","templated":true}]}}