{"id":2565,"date":"2023-12-27T19:40:59","date_gmt":"2023-12-27T19:40:59","guid":{"rendered":"https:\/\/aviator-crash.org\/prehrat-rocket-x\/"},"modified":"2024-02-02T18:04:22","modified_gmt":"2024-02-02T18:04:22","slug":"prehrat-rocket-x","status":"publish","type":"page","link":"https:\/\/aviator-crash.org\/cs\/prehrat-rocket-x\/","title":{"rendered":"P\u0159ehr\u00e1t Rocket X"},"content":{"rendered":"\n<figure class=\"wp-block-gallery has-nested-images columns-default is-cropped wp-block-gallery-1 is-layout-flex wp-block-gallery-is-layout-flex\">\n<figure class=\"wp-block-image size-large\"><span itemprop=\"image\" itemscope itemtype=\"https:\/\/schema.org\/ImageObject\"><img itemprop=\"url image\" loading=\"lazy\" decoding=\"async\" width=\"1024\" height=\"761\" data-id=\"472\" src=\"https:\/\/aviator-crash.org\/wp-content\/uploads\/2024\/01\/rocket-x-1024x761.webp\" alt=\"\" class=\"wp-image-472\" srcset=\"https:\/\/aviator-crash.org\/wp-content\/uploads\/2024\/01\/rocket-x-1024x761.webp 1024w, https:\/\/aviator-crash.org\/wp-content\/uploads\/2024\/01\/rocket-x-300x223.webp 300w, https:\/\/aviator-crash.org\/wp-content\/uploads\/2024\/01\/rocket-x-768x571.webp 768w, https:\/\/aviator-crash.org\/wp-content\/uploads\/2024\/01\/rocket-x.webp 1200w\" sizes=\"(max-width: 1024px) 100vw, 1024px\" \/><meta itemprop=\"width\" content=\"1024\"><meta itemprop=\"height\" content=\"761\"><\/span><\/figure>\n<\/figure>\n\n<p>Ve h\u0159e Rocket X pro v\u00edce hr\u00e1\u010d\u016f se m\u016f\u017eete pono\u0159it do vzru\u0161uj\u00edc\u00edho dobrodru\u017estv\u00ed a vyd\u011blat si skute\u010dn\u00e9 pen\u00edze.\nM\u016f\u017eete si ji zdarma st\u00e1hnout do jak\u00e9hokoli sv\u00e9ho za\u0159\u00edzen\u00ed a u\u017e\u00edt si skv\u011blou hru jak sami, tak spole\u010dn\u011b s p\u0159\u00e1teli a dal\u0161\u00edmi hr\u00e1\u010di.\nK tomu sta\u010d\u00ed p\u0159ej\u00edt na ofici\u00e1ln\u00ed s\u00e1zkov\u00fd port\u00e1l One Win a st\u00e1hnout si hru Rocket X zdarma na Android.\nChcete-li za\u010d\u00edt hr\u00e1t, sta\u010d\u00ed p\u0159ej\u00edt na sv\u016fj osobn\u00ed \u00fa\u010det registrac\u00ed nebo p\u0159ihl\u00e1\u0161en\u00edm.\nZabere v\u00e1m to jen p\u00e1r minut, ale m\u016f\u017eete ihned za\u010d\u00edt hr\u00e1t a u\u017e\u00edvat si to.    <\/p>\n\n<h2 class=\"wp-block-heading\"><strong>V\u00fdhody online hry Rocket X<\/strong><\/h2>\n\n<p>Hazardn\u00ed hry jsou v modern\u00edm sv\u011bt\u011b velmi \u017e\u00e1dan\u00e9.\nUmo\u017e\u0148uj\u00ed v\u00e1m skv\u011ble se bavit a vyd\u011blat t\u00e9m\u011b\u0159 libovoln\u00e9 mno\u017estv\u00ed pen\u011bz, ani\u017e byste museli opustit d\u016fm.\nHra Rocket X je zase pova\u017eov\u00e1na za jednu z nejobl\u00edben\u011bj\u0161\u00edch sv\u00e9ho druhu.\nTato hra m\u00e1 spoustu v\u00fdhod, v\u010detn\u011b n\u00e1sleduj\u00edc\u00edch:   <\/p>\n\n<ul>\n<li>V\u00fdjime\u010dn\u011b pozitivn\u00ed recenze Rocket X, co\u017e nazna\u010duje, \u017ee tato aplikace je velmi popul\u00e1rn\u00ed mezi hr\u00e1\u010di z cel\u00e9ho sv\u011bta.<\/li>\n\n\n\n<li>Re\u017eim pro v\u00edce hr\u00e1\u010d\u016f.\nMo\u017enost hr\u00e1t v re\u00e1ln\u00e9m \u010dase a u\u017e\u00edvat si hru se sv\u00fdmi p\u0159\u00e1teli nebo dal\u0161\u00edmi u\u017eivateli z cel\u00e9ho sv\u011bta online. <\/li>\n\n\n\n<li>Dynamick\u00e9 z\u00e1vody.\nHra se zam\u011b\u0159uje na rychl\u00e9 a dynamick\u00e9 z\u00e1vod\u011bn\u00ed s r\u016fzn\u00fdmi trat\u011bmi a p\u0159ek\u00e1\u017ekami. <\/li>\n\n\n\n<li>Jedine\u010dn\u00e1 m\u00edsta.\nRozmanit\u00e9 a pestr\u00e9 hern\u00ed lokace, kter\u00e9 nab\u00edzej\u00ed r\u016fzn\u00e9 z\u00e1vodn\u00ed podm\u00ednky. <\/li>\n\n\n\n<li>Kaskad\u00e9rsk\u00e9 kousky a vylep\u0161en\u00ed.\nMo\u017enost prov\u00e1d\u011bt kaskad\u00e9rsk\u00e9 kousky a vylep\u0161ovat sv\u016fj l\u00e9taj\u00edc\u00ed stroj r\u016fzn\u00fdmi vylep\u0161en\u00edmi.\nSta\u010d\u00ed si jen st\u00e1hnout Rocket X do sv\u00e9ho za\u0159\u00edzen\u00ed a zaregistrovat se.  <\/li>\n\n\n\n<li>Syst\u00e9m postupu.\nPropracovan\u00fd syst\u00e9m postupu s nov\u00fdmi \u00farovn\u011bmi, vozidly a dal\u0161\u00edm obsahem, kter\u00fd se odemyk\u00e1 s postupem ve h\u0159e. <\/li>\n\n\n\n<li>Dostupnost velk\u00e9ho mno\u017estv\u00ed bonus\u016f.\nMo\u017enost z\u00edskat bonusy, \u00fasp\u011bchy a dal\u0161\u00ed odm\u011bny za \u00fasp\u011b\u0161n\u00e9 dokon\u010den\u00ed \u00farovn\u00ed nebo spln\u011bn\u00ed speci\u00e1ln\u00edch \u00fakol\u016f. <\/li>\n\n\n\n<li>Vynikaj\u00edc\u00ed grafika a \u00fa\u017easn\u00fd soundtrack.\nKvalitn\u00ed grafika a soundtrack vytv\u00e1\u0159ej\u00ed p\u016fsobivou vizu\u00e1ln\u00ed a zvukovou atmosf\u00e9ru. <\/li>\n<\/ul>\n\n<p>D\u00edky mnoha v\u00fdhod\u00e1m je tato hra mezi fanou\u0161ky hazardn\u00edch her velmi obl\u00edben\u00e1.\nRecenze hry Rocket X jsou v\u011bt\u0161inou pozitivn\u00ed, co\u017e op\u011bt potvrzuje v\u00fd\u0161e uvedenou skute\u010dnost.\nPokud se chcete skv\u011ble bavit, pak je tato aplikace tou nejlep\u0161\u00ed volbou.  <\/p>\n\n<h2 class=\"wp-block-heading\">Jak hr\u00e1t Rocket X<\/h2>\n\n<p>Dal\u0161\u00ed v\u00fdhodou t\u00e9to hry je, \u017ee m\u00e1 jednoduch\u00e1 a jasn\u00e1 pravidla, kter\u00e1 rychle pochop\u00ed \u00fapln\u011b ka\u017ed\u00fd.\nNejd\u0159\u00edve se mus\u00edte zaregistrovat nebo p\u0159ihl\u00e1sit do sv\u00e9 osobn\u00ed sk\u0159\u00ed\u0148ky.\nTato mo\u017enost je nesm\u00edrn\u011b pohodln\u00e1, proto\u017ee ve\u0161ker\u00fd postup se automaticky ulo\u017e\u00ed.  <\/p>\n\n<p>Druh\u00fdm krokem, kter\u00fd mus\u00edte ud\u011blat, je financovat sv\u016fj hern\u00ed \u00fa\u010det.\nPot\u00e9 p\u0159ejd\u011bte na str\u00e1nku a spus\u0165te simul\u00e1tor.\nHra se spust\u00ed pot\u00e9, co uzav\u0159ete s\u00e1zku.\nJej\u00ed v\u00fd\u0161e je individu\u00e1ln\u00ed a z\u00e1vis\u00ed pouze na va\u0161ich preferenc\u00edch a strategii.   <\/p>\n\n<p>Ofici\u00e1ln\u00ed webov\u00e9 str\u00e1nky Rocket X nab\u00edzej\u00ed mnoho p\u0159\u00edle\u017eitost\u00ed ke h\u0159e.\nK dispozici jsou re\u017eimy pro jednotlivce i pro v\u00edce hr\u00e1\u010d\u016f, kter\u00e9 v\u00e1m umo\u017en\u00ed u\u017e\u00edt si hran\u00ed online s p\u0159\u00e1teli nebo dal\u0161\u00edmi hr\u00e1\u010di na webu.\nNa webov\u00fdch str\u00e1nk\u00e1ch jsou uvedena v\u0161echna z\u00e1kladn\u00ed pravidla.\nKrom\u011b toho m\u016f\u017eete p\u0159ed za\u010d\u00e1tkem proj\u00edt tr\u00e9ninkem, abyste h\u0159e l\u00e9pe porozum\u011bli a mohli za\u010d\u00edt vyd\u011bl\u00e1vat hned od za\u010d\u00e1tku.   <\/p>\n\n<p>Po uzav\u0159en\u00ed s\u00e1zky sta\u010d\u00ed po\u010dkat na v\u00fdsledek.\nTento proces je pom\u011brn\u011b nap\u00ednav\u00fd, proto\u017ee hodnoty se m\u011bn\u00ed pom\u011brn\u011b rychle a je t\u00e9m\u011b\u0159 nemo\u017en\u00e9 p\u0159edpov\u011bd\u011bt, jak\u00e1 bude na konci. <\/p>\n\n<h2 class=\"wp-block-heading\">Jak vyhr\u00e1t ve h\u0159e Rocket X<\/h2>\n\n<p>Jak u\u017e je z\u0159ejm\u00e9, je nesm\u00edrn\u011b d\u016fle\u017eit\u00e9 vybrat si spr\u00e1vn\u00fd okam\u017eik ve h\u0159e, aby s\u00e1zky nebyly sp\u00e1leny a kurzy byly co nejp\u0159\u00edzniv\u011bj\u0161\u00ed.\nK tomuto \u00fa\u010delu je ide\u00e1ln\u00ed p\u0159izp\u016fsoben\u00e1 <em>strategie Rocket X<\/em>.\nK jej\u00edmu vypracov\u00e1n\u00ed sta\u010d\u00ed prostudovat p\u0159edchoz\u00ed z\u00e1pasy, analyzovat v\u00fdsledky a zvolit metodiku hry, kter\u00e1 bude nejv\u00fdhodn\u011bj\u0161\u00ed.  <\/p>\n\n<p>Strategie Rocket X je v\u00fdhodn\u00e1 pro v\u0161echny, proto\u017ee vych\u00e1z\u00ed z p\u0159edchoz\u00edch zku\u0161enost\u00ed a pom\u00e1h\u00e1 pochopit, jak syst\u00e9m funguje a jak dos\u00e1hnout co nejvy\u0161\u0161\u00edho po\u010dtu v\u00fdher.\nTato hra dokazuje, \u017ee pouh\u00e9 \u0161t\u011bst\u00ed k v\u00fdh\u0159e nesta\u010d\u00ed.\nPot\u0159ebn\u00fd bude tak\u00e9 syst\u00e9m v\u00fdpo\u010dtu kurz\u016f Rocket X.  <\/p>\n\n<h2 class=\"wp-block-heading\">Pravidla hry Rocket X<\/h2>\n\n<p>V centru p\u0159\u00edb\u011bhu je slavn\u00fd mu\u017e &#8211; Ilon Musk, respektive jeho kreslen\u00e1 kopie, kterou budou u\u017eivatel\u00e9 v pr\u016fb\u011bhu hry ovl\u00e1dat.\nTato hra je ide\u00e1ln\u00ed pro ty, kte\u0159\u00ed maj\u00ed r\u00e1di vzru\u0161en\u00ed a riziko.\nPravidla hry jsou zde t\u00e9m\u011b\u0159 toto\u017en\u00e1 s t\u011bmi, kter\u00e9 maj\u00ed jin\u00e9 podobn\u00e9 aplikace.\nP\u0159ed spu\u0161t\u011bn\u00edm hry Rocket X crash je t\u0159eba uzav\u0159\u00edt s\u00e1zky a pak u\u017e jen sledovat jejich r\u016fst.\nKdykoli m\u016f\u017eete svou s\u00e1zku st\u00e1hnout, ale je d\u016fle\u017eit\u00e9 b\u00fdt opatrn\u00fd: v p\u0159\u00edpad\u011b, \u017ee to ud\u011bl\u00e1te p\u0159\u00edli\u0161 brzy nebo p\u0159\u00edli\u0161 pozd\u011b, prohrajete.\nZ\u00e1sadn\u00ed je vybrat si spr\u00e1vn\u00fd okam\u017eik.     <\/p>\n\n<p>Pokud si mysl\u00edte, \u017ee hra je pom\u011brn\u011b jednoduch\u00e1 a monot\u00f3nn\u00ed, m\u00fdl\u00edte se.\nVysok\u00e9 riziko, s\u00e1zky, dynamika &#8211; to v\u0161e zde najdete.\nV\u00edce informac\u00ed o pravidlech si m\u016f\u017eete p\u0159e\u010d\u00edst na ofici\u00e1ln\u00ed str\u00e1nce.  <\/p>\n\n<h2 class=\"wp-block-heading\">Propaga\u010dn\u00ed k\u00f3dy<\/h2>\n\n<p>Propaga\u010dn\u00ed k\u00f3dy pro hazardn\u00ed hry mohou poskytovat hern\u00ed platformy, kasina nebo v\u00fdvoj\u00e1\u0159i, aby p\u0159il\u00e1kali nov\u00e9 hr\u00e1\u010de, odm\u011bnili v\u011brnost nebo spustili speci\u00e1ln\u00ed propaga\u010dn\u00ed akce.\nPokud se chcete skv\u011ble bavit a zv\u00fd\u0161it sv\u00e9 \u0161ance na v\u00fdhru ve h\u0159e Rocket X 1win, pak m\u016f\u017eete snadno vyu\u017e\u00edt dostupn\u00e9 promo k\u00f3dy.\nNajdete je v n\u011bkolika zdroj\u00edch:  <\/p>\n\n<ul>\n<li>Ofici\u00e1ln\u00ed webov\u00fd port\u00e1l spole\u010dnosti One Win.<\/li>\n\n\n\n<li>Mailingov\u00e9 konference (proto se doporu\u010duje p\u0159ihl\u00e1sit se do mailingov\u00fdch konferenc\u00ed na webu ihned po registraci).<\/li>\n\n\n\n<li>Soci\u00e1ln\u00ed m\u00e9dia a specializovan\u00e1 f\u00f3ra.<\/li>\n\n\n\n<li>Partnersk\u00e9 programy.<\/li>\n<\/ul>\n\n<p>Nezapome\u0148te, \u017ee je d\u016fle\u017eit\u00e9 b\u00fdt pozorn\u00fd a pou\u017e\u00edvat promo k\u00f3dy podle pravidel a podm\u00ednek hry, abyste se vyhnuli nedorozum\u011bn\u00edm a nep\u0159\u00edjemn\u00fdm situac\u00edm.<\/p>\n\n<h2 class=\"wp-block-heading\">Zku\u0161enosti<\/h2>\n\n<p>Vzhledem k u\u017eivatelsk\u00fdm recenz\u00edm m\u016f\u017eeme konstatovat, \u017ee tato hra je pova\u017eov\u00e1na za jednu z nejobl\u00edben\u011bj\u0161\u00edch sv\u00e9ho druhu s mnoha v\u00fdhodami a funkcemi.\nZde je n\u011bkolik recenz\u00ed hry 1win Rocket X: <\/p>\n","protected":false},"excerpt":{"rendered":"<p>Ve h\u0159e Rocket X pro v\u00edce hr\u00e1\u010d\u016f se m\u016f\u017eete pono\u0159it do vzru\u0161uj\u00edc\u00edho dobrodru\u017estv\u00ed a vyd\u011blat si skute\u010dn\u00e9 pen\u00edze. M\u016f\u017eete si ji zdarma st\u00e1hnout do jak\u00e9hokoli sv\u00e9ho za\u0159\u00edzen\u00ed a u\u017e\u00edt si skv\u011blou hru jak sami, tak spole\u010dn\u011b s p\u0159\u00e1teli a dal\u0161\u00edmi hr\u00e1\u010di. K tomu sta\u010d\u00ed p\u0159ej\u00edt na ofici\u00e1ln\u00ed s\u00e1zkov\u00fd port\u00e1l One Win a st\u00e1hnout si hru [&hellip;]<\/p>\n","protected":false},"author":2,"featured_media":0,"parent":0,"menu_order":0,"comment_status":"open","ping_status":"closed","template":"","meta":{"footnotes":""},"yoast_head":"<!-- This site is optimized with the Yoast SEO plugin v21.7 - https:\/\/yoast.com\/wordpress\/plugins\/seo\/ -->\n<title>Rocket X kasino hra, ke sta\u017een\u00ed<\/title>\n<meta name=\"description\" content=\"Nejlep\u0161\u00ed hra Rocket X s mo\u017enost\u00ed vyhr\u00e1t skute\u010dn\u00e9 pen\u00edze. Pod\u00edvejte se na popis, prostudujte si vlastnosti a funkce hry, zvolte tu nejlep\u0161\u00ed strategii a vydejte se na nezapomenuteln\u00e9 cesty. Vydejte se za velk\u00fdmi v\u00fdhrami!\" \/>\n<meta name=\"robots\" content=\"index, follow, max-snippet:-1, max-image-preview:large, max-video-preview:-1\" \/>\n<link rel=\"canonical\" href=\"https:\/\/aviator-crash.org\/cs\/prehrat-rocket-x\/\" \/>\n<meta property=\"og:locale\" content=\"cs_CZ\" \/>\n<meta property=\"og:type\" content=\"article\" \/>\n<meta property=\"og:title\" content=\"Rocket X kasino hra, ke sta\u017een\u00ed\" \/>\n<meta property=\"og:description\" content=\"Nejlep\u0161\u00ed hra Rocket X s mo\u017enost\u00ed vyhr\u00e1t skute\u010dn\u00e9 pen\u00edze. Pod\u00edvejte se na popis, prostudujte si vlastnosti a funkce hry, zvolte tu nejlep\u0161\u00ed strategii a vydejte se na nezapomenuteln\u00e9 cesty. Vydejte se za velk\u00fdmi v\u00fdhrami!\" \/>\n<meta property=\"og:url\" content=\"https:\/\/aviator-crash.org\/cs\/prehrat-rocket-x\/\" \/>\n<meta property=\"article:modified_time\" content=\"2024-02-02T18:04:22+00:00\" \/>\n<meta property=\"og:image\" content=\"https:\/\/aviator-crash.org\/wp-content\/uploads\/2024\/01\/rocket-x-1024x761.webp\" \/>\n<meta name=\"twitter:card\" content=\"summary_large_image\" \/>\n<meta name=\"twitter:label1\" content=\"Est. reading time\" \/>\n\t<meta name=\"twitter:data1\" content=\"6 minut\" \/>\n<script type=\"application\/ld+json\" class=\"yoast-schema-graph\">{\"@context\":\"https:\/\/schema.org\",\"@graph\":[{\"@type\":\"WebPage\",\"@id\":\"https:\/\/aviator-crash.org\/cs\/prehrat-rocket-x\/\",\"url\":\"https:\/\/aviator-crash.org\/cs\/prehrat-rocket-x\/\",\"name\":\"Rocket X kasino hra, ke sta\u017een\u00ed\",\"isPartOf\":{\"@id\":\"https:\/\/aviator-crash.org\/cs\/#website\"},\"datePublished\":\"2023-12-27T19:40:59+00:00\",\"dateModified\":\"2024-02-02T18:04:22+00:00\",\"description\":\"Nejlep\u0161\u00ed hra Rocket X s mo\u017enost\u00ed vyhr\u00e1t skute\u010dn\u00e9 pen\u00edze. Pod\u00edvejte se na popis, prostudujte si vlastnosti a funkce hry, zvolte tu nejlep\u0161\u00ed strategii a vydejte se na nezapomenuteln\u00e9 cesty. Vydejte se za velk\u00fdmi v\u00fdhrami!\",\"breadcrumb\":{\"@id\":\"https:\/\/aviator-crash.org\/cs\/prehrat-rocket-x\/#breadcrumb\"},\"inLanguage\":\"cs\",\"potentialAction\":[{\"@type\":\"ReadAction\",\"target\":[\"https:\/\/aviator-crash.org\/cs\/prehrat-rocket-x\/\"]}]},{\"@type\":\"BreadcrumbList\",\"@id\":\"https:\/\/aviator-crash.org\/cs\/prehrat-rocket-x\/#breadcrumb\",\"itemListElement\":[{\"@type\":\"ListItem\",\"position\":1,\"name\":\"Home\",\"item\":\"https:\/\/aviator-crash.org\/cs\/aviator-hra-online-o-skutecne-penize\/\"},{\"@type\":\"ListItem\",\"position\":2,\"name\":\"P\u0159ehr\u00e1t Rocket X\"}]},{\"@type\":\"WebSite\",\"@id\":\"https:\/\/aviator-crash.org\/cs\/#website\",\"url\":\"https:\/\/aviator-crash.org\/cs\/\",\"name\":\"\",\"description\":\"\",\"potentialAction\":[{\"@type\":\"SearchAction\",\"target\":{\"@type\":\"EntryPoint\",\"urlTemplate\":\"https:\/\/aviator-crash.org\/cs\/?s={search_term_string}\"},\"query-input\":\"required name=search_term_string\"}],\"inLanguage\":\"cs\"}]}<\/script>\n<!-- \/ Yoast SEO plugin. -->","yoast_head_json":{"title":"Rocket X kasino hra, ke sta\u017een\u00ed","description":"Nejlep\u0161\u00ed hra Rocket X s mo\u017enost\u00ed vyhr\u00e1t skute\u010dn\u00e9 pen\u00edze. Pod\u00edvejte se na popis, prostudujte si vlastnosti a funkce hry, zvolte tu nejlep\u0161\u00ed strategii a vydejte se na nezapomenuteln\u00e9 cesty. Vydejte se za velk\u00fdmi v\u00fdhrami!","robots":{"index":"index","follow":"follow","max-snippet":"max-snippet:-1","max-image-preview":"max-image-preview:large","max-video-preview":"max-video-preview:-1"},"canonical":"https:\/\/aviator-crash.org\/cs\/prehrat-rocket-x\/","og_locale":"cs_CZ","og_type":"article","og_title":"Rocket X kasino hra, ke sta\u017een\u00ed","og_description":"Nejlep\u0161\u00ed hra Rocket X s mo\u017enost\u00ed vyhr\u00e1t skute\u010dn\u00e9 pen\u00edze. Pod\u00edvejte se na popis, prostudujte si vlastnosti a funkce hry, zvolte tu nejlep\u0161\u00ed strategii a vydejte se na nezapomenuteln\u00e9 cesty. Vydejte se za velk\u00fdmi v\u00fdhrami!","og_url":"https:\/\/aviator-crash.org\/cs\/prehrat-rocket-x\/","article_modified_time":"2024-02-02T18:04:22+00:00","og_image":[{"url":"https:\/\/aviator-crash.org\/wp-content\/uploads\/2024\/01\/rocket-x-1024x761.webp"}],"twitter_card":"summary_large_image","twitter_misc":{"Est. reading time":"6 minut"},"schema":{"@context":"https:\/\/schema.org","@graph":[{"@type":"WebPage","@id":"https:\/\/aviator-crash.org\/cs\/prehrat-rocket-x\/","url":"https:\/\/aviator-crash.org\/cs\/prehrat-rocket-x\/","name":"Rocket X kasino hra, ke sta\u017een\u00ed","isPartOf":{"@id":"https:\/\/aviator-crash.org\/cs\/#website"},"datePublished":"2023-12-27T19:40:59+00:00","dateModified":"2024-02-02T18:04:22+00:00","description":"Nejlep\u0161\u00ed hra Rocket X s mo\u017enost\u00ed vyhr\u00e1t skute\u010dn\u00e9 pen\u00edze. Pod\u00edvejte se na popis, prostudujte si vlastnosti a funkce hry, zvolte tu nejlep\u0161\u00ed strategii a vydejte se na nezapomenuteln\u00e9 cesty. Vydejte se za velk\u00fdmi v\u00fdhrami!","breadcrumb":{"@id":"https:\/\/aviator-crash.org\/cs\/prehrat-rocket-x\/#breadcrumb"},"inLanguage":"cs","potentialAction":[{"@type":"ReadAction","target":["https:\/\/aviator-crash.org\/cs\/prehrat-rocket-x\/"]}]},{"@type":"BreadcrumbList","@id":"https:\/\/aviator-crash.org\/cs\/prehrat-rocket-x\/#breadcrumb","itemListElement":[{"@type":"ListItem","position":1,"name":"Home","item":"https:\/\/aviator-crash.org\/cs\/aviator-hra-online-o-skutecne-penize\/"},{"@type":"ListItem","position":2,"name":"P\u0159ehr\u00e1t Rocket X"}]},{"@type":"WebSite","@id":"https:\/\/aviator-crash.org\/cs\/#website","url":"https:\/\/aviator-crash.org\/cs\/","name":"","description":"","potentialAction":[{"@type":"SearchAction","target":{"@type":"EntryPoint","urlTemplate":"https:\/\/aviator-crash.org\/cs\/?s={search_term_string}"},"query-input":"required name=search_term_string"}],"inLanguage":"cs"}]}},"_links":{"self":[{"href":"https:\/\/aviator-crash.org\/cs\/wp-json\/wp\/v2\/pages\/2565"}],"collection":[{"href":"https:\/\/aviator-crash.org\/cs\/wp-json\/wp\/v2\/pages"}],"about":[{"href":"https:\/\/aviator-crash.org\/cs\/wp-json\/wp\/v2\/types\/page"}],"author":[{"embeddable":true,"href":"https:\/\/aviator-crash.org\/cs\/wp-json\/wp\/v2\/users\/2"}],"replies":[{"embeddable":true,"href":"https:\/\/aviator-crash.org\/cs\/wp-json\/wp\/v2\/comments?post=2565"}],"version-history":[{"count":1,"href":"https:\/\/aviator-crash.org\/cs\/wp-json\/wp\/v2\/pages\/2565\/revisions"}],"predecessor-version":[{"id":2567,"href":"https:\/\/aviator-crash.org\/cs\/wp-json\/wp\/v2\/pages\/2565\/revisions\/2567"}],"wp:attachment":[{"href":"https:\/\/aviator-crash.org\/cs\/wp-json\/wp\/v2\/media?parent=2565"}],"curies":[{"name":"wp","href":"https:\/\/api.w.org\/{rel}","templated":true}]}}