{"id":3033,"date":"2023-12-27T19:58:01","date_gmt":"2023-12-27T19:58:01","guid":{"rendered":"https:\/\/aviator-crash.org\/hrajte-cash-or-crash\/"},"modified":"2024-02-02T19:33:33","modified_gmt":"2024-02-02T19:33:33","slug":"hrajte-cash-or-crash","status":"publish","type":"page","link":"https:\/\/aviator-crash.org\/cs\/hrajte-cash-or-crash\/","title":{"rendered":"Hrajte Cash or Crash"},"content":{"rendered":"\n<figure class=\"wp-block-gallery has-nested-images columns-default is-cropped wp-block-gallery-1 is-layout-flex wp-block-gallery-is-layout-flex\">\n<figure class=\"wp-block-image size-large\"><span itemprop=\"image\" itemscope itemtype=\"https:\/\/schema.org\/ImageObject\"><img itemprop=\"url image\" loading=\"lazy\" decoding=\"async\" width=\"1024\" height=\"498\" data-id=\"466\" src=\"https:\/\/aviator-crash.org\/wp-content\/uploads\/2024\/01\/cash-or-crash-live-1200x584-1-1024x498.jpeg\" alt=\"\" class=\"wp-image-466\" srcset=\"https:\/\/aviator-crash.org\/wp-content\/uploads\/2024\/01\/cash-or-crash-live-1200x584-1-1024x498.jpeg 1024w, https:\/\/aviator-crash.org\/wp-content\/uploads\/2024\/01\/cash-or-crash-live-1200x584-1-300x146.jpeg 300w, https:\/\/aviator-crash.org\/wp-content\/uploads\/2024\/01\/cash-or-crash-live-1200x584-1-768x374.jpeg 768w, https:\/\/aviator-crash.org\/wp-content\/uploads\/2024\/01\/cash-or-crash-live-1200x584-1.jpeg 1200w\" sizes=\"(max-width: 1024px) 100vw, 1024px\" \/><meta itemprop=\"width\" content=\"1024\"><meta itemprop=\"height\" content=\"498\"><\/span><\/figure>\n<\/figure>\n\n<p>Cash or Crash je hra, kter\u00e1 je mezi fanou\u0161ky hazardn\u00edch her, vysok\u00fdch s\u00e1zek a rizik velmi \u017e\u00e1dan\u00e1.\nJe to skv\u011bl\u00e1 mo\u017enost, jak se skv\u011ble pobavit a vyzkou\u0161et sv\u00e9 \u0161t\u011bst\u00ed.\nCash or Crash je aplikace pro syst\u00e9m Android, ve kter\u00e9 mohou hr\u00e1\u010di s\u00e1zet na r\u016fzn\u00e9 ud\u00e1losti, jejich\u017e v\u00fdsledek je ur\u010den n\u00e1hodn\u011b.\nChcete-li za\u010d\u00edt hr\u00e1t, sta\u010d\u00ed si aplikaci st\u00e1hnout na ofici\u00e1ln\u00edch s\u00e1zkov\u00fdch str\u00e1nk\u00e1ch One Win, zaregistrovat se nebo se p\u0159ihl\u00e1sit ke sv\u00e9mu osobn\u00edmu \u00fa\u010dtu a vsadit.\nSt\u00e1hnout si Cash or Crash zdarma m\u016f\u017ee \u00fapln\u011b ka\u017ed\u00fd.\nSpus\u0165te hru a u\u017eijte si skv\u011blou z\u00e1bavu.     <\/p>\n\n<h2 class=\"wp-block-heading\">V\u00fdhoda online hry Cash or Crash<\/h2>\n\n<p>Hazardn\u00ed hry jsou dnes pova\u017eov\u00e1ny za jedny z nejobl\u00edben\u011bj\u0161\u00edch.\nHlavn\u00edm d\u016fvodem je to, \u017ee se zde m\u016f\u017eete nejen zaj\u00edmav\u011b bavit, ale tak\u00e9 vyd\u011blat skute\u010dn\u00e9 pen\u00edze.\nVizu\u00e1ln\u00ed str\u00e1nka aplikace Cash or Crash je obecn\u011b skute\u010dnou lah\u016fdkou.\nV\u00fdborn\u00e1 grafika, p\u0159ehledn\u00e9 rozhran\u00ed, intuitivn\u011b jednoduch\u00e9 ovl\u00e1d\u00e1n\u00ed &#8211; to v\u0161e zde najdete.   <\/p>\n\n<p>Mezi hlavn\u00ed v\u00fdhody obl\u00edben\u00e9 hazardn\u00ed hry Cash or Crash pat\u0159\u00ed n\u00e1sleduj\u00edc\u00ed:<\/p>\n\n<ul>\n<li>Zaj\u00edmav\u00e1 hratelnost.\nNab\u00edz\u00ed vzru\u0161uj\u00edc\u00ed a n\u00e1vykovou hratelnost s mo\u017enost\u00ed rychl\u00e9 v\u00fdhry nebo prohry. <\/li>\n\n\n\n<li>Re\u017eim pro v\u00edce hr\u00e1\u010d\u016f.\nMo\u017enost hr\u00e1t s p\u0159\u00e1teli nebo jin\u00fdmi hr\u00e1\u010di m\u016f\u017ee p\u0159idat soci\u00e1ln\u00ed aspekt a z\u00e1bavu. <\/li>\n\n\n\n<li>Grafika a zvuk.\nKvalitn\u00ed grafika a zvuk dotv\u00e1\u0159ej\u00ed atmosf\u00e9ru hry a \u010din\u00ed ji pro hr\u00e1\u010de atraktivn\u011bj\u0161\u00ed. <\/li>\n\n\n\n<li>Dostupnost pravideln\u00fdch aktualizac\u00ed.\nD\u00edky tomu si budete moci vychutnat svou obl\u00edbenou hru s lep\u0161\u00edm v\u00fdkonem.\nV\u00fdvoj\u00e1\u0159i se sna\u017e\u00ed hru pravideln\u011b vylep\u0161ovat, aby odpov\u00eddala sou\u010dasn\u00fdm trend\u016fm a tendenc\u00edm ve sv\u011bt\u011b online hazardn\u00edch her.  <\/li>\n\n\n\n<li>Mo\u017enost p\u0159ehr\u00e1vat p\u0159\u00edmo z telefonu, a\u0165 jste kdekoli.\nJe to skv\u011bl\u00e1 p\u0159\u00edle\u017eitost, jak se skv\u011ble pobavit, u\u017e\u00edt si hran\u00ed a dokonce si zkusit vyd\u011blat skute\u010dn\u00e9 pen\u00edze. <\/li>\n\n\n\n<li>Mnoho r\u016fzn\u00fdch hern\u00edch re\u017eim\u016f.\nSpr\u00e1vn\u011b zvolen\u00e1 strategie Cash nebo Crash zv\u00fd\u0161\u00ed \u0161ance na v\u00fdhru v kter\u00e9mkoli z re\u017eim\u016f. <\/li>\n<\/ul>\n\n<p>Celkov\u011b je hra Cash or Crash skv\u011bl\u00fdm p\u0159\u00edkladem vzru\u0161uj\u00edc\u00ed aplikace, ve kter\u00e9 m\u016f\u017eete vyhr\u00e1t skute\u010dn\u00e9 pen\u00edze.\nM\u016f\u017eete si u\u017e\u00edt skv\u011blou z\u00e1bavu a tak\u00e9 hr\u00e1t s p\u0159\u00e1teli nebo jin\u00fdmi hr\u00e1\u010di online pomoc\u00ed re\u017eimu pro v\u00edce hr\u00e1\u010d\u016f. <\/p>\n\n<h2 class=\"wp-block-heading\">Jak hr\u00e1t Cash or Crash<\/h2>\n\n<p>&#8222;Cash or Crash&#8220; je virtu\u00e1ln\u00ed hazardn\u00ed hra, kterou \u010dasto poskytuj\u00ed online kasina.\nPravidla se sice mohou v r\u016fzn\u00fdch verz\u00edch hry m\u00edrn\u011b li\u0161it, ale z\u00e1kladn\u00ed koncept z\u016fst\u00e1v\u00e1 obvykle stejn\u00fd.\nZde je obecn\u00fd n\u00e1vod, jak hr\u00e1t hru Cash or Crash:  <\/p>\n\n<ul>\n<li>Registrace.\nMo\u017en\u00e1 se budete muset zaregistrovat v online kasinu, kter\u00e9 poskytuje hru Cash or Crash.\nP\u0159i vytv\u00e1\u0159en\u00ed \u00fa\u010dtu postupujte podle pokyn\u016f.  <\/li>\n\n\n\n<li>Dopln\u011bn\u00ed.\nNe\u017e za\u010dnete hr\u00e1t, mus\u00edte si hern\u00ed \u00fa\u010det dob\u00edt skute\u010dn\u00fdmi pen\u011bzi.\nVe v\u011bt\u0161in\u011b p\u0159\u00edpad\u016f to lze prov\u00e9st pomoc\u00ed r\u016fzn\u00fdch platebn\u00edch metod.  <\/li>\n\n\n\n<li>V\u00fdb\u011br v\u00fd\u0161e s\u00e1zky.<\/li>\n\n\n\n<li>Zah\u00e1jen\u00ed kola.<\/li>\n\n\n\n<li>Rozhodnut\u00ed ukon\u010dit kolo.\nB\u011bhem kola m\u00e1te mo\u017enost kdykoli kolo ukon\u010dit a vyzvednout si vyhran\u00e9 pen\u00edze.\nPokud v\u0161ak kolo nedokon\u010d\u00edte do ur\u010dit\u00e9ho okam\u017eiku, hroz\u00ed v\u00e1m &#8222;p\u00e1d&#8220; a o svou s\u00e1zku p\u0159ijdete.  <\/li>\n\n\n\n<li>Crash nebo konec kola.\nV ur\u010dit\u00e9m okam\u017eiku kola dojde k &#8222;hav\u00e1rii&#8220;.\nPokud jste kolo dokon\u010dili p\u0159ed t\u00edmto okam\u017eikem, obdr\u017e\u00edte v\u00fdhru podle aktu\u00e1ln\u00edho n\u00e1sobitele.\nV opa\u010dn\u00e9m p\u0159\u00edpad\u011b o svou s\u00e1zku p\u0159ich\u00e1z\u00edte.   <\/li>\n<\/ul>\n\n<p>Princip hry je pom\u011brn\u011b jednoduch\u00fd a jasn\u00fd, tak\u017ee rychle pochop\u00edte, co zde mus\u00edte ud\u011blat.\nPokud budete m\u00edt n\u011bjak\u00e9 probl\u00e9my, m\u016f\u017eete se pod\u00edvat do n\u00e1vodu. <\/p>\n\n<h2 class=\"wp-block-heading\">Jak vyhr\u00e1t ve h\u0159e Cash or Crash<\/h2>\n\n<p>V\u00fdhra v hazardn\u00edch hr\u00e1ch, jako jsou automaty, poker, ruleta a blackjack, \u010dasto z\u00e1vis\u00ed na n\u00e1hod\u011b a v\u011bt\u0161ina hazardn\u00edch her je zalo\u017eena na n\u00e1hod\u011b.\nExistuj\u00ed v\u0161ak ur\u010dit\u00e9 strategie a tipy, kter\u00e9 v\u00e1m mohou pomoci p\u0159i \u0159\u00edzen\u00ed va\u0161eho bankrollu a zv\u00fd\u0161en\u00ed va\u0161ich \u0161anc\u00ed na v\u00fdhru v popul\u00e1rn\u00ed kasinov\u00e9 hazardn\u00ed h\u0159e Crash Cash: <\/p>\n\n<ul>\n<li>Spr\u00e1va bankovn\u00edho \u00fa\u010dtu.\nUr\u010dete si hranici ztr\u00e1t, kter\u00e9 si m\u016f\u017eete dovolit, a nep\u0159ekra\u010dujte ji.\nRozd\u011blte sv\u016fj bankroll na hern\u00ed relace a s\u00e1zejte jen tolik, kolik si m\u016f\u017eete dovolit prohr\u00e1t.  <\/li>\n\n\n\n<li>Nau\u010dte se z\u00e1kladn\u00ed strategie.\nJak bylo uvedeno v\u00fd\u0161e, spr\u00e1vn\u00e1 strategie hraje v hazardn\u00edch hr\u00e1ch kl\u00ed\u010dovou roli.\nZahrnuje studium p\u0159edchoz\u00edch v\u00fdher, hled\u00e1n\u00ed vzorc\u016f a zv\u00fdrazn\u011bn\u00ed kl\u00ed\u010dov\u00fdch v\u00fdhern\u00edch kombinac\u00ed.\nHotovostn\u00ed nebo crashov\u00e1 strategie je nej\u010dast\u011bji individu\u00e1ln\u00ed, i kdy\u017e si m\u016f\u017eete nechat poradit i od zku\u0161en\u011bj\u0161\u00edch hr\u00e1\u010d\u016f.   <\/li>\n\n\n\n<li>Vyu\u017eijte bonusy.\nVyu\u017eijte bonusy a propaga\u010dn\u00ed akce kasina.\nJe v\u0161ak d\u016fle\u017eit\u00e9 pe\u010dliv\u011b si p\u0159e\u010d\u00edst podm\u00ednky spojen\u00e9 s bonusy.  <\/li>\n\n\n\n<li>Pe\u010dliv\u011b si p\u0159e\u010dt\u011bte pravidla hry a seznamte se s pokyny.<\/li>\n<\/ul>\n\n<p>Dodr\u017eov\u00e1n\u00edm v\u00fd\u0161e uveden\u00fdch tip\u016f m\u016f\u017eete v\u00fdrazn\u011b zv\u00fd\u0161it sv\u00e9 \u0161ance na v\u00fdhru.<\/p>\n\n<h2 class=\"wp-block-heading\">Pravidla hry Cash or Crash<\/h2>\n\n<p>Pravidla hry jsou jednoduch\u00e1 a jasn\u00e1.\nNejprve si hr\u00e1\u010d zvol\u00ed v\u00fd\u0161i s\u00e1zky a stisknut\u00edm tla\u010d\u00edtka spust\u00ed kolo.\nKolo za\u010d\u00edn\u00e1 s po\u010d\u00e1te\u010dn\u00edm n\u00e1sobitelem (nap\u0159. 1x).\nTento n\u00e1sobitel se postupem \u010dasu za\u010dne zvy\u0161ovat.\nB\u011bhem kola m\u00e1 hr\u00e1\u010d ur\u010dit\u00fd \u010das na to, aby se rozhodl, zda kolo ukon\u010d\u00ed a vezme si v\u00fdhru.\nTo lze u\u010dinit d\u0159\u00edve, ne\u017e n\u00e1sobitel dos\u00e1hne ur\u010dit\u00e9 hodnoty, co\u017e zp\u016fsob\u00ed &#8222;p\u00e1d&#8220;.     <\/p>\n\n<p>&#8222;Crash&#8220; nastane, kdy\u017e n\u00e1sobitel dos\u00e1hne ur\u010dit\u00e9 hodnoty.\nPokud hr\u00e1\u010d dokon\u010dil kolo p\u0159ed t\u00edmto okam\u017eikem, z\u00edsk\u00e1 v\u00fdhru.\nV opa\u010dn\u00e9m p\u0159\u00edpad\u011b s\u00e1zka sho\u0159\u00ed.\nPokud hr\u00e1\u010d dokon\u010dil kolo p\u0159ed &#8222;p\u00e1dem&#8220; a z\u00edskal v\u00fdhru, v\u00fd\u0161e v\u00fdhry z\u00e1vis\u00ed na aktu\u00e1ln\u00edm n\u00e1sobiteli.\nPokud hr\u00e1\u010d kolo p\u0159ed &#8222;p\u00e1dem&#8220; nedokon\u010dil, s\u00e1zka se zru\u0161\u00ed a nez\u00edsk\u00e1 \u017e\u00e1dnou v\u00fdhru.    <\/p>\n\n<h2 class=\"wp-block-heading\">Propaga\u010dn\u00ed k\u00f3dy<\/h2>\n\n<p>Cash nebo Crash promo k\u00f3dy jsou speci\u00e1ln\u00ed k\u00f3dy, kter\u00e9 mohou hr\u00e1\u010di zadat a z\u00edskat tak r\u016fzn\u00e9 bonusy, v\u00fdhody a propaga\u010dn\u00ed akce.\nTyto k\u00f3dy jsou poskytov\u00e1ny kasinem nebo v\u00fdvoj\u00e1\u0159i her a hr\u00e1\u010di je mohou pou\u017e\u00edt ke zlep\u0161en\u00ed sv\u00fdch hern\u00edch z\u00e1\u017eitk\u016f nebo k z\u00edsk\u00e1n\u00ed dal\u0161\u00edch funkc\u00ed.\nV p\u0159\u00edpad\u011b Cash or Crash mohou promo k\u00f3dy poskytovat:  <\/p>\n\n<ol>\n<li>Bonusov\u00e9 vklady: dodate\u010dn\u00e9 prost\u0159edky p\u0159i dob\u00edjen\u00ed hern\u00edho \u00fa\u010dtu.<\/li>\n\n\n\n<li>Free spins: bezplatn\u00e1 kola ve h\u0159e s n\u00e1sobiteli.<\/li>\n\n\n\n<li>Zv\u00fd\u0161en\u00e9 n\u00e1sobky: bonusov\u00e9 n\u00e1sobky b\u011bhem hry.<\/li>\n\n\n\n<li>Speci\u00e1ln\u00ed akce: \u00fa\u010dast na speci\u00e1ln\u00edch propaga\u010dn\u00edch akc\u00edch a turnaj\u00edch.<\/li>\n<\/ol>\n\n<p>Statistiky Cash or Crash ukazuj\u00ed, \u017ee s vyu\u017eit\u00edm dodate\u010dn\u00fdch bonus\u016f maj\u00ed u\u017eivatel\u00e9 mnohem v\u011bt\u0161\u00ed \u0161anci na v\u00fdhru.\nChcete-li ve h\u0159e &#8222;Cash or Crash&#8220; pou\u017e\u00edt promo k\u00f3d, mus\u00edte se obvykle p\u0159ihl\u00e1sit ke sv\u00e9mu \u00fa\u010dtu v kasinu, p\u0159ej\u00edt do sekce &#8222;Promo k\u00f3dy&#8220; nebo &#8222;Bonusy&#8220; a zadat p\u0159\u00edslu\u0161n\u00fd k\u00f3d.\nPot\u00e9 budou bonusy poskytnut\u00e9 touto akc\u00ed automaticky p\u0159ips\u00e1ny na v\u00e1\u0161 \u00fa\u010det.  <\/p>\n\n<p>Je d\u016fle\u017eit\u00e9 nezapom\u00ednat, \u017ee promo k\u00f3dy mohou m\u00edt omezenou dobu platnosti nebo ur\u010dit\u00e9 podm\u00ednky pou\u017eit\u00ed.\nP\u0159ed zad\u00e1n\u00edm promo k\u00f3du je d\u016fle\u017eit\u00e9 si pe\u010dliv\u011b p\u0159e\u010d\u00edst podm\u00ednky, abyste p\u0159ede\u0161li nedorozum\u011bn\u00edm a pln\u011b vyu\u017eili nab\u00edzen\u00e9 bonusy. <\/p>\n\n<h2 class=\"wp-block-heading\">Zku\u0161enosti<\/h2>\n\n<p>Zde je n\u011bkolik recenz\u00ed od u\u017eivatel\u016f, kte\u0159\u00ed za\u017eili v\u00fdhody t\u00e9to popul\u00e1rn\u00ed hazardn\u00ed hry:<\/p>\n","protected":false},"excerpt":{"rendered":"<p>Cash or Crash je hra, kter\u00e1 je mezi fanou\u0161ky hazardn\u00edch her, vysok\u00fdch s\u00e1zek a rizik velmi \u017e\u00e1dan\u00e1. Je to skv\u011bl\u00e1 mo\u017enost, jak se skv\u011ble pobavit a vyzkou\u0161et sv\u00e9 \u0161t\u011bst\u00ed. Cash or Crash je aplikace pro syst\u00e9m Android, ve kter\u00e9 mohou hr\u00e1\u010di s\u00e1zet na r\u016fzn\u00e9 ud\u00e1losti, jejich\u017e v\u00fdsledek je ur\u010den n\u00e1hodn\u011b. Chcete-li za\u010d\u00edt hr\u00e1t, sta\u010d\u00ed si [&hellip;]<\/p>\n","protected":false},"author":2,"featured_media":0,"parent":0,"menu_order":0,"comment_status":"open","ping_status":"closed","template":"","meta":{"footnotes":""},"yoast_head":"<!-- This site is optimized with the Yoast SEO plugin v21.7 - https:\/\/yoast.com\/wordpress\/plugins\/seo\/ -->\n<title>Cash or Crash kasino hra, ke sta\u017een\u00ed<\/title>\n<meta name=\"description\" content=\"P\u0159ehled celosv\u011btov\u011b obl\u00edben\u00e9 hry Cash or Crash. Seznamte se s kl\u00ed\u010dov\u00fdmi vlastnostmi, v\u00fdhodami, pravidly hry a tajemstv\u00edm velk\u00fdch v\u00fdher. St\u00e1hn\u011bte si hru a u\u017eijte si skv\u011blou z\u00e1bavu s p\u0159\u00e1teli.\" \/>\n<meta name=\"robots\" content=\"index, follow, max-snippet:-1, max-image-preview:large, max-video-preview:-1\" \/>\n<link rel=\"canonical\" href=\"https:\/\/aviator-crash.org\/cs\/hrajte-cash-or-crash\/\" \/>\n<meta property=\"og:locale\" content=\"cs_CZ\" \/>\n<meta property=\"og:type\" content=\"article\" \/>\n<meta property=\"og:title\" content=\"Cash or Crash kasino hra, ke sta\u017een\u00ed\" \/>\n<meta property=\"og:description\" content=\"P\u0159ehled celosv\u011btov\u011b obl\u00edben\u00e9 hry Cash or Crash. Seznamte se s kl\u00ed\u010dov\u00fdmi vlastnostmi, v\u00fdhodami, pravidly hry a tajemstv\u00edm velk\u00fdch v\u00fdher. St\u00e1hn\u011bte si hru a u\u017eijte si skv\u011blou z\u00e1bavu s p\u0159\u00e1teli.\" \/>\n<meta property=\"og:url\" content=\"https:\/\/aviator-crash.org\/cs\/hrajte-cash-or-crash\/\" \/>\n<meta property=\"article:modified_time\" content=\"2024-02-02T19:33:33+00:00\" \/>\n<meta property=\"og:image\" content=\"https:\/\/aviator-crash.org\/wp-content\/uploads\/2024\/01\/cash-or-crash-live-1200x584-1-1024x498.jpeg\" \/>\n<meta name=\"twitter:card\" content=\"summary_large_image\" \/>\n<meta name=\"twitter:label1\" content=\"Est. reading time\" \/>\n\t<meta name=\"twitter:data1\" content=\"7 minut\" \/>\n<script type=\"application\/ld+json\" class=\"yoast-schema-graph\">{\"@context\":\"https:\/\/schema.org\",\"@graph\":[{\"@type\":\"WebPage\",\"@id\":\"https:\/\/aviator-crash.org\/cs\/hrajte-cash-or-crash\/\",\"url\":\"https:\/\/aviator-crash.org\/cs\/hrajte-cash-or-crash\/\",\"name\":\"Cash or Crash kasino hra, ke sta\u017een\u00ed\",\"isPartOf\":{\"@id\":\"https:\/\/aviator-crash.org\/cs\/#website\"},\"datePublished\":\"2023-12-27T19:58:01+00:00\",\"dateModified\":\"2024-02-02T19:33:33+00:00\",\"description\":\"P\u0159ehled celosv\u011btov\u011b obl\u00edben\u00e9 hry Cash or Crash. Seznamte se s kl\u00ed\u010dov\u00fdmi vlastnostmi, v\u00fdhodami, pravidly hry a tajemstv\u00edm velk\u00fdch v\u00fdher. St\u00e1hn\u011bte si hru a u\u017eijte si skv\u011blou z\u00e1bavu s p\u0159\u00e1teli.\",\"breadcrumb\":{\"@id\":\"https:\/\/aviator-crash.org\/cs\/hrajte-cash-or-crash\/#breadcrumb\"},\"inLanguage\":\"cs\",\"potentialAction\":[{\"@type\":\"ReadAction\",\"target\":[\"https:\/\/aviator-crash.org\/cs\/hrajte-cash-or-crash\/\"]}]},{\"@type\":\"BreadcrumbList\",\"@id\":\"https:\/\/aviator-crash.org\/cs\/hrajte-cash-or-crash\/#breadcrumb\",\"itemListElement\":[{\"@type\":\"ListItem\",\"position\":1,\"name\":\"Home\",\"item\":\"https:\/\/aviator-crash.org\/cs\/aviator-hra-online-o-skutecne-penize\/\"},{\"@type\":\"ListItem\",\"position\":2,\"name\":\"Hrajte Cash or Crash\"}]},{\"@type\":\"WebSite\",\"@id\":\"https:\/\/aviator-crash.org\/cs\/#website\",\"url\":\"https:\/\/aviator-crash.org\/cs\/\",\"name\":\"\",\"description\":\"\",\"potentialAction\":[{\"@type\":\"SearchAction\",\"target\":{\"@type\":\"EntryPoint\",\"urlTemplate\":\"https:\/\/aviator-crash.org\/cs\/?s={search_term_string}\"},\"query-input\":\"required name=search_term_string\"}],\"inLanguage\":\"cs\"}]}<\/script>\n<!-- \/ Yoast SEO plugin. -->","yoast_head_json":{"title":"Cash or Crash kasino hra, ke sta\u017een\u00ed","description":"P\u0159ehled celosv\u011btov\u011b obl\u00edben\u00e9 hry Cash or Crash. Seznamte se s kl\u00ed\u010dov\u00fdmi vlastnostmi, v\u00fdhodami, pravidly hry a tajemstv\u00edm velk\u00fdch v\u00fdher. St\u00e1hn\u011bte si hru a u\u017eijte si skv\u011blou z\u00e1bavu s p\u0159\u00e1teli.","robots":{"index":"index","follow":"follow","max-snippet":"max-snippet:-1","max-image-preview":"max-image-preview:large","max-video-preview":"max-video-preview:-1"},"canonical":"https:\/\/aviator-crash.org\/cs\/hrajte-cash-or-crash\/","og_locale":"cs_CZ","og_type":"article","og_title":"Cash or Crash kasino hra, ke sta\u017een\u00ed","og_description":"P\u0159ehled celosv\u011btov\u011b obl\u00edben\u00e9 hry Cash or Crash. Seznamte se s kl\u00ed\u010dov\u00fdmi vlastnostmi, v\u00fdhodami, pravidly hry a tajemstv\u00edm velk\u00fdch v\u00fdher. St\u00e1hn\u011bte si hru a u\u017eijte si skv\u011blou z\u00e1bavu s p\u0159\u00e1teli.","og_url":"https:\/\/aviator-crash.org\/cs\/hrajte-cash-or-crash\/","article_modified_time":"2024-02-02T19:33:33+00:00","og_image":[{"url":"https:\/\/aviator-crash.org\/wp-content\/uploads\/2024\/01\/cash-or-crash-live-1200x584-1-1024x498.jpeg"}],"twitter_card":"summary_large_image","twitter_misc":{"Est. reading time":"7 minut"},"schema":{"@context":"https:\/\/schema.org","@graph":[{"@type":"WebPage","@id":"https:\/\/aviator-crash.org\/cs\/hrajte-cash-or-crash\/","url":"https:\/\/aviator-crash.org\/cs\/hrajte-cash-or-crash\/","name":"Cash or Crash kasino hra, ke sta\u017een\u00ed","isPartOf":{"@id":"https:\/\/aviator-crash.org\/cs\/#website"},"datePublished":"2023-12-27T19:58:01+00:00","dateModified":"2024-02-02T19:33:33+00:00","description":"P\u0159ehled celosv\u011btov\u011b obl\u00edben\u00e9 hry Cash or Crash. Seznamte se s kl\u00ed\u010dov\u00fdmi vlastnostmi, v\u00fdhodami, pravidly hry a tajemstv\u00edm velk\u00fdch v\u00fdher. St\u00e1hn\u011bte si hru a u\u017eijte si skv\u011blou z\u00e1bavu s p\u0159\u00e1teli.","breadcrumb":{"@id":"https:\/\/aviator-crash.org\/cs\/hrajte-cash-or-crash\/#breadcrumb"},"inLanguage":"cs","potentialAction":[{"@type":"ReadAction","target":["https:\/\/aviator-crash.org\/cs\/hrajte-cash-or-crash\/"]}]},{"@type":"BreadcrumbList","@id":"https:\/\/aviator-crash.org\/cs\/hrajte-cash-or-crash\/#breadcrumb","itemListElement":[{"@type":"ListItem","position":1,"name":"Home","item":"https:\/\/aviator-crash.org\/cs\/aviator-hra-online-o-skutecne-penize\/"},{"@type":"ListItem","position":2,"name":"Hrajte Cash or Crash"}]},{"@type":"WebSite","@id":"https:\/\/aviator-crash.org\/cs\/#website","url":"https:\/\/aviator-crash.org\/cs\/","name":"","description":"","potentialAction":[{"@type":"SearchAction","target":{"@type":"EntryPoint","urlTemplate":"https:\/\/aviator-crash.org\/cs\/?s={search_term_string}"},"query-input":"required name=search_term_string"}],"inLanguage":"cs"}]}},"_links":{"self":[{"href":"https:\/\/aviator-crash.org\/cs\/wp-json\/wp\/v2\/pages\/3033"}],"collection":[{"href":"https:\/\/aviator-crash.org\/cs\/wp-json\/wp\/v2\/pages"}],"about":[{"href":"https:\/\/aviator-crash.org\/cs\/wp-json\/wp\/v2\/types\/page"}],"author":[{"embeddable":true,"href":"https:\/\/aviator-crash.org\/cs\/wp-json\/wp\/v2\/users\/2"}],"replies":[{"embeddable":true,"href":"https:\/\/aviator-crash.org\/cs\/wp-json\/wp\/v2\/comments?post=3033"}],"version-history":[{"count":1,"href":"https:\/\/aviator-crash.org\/cs\/wp-json\/wp\/v2\/pages\/3033\/revisions"}],"predecessor-version":[{"id":3035,"href":"https:\/\/aviator-crash.org\/cs\/wp-json\/wp\/v2\/pages\/3033\/revisions\/3035"}],"wp:attachment":[{"href":"https:\/\/aviator-crash.org\/cs\/wp-json\/wp\/v2\/media?parent=3033"}],"curies":[{"name":"wp","href":"https:\/\/api.w.org\/{rel}","templated":true}]}}