{"id":3093,"date":"2023-12-27T19:12:26","date_gmt":"2023-12-27T19:12:26","guid":{"rendered":"https:\/\/aviator-crash.org\/rychle-hotovostni-hry-online-s-vyberem\/"},"modified":"2024-02-02T19:40:46","modified_gmt":"2024-02-02T19:40:46","slug":"rychle-hotovostni-hry-online-s-vyberem","status":"publish","type":"page","link":"https:\/\/aviator-crash.org\/cs\/rychle-hotovostni-hry-online-s-vyberem\/","title":{"rendered":"Rychl\u00e9 hotovostn\u00ed hry online s v\u00fdb\u011brem"},"content":{"rendered":"\n<figure class=\"wp-block-gallery has-nested-images columns-default is-cropped wp-block-gallery-1 is-layout-flex wp-block-gallery-is-layout-flex\">\n<figure class=\"wp-block-image size-large\"><span itemprop=\"image\" itemscope itemtype=\"https:\/\/schema.org\/ImageObject\"><img itemprop=\"url image\" loading=\"lazy\" decoding=\"async\" width=\"683\" height=\"600\" data-id=\"460\" src=\"https:\/\/aviator-crash.org\/wp-content\/uploads\/2024\/01\/aviator-minigame-logo-4.png\" alt=\"\" class=\"wp-image-460\" srcset=\"https:\/\/aviator-crash.org\/wp-content\/uploads\/2024\/01\/aviator-minigame-logo-4.png 683w, https:\/\/aviator-crash.org\/wp-content\/uploads\/2024\/01\/aviator-minigame-logo-4-300x264.png 300w\" sizes=\"(max-width: 683px) 100vw, 683px\" \/><meta itemprop=\"width\" content=\"683\"><meta itemprop=\"height\" content=\"600\"><\/span><\/figure>\n<\/figure>\n\n<p>Koncept her Crash se objevil na za\u010d\u00e1tku roku 2000.\nV posledn\u00edch n\u011bkolika letech se v\u0161ak st\u00e1vaj\u00ed st\u00e1le popul\u00e1rn\u011bj\u0161\u00edmi.\nHry pro rychl\u00e9 vyd\u011bl\u00e1v\u00e1n\u00ed pen\u011bz jsou prezentov\u00e1ny t\u00e9m\u011b\u0159 ve v\u0161ech online kasinech.\nKa\u017ed\u00e9 kolo je vzru\u0161uj\u00edc\u00ed a pln\u00e9 adrenalinu.\nRychl\u00e9 hry se vyzna\u010duj\u00ed jednoduchou hratelnost\u00ed: n\u00e1sobitel se zvy\u0161uje, podle toho rostou v\u00fdhry, mus\u00edte stihnout vz\u00edt pen\u00edze p\u0159ed katastrofou.    <\/p>\n\n<h2 class=\"wp-block-heading\">Crash hra o pen\u00edze s v\u00fdb\u011brem<\/h2>\n\n<p>Rychl\u00e9 v\u00fdd\u011blky v hazardn\u00edch hr\u00e1ch jsou pro hr\u00e1\u010de velmi atraktivn\u00ed.\nU\u017eivatel by m\u011bl pe\u010dliv\u011b sledovat pr\u016fb\u011bh hry a stisknout tla\u010d\u00edtko v okam\u017eiku, kdy mu to napov\u00ed intuice.\nHra s rychl\u00fdm v\u00fdb\u011brem pen\u011bz je skute\u010dn\u00e1, potvrzuj\u00ed to hr\u00e1\u010di z cel\u00e9ho sv\u011bta.  <\/p>\n\n<p>Princip je velmi jednoduch\u00fd: hr\u00e1\u010d provede s\u00e1zku, po kter\u00e9 se n\u00e1sobitel zv\u00fd\u0161\u00ed.\nNikdo nev\u00ed, v jak\u00e9m okam\u017eiku kolo skon\u010d\u00ed.\nRychl\u00e9 vyd\u011bl\u00e1n\u00ed pen\u011bz v hazardn\u00edch hr\u00e1ch je mo\u017en\u00e9, pokud d\u00edky intuici stisknete tla\u010d\u00edtko p\u0159ed katastrofou.\nV\u00fdhrou je sou\u010din s\u00e1zky a koeficientu, p\u0159i kter\u00e9m se hra zastavila.\nPokud u\u017eivatel nem\u011bl \u010das &#8211; vyhr\u00e1lo kasino.\n\u010c\u00edm del\u0161\u00ed kolo, t\u00edm v\u011bt\u0161\u00ed riziko.\nZ\u00e1rove\u0148 v\u0161ak existuje v\u00edce \u0161anc\u00ed na v\u00fdhru.      <\/p>\n\n<p>Hra Crash za pen\u00edze je zalo\u017eena na GSC, kter\u00fd je nemo\u017en\u00e9 porazit.\nNepomohou ani r\u016fzn\u00e9 hackersk\u00e9 programy nebo podvodn\u00e1 sch\u00e9mata.\nPoctivost crash her lze prok\u00e1zat, ka\u017ed\u00fd u\u017eivatel si ji m\u016f\u017ee ov\u011b\u0159it.  <\/p>\n\n<h2 class=\"wp-block-heading\">Hr\u00e1t Aviator (l\u00e9taj\u00edc\u00ed letadlo) za pen\u00edze<\/h2>\n\n<p>Hry s v\u00fdb\u011brem minipen\u011bz jsou velmi obl\u00edben\u00e9.\nJednou z nejzn\u00e1m\u011bj\u0161\u00edch je Aviator.\nJej\u00ed design je velmi jednoduch\u00fd.\nNa tmav\u00e9m pozad\u00ed nab\u00edr\u00e1 v\u00fd\u0161ku letadlo.\n\u010c\u00edm je vy\u0161\u0161\u00ed &#8211; t\u00edm v\u011bt\u0161\u00ed je koeficient.\nV p\u0159\u00edpad\u011b pot\u0159eby je mo\u017en\u00e9 animaci vypnout.\nV takov\u00e9m p\u0159\u00edpad\u011b u\u017eivatel p\u0159ed sebou uvid\u00ed pouze rostouc\u00ed koeficient.\nPo\u010d\u00edt\u00e1n\u00ed n\u00e1sobku za\u010d\u00edn\u00e1 od jedni\u010dky, jeho n\u00e1r\u016fst je nerovnom\u011brn\u00fd.\nSta\u010d\u00ed n\u011bkolik sekund, aby vzrostl p\u011btkr\u00e1t nebo stokr\u00e1t.\nDoba trv\u00e1n\u00ed kola m\u016f\u017ee b\u00fdt r\u016fzn\u00e1, a to jak cel\u00e1 sekunda, tak mal\u00fd zlomek.\nPokud si to hr\u00e1\u010d p\u0159eje, spust\u00ed automatickou hru, sta\u010d\u00ed mu nastavit s\u00e1zku a koeficient pro ukon\u010den\u00ed kola.\nS p\u0159edchoz\u00edmi s\u00e1zkami a v\u00fdsledky ostatn\u00edch u\u017eivatel\u016f se m\u016f\u017eete sezn\u00e1mit d\u00edky funkci Live Statistics.           <\/p>\n\n<h2 class=\"wp-block-heading\">Crash hra &#8211; Lucky Jet<\/h2>\n\n<figure class=\"wp-block-gallery has-nested-images columns-default is-cropped wp-block-gallery-2 is-layout-flex wp-block-gallery-is-layout-flex\">\n<figure class=\"wp-block-image size-large\"><span itemprop=\"image\" itemscope itemtype=\"https:\/\/schema.org\/ImageObject\"><img itemprop=\"url image\" loading=\"lazy\" decoding=\"async\" width=\"1024\" height=\"509\" data-id=\"448\" src=\"https:\/\/aviator-crash.org\/wp-content\/uploads\/2024\/01\/lucky-jet_1-1024x509.jpg\" alt=\"\" class=\"wp-image-448\" srcset=\"https:\/\/aviator-crash.org\/wp-content\/uploads\/2024\/01\/lucky-jet_1-1024x509.jpg 1024w, https:\/\/aviator-crash.org\/wp-content\/uploads\/2024\/01\/lucky-jet_1-300x149.jpg 300w, https:\/\/aviator-crash.org\/wp-content\/uploads\/2024\/01\/lucky-jet_1-768x382.jpg 768w, https:\/\/aviator-crash.org\/wp-content\/uploads\/2024\/01\/lucky-jet_1.jpg 1093w\" sizes=\"(max-width: 1024px) 100vw, 1024px\" \/><meta itemprop=\"width\" content=\"1024\"><meta itemprop=\"height\" content=\"509\"><\/span><\/figure>\n<\/figure>\n\n<p>Crash hry o pen\u00edze s bonusem maj\u00ed jin\u00fd d\u011bj.\nOnline m\u016f\u017eete zkusit \u0161t\u011bst\u00ed ve h\u0159e Lucky Jet, kde se hlavn\u00ed hrdina Joe sna\u017e\u00ed odlet\u011bt s bra\u0161nou plnou pen\u011bz.\nCrash hra o pen\u00edze m\u00e1 jednoduch\u00e1 pravidla.\nMus\u00edte si vybrat s\u00e1zku a m\u00edt \u010das na jej\u00ed vyplacen\u00ed.\nPokud to neud\u011bl\u00e1te v\u010das, pen\u00edze sho\u0159\u00ed.\nKurz z\u00e1vis\u00ed na dob\u011b, po kterou Joe z\u016fstane ve vzduchu.     <\/p>\n\n<p>Maxim\u00e1ln\u00ed n\u00e1sobitel je 100, v n\u011bkter\u00fdch hern\u00e1ch je dvojn\u00e1sobn\u00fd.\nV\u00fdhra z\u00e1vis\u00ed pouze na intuici hr\u00e1\u010de, proto\u017ee ten se rozhoduje, kdy stisknout tla\u010d\u00edtko. <\/p>\n\n<h2 class=\"wp-block-heading\">Crash hra &#8211; Jet X<\/h2>\n\n<figure class=\"wp-block-gallery has-nested-images columns-default is-cropped wp-block-gallery-3 is-layout-flex wp-block-gallery-is-layout-flex\">\n<figure class=\"wp-block-image size-large\"><span itemprop=\"image\" itemscope itemtype=\"https:\/\/schema.org\/ImageObject\"><img itemprop=\"url image\" loading=\"lazy\" decoding=\"async\" width=\"1024\" height=\"621\" data-id=\"451\" src=\"https:\/\/aviator-crash.org\/wp-content\/uploads\/2024\/01\/jetx-game-9-1024x621-1.png\" alt=\"\" class=\"wp-image-451\" srcset=\"https:\/\/aviator-crash.org\/wp-content\/uploads\/2024\/01\/jetx-game-9-1024x621-1.png 1024w, https:\/\/aviator-crash.org\/wp-content\/uploads\/2024\/01\/jetx-game-9-1024x621-1-300x182.png 300w, https:\/\/aviator-crash.org\/wp-content\/uploads\/2024\/01\/jetx-game-9-1024x621-1-768x466.png 768w\" sizes=\"(max-width: 1024px) 100vw, 1024px\" \/><meta itemprop=\"width\" content=\"1024\"><meta itemprop=\"height\" content=\"621\"><\/span><\/figure>\n<\/figure>\n\n<p>Ve hr\u00e1ch s rychl\u00fdmi pen\u011bzi je \u010dasto hlavn\u00edm hrdinou vozidlo.\nVe h\u0159e Jet X mus\u00edte sledovat pohyb proudov\u00e9ho letadla.\nV jednu chv\u00edli v\u0161ak havaruje a zmiz\u00ed z radaru.\nA pr\u00e1v\u011b p\u0159edt\u00edm mus\u00ed u\u017eivatel obez\u0159etn\u011b stisknout tla\u010d\u00edtko pro sta\u017een\u00ed.\nV opa\u010dn\u00e9m p\u0159\u00edpad\u011b vyhr\u00e1v\u00e1 kasino.    <\/p>\n\n<p>Hra pat\u0159\u00ed mezi nejlep\u0161\u00ed, je prezentov\u00e1na v mnoha kasinech.\nU\u017eivatel p\u0159ed sebou vid\u00ed obrazovku radaru, na kter\u00e9 se zobrazuje letadlo a koeficient.\nTen se zvy\u0161uje, kdy\u017e letadlo vzl\u00e9tne.\nNe nadarmo je Jet X za\u0159azen do kategorie &#8222;Hry s rychl\u00fdm v\u00fdb\u011brem&#8220;, kolo netrv\u00e1 d\u00e9le ne\u017e p\u00e1r minut.   <\/p>\n\n<p>V postrann\u00edch pol\u00edch si u\u017eivatel m\u016f\u017ee prohl\u00e9dnout v\u00fdsledky dosa\u017een\u00e9 v minul\u00fdch kolech.\nKrom\u011b toho jsou zde uvedeny skute\u010dn\u00e9 statistiky v\u0161ech u\u017eivatel\u016f.\nHr\u00e1\u010d m\u016f\u017ee v ka\u017ed\u00e9m kole uzav\u0159\u00edt dv\u011b s\u00e1zky, v p\u0159\u00edpad\u011b pot\u0159eby se aktivuje automatick\u00e9 vyb\u00edr\u00e1n\u00ed pen\u011bz.\nK p\u00e1du dojde kdykoli, i kdy\u017e st\u00edha\u010d pr\u00e1v\u011b za\u010dal nab\u00edrat v\u00fd\u0161ku.\nInforma\u010dn\u00ed str\u00e1nky uv\u00e1d\u011bj\u00ed maxim\u00e1ln\u00ed koeficient x25000, ale ten zat\u00edm nebyl \u017e\u00e1dn\u00fdm hr\u00e1\u010dem dosa\u017een.    <\/p>\n\n<h2 class=\"wp-block-heading\">Crash hry &#8211; Rocket X<\/h2>\n\n<figure class=\"wp-block-gallery has-nested-images columns-default is-cropped wp-block-gallery-4 is-layout-flex wp-block-gallery-is-layout-flex\">\n<figure class=\"wp-block-image size-large\"><span itemprop=\"image\" itemscope itemtype=\"https:\/\/schema.org\/ImageObject\"><img itemprop=\"url image\" loading=\"lazy\" decoding=\"async\" width=\"1024\" height=\"448\" data-id=\"453\" src=\"https:\/\/aviator-crash.org\/wp-content\/uploads\/2024\/01\/screenshot-2022-11-29-at-12.55.42-1024x448.jpg\" alt=\"\" class=\"wp-image-453\" srcset=\"https:\/\/aviator-crash.org\/wp-content\/uploads\/2024\/01\/screenshot-2022-11-29-at-12.55.42-1024x448.jpg 1024w, https:\/\/aviator-crash.org\/wp-content\/uploads\/2024\/01\/screenshot-2022-11-29-at-12.55.42-300x131.jpg 300w, https:\/\/aviator-crash.org\/wp-content\/uploads\/2024\/01\/screenshot-2022-11-29-at-12.55.42-768x336.jpg 768w, https:\/\/aviator-crash.org\/wp-content\/uploads\/2024\/01\/screenshot-2022-11-29-at-12.55.42-1536x673.jpg 1536w, https:\/\/aviator-crash.org\/wp-content\/uploads\/2024\/01\/screenshot-2022-11-29-at-12.55.42-2048x897.jpg 2048w\" sizes=\"(max-width: 1024px) 100vw, 1024px\" \/><meta itemprop=\"width\" content=\"1024\"><meta itemprop=\"height\" content=\"448\"><\/span><\/figure>\n<\/figure>\n\n<p>U\u017eivatel sleduje start rakety.\nM\u016f\u017ee si vsadit od 0,1 do 140.\n\u010c\u00edm d\u00e9le let trv\u00e1 &#8211; t\u00edm vy\u0161\u0161\u00ed je koeficient.\nHr\u00e1\u010d si m\u016f\u017ee hru p\u0159izp\u016fsobit podle sebe, vyu\u017e\u00edt automatick\u00e9 s\u00e1zen\u00ed a v\u00fdb\u011br.\nHra s n\u00e1razem vy\u017eaduje minim\u00e1ln\u00ed nastaven\u00ed.\nPot\u00e9 si u\u017eivatel m\u016f\u017ee vychutnat velkolep\u00fd proces: po startu rakety se objev\u00ed jasn\u00fd d\u00fdm, doch\u00e1z\u00ed tak\u00e9 ke zv\u00fd\u0161en\u00ed koeficientu.\nV p\u0159\u00edpad\u011b absence automatick\u00e9ho v\u00fdb\u011bru si okam\u017eik ukon\u010den\u00ed kola vol\u00ed hr\u00e1\u010d s\u00e1m.\nPokud to nestihl ud\u011blat p\u0159ed v\u00fdbuchem, z\u016fst\u00e1v\u00e1 ve ztr\u00e1t\u011b.\nV\u00edt\u011bzem se lze st\u00e1t, pokud pou\u017eijete r\u016fzn\u00e9 strategie a taktiky.        <\/p>\n\n<h2 class=\"wp-block-heading\">Crash hra &#8211; Space XY<\/h2>\n\n<figure class=\"wp-block-gallery has-nested-images columns-default is-cropped wp-block-gallery-5 is-layout-flex wp-block-gallery-is-layout-flex\">\n<figure class=\"wp-block-image size-large\"><span itemprop=\"image\" itemscope itemtype=\"https:\/\/schema.org\/ImageObject\"><img itemprop=\"url image\" loading=\"lazy\" decoding=\"async\" width=\"1024\" height=\"577\" data-id=\"455\" src=\"https:\/\/aviator-crash.org\/wp-content\/uploads\/2024\/01\/spacexy-gameplay-screen-1024x577-1.webp\" alt=\"\" class=\"wp-image-455\" srcset=\"https:\/\/aviator-crash.org\/wp-content\/uploads\/2024\/01\/spacexy-gameplay-screen-1024x577-1.webp 1024w, https:\/\/aviator-crash.org\/wp-content\/uploads\/2024\/01\/spacexy-gameplay-screen-1024x577-1-300x169.webp 300w, https:\/\/aviator-crash.org\/wp-content\/uploads\/2024\/01\/spacexy-gameplay-screen-1024x577-1-768x433.webp 768w\" sizes=\"(max-width: 1024px) 100vw, 1024px\" \/><meta itemprop=\"width\" content=\"1024\"><meta itemprop=\"height\" content=\"577\"><\/span><\/figure>\n<\/figure>\n\n<p>Hra Crash za pen\u00edze m\u00e1 jedine\u010dn\u00e9 vlastnosti.\nVesm\u00edrn\u00e9 t\u00e9ma ji \u010din\u00ed zaj\u00edmav\u011bj\u0161\u00ed a atraktivn\u011bj\u0161\u00ed pro hr\u00e1\u010de.\nVesm\u00edrn\u00e9 lod\u011b, galaxie, mimozemsk\u00e1 stvo\u0159en\u00ed, to v\u0161e v kombinaci s jasnou animac\u00ed a grafikou v\u00e1m umo\u017en\u00ed pln\u011b se pono\u0159it do sv\u011bta hazardn\u00edch her.\nSpace XY &#8211; nejkvalitn\u011bj\u0161\u00ed hra s rychl\u00fdm v\u00fdb\u011brem, m\u00e1 v\u00fdhern\u00ed kombinace a bonusov\u00e9 funkce.\nNajdete ji v r\u016fzn\u00fdch online kasinech, tak\u017ee hra Crash je dostupn\u00e1 \u0161irok\u00e9mu publiku.\nM\u016f\u017eete hr\u00e1t o skute\u010dn\u00e9 pen\u00edze nebo virtu\u00e1ln\u00ed \u017eetony, sta\u010d\u00ed spustit demo re\u017eim.     <\/p>\n\n<h2 class=\"wp-block-heading\">Rychl\u00e1 hra &#8211; Cash or Crash<\/h2>\n\n<figure class=\"wp-block-gallery has-nested-images columns-default is-cropped wp-block-gallery-6 is-layout-flex wp-block-gallery-is-layout-flex\">\n<figure class=\"wp-block-image size-large\"><span itemprop=\"image\" itemscope itemtype=\"https:\/\/schema.org\/ImageObject\"><img itemprop=\"url image\" loading=\"lazy\" decoding=\"async\" width=\"1024\" height=\"576\" data-id=\"457\" src=\"https:\/\/aviator-crash.org\/wp-content\/uploads\/2024\/01\/cash-or-crash-evolution-live-games-hollywoodbets-1024x576-1.jpg\" alt=\"\" class=\"wp-image-457\" srcset=\"https:\/\/aviator-crash.org\/wp-content\/uploads\/2024\/01\/cash-or-crash-evolution-live-games-hollywoodbets-1024x576-1.jpg 1024w, https:\/\/aviator-crash.org\/wp-content\/uploads\/2024\/01\/cash-or-crash-evolution-live-games-hollywoodbets-1024x576-1-300x169.jpg 300w, https:\/\/aviator-crash.org\/wp-content\/uploads\/2024\/01\/cash-or-crash-evolution-live-games-hollywoodbets-1024x576-1-768x432.jpg 768w\" sizes=\"(max-width: 1024px) 100vw, 1024px\" \/><meta itemprop=\"width\" content=\"1024\"><meta itemprop=\"height\" content=\"576\"><\/span><\/figure>\n<\/figure>\n\n<p>Hr\u00e1\u010d se ocit\u00e1 ve vzducholodi, kter\u00e1 se pohybuje nad obrovskou metropol\u00ed.\nVid\u00ed p\u0159\u00edstroj, ve kter\u00e9m se m\u00edchaj\u00ed kuli\u010dky.\nPou\u017e\u00edv\u00e1 se osm \u010derven\u00fdch, devaten\u00e1ct zelen\u00fdch a jedna zlat\u00e1 kuli\u010dka.\nHr\u00e1\u010d se mus\u00ed pohybovat po schodech.\nK tomu mus\u00ed sb\u00edrat kuli\u010dky zelen\u00e9 barvy.\nPokud vypadne \u010derven\u00e1 kuli\u010dka, kolo kon\u010d\u00ed.\nZlatou kuli\u010dku lze pou\u017e\u00edt k obran\u011b, d\u00e1v\u00e1 \u017eivot nav\u00edc.      <\/p>\n\n<p>Po rozbit\u00ed \u0161t\u00edtu nebo vypadnut\u00ed zelen\u00e9 kuli\u010dky m\u016f\u017ee hr\u00e1\u010d z\u016fstat ve h\u0159e s plnou v\u00fdhrou nebo kolo ukon\u010dit.\nM\u00e1 tak\u00e9 mo\u017enost vybrat si polovinu pen\u011bz a se zb\u00fdvaj\u00edc\u00ed \u010d\u00e1stkou m\u016f\u017ee pokra\u010dovat ve h\u0159e.\nHr\u00e1\u010d bude muset proj\u00edt dvaceti \u00farovn\u011bmi.\nNa prvn\u00ed z nich je n\u00e1sobitel 1,2x a na vrcholu \u017eeb\u0159\u00ed\u010dku je 18000x.\nSta\u010d\u00ed, aby hr\u00e1\u010d vsadil 5 dolar\u016f, a ve v\u00fdsledku z\u00edsk\u00e1 90000.    <\/p>\n\n<p>St\u00e1hnout hru s rychl\u00fdm v\u00fdb\u011brem pen\u011bz je k dispozici v online kasinech.\nJe nutn\u00e9 vybrat si spolehlivou slu\u017ebu s licenc\u00ed, zaru\u010duje dodr\u017eov\u00e1n\u00ed pravidel regul\u00e1tora.\nTo znamen\u00e1, \u017ee kasino m\u00e1 pen\u00edze na v\u00fdplatu i vysok\u00fdch \u010d\u00e1stek v\u00fdherc\u016fm, neust\u00e1le proch\u00e1z\u00ed intern\u00edmi audity a kontrolami softwaru.\nJe d\u016fle\u017eit\u00e9 prostudovat recenze a webov\u00e9 str\u00e1nky instituce.\nPokud u\u017eivatel spadne na podvodnou str\u00e1nku, nez\u00edsk\u00e1 z\u00e1bavu s bonusem a v\u00fdhrou, ale ztrat\u00ed osobn\u00ed \u00fadaje nebo infikuje za\u0159\u00edzen\u00ed viry.    <\/p>\n","protected":false},"excerpt":{"rendered":"<p>Koncept her Crash se objevil na za\u010d\u00e1tku roku 2000. V posledn\u00edch n\u011bkolika letech se v\u0161ak st\u00e1vaj\u00ed st\u00e1le popul\u00e1rn\u011bj\u0161\u00edmi. Hry pro rychl\u00e9 vyd\u011bl\u00e1v\u00e1n\u00ed pen\u011bz jsou prezentov\u00e1ny t\u00e9m\u011b\u0159 ve v\u0161ech online kasinech. Ka\u017ed\u00e9 kolo je vzru\u0161uj\u00edc\u00ed a pln\u00e9 adrenalinu. Rychl\u00e9 hry se vyzna\u010duj\u00ed jednoduchou hratelnost\u00ed: n\u00e1sobitel se zvy\u0161uje, podle toho rostou v\u00fdhry, mus\u00edte stihnout vz\u00edt pen\u00edze p\u0159ed [&hellip;]<\/p>\n","protected":false},"author":2,"featured_media":0,"parent":0,"menu_order":0,"comment_status":"closed","ping_status":"closed","template":"","meta":{"footnotes":""},"yoast_head":"<!-- This site is optimized with the Yoast SEO plugin v21.7 - https:\/\/yoast.com\/wordpress\/plugins\/seo\/ -->\n<title>Crash hry o pen\u00edze (rychl\u00e1 online hra Crash s v\u00fdb\u011brem pen\u011bz)<\/title>\n<meta name=\"description\" content=\"Hry typu crash jsou obl\u00edben\u00e9, proto\u017ee poskytuj\u00ed p\u0159\u00edle\u017eitost k rychl\u00e9mu v\u00fdd\u011blku. Hry o pen\u00edze, ve kter\u00fdch se hraje crash, se vyzna\u010duj\u00ed jednoduch\u00fdmi pravidly. Z\u00e1rove\u0148 jsou velmi vzru\u0161uj\u00edc\u00ed a hazardn\u00ed.\" \/>\n<meta name=\"robots\" content=\"index, follow, max-snippet:-1, max-image-preview:large, max-video-preview:-1\" \/>\n<link rel=\"canonical\" href=\"https:\/\/aviator-crash.org\/cs\/rychle-hotovostni-hry-online-s-vyberem\/\" \/>\n<meta property=\"og:locale\" content=\"cs_CZ\" \/>\n<meta property=\"og:type\" content=\"article\" \/>\n<meta property=\"og:title\" content=\"Crash hry o pen\u00edze (rychl\u00e1 online hra Crash s v\u00fdb\u011brem pen\u011bz)\" \/>\n<meta property=\"og:description\" content=\"Hry typu crash jsou obl\u00edben\u00e9, proto\u017ee poskytuj\u00ed p\u0159\u00edle\u017eitost k rychl\u00e9mu v\u00fdd\u011blku. Hry o pen\u00edze, ve kter\u00fdch se hraje crash, se vyzna\u010duj\u00ed jednoduch\u00fdmi pravidly. Z\u00e1rove\u0148 jsou velmi vzru\u0161uj\u00edc\u00ed a hazardn\u00ed.\" \/>\n<meta property=\"og:url\" content=\"https:\/\/aviator-crash.org\/cs\/rychle-hotovostni-hry-online-s-vyberem\/\" \/>\n<meta property=\"article:modified_time\" content=\"2024-02-02T19:40:46+00:00\" \/>\n<meta property=\"og:image\" content=\"https:\/\/aviator-crash.org\/wp-content\/uploads\/2024\/01\/aviator-minigame-logo-4.png\" \/>\n<meta name=\"twitter:card\" content=\"summary_large_image\" \/>\n<meta name=\"twitter:label1\" content=\"Est. reading time\" \/>\n\t<meta name=\"twitter:data1\" content=\"6 minut\" \/>\n<script type=\"application\/ld+json\" class=\"yoast-schema-graph\">{\"@context\":\"https:\/\/schema.org\",\"@graph\":[{\"@type\":\"WebPage\",\"@id\":\"https:\/\/aviator-crash.org\/cs\/rychle-hotovostni-hry-online-s-vyberem\/\",\"url\":\"https:\/\/aviator-crash.org\/cs\/rychle-hotovostni-hry-online-s-vyberem\/\",\"name\":\"Crash hry o pen\u00edze (rychl\u00e1 online hra Crash s v\u00fdb\u011brem pen\u011bz)\",\"isPartOf\":{\"@id\":\"https:\/\/aviator-crash.org\/cs\/#website\"},\"datePublished\":\"2023-12-27T19:12:26+00:00\",\"dateModified\":\"2024-02-02T19:40:46+00:00\",\"description\":\"Hry typu crash jsou obl\u00edben\u00e9, proto\u017ee poskytuj\u00ed p\u0159\u00edle\u017eitost k rychl\u00e9mu v\u00fdd\u011blku. Hry o pen\u00edze, ve kter\u00fdch se hraje crash, se vyzna\u010duj\u00ed jednoduch\u00fdmi pravidly. Z\u00e1rove\u0148 jsou velmi vzru\u0161uj\u00edc\u00ed a hazardn\u00ed.\",\"breadcrumb\":{\"@id\":\"https:\/\/aviator-crash.org\/cs\/rychle-hotovostni-hry-online-s-vyberem\/#breadcrumb\"},\"inLanguage\":\"cs\",\"potentialAction\":[{\"@type\":\"ReadAction\",\"target\":[\"https:\/\/aviator-crash.org\/cs\/rychle-hotovostni-hry-online-s-vyberem\/\"]}]},{\"@type\":\"BreadcrumbList\",\"@id\":\"https:\/\/aviator-crash.org\/cs\/rychle-hotovostni-hry-online-s-vyberem\/#breadcrumb\",\"itemListElement\":[{\"@type\":\"ListItem\",\"position\":1,\"name\":\"Home\",\"item\":\"https:\/\/aviator-crash.org\/cs\/aviator-hra-online-o-skutecne-penize\/\"},{\"@type\":\"ListItem\",\"position\":2,\"name\":\"Rychl\u00e9 hotovostn\u00ed hry online s v\u00fdb\u011brem\"}]},{\"@type\":\"WebSite\",\"@id\":\"https:\/\/aviator-crash.org\/cs\/#website\",\"url\":\"https:\/\/aviator-crash.org\/cs\/\",\"name\":\"\",\"description\":\"\",\"potentialAction\":[{\"@type\":\"SearchAction\",\"target\":{\"@type\":\"EntryPoint\",\"urlTemplate\":\"https:\/\/aviator-crash.org\/cs\/?s={search_term_string}\"},\"query-input\":\"required name=search_term_string\"}],\"inLanguage\":\"cs\"}]}<\/script>\n<!-- \/ Yoast SEO plugin. -->","yoast_head_json":{"title":"Crash hry o pen\u00edze (rychl\u00e1 online hra Crash s v\u00fdb\u011brem pen\u011bz)","description":"Hry typu crash jsou obl\u00edben\u00e9, proto\u017ee poskytuj\u00ed p\u0159\u00edle\u017eitost k rychl\u00e9mu v\u00fdd\u011blku. Hry o pen\u00edze, ve kter\u00fdch se hraje crash, se vyzna\u010duj\u00ed jednoduch\u00fdmi pravidly. Z\u00e1rove\u0148 jsou velmi vzru\u0161uj\u00edc\u00ed a hazardn\u00ed.","robots":{"index":"index","follow":"follow","max-snippet":"max-snippet:-1","max-image-preview":"max-image-preview:large","max-video-preview":"max-video-preview:-1"},"canonical":"https:\/\/aviator-crash.org\/cs\/rychle-hotovostni-hry-online-s-vyberem\/","og_locale":"cs_CZ","og_type":"article","og_title":"Crash hry o pen\u00edze (rychl\u00e1 online hra Crash s v\u00fdb\u011brem pen\u011bz)","og_description":"Hry typu crash jsou obl\u00edben\u00e9, proto\u017ee poskytuj\u00ed p\u0159\u00edle\u017eitost k rychl\u00e9mu v\u00fdd\u011blku. Hry o pen\u00edze, ve kter\u00fdch se hraje crash, se vyzna\u010duj\u00ed jednoduch\u00fdmi pravidly. Z\u00e1rove\u0148 jsou velmi vzru\u0161uj\u00edc\u00ed a hazardn\u00ed.","og_url":"https:\/\/aviator-crash.org\/cs\/rychle-hotovostni-hry-online-s-vyberem\/","article_modified_time":"2024-02-02T19:40:46+00:00","og_image":[{"url":"https:\/\/aviator-crash.org\/wp-content\/uploads\/2024\/01\/aviator-minigame-logo-4.png"}],"twitter_card":"summary_large_image","twitter_misc":{"Est. reading time":"6 minut"},"schema":{"@context":"https:\/\/schema.org","@graph":[{"@type":"WebPage","@id":"https:\/\/aviator-crash.org\/cs\/rychle-hotovostni-hry-online-s-vyberem\/","url":"https:\/\/aviator-crash.org\/cs\/rychle-hotovostni-hry-online-s-vyberem\/","name":"Crash hry o pen\u00edze (rychl\u00e1 online hra Crash s v\u00fdb\u011brem pen\u011bz)","isPartOf":{"@id":"https:\/\/aviator-crash.org\/cs\/#website"},"datePublished":"2023-12-27T19:12:26+00:00","dateModified":"2024-02-02T19:40:46+00:00","description":"Hry typu crash jsou obl\u00edben\u00e9, proto\u017ee poskytuj\u00ed p\u0159\u00edle\u017eitost k rychl\u00e9mu v\u00fdd\u011blku. Hry o pen\u00edze, ve kter\u00fdch se hraje crash, se vyzna\u010duj\u00ed jednoduch\u00fdmi pravidly. Z\u00e1rove\u0148 jsou velmi vzru\u0161uj\u00edc\u00ed a hazardn\u00ed.","breadcrumb":{"@id":"https:\/\/aviator-crash.org\/cs\/rychle-hotovostni-hry-online-s-vyberem\/#breadcrumb"},"inLanguage":"cs","potentialAction":[{"@type":"ReadAction","target":["https:\/\/aviator-crash.org\/cs\/rychle-hotovostni-hry-online-s-vyberem\/"]}]},{"@type":"BreadcrumbList","@id":"https:\/\/aviator-crash.org\/cs\/rychle-hotovostni-hry-online-s-vyberem\/#breadcrumb","itemListElement":[{"@type":"ListItem","position":1,"name":"Home","item":"https:\/\/aviator-crash.org\/cs\/aviator-hra-online-o-skutecne-penize\/"},{"@type":"ListItem","position":2,"name":"Rychl\u00e9 hotovostn\u00ed hry online s v\u00fdb\u011brem"}]},{"@type":"WebSite","@id":"https:\/\/aviator-crash.org\/cs\/#website","url":"https:\/\/aviator-crash.org\/cs\/","name":"","description":"","potentialAction":[{"@type":"SearchAction","target":{"@type":"EntryPoint","urlTemplate":"https:\/\/aviator-crash.org\/cs\/?s={search_term_string}"},"query-input":"required name=search_term_string"}],"inLanguage":"cs"}]}},"_links":{"self":[{"href":"https:\/\/aviator-crash.org\/cs\/wp-json\/wp\/v2\/pages\/3093"}],"collection":[{"href":"https:\/\/aviator-crash.org\/cs\/wp-json\/wp\/v2\/pages"}],"about":[{"href":"https:\/\/aviator-crash.org\/cs\/wp-json\/wp\/v2\/types\/page"}],"author":[{"embeddable":true,"href":"https:\/\/aviator-crash.org\/cs\/wp-json\/wp\/v2\/users\/2"}],"replies":[{"embeddable":true,"href":"https:\/\/aviator-crash.org\/cs\/wp-json\/wp\/v2\/comments?post=3093"}],"version-history":[{"count":1,"href":"https:\/\/aviator-crash.org\/cs\/wp-json\/wp\/v2\/pages\/3093\/revisions"}],"predecessor-version":[{"id":3101,"href":"https:\/\/aviator-crash.org\/cs\/wp-json\/wp\/v2\/pages\/3093\/revisions\/3101"}],"wp:attachment":[{"href":"https:\/\/aviator-crash.org\/cs\/wp-json\/wp\/v2\/media?parent=3093"}],"curies":[{"name":"wp","href":"https:\/\/api.w.org\/{rel}","templated":true}]}}