{"id":3665,"date":"2023-12-27T19:26:44","date_gmt":"2023-12-27T19:26:44","guid":{"rendered":"https:\/\/aviator-crash.org\/lucky-jet-1win-ke-stazeni\/"},"modified":"2024-02-02T20:19:10","modified_gmt":"2024-02-02T20:19:10","slug":"lucky-jet-1win-ke-stazeni","status":"publish","type":"page","link":"https:\/\/aviator-crash.org\/cs\/lucky-jet-1win-ke-stazeni\/","title":{"rendered":"Lucky Jet 1win ke sta\u017een\u00ed"},"content":{"rendered":"\n<figure class=\"wp-block-gallery has-nested-images columns-default is-cropped wp-block-gallery-1 is-layout-flex wp-block-gallery-is-layout-flex\">\n<figure class=\"wp-block-image size-large\"><span itemprop=\"image\" itemscope itemtype=\"https:\/\/schema.org\/ImageObject\"><img itemprop=\"url image\" loading=\"lazy\" decoding=\"async\" width=\"880\" height=\"500\" data-id=\"478\" src=\"https:\/\/aviator-crash.org\/wp-content\/uploads\/2024\/01\/lucky_jet_game-casino_yl6vvw.webp\" alt=\"\" class=\"wp-image-478\" srcset=\"https:\/\/aviator-crash.org\/wp-content\/uploads\/2024\/01\/lucky_jet_game-casino_yl6vvw.webp 880w, https:\/\/aviator-crash.org\/wp-content\/uploads\/2024\/01\/lucky_jet_game-casino_yl6vvw-300x170.webp 300w, https:\/\/aviator-crash.org\/wp-content\/uploads\/2024\/01\/lucky_jet_game-casino_yl6vvw-768x436.webp 768w\" sizes=\"(max-width: 880px) 100vw, 880px\" \/><meta itemprop=\"width\" content=\"880\"><meta itemprop=\"height\" content=\"500\"><\/span><\/figure>\n<\/figure>\n\n<p>Virtu\u00f3zn\u00ed l\u00e9t\u00e1n\u00ed, hazardn\u00ed hry a nekone\u010dn\u00fd prostor se setk\u00e1vaj\u00ed v nap\u00ednav\u00e9m dobrodru\u017estv\u00ed Lucky Jet 1win.\nTato nap\u00ednav\u00e1 hra 1win zavede hr\u00e1\u010de do jedine\u010dn\u00e9ho sv\u011bta vzru\u0161en\u00ed a dobrodru\u017estv\u00ed, kde se ka\u017ed\u00fd man\u00e9vr m\u016f\u017ee uk\u00e1zat jako kl\u00ed\u010d k v\u00edt\u011bzstv\u00ed. <\/p>\n\n<p>Lucky Jet 1win nen\u00ed jen hra pro android, ale p\u0159\u00edle\u017eitost pono\u0159it se do vzru\u0161uj\u00edc\u00edho sv\u011bta hazardn\u00edch her, kde ka\u017ed\u00fd okam\u017eik m\u016f\u017ee zvr\u00e1tit pr\u016fb\u011bh.\nSt\u00e1hnout ofici\u00e1ln\u00ed aplikaci hry Lucky Jet m\u016f\u017eete na str\u00e1nk\u00e1ch Onewin.\nNa sv\u00e9m osobn\u00edm \u00fa\u010dtu m\u016f\u017eete sb\u00edrat odm\u011bny, bojovat a sout\u011b\u017eit s p\u0159\u00e1teli.\nAplikaci Lucky Jet 1win si m\u016f\u017eete st\u00e1hnout zdarma.   <\/p>\n\n<h2 class=\"wp-block-heading\">V\u00fdhoda online hry Lucky Jet<\/h2>\n\n<p>Tato aplikace je vzru\u0161uj\u00edc\u00ed online hra s mnoha v\u00fdhodami:<\/p>\n\n<ul>\n<li>Zaj\u00edmav\u00e1 hratelnost.\nHr\u00e1\u010di se mohou t\u011b\u0161it na high-tech bitvy ve vesm\u00edru a vzl\u00e9tnout ve sv\u00fdch l\u00e9taj\u00edc\u00edch stroj\u00edch. <\/li>\n\n\n\n<li>Spousta vzru\u0161uj\u00edc\u00edch mis\u00ed.<\/li>\n\n\n\n<li>Re\u017eim pro v\u00edce hr\u00e1\u010d\u016f.\nJednou z hlavn\u00edch v\u00fdhod je mo\u017enost hr\u00e1t online s ostatn\u00edmi hr\u00e1\u010di.\nRecenze Lucky Jet 1win, kter\u00e9 tento re\u017eim zva\u017euj\u00ed, jsou velmi pozitivn\u00ed, proto\u017ee hr\u00e1\u010di budou moci bojovat, sout\u011b\u017eit a spolupracovat s p\u0159\u00e1teli nebo jin\u00fdmi hr\u00e1\u010di, co\u017e p\u0159id\u00e1v\u00e1 soci\u00e1ln\u00ed aspekt a dynamick\u00fd hern\u00ed z\u00e1\u017eitek.  <\/li>\n\n\n\n<li>P\u0159izp\u016fsoben\u00ed l\u00e9taj\u00edc\u00edch stroj\u016f.\nHr\u00e1\u010di maj\u00ed mo\u017enost upravovat a vylep\u0161ovat sv\u00e9 l\u00e9taj\u00edc\u00ed stroje.\nTo vytv\u00e1\u0159\u00ed individu\u00e1ln\u00ed p\u0159\u00edstup ke h\u0159e a umo\u017e\u0148uje ka\u017ed\u00e9mu hr\u00e1\u010di vyvinout si vlastn\u00ed styl a strategii.  <\/li>\n\n\n\n<li>Vizu\u00e1ln\u011b atraktivn\u00ed design.\nHra 1win Lucky Jet m\u00e1 p\u016fsobivou grafiku a design, tak\u017ee hern\u00ed sv\u011bt je barevn\u00fd a vizu\u00e1ln\u011b p\u0159ita\u017eliv\u00fd. <\/li>\n\n\n\n<li>Pravideln\u00e9 aktualizace.<\/li>\n<\/ul>\n\n<p>S ohledem na tyto v\u00fdhody nab\u00edz\u00ed hra Lucky Jet pohlcuj\u00edc\u00ed hern\u00ed z\u00e1\u017eitek, kter\u00fd kombinuje prvky dynamick\u00e9 akce, soci\u00e1ln\u00ed interakce a strategick\u00e9ho my\u0161len\u00ed.<\/p>\n\n<h2 class=\"wp-block-heading\">Jak hr\u00e1t Lucky Jet<\/h2>\n\n<p>Hr\u00e1\u010di si nejprve vytvo\u0159\u00ed \u00fa\u010det, pokud je vy\u017eadov\u00e1n, a vyberou si letadlo.\nPro sezn\u00e1men\u00ed s ovl\u00e1d\u00e1n\u00edm a z\u00e1klady hran\u00ed mohou b\u00fdt k dispozici v\u00fdukov\u00e9 programy.\nHra s pouk\u00e1zkami 1win Lucky Jet nebo bez nich pro bezplatn\u00e9 s\u00e1zky m\u016f\u017ee obsahovat r\u016fzn\u00e9 mise, \u00fakoly nebo c\u00edle, kter\u00e9 mus\u00ed hr\u00e1\u010di splnit, aby mohli postupovat a z\u00edsk\u00e1vat zdroje.  <\/p>\n\n<p>Pod kontrolou \u0161pi\u010dkov\u00e9ho letadla se pust\u00edte do boje s nebezpe\u010dn\u00fdmi soupe\u0159i, rozv\u00edj\u00edte sv\u00e9 schopnosti a sb\u00edr\u00e1te jedine\u010dn\u00e9 odm\u011bny.\nNa cest\u011b za v\u00edt\u011bzstv\u00edm na v\u00e1s \u010dekaj\u00ed zaj\u00edmav\u00e9 mise, \u00fachvatn\u00e9 vesm\u00edrn\u00e9 scen\u00e9rie a nep\u0159edv\u00eddateln\u00e1 setk\u00e1n\u00ed. <\/p>\n\n<p>V bitv\u00e1ch ve h\u0159e Lucky Jet se obvykle pou\u017e\u00edvaj\u00ed r\u016fzn\u00e9 man\u00e9vry, zbran\u011b a taktick\u00e1 \u0159e\u0161en\u00ed k p\u0159ekon\u00e1n\u00ed protivn\u00edk\u016f.\nHr\u00e1\u010di mohou \u010delit po\u010d\u00edta\u010dov\u00fdm protivn\u00edk\u016fm nebo se zapojit do bitev pro v\u00edce hr\u00e1\u010d\u016f s ostatn\u00edmi hr\u00e1\u010di. <\/p>\n\n<p>Pokud se chcete skv\u011ble bavit, ur\u010dit\u011b si do sv\u00e9ho za\u0159\u00edzen\u00ed st\u00e1hn\u011bte Lucky Jet 1win.\nPot\u00e9 dostanete p\u0159\u00edle\u017eitost u\u017e\u00edt si dynamick\u00fd a hazardn\u00ed z\u00e1\u017eitek ve vesm\u00edrn\u00fdch bitv\u00e1ch a vyu\u017e\u00edt sv\u00e9 dovednosti, strategie a schopnosti k dosa\u017een\u00ed v\u00edt\u011bzstv\u00ed. <\/p>\n\n<h2 class=\"wp-block-heading\">Jak vyhr\u00e1t ve h\u0159e Lucky Jet<\/h2>\n\n<p>V\u00fdhra m\u016f\u017ee z\u00e1viset na n\u011bkolika faktorech a pro \u00fasp\u011bch ve h\u0159e Lucky Jet 1win je d\u016fle\u017eit\u00e9 taktizovat a zlep\u0161ovat sv\u00e9 dovednosti.\nZde je n\u011bkolik tip\u016f, kter\u00e9 v\u00e1m mohou pomoci st\u00e1t se \u00fasp\u011b\u0161n\u00fdmi ve h\u0159e Lucky Jet: <\/p>\n\n<ul>\n<li>Seznamte se s ovl\u00e1d\u00e1n\u00edm.\nNau\u010dte se ovl\u00e1dat l\u00e9taj\u00edc\u00ed vozidlo.\nPorozum\u011bn\u00ed v\u0161em dostupn\u00fdm man\u00e9vr\u016fm a p\u0159\u00edkaz\u016fm v\u00e1m pom\u016f\u017ee efektivn\u011b ovl\u00e1dat v boji.  <\/li>\n\n\n\n<li>Absolvujte \u0161kolen\u00ed v programu One Win Lucky Jet.\nTen v\u00e1m pom\u016f\u017ee osvojit si z\u00e1klady hran\u00ed a nau\u010dit se pou\u017e\u00edvat r\u016fzn\u00e9 taktiky. <\/li>\n\n\n\n<li>Vyberte si vhodn\u00e9 letadlo.\nN\u011bkter\u00e1 mohou b\u00fdt lep\u0161\u00ed v \u00fatoku, jin\u00e1 v \u00faskoku. <\/li>\n\n\n\n<li>Vyv\u00edjejte sv\u00e9 za\u0159\u00edzen\u00ed.\nVylep\u0161ujte sv\u00e9 l\u00e9taj\u00edc\u00ed za\u0159\u00edzen\u00ed pomoc\u00ed zdroj\u016f z\u00edskan\u00fdch ve h\u0159e.\nZv\u00fd\u0161\u00edte tak sv\u00e9 \u0161ance v bitv\u00e1ch a budete konkurenceschopn\u011bj\u0161\u00ed.  <\/li>\n\n\n\n<li>Vypracujte strategii Lucky Jet 1Win pro ka\u017ed\u00fd z\u00e1pas.<\/li>\n<\/ul>\n\n<p>Vyu\u017e\u00edvejte prost\u0159ed\u00ed ve sv\u016fj prosp\u011bch, vyh\u00fdbejte se \u00fatok\u016fm, hledejte slabiny protivn\u00edk\u016f.\nPro efektivn\u011bj\u0161\u00ed v\u00edt\u011bzstv\u00ed je nejlep\u0161\u00ed up\u0159ednostnit strategii s malou p\u0159esilou. <\/p>\n\n<p>M\u011bjte na pam\u011bti, \u017ee ka\u017ed\u00e1 hra m\u016f\u017ee m\u00edt svou vlastn\u00ed dynamiku, tak\u017ee experimentujte, p\u0159izp\u016fsobujte se a u\u017e\u00edvejte si proces zlep\u0161ov\u00e1n\u00ed sv\u00fdch hern\u00edch dovednost\u00ed ve h\u0159e Lucky Jet.<\/p>\n\n<h2 class=\"wp-block-heading\">Pravidla hry Lucky Jet<\/h2>\n\n<p>Dal\u0161\u00ed v\u00fdhodou t\u00e9to hry je jednoduchost a p\u0159\u00edstupnost pravidel.\nJe zde n\u011bkolik kol, jejich\u017e hlavn\u00edm c\u00edlem je v\u010das uzav\u0159\u00edt s\u00e1zky.\nRecenze Lucky Jet 1win jsou d\u016fkazem toho, \u017ee zde nen\u00ed v\u0161e tak jednoduch\u00e9, jak se zd\u00e1.\nD\u016fle\u017eit\u00e9 je vsadit \u010d\u00e1stku v\u010das, jinak m\u016f\u017ee sho\u0159et.\nChcete riskovat, nebo po\u010dkat na vhodn\u011bj\u0161\u00ed okam\u017eik?\nV\u0161e z\u00e1le\u017e\u00ed jen na v\u00e1s.     <\/p>\n\n<h2 class=\"wp-block-heading\">Pouk\u00e1zky<\/h2>\n\n<p>Pouk\u00e1zky Lucky Jet jsou speci\u00e1ln\u00ed k\u00f3dy, kter\u00e9 mohou hr\u00e1\u010di ve h\u0159e zadat a z\u00edskat tak bonusy, zdroje nebo jin\u00e9 v\u00fdhody.\nSezn\u00e1mit se s nimi m\u016f\u017eete na webov\u00fdch str\u00e1nk\u00e1ch spole\u010dnosti 1Win.\nBudou se objevovat pravideln\u011b a pot\u011b\u0161\u00ed hr\u00e1\u010de nov\u00fdmi mo\u017enostmi a v\u00fdhodn\u011bj\u0161\u00edmi nab\u00eddkami.  <\/p>\n\n<h2 class=\"wp-block-heading\">Zku\u0161enosti<\/h2>\n\n<p>Zde je n\u011bkolik u\u017eivatelsk\u00fdch recenz\u00ed:<\/p>\n\n<p><\/p>\n","protected":false},"excerpt":{"rendered":"<p>Virtu\u00f3zn\u00ed l\u00e9t\u00e1n\u00ed, hazardn\u00ed hry a nekone\u010dn\u00fd prostor se setk\u00e1vaj\u00ed v nap\u00ednav\u00e9m dobrodru\u017estv\u00ed Lucky Jet 1win. Tato nap\u00ednav\u00e1 hra 1win zavede hr\u00e1\u010de do jedine\u010dn\u00e9ho sv\u011bta vzru\u0161en\u00ed a dobrodru\u017estv\u00ed, kde se ka\u017ed\u00fd man\u00e9vr m\u016f\u017ee uk\u00e1zat jako kl\u00ed\u010d k v\u00edt\u011bzstv\u00ed. Lucky Jet 1win nen\u00ed jen hra pro android, ale p\u0159\u00edle\u017eitost pono\u0159it se do vzru\u0161uj\u00edc\u00edho sv\u011bta hazardn\u00edch her, kde [&hellip;]<\/p>\n","protected":false},"author":2,"featured_media":0,"parent":0,"menu_order":0,"comment_status":"open","ping_status":"closed","template":"","meta":{"footnotes":""},"yoast_head":"<!-- This site is optimized with the Yoast SEO plugin v21.7 - https:\/\/yoast.com\/wordpress\/plugins\/seo\/ -->\n<title>Lucky Jet hra v 1win kasinu, ke sta\u017een\u00ed<\/title>\n<meta name=\"description\" content=\"Recenze mezin\u00e1rodn\u011b obl\u00edben\u00e9 hry Lucky Jet v kasinu 1win, kter\u00e1 v\u00e1m d\u00e1v\u00e1 skute\u010dnou p\u0159\u00edle\u017eitost vyd\u011blat slu\u0161n\u00e9 pen\u00edze. Seznamte se s hlavn\u00edmi funkcemi, v\u00fdhodami a pravidly hry. Spus\u0165te ji a vydejte se za sv\u00fdmi v\u00fdhrami!\" \/>\n<meta name=\"robots\" content=\"index, follow, max-snippet:-1, max-image-preview:large, max-video-preview:-1\" \/>\n<link rel=\"canonical\" href=\"https:\/\/aviator-crash.org\/cs\/lucky-jet-1win-ke-stazeni\/\" \/>\n<meta property=\"og:locale\" content=\"cs_CZ\" \/>\n<meta property=\"og:type\" content=\"article\" \/>\n<meta property=\"og:title\" content=\"Lucky Jet hra v 1win kasinu, ke sta\u017een\u00ed\" \/>\n<meta property=\"og:description\" content=\"Recenze mezin\u00e1rodn\u011b obl\u00edben\u00e9 hry Lucky Jet v kasinu 1win, kter\u00e1 v\u00e1m d\u00e1v\u00e1 skute\u010dnou p\u0159\u00edle\u017eitost vyd\u011blat slu\u0161n\u00e9 pen\u00edze. Seznamte se s hlavn\u00edmi funkcemi, v\u00fdhodami a pravidly hry. Spus\u0165te ji a vydejte se za sv\u00fdmi v\u00fdhrami!\" \/>\n<meta property=\"og:url\" content=\"https:\/\/aviator-crash.org\/cs\/lucky-jet-1win-ke-stazeni\/\" \/>\n<meta property=\"article:modified_time\" content=\"2024-02-02T20:19:10+00:00\" \/>\n<meta property=\"og:image\" content=\"https:\/\/aviator-crash.org\/wp-content\/uploads\/2024\/01\/lucky_jet_game-casino_yl6vvw.webp\" \/>\n<meta name=\"twitter:card\" content=\"summary_large_image\" \/>\n<meta name=\"twitter:label1\" content=\"Est. reading time\" \/>\n\t<meta name=\"twitter:data1\" content=\"5 minut\" \/>\n<script type=\"application\/ld+json\" class=\"yoast-schema-graph\">{\"@context\":\"https:\/\/schema.org\",\"@graph\":[{\"@type\":\"WebPage\",\"@id\":\"https:\/\/aviator-crash.org\/cs\/lucky-jet-1win-ke-stazeni\/\",\"url\":\"https:\/\/aviator-crash.org\/cs\/lucky-jet-1win-ke-stazeni\/\",\"name\":\"Lucky Jet hra v 1win kasinu, ke sta\u017een\u00ed\",\"isPartOf\":{\"@id\":\"https:\/\/aviator-crash.org\/cs\/#website\"},\"datePublished\":\"2023-12-27T19:26:44+00:00\",\"dateModified\":\"2024-02-02T20:19:10+00:00\",\"description\":\"Recenze mezin\u00e1rodn\u011b obl\u00edben\u00e9 hry Lucky Jet v kasinu 1win, kter\u00e1 v\u00e1m d\u00e1v\u00e1 skute\u010dnou p\u0159\u00edle\u017eitost vyd\u011blat slu\u0161n\u00e9 pen\u00edze. Seznamte se s hlavn\u00edmi funkcemi, v\u00fdhodami a pravidly hry. Spus\u0165te ji a vydejte se za sv\u00fdmi v\u00fdhrami!\",\"breadcrumb\":{\"@id\":\"https:\/\/aviator-crash.org\/cs\/lucky-jet-1win-ke-stazeni\/#breadcrumb\"},\"inLanguage\":\"cs\",\"potentialAction\":[{\"@type\":\"ReadAction\",\"target\":[\"https:\/\/aviator-crash.org\/cs\/lucky-jet-1win-ke-stazeni\/\"]}]},{\"@type\":\"BreadcrumbList\",\"@id\":\"https:\/\/aviator-crash.org\/cs\/lucky-jet-1win-ke-stazeni\/#breadcrumb\",\"itemListElement\":[{\"@type\":\"ListItem\",\"position\":1,\"name\":\"Home\",\"item\":\"https:\/\/aviator-crash.org\/cs\/aviator-hra-online-o-skutecne-penize\/\"},{\"@type\":\"ListItem\",\"position\":2,\"name\":\"Lucky Jet 1win ke sta\u017een\u00ed\"}]},{\"@type\":\"WebSite\",\"@id\":\"https:\/\/aviator-crash.org\/cs\/#website\",\"url\":\"https:\/\/aviator-crash.org\/cs\/\",\"name\":\"\",\"description\":\"\",\"potentialAction\":[{\"@type\":\"SearchAction\",\"target\":{\"@type\":\"EntryPoint\",\"urlTemplate\":\"https:\/\/aviator-crash.org\/cs\/?s={search_term_string}\"},\"query-input\":\"required name=search_term_string\"}],\"inLanguage\":\"cs\"}]}<\/script>\n<!-- \/ Yoast SEO plugin. -->","yoast_head_json":{"title":"Lucky Jet hra v 1win kasinu, ke sta\u017een\u00ed","description":"Recenze mezin\u00e1rodn\u011b obl\u00edben\u00e9 hry Lucky Jet v kasinu 1win, kter\u00e1 v\u00e1m d\u00e1v\u00e1 skute\u010dnou p\u0159\u00edle\u017eitost vyd\u011blat slu\u0161n\u00e9 pen\u00edze. Seznamte se s hlavn\u00edmi funkcemi, v\u00fdhodami a pravidly hry. Spus\u0165te ji a vydejte se za sv\u00fdmi v\u00fdhrami!","robots":{"index":"index","follow":"follow","max-snippet":"max-snippet:-1","max-image-preview":"max-image-preview:large","max-video-preview":"max-video-preview:-1"},"canonical":"https:\/\/aviator-crash.org\/cs\/lucky-jet-1win-ke-stazeni\/","og_locale":"cs_CZ","og_type":"article","og_title":"Lucky Jet hra v 1win kasinu, ke sta\u017een\u00ed","og_description":"Recenze mezin\u00e1rodn\u011b obl\u00edben\u00e9 hry Lucky Jet v kasinu 1win, kter\u00e1 v\u00e1m d\u00e1v\u00e1 skute\u010dnou p\u0159\u00edle\u017eitost vyd\u011blat slu\u0161n\u00e9 pen\u00edze. Seznamte se s hlavn\u00edmi funkcemi, v\u00fdhodami a pravidly hry. Spus\u0165te ji a vydejte se za sv\u00fdmi v\u00fdhrami!","og_url":"https:\/\/aviator-crash.org\/cs\/lucky-jet-1win-ke-stazeni\/","article_modified_time":"2024-02-02T20:19:10+00:00","og_image":[{"url":"https:\/\/aviator-crash.org\/wp-content\/uploads\/2024\/01\/lucky_jet_game-casino_yl6vvw.webp"}],"twitter_card":"summary_large_image","twitter_misc":{"Est. reading time":"5 minut"},"schema":{"@context":"https:\/\/schema.org","@graph":[{"@type":"WebPage","@id":"https:\/\/aviator-crash.org\/cs\/lucky-jet-1win-ke-stazeni\/","url":"https:\/\/aviator-crash.org\/cs\/lucky-jet-1win-ke-stazeni\/","name":"Lucky Jet hra v 1win kasinu, ke sta\u017een\u00ed","isPartOf":{"@id":"https:\/\/aviator-crash.org\/cs\/#website"},"datePublished":"2023-12-27T19:26:44+00:00","dateModified":"2024-02-02T20:19:10+00:00","description":"Recenze mezin\u00e1rodn\u011b obl\u00edben\u00e9 hry Lucky Jet v kasinu 1win, kter\u00e1 v\u00e1m d\u00e1v\u00e1 skute\u010dnou p\u0159\u00edle\u017eitost vyd\u011blat slu\u0161n\u00e9 pen\u00edze. Seznamte se s hlavn\u00edmi funkcemi, v\u00fdhodami a pravidly hry. Spus\u0165te ji a vydejte se za sv\u00fdmi v\u00fdhrami!","breadcrumb":{"@id":"https:\/\/aviator-crash.org\/cs\/lucky-jet-1win-ke-stazeni\/#breadcrumb"},"inLanguage":"cs","potentialAction":[{"@type":"ReadAction","target":["https:\/\/aviator-crash.org\/cs\/lucky-jet-1win-ke-stazeni\/"]}]},{"@type":"BreadcrumbList","@id":"https:\/\/aviator-crash.org\/cs\/lucky-jet-1win-ke-stazeni\/#breadcrumb","itemListElement":[{"@type":"ListItem","position":1,"name":"Home","item":"https:\/\/aviator-crash.org\/cs\/aviator-hra-online-o-skutecne-penize\/"},{"@type":"ListItem","position":2,"name":"Lucky Jet 1win ke sta\u017een\u00ed"}]},{"@type":"WebSite","@id":"https:\/\/aviator-crash.org\/cs\/#website","url":"https:\/\/aviator-crash.org\/cs\/","name":"","description":"","potentialAction":[{"@type":"SearchAction","target":{"@type":"EntryPoint","urlTemplate":"https:\/\/aviator-crash.org\/cs\/?s={search_term_string}"},"query-input":"required name=search_term_string"}],"inLanguage":"cs"}]}},"_links":{"self":[{"href":"https:\/\/aviator-crash.org\/cs\/wp-json\/wp\/v2\/pages\/3665"}],"collection":[{"href":"https:\/\/aviator-crash.org\/cs\/wp-json\/wp\/v2\/pages"}],"about":[{"href":"https:\/\/aviator-crash.org\/cs\/wp-json\/wp\/v2\/types\/page"}],"author":[{"embeddable":true,"href":"https:\/\/aviator-crash.org\/cs\/wp-json\/wp\/v2\/users\/2"}],"replies":[{"embeddable":true,"href":"https:\/\/aviator-crash.org\/cs\/wp-json\/wp\/v2\/comments?post=3665"}],"version-history":[{"count":1,"href":"https:\/\/aviator-crash.org\/cs\/wp-json\/wp\/v2\/pages\/3665\/revisions"}],"predecessor-version":[{"id":3667,"href":"https:\/\/aviator-crash.org\/cs\/wp-json\/wp\/v2\/pages\/3665\/revisions\/3667"}],"wp:attachment":[{"href":"https:\/\/aviator-crash.org\/cs\/wp-json\/wp\/v2\/media?parent=3665"}],"curies":[{"name":"wp","href":"https:\/\/api.w.org\/{rel}","templated":true}]}}