{"id":3713,"date":"2023-12-27T19:33:16","date_gmt":"2023-12-27T19:33:16","guid":{"rendered":"https:\/\/aviator-crash.org\/jet-x\/"},"modified":"2024-02-02T20:23:26","modified_gmt":"2024-02-02T20:23:26","slug":"jet-x","status":"publish","type":"page","link":"https:\/\/aviator-crash.org\/cs\/jet-x\/","title":{"rendered":"Jet X"},"content":{"rendered":"\n<figure class=\"wp-block-gallery has-nested-images columns-default is-cropped wp-block-gallery-1 is-layout-flex wp-block-gallery-is-layout-flex\">\n<figure class=\"wp-block-image size-large\"><span itemprop=\"image\" itemscope itemtype=\"https:\/\/schema.org\/ImageObject\"><img itemprop=\"url image\" loading=\"lazy\" decoding=\"async\" width=\"1024\" height=\"576\" data-id=\"475\" src=\"https:\/\/aviator-crash.org\/wp-content\/uploads\/2024\/01\/how-to-play-jet-x-game-on-my-cell-phone-1200x675-1-1024x576-1.webp\" alt=\"\" class=\"wp-image-475\" srcset=\"https:\/\/aviator-crash.org\/wp-content\/uploads\/2024\/01\/how-to-play-jet-x-game-on-my-cell-phone-1200x675-1-1024x576-1.webp 1024w, https:\/\/aviator-crash.org\/wp-content\/uploads\/2024\/01\/how-to-play-jet-x-game-on-my-cell-phone-1200x675-1-1024x576-1-300x169.webp 300w, https:\/\/aviator-crash.org\/wp-content\/uploads\/2024\/01\/how-to-play-jet-x-game-on-my-cell-phone-1200x675-1-1024x576-1-768x432.webp 768w\" sizes=\"(max-width: 1024px) 100vw, 1024px\" \/><meta itemprop=\"width\" content=\"1024\"><meta itemprop=\"height\" content=\"576\"><\/span><\/figure>\n<\/figure>\n\n<p>V\u00edtejte v budoucnosti adrenalinov\u00fdch z\u00e1vod\u016f ve sv\u011bt\u011b hry Jet X, kterou si m\u016f\u017eete st\u00e1hnout zdarma!\nJedn\u00e1 se o vzru\u0161uj\u00edc\u00ed ark\u00e1dov\u00e9 ofici\u00e1ln\u00ed dobrodru\u017estv\u00ed pro Android, kde se rychlost, v\u00fd\u0161ka a neuv\u011b\u0159iteln\u00e9 kaskad\u00e9rsk\u00e9 kousky spojuj\u00ed v jeden siln\u00fd proud.\nUsedn\u011bte do kokpitu vysp\u011bl\u00e9ho l\u00e9taj\u00edc\u00edho stroje a p\u0159ipravte se na honi\u010dku, kter\u00e1 p\u0159ekon\u00e1 v\u0161echna va\u0161e o\u010dek\u00e1v\u00e1n\u00ed.\nNezapome\u0148te na strategii Jet X!   <\/p>\n\n<p>Aplikaci si m\u016f\u017eete snadno st\u00e1hnout na webov\u00fdch str\u00e1nk\u00e1ch s\u00e1zkov\u00e9 spole\u010dnosti X Win, kter\u00e1 je pova\u017eov\u00e1na za jednu z nejobl\u00edben\u011bj\u0161\u00edch.\nVytvo\u0159te si osobn\u00ed \u00fa\u010det, spus\u0165te hru a brzy za\u010dn\u011bte z\u00e1vodit. <\/p>\n\n<h2 class=\"wp-block-heading\">V\u00fdhoda online hry Jet X<\/h2>\n\n<p>Online hra Jet X m\u00e1 n\u011bkolik v\u00fdhod, kter\u00e9 ji \u010din\u00ed atraktivn\u00ed pro fanou\u0161ky ark\u00e1dov\u00fdch z\u00e1vod\u016f a budouc\u00edho adrenalinu:<\/p>\n\n<ul>\n<li>Rychlost a dynamika.\nHra nab\u00edz\u00ed vysokorychlostn\u00ed z\u00e1vody, kde z\u00e1le\u017e\u00ed na ka\u017ed\u00e9 vte\u0159in\u011b.\nD\u00edky dynamick\u00e9 hratelnosti a volnosti pohybu v trojrozm\u011brn\u00e9m prostoru hr\u00e1\u010di X Jet skute\u010dn\u011b poc\u00edt\u00ed adrenalin vysokorychlostn\u00edch z\u00e1vod\u016f.  <\/li>\n\n\n\n<li>Unik\u00e1tn\u00ed l\u00e9taj\u00edc\u00ed stroje.\nHr\u00e1\u010di si mohou vybrat z rozmanit\u00fdch a inovativn\u00edch l\u00e9taj\u00edc\u00edch stroj\u016f s jedine\u010dn\u00fdmi vlastnostmi. <\/li>\n\n\n\n<li>Dostupnost re\u017eimu pro v\u00edce hr\u00e1\u010d\u016f.\nMo\u017enost soupe\u0159it s ostatn\u00edmi hr\u00e1\u010di online p\u0159id\u00e1v\u00e1 prvek sout\u011b\u017eivosti a soci\u00e1ln\u00ed interakce.\nM\u016f\u017eete si st\u00e1hnout Jet X a u\u017e\u00edt si hru se sv\u00fdmi p\u0159\u00e1teli.  <\/li>\n\n\n\n<li>Vylep\u0161en\u00ed za\u0159\u00edzen\u00ed.\nHr\u00e1\u010di si mohou upravovat a vylep\u0161ovat sv\u00e9 l\u00e9taj\u00edc\u00ed stroje a p\u0159izp\u016fsobovat je sv\u00e9mu z\u00e1vodn\u00edmu stylu.\nTo vytv\u00e1\u0159\u00ed individu\u00e1ln\u00ed z\u00e1\u017eitek pro ka\u017ed\u00e9ho hr\u00e1\u010de a umo\u017e\u0148uje mu to vylep\u0161ovat sv\u00e9 stroje v pr\u016fb\u011bhu v\u00fdvoje.  <\/li>\n\n\n\n<li>Pravideln\u00e9 aktualizace.\nV\u00fdvoj\u00e1\u0159i neust\u00e1le aktualizuj\u00ed Jet X, p\u0159id\u00e1vaj\u00ed nov\u00e9 trat\u011b, jednotky, re\u017eimy a funkce. <\/li>\n<\/ul>\n\n<p>D\u00edky t\u011bmto v\u00fdhod\u00e1m je hra Jet X atraktivn\u00ed pro ty, kte\u0159\u00ed oce\u0148uj\u00ed dynamick\u00e9 z\u00e1vod\u011bn\u00ed, inovace v konstrukci letadel a sout\u011b\u017eiv\u00e9ho ducha online her.<\/p>\n\n<h2 class=\"wp-block-heading\">Jak hr\u00e1t Jet X<\/h2>\n\n<p>Hra Jet X p\u0159in\u00e1\u0161\u00ed vzru\u0161uj\u00edc\u00ed z\u00e1\u017eitek z vysokorychlostn\u00edch z\u00e1vod\u016f v budoucnosti.\nZde jsou obecn\u00e9 pokyny, jak za\u010d\u00edt hr\u00e1t Jet X: <\/p>\n\n<ol>\n<li>Nejprve si hru nainstalujte do sv\u00e9ho za\u0159\u00edzen\u00ed podle pokyn\u016f pro danou platformu (PC, konzole, mobiln\u00ed za\u0159\u00edzen\u00ed).\nSpus\u0165te hru a po\u010dkejte na dokon\u010den\u00ed procesu stahov\u00e1n\u00ed. <\/li>\n\n\n\n<li>Po spu\u0161t\u011bn\u00ed hry budete vyzv\u00e1ni, abyste si vybrali sv\u016fj prvn\u00ed l\u00e9taj\u00edc\u00ed stroj.\nR\u016fzn\u00e1 vozidla mohou m\u00edt r\u016fzn\u00e9 vlastnosti a schopnosti, tak\u017ee m\u016f\u017eete experimentovat a hr\u00e1t Jet X. <\/li>\n\n\n\n<li>Seznamte se s ovl\u00e1d\u00e1n\u00edm sv\u00e9ho l\u00e9taj\u00edc\u00edho stroje.\nV z\u00e1vislosti na platform\u011b se obvykle pou\u017e\u00edvaj\u00ed tla\u010d\u00edtka, joysticky nebo dotykov\u00e1 obrazovka. <\/li>\n\n\n\n<li>Jet X nab\u00edz\u00ed r\u016fzn\u00e9 hern\u00ed re\u017eimy, jako je kampa\u0148, bitvy pro v\u00edce hr\u00e1\u010d\u016f.<\/li>\n\n\n\n<li>Vyberte si tra\u0165 a za\u010dn\u011bte z\u00e1vodit.\nV\u011bnujte pozornost c\u00edl\u016fm a \u00fakol\u016fm ka\u017ed\u00e9ho z\u00e1vodu, proto\u017ee se mohou li\u0161it v z\u00e1vislosti na hern\u00edm re\u017eimu.\nProgram Jet X se m\u016f\u017ee li\u0161it v z\u00e1vislosti na \u00farovni.  <\/li>\n\n\n\n<li>Vyu\u017e\u00edvejte schopnosti sv\u00e9ho l\u00e9taj\u00edc\u00edho stroje v boji s protivn\u00edky a prov\u00e1d\u011bjte kaskad\u00e9rsk\u00e9 kousky.\nV n\u011bkter\u00fdch hern\u00edch re\u017eimech to m\u016f\u017ee p\u0159in\u00e9st dal\u0161\u00ed bonusy nebo zrychlen\u00ed. <\/li>\n\n\n\n<li>Po dokon\u010den\u00ed z\u00e1vod\u016f a bitev z\u00edskejte hern\u00ed zdroje nebo m\u011bnu, za kterou m\u016f\u017eete sv\u016fj l\u00e9taj\u00edc\u00ed stroj vylep\u0161ovat a upravovat.<\/li>\n\n\n\n<li>Sledujte aktualizace hry, proto\u017ee v\u00fdvoj\u00e1\u0159i mohou p\u0159idat nov\u00e9 trat\u011b, vozidla a re\u017eimy.<\/li>\n<\/ol>\n\n<p>Konkr\u00e9tn\u00ed podm\u00ednky a pravidla se mohou v jednotliv\u00fdch verz\u00edch li\u0161it.\nP\u0159e\u010dt\u011bte si recenze a doporu\u010den\u00ed Jet X, d\u00edky nim\u017e rychle proniknete do podstaty hry a za\u010dnete hr\u00e1t. <\/p>\n\n<h2 class=\"wp-block-heading\">Jak vyhr\u00e1t ve h\u0159e Jet X?<\/h2>\n\n<p>Pro \u00fasp\u011b\u0161n\u00e9 hran\u00ed hry Jet X je d\u016fle\u017eit\u00e9 rozv\u00edjet dovednosti a pou\u017e\u00edvat strategie, abyste vyhr\u00e1li z\u00e1vody a bitvy.\nZde je n\u011bkolik tip\u016f, kter\u00e9 v\u00e1m pomohou ve h\u0159e usp\u011bt.\nV prvn\u00ed \u0159ad\u011b si osvojte ovl\u00e1d\u00e1n\u00ed sv\u00e9ho l\u00e9taj\u00edc\u00edho stroje.\nPochopen\u00ed ka\u017ed\u00e9ho pohybu a man\u00e9vru v\u00e1m umo\u017en\u00ed efektivn\u011bj\u0161\u00ed \u0159\u00edzen\u00ed v r\u016fzn\u00fdch situac\u00edch.\nProzkoumejte trat\u011b a vyu\u017eijte prost\u0159ed\u00ed ve sv\u016fj prosp\u011bch.    <\/p>\n\n<p>Dal\u0161\u00edm osv\u011bd\u010den\u00fdm tipem je pou\u017eit\u00ed promo k\u00f3d\u016f Jet X. Nab\u00edzej\u00ed v\u00fdhodn\u00e9 podm\u00ednky a mo\u017enost z\u00edskat dal\u0161\u00ed body.\nPromo k\u00f3dy najdete na specializovan\u00fdch hern\u00edch str\u00e1nk\u00e1ch nebo v konkr\u00e9tn\u00ed sekci na X Win. <\/p>\n\n<p>Dal\u0161\u00edm d\u016fle\u017eit\u00fdm bodem, kter\u00e9mu je t\u0159eba v\u011bnovat pozornost, je strategie Jet X.\nV p\u0159\u00edpad\u011b souboj\u016f bu\u010fte aktivn\u00ed p\u0159i pou\u017e\u00edv\u00e1n\u00ed zbran\u00ed a obrann\u00fdch prost\u0159edk\u016f.\nEfektivn\u00ed interakce s nep\u0159\u00e1teli m\u016f\u017ee v\u00fdrazn\u011b zv\u00fd\u0161it va\u0161e \u0161ance na v\u00edt\u011bzstv\u00ed.  <\/p>\n\n<p>B\u011bhem z\u00e1vod\u016f a bitev nezapome\u0148te prov\u00e1d\u011bt kaskad\u00e9rsk\u00e9 kousky.\nMohou p\u0159in\u00e9st dal\u0161\u00ed bonusy a zrychlen\u00ed.\nNezapom\u00ednejte na bonusy a moud\u0159e uzav\u0159en\u00e9 s\u00e1zky.\nV syst\u00e9mu pro v\u00fdpo\u010det kurz\u016f Jet X si m\u016f\u017eete spo\u010d\u00edtat v\u0161echna rizika a kompetentn\u011b vsadit.\nAktivn\u011b tak\u00e9 vyu\u017e\u00edvejte mo\u017enosti vylep\u0161ovat sv\u016fj l\u00e9taj\u00edc\u00ed stroj.\nPe\u010dliv\u011b studujte trat\u011b a p\u0159edem si napl\u00e1nujte trajektorii letu.\nOptim\u00e1ln\u00ed volba dr\u00e1hy a \u0159\u00edzen\u00ed rychlosti v\u00e1m pom\u016f\u017ee p\u0159edstihnout soupe\u0159e.      <\/p>\n\n<p>Sledujte akce soupe\u0159\u016f a p\u0159izp\u016fsobujte se m\u011bn\u00edc\u00edm se podm\u00ednk\u00e1m na trati.\nFlexibilita a p\u0159izp\u016fsobivost mohou b\u00fdt kl\u00ed\u010dem k \u00fasp\u011bchu v rychl\u00fdch z\u00e1vodech.\nPokud hra nebo demo Jet X nab\u00edz\u00ed t\u00fdmovou hru, aktivn\u011b komunikujte se sv\u00fdm t\u00fdmem.  <\/p>\n\n<p>Hra Jet X v\u00e1m d\u00e1v\u00e1 prostor pro kreativitu a taktick\u00e1 rozhodnut\u00ed.\nP\u0159izp\u016fsobte se podm\u00ednk\u00e1m, prozkoumejte syst\u00e9m kurz\u016f Jet X a u\u017eijte si rychl\u00e9 a vzru\u0161uj\u00edc\u00ed z\u00e1vody v budoucnosti! <\/p>\n\n<h2 class=\"wp-block-heading\">Pravidla hry Jet X<\/h2>\n\n<p>Hlavn\u00ed c\u00edl z\u00e1vis\u00ed na hern\u00edm re\u017eimu.\nM\u016f\u017ee j\u00edm b\u00fdt dokon\u010den\u00ed trati v co nejkrat\u0161\u00edm \u010dase, v\u00edt\u011bzstv\u00ed v souboj\u00edch s protivn\u00edky, prov\u00e1d\u011bn\u00ed kaskad\u00e9rsk\u00fdch kousk\u016f nebo dosa\u017een\u00ed ur\u010dit\u00fdch v\u00fdsledk\u016f v re\u017eimu pro v\u00edce hr\u00e1\u010d\u016f.\nHra obvykle nab\u00edz\u00ed r\u016fzn\u00e9 trat\u011b a \u00farovn\u011b, z nich\u017e ka\u017ed\u00e1 p\u0159edstavuje jedine\u010dnou v\u00fdzvu.\nSe v\u0161emi se m\u016f\u017eete sezn\u00e1mit na webov\u00fdch str\u00e1nk\u00e1ch Jet X. Hr\u00e1\u010di mohou sv\u00e9 l\u00e9taj\u00edc\u00ed stroje napumpovat, aby \u00fasp\u011b\u0161n\u011bji zvl\u00e1dali trat\u011b vy\u0161\u0161\u00edch \u00farovn\u00ed.   <\/p>\n\n<p>Hr\u00e1\u010di ovl\u00e1daj\u00ed l\u00e9taj\u00edc\u00ed vozidla pomoc\u00ed kl\u00e1vesnice, joysticku, gamepadu nebo dotykov\u00e9 obrazovky v z\u00e1vislosti na platform\u011b.\nOvl\u00e1d\u00e1n\u00ed zahrnuje zm\u011bnu sm\u011bru, nastaven\u00ed rychlosti a prov\u00e1d\u011bn\u00ed kaskad\u00e9rsk\u00fdch kousk\u016f.\nProv\u00e1d\u011bn\u00edm kaskad\u00e9rsk\u00fdch kousk\u016f lze z\u00edskat bonusy, jako je zrychlen\u00ed nebo body nav\u00edc.  <\/p>\n\n<p>V n\u011bkter\u00fdch hern\u00edch re\u017eimech mohou hr\u00e1\u010di bojovat s protivn\u00edky pomoc\u00ed zbran\u00ed na sv\u00fdch vozidlech.\nZbran\u011b mohou zahrnovat rakety, lasery a dal\u0161\u00ed \u00fato\u010dn\u00e9 nebo obrann\u00e9 prost\u0159edky.\nP\u0159ed spu\u0161t\u011bn\u00edm hry se pod\u00edvejte na strategii a recenze Jet X.  <\/p>\n\n<h2 class=\"wp-block-heading\">Propaga\u010dn\u00ed k\u00f3dy<\/h2>\n\n<p>Propaga\u010dn\u00ed k\u00f3dy obvykle poskytuj\u00ed v\u00fdvoj\u00e1\u0159i hry nebo platforma, na kter\u00e9 je hra distribuov\u00e1na.\nJsou to speci\u00e1ln\u00ed bonusy nebo \u017eetony pro hr\u00e1\u010de, kter\u00e9 zvy\u0161uj\u00ed jejich \u0161ance na v\u00fdhru.\nPromo k\u00f3dy lze nal\u00e9zt na n\u011bkolika zdroj\u00edch:  <\/p>\n\n<ul>\n<li>Ofici\u00e1ln\u00ed webov\u00e9 str\u00e1nky.<\/li>\n\n\n\n<li>Soci\u00e1ln\u00ed m\u00e9dia.<\/li>\n\n\n\n<li>F\u00f3ra a komunity.<\/li>\n\n\n\n<li>Zpravodaje.<\/li>\n\n\n\n<li>Partne\u0159i a sponzo\u0159i.<\/li>\n<\/ul>\n\n<h2 class=\"wp-block-heading\">Zku\u0161enosti<\/h2>\n\n<p>Zde je n\u011bkolik u\u017eivatelsk\u00fdch recenz\u00ed t\u00e9to popul\u00e1rn\u00ed hry:<\/p>\n","protected":false},"excerpt":{"rendered":"<p>V\u00edtejte v budoucnosti adrenalinov\u00fdch z\u00e1vod\u016f ve sv\u011bt\u011b hry Jet X, kterou si m\u016f\u017eete st\u00e1hnout zdarma! Jedn\u00e1 se o vzru\u0161uj\u00edc\u00ed ark\u00e1dov\u00e9 ofici\u00e1ln\u00ed dobrodru\u017estv\u00ed pro Android, kde se rychlost, v\u00fd\u0161ka a neuv\u011b\u0159iteln\u00e9 kaskad\u00e9rsk\u00e9 kousky spojuj\u00ed v jeden siln\u00fd proud. Usedn\u011bte do kokpitu vysp\u011bl\u00e9ho l\u00e9taj\u00edc\u00edho stroje a p\u0159ipravte se na honi\u010dku, kter\u00e1 p\u0159ekon\u00e1 v\u0161echna va\u0161e o\u010dek\u00e1v\u00e1n\u00ed. Nezapome\u0148te na [&hellip;]<\/p>\n","protected":false},"author":2,"featured_media":0,"parent":0,"menu_order":0,"comment_status":"open","ping_status":"closed","template":"","meta":{"footnotes":""},"yoast_head":"<!-- This site is optimized with the Yoast SEO plugin v21.7 - https:\/\/yoast.com\/wordpress\/plugins\/seo\/ -->\n<title>Jet X kasino hra, ke sta\u017een\u00ed<\/title>\n<meta name=\"description\" content=\"Pono\u0159te se do vzru\u0161uj\u00edc\u00edho sv\u011bta vysokorychlostn\u00edch z\u00e1vod\u016f s Jet X, jedine\u010dnou a vzru\u0161uj\u00edc\u00ed ark\u00e1dou budoucnosti. Pozorn\u011b si p\u0159e\u010dt\u011bte pravidla a brzy usedn\u011bte za volant. \u010cekaj\u00ed na v\u00e1s zaj\u00edmav\u00e1 dobrodru\u017estv\u00ed a dobr\u00e1 z\u00e1bava.\" \/>\n<meta name=\"robots\" content=\"index, follow, max-snippet:-1, max-image-preview:large, max-video-preview:-1\" \/>\n<link rel=\"canonical\" href=\"https:\/\/aviator-crash.org\/cs\/jet-x\/\" \/>\n<meta property=\"og:locale\" content=\"cs_CZ\" \/>\n<meta property=\"og:type\" content=\"article\" \/>\n<meta property=\"og:title\" content=\"Jet X kasino hra, ke sta\u017een\u00ed\" \/>\n<meta property=\"og:description\" content=\"Pono\u0159te se do vzru\u0161uj\u00edc\u00edho sv\u011bta vysokorychlostn\u00edch z\u00e1vod\u016f s Jet X, jedine\u010dnou a vzru\u0161uj\u00edc\u00ed ark\u00e1dou budoucnosti. Pozorn\u011b si p\u0159e\u010dt\u011bte pravidla a brzy usedn\u011bte za volant. \u010cekaj\u00ed na v\u00e1s zaj\u00edmav\u00e1 dobrodru\u017estv\u00ed a dobr\u00e1 z\u00e1bava.\" \/>\n<meta property=\"og:url\" content=\"https:\/\/aviator-crash.org\/cs\/jet-x\/\" \/>\n<meta property=\"article:modified_time\" content=\"2024-02-02T20:23:26+00:00\" \/>\n<meta property=\"og:image\" content=\"https:\/\/aviator-crash.org\/wp-content\/uploads\/2024\/01\/how-to-play-jet-x-game-on-my-cell-phone-1200x675-1-1024x576-1.webp\" \/>\n<meta name=\"twitter:card\" content=\"summary_large_image\" \/>\n<meta name=\"twitter:label1\" content=\"Est. reading time\" \/>\n\t<meta name=\"twitter:data1\" content=\"7 minut\" \/>\n<script type=\"application\/ld+json\" class=\"yoast-schema-graph\">{\"@context\":\"https:\/\/schema.org\",\"@graph\":[{\"@type\":\"WebPage\",\"@id\":\"https:\/\/aviator-crash.org\/cs\/jet-x\/\",\"url\":\"https:\/\/aviator-crash.org\/cs\/jet-x\/\",\"name\":\"Jet X kasino hra, ke sta\u017een\u00ed\",\"isPartOf\":{\"@id\":\"https:\/\/aviator-crash.org\/cs\/#website\"},\"datePublished\":\"2023-12-27T19:33:16+00:00\",\"dateModified\":\"2024-02-02T20:23:26+00:00\",\"description\":\"Pono\u0159te se do vzru\u0161uj\u00edc\u00edho sv\u011bta vysokorychlostn\u00edch z\u00e1vod\u016f s Jet X, jedine\u010dnou a vzru\u0161uj\u00edc\u00ed ark\u00e1dou budoucnosti. Pozorn\u011b si p\u0159e\u010dt\u011bte pravidla a brzy usedn\u011bte za volant. \u010cekaj\u00ed na v\u00e1s zaj\u00edmav\u00e1 dobrodru\u017estv\u00ed a dobr\u00e1 z\u00e1bava.\",\"breadcrumb\":{\"@id\":\"https:\/\/aviator-crash.org\/cs\/jet-x\/#breadcrumb\"},\"inLanguage\":\"cs\",\"potentialAction\":[{\"@type\":\"ReadAction\",\"target\":[\"https:\/\/aviator-crash.org\/cs\/jet-x\/\"]}]},{\"@type\":\"BreadcrumbList\",\"@id\":\"https:\/\/aviator-crash.org\/cs\/jet-x\/#breadcrumb\",\"itemListElement\":[{\"@type\":\"ListItem\",\"position\":1,\"name\":\"Home\",\"item\":\"https:\/\/aviator-crash.org\/cs\/aviator-hra-online-o-skutecne-penize\/\"},{\"@type\":\"ListItem\",\"position\":2,\"name\":\"Jet X\"}]},{\"@type\":\"WebSite\",\"@id\":\"https:\/\/aviator-crash.org\/cs\/#website\",\"url\":\"https:\/\/aviator-crash.org\/cs\/\",\"name\":\"\",\"description\":\"\",\"potentialAction\":[{\"@type\":\"SearchAction\",\"target\":{\"@type\":\"EntryPoint\",\"urlTemplate\":\"https:\/\/aviator-crash.org\/cs\/?s={search_term_string}\"},\"query-input\":\"required name=search_term_string\"}],\"inLanguage\":\"cs\"}]}<\/script>\n<!-- \/ Yoast SEO plugin. -->","yoast_head_json":{"title":"Jet X kasino hra, ke sta\u017een\u00ed","description":"Pono\u0159te se do vzru\u0161uj\u00edc\u00edho sv\u011bta vysokorychlostn\u00edch z\u00e1vod\u016f s Jet X, jedine\u010dnou a vzru\u0161uj\u00edc\u00ed ark\u00e1dou budoucnosti. Pozorn\u011b si p\u0159e\u010dt\u011bte pravidla a brzy usedn\u011bte za volant. \u010cekaj\u00ed na v\u00e1s zaj\u00edmav\u00e1 dobrodru\u017estv\u00ed a dobr\u00e1 z\u00e1bava.","robots":{"index":"index","follow":"follow","max-snippet":"max-snippet:-1","max-image-preview":"max-image-preview:large","max-video-preview":"max-video-preview:-1"},"canonical":"https:\/\/aviator-crash.org\/cs\/jet-x\/","og_locale":"cs_CZ","og_type":"article","og_title":"Jet X kasino hra, ke sta\u017een\u00ed","og_description":"Pono\u0159te se do vzru\u0161uj\u00edc\u00edho sv\u011bta vysokorychlostn\u00edch z\u00e1vod\u016f s Jet X, jedine\u010dnou a vzru\u0161uj\u00edc\u00ed ark\u00e1dou budoucnosti. Pozorn\u011b si p\u0159e\u010dt\u011bte pravidla a brzy usedn\u011bte za volant. \u010cekaj\u00ed na v\u00e1s zaj\u00edmav\u00e1 dobrodru\u017estv\u00ed a dobr\u00e1 z\u00e1bava.","og_url":"https:\/\/aviator-crash.org\/cs\/jet-x\/","article_modified_time":"2024-02-02T20:23:26+00:00","og_image":[{"url":"https:\/\/aviator-crash.org\/wp-content\/uploads\/2024\/01\/how-to-play-jet-x-game-on-my-cell-phone-1200x675-1-1024x576-1.webp"}],"twitter_card":"summary_large_image","twitter_misc":{"Est. reading time":"7 minut"},"schema":{"@context":"https:\/\/schema.org","@graph":[{"@type":"WebPage","@id":"https:\/\/aviator-crash.org\/cs\/jet-x\/","url":"https:\/\/aviator-crash.org\/cs\/jet-x\/","name":"Jet X kasino hra, ke sta\u017een\u00ed","isPartOf":{"@id":"https:\/\/aviator-crash.org\/cs\/#website"},"datePublished":"2023-12-27T19:33:16+00:00","dateModified":"2024-02-02T20:23:26+00:00","description":"Pono\u0159te se do vzru\u0161uj\u00edc\u00edho sv\u011bta vysokorychlostn\u00edch z\u00e1vod\u016f s Jet X, jedine\u010dnou a vzru\u0161uj\u00edc\u00ed ark\u00e1dou budoucnosti. Pozorn\u011b si p\u0159e\u010dt\u011bte pravidla a brzy usedn\u011bte za volant. \u010cekaj\u00ed na v\u00e1s zaj\u00edmav\u00e1 dobrodru\u017estv\u00ed a dobr\u00e1 z\u00e1bava.","breadcrumb":{"@id":"https:\/\/aviator-crash.org\/cs\/jet-x\/#breadcrumb"},"inLanguage":"cs","potentialAction":[{"@type":"ReadAction","target":["https:\/\/aviator-crash.org\/cs\/jet-x\/"]}]},{"@type":"BreadcrumbList","@id":"https:\/\/aviator-crash.org\/cs\/jet-x\/#breadcrumb","itemListElement":[{"@type":"ListItem","position":1,"name":"Home","item":"https:\/\/aviator-crash.org\/cs\/aviator-hra-online-o-skutecne-penize\/"},{"@type":"ListItem","position":2,"name":"Jet X"}]},{"@type":"WebSite","@id":"https:\/\/aviator-crash.org\/cs\/#website","url":"https:\/\/aviator-crash.org\/cs\/","name":"","description":"","potentialAction":[{"@type":"SearchAction","target":{"@type":"EntryPoint","urlTemplate":"https:\/\/aviator-crash.org\/cs\/?s={search_term_string}"},"query-input":"required name=search_term_string"}],"inLanguage":"cs"}]}},"_links":{"self":[{"href":"https:\/\/aviator-crash.org\/cs\/wp-json\/wp\/v2\/pages\/3713"}],"collection":[{"href":"https:\/\/aviator-crash.org\/cs\/wp-json\/wp\/v2\/pages"}],"about":[{"href":"https:\/\/aviator-crash.org\/cs\/wp-json\/wp\/v2\/types\/page"}],"author":[{"embeddable":true,"href":"https:\/\/aviator-crash.org\/cs\/wp-json\/wp\/v2\/users\/2"}],"replies":[{"embeddable":true,"href":"https:\/\/aviator-crash.org\/cs\/wp-json\/wp\/v2\/comments?post=3713"}],"version-history":[{"count":1,"href":"https:\/\/aviator-crash.org\/cs\/wp-json\/wp\/v2\/pages\/3713\/revisions"}],"predecessor-version":[{"id":3715,"href":"https:\/\/aviator-crash.org\/cs\/wp-json\/wp\/v2\/pages\/3713\/revisions\/3715"}],"wp:attachment":[{"href":"https:\/\/aviator-crash.org\/cs\/wp-json\/wp\/v2\/media?parent=3713"}],"curies":[{"name":"wp","href":"https:\/\/api.w.org\/{rel}","templated":true}]}}