{"id":4545,"date":"2023-12-22T18:32:01","date_gmt":"2023-12-22T18:32:01","guid":{"rendered":"https:\/\/aviator-crash.org\/adolygiadau-or-gem-aviator\/"},"modified":"2024-02-02T20:51:13","modified_gmt":"2024-02-02T20:51:13","slug":"adolygiadau-or-gem-aviator","status":"publish","type":"page","link":"https:\/\/aviator-crash.org\/cy\/adolygiadau-or-gem-aviator\/","title":{"rendered":"Adolygiadau o&#8217;r g\u00eam Aviator"},"content":{"rendered":"\n<p>Aviator yw un o&#8217;r gemau ar-lein mwyaf poblogaidd heddiw. Dyna pam, yn amlach ac yn amlach, mae ymholiadau&#8217;n ymddangos yn y peiriant chwilio am adolygiadau o&#8217;r g\u00eam Aviator gan ddefnyddio arian y rhai sydd eisoes wedi rhoi cynnig arni a darganfod pa mor realistig yw&#8217;r siawns o ennill ynddo. <\/p>\n\n<h2 class=\"wp-block-heading\">Ein meddyliau ar y g\u00eam Aviator<\/h2>\n\n<p>Heb os, y g\u00eam chwalfa Aviator yw datblygiad gorau Spribe. Mae&#8217;n unigryw, yn ddiddorol, yn gyffrous, a gall achosi ymchwydd o deimladau dymunol ymhlith cefnogwyr cyffro. Y fantais fawr yw hyd byr y rowndiau &#8211; dim ond ychydig eiliadau o densiwn, a gall y chwaraewr ddod yn enillydd trwy luosi ei bet (10, 20, neu efallai 50 gwaith). Y prif beth yw cael amser i dynnu arian cyn i&#8217;r awyren ddamweiniau, ond mae&#8217;n rhaid gwneud hyn gyda&#8217;r tebygolrwydd mwyaf.   <\/p>\n\n<p>Mae&#8217;r g\u00eam hon yn gwarantu ymchwydd o emosiynau hyd yn oed i&#8217;r gamblwyr mwyaf profiadol. Gan ddeall hyn, mae llawer o gasinos ar-lein yn cynnig peiriant o&#8217;r fath: 1win, Pin Up, 1Xbet. Mae gan y slot graffeg ardderchog, eglurder, ac effeithiau sain. Rydyn ni hefyd yn meddwl bod y g\u00eam yn hwyl ac yn bendant yn werth ei chwarae yn ein barn ni.   <\/p>\n\n<h2 class=\"wp-block-heading\">Adolygiadau defnyddwyr am y g\u00eam Aviator<\/h2>\n\n<p>Mae yna wahanol adolygiadau ar y Rhyngrwyd am y g\u00eam chwalfa Aviator gan chwaraewyr go iawn. Mae rhai yn ei hedmygu, eraill yn ei feirniadu am ei natur anrhagweladwy, risgiau a&#8217;r anallu i greu strategaeth fuddugol 100%. Fodd bynnag, mae hyn yn aml yn union harddwch hapchwarae.  <\/p>\n\n<p>Rydym yn eich gwahodd i ddod i&#8217;ch casgliadau eich hun. Rhowch gynnig ar y g\u00eam hon a rhannwch eich adborth trwy ei adael yn yr adolygiad isod. <\/p>\n","protected":false},"excerpt":{"rendered":"<p>Aviator yw un o&#8217;r gemau ar-lein mwyaf poblogaidd heddiw. Dyna pam, yn amlach ac yn amlach, mae ymholiadau&#8217;n ymddangos yn y peiriant chwilio am adolygiadau o&#8217;r g\u00eam Aviator gan ddefnyddio arian y rhai sydd eisoes wedi rhoi cynnig arni a darganfod pa mor realistig yw&#8217;r siawns o ennill ynddo. Ein meddyliau ar y g\u00eam Aviator [&hellip;]<\/p>\n","protected":false},"author":2,"featured_media":0,"parent":0,"menu_order":0,"comment_status":"closed","ping_status":"closed","template":"","meta":{"footnotes":""},"yoast_head":"<!-- This site is optimized with the Yoast SEO plugin v21.7 - https:\/\/yoast.com\/wordpress\/plugins\/seo\/ -->\n<title>Adolygiadau o&#039;r g\u00eam Aviator gan chwaraewyr<\/title>\n<meta name=\"description\" content=\"Bydd adolygiadau o&#039;r g\u00eam ddamwain Aviator gan chwaraewyr go iawn yn caniat\u00e1u ichi ddarganfod holl fanteision ac anfanteision y ddyfais. Rheolau sylfaenol y peiriant a naws rheolaeth.\" \/>\n<meta name=\"robots\" content=\"index, follow, max-snippet:-1, max-image-preview:large, max-video-preview:-1\" \/>\n<link rel=\"canonical\" href=\"https:\/\/aviator-crash.org\/cy\/adolygiadau-or-gem-aviator\/\" \/>\n<meta property=\"og:locale\" content=\"cy_GB\" \/>\n<meta property=\"og:type\" content=\"article\" \/>\n<meta property=\"og:title\" content=\"Adolygiadau o&#039;r g\u00eam Aviator gan chwaraewyr\" \/>\n<meta property=\"og:description\" content=\"Bydd adolygiadau o&#039;r g\u00eam ddamwain Aviator gan chwaraewyr go iawn yn caniat\u00e1u ichi ddarganfod holl fanteision ac anfanteision y ddyfais. Rheolau sylfaenol y peiriant a naws rheolaeth.\" \/>\n<meta property=\"og:url\" content=\"https:\/\/aviator-crash.org\/cy\/adolygiadau-or-gem-aviator\/\" \/>\n<meta property=\"article:modified_time\" content=\"2024-02-02T20:51:13+00:00\" \/>\n<meta name=\"twitter:card\" content=\"summary_large_image\" \/>\n<meta name=\"twitter:label1\" content=\"Est. reading time\" \/>\n\t<meta name=\"twitter:data1\" content=\"1 minute\" \/>\n<script type=\"application\/ld+json\" class=\"yoast-schema-graph\">{\"@context\":\"https:\/\/schema.org\",\"@graph\":[{\"@type\":\"WebPage\",\"@id\":\"https:\/\/aviator-crash.org\/cy\/adolygiadau-or-gem-aviator\/\",\"url\":\"https:\/\/aviator-crash.org\/cy\/adolygiadau-or-gem-aviator\/\",\"name\":\"Adolygiadau o'r g\u00eam Aviator gan chwaraewyr\",\"isPartOf\":{\"@id\":\"https:\/\/aviator-crash.org\/cy\/#website\"},\"datePublished\":\"2023-12-22T18:32:01+00:00\",\"dateModified\":\"2024-02-02T20:51:13+00:00\",\"description\":\"Bydd adolygiadau o'r g\u00eam ddamwain Aviator gan chwaraewyr go iawn yn caniat\u00e1u ichi ddarganfod holl fanteision ac anfanteision y ddyfais. Rheolau sylfaenol y peiriant a naws rheolaeth.\",\"breadcrumb\":{\"@id\":\"https:\/\/aviator-crash.org\/cy\/adolygiadau-or-gem-aviator\/#breadcrumb\"},\"inLanguage\":\"cy-GB\",\"potentialAction\":[{\"@type\":\"ReadAction\",\"target\":[\"https:\/\/aviator-crash.org\/cy\/adolygiadau-or-gem-aviator\/\"]}]},{\"@type\":\"BreadcrumbList\",\"@id\":\"https:\/\/aviator-crash.org\/cy\/adolygiadau-or-gem-aviator\/#breadcrumb\",\"itemListElement\":[{\"@type\":\"ListItem\",\"position\":1,\"name\":\"Home\",\"item\":\"https:\/\/aviator-crash.org\/cy\/gem-aviator-ar-lein-am-arian-go-iawn\/\"},{\"@type\":\"ListItem\",\"position\":2,\"name\":\"Adolygiadau o&#8217;r g\u00eam Aviator\"}]},{\"@type\":\"WebSite\",\"@id\":\"https:\/\/aviator-crash.org\/cy\/#website\",\"url\":\"https:\/\/aviator-crash.org\/cy\/\",\"name\":\"\",\"description\":\"\",\"potentialAction\":[{\"@type\":\"SearchAction\",\"target\":{\"@type\":\"EntryPoint\",\"urlTemplate\":\"https:\/\/aviator-crash.org\/cy\/?s={search_term_string}\"},\"query-input\":\"required name=search_term_string\"}],\"inLanguage\":\"cy-GB\"}]}<\/script>\n<!-- \/ Yoast SEO plugin. -->","yoast_head_json":{"title":"Adolygiadau o'r g\u00eam Aviator gan chwaraewyr","description":"Bydd adolygiadau o'r g\u00eam ddamwain Aviator gan chwaraewyr go iawn yn caniat\u00e1u ichi ddarganfod holl fanteision ac anfanteision y ddyfais. Rheolau sylfaenol y peiriant a naws rheolaeth.","robots":{"index":"index","follow":"follow","max-snippet":"max-snippet:-1","max-image-preview":"max-image-preview:large","max-video-preview":"max-video-preview:-1"},"canonical":"https:\/\/aviator-crash.org\/cy\/adolygiadau-or-gem-aviator\/","og_locale":"cy_GB","og_type":"article","og_title":"Adolygiadau o'r g\u00eam Aviator gan chwaraewyr","og_description":"Bydd adolygiadau o'r g\u00eam ddamwain Aviator gan chwaraewyr go iawn yn caniat\u00e1u ichi ddarganfod holl fanteision ac anfanteision y ddyfais. Rheolau sylfaenol y peiriant a naws rheolaeth.","og_url":"https:\/\/aviator-crash.org\/cy\/adolygiadau-or-gem-aviator\/","article_modified_time":"2024-02-02T20:51:13+00:00","twitter_card":"summary_large_image","twitter_misc":{"Est. reading time":"1 minute"},"schema":{"@context":"https:\/\/schema.org","@graph":[{"@type":"WebPage","@id":"https:\/\/aviator-crash.org\/cy\/adolygiadau-or-gem-aviator\/","url":"https:\/\/aviator-crash.org\/cy\/adolygiadau-or-gem-aviator\/","name":"Adolygiadau o'r g\u00eam Aviator gan chwaraewyr","isPartOf":{"@id":"https:\/\/aviator-crash.org\/cy\/#website"},"datePublished":"2023-12-22T18:32:01+00:00","dateModified":"2024-02-02T20:51:13+00:00","description":"Bydd adolygiadau o'r g\u00eam ddamwain Aviator gan chwaraewyr go iawn yn caniat\u00e1u ichi ddarganfod holl fanteision ac anfanteision y ddyfais. Rheolau sylfaenol y peiriant a naws rheolaeth.","breadcrumb":{"@id":"https:\/\/aviator-crash.org\/cy\/adolygiadau-or-gem-aviator\/#breadcrumb"},"inLanguage":"cy-GB","potentialAction":[{"@type":"ReadAction","target":["https:\/\/aviator-crash.org\/cy\/adolygiadau-or-gem-aviator\/"]}]},{"@type":"BreadcrumbList","@id":"https:\/\/aviator-crash.org\/cy\/adolygiadau-or-gem-aviator\/#breadcrumb","itemListElement":[{"@type":"ListItem","position":1,"name":"Home","item":"https:\/\/aviator-crash.org\/cy\/gem-aviator-ar-lein-am-arian-go-iawn\/"},{"@type":"ListItem","position":2,"name":"Adolygiadau o&#8217;r g\u00eam Aviator"}]},{"@type":"WebSite","@id":"https:\/\/aviator-crash.org\/cy\/#website","url":"https:\/\/aviator-crash.org\/cy\/","name":"","description":"","potentialAction":[{"@type":"SearchAction","target":{"@type":"EntryPoint","urlTemplate":"https:\/\/aviator-crash.org\/cy\/?s={search_term_string}"},"query-input":"required name=search_term_string"}],"inLanguage":"cy-GB"}]}},"_links":{"self":[{"href":"https:\/\/aviator-crash.org\/cy\/wp-json\/wp\/v2\/pages\/4545"}],"collection":[{"href":"https:\/\/aviator-crash.org\/cy\/wp-json\/wp\/v2\/pages"}],"about":[{"href":"https:\/\/aviator-crash.org\/cy\/wp-json\/wp\/v2\/types\/page"}],"author":[{"embeddable":true,"href":"https:\/\/aviator-crash.org\/cy\/wp-json\/wp\/v2\/users\/2"}],"replies":[{"embeddable":true,"href":"https:\/\/aviator-crash.org\/cy\/wp-json\/wp\/v2\/comments?post=4545"}],"version-history":[{"count":1,"href":"https:\/\/aviator-crash.org\/cy\/wp-json\/wp\/v2\/pages\/4545\/revisions"}],"predecessor-version":[{"id":4546,"href":"https:\/\/aviator-crash.org\/cy\/wp-json\/wp\/v2\/pages\/4545\/revisions\/4546"}],"wp:attachment":[{"href":"https:\/\/aviator-crash.org\/cy\/wp-json\/wp\/v2\/media?parent=4545"}],"curies":[{"name":"wp","href":"https:\/\/api.w.org\/{rel}","templated":true}]}}