{"id":5242,"date":"2023-12-27T19:12:26","date_gmt":"2023-12-27T19:12:26","guid":{"rendered":"https:\/\/aviator-crash.org\/gemau-cyflym-am-arian-ar-lein-gyda-thynnun-ol\/"},"modified":"2024-02-02T21:12:53","modified_gmt":"2024-02-02T21:12:53","slug":"gemau-cyflym-am-arian-ar-lein-gyda-thynnun-ol","status":"publish","type":"page","link":"https:\/\/aviator-crash.org\/cy\/gemau-cyflym-am-arian-ar-lein-gyda-thynnun-ol\/","title":{"rendered":"Gemau cyflym am arian ar-lein gyda thynnu&#8217;n \u00f4l"},"content":{"rendered":"\n<figure class=\"wp-block-gallery has-nested-images columns-default is-cropped wp-block-gallery-1 is-layout-flex wp-block-gallery-is-layout-flex\">\n<figure class=\"wp-block-image size-large\"><span itemprop=\"image\" itemscope itemtype=\"https:\/\/schema.org\/ImageObject\"><img itemprop=\"url image\" loading=\"lazy\" decoding=\"async\" width=\"683\" height=\"600\" data-id=\"460\" src=\"https:\/\/aviator-crash.org\/wp-content\/uploads\/2024\/01\/aviator-minigame-logo-4.png\" alt=\"\" class=\"wp-image-460\" srcset=\"https:\/\/aviator-crash.org\/wp-content\/uploads\/2024\/01\/aviator-minigame-logo-4.png 683w, https:\/\/aviator-crash.org\/wp-content\/uploads\/2024\/01\/aviator-minigame-logo-4-300x264.png 300w\" sizes=\"(max-width: 683px) 100vw, 683px\" \/><meta itemprop=\"width\" content=\"683\"><meta itemprop=\"height\" content=\"600\"><\/span><\/figure>\n<\/figure>\n\n<p>Ymddangosodd y cysyniad o g\u00eam Crash yn gynnar yn y 2000au. Fodd bynnag, yn ystod yr ychydig flynyddoedd diwethaf maent wedi dod yn fwyfwy poblogaidd. Mae gemau ar gyfer gwneud arian yn gyflym yn cael eu cyflwyno ym mron pob casinos ar-lein. Mae pob rownd yn gyffrous, yn llawn adrenalin. Mae gan gemau cyflym g\u00eam syml: mae&#8217;r lluosydd yn cynyddu, ac mae&#8217;r enillion yn cynyddu yn unol \u00e2 hynny; mae angen i chi gael amser i gasglu&#8217;r arian cyn y trychineb.    <\/p>\n\n<h2 class=\"wp-block-heading\">G\u00eam ddamwain am arian gyda thynnu&#8217;n \u00f4l<\/h2>\n\n<p>Mae gwneud arian cyflym mewn hapchwarae yn ddeniadol iawn i gamblwyr. Dylai&#8217;r defnyddiwr fonitro&#8217;r g\u00eam yn ofalus a phwyso&#8217;r botwm ar hyn o bryd pan fydd ei greddf yn dweud wrtho. Mae&#8217;r g\u00eam gyda thynnu arian yn gyflym yn real, mae hyn yn cael ei gadarnhau gan gamblwyr o bob cwr o&#8217;r byd.  <\/p>\n\n<p>Mae&#8217;r egwyddor yn syml iawn: mae&#8217;r chwaraewr yn gwneud bet, ac ar \u00f4l hynny mae&#8217;r lluosydd yn cynyddu. Does neb yn gwybod ar ba bwynt y bydd y rownd yn dod i ben. Mae gwneud arian yn gyflym mewn hapchwarae yn bosibl os, diolch i greddf, rydych chi&#8217;n pwyso&#8217;r botwm cyn trychineb. Mae&#8217;r enillion yn gynnyrch y bet a&#8217;r tebygolrwydd y daeth y g\u00eam i ben. Os nad oedd gan y defnyddiwr amser, enillodd y casino. Po hiraf y rownd, y mwyaf yw&#8217;r risg. Ond ar yr un pryd mae mwy o siawns o daro&#8217;r jacpot.      <\/p>\n\n<p>Mae gemau damwain am arian yn seiliedig ar RNG, sy&#8217;n amhosibl ei guro. Ni fydd rhaglenni hacio amrywiol neu gynlluniau twyllodrus hefyd yn helpu. Gellir profi tegwch gemau damwain; gall unrhyw ddefnyddiwr eu gwirio.  <\/p>\n\n<h2 class=\"wp-block-heading\">G\u00eam Aviator (awyren hedfan) am arian<\/h2>\n\n<p>Mae gemau mini gyda thynnu arian yn \u00f4l yn boblogaidd iawn. Ac un o&#8217;r rhai enwocaf yw&#8217;r Aviator. Mae&#8217;r dyluniad yn syml iawn. Mae awyren yn codi uchder yn erbyn cefndir tywyll. Po uchaf ydyw, yr uchaf yw&#8217;r cyfernod. Os dymunir, gallwch analluogi animeiddiad. Yn yr achos hwn, dim ond cyfernod cynyddol y bydd y defnyddiwr yn ei weld o&#8217;i flaen. Mae&#8217;r lluosydd yn dechrau o un ac yn codi&#8217;n anwastad. Dim ond ychydig eiliadau sy&#8217;n ddigon iddo dyfu pump neu gant o weithiau. Gall hyd y rownd amrywio, o eiliad gyfan i ffracsiwn bach. Os dymunir, mae&#8217;r gamblwr yn cychwyn y chwarae awtomatig; y cyfan sydd angen iddo ei wneud yw gosod y bet a&#8217;r siawns i ddod \u00e2&#8217;r rownd i ben. Gallwch weld betiau blaenorol a chanlyniadau defnyddwyr eraill diolch i Live Statistics.           <\/p>\n\n<h2 class=\"wp-block-heading\">G\u00eam ddamwain &#8211; Lucky Jet<\/h2>\n\n<figure class=\"wp-block-gallery has-nested-images columns-default is-cropped wp-block-gallery-2 is-layout-flex wp-block-gallery-is-layout-flex\">\n<figure class=\"wp-block-image size-large\"><span itemprop=\"image\" itemscope itemtype=\"https:\/\/schema.org\/ImageObject\"><img itemprop=\"url image\" loading=\"lazy\" decoding=\"async\" width=\"1024\" height=\"509\" data-id=\"448\" src=\"https:\/\/aviator-crash.org\/wp-content\/uploads\/2024\/01\/lucky-jet_1-1024x509.jpg\" alt=\"\" class=\"wp-image-448\" srcset=\"https:\/\/aviator-crash.org\/wp-content\/uploads\/2024\/01\/lucky-jet_1-1024x509.jpg 1024w, https:\/\/aviator-crash.org\/wp-content\/uploads\/2024\/01\/lucky-jet_1-300x149.jpg 300w, https:\/\/aviator-crash.org\/wp-content\/uploads\/2024\/01\/lucky-jet_1-768x382.jpg 768w, https:\/\/aviator-crash.org\/wp-content\/uploads\/2024\/01\/lucky-jet_1.jpg 1093w\" sizes=\"(max-width: 1024px) 100vw, 1024px\" \/><meta itemprop=\"width\" content=\"1024\"><meta itemprop=\"height\" content=\"509\"><\/span><\/figure>\n<\/figure>\n\n<p>Mae gan gemau damwain am arian gyda bonws plot gwahanol. Ar-lein gallwch chi roi cynnig ar eich lwc yn Lucky Jet, lle mae&#8217;r prif gymeriad, Joe, yn ceisio hedfan i ffwrdd gyda sach gefn yn llawn arian. Mae gan g\u00eam damwain am arian reolau syml. Mae angen i chi ddewis bet a chael amser i&#8217;w gyfnewid. Os na wnewch hyn mewn modd amserol, bydd eich arian yn cael ei losgi. Mae&#8217;r cyfernod yn dibynnu ar yr amser y mae Joe yn aros yn yr awyr.     <\/p>\n\n<p>Yr uchafswm lluosydd yw 100; mewn rhai sefydliadau hapchwarae mae&#8217;n cael ei ddyblu. Mae ennill yn dibynnu ar greddf y chwaraewr yn unig, gan ei fod yn penderfynu pryd i wasgu&#8217;r botwm. <\/p>\n\n<h2 class=\"wp-block-heading\">G\u00eam ddamwain \u2013 Jet X<\/h2>\n\n<figure class=\"wp-block-gallery has-nested-images columns-default is-cropped wp-block-gallery-3 is-layout-flex wp-block-gallery-is-layout-flex\">\n<figure class=\"wp-block-image size-large\"><span itemprop=\"image\" itemscope itemtype=\"https:\/\/schema.org\/ImageObject\"><img itemprop=\"url image\" loading=\"lazy\" decoding=\"async\" width=\"1024\" height=\"621\" data-id=\"451\" src=\"https:\/\/aviator-crash.org\/wp-content\/uploads\/2024\/01\/jetx-game-9-1024x621-1.png\" alt=\"\" class=\"wp-image-451\" srcset=\"https:\/\/aviator-crash.org\/wp-content\/uploads\/2024\/01\/jetx-game-9-1024x621-1.png 1024w, https:\/\/aviator-crash.org\/wp-content\/uploads\/2024\/01\/jetx-game-9-1024x621-1-300x182.png 300w, https:\/\/aviator-crash.org\/wp-content\/uploads\/2024\/01\/jetx-game-9-1024x621-1-768x466.png 768w\" sizes=\"(max-width: 1024px) 100vw, 1024px\" \/><meta itemprop=\"width\" content=\"1024\"><meta itemprop=\"height\" content=\"621\"><\/span><\/figure>\n<\/figure>\n\n<p>Mae gemau cyflym am arian yn aml yn defnyddio cerbyd fel y prif gymeriad. Yn Jet X mae angen i chi fonitro symudiad y jet. Fodd bynnag, ar un adeg bydd yn damwain ac yn diflannu o radar. A chyn hyn mae&#8217;n rhaid i&#8217;r defnyddiwr bwyso&#8217;r botwm yn ofalus i dynnu arian yn \u00f4l. Fel arall y casino sy&#8217;n ennill.    <\/p>\n\n<p>Mae&#8217;r g\u00eam yn un o&#8217;r goreuon, fe&#8217;i cyflwynir mewn llawer o casinos. Mae&#8217;r defnyddiwr yn gweld sgrin radar o&#8217;i flaen, sy&#8217;n dangos yr awyren a&#8217;r cyfernod. Mae&#8217;n cynyddu wrth i&#8217;r awyren gychwyn. Nid am ddim y mae Jet X wedi&#8217;i gynnwys yn y categori &#8220;Gemau gyda thynnu arian yn gyflym&#8221;; nid yw&#8217;r rownd yn para mwy nag ychydig funudau.   <\/p>\n\n<p>Yn y meysydd ochr, mae&#8217;r defnyddiwr yn gweld y canlyniadau a gafwyd mewn rowndiau blaenorol. Ar ben hynny, nodir ystadegau gwirioneddol yr holl ddefnyddwyr. Gall y chwaraewr osod dau bet ar un rownd; os oes angen, mae tynnu arian yn awtomatig yn cael ei actifadu. Mae damwain yn digwydd unrhyw bryd, hyd yn oed os yw&#8217;r ymladdwr newydd ddechrau codi uchder. Mae safleoedd gwybodaeth yn nodi cyfernod uchaf o x25000, ond nid yw un gamblwr wedi&#8217;i gyrraedd eto.    <\/p>\n\n<h2 class=\"wp-block-heading\">G\u00eam chwalu &#8211; Roced X<\/h2>\n\n<figure class=\"wp-block-gallery has-nested-images columns-default is-cropped wp-block-gallery-4 is-layout-flex wp-block-gallery-is-layout-flex\">\n<figure class=\"wp-block-image size-large\"><span itemprop=\"image\" itemscope itemtype=\"https:\/\/schema.org\/ImageObject\"><img itemprop=\"url image\" loading=\"lazy\" decoding=\"async\" width=\"1024\" height=\"448\" data-id=\"453\" src=\"https:\/\/aviator-crash.org\/wp-content\/uploads\/2024\/01\/screenshot-2022-11-29-at-12.55.42-1024x448.jpg\" alt=\"\" class=\"wp-image-453\" srcset=\"https:\/\/aviator-crash.org\/wp-content\/uploads\/2024\/01\/screenshot-2022-11-29-at-12.55.42-1024x448.jpg 1024w, https:\/\/aviator-crash.org\/wp-content\/uploads\/2024\/01\/screenshot-2022-11-29-at-12.55.42-300x131.jpg 300w, https:\/\/aviator-crash.org\/wp-content\/uploads\/2024\/01\/screenshot-2022-11-29-at-12.55.42-768x336.jpg 768w, https:\/\/aviator-crash.org\/wp-content\/uploads\/2024\/01\/screenshot-2022-11-29-at-12.55.42-1536x673.jpg 1536w, https:\/\/aviator-crash.org\/wp-content\/uploads\/2024\/01\/screenshot-2022-11-29-at-12.55.42-2048x897.jpg 2048w\" sizes=\"(max-width: 1024px) 100vw, 1024px\" \/><meta itemprop=\"width\" content=\"1024\"><meta itemprop=\"height\" content=\"448\"><\/span><\/figure>\n<\/figure>\n\n<p>Mae&#8217;r defnyddiwr yn gwylio&#8217;r roced yn codi. Gall osod bet o 0.1 i 140. Po hiraf y bydd yr hediad yn para, yr uchaf yw&#8217;r tebygolrwydd. Gall gamblwyr addasu&#8217;r g\u00eam drostynt eu hunain, defnyddio betiau awtomatig a thynnu arian yn \u00f4l. Mae angen gosodiadau lleiaf posibl ar gyfer y g\u00eam ddamwain. Ar \u00f4l hyn, gall y defnyddiwr fwynhau&#8217;r broses ysblennydd: ar \u00f4l i&#8217;r roced gael ei lansio, mae pluen llachar yn ymddangos, ac mae&#8217;r cyfernod hefyd yn cynyddu. Os nad oes tynnu&#8217;n \u00f4l yn awtomatig, mae&#8217;r chwaraewr yn dewis diwedd y rownd. Os na lwyddodd i wneud hyn cyn y ffrwydrad, mae&#8217;n parhau i fod ar ei golled. Gallwch ddod yn enillydd os ydych chi&#8217;n defnyddio strategaethau a thactegau amrywiol.        <\/p>\n\n<h2 class=\"wp-block-heading\">G\u00eam ddamwain &#8211; Space XY<\/h2>\n\n<figure class=\"wp-block-gallery has-nested-images columns-default is-cropped wp-block-gallery-5 is-layout-flex wp-block-gallery-is-layout-flex\">\n<figure class=\"wp-block-image size-large\"><span itemprop=\"image\" itemscope itemtype=\"https:\/\/schema.org\/ImageObject\"><img itemprop=\"url image\" loading=\"lazy\" decoding=\"async\" width=\"1024\" height=\"577\" data-id=\"455\" src=\"https:\/\/aviator-crash.org\/wp-content\/uploads\/2024\/01\/spacexy-gameplay-screen-1024x577-1.webp\" alt=\"\" class=\"wp-image-455\" srcset=\"https:\/\/aviator-crash.org\/wp-content\/uploads\/2024\/01\/spacexy-gameplay-screen-1024x577-1.webp 1024w, https:\/\/aviator-crash.org\/wp-content\/uploads\/2024\/01\/spacexy-gameplay-screen-1024x577-1-300x169.webp 300w, https:\/\/aviator-crash.org\/wp-content\/uploads\/2024\/01\/spacexy-gameplay-screen-1024x577-1-768x433.webp 768w\" sizes=\"(max-width: 1024px) 100vw, 1024px\" \/><meta itemprop=\"width\" content=\"1024\"><meta itemprop=\"height\" content=\"577\"><\/span><\/figure>\n<\/figure>\n\n<p>Mae gan g\u00eam damwain am arian nodweddion unigryw. Mae thema&#8217;r gofod yn ei gwneud hi&#8217;n fwy diddorol a deniadol i chwaraewyr. Mae llongau gofod, galaethau, creaduriaid estron, hyn i gyd ynghyd ag animeiddiad llachar a graffeg yn caniat\u00e1u ichi ymgolli&#8217;n llwyr ym myd hapchwarae. Space XY yw&#8217;r g\u00eam arian parod gyflym orau, mae ganddo gyfuniadau buddugol a nodweddion bonws. Gallwch ddod o hyd iddo mewn amrywiol casinos ar-lein, felly mae&#8217;r g\u00eam Crash ar gael i gynulleidfa eang. Gallwch chi chwarae am arian go iawn neu sglodion rhithwir; i wneud hyn, dechreuwch y modd demo.     <\/p>\n\n<h2 class=\"wp-block-heading\">Chwarae Cyflym &#8211; Arian Parod neu Damwain<\/h2>\n\n<figure class=\"wp-block-gallery has-nested-images columns-default is-cropped wp-block-gallery-6 is-layout-flex wp-block-gallery-is-layout-flex\">\n<figure class=\"wp-block-image size-large\"><span itemprop=\"image\" itemscope itemtype=\"https:\/\/schema.org\/ImageObject\"><img itemprop=\"url image\" loading=\"lazy\" decoding=\"async\" width=\"1024\" height=\"576\" data-id=\"457\" src=\"https:\/\/aviator-crash.org\/wp-content\/uploads\/2024\/01\/cash-or-crash-evolution-live-games-hollywoodbets-1024x576-1.jpg\" alt=\"\" class=\"wp-image-457\" srcset=\"https:\/\/aviator-crash.org\/wp-content\/uploads\/2024\/01\/cash-or-crash-evolution-live-games-hollywoodbets-1024x576-1.jpg 1024w, https:\/\/aviator-crash.org\/wp-content\/uploads\/2024\/01\/cash-or-crash-evolution-live-games-hollywoodbets-1024x576-1-300x169.jpg 300w, https:\/\/aviator-crash.org\/wp-content\/uploads\/2024\/01\/cash-or-crash-evolution-live-games-hollywoodbets-1024x576-1-768x432.jpg 768w\" sizes=\"(max-width: 1024px) 100vw, 1024px\" \/><meta itemprop=\"width\" content=\"1024\"><meta itemprop=\"height\" content=\"576\"><\/span><\/figure>\n<\/figure>\n\n<p>Mae&#8217;r chwaraewr yn cael ei hun mewn llong awyr sy&#8217;n symud dros fetropolis enfawr. Mae&#8217;r defnyddiwr yn gweld peiriant lle mae&#8217;r peli yn gymysg. Defnyddir 8 coch, 19 gwyrdd ac un b\u00eal aur. Mae angen i&#8217;r chwaraewr symud i fyny&#8217;r grisiau. I wneud hyn, rhaid iddo gasglu peli gwyrdd. Os yw&#8217;r canlyniad yn goch, mae&#8217;r rownd drosodd. Gellir defnyddio&#8217;r b\u00eal euraidd ar gyfer amddiffyn, mae&#8217;n rhoi bywyd ychwanegol.      <\/p>\n\n<p>Ar \u00f4l torri&#8217;r darian neu ollwng y b\u00eal werdd, gall y chwaraewr aros yn y g\u00eam gyda buddugoliaeth lawn neu ddod \u00e2&#8217;r rownd i ben. Mae ganddo hefyd y cyfle i dynnu hanner yr arian, a gyda&#8217;r swm sy&#8217;n weddill gallwch chi barhau \u00e2&#8217;r g\u00eam. Rhaid i&#8217;r gambler fynd trwy ugain lefel. Ar y cyntaf ohonynt mae&#8217;r lluosydd yn 1.2x, ac ar ben yr ysgol mae&#8217;n 18000x. Dim ond $5 sydd ei angen ar y chwaraewr i gael 90,000 o ganlyniad.    <\/p>\n\n<p>Gallwch chi lawrlwytho&#8217;r g\u00eam gyda thynnu arian yn gyflym mewn casino ar-lein. Mae angen dewis gwasanaeth dibynadwy gyda thrwydded; mae&#8217;n gwarantu cydymffurfiaeth \u00e2 rheolau&#8217;r rheolydd. Mae hyn yn golygu bod gan y casino yr arian i dalu hyd yn oed symiau mawr i&#8217;r enillwyr, ac mae&#8217;n cael archwiliadau mewnol a gwiriadau meddalwedd yn gyson. Mae&#8217;n bwysig astudio&#8217;r adolygiadau a gwefan y sefydliad. Os bydd defnyddiwr yn dod i safle twyllodrus, ni fydd yn derbyn adloniant gyda bonws ac enillion, ond bydd yn colli ei ddata personol neu&#8217;n heintio ei ddyfais \u00e2 firysau.    <\/p>\n","protected":false},"excerpt":{"rendered":"<p>Ymddangosodd y cysyniad o g\u00eam Crash yn gynnar yn y 2000au. Fodd bynnag, yn ystod yr ychydig flynyddoedd diwethaf maent wedi dod yn fwyfwy poblogaidd. Mae gemau ar gyfer gwneud arian yn gyflym yn cael eu cyflwyno ym mron pob casinos ar-lein. Mae pob rownd yn gyffrous, yn llawn adrenalin. Mae gan gemau cyflym g\u00eam [&hellip;]<\/p>\n","protected":false},"author":2,"featured_media":0,"parent":0,"menu_order":0,"comment_status":"closed","ping_status":"closed","template":"","meta":{"footnotes":""},"yoast_head":"<!-- This site is optimized with the Yoast SEO plugin v21.7 - https:\/\/yoast.com\/wordpress\/plugins\/seo\/ -->\n<title>Gemau damwain am arian (G\u00eam Crash ar-lein cyflym gyda thynnu arian)<\/title>\n<meta name=\"description\" content=\"Mae gemau damwain yn boblogaidd oherwydd eu bod yn rhoi cyfle i wneud arian cyflym. Mae gan gemau am arian gyda damwain reolau syml. Ar yr un pryd, maent yn gyffrous iawn ac yn gamblo.\" \/>\n<meta name=\"robots\" content=\"index, follow, max-snippet:-1, max-image-preview:large, max-video-preview:-1\" \/>\n<link rel=\"canonical\" href=\"https:\/\/aviator-crash.org\/cy\/gemau-cyflym-am-arian-ar-lein-gyda-thynnun-ol\/\" \/>\n<meta property=\"og:locale\" content=\"cy_GB\" \/>\n<meta property=\"og:type\" content=\"article\" \/>\n<meta property=\"og:title\" content=\"Gemau damwain am arian (G\u00eam Crash ar-lein cyflym gyda thynnu arian)\" \/>\n<meta property=\"og:description\" content=\"Mae gemau damwain yn boblogaidd oherwydd eu bod yn rhoi cyfle i wneud arian cyflym. Mae gan gemau am arian gyda damwain reolau syml. Ar yr un pryd, maent yn gyffrous iawn ac yn gamblo.\" \/>\n<meta property=\"og:url\" content=\"https:\/\/aviator-crash.org\/cy\/gemau-cyflym-am-arian-ar-lein-gyda-thynnun-ol\/\" \/>\n<meta property=\"article:modified_time\" content=\"2024-02-02T21:12:53+00:00\" \/>\n<meta property=\"og:image\" content=\"https:\/\/aviator-crash.org\/wp-content\/uploads\/2024\/01\/aviator-minigame-logo-4.png\" \/>\n<meta name=\"twitter:card\" content=\"summary_large_image\" \/>\n<meta name=\"twitter:label1\" content=\"Est. reading time\" \/>\n\t<meta name=\"twitter:data1\" content=\"6 minutes\" \/>\n<script type=\"application\/ld+json\" class=\"yoast-schema-graph\">{\"@context\":\"https:\/\/schema.org\",\"@graph\":[{\"@type\":\"WebPage\",\"@id\":\"https:\/\/aviator-crash.org\/cy\/gemau-cyflym-am-arian-ar-lein-gyda-thynnun-ol\/\",\"url\":\"https:\/\/aviator-crash.org\/cy\/gemau-cyflym-am-arian-ar-lein-gyda-thynnun-ol\/\",\"name\":\"Gemau damwain am arian (G\u00eam Crash ar-lein cyflym gyda thynnu arian)\",\"isPartOf\":{\"@id\":\"https:\/\/aviator-crash.org\/cy\/#website\"},\"datePublished\":\"2023-12-27T19:12:26+00:00\",\"dateModified\":\"2024-02-02T21:12:53+00:00\",\"description\":\"Mae gemau damwain yn boblogaidd oherwydd eu bod yn rhoi cyfle i wneud arian cyflym. Mae gan gemau am arian gyda damwain reolau syml. Ar yr un pryd, maent yn gyffrous iawn ac yn gamblo.\",\"breadcrumb\":{\"@id\":\"https:\/\/aviator-crash.org\/cy\/gemau-cyflym-am-arian-ar-lein-gyda-thynnun-ol\/#breadcrumb\"},\"inLanguage\":\"cy-GB\",\"potentialAction\":[{\"@type\":\"ReadAction\",\"target\":[\"https:\/\/aviator-crash.org\/cy\/gemau-cyflym-am-arian-ar-lein-gyda-thynnun-ol\/\"]}]},{\"@type\":\"BreadcrumbList\",\"@id\":\"https:\/\/aviator-crash.org\/cy\/gemau-cyflym-am-arian-ar-lein-gyda-thynnun-ol\/#breadcrumb\",\"itemListElement\":[{\"@type\":\"ListItem\",\"position\":1,\"name\":\"Home\",\"item\":\"https:\/\/aviator-crash.org\/cy\/gem-aviator-ar-lein-am-arian-go-iawn\/\"},{\"@type\":\"ListItem\",\"position\":2,\"name\":\"Gemau cyflym am arian ar-lein gyda thynnu&#8217;n \u00f4l\"}]},{\"@type\":\"WebSite\",\"@id\":\"https:\/\/aviator-crash.org\/cy\/#website\",\"url\":\"https:\/\/aviator-crash.org\/cy\/\",\"name\":\"\",\"description\":\"\",\"potentialAction\":[{\"@type\":\"SearchAction\",\"target\":{\"@type\":\"EntryPoint\",\"urlTemplate\":\"https:\/\/aviator-crash.org\/cy\/?s={search_term_string}\"},\"query-input\":\"required name=search_term_string\"}],\"inLanguage\":\"cy-GB\"}]}<\/script>\n<!-- \/ Yoast SEO plugin. -->","yoast_head_json":{"title":"Gemau damwain am arian (G\u00eam Crash ar-lein cyflym gyda thynnu arian)","description":"Mae gemau damwain yn boblogaidd oherwydd eu bod yn rhoi cyfle i wneud arian cyflym. Mae gan gemau am arian gyda damwain reolau syml. Ar yr un pryd, maent yn gyffrous iawn ac yn gamblo.","robots":{"index":"index","follow":"follow","max-snippet":"max-snippet:-1","max-image-preview":"max-image-preview:large","max-video-preview":"max-video-preview:-1"},"canonical":"https:\/\/aviator-crash.org\/cy\/gemau-cyflym-am-arian-ar-lein-gyda-thynnun-ol\/","og_locale":"cy_GB","og_type":"article","og_title":"Gemau damwain am arian (G\u00eam Crash ar-lein cyflym gyda thynnu arian)","og_description":"Mae gemau damwain yn boblogaidd oherwydd eu bod yn rhoi cyfle i wneud arian cyflym. Mae gan gemau am arian gyda damwain reolau syml. Ar yr un pryd, maent yn gyffrous iawn ac yn gamblo.","og_url":"https:\/\/aviator-crash.org\/cy\/gemau-cyflym-am-arian-ar-lein-gyda-thynnun-ol\/","article_modified_time":"2024-02-02T21:12:53+00:00","og_image":[{"url":"https:\/\/aviator-crash.org\/wp-content\/uploads\/2024\/01\/aviator-minigame-logo-4.png"}],"twitter_card":"summary_large_image","twitter_misc":{"Est. reading time":"6 minutes"},"schema":{"@context":"https:\/\/schema.org","@graph":[{"@type":"WebPage","@id":"https:\/\/aviator-crash.org\/cy\/gemau-cyflym-am-arian-ar-lein-gyda-thynnun-ol\/","url":"https:\/\/aviator-crash.org\/cy\/gemau-cyflym-am-arian-ar-lein-gyda-thynnun-ol\/","name":"Gemau damwain am arian (G\u00eam Crash ar-lein cyflym gyda thynnu arian)","isPartOf":{"@id":"https:\/\/aviator-crash.org\/cy\/#website"},"datePublished":"2023-12-27T19:12:26+00:00","dateModified":"2024-02-02T21:12:53+00:00","description":"Mae gemau damwain yn boblogaidd oherwydd eu bod yn rhoi cyfle i wneud arian cyflym. Mae gan gemau am arian gyda damwain reolau syml. Ar yr un pryd, maent yn gyffrous iawn ac yn gamblo.","breadcrumb":{"@id":"https:\/\/aviator-crash.org\/cy\/gemau-cyflym-am-arian-ar-lein-gyda-thynnun-ol\/#breadcrumb"},"inLanguage":"cy-GB","potentialAction":[{"@type":"ReadAction","target":["https:\/\/aviator-crash.org\/cy\/gemau-cyflym-am-arian-ar-lein-gyda-thynnun-ol\/"]}]},{"@type":"BreadcrumbList","@id":"https:\/\/aviator-crash.org\/cy\/gemau-cyflym-am-arian-ar-lein-gyda-thynnun-ol\/#breadcrumb","itemListElement":[{"@type":"ListItem","position":1,"name":"Home","item":"https:\/\/aviator-crash.org\/cy\/gem-aviator-ar-lein-am-arian-go-iawn\/"},{"@type":"ListItem","position":2,"name":"Gemau cyflym am arian ar-lein gyda thynnu&#8217;n \u00f4l"}]},{"@type":"WebSite","@id":"https:\/\/aviator-crash.org\/cy\/#website","url":"https:\/\/aviator-crash.org\/cy\/","name":"","description":"","potentialAction":[{"@type":"SearchAction","target":{"@type":"EntryPoint","urlTemplate":"https:\/\/aviator-crash.org\/cy\/?s={search_term_string}"},"query-input":"required name=search_term_string"}],"inLanguage":"cy-GB"}]}},"_links":{"self":[{"href":"https:\/\/aviator-crash.org\/cy\/wp-json\/wp\/v2\/pages\/5242"}],"collection":[{"href":"https:\/\/aviator-crash.org\/cy\/wp-json\/wp\/v2\/pages"}],"about":[{"href":"https:\/\/aviator-crash.org\/cy\/wp-json\/wp\/v2\/types\/page"}],"author":[{"embeddable":true,"href":"https:\/\/aviator-crash.org\/cy\/wp-json\/wp\/v2\/users\/2"}],"replies":[{"embeddable":true,"href":"https:\/\/aviator-crash.org\/cy\/wp-json\/wp\/v2\/comments?post=5242"}],"version-history":[{"count":3,"href":"https:\/\/aviator-crash.org\/cy\/wp-json\/wp\/v2\/pages\/5242\/revisions"}],"predecessor-version":[{"id":5252,"href":"https:\/\/aviator-crash.org\/cy\/wp-json\/wp\/v2\/pages\/5242\/revisions\/5252"}],"wp:attachment":[{"href":"https:\/\/aviator-crash.org\/cy\/wp-json\/wp\/v2\/media?parent=5242"}],"curies":[{"name":"wp","href":"https:\/\/api.w.org\/{rel}","templated":true}]}}