{"id":5277,"date":"2023-12-27T19:48:01","date_gmt":"2023-12-27T19:48:01","guid":{"rendered":"https:\/\/aviator-crash.org\/peiriant-slot-space-xy\/"},"modified":"2024-02-02T21:14:55","modified_gmt":"2024-02-02T21:14:55","slug":"peiriant-slot-space-xy","status":"publish","type":"page","link":"https:\/\/aviator-crash.org\/cy\/peiriant-slot-space-xy\/","title":{"rendered":"Peiriant slot Space XY"},"content":{"rendered":"\n<figure class=\"wp-block-gallery has-nested-images columns-default is-cropped wp-block-gallery-1 is-layout-flex wp-block-gallery-is-layout-flex\">\n<figure class=\"wp-block-image size-large\"><span itemprop=\"image\" itemscope itemtype=\"https:\/\/schema.org\/ImageObject\"><img itemprop=\"url image\" loading=\"lazy\" decoding=\"async\" width=\"1024\" height=\"445\" data-id=\"469\" src=\"https:\/\/aviator-crash.org\/wp-content\/uploads\/2024\/01\/bgaming-game-release-1024x445.jpg\" alt=\"\" class=\"wp-image-469\" srcset=\"https:\/\/aviator-crash.org\/wp-content\/uploads\/2024\/01\/bgaming-game-release-1024x445.jpg 1024w, https:\/\/aviator-crash.org\/wp-content\/uploads\/2024\/01\/bgaming-game-release-300x131.jpg 300w, https:\/\/aviator-crash.org\/wp-content\/uploads\/2024\/01\/bgaming-game-release-768x334.jpg 768w, https:\/\/aviator-crash.org\/wp-content\/uploads\/2024\/01\/bgaming-game-release.jpg 1200w\" sizes=\"(max-width: 1024px) 100vw, 1024px\" \/><meta itemprop=\"width\" content=\"1024\"><meta itemprop=\"height\" content=\"445\"><\/span><\/figure>\n<\/figure>\n\n<p>Croeso i fyd Space XY, lle mae pob seren yn antur newydd, a phob galaeth yn faes i&#8217;w archwilio. Mae&#8217;r g\u00eam ofod gyffrous hon yn cynnig cyfle i chwaraewyr nid yn unig archwilio eangderau helaeth y bydysawd, ond hefyd i ddod yn archwilwyr gofod go iawn. <\/p>\n\n<p>G\u00eam sy&#8217;n denu sylw o&#8217;r eiliadau cyntaf yw Space XY. Gallwch chi lawrlwytho&#8217;r cais am Android ar wefan swyddogol bwci Odin Vin. Yma fe welwch yr anturiaethau gorau a difyrrwch bythgofiadwy. Mewngofnodi i&#8217;ch cyfrif personol, gosod betiau ac ennill yn Space XY.   <\/p>\n\n<h2 class=\"wp-block-heading\">Mantais g\u00eam ar-lein Gofod XY<\/h2>\n\n<p>Mae Space XY yn g\u00eam sy&#8217;n cynnig brwydrau gofod cyffrous lle gallwch chi brofi&#8217;ch sgiliau peilota. Addaswch eich llong ofod, brwydro yn erbyn bygythiadau estron, a chymryd rhan mewn brwydrau gofod epig a fydd yn pennu eich tynged yn yr ehangder helaeth hwn. <\/p>\n\n<p>Ymhlith manteision allweddol y g\u00eam hon mae&#8217;n werth tynnu sylw at y canlynol:<\/p>\n\n<ul>\n<li>Plot dwfn. Nid anturiaethau gofod yn unig yw Space XY. Mae plot cyfoethog, posau cymhleth a phenderfyniadau pwysig yn creu profiad unigryw sy&#8217;n dibynnu ar eich dewisiadau.  <\/li>\n\n\n\n<li>Mae pob penderfyniad yn effeithio ar gwrs y g\u00eam. Dyna pam y bydd angen strategaeth arnoch yn Space XY i ennill ac ennill cymaint o bwyntiau \u00e2 phosibl. <\/li>\n\n\n\n<li>Posibilrwydd o addasu unigol. Un o elfennau allweddol Space XY yw&#8217;r gallu i addasu eich llong ofod i weddu i&#8217;ch dewisiadau. Dewiswch addasiadau unigryw, gwella technoleg a chreu llong a fydd yn adlewyrchu eich steil a&#8217;ch strategaeth.  <\/li>\n\n\n\n<li>Teithio galaethol. Mae Space XY yn agor llawer o alaethau i chi, pob un ohonynt yn llawn bydoedd rhyfeddol, arteffactau dirgel ac anturiaethau peryglus. Archwiliwch blanedau heb eu siartio, cwrdd \u00e2 hiliau amrywiol a chymryd rhan mewn straeon gofod diddorol. Y cyfan sydd angen i chi ddechrau ymgolli yn y stori yw deall Space XY sut i osod y g\u00eam.   <\/li>\n\n\n\n<li>Digwyddiadau a chenadaethau wythnosol. Mae&#8217;r g\u00eam ar-lein yn cael ei diweddaru&#8217;n gyson gyda digwyddiadau, cenadaethau a heriau newydd, sy&#8217;n eich galluogi i ddod o hyd i nodau newydd i&#8217;w cyflawni bob amser. Cymryd rhan mewn digwyddiadau wythnosol, cystadlu am wobrau, ac edmygu&#8217;r cyfleoedd unigryw a ddarperir i chi bob wythnos.  <\/li>\n<\/ul>\n\n<h2 class=\"wp-block-heading\">Sut i chwarae Space XY<\/h2>\n\n<p>I gychwyn eich antur gofod yn Space XY, y cam cyntaf yw gosod y g\u00eam. Yna bydd angen i chi greu eich cyfrif, a fydd yn sicrhau bod eich cynnydd a&#8217;ch galluoedd ar-lein yn cael eu cadw. Ar \u00f4l cofrestru, personolwch eich llong ofod gyda dyluniadau ac uwchraddiadau unigryw. Ymgollwch ym myd Space XY, gan archwilio galaethau, rhyngweithio \u00e2 bydoedd gwahanol a chwblhau cenadaethau trwy lawrlwytho Space XY.   <\/p>\n\n<p>Mae brwydrau gofod yn agwedd allweddol ar y g\u00eam. Heriwch fygythiadau estron a chwaraewyr eraill mewn amser real gan ddefnyddio&#8217;ch sgiliau strategol. Cymryd rhan mewn digwyddiadau a chenadaethau i dderbyn gwobrau ac uwchraddiadau. Mae cyfathrebu \u00e2 chwaraewyr eraill hefyd yn bwysig &#8211; creu cynghreiriau, cyfnewid profiadau a strategaethau.   <\/p>\n\n<p>Ar y cyfan, mae trochi eich hun yn Space XY yn gofyn am archwilio, ymladd, a rhyngweithio \u00e2&#8217;r byd cosmig sy&#8217;n aros am eich darganfyddiad.<\/p>\n\n<h2 class=\"wp-block-heading\">Sut i ennill yn Space XY<\/h2>\n\n<p>Ym myd Space XY, mae&#8217;r allwedd i g\u00eam lwyddiannus yn gorwedd mewn archwiliad dwfn o&#8217;r bydysawd ac addasu hyblyg i heriau amrywiol. Esblygwch eich llong ofod, addaswch hi yn unol ag anghenion a gofynion unigryw&#8217;r sefyllfa bresennol. A bydd bonysau Space XY yn caniat\u00e1u ichi gynyddu eich siawns o ennill.  <\/p>\n\n<p>Cymryd agwedd strategol at frwydrau gofod, gan roi sylw i ddeinameg brwydrau a ffactorau allanol. Arsylwch ymddygiad chwaraewyr eraill ac addaswch eich tactegau yn \u00f4l eu gweithredoedd. Mae strategaeth Space XY yn agwedd allweddol sydd ei hangen ar gyfer g\u00eam lwyddiannus.  <\/p>\n\n<p>Cymryd rhan weithredol mewn digwyddiadau a theithiau sy&#8217;n rhoi&#8217;r cyfle i gael adnoddau gwerthfawr ac uwchraddio ar gyfer eich llong. Fodd bynnag, cofiwch y gall eich gweithredoedd a&#8217;ch penderfyniadau effeithio ar gwrs y g\u00eam a rhyngweithio \u00e2 chwaraewyr eraill. <\/p>\n\n<h2 class=\"wp-block-heading\">Rheolau&#8217;r g\u00eam yn Space XY<\/h2>\n\n<p>Ym myd Gofod XY, mae yna ychydig o reolau sylfaenol a fydd yn eich helpu i lywio a llwyddo yn eich anturiaethau gofod. Mae angen i chi eu dysgu cyn i chi ddechrau chwarae Space XY: <\/p>\n\n<ol>\n<li>Archwiliwch wahanol alaethau, planedau ac asteroidau.<\/li>\n\n\n\n<li>Uwchraddio&#8217;ch llong, datblygu tactegau a chymryd rhan mewn gornestau gofod i amddiffyn eich diddordebau.<\/li>\n\n\n\n<li>Sicrhewch adnoddau, eu prosesu a&#8217;u defnyddio i wella&#8217;ch llong, adeiladu canolfannau, ymchwil a masnach.<\/li>\n\n\n\n<li>Cymryd rhan weithredol mewn digwyddiadau a chenadaethau i dderbyn gwobrau unigryw ac ehangu eich galluoedd yn y g\u00eam.<\/li>\n\n\n\n<li>Ymchwiliwch i dechnolegau newydd i wella&#8217;ch amddiffyniad llong a sylfaen.<\/li>\n\n\n\n<li>Creu cynghreiriau gyda chwaraewyr eraill i ymuno yn y frwydr am nodau cyffredin a datblygu strategaethau yn y g\u00eam Space XY sut i ennill.<\/li>\n\n\n\n<li>Cymerwch ran mewn cystadlaethau a dilynwch y safleoedd i fesur eich cynnydd a chymharu eich cyflawniadau gyda chwaraewyr eraill.<\/li>\n<\/ol>\n\n<p>Bydd dilyn y rheolau hyn yn eich helpu i fwynhau&#8217;r profiad gofod yn Space XY yn llawn a sicrhau llwyddiant yn ehangder y gofod.<\/p>\n\n<h2 class=\"wp-block-heading\">Codau hyrwyddo<\/h2>\n\n<p>Y ffordd orau o gael y codau diweddaraf yw dilyn sianeli cyfathrebu swyddogol y g\u00eam. Gallai hyn fod yn wefan swyddogol, cyfryngau cymdeithasol, fforymau, neu restr e-bost. Defnyddir codau hyrwyddo mewn g\u00eam fel Space XY i roi bonysau a buddion amrywiol i chwaraewyr.  <\/p>\n\n<p>Gall codau hyrwyddo ddarparu adnoddau am ddim fel credydau, ynni neu arian cyfred arall yn y g\u00eam. Mae rhai opsiynau yn darparu mynediad at uwchraddiadau neu uwchraddiadau unigryw ar gyfer llongau gofod, canolfannau ac elfennau g\u00eam eraill. Yn adolygiadau Space XY gallwch ddod o hyd i lawer o awgrymiadau ar sut i ddefnyddio taliadau bonws o&#8217;r fath yn iawn.  <\/p>\n\n<p>Gellir dosbarthu codau hyrwyddo fel rhan o ddigwyddiadau arbennig, cystadlaethau neu hyrwyddiadau, gan annog chwaraewyr i gymryd rhan mewn amrywiol weithgareddau.<\/p>\n\n<h2 class=\"wp-block-heading\">Adolygiadau<\/h2>\n\n<p>Dyma rai adolygiadau defnyddwyr sy&#8217;n cadarnhau poblogrwydd eang y cais hwn:<\/p>\n","protected":false},"excerpt":{"rendered":"<p>Croeso i fyd Space XY, lle mae pob seren yn antur newydd, a phob galaeth yn faes i&#8217;w archwilio. Mae&#8217;r g\u00eam ofod gyffrous hon yn cynnig cyfle i chwaraewyr nid yn unig archwilio eangderau helaeth y bydysawd, ond hefyd i ddod yn archwilwyr gofod go iawn. G\u00eam sy&#8217;n denu sylw o&#8217;r eiliadau cyntaf yw Space [&hellip;]<\/p>\n","protected":false},"author":2,"featured_media":0,"parent":0,"menu_order":0,"comment_status":"open","ping_status":"closed","template":"","meta":{"footnotes":""},"yoast_head":"<!-- This site is optimized with the Yoast SEO plugin v21.7 - https:\/\/yoast.com\/wordpress\/plugins\/seo\/ -->\n<title>G\u00eam Space XY mewn casino, lawrlwythwch<\/title>\n<meta name=\"description\" content=\"G\u00eam ddiddorol i&#039;r rhai sy&#039;n caru cyffro a risgiau uchel. Dadlwythwch a mwynhewch broses hapchwarae g\u00eam casino Space XY. Plymiwch i fyd risg ac anturiaethau bythgofiadwy. Astudiwch reolau a nodweddion y g\u00eam yn ofalus i ennill.\" \/>\n<meta name=\"robots\" content=\"index, follow, max-snippet:-1, max-image-preview:large, max-video-preview:-1\" \/>\n<link rel=\"canonical\" href=\"https:\/\/aviator-crash.org\/cy\/peiriant-slot-space-xy\/\" \/>\n<meta property=\"og:locale\" content=\"cy_GB\" \/>\n<meta property=\"og:type\" content=\"article\" \/>\n<meta property=\"og:title\" content=\"G\u00eam Space XY mewn casino, lawrlwythwch\" \/>\n<meta property=\"og:description\" content=\"G\u00eam ddiddorol i&#039;r rhai sy&#039;n caru cyffro a risgiau uchel. Dadlwythwch a mwynhewch broses hapchwarae g\u00eam casino Space XY. Plymiwch i fyd risg ac anturiaethau bythgofiadwy. Astudiwch reolau a nodweddion y g\u00eam yn ofalus i ennill.\" \/>\n<meta property=\"og:url\" content=\"https:\/\/aviator-crash.org\/cy\/peiriant-slot-space-xy\/\" \/>\n<meta property=\"article:modified_time\" content=\"2024-02-02T21:14:55+00:00\" \/>\n<meta property=\"og:image\" content=\"https:\/\/aviator-crash.org\/wp-content\/uploads\/2024\/01\/bgaming-game-release-1024x445.jpg\" \/>\n<meta name=\"twitter:card\" content=\"summary_large_image\" \/>\n<meta name=\"twitter:label1\" content=\"Est. reading time\" \/>\n\t<meta name=\"twitter:data1\" content=\"5 minutes\" \/>\n<script type=\"application\/ld+json\" class=\"yoast-schema-graph\">{\"@context\":\"https:\/\/schema.org\",\"@graph\":[{\"@type\":\"WebPage\",\"@id\":\"https:\/\/aviator-crash.org\/cy\/peiriant-slot-space-xy\/\",\"url\":\"https:\/\/aviator-crash.org\/cy\/peiriant-slot-space-xy\/\",\"name\":\"G\u00eam Space XY mewn casino, lawrlwythwch\",\"isPartOf\":{\"@id\":\"https:\/\/aviator-crash.org\/cy\/#website\"},\"datePublished\":\"2023-12-27T19:48:01+00:00\",\"dateModified\":\"2024-02-02T21:14:55+00:00\",\"description\":\"G\u00eam ddiddorol i'r rhai sy'n caru cyffro a risgiau uchel. Dadlwythwch a mwynhewch broses hapchwarae g\u00eam casino Space XY. Plymiwch i fyd risg ac anturiaethau bythgofiadwy. Astudiwch reolau a nodweddion y g\u00eam yn ofalus i ennill.\",\"breadcrumb\":{\"@id\":\"https:\/\/aviator-crash.org\/cy\/peiriant-slot-space-xy\/#breadcrumb\"},\"inLanguage\":\"cy-GB\",\"potentialAction\":[{\"@type\":\"ReadAction\",\"target\":[\"https:\/\/aviator-crash.org\/cy\/peiriant-slot-space-xy\/\"]}]},{\"@type\":\"BreadcrumbList\",\"@id\":\"https:\/\/aviator-crash.org\/cy\/peiriant-slot-space-xy\/#breadcrumb\",\"itemListElement\":[{\"@type\":\"ListItem\",\"position\":1,\"name\":\"Home\",\"item\":\"https:\/\/aviator-crash.org\/cy\/gem-aviator-ar-lein-am-arian-go-iawn\/\"},{\"@type\":\"ListItem\",\"position\":2,\"name\":\"Peiriant slot Space XY\"}]},{\"@type\":\"WebSite\",\"@id\":\"https:\/\/aviator-crash.org\/cy\/#website\",\"url\":\"https:\/\/aviator-crash.org\/cy\/\",\"name\":\"\",\"description\":\"\",\"potentialAction\":[{\"@type\":\"SearchAction\",\"target\":{\"@type\":\"EntryPoint\",\"urlTemplate\":\"https:\/\/aviator-crash.org\/cy\/?s={search_term_string}\"},\"query-input\":\"required name=search_term_string\"}],\"inLanguage\":\"cy-GB\"}]}<\/script>\n<!-- \/ Yoast SEO plugin. -->","yoast_head_json":{"title":"G\u00eam Space XY mewn casino, lawrlwythwch","description":"G\u00eam ddiddorol i'r rhai sy'n caru cyffro a risgiau uchel. Dadlwythwch a mwynhewch broses hapchwarae g\u00eam casino Space XY. Plymiwch i fyd risg ac anturiaethau bythgofiadwy. Astudiwch reolau a nodweddion y g\u00eam yn ofalus i ennill.","robots":{"index":"index","follow":"follow","max-snippet":"max-snippet:-1","max-image-preview":"max-image-preview:large","max-video-preview":"max-video-preview:-1"},"canonical":"https:\/\/aviator-crash.org\/cy\/peiriant-slot-space-xy\/","og_locale":"cy_GB","og_type":"article","og_title":"G\u00eam Space XY mewn casino, lawrlwythwch","og_description":"G\u00eam ddiddorol i'r rhai sy'n caru cyffro a risgiau uchel. Dadlwythwch a mwynhewch broses hapchwarae g\u00eam casino Space XY. Plymiwch i fyd risg ac anturiaethau bythgofiadwy. Astudiwch reolau a nodweddion y g\u00eam yn ofalus i ennill.","og_url":"https:\/\/aviator-crash.org\/cy\/peiriant-slot-space-xy\/","article_modified_time":"2024-02-02T21:14:55+00:00","og_image":[{"url":"https:\/\/aviator-crash.org\/wp-content\/uploads\/2024\/01\/bgaming-game-release-1024x445.jpg"}],"twitter_card":"summary_large_image","twitter_misc":{"Est. reading time":"5 minutes"},"schema":{"@context":"https:\/\/schema.org","@graph":[{"@type":"WebPage","@id":"https:\/\/aviator-crash.org\/cy\/peiriant-slot-space-xy\/","url":"https:\/\/aviator-crash.org\/cy\/peiriant-slot-space-xy\/","name":"G\u00eam Space XY mewn casino, lawrlwythwch","isPartOf":{"@id":"https:\/\/aviator-crash.org\/cy\/#website"},"datePublished":"2023-12-27T19:48:01+00:00","dateModified":"2024-02-02T21:14:55+00:00","description":"G\u00eam ddiddorol i'r rhai sy'n caru cyffro a risgiau uchel. Dadlwythwch a mwynhewch broses hapchwarae g\u00eam casino Space XY. Plymiwch i fyd risg ac anturiaethau bythgofiadwy. Astudiwch reolau a nodweddion y g\u00eam yn ofalus i ennill.","breadcrumb":{"@id":"https:\/\/aviator-crash.org\/cy\/peiriant-slot-space-xy\/#breadcrumb"},"inLanguage":"cy-GB","potentialAction":[{"@type":"ReadAction","target":["https:\/\/aviator-crash.org\/cy\/peiriant-slot-space-xy\/"]}]},{"@type":"BreadcrumbList","@id":"https:\/\/aviator-crash.org\/cy\/peiriant-slot-space-xy\/#breadcrumb","itemListElement":[{"@type":"ListItem","position":1,"name":"Home","item":"https:\/\/aviator-crash.org\/cy\/gem-aviator-ar-lein-am-arian-go-iawn\/"},{"@type":"ListItem","position":2,"name":"Peiriant slot Space XY"}]},{"@type":"WebSite","@id":"https:\/\/aviator-crash.org\/cy\/#website","url":"https:\/\/aviator-crash.org\/cy\/","name":"","description":"","potentialAction":[{"@type":"SearchAction","target":{"@type":"EntryPoint","urlTemplate":"https:\/\/aviator-crash.org\/cy\/?s={search_term_string}"},"query-input":"required name=search_term_string"}],"inLanguage":"cy-GB"}]}},"_links":{"self":[{"href":"https:\/\/aviator-crash.org\/cy\/wp-json\/wp\/v2\/pages\/5277"}],"collection":[{"href":"https:\/\/aviator-crash.org\/cy\/wp-json\/wp\/v2\/pages"}],"about":[{"href":"https:\/\/aviator-crash.org\/cy\/wp-json\/wp\/v2\/types\/page"}],"author":[{"embeddable":true,"href":"https:\/\/aviator-crash.org\/cy\/wp-json\/wp\/v2\/users\/2"}],"replies":[{"embeddable":true,"href":"https:\/\/aviator-crash.org\/cy\/wp-json\/wp\/v2\/comments?post=5277"}],"version-history":[{"count":1,"href":"https:\/\/aviator-crash.org\/cy\/wp-json\/wp\/v2\/pages\/5277\/revisions"}],"predecessor-version":[{"id":5279,"href":"https:\/\/aviator-crash.org\/cy\/wp-json\/wp\/v2\/pages\/5277\/revisions\/5279"}],"wp:attachment":[{"href":"https:\/\/aviator-crash.org\/cy\/wp-json\/wp\/v2\/media?parent=5277"}],"curies":[{"name":"wp","href":"https:\/\/api.w.org\/{rel}","templated":true}]}}