{"id":5318,"date":"2023-12-27T19:40:59","date_gmt":"2023-12-27T19:40:59","guid":{"rendered":"https:\/\/aviator-crash.org\/chwarae-rocket-x\/"},"modified":"2024-02-02T21:18:34","modified_gmt":"2024-02-02T21:18:34","slug":"chwarae-rocket-x","status":"publish","type":"page","link":"https:\/\/aviator-crash.org\/cy\/chwarae-rocket-x\/","title":{"rendered":"Chwarae Rocket X"},"content":{"rendered":"\n<figure class=\"wp-block-gallery has-nested-images columns-default is-cropped wp-block-gallery-1 is-layout-flex wp-block-gallery-is-layout-flex\">\n<figure class=\"wp-block-image size-large\"><span itemprop=\"image\" itemscope itemtype=\"https:\/\/schema.org\/ImageObject\"><img itemprop=\"url image\" loading=\"lazy\" decoding=\"async\" width=\"1024\" height=\"761\" data-id=\"472\" src=\"https:\/\/aviator-crash.org\/wp-content\/uploads\/2024\/01\/rocket-x-1024x761.webp\" alt=\"\" class=\"wp-image-472\" srcset=\"https:\/\/aviator-crash.org\/wp-content\/uploads\/2024\/01\/rocket-x-1024x761.webp 1024w, https:\/\/aviator-crash.org\/wp-content\/uploads\/2024\/01\/rocket-x-300x223.webp 300w, https:\/\/aviator-crash.org\/wp-content\/uploads\/2024\/01\/rocket-x-768x571.webp 768w, https:\/\/aviator-crash.org\/wp-content\/uploads\/2024\/01\/rocket-x.webp 1200w\" sizes=\"(max-width: 1024px) 100vw, 1024px\" \/><meta itemprop=\"width\" content=\"1024\"><meta itemprop=\"height\" content=\"761\"><\/span><\/figure>\n<\/figure>\n\n<p>Mae&#8217;r g\u00eam aml-chwaraewr Rocket X yn eich gwahodd i blymio i antur gyffrous ac ennill arian go iawn. Gallwch ei lawrlwytho am ddim ar unrhyw un o&#8217;ch dyfeisiau a mwynhau g\u00eam wych ar eich pen eich hun ac ar y cyd \u00e2&#8217;ch ffrindiau a chwaraewyr eraill. I wneud hyn, ewch i&#8217;r porth bwci swyddogol Odin Vin a dadlwythwch g\u00eam Rocket X ar gyfer Android am ddim. I ddechrau&#8217;r g\u00eam, ewch i&#8217;ch cyfrif personol trwy gofrestru neu fewngofnodi. Dim ond ychydig funudau y bydd yn ei gymryd, ond gallwch chi ddechrau chwarae ar unwaith a mwynhau&#8217;r broses.    <\/p>\n\n<h2 class=\"wp-block-heading\"><strong>Manteision chwarae Rocket X ar-lein<\/strong><\/h2>\n\n<p>Mae galw mawr am hapchwarae yn y byd modern. Maent yn caniat\u00e1u ichi gael amser gwych a hefyd ennill bron unrhyw swm o arian heb adael eich cartref. Yn ei dro, ystyrir Rocket X yn un o&#8217;r rhai mwyaf poblogaidd o&#8217;i fath. Mae gan y g\u00eam hon lawer o fanteision, gan gynnwys y canlynol:   <\/p>\n\n<ul>\n<li>Mae adolygiadau Rocket X yn hynod gadarnhaol, sy&#8217;n dangos bod y cymhwysiad hwn yn hynod boblogaidd ymhlith chwaraewyr o bob cwr o&#8217;r byd.<\/li>\n\n\n\n<li>Modd aml-chwaraewr. Y gallu i chwarae mewn amser real, gan fwynhau&#8217;r broses gyda&#8217;ch ffrindiau neu ddefnyddwyr eraill o bob cwr o&#8217;r byd ar-lein. <\/li>\n\n\n\n<li>Rasio deinamig. Roedd gameplay yn canolbwyntio ar rasio cyflym a deinamig gydag amrywiaeth o draciau a rhwystrau. <\/li>\n\n\n\n<li>Lleoliadau unigryw. Lleoliadau g\u00eam amrywiol a lliwgar sy&#8217;n cynnig amodau gwahanol ar gyfer rasio. <\/li>\n\n\n\n<li>Triciau a gwelliannau. Y gallu i berfformio triciau a gwella&#8217;ch peiriant hedfan gyda gwahanol uwchraddiadau. Y cyfan sy&#8217;n rhaid i chi ei wneud yw lawrlwytho Rocket X i&#8217;ch dyfais a chofrestru.  <\/li>\n\n\n\n<li>System dilyniant. System ddilyniant a ystyriwyd yn ofalus gyda datgloi lefelau, cerbydau a chynnwys arall newydd wrth i chi symud ymlaen yn y g\u00eam. <\/li>\n\n\n\n<li>Argaeledd nifer fawr o fonysau. Y cyfle i dderbyn taliadau bonws, cyflawniadau a gwobrau eraill am gwblhau lefelau yn llwyddiannus neu gwblhau tasgau arbennig. <\/li>\n\n\n\n<li>Graffeg ardderchog a sain anhygoel. Graffeg a sain o ansawdd uchel i greu awyrgylch gweledol a chlywedol trawiadol. <\/li>\n<\/ul>\n\n<p>Mae nifer o fanteision yn gwneud y g\u00eam hon yn eithaf poblogaidd ymhlith cefnogwyr cymwysiadau gamblo. Mae adolygiadau g\u00eam Rocket X yn gadarnhaol ar y cyfan, sydd unwaith eto yn cadarnhau&#8217;r ffaith uchod. Os ydych chi am gael amser gwych, yna&#8217;r cais hwn yw&#8217;r opsiwn gorau.  <\/p>\n\n<h2 class=\"wp-block-heading\">Sut i chwarae Rocket X<\/h2>\n\n<p>Mantais arall y g\u00eam hon yw bod ganddi reolau syml a chlir y gall pawb eu deall yn gyflym. Y peth cyntaf sydd angen i chi ei wneud yw cofrestru neu fewngofnodi i&#8217;ch cyfrif personol. Mae&#8217;r opsiwn hwn yn hynod gyfleus, gan y bydd yr holl gynnydd yn cael ei gadw&#8217;n awtomatig.  <\/p>\n\n<p>Yr ail gam y mae angen i chi ei gymryd yw ychwanegu at eich cyfrif hapchwarae. Nesaf, ewch i&#8217;r dudalen a lansio&#8217;r efelychydd. Bydd y g\u00eam yn dechrau ar \u00f4l i chi osod eich bet. Mae&#8217;r swm yn unigol ac yn dibynnu ar eich dewisiadau a&#8217;ch strategaeth yn unig.   <\/p>\n\n<p>Mae gwefan swyddogol Rocket X yn cynnig digon o gyfleoedd i chi chwarae. Mae yna foddau unigol ac aml-chwaraewr, sy&#8217;n eich galluogi i fwynhau&#8217;r g\u00eam ar-lein gyda ffrindiau neu chwaraewyr eraill ar y Rhyngrwyd. Mae&#8217;r holl reolau sylfaenol wedi&#8217;u nodi ar y wefan. Yn ogystal, gallwch chi gymryd hyfforddiant cyn dechrau deall hanfod y g\u00eam yn well a dechrau ennill arian o&#8217;r cychwyn cyntaf.   <\/p>\n\n<p>Ar \u00f4l i chi osod eich bet, mae&#8217;n rhaid i chi aros am y canlyniad. Mae&#8217;r broses yn eithaf cyffrous, gan fod y gwerthoedd yn newid yn eithaf cyflym, ac mae bron yn amhosibl rhagweld beth fydd yn y diwedd. <\/p>\n\n<h2 class=\"wp-block-heading\">Sut i ennill yn Rocket X<\/h2>\n\n<p>Fel sydd eisoes wedi dod yn amlwg, yn y g\u00eam mae&#8217;n hynod bwysig dewis yr eiliad iawn fel nad yw&#8217;r betiau&#8217;n llosgi allan a bod y siawns mor broffidiol \u00e2 phosib. Mae <em>strategaeth Rocket X<\/em> a ddatblygwyd yn unigol yn berffaith ar gyfer hyn. Er mwyn ei ddatblygu, mae&#8217;n ddigon i astudio gemau blaenorol, dadansoddi&#8217;r canlyniadau a dewis y dull chwarae a fydd fwyaf proffidiol.  <\/p>\n\n<p>Mae&#8217;r strategaeth ar Rocket X yn opsiwn ennill-ennill, gan ei fod yn seiliedig ar brofiad blaenorol ac yn eich helpu i ddeall sut mae&#8217;r system yn gweithio a sut i gael y cyfraddau buddugol uchaf o ganlyniad. Mae&#8217;r g\u00eam hon yn profi nad yw lwc yn unig yn ddigon i&#8217;w hennill. Bydd angen system gyfrifo ods Rocket X arnoch hefyd.  <\/p>\n\n<h2 class=\"wp-block-heading\">Rheolau&#8217;r g\u00eam yn Rocket X<\/h2>\n\n<p>Yng nghanol y plot mae person enwog &#8211; Elon Musk, neu yn hytrach ei gopi cart\u0175n, y bydd defnyddwyr yn ei reoli trwy gydol y g\u00eam. Mae&#8217;r g\u00eam hon yn berffaith ar gyfer y rhai sy&#8217;n caru cyffro a risgiau. Mae rheolau&#8217;r g\u00eam yma bron yn union yr un fath \u00e2 rhai cymwysiadau tebyg eraill. Cyn i chi ddechrau g\u00eam ddamwain Rocket X, mae angen i chi osod eich betiau ac yna eu gwylio&#8217;n tyfu. Gallwch chi dynnu&#8217;ch bet yn \u00f4l ar unrhyw adeg, ond mae&#8217;n bwysig bod yn ofalus: os gwnewch chi&#8217;n rhy gynnar neu&#8217;n rhy hwyr, byddwch chi&#8217;n colli. Mae&#8217;n hynod bwysig dewis yr eiliad iawn.     <\/p>\n\n<p>Os ydych chi&#8217;n meddwl bod y g\u00eam yn eithaf syml ac undonog, yna rydych chi&#8217;n camgymryd. Risgiau uchel, polion, dynameg &#8211; gallwch ddod o hyd i hyn i gyd yma. Gallwch ddarllen mwy am y rheolau ar y dudalen swyddogol.  <\/p>\n\n<h2 class=\"wp-block-heading\">Codau hyrwyddo<\/h2>\n\n<p>Gall llwyfannau hapchwarae, casinos neu ddatblygwyr ddarparu codau hyrwyddo mewn hapchwarae er mwyn denu chwaraewyr newydd, annog teyrngarwch neu gynnal hyrwyddiadau arbennig. Os ydych chi am gael amser gwych a chynyddu eich siawns o ennill yn y g\u00eam Rocket X 1win, yna gallwch chi fanteisio&#8217;n hawdd ar y codau hyrwyddo sydd ar gael. Gallwch ddod o hyd iddynt mewn sawl ffynhonnell:  <\/p>\n\n<ul>\n<li>Porth gwe swyddogol Odin Vin.<\/li>\n\n\n\n<li>Rhestrau postio (dyma pam yr argymhellir tanysgrifio i restrau postio o&#8217;r wefan yn syth ar \u00f4l cofrestru).<\/li>\n\n\n\n<li>Rhwydweithiau cymdeithasol a fforymau arbennig.<\/li>\n\n\n\n<li>Rhaglenni partneriaeth.<\/li>\n<\/ul>\n\n<p>Cofiwch ei bod yn bwysig bod yn ofalus a defnyddio codau hyrwyddo, gan ddilyn rheolau ac amodau&#8217;r g\u00eam, er mwyn osgoi camddealltwriaeth a sefyllfaoedd annymunol.<\/p>\n\n<h2 class=\"wp-block-heading\">Adolygiadau<\/h2>\n\n<p>Gan ystyried adolygiadau defnyddwyr, gallwn ddod i&#8217;r casgliad bod y g\u00eam hon yn cael ei hystyried yn un o&#8217;r rhai mwyaf poblogaidd o&#8217;i bath, gyda nifer o fanteision a nodweddion. Dyma rai adolygiadau 1win Rocket X: <\/p>\n","protected":false},"excerpt":{"rendered":"<p>Mae&#8217;r g\u00eam aml-chwaraewr Rocket X yn eich gwahodd i blymio i antur gyffrous ac ennill arian go iawn. Gallwch ei lawrlwytho am ddim ar unrhyw un o&#8217;ch dyfeisiau a mwynhau g\u00eam wych ar eich pen eich hun ac ar y cyd \u00e2&#8217;ch ffrindiau a chwaraewyr eraill. I wneud hyn, ewch i&#8217;r porth bwci swyddogol Odin [&hellip;]<\/p>\n","protected":false},"author":2,"featured_media":0,"parent":0,"menu_order":0,"comment_status":"open","ping_status":"closed","template":"","meta":{"footnotes":""},"yoast_head":"<!-- This site is optimized with the Yoast SEO plugin v21.7 - https:\/\/yoast.com\/wordpress\/plugins\/seo\/ -->\n<title>G\u00eam casino Rocket X, lawrlwythwch<\/title>\n<meta name=\"description\" content=\"Y g\u00eam Rocket X orau gyda&#039;r cyfle i ennill arian go iawn. Gweld y disgrifiad, astudio nodweddion a nodweddion y g\u00eam, dewis y strategaeth orau a mynd ar daith fythgofiadwy. Ymlaen at fuddugoliaethau mawr!\" \/>\n<meta name=\"robots\" content=\"index, follow, max-snippet:-1, max-image-preview:large, max-video-preview:-1\" \/>\n<link rel=\"canonical\" href=\"https:\/\/aviator-crash.org\/cy\/chwarae-rocket-x\/\" \/>\n<meta property=\"og:locale\" content=\"cy_GB\" \/>\n<meta property=\"og:type\" content=\"article\" \/>\n<meta property=\"og:title\" content=\"G\u00eam casino Rocket X, lawrlwythwch\" \/>\n<meta property=\"og:description\" content=\"Y g\u00eam Rocket X orau gyda&#039;r cyfle i ennill arian go iawn. Gweld y disgrifiad, astudio nodweddion a nodweddion y g\u00eam, dewis y strategaeth orau a mynd ar daith fythgofiadwy. Ymlaen at fuddugoliaethau mawr!\" \/>\n<meta property=\"og:url\" content=\"https:\/\/aviator-crash.org\/cy\/chwarae-rocket-x\/\" \/>\n<meta property=\"article:modified_time\" content=\"2024-02-02T21:18:34+00:00\" \/>\n<meta property=\"og:image\" content=\"https:\/\/aviator-crash.org\/wp-content\/uploads\/2024\/01\/rocket-x-1024x761.webp\" \/>\n<meta name=\"twitter:card\" content=\"summary_large_image\" \/>\n<meta name=\"twitter:label1\" content=\"Est. reading time\" \/>\n\t<meta name=\"twitter:data1\" content=\"5 minutes\" \/>\n<script type=\"application\/ld+json\" class=\"yoast-schema-graph\">{\"@context\":\"https:\/\/schema.org\",\"@graph\":[{\"@type\":\"WebPage\",\"@id\":\"https:\/\/aviator-crash.org\/cy\/chwarae-rocket-x\/\",\"url\":\"https:\/\/aviator-crash.org\/cy\/chwarae-rocket-x\/\",\"name\":\"G\u00eam casino Rocket X, lawrlwythwch\",\"isPartOf\":{\"@id\":\"https:\/\/aviator-crash.org\/cy\/#website\"},\"datePublished\":\"2023-12-27T19:40:59+00:00\",\"dateModified\":\"2024-02-02T21:18:34+00:00\",\"description\":\"Y g\u00eam Rocket X orau gyda'r cyfle i ennill arian go iawn. Gweld y disgrifiad, astudio nodweddion a nodweddion y g\u00eam, dewis y strategaeth orau a mynd ar daith fythgofiadwy. Ymlaen at fuddugoliaethau mawr!\",\"breadcrumb\":{\"@id\":\"https:\/\/aviator-crash.org\/cy\/chwarae-rocket-x\/#breadcrumb\"},\"inLanguage\":\"cy-GB\",\"potentialAction\":[{\"@type\":\"ReadAction\",\"target\":[\"https:\/\/aviator-crash.org\/cy\/chwarae-rocket-x\/\"]}]},{\"@type\":\"BreadcrumbList\",\"@id\":\"https:\/\/aviator-crash.org\/cy\/chwarae-rocket-x\/#breadcrumb\",\"itemListElement\":[{\"@type\":\"ListItem\",\"position\":1,\"name\":\"Home\",\"item\":\"https:\/\/aviator-crash.org\/cy\/gem-aviator-ar-lein-am-arian-go-iawn\/\"},{\"@type\":\"ListItem\",\"position\":2,\"name\":\"Chwarae Rocket X\"}]},{\"@type\":\"WebSite\",\"@id\":\"https:\/\/aviator-crash.org\/cy\/#website\",\"url\":\"https:\/\/aviator-crash.org\/cy\/\",\"name\":\"\",\"description\":\"\",\"potentialAction\":[{\"@type\":\"SearchAction\",\"target\":{\"@type\":\"EntryPoint\",\"urlTemplate\":\"https:\/\/aviator-crash.org\/cy\/?s={search_term_string}\"},\"query-input\":\"required name=search_term_string\"}],\"inLanguage\":\"cy-GB\"}]}<\/script>\n<!-- \/ Yoast SEO plugin. -->","yoast_head_json":{"title":"G\u00eam casino Rocket X, lawrlwythwch","description":"Y g\u00eam Rocket X orau gyda'r cyfle i ennill arian go iawn. Gweld y disgrifiad, astudio nodweddion a nodweddion y g\u00eam, dewis y strategaeth orau a mynd ar daith fythgofiadwy. Ymlaen at fuddugoliaethau mawr!","robots":{"index":"index","follow":"follow","max-snippet":"max-snippet:-1","max-image-preview":"max-image-preview:large","max-video-preview":"max-video-preview:-1"},"canonical":"https:\/\/aviator-crash.org\/cy\/chwarae-rocket-x\/","og_locale":"cy_GB","og_type":"article","og_title":"G\u00eam casino Rocket X, lawrlwythwch","og_description":"Y g\u00eam Rocket X orau gyda'r cyfle i ennill arian go iawn. Gweld y disgrifiad, astudio nodweddion a nodweddion y g\u00eam, dewis y strategaeth orau a mynd ar daith fythgofiadwy. Ymlaen at fuddugoliaethau mawr!","og_url":"https:\/\/aviator-crash.org\/cy\/chwarae-rocket-x\/","article_modified_time":"2024-02-02T21:18:34+00:00","og_image":[{"url":"https:\/\/aviator-crash.org\/wp-content\/uploads\/2024\/01\/rocket-x-1024x761.webp"}],"twitter_card":"summary_large_image","twitter_misc":{"Est. reading time":"5 minutes"},"schema":{"@context":"https:\/\/schema.org","@graph":[{"@type":"WebPage","@id":"https:\/\/aviator-crash.org\/cy\/chwarae-rocket-x\/","url":"https:\/\/aviator-crash.org\/cy\/chwarae-rocket-x\/","name":"G\u00eam casino Rocket X, lawrlwythwch","isPartOf":{"@id":"https:\/\/aviator-crash.org\/cy\/#website"},"datePublished":"2023-12-27T19:40:59+00:00","dateModified":"2024-02-02T21:18:34+00:00","description":"Y g\u00eam Rocket X orau gyda'r cyfle i ennill arian go iawn. Gweld y disgrifiad, astudio nodweddion a nodweddion y g\u00eam, dewis y strategaeth orau a mynd ar daith fythgofiadwy. Ymlaen at fuddugoliaethau mawr!","breadcrumb":{"@id":"https:\/\/aviator-crash.org\/cy\/chwarae-rocket-x\/#breadcrumb"},"inLanguage":"cy-GB","potentialAction":[{"@type":"ReadAction","target":["https:\/\/aviator-crash.org\/cy\/chwarae-rocket-x\/"]}]},{"@type":"BreadcrumbList","@id":"https:\/\/aviator-crash.org\/cy\/chwarae-rocket-x\/#breadcrumb","itemListElement":[{"@type":"ListItem","position":1,"name":"Home","item":"https:\/\/aviator-crash.org\/cy\/gem-aviator-ar-lein-am-arian-go-iawn\/"},{"@type":"ListItem","position":2,"name":"Chwarae Rocket X"}]},{"@type":"WebSite","@id":"https:\/\/aviator-crash.org\/cy\/#website","url":"https:\/\/aviator-crash.org\/cy\/","name":"","description":"","potentialAction":[{"@type":"SearchAction","target":{"@type":"EntryPoint","urlTemplate":"https:\/\/aviator-crash.org\/cy\/?s={search_term_string}"},"query-input":"required name=search_term_string"}],"inLanguage":"cy-GB"}]}},"_links":{"self":[{"href":"https:\/\/aviator-crash.org\/cy\/wp-json\/wp\/v2\/pages\/5318"}],"collection":[{"href":"https:\/\/aviator-crash.org\/cy\/wp-json\/wp\/v2\/pages"}],"about":[{"href":"https:\/\/aviator-crash.org\/cy\/wp-json\/wp\/v2\/types\/page"}],"author":[{"embeddable":true,"href":"https:\/\/aviator-crash.org\/cy\/wp-json\/wp\/v2\/users\/2"}],"replies":[{"embeddable":true,"href":"https:\/\/aviator-crash.org\/cy\/wp-json\/wp\/v2\/comments?post=5318"}],"version-history":[{"count":1,"href":"https:\/\/aviator-crash.org\/cy\/wp-json\/wp\/v2\/pages\/5318\/revisions"}],"predecessor-version":[{"id":5320,"href":"https:\/\/aviator-crash.org\/cy\/wp-json\/wp\/v2\/pages\/5318\/revisions\/5320"}],"wp:attachment":[{"href":"https:\/\/aviator-crash.org\/cy\/wp-json\/wp\/v2\/media?parent=5318"}],"curies":[{"name":"wp","href":"https:\/\/api.w.org\/{rel}","templated":true}]}}