{"id":5356,"date":"2023-12-27T19:58:01","date_gmt":"2023-12-27T19:58:01","guid":{"rendered":"https:\/\/aviator-crash.org\/chwarae-arian-parod-neu-crash\/"},"modified":"2024-02-02T21:20:47","modified_gmt":"2024-02-02T21:20:47","slug":"chwarae-arian-parod-neu-crash","status":"publish","type":"page","link":"https:\/\/aviator-crash.org\/cy\/chwarae-arian-parod-neu-crash\/","title":{"rendered":"Chwarae Arian Parod neu Crash"},"content":{"rendered":"\n<figure class=\"wp-block-gallery has-nested-images columns-default is-cropped wp-block-gallery-1 is-layout-flex wp-block-gallery-is-layout-flex\">\n<figure class=\"wp-block-image size-large\"><span itemprop=\"image\" itemscope itemtype=\"https:\/\/schema.org\/ImageObject\"><img itemprop=\"url image\" loading=\"lazy\" decoding=\"async\" width=\"1024\" height=\"498\" data-id=\"466\" src=\"https:\/\/aviator-crash.org\/wp-content\/uploads\/2024\/01\/cash-or-crash-live-1200x584-1-1024x498.jpeg\" alt=\"\" class=\"wp-image-466\" srcset=\"https:\/\/aviator-crash.org\/wp-content\/uploads\/2024\/01\/cash-or-crash-live-1200x584-1-1024x498.jpeg 1024w, https:\/\/aviator-crash.org\/wp-content\/uploads\/2024\/01\/cash-or-crash-live-1200x584-1-300x146.jpeg 300w, https:\/\/aviator-crash.org\/wp-content\/uploads\/2024\/01\/cash-or-crash-live-1200x584-1-768x374.jpeg 768w, https:\/\/aviator-crash.org\/wp-content\/uploads\/2024\/01\/cash-or-crash-live-1200x584-1.jpeg 1200w\" sizes=\"(max-width: 1024px) 100vw, 1024px\" \/><meta itemprop=\"width\" content=\"1024\"><meta itemprop=\"height\" content=\"498\"><\/span><\/figure>\n<\/figure>\n\n<p>Mae Cash or Crash yn g\u00eam y mae galw mawr amdani ymhlith cefnogwyr cymwysiadau gamblo, risgiau uchel a risgiau. Mae hwn yn opsiwn gwych i gael amser gwych a rhoi cynnig ar eich lwc. Mae Cash or Crash yn gymhwysiad Android lle gall chwaraewyr osod betiau ar wahanol ddigwyddiadau, y mae canlyniad y rhain yn cael ei bennu ar hap. I ddechrau chwarae, lawrlwythwch y cais ar wefan swyddogol bwci Odin Vin, cofrestrwch neu mewngofnodwch i&#8217;ch cyfrif personol a gosodwch eich bet. Gall unrhyw un lawrlwytho Arian Parod neu Crash am ddim. Lansiwch y g\u00eam a mwynhewch amser gwych.     <\/p>\n\n<h2 class=\"wp-block-heading\">Mantais chwarae Arian Parod neu Crash ar-lein<\/h2>\n\n<p>Mae hapchwarae yn cael ei ystyried yn un o&#8217;r gemau mwyaf poblogaidd heddiw. Y prif reswm yw y gallwch chi yma nid yn unig gael hwyl, ond hefyd ennill arian go iawn. Ar y cyfan, mae delweddau&#8217;r app Cash or Crash yn bleser pur. Graffeg ardderchog, rhyngwyneb clir, rheolyddion sythweledol syml &#8211; gallwch ddod o hyd i hyn i gyd yma.   <\/p>\n\n<p>Ymhlith manteision allweddol y g\u00eam hapchwarae boblogaidd Cash or Crash, mae&#8217;n werth tynnu sylw at y canlynol:<\/p>\n\n<ul>\n<li>Gameplay diddorol. Mae&#8217;n cynnig gameplay hwyliog a chaethiwus gyda&#8217;r gallu i ennill neu golli&#8217;n gyflym. <\/li>\n\n\n\n<li>Modd aml-chwaraewr. Gall y gallu i chwarae gyda ffrindiau neu chwaraewyr eraill ychwanegu agwedd gymdeithasol a hwyl. <\/li>\n\n\n\n<li>Graffeg a sain. Mae graffeg a sain o ansawdd uchel yn creu awyrgylch y g\u00eam, gan ei gwneud yn fwy deniadol i chwaraewyr. <\/li>\n\n\n\n<li>Argaeledd diweddariadau rheolaidd. Diolch i hyn, gallwch chi fwynhau&#8217;ch hoff g\u00eam gyda pherfformiad gwell. Mae&#8217;r datblygwyr yn ceisio gwella&#8217;r g\u00eam yn rheolaidd er mwyn cydymffurfio \u00e2 thueddiadau a thueddiadau modern ym myd hapchwarae ar-lein.  <\/li>\n\n\n\n<li>Y gallu i chwarae&#8217;n uniongyrchol o&#8217;ch ff\u00f4n, ni waeth ble rydych chi. Mae hwn yn gyfle gwych i gael amser gwych, mwynhau&#8217;r gameplay a hyd yn oed ceisio ennill arian go iawn. <\/li>\n\n\n\n<li>Llawer o wahanol ddulliau g\u00eam. Bydd strategaeth Arian Parod neu Chwalu a ddewiswyd yn dda yn cynyddu eich siawns o ennill yn unrhyw un o&#8217;r moddau. <\/li>\n<\/ul>\n\n<p>Ar y cyfan, mae Cash or Crash yn enghraifft wych o app hwyliog lle gallwch chi ennill arian go iawn. Gallwch chi fwynhau amser gwych a hefyd chwarae gyda&#8217;ch ffrindiau neu chwaraewyr eraill ar-lein gan ddefnyddio&#8217;r modd aml-chwaraewr. <\/p>\n\n<h2 class=\"wp-block-heading\">Sut i chwarae Arian Parod neu Crash<\/h2>\n\n<p>G\u00eam gamblo rithwir yw &#8220;Cash or Crash&#8221; a ddarperir yn aml gan gasinos ar-lein. Er y gall y rheolau amrywio ychydig rhwng gwahanol fersiynau o&#8217;r g\u00eam, mae&#8217;r cysyniad sylfaenol fel arfer yn aros yr un fath. Dyma ganllaw cyffredinol ar sut i chwarae Arian Parod neu Crash:  <\/p>\n\n<ul>\n<li>Cofrestru. Efallai y bydd angen i chi gofrestru gyda casino ar-lein sy&#8217;n darparu&#8217;r g\u00eam Cash or Crash. Dilynwch y cyfarwyddiadau i greu cyfrif.  <\/li>\n\n\n\n<li>Ailgyflenwi cydbwysedd. Cyn dechrau&#8217;r g\u00eam, mae angen i chi ychwanegu arian go iawn at eich cyfrif g\u00eam. Yn y rhan fwyaf o achosion, gellir gwneud hyn gan ddefnyddio gwahanol ddulliau talu.  <\/li>\n\n\n\n<li>Dewis y swm bet.<\/li>\n\n\n\n<li>Dechreuwch y rownd.<\/li>\n\n\n\n<li>Y penderfyniad i ddod \u00e2&#8217;r rownd i ben. Yn ystod y rownd, cewch yr opsiwn i ddod ag ef i ben unrhyw bryd a chymryd yr arian a enillwch. Fodd bynnag, os na fyddwch chi&#8217;n cwblhau&#8217;r rownd cyn amser penodol, mae risg o &#8220;damwain&#8221; a byddwch yn colli&#8217;ch bet.  <\/li>\n\n\n\n<li>Cwymp neu ddiwedd y rownd. Ar ryw adeg yn y rownd, mae \u201ccwymp\u201d yn digwydd. Os ydych wedi cwblhau&#8217;r talgrynnu hyd at y pwynt hwn, byddwch yn derbyn enillion yn \u00f4l y lluosydd cyfredol. Fel arall byddwch yn colli eich bet.   <\/li>\n<\/ul>\n\n<p>Mae egwyddor y g\u00eam yn eithaf syml a chlir, felly gallwch chi ddarganfod yn gyflym beth sydd angen i chi ei wneud yma. Os oes gennych unrhyw broblemau, gallwch gyfeirio at y cyfarwyddiadau. <\/p>\n\n<h2 class=\"wp-block-heading\">Sut i ennill yn Cash or Crash<\/h2>\n\n<p>Mae ennill mewn gemau gamblo fel slotiau, pocer, roulette a blackjack yn aml yn dibynnu ar siawns, ac mae&#8217;r rhan fwyaf o gemau gamblo yn seiliedig ar siawns. Fodd bynnag, mae rhai strategaethau ac awgrymiadau a all helpu i reoli eich banc a chynyddu eich siawns o ennill yn y g\u00eam hapchwarae boblogaidd Crash Cash casino: <\/p>\n\n<ul>\n<li>Rheoli cofrestrau banc. Penderfynwch ar derfyn y colledion yr ydych yn fodlon eu fforddio, a pheidiwch \u00e2 mynd y tu hwnt iddo. Rhannwch eich cofrestr banc rhwng sesiynau chwarae a dim ond betio&#8217;r hyn y gallwch chi fforddio ei golli.  <\/li>\n\n\n\n<li>Dysgwch strategaethau sylfaenol. Fel y soniwyd uchod, mewn hapchwarae, mae strategaeth a ddewiswyd yn gywir yn chwarae rhan allweddol. Mae&#8217;n cynnwys astudio enillion blaenorol, chwilio am batrymau a nodi cyfuniadau buddugol allweddol. Mae strategaeth Arian Parod neu Crash yn unigol gan amlaf, er y gallwch chi gael cyngor gan chwaraewyr mwy profiadol.   <\/li>\n\n\n\n<li>Manteisiwch ar fonysau. Defnyddiwch fonysau a hyrwyddiadau o gasinos. Fodd bynnag, mae&#8217;n bwysig darllen y telerau ac amodau sy&#8217;n gysylltiedig \u00e2 bonysau yn ofalus.  <\/li>\n\n\n\n<li>Darllenwch reolau&#8217;r g\u00eam yn ofalus a darllenwch y cyfarwyddiadau.<\/li>\n<\/ul>\n\n<p>Trwy ddilyn yr awgrymiadau uchod, gallwch gynyddu eich siawns o ennill yn sylweddol.<\/p>\n\n<h2 class=\"wp-block-heading\">Rheolau ar gyfer chwarae Arian Parod neu Crash<\/h2>\n\n<p>Mae rheolau&#8217;r g\u00eam yn syml ac yn glir. Yn gyntaf oll, mae&#8217;r chwaraewr yn dewis y swm i&#8217;w fetio ac yn clicio ar y botwm cychwyn ar gyfer y rownd. Mae&#8217;r rownd yn dechrau gyda lluosydd cychwynnol (ee 1x). Mae&#8217;r lluosydd hwn yn dechrau cynyddu dros amser. Yn ystod y rownd, mae gan y chwaraewr amser penodol i benderfynu a yw am gwblhau&#8217;r rownd a chasglu&#8217;r enillion. Gellir gwneud hyn cyn i&#8217;r lluosydd gyrraedd gwerth penodol sy&#8217;n achosi damwain.     <\/p>\n\n<p>Mae &#8220;cwymp&#8221; yn digwydd pan fydd y lluosydd yn cyrraedd gwerth penodol. Os yw&#8217;r chwaraewr wedi cwblhau&#8217;r rownd hyd at y pwynt hwn, mae&#8217;n derbyn yr enillion. Fel arall, bydd y bet yn cael ei golli. Os yw chwaraewr yn cwblhau rownd cyn y ddamwain ac yn derbyn buddugoliaeth, mae maint y fuddugoliaeth yn dibynnu ar y lluosydd presennol. Os na fydd y chwaraewr yn cwblhau&#8217;r rownd cyn y ddamwain, mae&#8217;r bet yn cael ei golli ac nid oes unrhyw fuddugol.    <\/p>\n\n<h2 class=\"wp-block-heading\">Codau hyrwyddo<\/h2>\n\n<p>Mae codau hyrwyddo yn y g\u00eam Cash or Crash yn godau arbennig y gall chwaraewyr fynd i mewn i dderbyn taliadau bonws, breintiau a hyrwyddiadau amrywiol. Darperir y codau hyn gan y casino neu ddatblygwyr g\u00eam a gall chwaraewyr eu defnyddio i wella eu profiad hapchwarae neu ennill nodweddion ychwanegol. Yn achos &#8220;Cash or Crash&#8221; gellir darparu codau hyrwyddo gan:  <\/p>\n\n<ol>\n<li>Blaendaliadau bonws: arian ychwanegol wrth ailgyflenwi&#8217;ch cyfrif yn y g\u00eam.<\/li>\n\n\n\n<li>Troelli am Ddim: Troelli am ddim yn y g\u00eam gyda lluosyddion.<\/li>\n\n\n\n<li>Lluoswyr Cynyddol: Lluosyddion bonws yn ystod y g\u00eam.<\/li>\n\n\n\n<li>Digwyddiadau arbennig: cymryd rhan mewn hyrwyddiadau a thwrnameintiau arbennig.<\/li>\n<\/ol>\n\n<p>Mae ystadegau Arian Parod neu Crash yn dangos bod defnyddwyr yn llawer mwy tebygol o ennill trwy ddefnyddio bonysau ychwanegol. I ddefnyddio cod hyrwyddo yn y g\u00eam &#8220;Cash or Crash&#8221;, fel arfer mae angen i chi fewngofnodi i&#8217;ch cyfrif casino, ewch i&#8217;r adran &#8220;Codau Hyrwyddo&#8221; neu &#8220;Bonysau&#8221; a nodwch y cod priodol. Ar \u00f4l hyn, bydd y taliadau bonws y darperir ar eu cyfer gan y weithred hon yn cael eu credydu&#8217;n awtomatig i&#8217;ch cyfrif.  <\/p>\n\n<p>Mae&#8217;n bwysig cofio y gall fod gan godau hyrwyddo gyfnod dilysrwydd cyfyngedig neu amodau defnyddio penodol. Cyn mynd i mewn i god hyrwyddo, mae&#8217;n bwysig darllen y telerau ac amodau yn ofalus er mwyn osgoi camddealltwriaeth a manteisio&#8217;n llawn ar y taliadau bonws a gynigir. <\/p>\n\n<h2 class=\"wp-block-heading\">Adolygiadau<\/h2>\n\n<p>Dyma rai adolygiadau gan ddefnyddwyr sydd wedi profi holl fanteision y g\u00eam hapchwarae boblogaidd hon:<\/p>\n","protected":false},"excerpt":{"rendered":"<p>Mae Cash or Crash yn g\u00eam y mae galw mawr amdani ymhlith cefnogwyr cymwysiadau gamblo, risgiau uchel a risgiau. Mae hwn yn opsiwn gwych i gael amser gwych a rhoi cynnig ar eich lwc. Mae Cash or Crash yn gymhwysiad Android lle gall chwaraewyr osod betiau ar wahanol ddigwyddiadau, y mae canlyniad y rhain yn [&hellip;]<\/p>\n","protected":false},"author":2,"featured_media":0,"parent":0,"menu_order":0,"comment_status":"open","ping_status":"closed","template":"","meta":{"footnotes":""},"yoast_head":"<!-- This site is optimized with the Yoast SEO plugin v21.7 - https:\/\/yoast.com\/wordpress\/plugins\/seo\/ -->\n<title>G\u00eam Arian Parod neu Crash mewn casino, lawrlwythwch<\/title>\n<meta name=\"description\" content=\"Adolygiad o&#039;r g\u00eam boblogaidd fyd-eang Cash or Crash. Dysgwch am nodweddion allweddol, manteision, rheolau&#039;r g\u00eam a chyfrinachau ennill mawr. Dadlwythwch y g\u00eam a mwynhewch amser gwych gyda&#039;ch ffrindiau.\" \/>\n<meta name=\"robots\" content=\"index, follow, max-snippet:-1, max-image-preview:large, max-video-preview:-1\" \/>\n<link rel=\"canonical\" href=\"https:\/\/aviator-crash.org\/cy\/chwarae-arian-parod-neu-crash\/\" \/>\n<meta property=\"og:locale\" content=\"cy_GB\" \/>\n<meta property=\"og:type\" content=\"article\" \/>\n<meta property=\"og:title\" content=\"G\u00eam Arian Parod neu Crash mewn casino, lawrlwythwch\" \/>\n<meta property=\"og:description\" content=\"Adolygiad o&#039;r g\u00eam boblogaidd fyd-eang Cash or Crash. Dysgwch am nodweddion allweddol, manteision, rheolau&#039;r g\u00eam a chyfrinachau ennill mawr. Dadlwythwch y g\u00eam a mwynhewch amser gwych gyda&#039;ch ffrindiau.\" \/>\n<meta property=\"og:url\" content=\"https:\/\/aviator-crash.org\/cy\/chwarae-arian-parod-neu-crash\/\" \/>\n<meta property=\"article:modified_time\" content=\"2024-02-02T21:20:47+00:00\" \/>\n<meta property=\"og:image\" content=\"https:\/\/aviator-crash.org\/wp-content\/uploads\/2024\/01\/cash-or-crash-live-1200x584-1-1024x498.jpeg\" \/>\n<meta name=\"twitter:card\" content=\"summary_large_image\" \/>\n<meta name=\"twitter:label1\" content=\"Est. reading time\" \/>\n\t<meta name=\"twitter:data1\" content=\"6 minutes\" \/>\n<script type=\"application\/ld+json\" class=\"yoast-schema-graph\">{\"@context\":\"https:\/\/schema.org\",\"@graph\":[{\"@type\":\"WebPage\",\"@id\":\"https:\/\/aviator-crash.org\/cy\/chwarae-arian-parod-neu-crash\/\",\"url\":\"https:\/\/aviator-crash.org\/cy\/chwarae-arian-parod-neu-crash\/\",\"name\":\"G\u00eam Arian Parod neu Crash mewn casino, lawrlwythwch\",\"isPartOf\":{\"@id\":\"https:\/\/aviator-crash.org\/cy\/#website\"},\"datePublished\":\"2023-12-27T19:58:01+00:00\",\"dateModified\":\"2024-02-02T21:20:47+00:00\",\"description\":\"Adolygiad o'r g\u00eam boblogaidd fyd-eang Cash or Crash. Dysgwch am nodweddion allweddol, manteision, rheolau'r g\u00eam a chyfrinachau ennill mawr. Dadlwythwch y g\u00eam a mwynhewch amser gwych gyda'ch ffrindiau.\",\"breadcrumb\":{\"@id\":\"https:\/\/aviator-crash.org\/cy\/chwarae-arian-parod-neu-crash\/#breadcrumb\"},\"inLanguage\":\"cy-GB\",\"potentialAction\":[{\"@type\":\"ReadAction\",\"target\":[\"https:\/\/aviator-crash.org\/cy\/chwarae-arian-parod-neu-crash\/\"]}]},{\"@type\":\"BreadcrumbList\",\"@id\":\"https:\/\/aviator-crash.org\/cy\/chwarae-arian-parod-neu-crash\/#breadcrumb\",\"itemListElement\":[{\"@type\":\"ListItem\",\"position\":1,\"name\":\"Home\",\"item\":\"https:\/\/aviator-crash.org\/cy\/gem-aviator-ar-lein-am-arian-go-iawn\/\"},{\"@type\":\"ListItem\",\"position\":2,\"name\":\"Chwarae Arian Parod neu Crash\"}]},{\"@type\":\"WebSite\",\"@id\":\"https:\/\/aviator-crash.org\/cy\/#website\",\"url\":\"https:\/\/aviator-crash.org\/cy\/\",\"name\":\"\",\"description\":\"\",\"potentialAction\":[{\"@type\":\"SearchAction\",\"target\":{\"@type\":\"EntryPoint\",\"urlTemplate\":\"https:\/\/aviator-crash.org\/cy\/?s={search_term_string}\"},\"query-input\":\"required name=search_term_string\"}],\"inLanguage\":\"cy-GB\"}]}<\/script>\n<!-- \/ Yoast SEO plugin. -->","yoast_head_json":{"title":"G\u00eam Arian Parod neu Crash mewn casino, lawrlwythwch","description":"Adolygiad o'r g\u00eam boblogaidd fyd-eang Cash or Crash. Dysgwch am nodweddion allweddol, manteision, rheolau'r g\u00eam a chyfrinachau ennill mawr. Dadlwythwch y g\u00eam a mwynhewch amser gwych gyda'ch ffrindiau.","robots":{"index":"index","follow":"follow","max-snippet":"max-snippet:-1","max-image-preview":"max-image-preview:large","max-video-preview":"max-video-preview:-1"},"canonical":"https:\/\/aviator-crash.org\/cy\/chwarae-arian-parod-neu-crash\/","og_locale":"cy_GB","og_type":"article","og_title":"G\u00eam Arian Parod neu Crash mewn casino, lawrlwythwch","og_description":"Adolygiad o'r g\u00eam boblogaidd fyd-eang Cash or Crash. Dysgwch am nodweddion allweddol, manteision, rheolau'r g\u00eam a chyfrinachau ennill mawr. Dadlwythwch y g\u00eam a mwynhewch amser gwych gyda'ch ffrindiau.","og_url":"https:\/\/aviator-crash.org\/cy\/chwarae-arian-parod-neu-crash\/","article_modified_time":"2024-02-02T21:20:47+00:00","og_image":[{"url":"https:\/\/aviator-crash.org\/wp-content\/uploads\/2024\/01\/cash-or-crash-live-1200x584-1-1024x498.jpeg"}],"twitter_card":"summary_large_image","twitter_misc":{"Est. reading time":"6 minutes"},"schema":{"@context":"https:\/\/schema.org","@graph":[{"@type":"WebPage","@id":"https:\/\/aviator-crash.org\/cy\/chwarae-arian-parod-neu-crash\/","url":"https:\/\/aviator-crash.org\/cy\/chwarae-arian-parod-neu-crash\/","name":"G\u00eam Arian Parod neu Crash mewn casino, lawrlwythwch","isPartOf":{"@id":"https:\/\/aviator-crash.org\/cy\/#website"},"datePublished":"2023-12-27T19:58:01+00:00","dateModified":"2024-02-02T21:20:47+00:00","description":"Adolygiad o'r g\u00eam boblogaidd fyd-eang Cash or Crash. Dysgwch am nodweddion allweddol, manteision, rheolau'r g\u00eam a chyfrinachau ennill mawr. Dadlwythwch y g\u00eam a mwynhewch amser gwych gyda'ch ffrindiau.","breadcrumb":{"@id":"https:\/\/aviator-crash.org\/cy\/chwarae-arian-parod-neu-crash\/#breadcrumb"},"inLanguage":"cy-GB","potentialAction":[{"@type":"ReadAction","target":["https:\/\/aviator-crash.org\/cy\/chwarae-arian-parod-neu-crash\/"]}]},{"@type":"BreadcrumbList","@id":"https:\/\/aviator-crash.org\/cy\/chwarae-arian-parod-neu-crash\/#breadcrumb","itemListElement":[{"@type":"ListItem","position":1,"name":"Home","item":"https:\/\/aviator-crash.org\/cy\/gem-aviator-ar-lein-am-arian-go-iawn\/"},{"@type":"ListItem","position":2,"name":"Chwarae Arian Parod neu Crash"}]},{"@type":"WebSite","@id":"https:\/\/aviator-crash.org\/cy\/#website","url":"https:\/\/aviator-crash.org\/cy\/","name":"","description":"","potentialAction":[{"@type":"SearchAction","target":{"@type":"EntryPoint","urlTemplate":"https:\/\/aviator-crash.org\/cy\/?s={search_term_string}"},"query-input":"required name=search_term_string"}],"inLanguage":"cy-GB"}]}},"_links":{"self":[{"href":"https:\/\/aviator-crash.org\/cy\/wp-json\/wp\/v2\/pages\/5356"}],"collection":[{"href":"https:\/\/aviator-crash.org\/cy\/wp-json\/wp\/v2\/pages"}],"about":[{"href":"https:\/\/aviator-crash.org\/cy\/wp-json\/wp\/v2\/types\/page"}],"author":[{"embeddable":true,"href":"https:\/\/aviator-crash.org\/cy\/wp-json\/wp\/v2\/users\/2"}],"replies":[{"embeddable":true,"href":"https:\/\/aviator-crash.org\/cy\/wp-json\/wp\/v2\/comments?post=5356"}],"version-history":[{"count":1,"href":"https:\/\/aviator-crash.org\/cy\/wp-json\/wp\/v2\/pages\/5356\/revisions"}],"predecessor-version":[{"id":5358,"href":"https:\/\/aviator-crash.org\/cy\/wp-json\/wp\/v2\/pages\/5356\/revisions\/5358"}],"wp:attachment":[{"href":"https:\/\/aviator-crash.org\/cy\/wp-json\/wp\/v2\/media?parent=5356"}],"curies":[{"name":"wp","href":"https:\/\/api.w.org\/{rel}","templated":true}]}}