{"id":5446,"date":"2023-12-27T19:26:44","date_gmt":"2023-12-27T19:26:44","guid":{"rendered":"https:\/\/aviator-crash.org\/lwcus-jet-1win-llwytho-i-lawr\/"},"modified":"2024-02-02T21:25:24","modified_gmt":"2024-02-02T21:25:24","slug":"lwcus-jet-1win-llwytho-i-lawr","status":"publish","type":"page","link":"https:\/\/aviator-crash.org\/cy\/lwcus-jet-1win-llwytho-i-lawr\/","title":{"rendered":"Lwcus Jet 1win llwytho i lawr"},"content":{"rendered":"\n<figure class=\"wp-block-gallery has-nested-images columns-default is-cropped wp-block-gallery-1 is-layout-flex wp-block-gallery-is-layout-flex\">\n<figure class=\"wp-block-image size-large\"><span itemprop=\"image\" itemscope itemtype=\"https:\/\/schema.org\/ImageObject\"><img itemprop=\"url image\" loading=\"lazy\" decoding=\"async\" width=\"880\" height=\"500\" data-id=\"478\" src=\"https:\/\/aviator-crash.org\/wp-content\/uploads\/2024\/01\/lucky_jet_game-casino_yl6vvw.webp\" alt=\"\" class=\"wp-image-478\" srcset=\"https:\/\/aviator-crash.org\/wp-content\/uploads\/2024\/01\/lucky_jet_game-casino_yl6vvw.webp 880w, https:\/\/aviator-crash.org\/wp-content\/uploads\/2024\/01\/lucky_jet_game-casino_yl6vvw-300x170.webp 300w, https:\/\/aviator-crash.org\/wp-content\/uploads\/2024\/01\/lucky_jet_game-casino_yl6vvw-768x436.webp 768w\" sizes=\"(max-width: 880px) 100vw, 880px\" \/><meta itemprop=\"width\" content=\"880\"><meta itemprop=\"height\" content=\"500\"><\/span><\/figure>\n<\/figure>\n\n<p>Mae hediadau meistrolgar, eiliadau cyffrous a gofod diddiwedd yn cwrdd mewn antur gyffrous o&#8217;r enw Lucky Jet 1win. Mae&#8217;r g\u00eam 1win gyffrous hon yn mynd \u00e2 chwaraewyr i fyd unigryw o gyffro ac antur, lle gall pob symudiad fod yn allweddol i fuddugoliaeth. <\/p>\n\n<p>Nid g\u00eam Android yn unig yw Lucky Jet 1win, mae&#8217;n gyfle i blymio i fyd cyffrous brwydrau gamblo, lle gall pob eiliad newid cwrs digwyddiadau. Gallwch chi lawrlwytho&#8217;r cais g\u00eam swyddogol Lucky Jet ar wefan Odin VIN. Yn eich cyfrif personol gallwch chi gasglu&#8217;ch gwobrau, ymladd a chystadlu gyda&#8217;ch ffrindiau. Gellir lawrlwytho cymhwysiad Lucky Jet 1win am ddim.   <\/p>\n\n<h2 class=\"wp-block-heading\">Mantais y g\u00eam ar-lein Jet Lucky<\/h2>\n\n<p>Mae&#8217;r cais hwn yn g\u00eam ar-lein gyffrous gyda llawer o fanteision:<\/p>\n\n<ul>\n<li>Gameplay diddorol. Gall chwaraewyr fwynhau ymladd gofod uwch-dechnoleg wrth iddynt gychwyn yn eu cerbydau hedfan. <\/li>\n\n\n\n<li>Llawer o deithiau cyffrous.<\/li>\n\n\n\n<li>Modd aml-chwaraewr. Un o&#8217;r manteision allweddol yw&#8217;r gallu i chwarae ar-lein gyda chwaraewyr eraill. Mae adolygiadau Lucky Jet 1win yngl\u0177n \u00e2&#8217;r modd hwn yn hynod gadarnhaol, gan y bydd chwaraewyr yn gallu ymladd, cystadlu a chydweithio \u00e2 ffrindiau neu chwaraewyr eraill, sy&#8217;n ychwanegu agwedd gymdeithasol a dynameg i&#8217;r profiad hapchwarae.  <\/li>\n\n\n\n<li>Sefydlu awyrennau. Mae chwaraewyr yn cael y cyfle i addasu a gwella eu peiriannau hedfan. Mae hyn yn creu profiad hapchwarae personol, gan ganiat\u00e1u i bob chwaraewr ddatblygu ei arddull a&#8217;i strategaeth ei hun.  <\/li>\n\n\n\n<li>Dyluniad deniadol yn weledol. Mae gan g\u00eam Lucky Jet 1win graffeg a dyluniad trawiadol, sy&#8217;n gwneud byd y g\u00eam yn lliwgar ac yn ddeniadol yn weledol. <\/li>\n\n\n\n<li>Diweddariadau rheolaidd.<\/li>\n<\/ul>\n\n<p>Gyda&#8217;r buddion hyn mewn golwg, mae Lucky Jet yn darparu profiad hapchwarae trochi sy&#8217;n cyfuno elfennau o weithredu cyflym, rhyngweithio cymdeithasol a meddwl strategol.<\/p>\n\n<h2 class=\"wp-block-heading\">Sut i chwarae Lucky Jet<\/h2>\n\n<p>Mae chwaraewyr yn dechrau trwy greu cyfrif, os oes angen, a dewis eu hawyren. Efallai y bydd hyfforddiant yn cael ei ddarparu i&#8217;ch ymgyfarwyddo \u00e2&#8217;r rheolyddion a&#8217;r g\u00eam sylfaenol. Mewn g\u00eam gyda neu heb Dalebau Bet Free Lucky Jet 1win, efallai y bydd yna amryw o deithiau, heriau neu nodau y mae&#8217;n rhaid i chwaraewyr eu cwblhau er mwyn symud ymlaen ac ennill adnoddau.  <\/p>\n\n<p>O dan reolaeth awyren uwch-dechnoleg, rydych chi&#8217;n ymladd yn erbyn gwrthwynebwyr peryglus, yn datblygu&#8217;ch sgiliau ac yn casglu gwobrau unigryw. Ar y ffordd i fuddugoliaeth, mae cenadaethau diddorol, tirweddau gofod syfrdanol a chyfarfyddiadau anrhagweladwy yn aros amdanoch chi. <\/p>\n\n<p>Mae Brwydro yn Lwcus Jet fel arfer yn golygu defnyddio amrywiaeth o symudiadau, arfau a phenderfyniadau tactegol i oresgyn eich gwrthwynebwyr. Gall chwaraewyr wynebu gwrthwynebwyr cyfrifiadurol neu gymryd rhan mewn brwydrau aml-chwaraewr gyda chwaraewyr eraill. <\/p>\n\n<p>Os ydych chi am gael amser gwych, yna dylech chi bendant lawrlwytho Lucky Jet 1win i&#8217;ch dyfais. Ar \u00f4l hynny, cewch gyfle i fwynhau profiad brwydr ofod deinamig a chyffrous, gan ddefnyddio&#8217;ch sgiliau, eich strategaethau a&#8217;ch galluoedd i ennill buddugoliaeth. <\/p>\n\n<h2 class=\"wp-block-heading\">Sut i ennill yn Lucky Jet<\/h2>\n\n<p>Gall ennill ddibynnu ar sawl ffactor ac mae&#8217;n bwysig datblygu strategaeth gyda Lucky Jet 1win a gwella&#8217;ch sgiliau i sicrhau llwyddiant yn y g\u00eam. Dyma rai awgrymiadau a all eich helpu i ddod yn llwyddiannus yn Lucky Jet: <\/p>\n\n<ul>\n<li>Ymgyfarwyddo \u00e2&#8217;r rheolyddion. Dysgwch sut i reoli peiriant hedfan. Bydd deall yr holl symudiadau a gorchmynion sydd ar gael yn eich helpu i reoli&#8217;n effeithiol mewn brwydr.  <\/li>\n\n\n\n<li>Cymerwch hyfforddiant yn One Wine Lucky Jet. Bydd hyn yn eich helpu i feistroli hanfodion gameplay a dysgu sut i ddefnyddio gwahanol dactegau. <\/li>\n\n\n\n<li>Dewiswch awyren addas. Gall rhai fod yn well am ymosod tra bod eraill yn well am osgoi. <\/li>\n\n\n\n<li>Tyfu eich dyfais. Gwella&#8217;ch awyren gan ddefnyddio&#8217;r adnoddau a enillwyd yn y g\u00eam. Bydd hyn yn gwella eich siawns mewn brwydrau ac yn eich gwneud yn fwy cystadleuol.  <\/li>\n\n\n\n<li>Datblygu strategaeth Lucky Jet 1Win ar gyfer pob brwydr.<\/li>\n<\/ul>\n\n<p>Defnyddiwch yr amgylchedd i&#8217;ch mantais, osgoi ymosodiadau, chwilio am wendidau yn eich gwrthwynebwyr. Mae&#8217;n well rhoi blaenoriaeth i strategaeth gyda chyfernod bach ar gyfer buddugoliaeth fwy effeithiol. <\/p>\n\n<p>Cofiwch y gallai fod gan bob g\u00eam ei deinameg unigryw ei hun, felly arbrofwch, addaswch a mwynhewch y broses o wella&#8217;ch sgiliau hapchwarae yn Lucky Jet.<\/p>\n\n<h2 class=\"wp-block-heading\">Rheolau&#8217;r g\u00eam yn Lucky Jet<\/h2>\n\n<p>Mantais arall y g\u00eam hon yw symlrwydd a hygyrchedd y rheolau. Mae yna sawl rownd, a&#8217;r prif nod yw gosod eich betiau ar amser. Mae adolygiadau Lucky Jet 1win yn brawf nad yw popeth mor syml ag y mae&#8217;n ymddangos. Mae&#8217;n bwysig betio&#8217;r swm mewn amser, fel arall gall losgi allan. Ydych chi eisiau cymryd risg neu aros am eiliad fwy amserol? Mae popeth yn dibynnu arnoch chi.     <\/p>\n\n<h2 class=\"wp-block-heading\">Talebau<\/h2>\n\n<p>Mae talebau gan Lucky Jet yn godau arbennig y gall chwaraewyr fynd i mewn i&#8217;r g\u00eam i dderbyn rhai taliadau bonws, adnoddau, neu fuddion eraill. Gallwch eu gweld ar wefan 1Win. Byddant yn ymddangos yn rheolaidd, gan swyno chwaraewyr gyda chyfleoedd newydd a chynigion mwy manteisiol.  <\/p>\n\n<h2 class=\"wp-block-heading\">Adolygiadau<\/h2>\n\n<p>Dyma rai adolygiadau defnyddwyr:<\/p>\n\n<p><\/p>\n","protected":false},"excerpt":{"rendered":"<p>Mae hediadau meistrolgar, eiliadau cyffrous a gofod diddiwedd yn cwrdd mewn antur gyffrous o&#8217;r enw Lucky Jet 1win. Mae&#8217;r g\u00eam 1win gyffrous hon yn mynd \u00e2 chwaraewyr i fyd unigryw o gyffro ac antur, lle gall pob symudiad fod yn allweddol i fuddugoliaeth. Nid g\u00eam Android yn unig yw Lucky Jet 1win, mae&#8217;n gyfle i [&hellip;]<\/p>\n","protected":false},"author":2,"featured_media":0,"parent":0,"menu_order":0,"comment_status":"open","ping_status":"closed","template":"","meta":{"footnotes":""},"yoast_head":"<!-- This site is optimized with the Yoast SEO plugin v21.7 - https:\/\/yoast.com\/wordpress\/plugins\/seo\/ -->\n<title>G\u00eam Jet Lucky mewn casino 1win, lawrlwythwch<\/title>\n<meta name=\"description\" content=\"Adolygiad o&#039;r g\u00eam Lucky Jet boblogaidd ledled y byd yn y casino 1win, sy&#039;n rhoi cyfle gwirioneddol i chi ennill arian da. Edrychwch ar nodweddion allweddol, buddion a rheolau&#039;r g\u00eam. Lansio ac ennill yn gyflym!\" \/>\n<meta name=\"robots\" content=\"index, follow, max-snippet:-1, max-image-preview:large, max-video-preview:-1\" \/>\n<link rel=\"canonical\" href=\"https:\/\/aviator-crash.org\/cy\/lwcus-jet-1win-llwytho-i-lawr\/\" \/>\n<meta property=\"og:locale\" content=\"cy_GB\" \/>\n<meta property=\"og:type\" content=\"article\" \/>\n<meta property=\"og:title\" content=\"G\u00eam Jet Lucky mewn casino 1win, lawrlwythwch\" \/>\n<meta property=\"og:description\" content=\"Adolygiad o&#039;r g\u00eam Lucky Jet boblogaidd ledled y byd yn y casino 1win, sy&#039;n rhoi cyfle gwirioneddol i chi ennill arian da. Edrychwch ar nodweddion allweddol, buddion a rheolau&#039;r g\u00eam. Lansio ac ennill yn gyflym!\" \/>\n<meta property=\"og:url\" content=\"https:\/\/aviator-crash.org\/cy\/lwcus-jet-1win-llwytho-i-lawr\/\" \/>\n<meta property=\"article:modified_time\" content=\"2024-02-02T21:25:24+00:00\" \/>\n<meta property=\"og:image\" content=\"https:\/\/aviator-crash.org\/wp-content\/uploads\/2024\/01\/lucky_jet_game-casino_yl6vvw.webp\" \/>\n<meta name=\"twitter:card\" content=\"summary_large_image\" \/>\n<meta name=\"twitter:label1\" content=\"Est. reading time\" \/>\n\t<meta name=\"twitter:data1\" content=\"4 minutes\" \/>\n<script type=\"application\/ld+json\" class=\"yoast-schema-graph\">{\"@context\":\"https:\/\/schema.org\",\"@graph\":[{\"@type\":\"WebPage\",\"@id\":\"https:\/\/aviator-crash.org\/cy\/lwcus-jet-1win-llwytho-i-lawr\/\",\"url\":\"https:\/\/aviator-crash.org\/cy\/lwcus-jet-1win-llwytho-i-lawr\/\",\"name\":\"G\u00eam Jet Lucky mewn casino 1win, lawrlwythwch\",\"isPartOf\":{\"@id\":\"https:\/\/aviator-crash.org\/cy\/#website\"},\"datePublished\":\"2023-12-27T19:26:44+00:00\",\"dateModified\":\"2024-02-02T21:25:24+00:00\",\"description\":\"Adolygiad o'r g\u00eam Lucky Jet boblogaidd ledled y byd yn y casino 1win, sy'n rhoi cyfle gwirioneddol i chi ennill arian da. Edrychwch ar nodweddion allweddol, buddion a rheolau'r g\u00eam. Lansio ac ennill yn gyflym!\",\"breadcrumb\":{\"@id\":\"https:\/\/aviator-crash.org\/cy\/lwcus-jet-1win-llwytho-i-lawr\/#breadcrumb\"},\"inLanguage\":\"cy-GB\",\"potentialAction\":[{\"@type\":\"ReadAction\",\"target\":[\"https:\/\/aviator-crash.org\/cy\/lwcus-jet-1win-llwytho-i-lawr\/\"]}]},{\"@type\":\"BreadcrumbList\",\"@id\":\"https:\/\/aviator-crash.org\/cy\/lwcus-jet-1win-llwytho-i-lawr\/#breadcrumb\",\"itemListElement\":[{\"@type\":\"ListItem\",\"position\":1,\"name\":\"Home\",\"item\":\"https:\/\/aviator-crash.org\/cy\/gem-aviator-ar-lein-am-arian-go-iawn\/\"},{\"@type\":\"ListItem\",\"position\":2,\"name\":\"Lwcus Jet 1win llwytho i lawr\"}]},{\"@type\":\"WebSite\",\"@id\":\"https:\/\/aviator-crash.org\/cy\/#website\",\"url\":\"https:\/\/aviator-crash.org\/cy\/\",\"name\":\"\",\"description\":\"\",\"potentialAction\":[{\"@type\":\"SearchAction\",\"target\":{\"@type\":\"EntryPoint\",\"urlTemplate\":\"https:\/\/aviator-crash.org\/cy\/?s={search_term_string}\"},\"query-input\":\"required name=search_term_string\"}],\"inLanguage\":\"cy-GB\"}]}<\/script>\n<!-- \/ Yoast SEO plugin. -->","yoast_head_json":{"title":"G\u00eam Jet Lucky mewn casino 1win, lawrlwythwch","description":"Adolygiad o'r g\u00eam Lucky Jet boblogaidd ledled y byd yn y casino 1win, sy'n rhoi cyfle gwirioneddol i chi ennill arian da. Edrychwch ar nodweddion allweddol, buddion a rheolau'r g\u00eam. Lansio ac ennill yn gyflym!","robots":{"index":"index","follow":"follow","max-snippet":"max-snippet:-1","max-image-preview":"max-image-preview:large","max-video-preview":"max-video-preview:-1"},"canonical":"https:\/\/aviator-crash.org\/cy\/lwcus-jet-1win-llwytho-i-lawr\/","og_locale":"cy_GB","og_type":"article","og_title":"G\u00eam Jet Lucky mewn casino 1win, lawrlwythwch","og_description":"Adolygiad o'r g\u00eam Lucky Jet boblogaidd ledled y byd yn y casino 1win, sy'n rhoi cyfle gwirioneddol i chi ennill arian da. Edrychwch ar nodweddion allweddol, buddion a rheolau'r g\u00eam. Lansio ac ennill yn gyflym!","og_url":"https:\/\/aviator-crash.org\/cy\/lwcus-jet-1win-llwytho-i-lawr\/","article_modified_time":"2024-02-02T21:25:24+00:00","og_image":[{"url":"https:\/\/aviator-crash.org\/wp-content\/uploads\/2024\/01\/lucky_jet_game-casino_yl6vvw.webp"}],"twitter_card":"summary_large_image","twitter_misc":{"Est. reading time":"4 minutes"},"schema":{"@context":"https:\/\/schema.org","@graph":[{"@type":"WebPage","@id":"https:\/\/aviator-crash.org\/cy\/lwcus-jet-1win-llwytho-i-lawr\/","url":"https:\/\/aviator-crash.org\/cy\/lwcus-jet-1win-llwytho-i-lawr\/","name":"G\u00eam Jet Lucky mewn casino 1win, lawrlwythwch","isPartOf":{"@id":"https:\/\/aviator-crash.org\/cy\/#website"},"datePublished":"2023-12-27T19:26:44+00:00","dateModified":"2024-02-02T21:25:24+00:00","description":"Adolygiad o'r g\u00eam Lucky Jet boblogaidd ledled y byd yn y casino 1win, sy'n rhoi cyfle gwirioneddol i chi ennill arian da. Edrychwch ar nodweddion allweddol, buddion a rheolau'r g\u00eam. Lansio ac ennill yn gyflym!","breadcrumb":{"@id":"https:\/\/aviator-crash.org\/cy\/lwcus-jet-1win-llwytho-i-lawr\/#breadcrumb"},"inLanguage":"cy-GB","potentialAction":[{"@type":"ReadAction","target":["https:\/\/aviator-crash.org\/cy\/lwcus-jet-1win-llwytho-i-lawr\/"]}]},{"@type":"BreadcrumbList","@id":"https:\/\/aviator-crash.org\/cy\/lwcus-jet-1win-llwytho-i-lawr\/#breadcrumb","itemListElement":[{"@type":"ListItem","position":1,"name":"Home","item":"https:\/\/aviator-crash.org\/cy\/gem-aviator-ar-lein-am-arian-go-iawn\/"},{"@type":"ListItem","position":2,"name":"Lwcus Jet 1win llwytho i lawr"}]},{"@type":"WebSite","@id":"https:\/\/aviator-crash.org\/cy\/#website","url":"https:\/\/aviator-crash.org\/cy\/","name":"","description":"","potentialAction":[{"@type":"SearchAction","target":{"@type":"EntryPoint","urlTemplate":"https:\/\/aviator-crash.org\/cy\/?s={search_term_string}"},"query-input":"required name=search_term_string"}],"inLanguage":"cy-GB"}]}},"_links":{"self":[{"href":"https:\/\/aviator-crash.org\/cy\/wp-json\/wp\/v2\/pages\/5446"}],"collection":[{"href":"https:\/\/aviator-crash.org\/cy\/wp-json\/wp\/v2\/pages"}],"about":[{"href":"https:\/\/aviator-crash.org\/cy\/wp-json\/wp\/v2\/types\/page"}],"author":[{"embeddable":true,"href":"https:\/\/aviator-crash.org\/cy\/wp-json\/wp\/v2\/users\/2"}],"replies":[{"embeddable":true,"href":"https:\/\/aviator-crash.org\/cy\/wp-json\/wp\/v2\/comments?post=5446"}],"version-history":[{"count":1,"href":"https:\/\/aviator-crash.org\/cy\/wp-json\/wp\/v2\/pages\/5446\/revisions"}],"predecessor-version":[{"id":5448,"href":"https:\/\/aviator-crash.org\/cy\/wp-json\/wp\/v2\/pages\/5446\/revisions\/5448"}],"wp:attachment":[{"href":"https:\/\/aviator-crash.org\/cy\/wp-json\/wp\/v2\/media?parent=5446"}],"curies":[{"name":"wp","href":"https:\/\/api.w.org\/{rel}","templated":true}]}}