{"id":5478,"date":"2023-12-27T19:33:16","date_gmt":"2023-12-27T19:33:16","guid":{"rendered":"https:\/\/aviator-crash.org\/jet-x\/"},"modified":"2024-02-02T21:27:24","modified_gmt":"2024-02-02T21:27:24","slug":"jet-x","status":"publish","type":"page","link":"https:\/\/aviator-crash.org\/cy\/jet-x\/","title":{"rendered":"Jet X"},"content":{"rendered":"\n<figure class=\"wp-block-gallery has-nested-images columns-default is-cropped wp-block-gallery-1 is-layout-flex wp-block-gallery-is-layout-flex\">\n<figure class=\"wp-block-image size-large\"><span itemprop=\"image\" itemscope itemtype=\"https:\/\/schema.org\/ImageObject\"><img itemprop=\"url image\" loading=\"lazy\" decoding=\"async\" width=\"1024\" height=\"576\" data-id=\"475\" src=\"https:\/\/aviator-crash.org\/wp-content\/uploads\/2024\/01\/how-to-play-jet-x-game-on-my-cell-phone-1200x675-1-1024x576-1.webp\" alt=\"\" class=\"wp-image-475\" srcset=\"https:\/\/aviator-crash.org\/wp-content\/uploads\/2024\/01\/how-to-play-jet-x-game-on-my-cell-phone-1200x675-1-1024x576-1.webp 1024w, https:\/\/aviator-crash.org\/wp-content\/uploads\/2024\/01\/how-to-play-jet-x-game-on-my-cell-phone-1200x675-1-1024x576-1-300x169.webp 300w, https:\/\/aviator-crash.org\/wp-content\/uploads\/2024\/01\/how-to-play-jet-x-game-on-my-cell-phone-1200x675-1-1024x576-1-768x432.webp 768w\" sizes=\"(max-width: 1024px) 100vw, 1024px\" \/><meta itemprop=\"width\" content=\"1024\"><meta itemprop=\"height\" content=\"576\"><\/span><\/figure>\n<\/figure>\n\n<p>Croeso i ddyfodol rasio adrenalin, byd Jet X, y gallwch ei lawrlwytho am ddim! Mae hon yn antur arc\u00ead swyddogol gyffrous ar gyfer Android, lle mae cyflymder, uchder a styntiau anhygoel yn cael eu cyfuno mewn un ffrwd bwerus. Camwch i mewn i dalwrn awyren flaengar a pharatowch ar gyfer helfa a fydd yn esgyn y tu hwnt i&#8217;ch disgwyliadau. Peidiwch ag anghofio am y strategaeth Jet X!   <\/p>\n\n<p>Gallwch chi lawrlwytho&#8217;r cais yn hawdd ar wefan XVIN, cwmni bwci sy&#8217;n cael ei ystyried yn un o&#8217;r rhai mwyaf poblogaidd. Creu cyfrif personol, lansio&#8217;r g\u00eam a dechrau rasio cyn gynted \u00e2 phosibl. <\/p>\n\n<h2 class=\"wp-block-heading\">Mantais y g\u00eam ar-lein Jet X<\/h2>\n\n<p>Mae gan y g\u00eam ar-lein Jet X sawl mantais sy&#8217;n ei gwneud yn ddeniadol i gefnogwyr rasio arc\u00ead ac adrenalin yn y dyfodol:<\/p>\n\n<ul>\n<li>Cyflymder a dynameg. Mae&#8217;r g\u00eam yn cynnig rasio cyflym lle mae pob eiliad yn cyfrif. Diolch i gameplay deinamig a rhyddid symud mewn gofod tri dimensiwn, mae chwaraewyr X Jet wir yn teimlo&#8217;r adrenalin o rasio cyflym.  <\/li>\n\n\n\n<li>Peiriannau hedfan unigryw. Gall chwaraewyr ddewis o amrywiaeth o gerbydau hedfan arloesol gyda nodweddion unigryw. <\/li>\n\n\n\n<li>Argaeledd modd aml-ddefnyddiwr. Mae&#8217;r gallu i gystadlu \u00e2 chwaraewyr eraill ar-lein yn ychwanegu elfen o gystadleuaeth a rhyngweithio cymdeithasol. Gallwch chi lawrlwytho Jet X a mwynhau&#8217;r g\u00eam gyda&#8217;ch ffrindiau.  <\/li>\n\n\n\n<li>Gwella dyfeisiau. Gall chwaraewyr addasu a gwella eu hawyrennau i weddu i&#8217;w steil rasio. Mae hyn yn creu profiad personol ar gyfer pob chwaraewr ac yn caniat\u00e1u iddynt wella eu ceir wrth iddynt symud ymlaen.  <\/li>\n\n\n\n<li>Diweddariadau rheolaidd. Mae datblygwyr yn diweddaru Jet X yn gyson, gan ychwanegu traciau, dyfeisiau, moddau a swyddogaethau newydd. <\/li>\n<\/ul>\n\n<p>Mae&#8217;r manteision hyn yn gwneud Jet X yn g\u00eam ddeniadol i&#8217;r rhai sy&#8217;n gwerthfawrogi rasio cyflym, arloesi mewn dylunio awyrennau ac ysbryd cystadleuol hapchwarae ar-lein.<\/p>\n\n<h2 class=\"wp-block-heading\">Sut i chwarae Jet X<\/h2>\n\n<p>Mae g\u00eam Jet X yn darparu profiad rasio cyflym cyffrous yn y dyfodol. Dyma argymhellion cyffredinol ar sut i ddechrau chwarae Jet X: <\/p>\n\n<ol>\n<li>Yn gyntaf, gosodwch y g\u00eam ar eich dyfais yn unol \u00e2&#8217;r cyfarwyddiadau ar gyfer eich platfform (cyfrifiadur, consol, dyfais symudol). Lansiwch y g\u00eam ac aros nes bod y broses lawrlwytho wedi&#8217;i chwblhau. <\/li>\n\n\n\n<li>Pan fyddwch chi&#8217;n dechrau&#8217;r g\u00eam, gofynnir i chi ddewis eich awyren gyntaf. Gall fod gan wahanol ddyfeisiadau nodweddion a galluoedd gwahanol, felly gallwch chi arbrofi a chwarae Jet X. <\/li>\n\n\n\n<li>Ymgyfarwyddo \u00e2 rheolaethau eich awyren. Mae hyn fel arfer yn golygu defnyddio allweddi, ffyn rheoli, neu sgrin gyffwrdd yn dibynnu ar y platfform. <\/li>\n\n\n\n<li>Mae Jet X yn cynnig amrywiol ddulliau g\u00eam fel ymgyrchu, brwydrau aml-chwaraewr.<\/li>\n\n\n\n<li>Dewiswch drac a dechrau rasio. Rhowch sylw i nodau ac amcanion pob ras, oherwydd gallant amrywio yn dibynnu ar y modd g\u00eam. Gall rhaglen Jet X amrywio yn dibynnu ar y lefel.  <\/li>\n\n\n\n<li>Defnyddiwch alluoedd eich peiriant hedfan i frwydro yn erbyn gwrthwynebwyr a pherfformio styntiau. Mewn rhai dulliau g\u00eam, gall hyn ddarparu bonysau ychwanegol neu gyflymiadau. <\/li>\n\n\n\n<li>Ar \u00f4l cwblhau rasys a brwydrau, ennill adnoddau yn y g\u00eam neu arian cyfred i wella ac addasu eich awyren.<\/li>\n\n\n\n<li>Cadwch draw am ddiweddariadau g\u00eam, oherwydd gall datblygwyr ychwanegu traciau, dyfeisiau a moddau newydd.<\/li>\n<\/ol>\n\n<p>Gall telerau ac amodau penodol amrywio yn dibynnu ar y fersiwn. Darllenwch adolygiadau ac argymhellion Jet X, bydd hyn yn caniat\u00e1u ichi ddeall hanfod y g\u00eam yn gyflym a dechrau chwarae. <\/p>\n\n<h2 class=\"wp-block-heading\">Sut i ennill yn Jet X?<\/h2>\n\n<p>Er mwyn chwarae Jet X yn llwyddiannus, mae&#8217;n bwysig datblygu sgiliau a chymhwyso strategaethau i ennill rasys a brwydrau. Dyma rai awgrymiadau a all eich helpu i gyflawni llwyddiant yn y g\u00eam. Yn gyntaf oll, meistroli rheolaeth eich peiriant hedfan. Bydd deall pob symudiad a symudiad yn eich galluogi i reoli&#8217;n fwy effeithiol mewn gwahanol sefyllfaoedd. Archwiliwch y traciau a defnyddiwch yr amgylchedd er mantais i chi.    <\/p>\n\n<p>Awgrym arall profedig yw defnyddio codau promo Jet X. Maent yn cynnig amodau ffafriol a&#8217;r cyfle i ennill pwyntiau ychwanegol. Gallwch ddod o hyd i godau hyrwyddo ar safleoedd hapchwarae arbenigol neu mewn adran benodol ar XVIN. <\/p>\n\n<p>Mae strategaeth Jet X yn bwynt pwysig arall i roi sylw iddo. Os bydd brwydrau, byddwch yn rhagweithiol wrth ddefnyddio arfau ac offer amddiffynnol. Gall rhyngweithio&#8217;n effeithiol \u00e2 gelynion gynyddu eich siawns o ennill yn fawr.  <\/p>\n\n<p>Yn ystod rasys a brwydrau, peidiwch ag anghofio i berfformio triciau. Gallant ddod \u00e2 bonysau ychwanegol a chyflymder. Peidiwch ag anghofio am fonysau a betiau mewn sefyllfa dda. Yn y system gyfrifo ods Jet X, gallwch gyfrifo&#8217;r holl risgiau a gwneud bet smart. Hefyd, defnyddiwch y cyfleoedd i wella&#8217;ch peiriant hedfan. Astudiwch y llwybrau yn ofalus a chynlluniwch eich llwybr ymlaen llaw. Bydd dewis llwybr gorau posibl a rheoli cyflymder yn eich helpu i oddiweddyd eich gwrthwynebwyr.      <\/p>\n\n<p>Monitro gweithredoedd eich gwrthwynebwyr ac addasu i&#8217;r sefyllfa newidiol ar y trac. Gall hyblygrwydd a&#8217;r gallu i addasu fod yn allweddol i lwyddiant rasio cyflym. Os yw&#8217;ch g\u00eam Jet X neu&#8217;ch demo yn cynnig chwarae t\u00eem, cyfathrebwch yn weithredol \u00e2&#8217;ch t\u00eem.  <\/p>\n\n<p>Mae Jet X yn rhoi lle i chi ar gyfer creadigrwydd a phenderfyniadau tactegol. Addaswch i&#8217;r amodau, archwiliwch system gyfrifo ods Jet X a mwynhewch rasio cyflym a chyffrous yn y dyfodol! <\/p>\n\n<h2 class=\"wp-block-heading\">Rheolau&#8217;r g\u00eam yn Jet X<\/h2>\n\n<p>Mae&#8217;r prif nod yn dibynnu ar y modd g\u00eam. Gallai hyn olygu cwblhau cwrs yn yr amser byrraf, ennill brwydrau yn erbyn gwrthwynebwyr, perfformio styntiau, neu gyflawni canlyniadau penodol yn y modd aml-chwaraewr. Mae&#8217;r g\u00eam fel arfer yn darparu amrywiaeth o draciau a lefelau, pob un yn cyflwyno heriau unigryw. Gallwch weld pob un ohonynt ar wefan Jet X. Gall chwaraewyr uwchraddio eu hawyrennau i ymdopi&#8217;n fwy llwyddiannus \u00e2 thraciau lefel uwch.   <\/p>\n\n<p>Mae chwaraewyr yn rheoli&#8217;r awyren gan ddefnyddio bysellfwrdd, ffon reoli, gamepad, neu sgrin gyffwrdd yn dibynnu ar y platfform. Mae rheolaethau yn cynnwys newid cyfeiriad, addasu cyflymder a pherfformio triciau. Gall perfformio triciau ennill bonysau fel cyflymdra neu bwyntiau ychwanegol.  <\/p>\n\n<p>Mewn rhai dulliau g\u00eam, gall chwaraewyr ymladd gwrthwynebwyr gan ddefnyddio arfau ar eu dyfeisiau. Gall arfau gynnwys taflegrau, laserau, a dulliau eraill o ymosod neu amddiffyn. Cyn i chi ddechrau chwarae, edrychwch ar y strategaeth Jet X ac adolygiadau.  <\/p>\n\n<h2 class=\"wp-block-heading\">Codau hyrwyddo<\/h2>\n\n<p>Mae codau hyrwyddo fel arfer yn cael eu darparu gan ddatblygwyr y g\u00eam neu&#8217;r platfform y mae&#8217;r g\u00eam yn cael ei ddosbarthu arno. Maent yn darparu bonysau neu sglodion arbennig i chwaraewyr gynyddu eu siawns o ennill. Gallwch ddod o hyd i godau hyrwyddo ar sawl adnodd:  <\/p>\n\n<ul>\n<li>Safle swyddogol.<\/li>\n\n\n\n<li>Cyfryngau cymdeithasol.<\/li>\n\n\n\n<li>Fforymau a chymunedau.<\/li>\n\n\n\n<li>Cylchlythyrau.<\/li>\n\n\n\n<li>Partneriaid a noddwyr.<\/li>\n<\/ul>\n\n<h2 class=\"wp-block-heading\">Adolygiadau<\/h2>\n\n<p>Dyma rai adolygiadau defnyddwyr am y g\u00eam boblogaidd:<\/p>\n","protected":false},"excerpt":{"rendered":"<p>Croeso i ddyfodol rasio adrenalin, byd Jet X, y gallwch ei lawrlwytho am ddim! Mae hon yn antur arc\u00ead swyddogol gyffrous ar gyfer Android, lle mae cyflymder, uchder a styntiau anhygoel yn cael eu cyfuno mewn un ffrwd bwerus. Camwch i mewn i dalwrn awyren flaengar a pharatowch ar gyfer helfa a fydd yn esgyn [&hellip;]<\/p>\n","protected":false},"author":2,"featured_media":0,"parent":0,"menu_order":0,"comment_status":"open","ping_status":"closed","template":"","meta":{"footnotes":""},"yoast_head":"<!-- This site is optimized with the Yoast SEO plugin v21.7 - https:\/\/yoast.com\/wordpress\/plugins\/seo\/ -->\n<title>G\u00eam casino Jet X, lawrlwythwch<\/title>\n<meta name=\"description\" content=\"Ymgollwch ym myd cyffrous rasio cyflym gyda Jet X - profiad arc\u00ead unigryw a chyffrous yn y dyfodol. Darllenwch y rheolau yn ofalus a chymerwch y llyw yn gyflym. Anturiaethau diddorol ac amser da yn eich disgwyl.\" \/>\n<meta name=\"robots\" content=\"index, follow, max-snippet:-1, max-image-preview:large, max-video-preview:-1\" \/>\n<link rel=\"canonical\" href=\"https:\/\/aviator-crash.org\/cy\/jet-x\/\" \/>\n<meta property=\"og:locale\" content=\"cy_GB\" \/>\n<meta property=\"og:type\" content=\"article\" \/>\n<meta property=\"og:title\" content=\"G\u00eam casino Jet X, lawrlwythwch\" \/>\n<meta property=\"og:description\" content=\"Ymgollwch ym myd cyffrous rasio cyflym gyda Jet X - profiad arc\u00ead unigryw a chyffrous yn y dyfodol. Darllenwch y rheolau yn ofalus a chymerwch y llyw yn gyflym. Anturiaethau diddorol ac amser da yn eich disgwyl.\" \/>\n<meta property=\"og:url\" content=\"https:\/\/aviator-crash.org\/cy\/jet-x\/\" \/>\n<meta property=\"article:modified_time\" content=\"2024-02-02T21:27:24+00:00\" \/>\n<meta property=\"og:image\" content=\"https:\/\/aviator-crash.org\/wp-content\/uploads\/2024\/01\/how-to-play-jet-x-game-on-my-cell-phone-1200x675-1-1024x576-1.webp\" \/>\n<meta name=\"twitter:card\" content=\"summary_large_image\" \/>\n<meta name=\"twitter:label1\" content=\"Est. reading time\" \/>\n\t<meta name=\"twitter:data1\" content=\"5 minutes\" \/>\n<script type=\"application\/ld+json\" class=\"yoast-schema-graph\">{\"@context\":\"https:\/\/schema.org\",\"@graph\":[{\"@type\":\"WebPage\",\"@id\":\"https:\/\/aviator-crash.org\/cy\/jet-x\/\",\"url\":\"https:\/\/aviator-crash.org\/cy\/jet-x\/\",\"name\":\"G\u00eam casino Jet X, lawrlwythwch\",\"isPartOf\":{\"@id\":\"https:\/\/aviator-crash.org\/cy\/#website\"},\"datePublished\":\"2023-12-27T19:33:16+00:00\",\"dateModified\":\"2024-02-02T21:27:24+00:00\",\"description\":\"Ymgollwch ym myd cyffrous rasio cyflym gyda Jet X - profiad arc\u00ead unigryw a chyffrous yn y dyfodol. Darllenwch y rheolau yn ofalus a chymerwch y llyw yn gyflym. Anturiaethau diddorol ac amser da yn eich disgwyl.\",\"breadcrumb\":{\"@id\":\"https:\/\/aviator-crash.org\/cy\/jet-x\/#breadcrumb\"},\"inLanguage\":\"cy-GB\",\"potentialAction\":[{\"@type\":\"ReadAction\",\"target\":[\"https:\/\/aviator-crash.org\/cy\/jet-x\/\"]}]},{\"@type\":\"BreadcrumbList\",\"@id\":\"https:\/\/aviator-crash.org\/cy\/jet-x\/#breadcrumb\",\"itemListElement\":[{\"@type\":\"ListItem\",\"position\":1,\"name\":\"Home\",\"item\":\"https:\/\/aviator-crash.org\/cy\/gem-aviator-ar-lein-am-arian-go-iawn\/\"},{\"@type\":\"ListItem\",\"position\":2,\"name\":\"Jet X\"}]},{\"@type\":\"WebSite\",\"@id\":\"https:\/\/aviator-crash.org\/cy\/#website\",\"url\":\"https:\/\/aviator-crash.org\/cy\/\",\"name\":\"\",\"description\":\"\",\"potentialAction\":[{\"@type\":\"SearchAction\",\"target\":{\"@type\":\"EntryPoint\",\"urlTemplate\":\"https:\/\/aviator-crash.org\/cy\/?s={search_term_string}\"},\"query-input\":\"required name=search_term_string\"}],\"inLanguage\":\"cy-GB\"}]}<\/script>\n<!-- \/ Yoast SEO plugin. -->","yoast_head_json":{"title":"G\u00eam casino Jet X, lawrlwythwch","description":"Ymgollwch ym myd cyffrous rasio cyflym gyda Jet X - profiad arc\u00ead unigryw a chyffrous yn y dyfodol. Darllenwch y rheolau yn ofalus a chymerwch y llyw yn gyflym. Anturiaethau diddorol ac amser da yn eich disgwyl.","robots":{"index":"index","follow":"follow","max-snippet":"max-snippet:-1","max-image-preview":"max-image-preview:large","max-video-preview":"max-video-preview:-1"},"canonical":"https:\/\/aviator-crash.org\/cy\/jet-x\/","og_locale":"cy_GB","og_type":"article","og_title":"G\u00eam casino Jet X, lawrlwythwch","og_description":"Ymgollwch ym myd cyffrous rasio cyflym gyda Jet X - profiad arc\u00ead unigryw a chyffrous yn y dyfodol. Darllenwch y rheolau yn ofalus a chymerwch y llyw yn gyflym. Anturiaethau diddorol ac amser da yn eich disgwyl.","og_url":"https:\/\/aviator-crash.org\/cy\/jet-x\/","article_modified_time":"2024-02-02T21:27:24+00:00","og_image":[{"url":"https:\/\/aviator-crash.org\/wp-content\/uploads\/2024\/01\/how-to-play-jet-x-game-on-my-cell-phone-1200x675-1-1024x576-1.webp"}],"twitter_card":"summary_large_image","twitter_misc":{"Est. reading time":"5 minutes"},"schema":{"@context":"https:\/\/schema.org","@graph":[{"@type":"WebPage","@id":"https:\/\/aviator-crash.org\/cy\/jet-x\/","url":"https:\/\/aviator-crash.org\/cy\/jet-x\/","name":"G\u00eam casino Jet X, lawrlwythwch","isPartOf":{"@id":"https:\/\/aviator-crash.org\/cy\/#website"},"datePublished":"2023-12-27T19:33:16+00:00","dateModified":"2024-02-02T21:27:24+00:00","description":"Ymgollwch ym myd cyffrous rasio cyflym gyda Jet X - profiad arc\u00ead unigryw a chyffrous yn y dyfodol. Darllenwch y rheolau yn ofalus a chymerwch y llyw yn gyflym. Anturiaethau diddorol ac amser da yn eich disgwyl.","breadcrumb":{"@id":"https:\/\/aviator-crash.org\/cy\/jet-x\/#breadcrumb"},"inLanguage":"cy-GB","potentialAction":[{"@type":"ReadAction","target":["https:\/\/aviator-crash.org\/cy\/jet-x\/"]}]},{"@type":"BreadcrumbList","@id":"https:\/\/aviator-crash.org\/cy\/jet-x\/#breadcrumb","itemListElement":[{"@type":"ListItem","position":1,"name":"Home","item":"https:\/\/aviator-crash.org\/cy\/gem-aviator-ar-lein-am-arian-go-iawn\/"},{"@type":"ListItem","position":2,"name":"Jet X"}]},{"@type":"WebSite","@id":"https:\/\/aviator-crash.org\/cy\/#website","url":"https:\/\/aviator-crash.org\/cy\/","name":"","description":"","potentialAction":[{"@type":"SearchAction","target":{"@type":"EntryPoint","urlTemplate":"https:\/\/aviator-crash.org\/cy\/?s={search_term_string}"},"query-input":"required name=search_term_string"}],"inLanguage":"cy-GB"}]}},"_links":{"self":[{"href":"https:\/\/aviator-crash.org\/cy\/wp-json\/wp\/v2\/pages\/5478"}],"collection":[{"href":"https:\/\/aviator-crash.org\/cy\/wp-json\/wp\/v2\/pages"}],"about":[{"href":"https:\/\/aviator-crash.org\/cy\/wp-json\/wp\/v2\/types\/page"}],"author":[{"embeddable":true,"href":"https:\/\/aviator-crash.org\/cy\/wp-json\/wp\/v2\/users\/2"}],"replies":[{"embeddable":true,"href":"https:\/\/aviator-crash.org\/cy\/wp-json\/wp\/v2\/comments?post=5478"}],"version-history":[{"count":1,"href":"https:\/\/aviator-crash.org\/cy\/wp-json\/wp\/v2\/pages\/5478\/revisions"}],"predecessor-version":[{"id":5480,"href":"https:\/\/aviator-crash.org\/cy\/wp-json\/wp\/v2\/pages\/5478\/revisions\/5480"}],"wp:attachment":[{"href":"https:\/\/aviator-crash.org\/cy\/wp-json\/wp\/v2\/media?parent=5478"}],"curies":[{"name":"wp","href":"https:\/\/api.w.org\/{rel}","templated":true}]}}