{"id":1155,"date":"2023-12-22T18:32:01","date_gmt":"2023-12-22T18:32:01","guid":{"rendered":"https:\/\/aviator-crash.org\/aviator-spiel-reviews\/"},"modified":"2024-02-02T14:19:19","modified_gmt":"2024-02-02T14:19:19","slug":"aviator-spiel-reviews","status":"publish","type":"page","link":"https:\/\/aviator-crash.org\/de\/aviator-spiel-reviews\/","title":{"rendered":"Aviator Spiel Reviews"},"content":{"rendered":"\n<p>Aviator ist bei weitem eines der beliebtesten Online-Spiele. Deshalb erscheinen immer h\u00e4ufiger in der Suchmaschine Anfragen zu Bewertungen \u00fcber das Spiel Aviator f\u00fcr Geld von denjenigen, die es bereits geschafft haben, es auszuprobieren und herauszufinden, wie real die Gewinnchancen darin sind.  <\/p>\n\n<h2 class=\"wp-block-heading\">Unsere Gedanken zum Aviator-Spiel<\/h2>\n\n<p>Das Aviator-Absturzspiel ist zweifellos die beste Entwicklung von Spribe. Es ist einzigartig, interessant, aufregend und in der Lage, eine Welle von angenehmen Gef\u00fchlen bei den Liebhabern des Gl\u00fccksspiels hervorzurufen. Ein gro\u00dfes Plus ist die Kurzfristigkeit der Runden &#8211; nur ein paar Sekunden Spannung, und der Spieler kann zum Gewinner werden und seinen Einsatz vervielfachen (10, 20 oder vielleicht 50 Mal). Die Hauptsache ist, dass Sie es schaffen, Geld abzuheben, bevor das Flugzeug abst\u00fcrzt, aber Sie m\u00fcssen es mit maximaler Wahrscheinlichkeit tun.  <\/p>\n\n<p>Dieses Spiel garantiert auch den anspruchsvollsten Gl\u00fccksspielfans eine Welle von Emotionen. Deshalb wird ein solcher Automat von vielen Online-Casinos angeboten: 1win, Pin Up, 1Xbet. Der Slot hat erstklassige Grafiken, Klarheit und Soundeffekte. Auch wir finden dieses Spiel faszinierend und sind der Meinung, dass es auf jeden Fall gespielt werden sollte.  <\/p>\n\n<h2 class=\"wp-block-heading\">Spielerbewertungen des Spiels Aviator<\/h2>\n\n<p>Es gibt verschiedene Bewertungen von Aviator Crash Game von echten Spielern im Internet. Die einen bewundern es, die anderen schimpfen \u00fcber seine Unberechenbarkeit, die Risiken und die Unm\u00f6glichkeit, eine 100%ige Gewinnstrategie zu entwickeln. Aber genau das ist oft das Sch\u00f6ne am Gl\u00fccksspiel.  <\/p>\n\n<p>Wir laden Sie ein, Ihre eigenen Schlussfolgerungen zu ziehen. Probieren Sie dieses Spiel aus und teilen Sie Ihre Meinung mit, indem Sie unten eine Bewertung hinterlassen.  <\/p>\n","protected":false},"excerpt":{"rendered":"<p>Aviator ist bei weitem eines der beliebtesten Online-Spiele. Deshalb erscheinen immer h\u00e4ufiger in der Suchmaschine Anfragen zu Bewertungen \u00fcber das Spiel Aviator f\u00fcr Geld von denjenigen, die es bereits geschafft haben, es auszuprobieren und herauszufinden, wie real die Gewinnchancen darin sind. Unsere Gedanken zum Aviator-Spiel Das Aviator-Absturzspiel ist zweifellos die beste Entwicklung von Spribe. Es [&hellip;]<\/p>\n","protected":false},"author":2,"featured_media":0,"parent":0,"menu_order":0,"comment_status":"open","ping_status":"closed","template":"","meta":{"footnotes":""},"yoast_head":"<!-- This site is optimized with the Yoast SEO plugin v21.7 - https:\/\/yoast.com\/wordpress\/plugins\/seo\/ -->\n<title>Aviator Spielbewertungen von Spielern<\/title>\n<meta name=\"description\" content=\"Bewertungen \u00fcber den Absturz Spiel Aviator echte Spieler k\u00f6nnen Sie wissen, alle Vor-und Nachteile des Ger\u00e4ts. Grundregeln des Automaten und Nuancen der Verwaltung.\" \/>\n<meta name=\"robots\" content=\"index, follow, max-snippet:-1, max-image-preview:large, max-video-preview:-1\" \/>\n<link rel=\"canonical\" href=\"https:\/\/aviator-crash.org\/de\/aviator-spiel-reviews\/\" \/>\n<meta property=\"og:locale\" content=\"de_DE\" \/>\n<meta property=\"og:type\" content=\"article\" \/>\n<meta property=\"og:title\" content=\"Aviator Spielbewertungen von Spielern\" \/>\n<meta property=\"og:description\" content=\"Bewertungen \u00fcber den Absturz Spiel Aviator echte Spieler k\u00f6nnen Sie wissen, alle Vor-und Nachteile des Ger\u00e4ts. Grundregeln des Automaten und Nuancen der Verwaltung.\" \/>\n<meta property=\"og:url\" content=\"https:\/\/aviator-crash.org\/de\/aviator-spiel-reviews\/\" \/>\n<meta property=\"article:modified_time\" content=\"2024-02-02T14:19:19+00:00\" \/>\n<meta name=\"twitter:card\" content=\"summary_large_image\" \/>\n<meta name=\"twitter:label1\" content=\"Est. reading time\" \/>\n\t<meta name=\"twitter:data1\" content=\"1 Minute\" \/>\n<script type=\"application\/ld+json\" class=\"yoast-schema-graph\">{\"@context\":\"https:\/\/schema.org\",\"@graph\":[{\"@type\":\"WebPage\",\"@id\":\"https:\/\/aviator-crash.org\/de\/aviator-spiel-reviews\/\",\"url\":\"https:\/\/aviator-crash.org\/de\/aviator-spiel-reviews\/\",\"name\":\"Aviator Spielbewertungen von Spielern\",\"isPartOf\":{\"@id\":\"https:\/\/aviator-crash.org\/de\/#website\"},\"datePublished\":\"2023-12-22T18:32:01+00:00\",\"dateModified\":\"2024-02-02T14:19:19+00:00\",\"description\":\"Bewertungen \u00fcber den Absturz Spiel Aviator echte Spieler k\u00f6nnen Sie wissen, alle Vor-und Nachteile des Ger\u00e4ts. Grundregeln des Automaten und Nuancen der Verwaltung.\",\"breadcrumb\":{\"@id\":\"https:\/\/aviator-crash.org\/de\/aviator-spiel-reviews\/#breadcrumb\"},\"inLanguage\":\"de-DE\",\"potentialAction\":[{\"@type\":\"ReadAction\",\"target\":[\"https:\/\/aviator-crash.org\/de\/aviator-spiel-reviews\/\"]}]},{\"@type\":\"BreadcrumbList\",\"@id\":\"https:\/\/aviator-crash.org\/de\/aviator-spiel-reviews\/#breadcrumb\",\"itemListElement\":[{\"@type\":\"ListItem\",\"position\":1,\"name\":\"Home\",\"item\":\"https:\/\/aviator-crash.org\/de\/\"},{\"@type\":\"ListItem\",\"position\":2,\"name\":\"Aviator Spiel Reviews\"}]},{\"@type\":\"WebSite\",\"@id\":\"https:\/\/aviator-crash.org\/de\/#website\",\"url\":\"https:\/\/aviator-crash.org\/de\/\",\"name\":\"\",\"description\":\"\",\"potentialAction\":[{\"@type\":\"SearchAction\",\"target\":{\"@type\":\"EntryPoint\",\"urlTemplate\":\"https:\/\/aviator-crash.org\/de\/?s={search_term_string}\"},\"query-input\":\"required name=search_term_string\"}],\"inLanguage\":\"de-DE\"}]}<\/script>\n<!-- \/ Yoast SEO plugin. -->","yoast_head_json":{"title":"Aviator Spielbewertungen von Spielern","description":"Bewertungen \u00fcber den Absturz Spiel Aviator echte Spieler k\u00f6nnen Sie wissen, alle Vor-und Nachteile des Ger\u00e4ts. Grundregeln des Automaten und Nuancen der Verwaltung.","robots":{"index":"index","follow":"follow","max-snippet":"max-snippet:-1","max-image-preview":"max-image-preview:large","max-video-preview":"max-video-preview:-1"},"canonical":"https:\/\/aviator-crash.org\/de\/aviator-spiel-reviews\/","og_locale":"de_DE","og_type":"article","og_title":"Aviator Spielbewertungen von Spielern","og_description":"Bewertungen \u00fcber den Absturz Spiel Aviator echte Spieler k\u00f6nnen Sie wissen, alle Vor-und Nachteile des Ger\u00e4ts. Grundregeln des Automaten und Nuancen der Verwaltung.","og_url":"https:\/\/aviator-crash.org\/de\/aviator-spiel-reviews\/","article_modified_time":"2024-02-02T14:19:19+00:00","twitter_card":"summary_large_image","twitter_misc":{"Est. reading time":"1 Minute"},"schema":{"@context":"https:\/\/schema.org","@graph":[{"@type":"WebPage","@id":"https:\/\/aviator-crash.org\/de\/aviator-spiel-reviews\/","url":"https:\/\/aviator-crash.org\/de\/aviator-spiel-reviews\/","name":"Aviator Spielbewertungen von Spielern","isPartOf":{"@id":"https:\/\/aviator-crash.org\/de\/#website"},"datePublished":"2023-12-22T18:32:01+00:00","dateModified":"2024-02-02T14:19:19+00:00","description":"Bewertungen \u00fcber den Absturz Spiel Aviator echte Spieler k\u00f6nnen Sie wissen, alle Vor-und Nachteile des Ger\u00e4ts. Grundregeln des Automaten und Nuancen der Verwaltung.","breadcrumb":{"@id":"https:\/\/aviator-crash.org\/de\/aviator-spiel-reviews\/#breadcrumb"},"inLanguage":"de-DE","potentialAction":[{"@type":"ReadAction","target":["https:\/\/aviator-crash.org\/de\/aviator-spiel-reviews\/"]}]},{"@type":"BreadcrumbList","@id":"https:\/\/aviator-crash.org\/de\/aviator-spiel-reviews\/#breadcrumb","itemListElement":[{"@type":"ListItem","position":1,"name":"Home","item":"https:\/\/aviator-crash.org\/de\/"},{"@type":"ListItem","position":2,"name":"Aviator Spiel Reviews"}]},{"@type":"WebSite","@id":"https:\/\/aviator-crash.org\/de\/#website","url":"https:\/\/aviator-crash.org\/de\/","name":"","description":"","potentialAction":[{"@type":"SearchAction","target":{"@type":"EntryPoint","urlTemplate":"https:\/\/aviator-crash.org\/de\/?s={search_term_string}"},"query-input":"required name=search_term_string"}],"inLanguage":"de-DE"}]}},"_links":{"self":[{"href":"https:\/\/aviator-crash.org\/de\/wp-json\/wp\/v2\/pages\/1155"}],"collection":[{"href":"https:\/\/aviator-crash.org\/de\/wp-json\/wp\/v2\/pages"}],"about":[{"href":"https:\/\/aviator-crash.org\/de\/wp-json\/wp\/v2\/types\/page"}],"author":[{"embeddable":true,"href":"https:\/\/aviator-crash.org\/de\/wp-json\/wp\/v2\/users\/2"}],"replies":[{"embeddable":true,"href":"https:\/\/aviator-crash.org\/de\/wp-json\/wp\/v2\/comments?post=1155"}],"version-history":[{"count":3,"href":"https:\/\/aviator-crash.org\/de\/wp-json\/wp\/v2\/pages\/1155\/revisions"}],"predecessor-version":[{"id":1158,"href":"https:\/\/aviator-crash.org\/de\/wp-json\/wp\/v2\/pages\/1155\/revisions\/1158"}],"wp:attachment":[{"href":"https:\/\/aviator-crash.org\/de\/wp-json\/wp\/v2\/media?parent=1155"}],"curies":[{"name":"wp","href":"https:\/\/api.w.org\/{rel}","templated":true}]}}