{"id":1210,"date":"2023-12-27T19:12:26","date_gmt":"2023-12-27T19:12:26","guid":{"rendered":"https:\/\/aviator-crash.org\/schnelle-bargeldspiele-online-mit-auszahlung\/"},"modified":"2024-02-02T14:49:38","modified_gmt":"2024-02-02T14:49:38","slug":"schnelle-bargeldspiele-online-mit-auszahlung","status":"publish","type":"page","link":"https:\/\/aviator-crash.org\/de\/schnelle-bargeldspiele-online-mit-auszahlung\/","title":{"rendered":"Schnelle Bargeldspiele online mit Auszahlung"},"content":{"rendered":"\n<figure class=\"wp-block-gallery has-nested-images columns-default is-cropped wp-block-gallery-1 is-layout-flex wp-block-gallery-is-layout-flex\">\n<figure class=\"wp-block-image size-large\"><span itemprop=\"image\" itemscope itemtype=\"https:\/\/schema.org\/ImageObject\"><img itemprop=\"url image\" loading=\"lazy\" decoding=\"async\" width=\"683\" height=\"600\" data-id=\"460\" src=\"https:\/\/aviator-crash.org\/wp-content\/uploads\/2024\/01\/aviator-minigame-logo-4.png\" alt=\"\" class=\"wp-image-460\" srcset=\"https:\/\/aviator-crash.org\/wp-content\/uploads\/2024\/01\/aviator-minigame-logo-4.png 683w, https:\/\/aviator-crash.org\/wp-content\/uploads\/2024\/01\/aviator-minigame-logo-4-300x264.png 300w\" sizes=\"(max-width: 683px) 100vw, 683px\" \/><meta itemprop=\"width\" content=\"683\"><meta itemprop=\"height\" content=\"600\"><\/span><\/figure>\n<\/figure>\n\n<p>Das Konzept der Crash-Spiele wurde in den fr\u00fchen 2000er Jahren entwickelt.\nIn den letzten Jahren sind sie jedoch immer beliebter geworden.\nSpiele zum schnellen Geldverdienen werden in fast allen Online-Casinos angeboten.\nJede Runde ist spannend und voller Adrenalin.\nSchnelle Spiele zeichnen sich durch ein einfaches Gameplay aus: Der Multiplikator steigt, dementsprechend wachsen die Gewinne, Sie m\u00fcssen es schaffen, das Geld vor der Katastrophe zu nehmen.    <\/p>\n\n<h2 class=\"wp-block-heading\">Crash-Spiel um Geld mit R\u00fccknahme<\/h2>\n\n<p>Schnelle Gewinne beim Gl\u00fccksspiel sind f\u00fcr Spieler sehr attraktiv.\nDer Benutzer sollte den Spielverlauf sorgf\u00e4ltig verfolgen und den Knopf in dem Moment dr\u00fccken, wenn seine Intuition ihn dazu auffordert.\nDas Spiel mit der schnellen Geldauszahlung ist echt, das best\u00e4tigen Spieler aus der ganzen Welt.  <\/p>\n\n<p>Das Prinzip ist ganz einfach: Der Spieler macht einen Einsatz, woraufhin der Multiplikator w\u00e4chst.\nNiemand wei\u00df, an welchem Punkt die Runde enden wird.\nSchnelles Geldverdienen beim Gl\u00fccksspiel ist m\u00f6glich, wenn man dank der Intuition die Taste vor der Katastrophe dr\u00fcckt.\nDer Gewinn ist das Produkt aus dem Einsatz und dem Koeffizienten, bei dem das Spiel aufh\u00f6rt.\nWenn der Benutzer keine Zeit hatte &#8211; hat das Casino gewonnen.\nJe l\u00e4nger die Runde dauert, desto gr\u00f6\u00dfer ist das Risiko.\nAber zur gleichen Zeit gibt es mehr Chancen zu gewinnen.      <\/p>\n\n<p>Das Crash-Spiel um Geld basiert auf dem GSC, der unm\u00f6glich zu schlagen ist.\nAuch verschiedene Hacking-Programme oder betr\u00fcgerische Machenschaften werden nicht helfen.\nDie Ehrlichkeit von Crash-Spielen kann bewiesen werden, jeder Benutzer kann es \u00fcberpr\u00fcfen.  <\/p>\n\n<h2 class=\"wp-block-heading\">Aviator (fliegendes Flugzeug) f\u00fcr Geld spielen<\/h2>\n\n<p>Mini-Geldabhebungsspiele sind \u00e4u\u00dferst beliebt.\nUnd eines der bekanntesten ist Aviator.\nDas Design ist sehr einfach.\nAuf einem dunklen Hintergrund gewinnt das Flugzeug an H\u00f6he.\nJe h\u00f6her es ist &#8211; desto gr\u00f6\u00dfer ist der Koeffizient.\nFalls gew\u00fcnscht, ist es m\u00f6glich, die Animation zu deaktivieren.\nIn diesem Fall wird der Benutzer vor ihm nur den wachsenden Koeffizienten sehen.\nDer Z\u00e4hlmultiplikator beginnt bei eins, sein Anstieg ist ungleichm\u00e4\u00dfig.\nEin paar Sekunden reichen aus, um ihn auf das F\u00fcnf- oder Hundertfache ansteigen zu lassen.\nDie Dauer der Runde kann unterschiedlich sein, eine ganze Sekunde oder ein kleiner Bruchteil.\nFalls gew\u00fcnscht, kann der Spieler die Autoplay-Funktion nutzen, indem er den Einsatz und den Koeffizienten f\u00fcr das Ende der Runde festlegt.\nDank der Live-Statistiken k\u00f6nnen Sie sich mit den bisherigen Eins\u00e4tzen und Ergebnissen anderer Nutzer vertraut machen.           <\/p>\n\n<h2 class=\"wp-block-heading\">Crash-Spiel &#8211; Lucky Jet<\/h2>\n\n<figure class=\"wp-block-gallery has-nested-images columns-default is-cropped wp-block-gallery-2 is-layout-flex wp-block-gallery-is-layout-flex\">\n<figure class=\"wp-block-image size-large\"><span itemprop=\"image\" itemscope itemtype=\"https:\/\/schema.org\/ImageObject\"><img itemprop=\"url image\" loading=\"lazy\" decoding=\"async\" width=\"1024\" height=\"509\" data-id=\"448\" src=\"https:\/\/aviator-crash.org\/wp-content\/uploads\/2024\/01\/lucky-jet_1-1024x509.jpg\" alt=\"\" class=\"wp-image-448\" srcset=\"https:\/\/aviator-crash.org\/wp-content\/uploads\/2024\/01\/lucky-jet_1-1024x509.jpg 1024w, https:\/\/aviator-crash.org\/wp-content\/uploads\/2024\/01\/lucky-jet_1-300x149.jpg 300w, https:\/\/aviator-crash.org\/wp-content\/uploads\/2024\/01\/lucky-jet_1-768x382.jpg 768w, https:\/\/aviator-crash.org\/wp-content\/uploads\/2024\/01\/lucky-jet_1.jpg 1093w\" sizes=\"(max-width: 1024px) 100vw, 1024px\" \/><meta itemprop=\"width\" content=\"1024\"><meta itemprop=\"height\" content=\"509\"><\/span><\/figure>\n<\/figure>\n\n<p>Crash-Spiele um Geld mit Bonus haben eine andere Handlung.\nOnline k\u00f6nnen Sie Ihr Gl\u00fcck in Lucky Jet versuchen, wo die Hauptfigur Joe versucht, mit einem Ranzen voller Geld wegzufliegen.\nDas Crash-Spiel um Geld hat einfache Regeln.\nDu musst einen Einsatz w\u00e4hlen und Zeit haben, ihn einzul\u00f6sen.\nWenn du das nicht rechtzeitig tust, wird das Geld verbrannt.\nDie Gewinnchancen h\u00e4ngen von der Zeit ab, in der Joe in der Luft bleibt.     <\/p>\n\n<p>Der maximale Multiplikator betr\u00e4gt 100, in einigen Gl\u00fccksspielanbietern wird er verdoppelt.\nDer Gewinn h\u00e4ngt nur von der Intuition des Spielers ab, da er entscheidet, wann er den Knopf dr\u00fcckt. <\/p>\n\n<h2 class=\"wp-block-heading\">Crash-Spiel &#8211; Jet X<\/h2>\n\n<figure class=\"wp-block-gallery has-nested-images columns-default is-cropped wp-block-gallery-3 is-layout-flex wp-block-gallery-is-layout-flex\">\n<figure class=\"wp-block-image size-large\"><span itemprop=\"image\" itemscope itemtype=\"https:\/\/schema.org\/ImageObject\"><img itemprop=\"url image\" loading=\"lazy\" decoding=\"async\" width=\"1024\" height=\"621\" data-id=\"451\" src=\"https:\/\/aviator-crash.org\/wp-content\/uploads\/2024\/01\/jetx-game-9-1024x621-1.png\" alt=\"\" class=\"wp-image-451\" srcset=\"https:\/\/aviator-crash.org\/wp-content\/uploads\/2024\/01\/jetx-game-9-1024x621-1.png 1024w, https:\/\/aviator-crash.org\/wp-content\/uploads\/2024\/01\/jetx-game-9-1024x621-1-300x182.png 300w, https:\/\/aviator-crash.org\/wp-content\/uploads\/2024\/01\/jetx-game-9-1024x621-1-768x466.png 768w\" sizes=\"(max-width: 1024px) 100vw, 1024px\" \/><meta itemprop=\"width\" content=\"1024\"><meta itemprop=\"height\" content=\"621\"><\/span><\/figure>\n<\/figure>\n\n<p>Bei Spielen mit schnellem Geld wird oft ein Fahrzeug als Protagonist eingesetzt.\nIn Jet X m\u00fcssen Sie die Bewegung eines D\u00fcsenflugzeugs verfolgen.\nIrgendwann wird er jedoch abst\u00fcrzen und vom Radar verschwinden.\nUnd davor muss der Benutzer mit Bedacht den Knopf f\u00fcr die Auszahlung dr\u00fccken.\nAndernfalls gewinnt das Casino.    <\/p>\n\n<p>Das Spiel geh\u00f6rt zu den besten, es wird in vielen Casinos pr\u00e4sentiert.\nDer Benutzer sieht einen Radarschirm vor sich, der das Flugzeug und den Koeffizienten anzeigt.\nEr erh\u00f6ht sich, wenn das Flugzeug abhebt.\nNicht umsonst ist Jet X in der Kategorie der &#8222;Spiele mit schnellem Abzug&#8220; enthalten, die Runde dauert nicht l\u00e4nger als ein paar Minuten.   <\/p>\n\n<p>In den seitlichen Feldern kann der Nutzer die Ergebnisse der vergangenen Runden einsehen.\nAu\u00dferdem wird die tats\u00e4chliche Statistik aller Benutzer angezeigt.\nDer Spieler kann zwei Wetten pro Runde abschlie\u00dfen, bei Bedarf wird der automatische R\u00fcckzug aktiviert.\nDer Absturz kann jederzeit erfolgen, auch wenn der K\u00e4mpfer gerade begonnen hat, an H\u00f6he zu gewinnen.\nAuf den Informationsseiten wird ein maximaler Koeffizient von x25000 angegeben, der aber noch von keinem Spieler erreicht wurde.    <\/p>\n\n<h2 class=\"wp-block-heading\">Spielabsturz &#8211; Rocket X<\/h2>\n\n<figure class=\"wp-block-gallery has-nested-images columns-default is-cropped wp-block-gallery-4 is-layout-flex wp-block-gallery-is-layout-flex\">\n<figure class=\"wp-block-image size-large\"><span itemprop=\"image\" itemscope itemtype=\"https:\/\/schema.org\/ImageObject\"><img itemprop=\"url image\" loading=\"lazy\" decoding=\"async\" width=\"1024\" height=\"448\" data-id=\"453\" src=\"https:\/\/aviator-crash.org\/wp-content\/uploads\/2024\/01\/screenshot-2022-11-29-at-12.55.42-1024x448.jpg\" alt=\"\" class=\"wp-image-453\" srcset=\"https:\/\/aviator-crash.org\/wp-content\/uploads\/2024\/01\/screenshot-2022-11-29-at-12.55.42-1024x448.jpg 1024w, https:\/\/aviator-crash.org\/wp-content\/uploads\/2024\/01\/screenshot-2022-11-29-at-12.55.42-300x131.jpg 300w, https:\/\/aviator-crash.org\/wp-content\/uploads\/2024\/01\/screenshot-2022-11-29-at-12.55.42-768x336.jpg 768w, https:\/\/aviator-crash.org\/wp-content\/uploads\/2024\/01\/screenshot-2022-11-29-at-12.55.42-1536x673.jpg 1536w, https:\/\/aviator-crash.org\/wp-content\/uploads\/2024\/01\/screenshot-2022-11-29-at-12.55.42-2048x897.jpg 2048w\" sizes=\"(max-width: 1024px) 100vw, 1024px\" \/><meta itemprop=\"width\" content=\"1024\"><meta itemprop=\"height\" content=\"448\"><\/span><\/figure>\n<\/figure>\n\n<p>Der Benutzer sieht zu, wie die Rakete abhebt.\nEr kann einen Einsatz von 0,1 bis 140 machen.\nJe l\u00e4nger der Flug dauert, desto h\u00f6her ist der Koeffizient.\nDer Spieler kann das Spiel an seine Bed\u00fcrfnisse anpassen, automatische Eins\u00e4tze und Auszahlungen verwenden.\nDas Crash-Spiel erfordert nur minimale Einstellungen.\nDanach kann sich der Benutzer \u00fcber einen spektakul\u00e4ren Vorgang freuen: Nach dem Start der Rakete gibt es eine helle Wolke, auch der Koeffizient steigt.\nIn Ermangelung einer automatischen R\u00fccknahme wird der Zeitpunkt des Rundenendes vom Spieler selbst gew\u00e4hlt.\nWenn er keine Zeit hatte, dies vor der Explosion zu tun, bleibt er auf verlorenem Posten.\nEs ist m\u00f6glich, ein Gewinner zu werden, wenn man verschiedene Strategien und Taktiken anwendet.        <\/p>\n\n<h2 class=\"wp-block-heading\">Crash-Spiel &#8211; Weltraum XY<\/h2>\n\n<figure class=\"wp-block-gallery has-nested-images columns-default is-cropped wp-block-gallery-5 is-layout-flex wp-block-gallery-is-layout-flex\">\n<figure class=\"wp-block-image size-large\"><span itemprop=\"image\" itemscope itemtype=\"https:\/\/schema.org\/ImageObject\"><img itemprop=\"url image\" loading=\"lazy\" decoding=\"async\" width=\"1024\" height=\"577\" data-id=\"455\" src=\"https:\/\/aviator-crash.org\/wp-content\/uploads\/2024\/01\/spacexy-gameplay-screen-1024x577-1.webp\" alt=\"\" class=\"wp-image-455\" srcset=\"https:\/\/aviator-crash.org\/wp-content\/uploads\/2024\/01\/spacexy-gameplay-screen-1024x577-1.webp 1024w, https:\/\/aviator-crash.org\/wp-content\/uploads\/2024\/01\/spacexy-gameplay-screen-1024x577-1-300x169.webp 300w, https:\/\/aviator-crash.org\/wp-content\/uploads\/2024\/01\/spacexy-gameplay-screen-1024x577-1-768x433.webp 768w\" sizes=\"(max-width: 1024px) 100vw, 1024px\" \/><meta itemprop=\"width\" content=\"1024\"><meta itemprop=\"height\" content=\"577\"><\/span><\/figure>\n<\/figure>\n\n<p>Crash-Spiel f\u00fcr Geld hat einzigartige Eigenschaften.\nDas Weltraumthema macht es f\u00fcr die Spieler noch interessanter und attraktiver.\nRaumschiffe, Galaxien, au\u00dferirdische Kreaturen, all das kombiniert mit hellen Animationen und Grafiken erm\u00f6glichen es Ihnen, vollst\u00e4ndig in die Welt des Gl\u00fccksspiels einzutauchen.\nSpace XY &#8211; das beste Spiel mit schneller Auszahlung, es hat Gewinnkombinationen und Bonusfunktionen.\nFinden Sie es in verschiedenen Online-Casinos, so Crash Spiel ist f\u00fcr ein breites Publikum zur Verf\u00fcgung.\nSie k\u00f6nnen um echtes Geld oder virtuelle Chips spielen, Sie m\u00fcssen nur den Demo-Modus ausf\u00fchren.     <\/p>\n\n<h2 class=\"wp-block-heading\">Schnelles Spiel &#8211; Cash oder Crash<\/h2>\n\n<figure class=\"wp-block-gallery has-nested-images columns-default is-cropped wp-block-gallery-6 is-layout-flex wp-block-gallery-is-layout-flex\">\n<figure class=\"wp-block-image size-large\"><span itemprop=\"image\" itemscope itemtype=\"https:\/\/schema.org\/ImageObject\"><img itemprop=\"url image\" loading=\"lazy\" decoding=\"async\" width=\"1024\" height=\"576\" data-id=\"457\" src=\"https:\/\/aviator-crash.org\/wp-content\/uploads\/2024\/01\/cash-or-crash-evolution-live-games-hollywoodbets-1024x576-1.jpg\" alt=\"\" class=\"wp-image-457\" srcset=\"https:\/\/aviator-crash.org\/wp-content\/uploads\/2024\/01\/cash-or-crash-evolution-live-games-hollywoodbets-1024x576-1.jpg 1024w, https:\/\/aviator-crash.org\/wp-content\/uploads\/2024\/01\/cash-or-crash-evolution-live-games-hollywoodbets-1024x576-1-300x169.jpg 300w, https:\/\/aviator-crash.org\/wp-content\/uploads\/2024\/01\/cash-or-crash-evolution-live-games-hollywoodbets-1024x576-1-768x432.jpg 768w\" sizes=\"(max-width: 1024px) 100vw, 1024px\" \/><meta itemprop=\"width\" content=\"1024\"><meta itemprop=\"height\" content=\"576\"><\/span><\/figure>\n<\/figure>\n\n<p>Der Spieler befindet sich in einem Luftschiff, das sich \u00fcber eine riesige Metropole bewegt.\nDer Benutzer sieht einen Apparat, in dem Kugeln gemischt werden.\nEs werden acht rote, 19 gr\u00fcne und eine goldene Kugel verwendet.\nDer Spieler muss die Treppe hinaufgehen.\nDazu muss er Kugeln der gr\u00fcnen Farbe einsammeln.\nWenn eine rote Kugel herausf\u00e4llt, ist die Runde vorbei.\nDie goldene Kugel kann zur Verteidigung verwendet werden, sie gibt ein zus\u00e4tzliches Leben.      <\/p>\n\n<p>Nachdem das Schild zerbrochen ist oder die gr\u00fcne Kugel herausf\u00e4llt, kann der Spieler mit dem vollen Gewinn im Spiel bleiben oder die Runde beenden.\nEr hat auch die M\u00f6glichkeit, die H\u00e4lfte des Geldes abzuheben und mit dem verbleibenden Betrag das Spiel fortzusetzen.\nDer Spieler muss zwanzig Stufen durchlaufen.\nAuf der ersten Stufe betr\u00e4gt der Multiplikator 1,2x und auf der obersten Stufe 18000x.\nEs reicht, wenn der Spieler $5 einsetzt, um 90000 als Ergebnis zu erhalten.    <\/p>\n\n<p>Laden Sie das Spiel mit einer schnellen Auszahlung von Geld ist in Online-Casinos zur Verf\u00fcgung.\nEs ist notwendig, einen zuverl\u00e4ssigen Service mit einer Lizenz zu w\u00e4hlen, es garantiert die Einhaltung der Regeln der Regulierungsbeh\u00f6rde.\nDies bedeutet, dass das Casino das Geld hat, um auch gro\u00dfe Summen an die Gewinner zu zahlen, ist es st\u00e4ndig interne Audits und Software-Checks unterzogen.\nEs ist wichtig, die Bewertungen und die Website der Einrichtung zu studieren.\nWenn der Nutzer auf eine betr\u00fcgerische Seite ger\u00e4t, wird er nicht mit einem Bonus und Gewinnen unterhalten, sondern er wird pers\u00f6nliche Daten verlieren oder sein Ger\u00e4t mit Viren infizieren.    <\/p>\n","protected":false},"excerpt":{"rendered":"<p>Das Konzept der Crash-Spiele wurde in den fr\u00fchen 2000er Jahren entwickelt. In den letzten Jahren sind sie jedoch immer beliebter geworden. Spiele zum schnellen Geldverdienen werden in fast allen Online-Casinos angeboten. Jede Runde ist spannend und voller Adrenalin. Schnelle Spiele zeichnen sich durch ein einfaches Gameplay aus: Der Multiplikator steigt, dementsprechend wachsen die Gewinne, Sie [&hellip;]<\/p>\n","protected":false},"author":2,"featured_media":0,"parent":0,"menu_order":0,"comment_status":"closed","ping_status":"closed","template":"","meta":{"footnotes":""},"yoast_head":"<!-- This site is optimized with the Yoast SEO plugin v21.7 - https:\/\/yoast.com\/wordpress\/plugins\/seo\/ -->\n<title>Crash Games f\u00fcr Geld (schnelles Online Crash Game mit Geldabhebung)<\/title>\n<meta name=\"description\" content=\"Crash-Spiele sind beliebt, weil sie die M\u00f6glichkeit bieten, schnelles Geld zu verdienen. Spiele um Geld, bei denen es einen Crash gibt, zeichnen sich durch einfache Regeln aus. Gleichzeitig sind sie sehr spannend und ein Gl\u00fccksspiel.\" \/>\n<meta name=\"robots\" content=\"index, follow, max-snippet:-1, max-image-preview:large, max-video-preview:-1\" \/>\n<link rel=\"canonical\" href=\"https:\/\/aviator-crash.org\/de\/schnelle-bargeldspiele-online-mit-auszahlung\/\" \/>\n<meta property=\"og:locale\" content=\"de_DE\" \/>\n<meta property=\"og:type\" content=\"article\" \/>\n<meta property=\"og:title\" content=\"Crash Games f\u00fcr Geld (schnelles Online Crash Game mit Geldabhebung)\" \/>\n<meta property=\"og:description\" content=\"Crash-Spiele sind beliebt, weil sie die M\u00f6glichkeit bieten, schnelles Geld zu verdienen. Spiele um Geld, bei denen es einen Crash gibt, zeichnen sich durch einfache Regeln aus. Gleichzeitig sind sie sehr spannend und ein Gl\u00fccksspiel.\" \/>\n<meta property=\"og:url\" content=\"https:\/\/aviator-crash.org\/de\/schnelle-bargeldspiele-online-mit-auszahlung\/\" \/>\n<meta property=\"article:modified_time\" content=\"2024-02-02T14:49:38+00:00\" \/>\n<meta property=\"og:image\" content=\"https:\/\/aviator-crash.org\/wp-content\/uploads\/2024\/01\/aviator-minigame-logo-4.png\" \/>\n<meta name=\"twitter:card\" content=\"summary_large_image\" \/>\n<meta name=\"twitter:label1\" content=\"Est. reading time\" \/>\n\t<meta name=\"twitter:data1\" content=\"6 Minuten\" \/>\n<script type=\"application\/ld+json\" class=\"yoast-schema-graph\">{\"@context\":\"https:\/\/schema.org\",\"@graph\":[{\"@type\":\"WebPage\",\"@id\":\"https:\/\/aviator-crash.org\/de\/schnelle-bargeldspiele-online-mit-auszahlung\/\",\"url\":\"https:\/\/aviator-crash.org\/de\/schnelle-bargeldspiele-online-mit-auszahlung\/\",\"name\":\"Crash Games f\u00fcr Geld (schnelles Online Crash Game mit Geldabhebung)\",\"isPartOf\":{\"@id\":\"https:\/\/aviator-crash.org\/de\/#website\"},\"datePublished\":\"2023-12-27T19:12:26+00:00\",\"dateModified\":\"2024-02-02T14:49:38+00:00\",\"description\":\"Crash-Spiele sind beliebt, weil sie die M\u00f6glichkeit bieten, schnelles Geld zu verdienen. Spiele um Geld, bei denen es einen Crash gibt, zeichnen sich durch einfache Regeln aus. Gleichzeitig sind sie sehr spannend und ein Gl\u00fccksspiel.\",\"breadcrumb\":{\"@id\":\"https:\/\/aviator-crash.org\/de\/schnelle-bargeldspiele-online-mit-auszahlung\/#breadcrumb\"},\"inLanguage\":\"de-DE\",\"potentialAction\":[{\"@type\":\"ReadAction\",\"target\":[\"https:\/\/aviator-crash.org\/de\/schnelle-bargeldspiele-online-mit-auszahlung\/\"]}]},{\"@type\":\"BreadcrumbList\",\"@id\":\"https:\/\/aviator-crash.org\/de\/schnelle-bargeldspiele-online-mit-auszahlung\/#breadcrumb\",\"itemListElement\":[{\"@type\":\"ListItem\",\"position\":1,\"name\":\"Home\",\"item\":\"https:\/\/aviator-crash.org\/de\/\"},{\"@type\":\"ListItem\",\"position\":2,\"name\":\"Schnelle Bargeldspiele online mit Auszahlung\"}]},{\"@type\":\"WebSite\",\"@id\":\"https:\/\/aviator-crash.org\/de\/#website\",\"url\":\"https:\/\/aviator-crash.org\/de\/\",\"name\":\"\",\"description\":\"\",\"potentialAction\":[{\"@type\":\"SearchAction\",\"target\":{\"@type\":\"EntryPoint\",\"urlTemplate\":\"https:\/\/aviator-crash.org\/de\/?s={search_term_string}\"},\"query-input\":\"required name=search_term_string\"}],\"inLanguage\":\"de-DE\"}]}<\/script>\n<!-- \/ Yoast SEO plugin. -->","yoast_head_json":{"title":"Crash Games f\u00fcr Geld (schnelles Online Crash Game mit Geldabhebung)","description":"Crash-Spiele sind beliebt, weil sie die M\u00f6glichkeit bieten, schnelles Geld zu verdienen. Spiele um Geld, bei denen es einen Crash gibt, zeichnen sich durch einfache Regeln aus. Gleichzeitig sind sie sehr spannend und ein Gl\u00fccksspiel.","robots":{"index":"index","follow":"follow","max-snippet":"max-snippet:-1","max-image-preview":"max-image-preview:large","max-video-preview":"max-video-preview:-1"},"canonical":"https:\/\/aviator-crash.org\/de\/schnelle-bargeldspiele-online-mit-auszahlung\/","og_locale":"de_DE","og_type":"article","og_title":"Crash Games f\u00fcr Geld (schnelles Online Crash Game mit Geldabhebung)","og_description":"Crash-Spiele sind beliebt, weil sie die M\u00f6glichkeit bieten, schnelles Geld zu verdienen. Spiele um Geld, bei denen es einen Crash gibt, zeichnen sich durch einfache Regeln aus. Gleichzeitig sind sie sehr spannend und ein Gl\u00fccksspiel.","og_url":"https:\/\/aviator-crash.org\/de\/schnelle-bargeldspiele-online-mit-auszahlung\/","article_modified_time":"2024-02-02T14:49:38+00:00","og_image":[{"url":"https:\/\/aviator-crash.org\/wp-content\/uploads\/2024\/01\/aviator-minigame-logo-4.png"}],"twitter_card":"summary_large_image","twitter_misc":{"Est. reading time":"6 Minuten"},"schema":{"@context":"https:\/\/schema.org","@graph":[{"@type":"WebPage","@id":"https:\/\/aviator-crash.org\/de\/schnelle-bargeldspiele-online-mit-auszahlung\/","url":"https:\/\/aviator-crash.org\/de\/schnelle-bargeldspiele-online-mit-auszahlung\/","name":"Crash Games f\u00fcr Geld (schnelles Online Crash Game mit Geldabhebung)","isPartOf":{"@id":"https:\/\/aviator-crash.org\/de\/#website"},"datePublished":"2023-12-27T19:12:26+00:00","dateModified":"2024-02-02T14:49:38+00:00","description":"Crash-Spiele sind beliebt, weil sie die M\u00f6glichkeit bieten, schnelles Geld zu verdienen. Spiele um Geld, bei denen es einen Crash gibt, zeichnen sich durch einfache Regeln aus. Gleichzeitig sind sie sehr spannend und ein Gl\u00fccksspiel.","breadcrumb":{"@id":"https:\/\/aviator-crash.org\/de\/schnelle-bargeldspiele-online-mit-auszahlung\/#breadcrumb"},"inLanguage":"de-DE","potentialAction":[{"@type":"ReadAction","target":["https:\/\/aviator-crash.org\/de\/schnelle-bargeldspiele-online-mit-auszahlung\/"]}]},{"@type":"BreadcrumbList","@id":"https:\/\/aviator-crash.org\/de\/schnelle-bargeldspiele-online-mit-auszahlung\/#breadcrumb","itemListElement":[{"@type":"ListItem","position":1,"name":"Home","item":"https:\/\/aviator-crash.org\/de\/"},{"@type":"ListItem","position":2,"name":"Schnelle Bargeldspiele online mit Auszahlung"}]},{"@type":"WebSite","@id":"https:\/\/aviator-crash.org\/de\/#website","url":"https:\/\/aviator-crash.org\/de\/","name":"","description":"","potentialAction":[{"@type":"SearchAction","target":{"@type":"EntryPoint","urlTemplate":"https:\/\/aviator-crash.org\/de\/?s={search_term_string}"},"query-input":"required name=search_term_string"}],"inLanguage":"de-DE"}]}},"_links":{"self":[{"href":"https:\/\/aviator-crash.org\/de\/wp-json\/wp\/v2\/pages\/1210"}],"collection":[{"href":"https:\/\/aviator-crash.org\/de\/wp-json\/wp\/v2\/pages"}],"about":[{"href":"https:\/\/aviator-crash.org\/de\/wp-json\/wp\/v2\/types\/page"}],"author":[{"embeddable":true,"href":"https:\/\/aviator-crash.org\/de\/wp-json\/wp\/v2\/users\/2"}],"replies":[{"embeddable":true,"href":"https:\/\/aviator-crash.org\/de\/wp-json\/wp\/v2\/comments?post=1210"}],"version-history":[{"count":1,"href":"https:\/\/aviator-crash.org\/de\/wp-json\/wp\/v2\/pages\/1210\/revisions"}],"predecessor-version":[{"id":1218,"href":"https:\/\/aviator-crash.org\/de\/wp-json\/wp\/v2\/pages\/1210\/revisions\/1218"}],"wp:attachment":[{"href":"https:\/\/aviator-crash.org\/de\/wp-json\/wp\/v2\/media?parent=1210"}],"curies":[{"name":"wp","href":"https:\/\/api.w.org\/{rel}","templated":true}]}}