{"id":1231,"date":"2023-12-27T19:58:01","date_gmt":"2023-12-27T19:58:01","guid":{"rendered":"https:\/\/aviator-crash.org\/cash-oder-crash-spielen\/"},"modified":"2024-02-02T14:55:42","modified_gmt":"2024-02-02T14:55:42","slug":"cash-oder-crash-spielen","status":"publish","type":"page","link":"https:\/\/aviator-crash.org\/de\/cash-oder-crash-spielen\/","title":{"rendered":"Cash oder Crash spielen"},"content":{"rendered":"\n<figure class=\"wp-block-gallery has-nested-images columns-default is-cropped wp-block-gallery-1 is-layout-flex wp-block-gallery-is-layout-flex\">\n<figure class=\"wp-block-image size-large\"><span itemprop=\"image\" itemscope itemtype=\"https:\/\/schema.org\/ImageObject\"><img itemprop=\"url image\" loading=\"lazy\" decoding=\"async\" width=\"1024\" height=\"498\" data-id=\"466\" src=\"https:\/\/aviator-crash.org\/wp-content\/uploads\/2024\/01\/cash-or-crash-live-1200x584-1-1024x498.jpeg\" alt=\"\" class=\"wp-image-466\" srcset=\"https:\/\/aviator-crash.org\/wp-content\/uploads\/2024\/01\/cash-or-crash-live-1200x584-1-1024x498.jpeg 1024w, https:\/\/aviator-crash.org\/wp-content\/uploads\/2024\/01\/cash-or-crash-live-1200x584-1-300x146.jpeg 300w, https:\/\/aviator-crash.org\/wp-content\/uploads\/2024\/01\/cash-or-crash-live-1200x584-1-768x374.jpeg 768w, https:\/\/aviator-crash.org\/wp-content\/uploads\/2024\/01\/cash-or-crash-live-1200x584-1.jpeg 1200w\" sizes=\"(max-width: 1024px) 100vw, 1024px\" \/><meta itemprop=\"width\" content=\"1024\"><meta itemprop=\"height\" content=\"498\"><\/span><\/figure>\n<\/figure>\n\n<p>Cash or Crash ist ein Spiel, das bei Fans von Gl\u00fccksspielanwendungen, hohen Eins\u00e4tzen und Risiken sehr gefragt ist.\nEs ist eine tolle M\u00f6glichkeit, sich zu am\u00fcsieren und sein Gl\u00fcck zu versuchen.\nCash or Crash ist eine Anwendung f\u00fcr Android, bei der die Spieler auf verschiedene Ereignisse wetten k\u00f6nnen, deren Ausgang zuf\u00e4llig bestimmt wird.\nUm mit dem Spiel zu beginnen, m\u00fcssen Sie nur die App auf der offiziellen Wettseite von One Win herunterladen, sich registrieren oder in Ihr pers\u00f6nliches Konto einloggen und Ihre Wette platzieren.\nCash or Crash kostenlos herunterladen kann absolut jeder.\nStarten Sie das Spiel und genie\u00dfen Sie eine tolle Zeit.     <\/p>\n\n<h2 class=\"wp-block-heading\">Vorteil des Online-Spiels Cash or Crash<\/h2>\n\n<p>Das Gl\u00fccksspiel gilt heute als eines der beliebtesten Spiele.\nDer Hauptgrund ist, dass man hier nicht nur eine interessante Zeit verbringen, sondern auch echtes Geld verdienen kann.\nGenerell ist die Optik der Anwendung Cash or Crash ein echter Leckerbissen.\nHervorragende Grafik, klare Schnittstelle, intuitiv einfache Steuerung &#8211; all das finden Sie hier.   <\/p>\n\n<p>Zu den wichtigsten Vorteilen des beliebten Gl\u00fccksspiels Cash or Crash geh\u00f6ren die folgenden:<\/p>\n\n<ul>\n<li>Interessantes Gameplay.\nEs bietet ein spannendes und fesselndes Gameplay mit der M\u00f6glichkeit, schnell zu gewinnen oder zu verlieren. <\/li>\n\n\n\n<li>Multiplayer-Modus.\nDie M\u00f6glichkeit, mit Freunden oder anderen Spielern zu spielen, kann einen sozialen Aspekt und Spa\u00df bringen. <\/li>\n\n\n\n<li>Grafik und Sound.\nQualitativ hochwertige Grafiken und Sounds schaffen die Atmosph\u00e4re des Spiels und machen es f\u00fcr die Spieler attraktiver. <\/li>\n\n\n\n<li>Verf\u00fcgbarkeit von regelm\u00e4\u00dfigen Updates.\nDank dieser k\u00f6nnen Sie Ihr Lieblingsspiel mit verbesserter Leistung genie\u00dfen.\nDie Entwickler versuchen, das Spiel regelm\u00e4\u00dfig zu verbessern, um den aktuellen Trends und Tendenzen in der Welt der Online-Gl\u00fccksspiele gerecht zu werden.  <\/li>\n\n\n\n<li>Die M\u00f6glichkeit, direkt von Ihrem Telefon aus zu spielen, egal wo Sie sind.\nDies ist eine gro\u00dfartige Gelegenheit, sich zu am\u00fcsieren, das Spiel zu genie\u00dfen und sogar zu versuchen, echtes Geld zu verdienen. <\/li>\n\n\n\n<li>Viele verschiedene Spielmodi.\nDie richtig gew\u00e4hlte Cash- oder Crash-Strategie erh\u00f6ht die Gewinnchancen in jedem der Modi. <\/li>\n<\/ul>\n\n<p>Insgesamt ist das Spiel Cash or Crash ein gro\u00dfartiges Beispiel f\u00fcr eine spannende Anwendung, bei der man echtes Geld gewinnen kann.\nSie k\u00f6nnen eine gro\u00dfartige Zeit genie\u00dfen und auch mit Ihren Freunden oder anderen Spielern online spielen, indem Sie den Mehrspielermodus nutzen. <\/p>\n\n<h2 class=\"wp-block-heading\">Wie man Cash or Crash spielt<\/h2>\n\n<p>&#8222;Cash or Crash&#8220; ist ein virtuelles Gl\u00fccksspiel, das h\u00e4ufig von Online-Casinos angeboten wird.\nDie Regeln k\u00f6nnen sich zwar von einer Version des Spiels zur anderen leicht unterscheiden, aber das Grundkonzept bleibt in der Regel gleich.\nHier ist eine allgemeine Anleitung, wie man Cash or Crash spielt:  <\/p>\n\n<ul>\n<li>Registrierung.\nM\u00f6glicherweise m\u00fcssen Sie sich bei einem Online-Casino registrieren, das das Spiel Cash or Crash anbietet.\nFolgen Sie den Anweisungen, um ein Konto zu erstellen.  <\/li>\n\n\n\n<li>Aufladen.\nBevor Sie mit dem Spielen beginnen, m\u00fcssen Sie Ihr Spielkonto mit echtem Geld aufladen.\nIn den meisten F\u00e4llen kann dies mit verschiedenen Zahlungsmethoden erfolgen.  <\/li>\n\n\n\n<li>Auswahl der H\u00f6he des Einsatzes.<\/li>\n\n\n\n<li>Beginnen Sie die Runde.<\/li>\n\n\n\n<li>Entscheidung, die Runde zu beenden.\nW\u00e4hrend der Runde haben Sie jederzeit die M\u00f6glichkeit, die Runde zu beenden, um Ihr gewonnenes Geld abzuholen.\nWenn Sie die Runde jedoch nicht bis zu einem bestimmten Punkt beenden, besteht die Gefahr eines &#8222;Crashs&#8220; und Sie verlieren Ihren Einsatz.  <\/li>\n\n\n\n<li>Absturz oder Ende der Runde.\nAn einem bestimmten Punkt in der Runde kommt es zu einem &#8222;Crash&#8220;.\nWenn Sie die Runde vor diesem Zeitpunkt beendet haben, erhalten Sie Ihren Gewinn entsprechend dem aktuellen Multiplikator.\nAndernfalls verlieren Sie Ihren Einsatz.   <\/li>\n<\/ul>\n\n<p>Das Prinzip des Spiels ist recht einfach und klar, so dass Sie schnell verstehen werden, was Sie hier tun m\u00fcssen.\nWenn Sie irgendwelche Probleme haben, k\u00f6nnen Sie die Anleitung zu Rate ziehen. <\/p>\n\n<h2 class=\"wp-block-heading\">Wie man bei Cash or Crash gewinnt<\/h2>\n\n<p>Das Gewinnen bei Gl\u00fccksspielen wie Spielautomaten, Poker, Roulette und Blackjack h\u00e4ngt oft vom Zufall ab, und die meisten Gl\u00fccksspiele basieren auf dem Zufall.\nEs gibt jedoch einige Strategien und Tipps, die Ihnen helfen k\u00f6nnen, Ihre Bankroll zu verwalten und Ihre Gewinnchancen beim beliebten Crash Cash-Casino-Gl\u00fccksspiel zu erh\u00f6hen: <\/p>\n\n<ul>\n<li>Bankroll-Management.\nBestimmen Sie die Verlustgrenze, die Sie sich leisten k\u00f6nnen, und \u00fcberschreiten Sie diese nicht.\nTeilen Sie Ihr Guthaben in Spielsitzungen auf und setzen Sie nur das, was Sie sich leisten k\u00f6nnen zu verlieren.  <\/li>\n\n\n\n<li>Lernen Sie grundlegende Strategien.\nWie bereits erw\u00e4hnt, spielt die richtige Strategie beim Gl\u00fccksspiel eine entscheidende Rolle.\nDazu geh\u00f6rt es, fr\u00fchere Gewinne zu studieren, nach Mustern zu suchen und die wichtigsten Gewinnkombinationen hervorzuheben.\nDie Cash- oder Crash-Strategie ist meist individuell, obwohl Sie Ratschl\u00e4ge und erfahrene Spieler annehmen k\u00f6nnen.   <\/li>\n\n\n\n<li>Profitieren Sie von Boni.\nNutzen Sie die Vorteile von Boni und Werbeaktionen des Casinos.\nEs ist jedoch wichtig, dass Sie die mit den Boni verbundenen Bedingungen und Konditionen sorgf\u00e4ltig lesen.  <\/li>\n\n\n\n<li>Lesen Sie die Spielregeln sorgf\u00e4ltig durch und machen Sie sich mit der Anleitung vertraut.<\/li>\n<\/ul>\n\n<p>Wenn Sie sich an die oben genannten Tipps halten, k\u00f6nnen Sie Ihre Gewinnchancen erheblich steigern.<\/p>\n\n<h2 class=\"wp-block-heading\">Cash or Crash Spielregeln<\/h2>\n\n<p>Die Regeln des Spiels sind einfach und klar.\nZun\u00e4chst w\u00e4hlt der Spieler den Betrag, den er setzen m\u00f6chte, und dr\u00fcckt die Taste, um die Runde zu starten.\nDie Runde beginnt mit einem anf\u00e4nglichen Multiplikator (z. B. 1x).\nDieser Multiplikator steigt mit der Zeit an.\nW\u00e4hrend der Runde hat der Spieler eine gewisse Zeit Zeit, um zu entscheiden, ob er die Runde beenden und die Gewinne mitnehmen m\u00f6chte.\nDies kann geschehen, bevor der Multiplikator einen bestimmten Wert erreicht, was zu einem &#8222;Crash&#8220; f\u00fchrt.     <\/p>\n\n<p>Der &#8222;Crash&#8220; tritt ein, wenn der Multiplikator einen bestimmten Wert erreicht.\nWenn der Spieler die Runde vor diesem Zeitpunkt beendet hat, erh\u00e4lt er den Gewinn.\nAndernfalls wird der Einsatz verbrannt.\nWenn der Spieler die Runde vor dem &#8222;Crash&#8220; abgeschlossen und den Gewinn erhalten hat, h\u00e4ngt die H\u00f6he des Gewinns vom aktuellen Multiplikator ab.\nWenn der Spieler die Runde vor dem Crash nicht beendet hat, wird der Einsatz storniert und es gibt keinen Gewinn.    <\/p>\n\n<h2 class=\"wp-block-heading\">Promo-Codes<\/h2>\n\n<p>Cash- oder Crash-Promo-Codes sind spezielle Codes, die Spieler eingeben k\u00f6nnen, um verschiedene Boni, Privilegien und Promotionen zu erhalten.\nDiese Codes werden vom Casino oder den Spielentwicklern zur Verf\u00fcgung gestellt und k\u00f6nnen von den Spielern verwendet werden, um ihr Spielerlebnis zu verbessern oder zus\u00e4tzliche Funktionen zu erhalten.\nIm Fall von Cash or Crash, k\u00f6nnen Promo-Codes bieten:  <\/p>\n\n<ol>\n<li>Bonuseinzahlungen: zus\u00e4tzliches Geld, wenn Sie Ihr Spielkonto aufladen.<\/li>\n\n\n\n<li>Freispiele: kostenlose Runden im Spiel mit Multiplikatoren.<\/li>\n\n\n\n<li>Erh\u00f6hte Multiplikatoren: Bonusmultiplikatoren w\u00e4hrend des Spiels.<\/li>\n\n\n\n<li>Sonderveranstaltungen: Teilnahme an Sonderaktionen und Turnieren.<\/li>\n<\/ol>\n\n<p>Die Cash or Crash-Statistiken zeigen, dass die Benutzer durch die Verwendung zus\u00e4tzlicher Boni eine viel bessere Gewinnchance haben.\nUm einen Promo-Code im Spiel &#8222;Cash or Crash&#8220; zu verwenden, m\u00fcssen Sie sich normalerweise in Ihr Konto im Casino einloggen, zum Abschnitt &#8222;Promo-Codes&#8220; oder &#8222;Boni&#8220; gehen und den entsprechenden Code eingeben.\nDanach werden die Boni, die Sie durch diese Aktion erhalten, automatisch Ihrem Konto gutgeschrieben.  <\/p>\n\n<p>Es ist wichtig, nicht zu vergessen, dass Promo-Codes eine begrenzte G\u00fcltigkeitsdauer oder bestimmte Bedingungen f\u00fcr die Verwendung haben k\u00f6nnen.\nBevor Sie einen Promo-Code eingeben, sollten Sie die Gesch\u00e4ftsbedingungen sorgf\u00e4ltig lesen, um Missverst\u00e4ndnisse zu vermeiden und die angebotenen Boni in vollem Umfang zu nutzen. <\/p>\n\n<h2 class=\"wp-block-heading\">Testimonials<\/h2>\n\n<p>Hier sind einige Bewertungen von Benutzern, die die Vorteile dieses beliebten Gl\u00fccksspiels kennengelernt haben:<\/p>\n","protected":false},"excerpt":{"rendered":"<p>Cash or Crash ist ein Spiel, das bei Fans von Gl\u00fccksspielanwendungen, hohen Eins\u00e4tzen und Risiken sehr gefragt ist. Es ist eine tolle M\u00f6glichkeit, sich zu am\u00fcsieren und sein Gl\u00fcck zu versuchen. Cash or Crash ist eine Anwendung f\u00fcr Android, bei der die Spieler auf verschiedene Ereignisse wetten k\u00f6nnen, deren Ausgang zuf\u00e4llig bestimmt wird. Um mit [&hellip;]<\/p>\n","protected":false},"author":2,"featured_media":0,"parent":0,"menu_order":0,"comment_status":"open","ping_status":"closed","template":"","meta":{"footnotes":""},"yoast_head":"<!-- This site is optimized with the Yoast SEO plugin v21.7 - https:\/\/yoast.com\/wordpress\/plugins\/seo\/ -->\n<title>Cash or Crash Casino Spiel, herunterladen<\/title>\n<meta name=\"description\" content=\"Ein \u00dcberblick \u00fcber Cash or Crash, ein weltweit beliebtes Spiel. Erfahren Sie mehr \u00fcber die wichtigsten Funktionen, Vorteile, Spielregeln und die Geheimnisse des gro\u00dfen Gewinns. Laden Sie das Spiel herunter und genie\u00dfen Sie eine tolle Zeit mit Ihren Freunden.\" \/>\n<meta name=\"robots\" content=\"index, follow, max-snippet:-1, max-image-preview:large, max-video-preview:-1\" \/>\n<link rel=\"canonical\" href=\"https:\/\/aviator-crash.org\/de\/cash-oder-crash-spielen\/\" \/>\n<meta property=\"og:locale\" content=\"de_DE\" \/>\n<meta property=\"og:type\" content=\"article\" \/>\n<meta property=\"og:title\" content=\"Cash or Crash Casino Spiel, herunterladen\" \/>\n<meta property=\"og:description\" content=\"Ein \u00dcberblick \u00fcber Cash or Crash, ein weltweit beliebtes Spiel. Erfahren Sie mehr \u00fcber die wichtigsten Funktionen, Vorteile, Spielregeln und die Geheimnisse des gro\u00dfen Gewinns. Laden Sie das Spiel herunter und genie\u00dfen Sie eine tolle Zeit mit Ihren Freunden.\" \/>\n<meta property=\"og:url\" content=\"https:\/\/aviator-crash.org\/de\/cash-oder-crash-spielen\/\" \/>\n<meta property=\"article:modified_time\" content=\"2024-02-02T14:55:42+00:00\" \/>\n<meta property=\"og:image\" content=\"https:\/\/aviator-crash.org\/wp-content\/uploads\/2024\/01\/cash-or-crash-live-1200x584-1-1024x498.jpeg\" \/>\n<meta name=\"twitter:card\" content=\"summary_large_image\" \/>\n<meta name=\"twitter:label1\" content=\"Est. reading time\" \/>\n\t<meta name=\"twitter:data1\" content=\"6 Minuten\" \/>\n<script type=\"application\/ld+json\" class=\"yoast-schema-graph\">{\"@context\":\"https:\/\/schema.org\",\"@graph\":[{\"@type\":\"WebPage\",\"@id\":\"https:\/\/aviator-crash.org\/de\/cash-oder-crash-spielen\/\",\"url\":\"https:\/\/aviator-crash.org\/de\/cash-oder-crash-spielen\/\",\"name\":\"Cash or Crash Casino Spiel, herunterladen\",\"isPartOf\":{\"@id\":\"https:\/\/aviator-crash.org\/de\/#website\"},\"datePublished\":\"2023-12-27T19:58:01+00:00\",\"dateModified\":\"2024-02-02T14:55:42+00:00\",\"description\":\"Ein \u00dcberblick \u00fcber Cash or Crash, ein weltweit beliebtes Spiel. Erfahren Sie mehr \u00fcber die wichtigsten Funktionen, Vorteile, Spielregeln und die Geheimnisse des gro\u00dfen Gewinns. Laden Sie das Spiel herunter und genie\u00dfen Sie eine tolle Zeit mit Ihren Freunden.\",\"breadcrumb\":{\"@id\":\"https:\/\/aviator-crash.org\/de\/cash-oder-crash-spielen\/#breadcrumb\"},\"inLanguage\":\"de-DE\",\"potentialAction\":[{\"@type\":\"ReadAction\",\"target\":[\"https:\/\/aviator-crash.org\/de\/cash-oder-crash-spielen\/\"]}]},{\"@type\":\"BreadcrumbList\",\"@id\":\"https:\/\/aviator-crash.org\/de\/cash-oder-crash-spielen\/#breadcrumb\",\"itemListElement\":[{\"@type\":\"ListItem\",\"position\":1,\"name\":\"Home\",\"item\":\"https:\/\/aviator-crash.org\/de\/\"},{\"@type\":\"ListItem\",\"position\":2,\"name\":\"Cash oder Crash spielen\"}]},{\"@type\":\"WebSite\",\"@id\":\"https:\/\/aviator-crash.org\/de\/#website\",\"url\":\"https:\/\/aviator-crash.org\/de\/\",\"name\":\"\",\"description\":\"\",\"potentialAction\":[{\"@type\":\"SearchAction\",\"target\":{\"@type\":\"EntryPoint\",\"urlTemplate\":\"https:\/\/aviator-crash.org\/de\/?s={search_term_string}\"},\"query-input\":\"required name=search_term_string\"}],\"inLanguage\":\"de-DE\"}]}<\/script>\n<!-- \/ Yoast SEO plugin. -->","yoast_head_json":{"title":"Cash or Crash Casino Spiel, herunterladen","description":"Ein \u00dcberblick \u00fcber Cash or Crash, ein weltweit beliebtes Spiel. Erfahren Sie mehr \u00fcber die wichtigsten Funktionen, Vorteile, Spielregeln und die Geheimnisse des gro\u00dfen Gewinns. Laden Sie das Spiel herunter und genie\u00dfen Sie eine tolle Zeit mit Ihren Freunden.","robots":{"index":"index","follow":"follow","max-snippet":"max-snippet:-1","max-image-preview":"max-image-preview:large","max-video-preview":"max-video-preview:-1"},"canonical":"https:\/\/aviator-crash.org\/de\/cash-oder-crash-spielen\/","og_locale":"de_DE","og_type":"article","og_title":"Cash or Crash Casino Spiel, herunterladen","og_description":"Ein \u00dcberblick \u00fcber Cash or Crash, ein weltweit beliebtes Spiel. Erfahren Sie mehr \u00fcber die wichtigsten Funktionen, Vorteile, Spielregeln und die Geheimnisse des gro\u00dfen Gewinns. Laden Sie das Spiel herunter und genie\u00dfen Sie eine tolle Zeit mit Ihren Freunden.","og_url":"https:\/\/aviator-crash.org\/de\/cash-oder-crash-spielen\/","article_modified_time":"2024-02-02T14:55:42+00:00","og_image":[{"url":"https:\/\/aviator-crash.org\/wp-content\/uploads\/2024\/01\/cash-or-crash-live-1200x584-1-1024x498.jpeg"}],"twitter_card":"summary_large_image","twitter_misc":{"Est. reading time":"6 Minuten"},"schema":{"@context":"https:\/\/schema.org","@graph":[{"@type":"WebPage","@id":"https:\/\/aviator-crash.org\/de\/cash-oder-crash-spielen\/","url":"https:\/\/aviator-crash.org\/de\/cash-oder-crash-spielen\/","name":"Cash or Crash Casino Spiel, herunterladen","isPartOf":{"@id":"https:\/\/aviator-crash.org\/de\/#website"},"datePublished":"2023-12-27T19:58:01+00:00","dateModified":"2024-02-02T14:55:42+00:00","description":"Ein \u00dcberblick \u00fcber Cash or Crash, ein weltweit beliebtes Spiel. Erfahren Sie mehr \u00fcber die wichtigsten Funktionen, Vorteile, Spielregeln und die Geheimnisse des gro\u00dfen Gewinns. Laden Sie das Spiel herunter und genie\u00dfen Sie eine tolle Zeit mit Ihren Freunden.","breadcrumb":{"@id":"https:\/\/aviator-crash.org\/de\/cash-oder-crash-spielen\/#breadcrumb"},"inLanguage":"de-DE","potentialAction":[{"@type":"ReadAction","target":["https:\/\/aviator-crash.org\/de\/cash-oder-crash-spielen\/"]}]},{"@type":"BreadcrumbList","@id":"https:\/\/aviator-crash.org\/de\/cash-oder-crash-spielen\/#breadcrumb","itemListElement":[{"@type":"ListItem","position":1,"name":"Home","item":"https:\/\/aviator-crash.org\/de\/"},{"@type":"ListItem","position":2,"name":"Cash oder Crash spielen"}]},{"@type":"WebSite","@id":"https:\/\/aviator-crash.org\/de\/#website","url":"https:\/\/aviator-crash.org\/de\/","name":"","description":"","potentialAction":[{"@type":"SearchAction","target":{"@type":"EntryPoint","urlTemplate":"https:\/\/aviator-crash.org\/de\/?s={search_term_string}"},"query-input":"required name=search_term_string"}],"inLanguage":"de-DE"}]}},"_links":{"self":[{"href":"https:\/\/aviator-crash.org\/de\/wp-json\/wp\/v2\/pages\/1231"}],"collection":[{"href":"https:\/\/aviator-crash.org\/de\/wp-json\/wp\/v2\/pages"}],"about":[{"href":"https:\/\/aviator-crash.org\/de\/wp-json\/wp\/v2\/types\/page"}],"author":[{"embeddable":true,"href":"https:\/\/aviator-crash.org\/de\/wp-json\/wp\/v2\/users\/2"}],"replies":[{"embeddable":true,"href":"https:\/\/aviator-crash.org\/de\/wp-json\/wp\/v2\/comments?post=1231"}],"version-history":[{"count":1,"href":"https:\/\/aviator-crash.org\/de\/wp-json\/wp\/v2\/pages\/1231\/revisions"}],"predecessor-version":[{"id":1233,"href":"https:\/\/aviator-crash.org\/de\/wp-json\/wp\/v2\/pages\/1231\/revisions\/1233"}],"wp:attachment":[{"href":"https:\/\/aviator-crash.org\/de\/wp-json\/wp\/v2\/media?parent=1231"}],"curies":[{"name":"wp","href":"https:\/\/api.w.org\/{rel}","templated":true}]}}