{"id":1240,"date":"2023-12-27T19:40:59","date_gmt":"2023-12-27T19:40:59","guid":{"rendered":"https:\/\/aviator-crash.org\/rocket-x-spielen\/"},"modified":"2024-02-02T15:02:56","modified_gmt":"2024-02-02T15:02:56","slug":"rocket-x-spielen","status":"publish","type":"page","link":"https:\/\/aviator-crash.org\/de\/rocket-x-spielen\/","title":{"rendered":"Rocket X spielen"},"content":{"rendered":"\n<figure class=\"wp-block-gallery has-nested-images columns-default is-cropped wp-block-gallery-1 is-layout-flex wp-block-gallery-is-layout-flex\">\n<figure class=\"wp-block-image size-large\"><span itemprop=\"image\" itemscope itemtype=\"https:\/\/schema.org\/ImageObject\"><img itemprop=\"url image\" loading=\"lazy\" decoding=\"async\" width=\"1024\" height=\"761\" data-id=\"472\" src=\"https:\/\/aviator-crash.org\/wp-content\/uploads\/2024\/01\/rocket-x-1024x761.webp\" alt=\"\" class=\"wp-image-472\" srcset=\"https:\/\/aviator-crash.org\/wp-content\/uploads\/2024\/01\/rocket-x-1024x761.webp 1024w, https:\/\/aviator-crash.org\/wp-content\/uploads\/2024\/01\/rocket-x-300x223.webp 300w, https:\/\/aviator-crash.org\/wp-content\/uploads\/2024\/01\/rocket-x-768x571.webp 768w, https:\/\/aviator-crash.org\/wp-content\/uploads\/2024\/01\/rocket-x.webp 1200w\" sizes=\"(max-width: 1024px) 100vw, 1024px\" \/><meta itemprop=\"width\" content=\"1024\"><meta itemprop=\"height\" content=\"761\"><\/span><\/figure>\n<\/figure>\n\n<p>Das Multiplayer-Spiel Rocket X bietet dir die M\u00f6glichkeit, dich in ein spannendes Abenteuer zu st\u00fcrzen und echtes Geld zu verdienen.\nDu kannst es kostenlos auf jedes deiner Ger\u00e4te herunterladen und ein tolles Spiel sowohl alleine als auch zusammen mit deinen Freunden und anderen Spielern genie\u00dfen.\nDazu m\u00fcssen Sie nur das offizielle Wettportal von One Win besuchen und das Spiel Rocket X kostenlos auf Android herunterladen.\nUm mit dem Spielen zu beginnen, m\u00fcssen Sie sich nur in Ihrem pers\u00f6nlichen Konto registrieren oder anmelden.\nEs dauert nur ein paar Minuten, aber Sie k\u00f6nnen sofort mit dem Spielen beginnen und den Prozess genie\u00dfen.    <\/p>\n\n<h2 class=\"wp-block-heading\"><strong>Vorteile des Online-Spiels Rocket X<\/strong><\/h2>\n\n<p>Gl\u00fccksspiele sind in der modernen Welt sehr gefragt.\nSie erm\u00f6glichen es, sich zu am\u00fcsieren und fast jede Menge Geld zu verdienen, ohne das Haus verlassen zu m\u00fcssen.\nRocket X wiederum gilt als eines der beliebtesten seiner Art.\nDieses Spiel hat eine Menge Vorteile, darunter die folgenden:   <\/p>\n\n<ul>\n<li>Au\u00dfergew\u00f6hnlich positive Rocket X-Bewertungen, was darauf hindeutet, dass diese Anwendung bei Spielern aus der ganzen Welt \u00e4u\u00dferst beliebt ist.<\/li>\n\n\n\n<li>Multiplayer-Modus.\nDie F\u00e4higkeit, in Echtzeit zu spielen, genie\u00dfen Sie den Prozess mit Ihren Freunden oder anderen Benutzern aus der ganzen Welt online. <\/li>\n\n\n\n<li>Dynamische Rennen.\nDas Gameplay konzentriert sich auf schnelle und dynamische Rennen mit einer Vielzahl von Strecken und Hindernissen. <\/li>\n\n\n\n<li>Einzigartige Schaupl\u00e4tze.\nAbwechslungsreiche und farbenfrohe Spielorte, die unterschiedliche Rennbedingungen bieten. <\/li>\n\n\n\n<li>Stunts und Upgrades.\nDie F\u00e4higkeit, Stunts auszuf\u00fchren und Ihre Flugmaschine mit verschiedenen Verbesserungen zu verbessern.\nAlles, was du tun musst, ist Rocket X auf dein Ger\u00e4t herunterzuladen und dich zu registrieren.  <\/li>\n\n\n\n<li>Fortschrittssystem.\nEin ausgekl\u00fcgeltes Fortschrittssystem mit neuen Levels, Fahrzeugen und anderen Inhalten, die mit dem Fortschritt im Spiel freigeschaltet werden. <\/li>\n\n\n\n<li>Verf\u00fcgbarkeit einer gro\u00dfen Anzahl von Boni.\nM\u00f6glichkeit, Boni, Errungenschaften und andere Belohnungen f\u00fcr den erfolgreichen Abschluss von Levels oder die Erf\u00fcllung von Spezialaufgaben zu erhalten. <\/li>\n\n\n\n<li>Ausgezeichnete Grafik und atemberaubender Soundtrack.\nHochwertige Grafiken und Soundtracks f\u00fcr eine beeindruckende visuelle und akustische Atmosph\u00e4re. <\/li>\n<\/ul>\n\n<p>Zahlreiche Vorteile machen dieses Spiel bei den Fans von Gl\u00fccksspielanwendungen sehr beliebt.\nRocket X Spiel Bewertungen sind meist positiv, die noch einmal best\u00e4tigt die oben genannte Tatsache.\nWenn Sie eine tolle Zeit haben wollen, dann ist diese Anwendung die beste Option.  <\/p>\n\n<h2 class=\"wp-block-heading\">Wie man Rocket X spielt<\/h2>\n\n<p>Ein weiterer Vorteil dieses Spiels ist, dass es einfache und klare Regeln hat, die von absolut jedem schnell verstanden werden k\u00f6nnen.\nAls Erstes m\u00fcssen Sie sich registrieren oder in Ihr pers\u00f6nliches Kabinett einloggen.\nDiese Option ist \u00e4u\u00dferst praktisch, da der gesamte Fortschritt automatisch gespeichert wird.  <\/p>\n\n<p>Der zweite Schritt, den Sie tun m\u00fcssen, ist, Ihr Spielkonto aufzuladen.\nGehen Sie dann auf die Seite und starten Sie den Simulator.\nDas Spiel beginnt, nachdem Sie einen Einsatz gemacht haben.\nDer Betrag ist individuell und h\u00e4ngt ausschlie\u00dflich von Ihren Vorlieben und Ihrer Strategie ab.   <\/p>\n\n<p>Die offizielle Website von Rocket X bietet Ihnen zahlreiche M\u00f6glichkeiten, das Spiel zu spielen.\nEs gibt sowohl Einzel- als auch Mehrspielermodi, die es Ihnen erm\u00f6glichen, das Spiel online mit Freunden oder anderen Spielern im Internet zu spielen.\nAlle grundlegenden Regeln sind auf der Website angegeben.\nDar\u00fcber hinaus k\u00f6nnen Sie das Training durchlaufen, bevor Sie beginnen, um das Spiel besser zu verstehen und von Anfang an Geld zu verdienen.   <\/p>\n\n<p>Sobald Sie Ihren Einsatz platziert haben, m\u00fcssen Sie nur noch auf das Ergebnis warten.\nDer Prozess ist recht spannend, da sich die Werte recht schnell \u00e4ndern und es fast unm\u00f6glich ist, vorherzusagen, wie es am Ende aussehen wird. <\/p>\n\n<h2 class=\"wp-block-heading\">Wie man bei Rocket X gewinnt<\/h2>\n\n<p>Wie bereits deutlich geworden ist, ist es extrem wichtig, den richtigen Zeitpunkt im Spiel zu w\u00e4hlen, damit die Eins\u00e4tze nicht verbrannt werden und die Quoten m\u00f6glichst g\u00fcnstig sind.\nZu diesem Zweck ist eine ma\u00dfgeschneiderte <em>Rocket X-Strategie<\/em> perfekt.\nUm sie zu entwickeln, gen\u00fcgt es, die vorherigen Spiele zu studieren, die Ergebnisse zu analysieren und die Methodik des Spiels zu w\u00e4hlen, die am profitabelsten sein wird.  <\/p>\n\n<p>Die Strategie bei Rocket X ist ein Gewinn, denn sie basiert auf fr\u00fcheren Erfahrungen und hilft zu verstehen, wie das System funktioniert und wie man dadurch die h\u00f6chsten Gewinnquoten erzielt.\nDieses Spiel beweist, dass Gl\u00fcck allein nicht ausreicht, um zu gewinnen.\nDas Rocket X Quotenberechnungssystem wird ebenfalls ben\u00f6tigt.  <\/p>\n\n<h2 class=\"wp-block-heading\">Rocket X Spielregeln<\/h2>\n\n<p>Im Mittelpunkt der Geschichte steht ein ber\u00fchmter Mann &#8211; Ilon Musk, oder vielmehr seine Cartoon-Kopie, die der Spieler w\u00e4hrend des Spiels steuert.\nDieses Spiel ist perfekt f\u00fcr diejenigen, die Spannung und Risiken m\u00f6gen.\nDie Regeln des Spiels sind fast identisch mit denen anderer \u00e4hnlicher Anwendungen.\nBevor Sie das Rocket X Crash-Spiel starten, m\u00fcssen Sie Ihre Eins\u00e4tze platzieren und dann einfach zusehen, wie sie wachsen.\nSie k\u00f6nnen Ihren Einsatz jederzeit zur\u00fcckziehen, aber seien Sie vorsichtig: Wenn Sie dies zu fr\u00fch oder zu sp\u00e4t tun, werden Sie verlieren.\nEs ist entscheidend, den richtigen Zeitpunkt zu w\u00e4hlen.     <\/p>\n\n<p>Wenn Sie denken, dass das Spiel recht einfach und eint\u00f6nig ist, liegen Sie falsch.\nHohe Risiken, Eins\u00e4tze, Dynamik &#8211; all das finden Sie hier.\nSie k\u00f6nnen mehr \u00fcber die Regeln auf der offiziellen Seite lesen.  <\/p>\n\n<h2 class=\"wp-block-heading\">Promo-Codes<\/h2>\n\n<p>Gl\u00fccksspiel-Promo-Codes k\u00f6nnen von Spielplattformen, Casinos oder Entwicklern zur Verf\u00fcgung gestellt werden, um neue Spieler zu gewinnen, Treue zu belohnen oder spezielle Aktionen durchzuf\u00fchren.\nWenn Sie eine tolle Zeit haben wollen und Ihre Gewinnchancen bei Rocket X game 1win erh\u00f6hen wollen, dann k\u00f6nnen Sie ganz einfach die Vorteile der verf\u00fcgbaren Promo-Codes nutzen.\nSie k\u00f6nnen sie in verschiedenen Quellen finden:  <\/p>\n\n<ul>\n<li>Das offizielle Webportal von One Win.<\/li>\n\n\n\n<li>Mailinglisten (aus diesem Grund wird empfohlen, sich sofort nach der Anmeldung auf der Website in Mailinglisten einzutragen).<\/li>\n\n\n\n<li>Soziale Medien und spezielle Foren.<\/li>\n\n\n\n<li>Affiliate-Programme.<\/li>\n<\/ul>\n\n<p>Denken Sie daran, dass es wichtig ist, aufmerksam zu sein und Promo-Codes nach den Regeln und Bedingungen des Spiels zu verwenden, um Missverst\u00e4ndnisse und unangenehme Situationen zu vermeiden.<\/p>\n\n<h2 class=\"wp-block-heading\">Testimonials<\/h2>\n\n<p>Anhand der Nutzerbewertungen k\u00f6nnen wir feststellen, dass dieses Spiel als eines der beliebtesten seiner Art mit zahlreichen Vorteilen und Funktionen gilt.\nHier sind einige 1win Rocket X Bewertungen: <\/p>\n","protected":false},"excerpt":{"rendered":"<p>Das Multiplayer-Spiel Rocket X bietet dir die M\u00f6glichkeit, dich in ein spannendes Abenteuer zu st\u00fcrzen und echtes Geld zu verdienen. Du kannst es kostenlos auf jedes deiner Ger\u00e4te herunterladen und ein tolles Spiel sowohl alleine als auch zusammen mit deinen Freunden und anderen Spielern genie\u00dfen. Dazu m\u00fcssen Sie nur das offizielle Wettportal von One Win [&hellip;]<\/p>\n","protected":false},"author":2,"featured_media":0,"parent":0,"menu_order":0,"comment_status":"open","ping_status":"closed","template":"","meta":{"footnotes":""},"yoast_head":"<!-- This site is optimized with the Yoast SEO plugin v21.7 - https:\/\/yoast.com\/wordpress\/plugins\/seo\/ -->\n<title>Rocket X Casino Spiel, herunterladen<\/title>\n<meta name=\"description\" content=\"Das beste Rocket X Spiel mit einer Chance, echtes Geld zu gewinnen. Sehen Sie sich die Beschreibung an, studieren Sie die Eigenschaften und Merkmale des Spiels, w\u00e4hlen Sie die beste Strategie und gehen Sie auf unvergessliche Reisen. Machen Sie sich auf den Weg zu den gro\u00dfen Gewinnen!\" \/>\n<meta name=\"robots\" content=\"index, follow, max-snippet:-1, max-image-preview:large, max-video-preview:-1\" \/>\n<link rel=\"canonical\" href=\"https:\/\/aviator-crash.org\/de\/rocket-x-spielen\/\" \/>\n<meta property=\"og:locale\" content=\"de_DE\" \/>\n<meta property=\"og:type\" content=\"article\" \/>\n<meta property=\"og:title\" content=\"Rocket X Casino Spiel, herunterladen\" \/>\n<meta property=\"og:description\" content=\"Das beste Rocket X Spiel mit einer Chance, echtes Geld zu gewinnen. Sehen Sie sich die Beschreibung an, studieren Sie die Eigenschaften und Merkmale des Spiels, w\u00e4hlen Sie die beste Strategie und gehen Sie auf unvergessliche Reisen. Machen Sie sich auf den Weg zu den gro\u00dfen Gewinnen!\" \/>\n<meta property=\"og:url\" content=\"https:\/\/aviator-crash.org\/de\/rocket-x-spielen\/\" \/>\n<meta property=\"article:modified_time\" content=\"2024-02-02T15:02:56+00:00\" \/>\n<meta property=\"og:image\" content=\"https:\/\/aviator-crash.org\/wp-content\/uploads\/2024\/01\/rocket-x-1024x761.webp\" \/>\n<meta name=\"twitter:card\" content=\"summary_large_image\" \/>\n<meta name=\"twitter:label1\" content=\"Est. reading time\" \/>\n\t<meta name=\"twitter:data1\" content=\"5 Minuten\" \/>\n<script type=\"application\/ld+json\" class=\"yoast-schema-graph\">{\"@context\":\"https:\/\/schema.org\",\"@graph\":[{\"@type\":\"WebPage\",\"@id\":\"https:\/\/aviator-crash.org\/de\/rocket-x-spielen\/\",\"url\":\"https:\/\/aviator-crash.org\/de\/rocket-x-spielen\/\",\"name\":\"Rocket X Casino Spiel, herunterladen\",\"isPartOf\":{\"@id\":\"https:\/\/aviator-crash.org\/de\/#website\"},\"datePublished\":\"2023-12-27T19:40:59+00:00\",\"dateModified\":\"2024-02-02T15:02:56+00:00\",\"description\":\"Das beste Rocket X Spiel mit einer Chance, echtes Geld zu gewinnen. Sehen Sie sich die Beschreibung an, studieren Sie die Eigenschaften und Merkmale des Spiels, w\u00e4hlen Sie die beste Strategie und gehen Sie auf unvergessliche Reisen. Machen Sie sich auf den Weg zu den gro\u00dfen Gewinnen!\",\"breadcrumb\":{\"@id\":\"https:\/\/aviator-crash.org\/de\/rocket-x-spielen\/#breadcrumb\"},\"inLanguage\":\"de-DE\",\"potentialAction\":[{\"@type\":\"ReadAction\",\"target\":[\"https:\/\/aviator-crash.org\/de\/rocket-x-spielen\/\"]}]},{\"@type\":\"BreadcrumbList\",\"@id\":\"https:\/\/aviator-crash.org\/de\/rocket-x-spielen\/#breadcrumb\",\"itemListElement\":[{\"@type\":\"ListItem\",\"position\":1,\"name\":\"Home\",\"item\":\"https:\/\/aviator-crash.org\/de\/\"},{\"@type\":\"ListItem\",\"position\":2,\"name\":\"Rocket X spielen\"}]},{\"@type\":\"WebSite\",\"@id\":\"https:\/\/aviator-crash.org\/de\/#website\",\"url\":\"https:\/\/aviator-crash.org\/de\/\",\"name\":\"\",\"description\":\"\",\"potentialAction\":[{\"@type\":\"SearchAction\",\"target\":{\"@type\":\"EntryPoint\",\"urlTemplate\":\"https:\/\/aviator-crash.org\/de\/?s={search_term_string}\"},\"query-input\":\"required name=search_term_string\"}],\"inLanguage\":\"de-DE\"}]}<\/script>\n<!-- \/ Yoast SEO plugin. -->","yoast_head_json":{"title":"Rocket X Casino Spiel, herunterladen","description":"Das beste Rocket X Spiel mit einer Chance, echtes Geld zu gewinnen. Sehen Sie sich die Beschreibung an, studieren Sie die Eigenschaften und Merkmale des Spiels, w\u00e4hlen Sie die beste Strategie und gehen Sie auf unvergessliche Reisen. Machen Sie sich auf den Weg zu den gro\u00dfen Gewinnen!","robots":{"index":"index","follow":"follow","max-snippet":"max-snippet:-1","max-image-preview":"max-image-preview:large","max-video-preview":"max-video-preview:-1"},"canonical":"https:\/\/aviator-crash.org\/de\/rocket-x-spielen\/","og_locale":"de_DE","og_type":"article","og_title":"Rocket X Casino Spiel, herunterladen","og_description":"Das beste Rocket X Spiel mit einer Chance, echtes Geld zu gewinnen. Sehen Sie sich die Beschreibung an, studieren Sie die Eigenschaften und Merkmale des Spiels, w\u00e4hlen Sie die beste Strategie und gehen Sie auf unvergessliche Reisen. Machen Sie sich auf den Weg zu den gro\u00dfen Gewinnen!","og_url":"https:\/\/aviator-crash.org\/de\/rocket-x-spielen\/","article_modified_time":"2024-02-02T15:02:56+00:00","og_image":[{"url":"https:\/\/aviator-crash.org\/wp-content\/uploads\/2024\/01\/rocket-x-1024x761.webp"}],"twitter_card":"summary_large_image","twitter_misc":{"Est. reading time":"5 Minuten"},"schema":{"@context":"https:\/\/schema.org","@graph":[{"@type":"WebPage","@id":"https:\/\/aviator-crash.org\/de\/rocket-x-spielen\/","url":"https:\/\/aviator-crash.org\/de\/rocket-x-spielen\/","name":"Rocket X Casino Spiel, herunterladen","isPartOf":{"@id":"https:\/\/aviator-crash.org\/de\/#website"},"datePublished":"2023-12-27T19:40:59+00:00","dateModified":"2024-02-02T15:02:56+00:00","description":"Das beste Rocket X Spiel mit einer Chance, echtes Geld zu gewinnen. Sehen Sie sich die Beschreibung an, studieren Sie die Eigenschaften und Merkmale des Spiels, w\u00e4hlen Sie die beste Strategie und gehen Sie auf unvergessliche Reisen. Machen Sie sich auf den Weg zu den gro\u00dfen Gewinnen!","breadcrumb":{"@id":"https:\/\/aviator-crash.org\/de\/rocket-x-spielen\/#breadcrumb"},"inLanguage":"de-DE","potentialAction":[{"@type":"ReadAction","target":["https:\/\/aviator-crash.org\/de\/rocket-x-spielen\/"]}]},{"@type":"BreadcrumbList","@id":"https:\/\/aviator-crash.org\/de\/rocket-x-spielen\/#breadcrumb","itemListElement":[{"@type":"ListItem","position":1,"name":"Home","item":"https:\/\/aviator-crash.org\/de\/"},{"@type":"ListItem","position":2,"name":"Rocket X spielen"}]},{"@type":"WebSite","@id":"https:\/\/aviator-crash.org\/de\/#website","url":"https:\/\/aviator-crash.org\/de\/","name":"","description":"","potentialAction":[{"@type":"SearchAction","target":{"@type":"EntryPoint","urlTemplate":"https:\/\/aviator-crash.org\/de\/?s={search_term_string}"},"query-input":"required name=search_term_string"}],"inLanguage":"de-DE"}]}},"_links":{"self":[{"href":"https:\/\/aviator-crash.org\/de\/wp-json\/wp\/v2\/pages\/1240"}],"collection":[{"href":"https:\/\/aviator-crash.org\/de\/wp-json\/wp\/v2\/pages"}],"about":[{"href":"https:\/\/aviator-crash.org\/de\/wp-json\/wp\/v2\/types\/page"}],"author":[{"embeddable":true,"href":"https:\/\/aviator-crash.org\/de\/wp-json\/wp\/v2\/users\/2"}],"replies":[{"embeddable":true,"href":"https:\/\/aviator-crash.org\/de\/wp-json\/wp\/v2\/comments?post=1240"}],"version-history":[{"count":1,"href":"https:\/\/aviator-crash.org\/de\/wp-json\/wp\/v2\/pages\/1240\/revisions"}],"predecessor-version":[{"id":1242,"href":"https:\/\/aviator-crash.org\/de\/wp-json\/wp\/v2\/pages\/1240\/revisions\/1242"}],"wp:attachment":[{"href":"https:\/\/aviator-crash.org\/de\/wp-json\/wp\/v2\/media?parent=1240"}],"curies":[{"name":"wp","href":"https:\/\/api.w.org\/{rel}","templated":true}]}}