{"id":1267,"date":"2023-12-27T19:09:40","date_gmt":"2023-12-27T19:09:40","guid":{"rendered":"https:\/\/aviator-crash.org\/aviator-aehnliche-spiele-fuer-geld\/"},"modified":"2024-02-02T15:06:35","modified_gmt":"2024-02-02T15:06:35","slug":"aviator-aehnliche-spiele-fuer-geld","status":"publish","type":"page","link":"https:\/\/aviator-crash.org\/de\/aviator-aehnliche-spiele-fuer-geld\/","title":{"rendered":"Aviator-\u00e4hnliche Spiele f\u00fcr Geld"},"content":{"rendered":"\n<p>Aviator ist ein einzigartiges Spiel, eines der ersten Videospiele um Geld im Crash-Genre, dessen Erscheinen im Online-Gl\u00fccksspiel f\u00fcr Aufsehen sorgte.\nEs ist dynamisch, spannend, mit kurzen Runden, die f\u00fcr einen kr\u00e4ftigen Adrenalinsto\u00df und lebendige Emotionen ausreichen.\nAber ein anspruchsvoller Spieler ist immer von Abwechslung fasziniert, so dass heute die Nachfrage nach Analoga des Spiels Aviator schnell gestiegen ist.\nAus diesem Grund haben die f\u00fchrenden Entwickler die Pr\u00e4sentation \u00e4hnlicher Produkte mit einem innovativen Gameplay in den Vordergrund gestellt.   <\/p>\n\n<h2 class=\"wp-block-heading\">Lucky Jet ist ein Analogon des Spiels Aviator<\/h2>\n\n<p>Lucky Jet ist ein Aviator-\u00e4hnliches Bargeldspiel, das von 1win online casino pr\u00e4sentiert wird und zu den farbenfrohen Spielen geh\u00f6rt, die schnell an Popularit\u00e4t gewinnen.\nEs ist ein \u00e4hnliches Spiel wie Aviator, aber statt eines Flugzeugs ist es Lucky Joe und sein Rucksack, auf den man aufpassen muss.\nDie Eins\u00e4tze werden ebenfalls vor Beginn der Runde platziert, dann wird ein Multiplikator aktiviert und Sie m\u00fcssen in der Lage sein, Ihre Gewinne einzusammeln, bevor Joe wegfliegt.  <\/p>\n\n<p>Die Quoten bei Lucky Jet sind unterschiedlich.\nSie k\u00f6nnen den Einsatz mit dem Faktor 3 multiplizieren lassen oder auf eine Erh\u00f6hung um das 50-, 100- oder sogar 200-fache warten.\nWie die Statistik zeigt, sind hohe Gewinnchancen durchaus \u00fcblich.\nAber es h\u00e4ngt allein vom Spieler ab, wie viel Geduld er hat und ob er die Dauer der Runde richtig vorhersagen kann.   <\/p>\n\n<h2 class=\"wp-block-heading\">Jet X ist ein weiteres Spiel vom Typ Aviator<\/h2>\n\n<p>Das n\u00e4chste Spiel, das wie Aviator aktiv an Popularit\u00e4t gewinnt, ist Jet X, pr\u00e4sentiert von Smartsoft Gaming.\nEs ist ein Multiplayer-Spiel, das im Wesentlichen dem Aviator-Spiel \u00e4hnelt, denn.\nIn diesem Spiel m\u00fcssen Sie ebenfalls dem Flugzeug folgen, das an H\u00f6he gewinnt.\nDer Unterschied besteht darin, dass der Startpunkt verfolgt wird.\nJe h\u00f6her er ist, desto mehr gewinnt der Spieler, indem er die Gewinnchancen erh\u00f6ht.\nGelingt es dem Spieler jedoch nicht, das Geld abzuheben, bevor das Flugzeug wegfliegt, hat er verloren und verliert alles.     <\/p>\n\n<p>Das Spiel ist spannend, gef\u00e4llt die Balance von Adrenalin und Aufregung, sowie spezielle &#8222;Chips&#8220;.\nZum Beispiel: <\/p>\n\n<ul>\n<li>Es gibt eine Bonusfunktion, bei der ein Jackpot gezogen wird.<\/li>\n\n\n\n<li>Es wurde eine Mindestauszahlung mit einer Quote von 1,1 festgelegt.<\/li>\n\n\n\n<li>Der Multiplikator funktioniert bis zu plus unendlich.<\/li>\n<\/ul>\n\n<h2 class=\"wp-block-heading\">Rakete X.<\/h2>\n\n<p>Rocket X ist auch eine Variante des Aviator-\u00e4hnlichen Spiels, das von Slotegrator pr\u00e4sentiert wird.\nEs zieht eine schnelle grafische Schnittstelle, einzigartige Funktionalit\u00e4t, die F\u00e4higkeit, dem Spieler eine Menge von hellen Emotionen zu geben.\nDie Handlung dreht sich um den Start der Rakete, die versucht, einen jungen Mann zu halten.\nIm Laufe jeder Runde funktioniert Multiplikator Wetten, so dass Sie den Betrag von 100 und sogar mehr multipliziert bekommen k\u00f6nnen.   <\/p>\n\n<p>In diesem Spiel gibt es Einstellungen:<\/p>\n\n<ul>\n<li>Autostraddle.<\/li>\n\n\n\n<li>Autopinions.<\/li>\n<\/ul>\n\n<p>Es k\u00f6nnen sowohl moderate als auch aggressive Strategien verwendet werden.\nGleichzeitig gibt es keine einzige garantierte Gewinnstrategie, alles basiert auf dem Zufallssystem, d.h..\nDas Gl\u00fcck wird alles bestimmen.  <\/p>\n\n<h2 class=\"wp-block-heading\">Weltraum XY.<\/h2>\n\n<p>Space XY ist auch eine gute Option f\u00fcr diejenigen, die an einem \u00e4hnlichen Geldspiel wie Aviator interessiert sind.\nHier m\u00fcssen die Spieler nicht ein Flugzeug, sondern eine Rakete starten.\nDas Interface ist zur\u00fcckhaltend und lakonisch.\nDie Eins\u00e4tze werden auf die n\u00e4chste Runde gemacht, in der der Spieler den Flug seiner Rakete beobachten muss.\nAllerdings kann sie pl\u00f6tzlich vom Radar verschwinden, vom Kurs abkommen und explodieren, und wenn das passiert, sind die Wetten verloren.\nDie Aufgabe des Spielers besteht darin, rechtzeitig von der Rakete abzuspringen, d. h.\nwie in anderen \u00e4hnlichen Spielen, das Geld zu nehmen, bevor sie explodiert.      <\/p>\n\n<h2 class=\"wp-block-heading\">Bargeld oder Crash.<\/h2>\n\n<p>Cash or Crash ist zwar eine Analogie zu Aviator, unterscheidet sich aber dadurch, dass es sich um eine komplette Spielshow handelt und ein Live-Spiel ist, das durch die Realit\u00e4t erg\u00e4nzt wird.\nDie Handlung entwickelt sich im Inneren des virtuellen Luftschiffs, wo es eine Leiter mit 20 Stufen gibt.\nDie Bewegung auf ihr hilft, das Luftschiff anzuheben und es immer weiter von der Erde weg zu bewegen.\nBeim Erklimmen der Leiter leuchten gr\u00fcne Kugeln auf, jede einzelne f\u00fchrt zum Sieg und erh\u00f6ht den Gewinn, aber sobald die rote aufleuchtet &#8211; st\u00fcrzt der Spieler ab und verliert alles.   <\/p>\n\n<p>Merkmale:<\/p>\n\n<ul>\n<li>Es ist m\u00f6glich, die Eins\u00e4tze bis zu 50.000 Mal zu erh\u00f6hen.<\/li>\n\n\n\n<li>Au\u00dferdem gibt es eine goldene Kugel, die zus\u00e4tzliches Leben gew\u00e4hrt.<\/li>\n<\/ul>\n\n<h2 class=\"wp-block-heading\">Ziehen von Schlussfolgerungen<\/h2>\n\n<p>Aviator und \u00e4hnliche Spiele sind eine gute Gelegenheit, sich zu entspannen, auszuruhen und die angesammelte Negativit\u00e4t des Tages loszuwerden.\nZugleich verfolgt jeder Spieler seinen eigenen Sinn: <\/p>\n\n<ul>\n<li>Habt Spa\u00df und genie\u00dft die Aufregung.<\/li>\n\n\n\n<li>Geld verdienen.<\/li>\n<\/ul>\n\n<p>Welches Aviator-Geldspiel man w\u00e4hlt und mit welchem Ziel man spielt, bleibt jedem selbst \u00fcberlassen. Die Hauptsache ist, dass man sich selbst kontrollieren kann und die gew\u00e4hlte Strategie einh\u00e4lt.\nEine gro\u00dfe Auswahl an Spielautomaten ist eine gro\u00dfartige M\u00f6glichkeit, die Freizeit auch des anspruchsvollsten Spielers abwechslungsreich zu gestalten. <\/p>\n","protected":false},"excerpt":{"rendered":"<p>Aviator ist ein einzigartiges Spiel, eines der ersten Videospiele um Geld im Crash-Genre, dessen Erscheinen im Online-Gl\u00fccksspiel f\u00fcr Aufsehen sorgte. Es ist dynamisch, spannend, mit kurzen Runden, die f\u00fcr einen kr\u00e4ftigen Adrenalinsto\u00df und lebendige Emotionen ausreichen. Aber ein anspruchsvoller Spieler ist immer von Abwechslung fasziniert, so dass heute die Nachfrage nach Analoga des Spiels Aviator [&hellip;]<\/p>\n","protected":false},"author":2,"featured_media":0,"parent":0,"menu_order":0,"comment_status":"closed","ping_status":"closed","template":"","meta":{"footnotes":""},"yoast_head":"<!-- This site is optimized with the Yoast SEO plugin v21.7 - https:\/\/yoast.com\/wordpress\/plugins\/seo\/ -->\n<title>\u00c4hnliche Geldspiele wie Aviator (\u00e4hnliche Spiele und Aviator-Analoga)<\/title>\n<meta name=\"description\" content=\"\u00dcberpr\u00fcfung der Crash-Spiele wie der ber\u00fchmte &quot;Aviator&quot; f\u00fcr Geld. Schauen Sie sich die Top-Varianten an und w\u00e4hlen Sie diejenige, die Sie mit neuen Emotionen und Aufregung aufladen wird, und wenn das Gl\u00fcck g\u00fcnstig ist, dann ein solider Gewinn!\" \/>\n<meta name=\"robots\" content=\"index, follow, max-snippet:-1, max-image-preview:large, max-video-preview:-1\" \/>\n<link rel=\"canonical\" href=\"https:\/\/aviator-crash.org\/de\/aviator-aehnliche-spiele-fuer-geld\/\" \/>\n<meta property=\"og:locale\" content=\"de_DE\" \/>\n<meta property=\"og:type\" content=\"article\" \/>\n<meta property=\"og:title\" content=\"\u00c4hnliche Geldspiele wie Aviator (\u00e4hnliche Spiele und Aviator-Analoga)\" \/>\n<meta property=\"og:description\" content=\"\u00dcberpr\u00fcfung der Crash-Spiele wie der ber\u00fchmte &quot;Aviator&quot; f\u00fcr Geld. Schauen Sie sich die Top-Varianten an und w\u00e4hlen Sie diejenige, die Sie mit neuen Emotionen und Aufregung aufladen wird, und wenn das Gl\u00fcck g\u00fcnstig ist, dann ein solider Gewinn!\" \/>\n<meta property=\"og:url\" content=\"https:\/\/aviator-crash.org\/de\/aviator-aehnliche-spiele-fuer-geld\/\" \/>\n<meta property=\"article:modified_time\" content=\"2024-02-02T15:06:35+00:00\" \/>\n<meta name=\"twitter:card\" content=\"summary_large_image\" \/>\n<meta name=\"twitter:label1\" content=\"Est. reading time\" \/>\n\t<meta name=\"twitter:data1\" content=\"4 Minuten\" \/>\n<script type=\"application\/ld+json\" class=\"yoast-schema-graph\">{\"@context\":\"https:\/\/schema.org\",\"@graph\":[{\"@type\":\"WebPage\",\"@id\":\"https:\/\/aviator-crash.org\/de\/aviator-aehnliche-spiele-fuer-geld\/\",\"url\":\"https:\/\/aviator-crash.org\/de\/aviator-aehnliche-spiele-fuer-geld\/\",\"name\":\"\u00c4hnliche Geldspiele wie Aviator (\u00e4hnliche Spiele und Aviator-Analoga)\",\"isPartOf\":{\"@id\":\"https:\/\/aviator-crash.org\/de\/#website\"},\"datePublished\":\"2023-12-27T19:09:40+00:00\",\"dateModified\":\"2024-02-02T15:06:35+00:00\",\"description\":\"\u00dcberpr\u00fcfung der Crash-Spiele wie der ber\u00fchmte \\\"Aviator\\\" f\u00fcr Geld. Schauen Sie sich die Top-Varianten an und w\u00e4hlen Sie diejenige, die Sie mit neuen Emotionen und Aufregung aufladen wird, und wenn das Gl\u00fcck g\u00fcnstig ist, dann ein solider Gewinn!\",\"breadcrumb\":{\"@id\":\"https:\/\/aviator-crash.org\/de\/aviator-aehnliche-spiele-fuer-geld\/#breadcrumb\"},\"inLanguage\":\"de-DE\",\"potentialAction\":[{\"@type\":\"ReadAction\",\"target\":[\"https:\/\/aviator-crash.org\/de\/aviator-aehnliche-spiele-fuer-geld\/\"]}]},{\"@type\":\"BreadcrumbList\",\"@id\":\"https:\/\/aviator-crash.org\/de\/aviator-aehnliche-spiele-fuer-geld\/#breadcrumb\",\"itemListElement\":[{\"@type\":\"ListItem\",\"position\":1,\"name\":\"Home\",\"item\":\"https:\/\/aviator-crash.org\/de\/\"},{\"@type\":\"ListItem\",\"position\":2,\"name\":\"Aviator-\u00e4hnliche Spiele f\u00fcr Geld\"}]},{\"@type\":\"WebSite\",\"@id\":\"https:\/\/aviator-crash.org\/de\/#website\",\"url\":\"https:\/\/aviator-crash.org\/de\/\",\"name\":\"\",\"description\":\"\",\"potentialAction\":[{\"@type\":\"SearchAction\",\"target\":{\"@type\":\"EntryPoint\",\"urlTemplate\":\"https:\/\/aviator-crash.org\/de\/?s={search_term_string}\"},\"query-input\":\"required name=search_term_string\"}],\"inLanguage\":\"de-DE\"}]}<\/script>\n<!-- \/ Yoast SEO plugin. -->","yoast_head_json":{"title":"\u00c4hnliche Geldspiele wie Aviator (\u00e4hnliche Spiele und Aviator-Analoga)","description":"\u00dcberpr\u00fcfung der Crash-Spiele wie der ber\u00fchmte \"Aviator\" f\u00fcr Geld. Schauen Sie sich die Top-Varianten an und w\u00e4hlen Sie diejenige, die Sie mit neuen Emotionen und Aufregung aufladen wird, und wenn das Gl\u00fcck g\u00fcnstig ist, dann ein solider Gewinn!","robots":{"index":"index","follow":"follow","max-snippet":"max-snippet:-1","max-image-preview":"max-image-preview:large","max-video-preview":"max-video-preview:-1"},"canonical":"https:\/\/aviator-crash.org\/de\/aviator-aehnliche-spiele-fuer-geld\/","og_locale":"de_DE","og_type":"article","og_title":"\u00c4hnliche Geldspiele wie Aviator (\u00e4hnliche Spiele und Aviator-Analoga)","og_description":"\u00dcberpr\u00fcfung der Crash-Spiele wie der ber\u00fchmte \"Aviator\" f\u00fcr Geld. Schauen Sie sich die Top-Varianten an und w\u00e4hlen Sie diejenige, die Sie mit neuen Emotionen und Aufregung aufladen wird, und wenn das Gl\u00fcck g\u00fcnstig ist, dann ein solider Gewinn!","og_url":"https:\/\/aviator-crash.org\/de\/aviator-aehnliche-spiele-fuer-geld\/","article_modified_time":"2024-02-02T15:06:35+00:00","twitter_card":"summary_large_image","twitter_misc":{"Est. reading time":"4 Minuten"},"schema":{"@context":"https:\/\/schema.org","@graph":[{"@type":"WebPage","@id":"https:\/\/aviator-crash.org\/de\/aviator-aehnliche-spiele-fuer-geld\/","url":"https:\/\/aviator-crash.org\/de\/aviator-aehnliche-spiele-fuer-geld\/","name":"\u00c4hnliche Geldspiele wie Aviator (\u00e4hnliche Spiele und Aviator-Analoga)","isPartOf":{"@id":"https:\/\/aviator-crash.org\/de\/#website"},"datePublished":"2023-12-27T19:09:40+00:00","dateModified":"2024-02-02T15:06:35+00:00","description":"\u00dcberpr\u00fcfung der Crash-Spiele wie der ber\u00fchmte \"Aviator\" f\u00fcr Geld. Schauen Sie sich die Top-Varianten an und w\u00e4hlen Sie diejenige, die Sie mit neuen Emotionen und Aufregung aufladen wird, und wenn das Gl\u00fcck g\u00fcnstig ist, dann ein solider Gewinn!","breadcrumb":{"@id":"https:\/\/aviator-crash.org\/de\/aviator-aehnliche-spiele-fuer-geld\/#breadcrumb"},"inLanguage":"de-DE","potentialAction":[{"@type":"ReadAction","target":["https:\/\/aviator-crash.org\/de\/aviator-aehnliche-spiele-fuer-geld\/"]}]},{"@type":"BreadcrumbList","@id":"https:\/\/aviator-crash.org\/de\/aviator-aehnliche-spiele-fuer-geld\/#breadcrumb","itemListElement":[{"@type":"ListItem","position":1,"name":"Home","item":"https:\/\/aviator-crash.org\/de\/"},{"@type":"ListItem","position":2,"name":"Aviator-\u00e4hnliche Spiele f\u00fcr Geld"}]},{"@type":"WebSite","@id":"https:\/\/aviator-crash.org\/de\/#website","url":"https:\/\/aviator-crash.org\/de\/","name":"","description":"","potentialAction":[{"@type":"SearchAction","target":{"@type":"EntryPoint","urlTemplate":"https:\/\/aviator-crash.org\/de\/?s={search_term_string}"},"query-input":"required name=search_term_string"}],"inLanguage":"de-DE"}]}},"_links":{"self":[{"href":"https:\/\/aviator-crash.org\/de\/wp-json\/wp\/v2\/pages\/1267"}],"collection":[{"href":"https:\/\/aviator-crash.org\/de\/wp-json\/wp\/v2\/pages"}],"about":[{"href":"https:\/\/aviator-crash.org\/de\/wp-json\/wp\/v2\/types\/page"}],"author":[{"embeddable":true,"href":"https:\/\/aviator-crash.org\/de\/wp-json\/wp\/v2\/users\/2"}],"replies":[{"embeddable":true,"href":"https:\/\/aviator-crash.org\/de\/wp-json\/wp\/v2\/comments?post=1267"}],"version-history":[{"count":1,"href":"https:\/\/aviator-crash.org\/de\/wp-json\/wp\/v2\/pages\/1267\/revisions"}],"predecessor-version":[{"id":1268,"href":"https:\/\/aviator-crash.org\/de\/wp-json\/wp\/v2\/pages\/1267\/revisions\/1268"}],"wp:attachment":[{"href":"https:\/\/aviator-crash.org\/de\/wp-json\/wp\/v2\/media?parent=1267"}],"curies":[{"name":"wp","href":"https:\/\/api.w.org\/{rel}","templated":true}]}}