{"id":800,"date":"2023-12-27T19:33:16","date_gmt":"2023-12-27T19:33:16","guid":{"rendered":"https:\/\/aviator-crash.org\/jet-x\/"},"modified":"2024-01-25T20:57:14","modified_gmt":"2024-01-25T20:57:14","slug":"jet-x","status":"publish","type":"page","link":"https:\/\/aviator-crash.org\/de\/jet-x\/","title":{"rendered":"Jet X"},"content":{"rendered":"\n<figure class=\"wp-block-gallery has-nested-images columns-default is-cropped wp-block-gallery-1 is-layout-flex wp-block-gallery-is-layout-flex\">\n<figure class=\"wp-block-image size-large\"><span itemprop=\"image\" itemscope itemtype=\"https:\/\/schema.org\/ImageObject\"><img itemprop=\"url image\" loading=\"lazy\" decoding=\"async\" width=\"1024\" height=\"576\" data-id=\"475\" src=\"https:\/\/aviator-crash.org\/wp-content\/uploads\/2024\/01\/how-to-play-jet-x-game-on-my-cell-phone-1200x675-1-1024x576-1.webp\" alt=\"\" class=\"wp-image-475\" srcset=\"https:\/\/aviator-crash.org\/wp-content\/uploads\/2024\/01\/how-to-play-jet-x-game-on-my-cell-phone-1200x675-1-1024x576-1.webp 1024w, https:\/\/aviator-crash.org\/wp-content\/uploads\/2024\/01\/how-to-play-jet-x-game-on-my-cell-phone-1200x675-1-1024x576-1-300x169.webp 300w, https:\/\/aviator-crash.org\/wp-content\/uploads\/2024\/01\/how-to-play-jet-x-game-on-my-cell-phone-1200x675-1-1024x576-1-768x432.webp 768w\" sizes=\"(max-width: 1024px) 100vw, 1024px\" \/><meta itemprop=\"width\" content=\"1024\"><meta itemprop=\"height\" content=\"576\"><\/span><\/figure>\n<\/figure>\n\n<p>Willkommen in der Zukunft der Adrenalin-Rennen, in der Welt von Jet X Spiel, das Sie kostenlos herunterladen k\u00f6nnen! Dies ist ein spannendes offizielles Arcade-Abenteuer f\u00fcr Android, in dem sich Geschwindigkeit, H\u00f6he und unglaubliche Stunts in einem m\u00e4chtigen Fluss vereinen. Steigen Sie in das Cockpit einer fortschrittlichen Flugmaschine und bereiten Sie sich auf eine Verfolgungsjagd vor, die alle Ihre Erwartungen \u00fcbertreffen wird. Vergessen Sie nicht die Jet X Strategie!   <\/p>\n\n<p>Sie k\u00f6nnen die Anwendung ganz einfach auf der Website von X Win herunterladen &#8211; einer Wettfirma, die als eine der beliebtesten gilt. Erstellen Sie ein pers\u00f6nliches Konto, starten Sie das Spiel und beginnen Sie bald mit dem Rennen. <\/p>\n\n<h2 class=\"wp-block-heading\">Vorteil des Online-Spiels Jet X<\/h2>\n\n<p>Das Online-Spiel Jet X hat mehrere Vorteile, die es f\u00fcr Fans von Arcade-Rennen und zuk\u00fcnftigem Adrenalin attraktiv machen:<\/p>\n\n<ul>\n<li>Geschwindigkeit und Dynamik. Das Spiel bietet Hochgeschwindigkeitsrennen, bei denen jede Sekunde z\u00e4hlt. Dank des dynamischen Gameplays und der Bewegungsfreiheit im dreidimensionalen Raum sp\u00fcren die Spieler von X Jet das Adrenalin von Hochgeschwindigkeitsrennen.  <\/li>\n\n\n\n<li>Einzigartige Flugmaschinen. Die Spieler k\u00f6nnen aus verschiedenen und innovativen Flugmaschinen mit einzigartigen Eigenschaften w\u00e4hlen. <\/li>\n\n\n\n<li>Verf\u00fcgbarkeit des Mehrspielermodus. Die M\u00f6glichkeit, sich online mit anderen Spielern zu messen, sorgt f\u00fcr ein Element des Wettbewerbs und der sozialen Interaktion. Sie k\u00f6nnen Jet X herunterladen und das Spiel mit Ihren Freunden genie\u00dfen.  <\/li>\n\n\n\n<li>Ger\u00e4teverbesserung. Die Spieler k\u00f6nnen ihre Flugmaschinen individuell anpassen und verbessern, um sie an ihren Rennstil anzupassen. Dies schafft ein pers\u00f6nliches Erlebnis f\u00fcr jeden Spieler und erm\u00f6glicht es ihm, seine Maschinen im Laufe des Spiels zu verbessern.  <\/li>\n\n\n\n<li>Regelm\u00e4\u00dfige Updates. Die Entwickler aktualisieren Jet X st\u00e4ndig und f\u00fcgen neue Strecken, Einheiten, Modi und Funktionen hinzu. <\/li>\n<\/ul>\n\n<p>Diese Vorteile machen das Jet X-Spiel f\u00fcr alle attraktiv, die dynamische Rennen, innovative Flugzeugdesigns und den Wettbewerbsgeist von Online-Spielen sch\u00e4tzen.<\/p>\n\n<h2 class=\"wp-block-heading\">Wie man Jet X spielt<\/h2>\n\n<p>Das Spiel Jet X bietet ein aufregendes Erlebnis von Hochgeschwindigkeitsrennen in der Zukunft. Im Folgenden finden Sie allgemeine Hinweise, wie Sie Jet X spielen k\u00f6nnen: <\/p>\n\n<ol>\n<li>Installieren Sie zun\u00e4chst das Spiel auf Ihrem Ger\u00e4t gem\u00e4\u00df den Anweisungen f\u00fcr Ihre Plattform (PC, Konsole, Mobilger\u00e4t). Starten Sie das Spiel und warten Sie, bis der Downloadvorgang abgeschlossen ist. <\/li>\n\n\n\n<li>Wenn Sie das Spiel starten, werden Sie aufgefordert, Ihr erstes Flugger\u00e4t auszuw\u00e4hlen. Verschiedene Fahrzeuge k\u00f6nnen unterschiedliche Eigenschaften und F\u00e4higkeiten haben, so dass Sie experimentieren und Jet X spielen k\u00f6nnen. <\/li>\n\n\n\n<li>Machen Sie sich mit der Steuerung Ihres Flugger\u00e4ts vertraut. Je nach Plattform m\u00fcssen Sie dazu die Tasten, die Joysticks oder den Touchscreen verwenden. <\/li>\n\n\n\n<li>Jet X bietet verschiedene Spielmodi wie Kampagne und Multiplayer-Schlachten.<\/li>\n\n\n\n<li>W\u00e4hle eine Strecke und beginne das Rennen. Achten Sie auf die Ziele jedes Rennens, da sie je nach Spielmodus variieren k\u00f6nnen. Das Jet X-Programm kann je nach Level variieren.  <\/li>\n\n\n\n<li>Nutze die F\u00e4higkeiten deines Flugger\u00e4ts, um gegen deine Gegner zu k\u00e4mpfen und Stunts auszuf\u00fchren. In einigen Spielmodi kann dies zus\u00e4tzliche Boni oder Beschleunigung bringen. <\/li>\n\n\n\n<li>Nachdem du Rennen und K\u00e4mpfe absolviert hast, verdienst du dir im Spiel Ressourcen oder W\u00e4hrung, um deine Flugmaschine zu verbessern und zu individualisieren.<\/li>\n\n\n\n<li>Halten Sie Ausschau nach Updates f\u00fcr das Spiel, da die Entwickler m\u00f6glicherweise neue Strecken, Fahrzeuge und Modi hinzuf\u00fcgen.<\/li>\n<\/ol>\n\n<p>Bestimmte Begriffe und Regeln k\u00f6nnen von Version zu Version variieren. Lesen Sie Jet X Bewertungen und Empfehlungen, es wird Ihnen erlauben, schnell in das Wesen des Spiels zu bekommen und zu spielen beginnen. <\/p>\n\n<h2 class=\"wp-block-heading\">Wie kann man bei Jet X gewinnen?<\/h2>\n\n<p>Um Jet X erfolgreich zu spielen, ist es wichtig, F\u00e4higkeiten zu entwickeln und Strategien anzuwenden, um Rennen und K\u00e4mpfe zu gewinnen. Hier sind einige Tipps, die dir helfen k\u00f6nnen, im Spiel erfolgreich zu sein. Zuallererst solltest du die Steuerung deines Flugger\u00e4ts beherrschen. Wenn du jede Bewegung und jedes Man\u00f6ver verstehst, kannst du dich in verschiedenen Situationen besser zurechtfinden. Erforschen Sie die Strecken und nutzen Sie die Umgebung zu Ihrem Vorteil.    <\/p>\n\n<p>Ein weiterer bew\u00e4hrter Tipp ist die Verwendung von Jet X Promo-Codes. Sie bieten g\u00fcnstige Konditionen und die M\u00f6glichkeit, zus\u00e4tzliche Punkte zu sammeln. Sie finden Promo-Codes auf spezialisierten Gl\u00fccksspielseiten oder in einem speziellen Bereich auf X Win. <\/p>\n\n<p>Die Jet X-Strategie ist ein weiterer wichtiger Punkt, den es zu beachten gilt. Im Falle von K\u00e4mpfen sollten Sie Waffen und Verteidigungsanlagen aktiv einsetzen. Eine effektive Interaktion mit den Gegnern kann Ihre Siegchancen deutlich erh\u00f6hen.  <\/p>\n\n<p>Vergessen Sie w\u00e4hrend der Rennen und K\u00e4mpfe nicht, Stunts zu machen. Sie k\u00f6nnen zus\u00e4tzliche Boni und Beschleunigungen bringen. Vergessen Sie nicht auf Boni und klug platzierte Wetten. Im Jet X Quotenberechnungssystem k\u00f6nnen Sie alle Risiken berechnen und einen kompetenten Einsatz t\u00e4tigen. Nutzen Sie auch aktiv die M\u00f6glichkeiten, Ihre Flugmaschine zu verbessern. Studieren Sie die Strecken sorgf\u00e4ltig und planen Sie Ihre Flugbahn im Voraus. Optimale Bahnwahl und Geschwindigkeitskontrolle werden Ihnen helfen, Ihre Rivalen zu \u00fcberholen.      <\/p>\n\n<p>Behalten Sie die Aktionen Ihrer Gegner im Auge und passen Sie sich den wechselnden Streckenbedingungen an. Flexibilit\u00e4t und Anpassungsf\u00e4higkeit k\u00f6nnen der Schl\u00fcssel zum Erfolg in rasanten Rennen sein. Wenn das Jet X-Spiel oder die Demo Teamplay bietet, kommunizieren Sie aktiv mit Ihrem Team.  <\/p>\n\n<p>Das Jet X-Spiel gibt dir Raum f\u00fcr Kreativit\u00e4t und taktische Entscheidungen. Passen Sie sich den Bedingungen an, erforschen Sie das Jet X-Quoten-System und genie\u00dfen Sie in Zukunft schnelle und spannende Rennen! <\/p>\n\n<h2 class=\"wp-block-heading\">Jet X Spielregeln<\/h2>\n\n<p>Das Hauptziel h\u00e4ngt vom jeweiligen Spielmodus ab. Es kann sein, die Strecke in der k\u00fcrzesten Zeit zu bew\u00e4ltigen, K\u00e4mpfe mit Gegnern zu gewinnen, Stunts auszuf\u00fchren oder bestimmte Ergebnisse im Mehrspielermodus zu erzielen. Das Spiel bietet in der Regel eine Vielzahl von Strecken und Levels, die jeweils einzigartige Herausforderungen darstellen. Auf der Jet X-Website kannst du dich mit allen vertraut machen. Die Spieler k\u00f6nnen ihre Flugmaschinen aufpumpen, um erfolgreichere Strecken zu bew\u00e4ltigen.   <\/p>\n\n<p>Die Spieler steuern die fliegenden Fahrzeuge je nach Plattform mit der Tastatur, dem Joystick, dem Gamepad oder dem Touchscreen. Zu den Steuerelementen geh\u00f6ren Richtungswechsel, Geschwindigkeitsanpassung und das Ausf\u00fchren von Stunts. Durch das Ausf\u00fchren von Stunts k\u00f6nnen Boni wie Beschleunigung oder Extrapunkte erzielt werden.  <\/p>\n\n<p>In einigen Spielmodi k\u00f6nnen die Spieler mit den Waffen ihrer Fahrzeuge gegen ihre Gegner k\u00e4mpfen. Zu den Waffen k\u00f6nnen Raketen, Laser und andere Angriffs- oder Verteidigungsmittel geh\u00f6ren. Informiere dich \u00fcber die Strategie und die Bewertungen von Jet X, bevor du das Spiel startest.  <\/p>\n\n<h2 class=\"wp-block-heading\">Promo-Codes<\/h2>\n\n<p>Promo-Codes werden in der Regel von den Entwicklern des Spiels oder der Plattform, auf der es vertrieben wird, bereitgestellt. Sie sind spezielle Boni oder Chips f\u00fcr Spieler, um ihre Gewinnchancen zu erh\u00f6hen. Promo-Codes k\u00f6nnen auf mehreren Ressourcen gefunden werden:  <\/p>\n\n<ul>\n<li>Offizielle Website.<\/li>\n\n\n\n<li>Soziale Medien.<\/li>\n\n\n\n<li>Foren und Gemeinschaften.<\/li>\n\n\n\n<li>Newsletters.<\/li>\n\n\n\n<li>Partner und F\u00f6rderer.<\/li>\n<\/ul>\n\n<h2 class=\"wp-block-heading\">Testimonials<\/h2>\n\n<p>Hier sind ein paar Nutzerbewertungen des beliebten Spiels:<\/p>\n","protected":false},"excerpt":{"rendered":"<p>Willkommen in der Zukunft der Adrenalin-Rennen, in der Welt von Jet X Spiel, das Sie kostenlos herunterladen k\u00f6nnen! Dies ist ein spannendes offizielles Arcade-Abenteuer f\u00fcr Android, in dem sich Geschwindigkeit, H\u00f6he und unglaubliche Stunts in einem m\u00e4chtigen Fluss vereinen. Steigen Sie in das Cockpit einer fortschrittlichen Flugmaschine und bereiten Sie sich auf eine Verfolgungsjagd vor, [&hellip;]<\/p>\n","protected":false},"author":2,"featured_media":0,"parent":0,"menu_order":0,"comment_status":"open","ping_status":"closed","template":"","meta":{"footnotes":""},"yoast_head":"<!-- This site is optimized with the Yoast SEO plugin v21.7 - https:\/\/yoast.com\/wordpress\/plugins\/seo\/ -->\n<title>Jet X Casino Spiel, herunterladen<\/title>\n<meta name=\"description\" content=\"Tauchen Sie ein in die aufregende Welt der Hochgeschwindigkeitsrennen mit Jet X, einem einzigartigen und spannenden Arcade-Erlebnis f\u00fcr die Zukunft. Lesen Sie die Regeln sorgf\u00e4ltig durch und setzen Sie sich bald hinter das Steuer. Interessante Abenteuer und eine gute Zeit warten auf Sie.\" \/>\n<meta name=\"robots\" content=\"index, follow, max-snippet:-1, max-image-preview:large, max-video-preview:-1\" \/>\n<link rel=\"canonical\" href=\"https:\/\/aviator-crash.org\/de\/jet-x\/\" \/>\n<meta property=\"og:locale\" content=\"de_DE\" \/>\n<meta property=\"og:type\" content=\"article\" \/>\n<meta property=\"og:title\" content=\"Jet X Casino Spiel, herunterladen\" \/>\n<meta property=\"og:description\" content=\"Tauchen Sie ein in die aufregende Welt der Hochgeschwindigkeitsrennen mit Jet X, einem einzigartigen und spannenden Arcade-Erlebnis f\u00fcr die Zukunft. Lesen Sie die Regeln sorgf\u00e4ltig durch und setzen Sie sich bald hinter das Steuer. Interessante Abenteuer und eine gute Zeit warten auf Sie.\" \/>\n<meta property=\"og:url\" content=\"https:\/\/aviator-crash.org\/de\/jet-x\/\" \/>\n<meta property=\"article:modified_time\" content=\"2024-01-25T20:57:14+00:00\" \/>\n<meta property=\"og:image\" content=\"https:\/\/aviator-crash.org\/wp-content\/uploads\/2024\/01\/how-to-play-jet-x-game-on-my-cell-phone-1200x675-1-1024x576-1.webp\" \/>\n<meta name=\"twitter:card\" content=\"summary_large_image\" \/>\n<meta name=\"twitter:label1\" content=\"Est. reading time\" \/>\n\t<meta name=\"twitter:data1\" content=\"6 Minuten\" \/>\n<script type=\"application\/ld+json\" class=\"yoast-schema-graph\">{\"@context\":\"https:\/\/schema.org\",\"@graph\":[{\"@type\":\"WebPage\",\"@id\":\"https:\/\/aviator-crash.org\/de\/jet-x\/\",\"url\":\"https:\/\/aviator-crash.org\/de\/jet-x\/\",\"name\":\"Jet X Casino Spiel, herunterladen\",\"isPartOf\":{\"@id\":\"https:\/\/aviator-crash.org\/de\/#website\"},\"datePublished\":\"2023-12-27T19:33:16+00:00\",\"dateModified\":\"2024-01-25T20:57:14+00:00\",\"description\":\"Tauchen Sie ein in die aufregende Welt der Hochgeschwindigkeitsrennen mit Jet X, einem einzigartigen und spannenden Arcade-Erlebnis f\u00fcr die Zukunft. Lesen Sie die Regeln sorgf\u00e4ltig durch und setzen Sie sich bald hinter das Steuer. Interessante Abenteuer und eine gute Zeit warten auf Sie.\",\"breadcrumb\":{\"@id\":\"https:\/\/aviator-crash.org\/de\/jet-x\/#breadcrumb\"},\"inLanguage\":\"de-DE\",\"potentialAction\":[{\"@type\":\"ReadAction\",\"target\":[\"https:\/\/aviator-crash.org\/de\/jet-x\/\"]}]},{\"@type\":\"BreadcrumbList\",\"@id\":\"https:\/\/aviator-crash.org\/de\/jet-x\/#breadcrumb\",\"itemListElement\":[{\"@type\":\"ListItem\",\"position\":1,\"name\":\"Home\",\"item\":\"https:\/\/aviator-crash.org\/de\/\"},{\"@type\":\"ListItem\",\"position\":2,\"name\":\"Jet X\"}]},{\"@type\":\"WebSite\",\"@id\":\"https:\/\/aviator-crash.org\/de\/#website\",\"url\":\"https:\/\/aviator-crash.org\/de\/\",\"name\":\"\",\"description\":\"\",\"potentialAction\":[{\"@type\":\"SearchAction\",\"target\":{\"@type\":\"EntryPoint\",\"urlTemplate\":\"https:\/\/aviator-crash.org\/de\/?s={search_term_string}\"},\"query-input\":\"required name=search_term_string\"}],\"inLanguage\":\"de-DE\"}]}<\/script>\n<!-- \/ Yoast SEO plugin. -->","yoast_head_json":{"title":"Jet X Casino Spiel, herunterladen","description":"Tauchen Sie ein in die aufregende Welt der Hochgeschwindigkeitsrennen mit Jet X, einem einzigartigen und spannenden Arcade-Erlebnis f\u00fcr die Zukunft. Lesen Sie die Regeln sorgf\u00e4ltig durch und setzen Sie sich bald hinter das Steuer. Interessante Abenteuer und eine gute Zeit warten auf Sie.","robots":{"index":"index","follow":"follow","max-snippet":"max-snippet:-1","max-image-preview":"max-image-preview:large","max-video-preview":"max-video-preview:-1"},"canonical":"https:\/\/aviator-crash.org\/de\/jet-x\/","og_locale":"de_DE","og_type":"article","og_title":"Jet X Casino Spiel, herunterladen","og_description":"Tauchen Sie ein in die aufregende Welt der Hochgeschwindigkeitsrennen mit Jet X, einem einzigartigen und spannenden Arcade-Erlebnis f\u00fcr die Zukunft. Lesen Sie die Regeln sorgf\u00e4ltig durch und setzen Sie sich bald hinter das Steuer. Interessante Abenteuer und eine gute Zeit warten auf Sie.","og_url":"https:\/\/aviator-crash.org\/de\/jet-x\/","article_modified_time":"2024-01-25T20:57:14+00:00","og_image":[{"url":"https:\/\/aviator-crash.org\/wp-content\/uploads\/2024\/01\/how-to-play-jet-x-game-on-my-cell-phone-1200x675-1-1024x576-1.webp"}],"twitter_card":"summary_large_image","twitter_misc":{"Est. reading time":"6 Minuten"},"schema":{"@context":"https:\/\/schema.org","@graph":[{"@type":"WebPage","@id":"https:\/\/aviator-crash.org\/de\/jet-x\/","url":"https:\/\/aviator-crash.org\/de\/jet-x\/","name":"Jet X Casino Spiel, herunterladen","isPartOf":{"@id":"https:\/\/aviator-crash.org\/de\/#website"},"datePublished":"2023-12-27T19:33:16+00:00","dateModified":"2024-01-25T20:57:14+00:00","description":"Tauchen Sie ein in die aufregende Welt der Hochgeschwindigkeitsrennen mit Jet X, einem einzigartigen und spannenden Arcade-Erlebnis f\u00fcr die Zukunft. Lesen Sie die Regeln sorgf\u00e4ltig durch und setzen Sie sich bald hinter das Steuer. Interessante Abenteuer und eine gute Zeit warten auf Sie.","breadcrumb":{"@id":"https:\/\/aviator-crash.org\/de\/jet-x\/#breadcrumb"},"inLanguage":"de-DE","potentialAction":[{"@type":"ReadAction","target":["https:\/\/aviator-crash.org\/de\/jet-x\/"]}]},{"@type":"BreadcrumbList","@id":"https:\/\/aviator-crash.org\/de\/jet-x\/#breadcrumb","itemListElement":[{"@type":"ListItem","position":1,"name":"Home","item":"https:\/\/aviator-crash.org\/de\/"},{"@type":"ListItem","position":2,"name":"Jet X"}]},{"@type":"WebSite","@id":"https:\/\/aviator-crash.org\/de\/#website","url":"https:\/\/aviator-crash.org\/de\/","name":"","description":"","potentialAction":[{"@type":"SearchAction","target":{"@type":"EntryPoint","urlTemplate":"https:\/\/aviator-crash.org\/de\/?s={search_term_string}"},"query-input":"required name=search_term_string"}],"inLanguage":"de-DE"}]}},"_links":{"self":[{"href":"https:\/\/aviator-crash.org\/de\/wp-json\/wp\/v2\/pages\/800"}],"collection":[{"href":"https:\/\/aviator-crash.org\/de\/wp-json\/wp\/v2\/pages"}],"about":[{"href":"https:\/\/aviator-crash.org\/de\/wp-json\/wp\/v2\/types\/page"}],"author":[{"embeddable":true,"href":"https:\/\/aviator-crash.org\/de\/wp-json\/wp\/v2\/users\/2"}],"replies":[{"embeddable":true,"href":"https:\/\/aviator-crash.org\/de\/wp-json\/wp\/v2\/comments?post=800"}],"version-history":[{"count":1,"href":"https:\/\/aviator-crash.org\/de\/wp-json\/wp\/v2\/pages\/800\/revisions"}],"predecessor-version":[{"id":802,"href":"https:\/\/aviator-crash.org\/de\/wp-json\/wp\/v2\/pages\/800\/revisions\/802"}],"wp:attachment":[{"href":"https:\/\/aviator-crash.org\/de\/wp-json\/wp\/v2\/media?parent=800"}],"curies":[{"name":"wp","href":"https:\/\/api.w.org\/{rel}","templated":true}]}}