{"id":806,"date":"2023-12-27T19:26:44","date_gmt":"2023-12-27T19:26:44","guid":{"rendered":"https:\/\/aviator-crash.org\/lucky-jet-1win-herunterladen\/"},"modified":"2024-01-25T20:58:59","modified_gmt":"2024-01-25T20:58:59","slug":"lucky-jet-1win-herunterladen","status":"publish","type":"page","link":"https:\/\/aviator-crash.org\/de\/lucky-jet-1win-herunterladen\/","title":{"rendered":"Lucky Jet 1win herunterladen"},"content":{"rendered":"\n<figure class=\"wp-block-gallery has-nested-images columns-default is-cropped wp-block-gallery-1 is-layout-flex wp-block-gallery-is-layout-flex\">\n<figure class=\"wp-block-image size-large\"><span itemprop=\"image\" itemscope itemtype=\"https:\/\/schema.org\/ImageObject\"><img itemprop=\"url image\" loading=\"lazy\" decoding=\"async\" width=\"880\" height=\"500\" data-id=\"478\" src=\"https:\/\/aviator-crash.org\/wp-content\/uploads\/2024\/01\/lucky_jet_game-casino_yl6vvw.webp\" alt=\"\" class=\"wp-image-478\" srcset=\"https:\/\/aviator-crash.org\/wp-content\/uploads\/2024\/01\/lucky_jet_game-casino_yl6vvw.webp 880w, https:\/\/aviator-crash.org\/wp-content\/uploads\/2024\/01\/lucky_jet_game-casino_yl6vvw-300x170.webp 300w, https:\/\/aviator-crash.org\/wp-content\/uploads\/2024\/01\/lucky_jet_game-casino_yl6vvw-768x436.webp 768w\" sizes=\"(max-width: 880px) 100vw, 880px\" \/><meta itemprop=\"width\" content=\"880\"><meta itemprop=\"height\" content=\"500\"><\/span><\/figure>\n<\/figure>\n\n<p>Virtuose Fliegerei, spielerische Momente und der grenzenlose Weltraum treffen in dem spannenden Abenteuer Lucky Jet 1win aufeinander. Dieses aufregende 1win-Spiel entf\u00fchrt die Spieler in eine einzigartige Welt voller Spannung und Abenteuer, in der jedes Man\u00f6ver der Schl\u00fcssel zum Sieg sein kann. <\/p>\n\n<p>Lucky Jet 1win ist nicht nur ein Android-Spiel, es ist eine Gelegenheit, in die aufregende Welt der Gl\u00fccksspiele Schlachten, wo jeder Moment kann das Blatt wenden zu tauchen. Laden Sie die offizielle Anwendung Lucky Jet Spiel k\u00f6nnen Sie auf der Website Onewin. In Ihrem pers\u00f6nlichen Konto k\u00f6nnen Sie Ihre Belohnungen sammeln, k\u00e4mpfen und sich mit Ihren Freunden messen. Die Lucky Jet 1win App kann kostenlos heruntergeladen werden.   <\/p>\n\n<h2 class=\"wp-block-heading\">Der Vorteil des Online-Spiels Lucky Jet<\/h2>\n\n<p>Diese Anwendung ist ein spannendes Online-Spiel mit vielen Vorteilen:<\/p>\n\n<ul>\n<li>Interessantes Gameplay. Die Spieler k\u00f6nnen Hightech-Schlachten im Weltraum genie\u00dfen, indem sie in ihren Flugmaschinen abheben. <\/li>\n\n\n\n<li>Viele spannende Missionen.<\/li>\n\n\n\n<li>Multiplayer-Modus. Einer der Hauptvorteile ist die M\u00f6glichkeit, online mit anderen Spielern zu spielen. Die Bewertungen von Lucky Jet 1win zu diesem Modus sind \u00e4u\u00dferst positiv, da die Spieler mit Freunden oder anderen Spielern k\u00e4mpfen, konkurrieren und kooperieren k\u00f6nnen, was einen sozialen Aspekt und ein dynamisches Spielerlebnis bietet.  <\/li>\n\n\n\n<li>Anpassung der Flugmaschinen. Die Spieler haben die M\u00f6glichkeit, ihre Flugmaschinen individuell zu gestalten und zu verbessern. Dies erm\u00f6glicht eine individuelle Herangehensweise an das Spiel und erlaubt es jedem Spieler, seinen eigenen Stil und seine eigene Strategie zu entwickeln.  <\/li>\n\n\n\n<li>Optisch ansprechendes Design. Das Spiel 1win Lucky Jet besticht durch eine beeindruckende Grafik und ein ansprechendes Design, das die Spielwelt farbenfroh und visuell ansprechend gestaltet. <\/li>\n\n\n\n<li>Regelm\u00e4\u00dfige Aktualisierungen.<\/li>\n<\/ul>\n\n<p>Mit diesen Vorteilen im Hinterkopf bietet Lucky Jet ein fesselndes Spielerlebnis, das Elemente von dynamischer Action, sozialer Interaktion und strategischem Denken miteinander verbindet.<\/p>\n\n<h2 class=\"wp-block-heading\">Wie man Lucky Jet spielt<\/h2>\n\n<p>Die Spieler beginnen mit der Erstellung eines Kontos, falls erforderlich, und der Auswahl ihres Flugzeugs. Es k\u00f6nnen Tutorials angeboten werden, um die Spieler mit der Steuerung und den Grundlagen des Spiels vertraut zu machen. Das Spiel mit oder ohne 1win Lucky Jet-Gutscheine f\u00fcr Gratiswetten kann verschiedene Missionen, Aufgaben oder Ziele beinhalten, die die Spieler erf\u00fcllen m\u00fcssen, um voranzukommen und Ressourcen zu verdienen.  <\/p>\n\n<p>Am Steuer eines Hightech-Flugzeugs nehmen Sie den Kampf gegen gef\u00e4hrliche Gegner auf, entwickeln Ihre F\u00e4higkeiten und sammeln einzigartige Belohnungen. Fesselnde Missionen, atemberaubende Weltraumlandschaften und unvorhersehbare Begegnungen erwarten Sie auf Ihrem Weg zum Sieg. <\/p>\n\n<p>Bei den K\u00e4mpfen in Lucky Jet werden in der Regel verschiedene Man\u00f6ver, Waffen und taktische L\u00f6sungen eingesetzt, um die Gegner zu besiegen. Die Spieler k\u00f6nnen gegen Computergegner antreten oder sich mit anderen Spielern in Multiplayer-Schlachten messen. <\/p>\n\n<p>Wenn Sie eine tolle Zeit haben wollen, dann sollten Sie unbedingt Lucky Jet 1win auf Ihr Ger\u00e4t herunterladen. Danach haben Sie die M\u00f6glichkeit, eine dynamische und spielerische Erfahrung in Weltraumschlachten zu genie\u00dfen und Ihre F\u00e4higkeiten, Strategien und Fertigkeiten einzusetzen, um den Sieg zu erringen. <\/p>\n\n<h2 class=\"wp-block-heading\">Wie man bei Lucky Jet gewinnt<\/h2>\n\n<p>Das Gewinnen kann von mehreren Faktoren abh\u00e4ngen, und es ist wichtig, dass Sie bei Lucky Jet 1win eine Strategie entwickeln und Ihre F\u00e4higkeiten verbessern, um im Spiel erfolgreich zu sein. Hier sind einige Tipps, die Ihnen helfen k\u00f6nnen, bei Lucky Jet erfolgreich zu sein: <\/p>\n\n<ul>\n<li>Machen Sie sich mit der Steuerung vertraut. Lernen Sie die Steuerung eines fliegenden Fahrzeugs. Wenn Sie alle verf\u00fcgbaren Man\u00f6ver und Befehle kennen, k\u00f6nnen Sie im Kampf effektiv steuern.  <\/li>\n\n\n\n<li>Nehmen Sie an einem Trainingskurs in One Win Lucky Jet teil. So lernen Sie die Grundlagen des Spiels und verschiedene Taktiken kennen. <\/li>\n\n\n\n<li>W\u00e4hlen Sie das passende Flugzeug. Einige k\u00f6nnen besser angreifen, w\u00e4hrend andere besser ausweichen k\u00f6nnen. <\/li>\n\n\n\n<li>Entwickle dein Ger\u00e4t. Verbessere dein Flugger\u00e4t mit den im Spiel verdienten Ressourcen. Das erh\u00f6ht deine Chancen in den K\u00e4mpfen und macht dich wettbewerbsf\u00e4higer.  <\/li>\n\n\n\n<li>Entwickeln Sie f\u00fcr jeden Kampf eine Lucky Jet 1Win-Strategie.<\/li>\n<\/ul>\n\n<p>Nutzen Sie die Umgebung zu Ihrem Vorteil, weichen Sie Angriffen aus und suchen Sie nach Schwachstellen bei Ihren Gegnern. Am besten ist es, eine Strategie mit geringen Gewinnchancen zu bevorzugen, um einen effektiven Sieg zu erringen. <\/p>\n\n<p>Denken Sie daran, dass jedes Spiel seine eigene Dynamik haben kann, also experimentieren Sie, passen Sie sich an und genie\u00dfen Sie den Prozess der Verbesserung Ihrer Spielf\u00e4higkeiten bei Lucky Jet.<\/p>\n\n<h2 class=\"wp-block-heading\">Lucky Jet Spielregeln<\/h2>\n\n<p>Ein weiterer Vorteil dieses Spiels ist die Einfachheit und Zug\u00e4nglichkeit der Regeln. Es gibt hier mehrere Runden, deren Hauptziel es ist, Ihre Eins\u00e4tze rechtzeitig zu platzieren. Lucky Jet 1win Bewertungen sind der Beweis, dass hier nicht alles so einfach ist, wie es scheint. Es ist wichtig, den Betrag rechtzeitig zu setzen, sonst kann es brennen. Wollen Sie ein Risiko eingehen oder auf einen g\u00fcnstigeren Zeitpunkt warten? Es h\u00e4ngt alles nur von Ihnen ab.     <\/p>\n\n<h2 class=\"wp-block-heading\">Gutscheine<\/h2>\n\n<p>Lucky Jet-Gutscheine sind spezielle Codes, die Spieler im Spiel eingeben k\u00f6nnen, um Boni, Ressourcen oder andere Vorteile zu erhalten. Sie k\u00f6nnen sich mit ihnen auf der 1Win-Website vertraut machen. Sie werden regelm\u00e4\u00dfig erscheinen und die Spieler mit neuen M\u00f6glichkeiten und g\u00fcnstigeren Angeboten erfreuen.  <\/p>\n\n<h2 class=\"wp-block-heading\">Testimonials<\/h2>\n\n<p>Hier sind einige Nutzerbewertungen:<\/p>\n\n<p><\/p>\n","protected":false},"excerpt":{"rendered":"<p>Virtuose Fliegerei, spielerische Momente und der grenzenlose Weltraum treffen in dem spannenden Abenteuer Lucky Jet 1win aufeinander. Dieses aufregende 1win-Spiel entf\u00fchrt die Spieler in eine einzigartige Welt voller Spannung und Abenteuer, in der jedes Man\u00f6ver der Schl\u00fcssel zum Sieg sein kann. Lucky Jet 1win ist nicht nur ein Android-Spiel, es ist eine Gelegenheit, in die [&hellip;]<\/p>\n","protected":false},"author":2,"featured_media":0,"parent":0,"menu_order":0,"comment_status":"open","ping_status":"closed","template":"","meta":{"footnotes":""},"yoast_head":"<!-- This site is optimized with the Yoast SEO plugin v21.7 - https:\/\/yoast.com\/wordpress\/plugins\/seo\/ -->\n<title>Lucky Jet Spiel bei 1win casino, herunterladen<\/title>\n<meta name=\"description\" content=\"Ein \u00dcberblick \u00fcber das international beliebte Spiel Lucky Jet im 1win Casino, das Ihnen eine echte Chance bietet, gutes Geld zu verdienen. Machen Sie sich mit den wichtigsten Funktionen, Vorteilen und Regeln des Spiels vertraut. Starten Sie es und holen Sie sich Ihre Gewinne!\" \/>\n<meta name=\"robots\" content=\"index, follow, max-snippet:-1, max-image-preview:large, max-video-preview:-1\" \/>\n<link rel=\"canonical\" href=\"https:\/\/aviator-crash.org\/de\/lucky-jet-1win-herunterladen\/\" \/>\n<meta property=\"og:locale\" content=\"de_DE\" \/>\n<meta property=\"og:type\" content=\"article\" \/>\n<meta property=\"og:title\" content=\"Lucky Jet Spiel bei 1win casino, herunterladen\" \/>\n<meta property=\"og:description\" content=\"Ein \u00dcberblick \u00fcber das international beliebte Spiel Lucky Jet im 1win Casino, das Ihnen eine echte Chance bietet, gutes Geld zu verdienen. Machen Sie sich mit den wichtigsten Funktionen, Vorteilen und Regeln des Spiels vertraut. Starten Sie es und holen Sie sich Ihre Gewinne!\" \/>\n<meta property=\"og:url\" content=\"https:\/\/aviator-crash.org\/de\/lucky-jet-1win-herunterladen\/\" \/>\n<meta property=\"article:modified_time\" content=\"2024-01-25T20:58:59+00:00\" \/>\n<meta property=\"og:image\" content=\"https:\/\/aviator-crash.org\/wp-content\/uploads\/2024\/01\/lucky_jet_game-casino_yl6vvw.webp\" \/>\n<meta name=\"twitter:card\" content=\"summary_large_image\" \/>\n<meta name=\"twitter:label1\" content=\"Est. reading time\" \/>\n\t<meta name=\"twitter:data1\" content=\"4 Minuten\" \/>\n<script type=\"application\/ld+json\" class=\"yoast-schema-graph\">{\"@context\":\"https:\/\/schema.org\",\"@graph\":[{\"@type\":\"WebPage\",\"@id\":\"https:\/\/aviator-crash.org\/de\/lucky-jet-1win-herunterladen\/\",\"url\":\"https:\/\/aviator-crash.org\/de\/lucky-jet-1win-herunterladen\/\",\"name\":\"Lucky Jet Spiel bei 1win casino, herunterladen\",\"isPartOf\":{\"@id\":\"https:\/\/aviator-crash.org\/de\/#website\"},\"datePublished\":\"2023-12-27T19:26:44+00:00\",\"dateModified\":\"2024-01-25T20:58:59+00:00\",\"description\":\"Ein \u00dcberblick \u00fcber das international beliebte Spiel Lucky Jet im 1win Casino, das Ihnen eine echte Chance bietet, gutes Geld zu verdienen. Machen Sie sich mit den wichtigsten Funktionen, Vorteilen und Regeln des Spiels vertraut. Starten Sie es und holen Sie sich Ihre Gewinne!\",\"breadcrumb\":{\"@id\":\"https:\/\/aviator-crash.org\/de\/lucky-jet-1win-herunterladen\/#breadcrumb\"},\"inLanguage\":\"de-DE\",\"potentialAction\":[{\"@type\":\"ReadAction\",\"target\":[\"https:\/\/aviator-crash.org\/de\/lucky-jet-1win-herunterladen\/\"]}]},{\"@type\":\"BreadcrumbList\",\"@id\":\"https:\/\/aviator-crash.org\/de\/lucky-jet-1win-herunterladen\/#breadcrumb\",\"itemListElement\":[{\"@type\":\"ListItem\",\"position\":1,\"name\":\"Home\",\"item\":\"https:\/\/aviator-crash.org\/de\/\"},{\"@type\":\"ListItem\",\"position\":2,\"name\":\"Lucky Jet 1win herunterladen\"}]},{\"@type\":\"WebSite\",\"@id\":\"https:\/\/aviator-crash.org\/de\/#website\",\"url\":\"https:\/\/aviator-crash.org\/de\/\",\"name\":\"\",\"description\":\"\",\"potentialAction\":[{\"@type\":\"SearchAction\",\"target\":{\"@type\":\"EntryPoint\",\"urlTemplate\":\"https:\/\/aviator-crash.org\/de\/?s={search_term_string}\"},\"query-input\":\"required name=search_term_string\"}],\"inLanguage\":\"de-DE\"}]}<\/script>\n<!-- \/ Yoast SEO plugin. -->","yoast_head_json":{"title":"Lucky Jet Spiel bei 1win casino, herunterladen","description":"Ein \u00dcberblick \u00fcber das international beliebte Spiel Lucky Jet im 1win Casino, das Ihnen eine echte Chance bietet, gutes Geld zu verdienen. Machen Sie sich mit den wichtigsten Funktionen, Vorteilen und Regeln des Spiels vertraut. Starten Sie es und holen Sie sich Ihre Gewinne!","robots":{"index":"index","follow":"follow","max-snippet":"max-snippet:-1","max-image-preview":"max-image-preview:large","max-video-preview":"max-video-preview:-1"},"canonical":"https:\/\/aviator-crash.org\/de\/lucky-jet-1win-herunterladen\/","og_locale":"de_DE","og_type":"article","og_title":"Lucky Jet Spiel bei 1win casino, herunterladen","og_description":"Ein \u00dcberblick \u00fcber das international beliebte Spiel Lucky Jet im 1win Casino, das Ihnen eine echte Chance bietet, gutes Geld zu verdienen. Machen Sie sich mit den wichtigsten Funktionen, Vorteilen und Regeln des Spiels vertraut. Starten Sie es und holen Sie sich Ihre Gewinne!","og_url":"https:\/\/aviator-crash.org\/de\/lucky-jet-1win-herunterladen\/","article_modified_time":"2024-01-25T20:58:59+00:00","og_image":[{"url":"https:\/\/aviator-crash.org\/wp-content\/uploads\/2024\/01\/lucky_jet_game-casino_yl6vvw.webp"}],"twitter_card":"summary_large_image","twitter_misc":{"Est. reading time":"4 Minuten"},"schema":{"@context":"https:\/\/schema.org","@graph":[{"@type":"WebPage","@id":"https:\/\/aviator-crash.org\/de\/lucky-jet-1win-herunterladen\/","url":"https:\/\/aviator-crash.org\/de\/lucky-jet-1win-herunterladen\/","name":"Lucky Jet Spiel bei 1win casino, herunterladen","isPartOf":{"@id":"https:\/\/aviator-crash.org\/de\/#website"},"datePublished":"2023-12-27T19:26:44+00:00","dateModified":"2024-01-25T20:58:59+00:00","description":"Ein \u00dcberblick \u00fcber das international beliebte Spiel Lucky Jet im 1win Casino, das Ihnen eine echte Chance bietet, gutes Geld zu verdienen. Machen Sie sich mit den wichtigsten Funktionen, Vorteilen und Regeln des Spiels vertraut. Starten Sie es und holen Sie sich Ihre Gewinne!","breadcrumb":{"@id":"https:\/\/aviator-crash.org\/de\/lucky-jet-1win-herunterladen\/#breadcrumb"},"inLanguage":"de-DE","potentialAction":[{"@type":"ReadAction","target":["https:\/\/aviator-crash.org\/de\/lucky-jet-1win-herunterladen\/"]}]},{"@type":"BreadcrumbList","@id":"https:\/\/aviator-crash.org\/de\/lucky-jet-1win-herunterladen\/#breadcrumb","itemListElement":[{"@type":"ListItem","position":1,"name":"Home","item":"https:\/\/aviator-crash.org\/de\/"},{"@type":"ListItem","position":2,"name":"Lucky Jet 1win herunterladen"}]},{"@type":"WebSite","@id":"https:\/\/aviator-crash.org\/de\/#website","url":"https:\/\/aviator-crash.org\/de\/","name":"","description":"","potentialAction":[{"@type":"SearchAction","target":{"@type":"EntryPoint","urlTemplate":"https:\/\/aviator-crash.org\/de\/?s={search_term_string}"},"query-input":"required name=search_term_string"}],"inLanguage":"de-DE"}]}},"_links":{"self":[{"href":"https:\/\/aviator-crash.org\/de\/wp-json\/wp\/v2\/pages\/806"}],"collection":[{"href":"https:\/\/aviator-crash.org\/de\/wp-json\/wp\/v2\/pages"}],"about":[{"href":"https:\/\/aviator-crash.org\/de\/wp-json\/wp\/v2\/types\/page"}],"author":[{"embeddable":true,"href":"https:\/\/aviator-crash.org\/de\/wp-json\/wp\/v2\/users\/2"}],"replies":[{"embeddable":true,"href":"https:\/\/aviator-crash.org\/de\/wp-json\/wp\/v2\/comments?post=806"}],"version-history":[{"count":1,"href":"https:\/\/aviator-crash.org\/de\/wp-json\/wp\/v2\/pages\/806\/revisions"}],"predecessor-version":[{"id":808,"href":"https:\/\/aviator-crash.org\/de\/wp-json\/wp\/v2\/pages\/806\/revisions\/808"}],"wp:attachment":[{"href":"https:\/\/aviator-crash.org\/de\/wp-json\/wp\/v2\/media?parent=806"}],"curies":[{"name":"wp","href":"https:\/\/api.w.org\/{rel}","templated":true}]}}