{"id":1151,"date":"2023-12-22T18:32:01","date_gmt":"2023-12-22T18:32:01","guid":{"rendered":"https:\/\/aviator-crash.org\/aviator-game-reviews\/"},"modified":"2024-02-02T14:19:10","modified_gmt":"2024-02-02T14:19:10","slug":"aviator-game-reviews","status":"publish","type":"page","link":"https:\/\/aviator-crash.org\/es\/aviator-game-reviews\/","title":{"rendered":"Aviator Game Reviews"},"content":{"rendered":"\n<p>Aviator es, con diferencia, uno de los juegos en l\u00ednea m\u00e1s populares. Es por eso que cada vez m\u00e1s a menudo en el motor de b\u00fasqueda aparecen solicitudes relativas a los comentarios sobre el juego Aviator for money de los que ya han logrado probarlo y averiguar c\u00f3mo de reales son las posibilidades de ganar en \u00e9l.  <\/p>\n\n<h2 class=\"wp-block-heading\">Nuestra opini\u00f3n sobre el juego Aviator<\/h2>\n\n<p>El juego de choque Aviator es sin duda el mejor desarrollo de Spribe. Es \u00fanico, interesante, emocionante, capaz de provocar una oleada de sensaciones agradables en los amantes del juego. Una gran ventaja es la naturaleza a corto plazo de las rondas &#8211; s\u00f3lo unos segundos de tensi\u00f3n, y el jugador puede convertirse en ganador, multiplicando su apuesta (10, 20, o tal vez 50 veces). Lo principal es conseguir retirar el dinero antes de que el avi\u00f3n se estrelle, pero hay que hacerlo con las m\u00e1ximas probabilidades.  <\/p>\n\n<p>Este juego garantiza una oleada de emociones incluso para los aficionados al juego m\u00e1s sofisticados. Conscientes de ello, muchos casinos en l\u00ednea ofrecen este tipo de m\u00e1quinas: 1win, Pin Up, 1Xbet. La tragaperras tiene unos gr\u00e1ficos, una claridad y unos efectos de sonido de primera. Este juego tambi\u00e9n nos parece fascinante y, en nuestra opini\u00f3n, merece ser jugado.  <\/p>\n\n<h2 class=\"wp-block-heading\">Opiniones de usuarios sobre el juego Aviator<\/h2>\n\n<p>Hay diferentes rese\u00f1as de Aviator Crash Game por jugadores reales en Internet. Algunos la admiran, otros la reprenden por su imprevisibilidad, sus riesgos y la imposibilidad de hacer una estrategia 100% ganadora. Sin embargo, a menudo eso es precisamente lo bueno de los juegos de azar.  <\/p>\n\n<p>Le invitamos a sacar sus propias conclusiones. Prueba este juego y comparte tu opini\u00f3n dejando un comentario a continuaci\u00f3n.  <\/p>\n","protected":false},"excerpt":{"rendered":"<p>Aviator es, con diferencia, uno de los juegos en l\u00ednea m\u00e1s populares. Es por eso que cada vez m\u00e1s a menudo en el motor de b\u00fasqueda aparecen solicitudes relativas a los comentarios sobre el juego Aviator for money de los que ya han logrado probarlo y averiguar c\u00f3mo de reales son las posibilidades de ganar [&hellip;]<\/p>\n","protected":false},"author":2,"featured_media":0,"parent":0,"menu_order":0,"comment_status":"open","ping_status":"closed","template":"","meta":{"footnotes":""},"yoast_head":"<!-- This site is optimized with the Yoast SEO plugin v21.7 - https:\/\/yoast.com\/wordpress\/plugins\/seo\/ -->\n<title>Opiniones de jugadores sobre el juego Aviator<\/title>\n<meta name=\"description\" content=\"Los comentarios sobre el juego de choque Aviator jugadores reales le permitir\u00e1 conocer todos los pros y los contras del aparato. Reglas b\u00e1sicas del aut\u00f3mata y matices de la gesti\u00f3n.\" \/>\n<meta name=\"robots\" content=\"index, follow, max-snippet:-1, max-image-preview:large, max-video-preview:-1\" \/>\n<link rel=\"canonical\" href=\"https:\/\/aviator-crash.org\/es\/aviator-game-reviews\/\" \/>\n<meta property=\"og:locale\" content=\"es_ES\" \/>\n<meta property=\"og:type\" content=\"article\" \/>\n<meta property=\"og:title\" content=\"Opiniones de jugadores sobre el juego Aviator\" \/>\n<meta property=\"og:description\" content=\"Los comentarios sobre el juego de choque Aviator jugadores reales le permitir\u00e1 conocer todos los pros y los contras del aparato. Reglas b\u00e1sicas del aut\u00f3mata y matices de la gesti\u00f3n.\" \/>\n<meta property=\"og:url\" content=\"https:\/\/aviator-crash.org\/es\/aviator-game-reviews\/\" \/>\n<meta property=\"article:modified_time\" content=\"2024-02-02T14:19:10+00:00\" \/>\n<meta name=\"twitter:card\" content=\"summary_large_image\" \/>\n<meta name=\"twitter:label1\" content=\"Est. reading time\" \/>\n\t<meta name=\"twitter:data1\" content=\"1 minuto\" \/>\n<script type=\"application\/ld+json\" class=\"yoast-schema-graph\">{\"@context\":\"https:\/\/schema.org\",\"@graph\":[{\"@type\":\"WebPage\",\"@id\":\"https:\/\/aviator-crash.org\/es\/aviator-game-reviews\/\",\"url\":\"https:\/\/aviator-crash.org\/es\/aviator-game-reviews\/\",\"name\":\"Opiniones de jugadores sobre el juego Aviator\",\"isPartOf\":{\"@id\":\"https:\/\/aviator-crash.org\/es\/#website\"},\"datePublished\":\"2023-12-22T18:32:01+00:00\",\"dateModified\":\"2024-02-02T14:19:10+00:00\",\"description\":\"Los comentarios sobre el juego de choque Aviator jugadores reales le permitir\u00e1 conocer todos los pros y los contras del aparato. Reglas b\u00e1sicas del aut\u00f3mata y matices de la gesti\u00f3n.\",\"breadcrumb\":{\"@id\":\"https:\/\/aviator-crash.org\/es\/aviator-game-reviews\/#breadcrumb\"},\"inLanguage\":\"es\",\"potentialAction\":[{\"@type\":\"ReadAction\",\"target\":[\"https:\/\/aviator-crash.org\/es\/aviator-game-reviews\/\"]}]},{\"@type\":\"BreadcrumbList\",\"@id\":\"https:\/\/aviator-crash.org\/es\/aviator-game-reviews\/#breadcrumb\",\"itemListElement\":[{\"@type\":\"ListItem\",\"position\":1,\"name\":\"Home\",\"item\":\"https:\/\/aviator-crash.org\/es\/\"},{\"@type\":\"ListItem\",\"position\":2,\"name\":\"Aviator Game Reviews\"}]},{\"@type\":\"WebSite\",\"@id\":\"https:\/\/aviator-crash.org\/es\/#website\",\"url\":\"https:\/\/aviator-crash.org\/es\/\",\"name\":\"\",\"description\":\"\",\"potentialAction\":[{\"@type\":\"SearchAction\",\"target\":{\"@type\":\"EntryPoint\",\"urlTemplate\":\"https:\/\/aviator-crash.org\/es\/?s={search_term_string}\"},\"query-input\":\"required name=search_term_string\"}],\"inLanguage\":\"es\"}]}<\/script>\n<!-- \/ Yoast SEO plugin. -->","yoast_head_json":{"title":"Opiniones de jugadores sobre el juego Aviator","description":"Los comentarios sobre el juego de choque Aviator jugadores reales le permitir\u00e1 conocer todos los pros y los contras del aparato. Reglas b\u00e1sicas del aut\u00f3mata y matices de la gesti\u00f3n.","robots":{"index":"index","follow":"follow","max-snippet":"max-snippet:-1","max-image-preview":"max-image-preview:large","max-video-preview":"max-video-preview:-1"},"canonical":"https:\/\/aviator-crash.org\/es\/aviator-game-reviews\/","og_locale":"es_ES","og_type":"article","og_title":"Opiniones de jugadores sobre el juego Aviator","og_description":"Los comentarios sobre el juego de choque Aviator jugadores reales le permitir\u00e1 conocer todos los pros y los contras del aparato. Reglas b\u00e1sicas del aut\u00f3mata y matices de la gesti\u00f3n.","og_url":"https:\/\/aviator-crash.org\/es\/aviator-game-reviews\/","article_modified_time":"2024-02-02T14:19:10+00:00","twitter_card":"summary_large_image","twitter_misc":{"Est. reading time":"1 minuto"},"schema":{"@context":"https:\/\/schema.org","@graph":[{"@type":"WebPage","@id":"https:\/\/aviator-crash.org\/es\/aviator-game-reviews\/","url":"https:\/\/aviator-crash.org\/es\/aviator-game-reviews\/","name":"Opiniones de jugadores sobre el juego Aviator","isPartOf":{"@id":"https:\/\/aviator-crash.org\/es\/#website"},"datePublished":"2023-12-22T18:32:01+00:00","dateModified":"2024-02-02T14:19:10+00:00","description":"Los comentarios sobre el juego de choque Aviator jugadores reales le permitir\u00e1 conocer todos los pros y los contras del aparato. Reglas b\u00e1sicas del aut\u00f3mata y matices de la gesti\u00f3n.","breadcrumb":{"@id":"https:\/\/aviator-crash.org\/es\/aviator-game-reviews\/#breadcrumb"},"inLanguage":"es","potentialAction":[{"@type":"ReadAction","target":["https:\/\/aviator-crash.org\/es\/aviator-game-reviews\/"]}]},{"@type":"BreadcrumbList","@id":"https:\/\/aviator-crash.org\/es\/aviator-game-reviews\/#breadcrumb","itemListElement":[{"@type":"ListItem","position":1,"name":"Home","item":"https:\/\/aviator-crash.org\/es\/"},{"@type":"ListItem","position":2,"name":"Aviator Game Reviews"}]},{"@type":"WebSite","@id":"https:\/\/aviator-crash.org\/es\/#website","url":"https:\/\/aviator-crash.org\/es\/","name":"","description":"","potentialAction":[{"@type":"SearchAction","target":{"@type":"EntryPoint","urlTemplate":"https:\/\/aviator-crash.org\/es\/?s={search_term_string}"},"query-input":"required name=search_term_string"}],"inLanguage":"es"}]}},"_links":{"self":[{"href":"https:\/\/aviator-crash.org\/es\/wp-json\/wp\/v2\/pages\/1151"}],"collection":[{"href":"https:\/\/aviator-crash.org\/es\/wp-json\/wp\/v2\/pages"}],"about":[{"href":"https:\/\/aviator-crash.org\/es\/wp-json\/wp\/v2\/types\/page"}],"author":[{"embeddable":true,"href":"https:\/\/aviator-crash.org\/es\/wp-json\/wp\/v2\/users\/2"}],"replies":[{"embeddable":true,"href":"https:\/\/aviator-crash.org\/es\/wp-json\/wp\/v2\/comments?post=1151"}],"version-history":[{"count":3,"href":"https:\/\/aviator-crash.org\/es\/wp-json\/wp\/v2\/pages\/1151\/revisions"}],"predecessor-version":[{"id":1154,"href":"https:\/\/aviator-crash.org\/es\/wp-json\/wp\/v2\/pages\/1151\/revisions\/1154"}],"wp:attachment":[{"href":"https:\/\/aviator-crash.org\/es\/wp-json\/wp\/v2\/media?parent=1151"}],"curies":[{"name":"wp","href":"https:\/\/api.w.org\/{rel}","templated":true}]}}