{"id":1219,"date":"2023-12-27T19:12:26","date_gmt":"2023-12-27T19:12:26","guid":{"rendered":"https:\/\/aviator-crash.org\/juegos-de-dinero-rapido-en-linea-con-retirada\/"},"modified":"2024-02-02T14:49:55","modified_gmt":"2024-02-02T14:49:55","slug":"juegos-de-dinero-rapido-en-linea-con-retirada","status":"publish","type":"page","link":"https:\/\/aviator-crash.org\/es\/juegos-de-dinero-rapido-en-linea-con-retirada\/","title":{"rendered":"Juegos de dinero r\u00e1pido en l\u00ednea con retirada"},"content":{"rendered":"\n<figure class=\"wp-block-gallery has-nested-images columns-default is-cropped wp-block-gallery-1 is-layout-flex wp-block-gallery-is-layout-flex\">\n<figure class=\"wp-block-image size-large\"><span itemprop=\"image\" itemscope itemtype=\"https:\/\/schema.org\/ImageObject\"><img itemprop=\"url image\" loading=\"lazy\" decoding=\"async\" width=\"683\" height=\"600\" data-id=\"460\" src=\"https:\/\/aviator-crash.org\/wp-content\/uploads\/2024\/01\/aviator-minigame-logo-4.png\" alt=\"\" class=\"wp-image-460\" srcset=\"https:\/\/aviator-crash.org\/wp-content\/uploads\/2024\/01\/aviator-minigame-logo-4.png 683w, https:\/\/aviator-crash.org\/wp-content\/uploads\/2024\/01\/aviator-minigame-logo-4-300x264.png 300w\" sizes=\"(max-width: 683px) 100vw, 683px\" \/><meta itemprop=\"width\" content=\"683\"><meta itemprop=\"height\" content=\"600\"><\/span><\/figure>\n<\/figure>\n\n<p>El concepto de juegos Crash apareci\u00f3 a principios de la d\u00e9cada de 2000.\nSin embargo, en los \u00faltimos a\u00f1os se han hecho cada vez m\u00e1s populares.\nLos juegos para ganar dinero r\u00e1pido se presentan en casi todos los casinos en l\u00ednea.\nCada ronda es emocionante y llena de adrenalina.\nLos juegos r\u00e1pidos se caracterizan por una jugabilidad sencilla: el multiplicador aumenta, en consecuencia, las ganancias crecen, hay que conseguir llevarse el dinero antes de la cat\u00e1strofe.    <\/p>\n\n<h2 class=\"wp-block-heading\">Juego de choque por dinero con retirada<\/h2>\n\n<p>Las ganancias r\u00e1pidas en los juegos de azar son muy atractivas para los jugadores.\nEl usuario debe seguir atentamente el juego y pulsar el bot\u00f3n en el momento en que su intuici\u00f3n se lo pida.\nEl juego con retirada r\u00e1pida de dinero es real, lo confirman jugadores de todo el mundo.  <\/p>\n\n<p>El principio es muy sencillo: el jugador hace una apuesta, tras la cual el multiplicador crece.\nNadie sabe en qu\u00e9 momento terminar\u00e1 la ronda.\nGanar dinero r\u00e1pidamente en el juego es posible si, gracias a la intuici\u00f3n, se pulsa el bot\u00f3n antes del desastre.\nGanar es el producto de la apuesta en el coeficiente en el que el juego se detuvo.\nSi el usuario no tuvo tiempo &#8211; el casino gan\u00f3.\nCuanto m\u00e1s larga es la ronda, mayor es el riesgo.\nPero, al mismo tiempo, hay m\u00e1s posibilidades de ganar.      <\/p>\n\n<p>Crash juego por dinero se basa en el GSC, que es imposible de superar.\nAdem\u00e1s, varios programas de pirateo o esquemas fraudulentos no ayudar\u00e1n.\nLa honestidad de crash games se puede demostrar, cualquier usuario puede comprobarlo.  <\/p>\n\n<h2 class=\"wp-block-heading\">Juega a Aviator (avi\u00f3n volador) por dinero<\/h2>\n\n<p>Los juegos de retirada de minidinero son muy populares.\nY uno de los m\u00e1s famosos es Aviator.\nEl dise\u00f1o es muy sencillo.\nSobre un fondo oscuro est\u00e1 ganando aviones de altitud.\nCuanto m\u00e1s alto es &#8211; mayor es el coeficiente.\nSi se desea, es posible desactivar la animaci\u00f3n.\nEn este caso, el usuario ver\u00e1 delante de \u00e9l s\u00f3lo el coeficiente de crecimiento.\nContando multiplicador comienza a partir de uno, su aumento es desigual.\nBastan unos segundos para que crezca en cinco o cien veces.\nLa duraci\u00f3n de la ronda puede ser diferente, y un segundo entero, y una peque\u00f1a fracci\u00f3n.\nSi lo desea, el jugador ejecuta la reproducci\u00f3n autom\u00e1tica, es suficiente para \u00e9l para establecer la apuesta y el coeficiente para poner fin a la ronda.\nPuede familiarizarse con las apuestas anteriores y los resultados de otros usuarios gracias a las Estad\u00edsticas en vivo.           <\/p>\n\n<h2 class=\"wp-block-heading\">Juego de choque &#8211; Lucky Jet<\/h2>\n\n<figure class=\"wp-block-gallery has-nested-images columns-default is-cropped wp-block-gallery-2 is-layout-flex wp-block-gallery-is-layout-flex\">\n<figure class=\"wp-block-image size-large\"><span itemprop=\"image\" itemscope itemtype=\"https:\/\/schema.org\/ImageObject\"><img itemprop=\"url image\" loading=\"lazy\" decoding=\"async\" width=\"1024\" height=\"509\" data-id=\"448\" src=\"https:\/\/aviator-crash.org\/wp-content\/uploads\/2024\/01\/lucky-jet_1-1024x509.jpg\" alt=\"\" class=\"wp-image-448\" srcset=\"https:\/\/aviator-crash.org\/wp-content\/uploads\/2024\/01\/lucky-jet_1-1024x509.jpg 1024w, https:\/\/aviator-crash.org\/wp-content\/uploads\/2024\/01\/lucky-jet_1-300x149.jpg 300w, https:\/\/aviator-crash.org\/wp-content\/uploads\/2024\/01\/lucky-jet_1-768x382.jpg 768w, https:\/\/aviator-crash.org\/wp-content\/uploads\/2024\/01\/lucky-jet_1.jpg 1093w\" sizes=\"(max-width: 1024px) 100vw, 1024px\" \/><meta itemprop=\"width\" content=\"1024\"><meta itemprop=\"height\" content=\"509\"><\/span><\/figure>\n<\/figure>\n\n<p>Los juegos de choque por dinero con bonificaci\u00f3n tienen un argumento diferente.\nEn l\u00ednea puedes probar suerte en Lucky Jet, donde el protagonista, Joe, intenta salir volando con un malet\u00edn lleno de dinero.\nEl juego Crash for money tiene reglas sencillas.\nTienes que elegir una apuesta y tener tiempo para cobrarla.\nSi no lo haces a tiempo, el dinero se quemar\u00e1.\nLas probabilidades dependen del tiempo que Joe permanezca en el aire.     <\/p>\n\n<p>El tama\u00f1o del multiplicador m\u00e1ximo es 100, en algunos establecimientos de juego es el doble.\nGanar s\u00f3lo depende de la intuici\u00f3n del jugador, ya que \u00e9l decide cu\u00e1ndo pulsar el bot\u00f3n. <\/p>\n\n<h2 class=\"wp-block-heading\">Juego de choque &#8211; Jet X<\/h2>\n\n<figure class=\"wp-block-gallery has-nested-images columns-default is-cropped wp-block-gallery-3 is-layout-flex wp-block-gallery-is-layout-flex\">\n<figure class=\"wp-block-image size-large\"><span itemprop=\"image\" itemscope itemtype=\"https:\/\/schema.org\/ImageObject\"><img itemprop=\"url image\" loading=\"lazy\" decoding=\"async\" width=\"1024\" height=\"621\" data-id=\"451\" src=\"https:\/\/aviator-crash.org\/wp-content\/uploads\/2024\/01\/jetx-game-9-1024x621-1.png\" alt=\"\" class=\"wp-image-451\" srcset=\"https:\/\/aviator-crash.org\/wp-content\/uploads\/2024\/01\/jetx-game-9-1024x621-1.png 1024w, https:\/\/aviator-crash.org\/wp-content\/uploads\/2024\/01\/jetx-game-9-1024x621-1-300x182.png 300w, https:\/\/aviator-crash.org\/wp-content\/uploads\/2024\/01\/jetx-game-9-1024x621-1-768x466.png 768w\" sizes=\"(max-width: 1024px) 100vw, 1024px\" \/><meta itemprop=\"width\" content=\"1024\"><meta itemprop=\"height\" content=\"621\"><\/span><\/figure>\n<\/figure>\n\n<p>Los juegos de dinero r\u00e1pido suelen utilizar un veh\u00edculo como protagonista.\nEn Jet X tienes que seguir el movimiento de un avi\u00f3n a reacci\u00f3n.\nSin embargo, en un momento dado se estrellar\u00e1 y desaparecer\u00e1 del radar.\nY es antes de que el usuario deba pulsar prudentemente el bot\u00f3n de retirada.\nDe lo contrario, ganar\u00e1 el casino.    <\/p>\n\n<p>El juego est\u00e1 entre los mejores, se presenta en muchos casinos.\nEl usuario ve una pantalla de radar delante de \u00e9l, que muestra el avi\u00f3n y el coeficiente.\n\u00c9ste aumenta cuando el avi\u00f3n despega.\nNo en vano Jet X se incluye en la categor\u00eda de \u00abJuegos con retirada r\u00e1pida\u00bb, la ronda no dura m\u00e1s de un par de minutos.   <\/p>\n\n<p>En los campos laterales, el usuario puede ver los resultados obtenidos en las rondas anteriores.\nAdem\u00e1s, se indican las estad\u00edsticas reales de todos los usuarios.\nEl jugador puede hacer dos apuestas por ronda, si es necesario, se activa la retirada autom\u00e1tica.\nLa ca\u00edda se produce en cualquier momento, incluso si el caza acaba de empezar a ganar altura.\nLos sitios de informaci\u00f3n informan de un coeficiente m\u00e1ximo de x25000, pero a\u00fan no ha sido alcanzado por ning\u00fan jugador.    <\/p>\n\n<h2 class=\"wp-block-heading\">Ca\u00edda del juego &#8211; Rocket X<\/h2>\n\n<figure class=\"wp-block-gallery has-nested-images columns-default is-cropped wp-block-gallery-4 is-layout-flex wp-block-gallery-is-layout-flex\">\n<figure class=\"wp-block-image size-large\"><span itemprop=\"image\" itemscope itemtype=\"https:\/\/schema.org\/ImageObject\"><img itemprop=\"url image\" loading=\"lazy\" decoding=\"async\" width=\"1024\" height=\"448\" data-id=\"453\" src=\"https:\/\/aviator-crash.org\/wp-content\/uploads\/2024\/01\/screenshot-2022-11-29-at-12.55.42-1024x448.jpg\" alt=\"\" class=\"wp-image-453\" srcset=\"https:\/\/aviator-crash.org\/wp-content\/uploads\/2024\/01\/screenshot-2022-11-29-at-12.55.42-1024x448.jpg 1024w, https:\/\/aviator-crash.org\/wp-content\/uploads\/2024\/01\/screenshot-2022-11-29-at-12.55.42-300x131.jpg 300w, https:\/\/aviator-crash.org\/wp-content\/uploads\/2024\/01\/screenshot-2022-11-29-at-12.55.42-768x336.jpg 768w, https:\/\/aviator-crash.org\/wp-content\/uploads\/2024\/01\/screenshot-2022-11-29-at-12.55.42-1536x673.jpg 1536w, https:\/\/aviator-crash.org\/wp-content\/uploads\/2024\/01\/screenshot-2022-11-29-at-12.55.42-2048x897.jpg 2048w\" sizes=\"(max-width: 1024px) 100vw, 1024px\" \/><meta itemprop=\"width\" content=\"1024\"><meta itemprop=\"height\" content=\"448\"><\/span><\/figure>\n<\/figure>\n\n<p>El usuario observa el despegue del cohete.\nPuede hacer una apuesta de 0,1 a 140.\nCuanto m\u00e1s dure el vuelo, mayor ser\u00e1 el coeficiente.\nEl jugador puede personalizar el juego a su gusto, utilizar apuestas y retiradas autom\u00e1ticas.\nEl juego de choque requiere unos ajustes m\u00ednimos.\nDespu\u00e9s, el usuario puede disfrutar de un proceso espectacular: tras el lanzamiento del cohete hay un penacho brillante, tambi\u00e9n hay un aumento del coeficiente.\nEn ausencia de retirada autom\u00e1tica, el momento del final de la ronda lo elige el jugador.\nSi no tuvo tiempo de hacerlo antes de la explosi\u00f3n, se queda en p\u00e9rdida.\nEs posible convertirse en ganador si se utilizan diferentes estrategias y t\u00e1cticas.        <\/p>\n\n<h2 class=\"wp-block-heading\">Juego de choque &#8211; Space XY<\/h2>\n\n<figure class=\"wp-block-gallery has-nested-images columns-default is-cropped wp-block-gallery-5 is-layout-flex wp-block-gallery-is-layout-flex\">\n<figure class=\"wp-block-image size-large\"><span itemprop=\"image\" itemscope itemtype=\"https:\/\/schema.org\/ImageObject\"><img itemprop=\"url image\" loading=\"lazy\" decoding=\"async\" width=\"1024\" height=\"577\" data-id=\"455\" src=\"https:\/\/aviator-crash.org\/wp-content\/uploads\/2024\/01\/spacexy-gameplay-screen-1024x577-1.webp\" alt=\"\" class=\"wp-image-455\" srcset=\"https:\/\/aviator-crash.org\/wp-content\/uploads\/2024\/01\/spacexy-gameplay-screen-1024x577-1.webp 1024w, https:\/\/aviator-crash.org\/wp-content\/uploads\/2024\/01\/spacexy-gameplay-screen-1024x577-1-300x169.webp 300w, https:\/\/aviator-crash.org\/wp-content\/uploads\/2024\/01\/spacexy-gameplay-screen-1024x577-1-768x433.webp 768w\" sizes=\"(max-width: 1024px) 100vw, 1024px\" \/><meta itemprop=\"width\" content=\"1024\"><meta itemprop=\"height\" content=\"577\"><\/span><\/figure>\n<\/figure>\n\n<p>Crash game for money tiene caracter\u00edsticas \u00fanicas.\nEl tema espacial lo hace m\u00e1s interesante y atractivo para los jugadores.\nNaves espaciales, galaxias, criaturas alien\u00edgenas, todo ello combinado con animaciones y gr\u00e1ficos brillantes le permiten sumergirse completamente en el mundo del juego.\nSpace XY &#8211; el juego m\u00e1s bueno con retirada r\u00e1pida, tiene combinaciones ganadoras y funciones de bonificaci\u00f3n.\nEncontrarlo en varios casinos en l\u00ednea, por lo que Crash juego est\u00e1 disponible para un p\u00fablico m\u00e1s amplio.\nUsted puede jugar por dinero real o fichas virtuales, s\u00f3lo tiene que ejecutar el modo de demostraci\u00f3n.     <\/p>\n\n<h2 class=\"wp-block-heading\">Partida r\u00e1pida &#8211; Cash or Crash<\/h2>\n\n<figure class=\"wp-block-gallery has-nested-images columns-default is-cropped wp-block-gallery-6 is-layout-flex wp-block-gallery-is-layout-flex\">\n<figure class=\"wp-block-image size-large\"><span itemprop=\"image\" itemscope itemtype=\"https:\/\/schema.org\/ImageObject\"><img itemprop=\"url image\" loading=\"lazy\" decoding=\"async\" width=\"1024\" height=\"576\" data-id=\"457\" src=\"https:\/\/aviator-crash.org\/wp-content\/uploads\/2024\/01\/cash-or-crash-evolution-live-games-hollywoodbets-1024x576-1.jpg\" alt=\"\" class=\"wp-image-457\" srcset=\"https:\/\/aviator-crash.org\/wp-content\/uploads\/2024\/01\/cash-or-crash-evolution-live-games-hollywoodbets-1024x576-1.jpg 1024w, https:\/\/aviator-crash.org\/wp-content\/uploads\/2024\/01\/cash-or-crash-evolution-live-games-hollywoodbets-1024x576-1-300x169.jpg 300w, https:\/\/aviator-crash.org\/wp-content\/uploads\/2024\/01\/cash-or-crash-evolution-live-games-hollywoodbets-1024x576-1-768x432.jpg 768w\" sizes=\"(max-width: 1024px) 100vw, 1024px\" \/><meta itemprop=\"width\" content=\"1024\"><meta itemprop=\"height\" content=\"576\"><\/span><\/figure>\n<\/figure>\n\n<p>El jugador se encuentra en una aeronave que se desplaza sobre una enorme metr\u00f3polis.\nEl usuario ve un aparato en el que se mezclan bolas.\nSe utilizan ocho bolas rojas, 19 verdes y una dorada.\nEl jugador tiene que subir las escaleras.\nPara ello, debe recoger bolas de color verde.\nSi cae una bola roja, se acaba la ronda.\nLa bola dorada se puede utilizar para defenderse, da una vida extra.      <\/p>\n\n<p>Despu\u00e9s de romper el escudo o de que caiga la bola verde, el jugador puede seguir en el juego con todas las ganancias o terminar la ronda.\nTambi\u00e9n tiene la opci\u00f3n de retirar la mitad del dinero, y con la cantidad restante puede continuar el juego.\nEl jugador tendr\u00e1 que pasar por veinte niveles.\nEn el primero de ellos el multiplicador es de 1,2x, y en la cima de la escalera es de 18000x.\nBasta con que el jugador apueste 5$ para obtener 90000 como resultado.    <\/p>\n\n<p>Descargar el juego con una r\u00e1pida retirada de dinero est\u00e1 disponible en los casinos en l\u00ednea.\nEs necesario elegir un servicio fiable con licencia, garantiza el cumplimiento de las normas del regulador.\nEsto significa que el casino tiene el dinero para pagar incluso grandes sumas a los ganadores, est\u00e1 constantemente sometido a auditor\u00edas internas y controles de software.\nEs importante estudiar las rese\u00f1as y el sitio web de la instituci\u00f3n.\nSi el usuario cae en un sitio fraudulento, no se entretendr\u00e1 con bonos y ganancias, sino que perder\u00e1 datos personales o infectar\u00e1 el dispositivo con virus.    <\/p>\n","protected":false},"excerpt":{"rendered":"<p>El concepto de juegos Crash apareci\u00f3 a principios de la d\u00e9cada de 2000. Sin embargo, en los \u00faltimos a\u00f1os se han hecho cada vez m\u00e1s populares. Los juegos para ganar dinero r\u00e1pido se presentan en casi todos los casinos en l\u00ednea. Cada ronda es emocionante y llena de adrenalina. Los juegos r\u00e1pidos se caracterizan por [&hellip;]<\/p>\n","protected":false},"author":2,"featured_media":0,"parent":0,"menu_order":0,"comment_status":"closed","ping_status":"closed","template":"","meta":{"footnotes":""},"yoast_head":"<!-- This site is optimized with the Yoast SEO plugin v21.7 - https:\/\/yoast.com\/wordpress\/plugins\/seo\/ -->\n<title>Crash Games for money (Juego de Crash r\u00e1pido online con retirada de dinero)<\/title>\n<meta name=\"description\" content=\"Los juegos de choque son populares porque ofrecen la oportunidad de ganar dinero r\u00e1pido. Los juegos por dinero, en los que se produce un choque, se caracterizan por unas reglas sencillas. Al mismo tiempo, son muy emocionantes y juegos de azar.\" \/>\n<meta name=\"robots\" content=\"index, follow, max-snippet:-1, max-image-preview:large, max-video-preview:-1\" \/>\n<link rel=\"canonical\" href=\"https:\/\/aviator-crash.org\/es\/juegos-de-dinero-rapido-en-linea-con-retirada\/\" \/>\n<meta property=\"og:locale\" content=\"es_ES\" \/>\n<meta property=\"og:type\" content=\"article\" \/>\n<meta property=\"og:title\" content=\"Crash Games for money (Juego de Crash r\u00e1pido online con retirada de dinero)\" \/>\n<meta property=\"og:description\" content=\"Los juegos de choque son populares porque ofrecen la oportunidad de ganar dinero r\u00e1pido. Los juegos por dinero, en los que se produce un choque, se caracterizan por unas reglas sencillas. Al mismo tiempo, son muy emocionantes y juegos de azar.\" \/>\n<meta property=\"og:url\" content=\"https:\/\/aviator-crash.org\/es\/juegos-de-dinero-rapido-en-linea-con-retirada\/\" \/>\n<meta property=\"article:modified_time\" content=\"2024-02-02T14:49:55+00:00\" \/>\n<meta property=\"og:image\" content=\"https:\/\/aviator-crash.org\/wp-content\/uploads\/2024\/01\/aviator-minigame-logo-4.png\" \/>\n<meta name=\"twitter:card\" content=\"summary_large_image\" \/>\n<meta name=\"twitter:label1\" content=\"Est. reading time\" \/>\n\t<meta name=\"twitter:data1\" content=\"6 minutos\" \/>\n<script type=\"application\/ld+json\" class=\"yoast-schema-graph\">{\"@context\":\"https:\/\/schema.org\",\"@graph\":[{\"@type\":\"WebPage\",\"@id\":\"https:\/\/aviator-crash.org\/es\/juegos-de-dinero-rapido-en-linea-con-retirada\/\",\"url\":\"https:\/\/aviator-crash.org\/es\/juegos-de-dinero-rapido-en-linea-con-retirada\/\",\"name\":\"Crash Games for money (Juego de Crash r\u00e1pido online con retirada de dinero)\",\"isPartOf\":{\"@id\":\"https:\/\/aviator-crash.org\/es\/#website\"},\"datePublished\":\"2023-12-27T19:12:26+00:00\",\"dateModified\":\"2024-02-02T14:49:55+00:00\",\"description\":\"Los juegos de choque son populares porque ofrecen la oportunidad de ganar dinero r\u00e1pido. Los juegos por dinero, en los que se produce un choque, se caracterizan por unas reglas sencillas. Al mismo tiempo, son muy emocionantes y juegos de azar.\",\"breadcrumb\":{\"@id\":\"https:\/\/aviator-crash.org\/es\/juegos-de-dinero-rapido-en-linea-con-retirada\/#breadcrumb\"},\"inLanguage\":\"es\",\"potentialAction\":[{\"@type\":\"ReadAction\",\"target\":[\"https:\/\/aviator-crash.org\/es\/juegos-de-dinero-rapido-en-linea-con-retirada\/\"]}]},{\"@type\":\"BreadcrumbList\",\"@id\":\"https:\/\/aviator-crash.org\/es\/juegos-de-dinero-rapido-en-linea-con-retirada\/#breadcrumb\",\"itemListElement\":[{\"@type\":\"ListItem\",\"position\":1,\"name\":\"Home\",\"item\":\"https:\/\/aviator-crash.org\/es\/\"},{\"@type\":\"ListItem\",\"position\":2,\"name\":\"Juegos de dinero r\u00e1pido en l\u00ednea con retirada\"}]},{\"@type\":\"WebSite\",\"@id\":\"https:\/\/aviator-crash.org\/es\/#website\",\"url\":\"https:\/\/aviator-crash.org\/es\/\",\"name\":\"\",\"description\":\"\",\"potentialAction\":[{\"@type\":\"SearchAction\",\"target\":{\"@type\":\"EntryPoint\",\"urlTemplate\":\"https:\/\/aviator-crash.org\/es\/?s={search_term_string}\"},\"query-input\":\"required name=search_term_string\"}],\"inLanguage\":\"es\"}]}<\/script>\n<!-- \/ Yoast SEO plugin. -->","yoast_head_json":{"title":"Crash Games for money (Juego de Crash r\u00e1pido online con retirada de dinero)","description":"Los juegos de choque son populares porque ofrecen la oportunidad de ganar dinero r\u00e1pido. Los juegos por dinero, en los que se produce un choque, se caracterizan por unas reglas sencillas. Al mismo tiempo, son muy emocionantes y juegos de azar.","robots":{"index":"index","follow":"follow","max-snippet":"max-snippet:-1","max-image-preview":"max-image-preview:large","max-video-preview":"max-video-preview:-1"},"canonical":"https:\/\/aviator-crash.org\/es\/juegos-de-dinero-rapido-en-linea-con-retirada\/","og_locale":"es_ES","og_type":"article","og_title":"Crash Games for money (Juego de Crash r\u00e1pido online con retirada de dinero)","og_description":"Los juegos de choque son populares porque ofrecen la oportunidad de ganar dinero r\u00e1pido. Los juegos por dinero, en los que se produce un choque, se caracterizan por unas reglas sencillas. Al mismo tiempo, son muy emocionantes y juegos de azar.","og_url":"https:\/\/aviator-crash.org\/es\/juegos-de-dinero-rapido-en-linea-con-retirada\/","article_modified_time":"2024-02-02T14:49:55+00:00","og_image":[{"url":"https:\/\/aviator-crash.org\/wp-content\/uploads\/2024\/01\/aviator-minigame-logo-4.png"}],"twitter_card":"summary_large_image","twitter_misc":{"Est. reading time":"6 minutos"},"schema":{"@context":"https:\/\/schema.org","@graph":[{"@type":"WebPage","@id":"https:\/\/aviator-crash.org\/es\/juegos-de-dinero-rapido-en-linea-con-retirada\/","url":"https:\/\/aviator-crash.org\/es\/juegos-de-dinero-rapido-en-linea-con-retirada\/","name":"Crash Games for money (Juego de Crash r\u00e1pido online con retirada de dinero)","isPartOf":{"@id":"https:\/\/aviator-crash.org\/es\/#website"},"datePublished":"2023-12-27T19:12:26+00:00","dateModified":"2024-02-02T14:49:55+00:00","description":"Los juegos de choque son populares porque ofrecen la oportunidad de ganar dinero r\u00e1pido. Los juegos por dinero, en los que se produce un choque, se caracterizan por unas reglas sencillas. Al mismo tiempo, son muy emocionantes y juegos de azar.","breadcrumb":{"@id":"https:\/\/aviator-crash.org\/es\/juegos-de-dinero-rapido-en-linea-con-retirada\/#breadcrumb"},"inLanguage":"es","potentialAction":[{"@type":"ReadAction","target":["https:\/\/aviator-crash.org\/es\/juegos-de-dinero-rapido-en-linea-con-retirada\/"]}]},{"@type":"BreadcrumbList","@id":"https:\/\/aviator-crash.org\/es\/juegos-de-dinero-rapido-en-linea-con-retirada\/#breadcrumb","itemListElement":[{"@type":"ListItem","position":1,"name":"Home","item":"https:\/\/aviator-crash.org\/es\/"},{"@type":"ListItem","position":2,"name":"Juegos de dinero r\u00e1pido en l\u00ednea con retirada"}]},{"@type":"WebSite","@id":"https:\/\/aviator-crash.org\/es\/#website","url":"https:\/\/aviator-crash.org\/es\/","name":"","description":"","potentialAction":[{"@type":"SearchAction","target":{"@type":"EntryPoint","urlTemplate":"https:\/\/aviator-crash.org\/es\/?s={search_term_string}"},"query-input":"required name=search_term_string"}],"inLanguage":"es"}]}},"_links":{"self":[{"href":"https:\/\/aviator-crash.org\/es\/wp-json\/wp\/v2\/pages\/1219"}],"collection":[{"href":"https:\/\/aviator-crash.org\/es\/wp-json\/wp\/v2\/pages"}],"about":[{"href":"https:\/\/aviator-crash.org\/es\/wp-json\/wp\/v2\/types\/page"}],"author":[{"embeddable":true,"href":"https:\/\/aviator-crash.org\/es\/wp-json\/wp\/v2\/users\/2"}],"replies":[{"embeddable":true,"href":"https:\/\/aviator-crash.org\/es\/wp-json\/wp\/v2\/comments?post=1219"}],"version-history":[{"count":1,"href":"https:\/\/aviator-crash.org\/es\/wp-json\/wp\/v2\/pages\/1219\/revisions"}],"predecessor-version":[{"id":1227,"href":"https:\/\/aviator-crash.org\/es\/wp-json\/wp\/v2\/pages\/1219\/revisions\/1227"}],"wp:attachment":[{"href":"https:\/\/aviator-crash.org\/es\/wp-json\/wp\/v2\/media?parent=1219"}],"curies":[{"name":"wp","href":"https:\/\/api.w.org\/{rel}","templated":true}]}}