{"id":1228,"date":"2023-12-27T19:58:01","date_gmt":"2023-12-27T19:58:01","guid":{"rendered":"https:\/\/aviator-crash.org\/juega-cash-or-crash\/"},"modified":"2024-02-02T14:50:20","modified_gmt":"2024-02-02T14:50:20","slug":"juega-cash-or-crash","status":"publish","type":"page","link":"https:\/\/aviator-crash.org\/es\/juega-cash-or-crash\/","title":{"rendered":"Juega Cash or Crash"},"content":{"rendered":"\n<figure class=\"wp-block-gallery has-nested-images columns-default is-cropped wp-block-gallery-1 is-layout-flex wp-block-gallery-is-layout-flex\">\n<figure class=\"wp-block-image size-large\"><span itemprop=\"image\" itemscope itemtype=\"https:\/\/schema.org\/ImageObject\"><img itemprop=\"url image\" loading=\"lazy\" decoding=\"async\" width=\"1024\" height=\"498\" data-id=\"466\" src=\"https:\/\/aviator-crash.org\/wp-content\/uploads\/2024\/01\/cash-or-crash-live-1200x584-1-1024x498.jpeg\" alt=\"\" class=\"wp-image-466\" srcset=\"https:\/\/aviator-crash.org\/wp-content\/uploads\/2024\/01\/cash-or-crash-live-1200x584-1-1024x498.jpeg 1024w, https:\/\/aviator-crash.org\/wp-content\/uploads\/2024\/01\/cash-or-crash-live-1200x584-1-300x146.jpeg 300w, https:\/\/aviator-crash.org\/wp-content\/uploads\/2024\/01\/cash-or-crash-live-1200x584-1-768x374.jpeg 768w, https:\/\/aviator-crash.org\/wp-content\/uploads\/2024\/01\/cash-or-crash-live-1200x584-1.jpeg 1200w\" sizes=\"(max-width: 1024px) 100vw, 1024px\" \/><meta itemprop=\"width\" content=\"1024\"><meta itemprop=\"height\" content=\"498\"><\/span><\/figure>\n<\/figure>\n\n<p>Cash or Crash es un juego muy demandado por los aficionados a las aplicaciones de juego, las apuestas altas y los riesgos.\nEs una gran opci\u00f3n para pasarlo en grande y probar suerte.\nCash or Crash es una aplicaci\u00f3n en Android, donde los jugadores pueden apostar en varios eventos, cuyo resultado se determina al azar.\nPara empezar a jugar, todo lo que necesita hacer es descargar la aplicaci\u00f3n en el sitio oficial de apuestas de One Win, registrarse o iniciar sesi\u00f3n en su cuenta personal y realizar su apuesta.\nDescargar Cash or Crash gratis puede absolutamente todo el mundo.\nIniciar el juego y disfrutar de un gran tiempo.     <\/p>\n\n<h2 class=\"wp-block-heading\">Ventajas del juego en l\u00ednea Cash or Crash<\/h2>\n\n<p>Hoy en d\u00eda, los juegos de azar se consideran uno de los m\u00e1s populares.\nLa raz\u00f3n principal es que aqu\u00ed no s\u00f3lo se puede pasar un rato interesante, sino tambi\u00e9n ganar dinero real.\nEn general, la visual de la aplicaci\u00f3n Cash or Crash es una verdadera delicia.\nExcelentes gr\u00e1ficos, interfaz clara, control intuitivamente simple &#8211; todo esto se puede encontrar aqu\u00ed.   <\/p>\n\n<p>Entre las principales ventajas del popular juego Cash or Crash se encuentran las siguientes:<\/p>\n\n<ul>\n<li>Jugabilidad interesante.\nOfrece una jugabilidad emocionante y adictiva con la posibilidad de ganar o perder r\u00e1pidamente. <\/li>\n\n\n\n<li>Modo multijugador.\nLa posibilidad de jugar con amigos u otros jugadores puede a\u00f1adir un aspecto social y diversi\u00f3n. <\/li>\n\n\n\n<li>Gr\u00e1ficos y sonido.\nLos gr\u00e1ficos y el sonido de alta calidad crean la atm\u00f3sfera del juego, haci\u00e9ndolo m\u00e1s atractivo para los jugadores. <\/li>\n\n\n\n<li>Disponibilidad de actualizaciones peri\u00f3dicas.\nGracias a ellas, podr\u00e1 disfrutar de su juego favorito con un rendimiento mejorado.\nLos desarrolladores intentan mejorar el juego con regularidad para adaptarse a las tendencias actuales del mundo del juego en l\u00ednea.  <\/li>\n\n\n\n<li>La posibilidad de jugar directamente desde tu tel\u00e9fono, est\u00e9s donde est\u00e9s.\nEs una gran oportunidad para pasarlo en grande, disfrutar del juego e incluso intentar ganar dinero real. <\/li>\n\n\n\n<li>Muchos modos de juego diferentes.\nUna estrategia de Cash o Crash bien elegida aumentar\u00e1 las posibilidades de ganar en cualquiera de los modos. <\/li>\n<\/ul>\n\n<p>En general, el juego Cash or Crash es un gran ejemplo de aplicaci\u00f3n emocionante en la que puedes ganar dinero real.\nPuedes pas\u00e1rtelo en grande y tambi\u00e9n jugar con tus amigos o con otros jugadores online mediante el modo multijugador. <\/p>\n\n<h2 class=\"wp-block-heading\">C\u00f3mo jugar a Cash or Crash<\/h2>\n\n<p>\u00abCash or Crash\u00bb es un juego de azar virtual que suelen ofrecer los casinos en l\u00ednea.\nAunque las reglas pueden variar ligeramente de una versi\u00f3n del juego a otra, el concepto b\u00e1sico suele ser el mismo.\nAqu\u00ed tienes una gu\u00eda general sobre c\u00f3mo jugar a Cash or Crash:  <\/p>\n\n<ul>\n<li>Registro.\nEs posible que tenga que registrarse en un casino online que ofrezca el juego Cash or Crash.\nSiga las instrucciones para crear una cuenta.  <\/li>\n\n\n\n<li>Recarga.\nAntes de empezar a jugar, debe recargar su cuenta de juego con dinero real.\nEn la mayor\u00eda de los casos, esto se puede hacer utilizando varios m\u00e9todos de pago.  <\/li>\n\n\n\n<li>Selecci\u00f3n del importe de la apuesta.<\/li>\n\n\n\n<li>Comienza la ronda.<\/li>\n\n\n\n<li>Decisi\u00f3n de terminar la ronda.\nDurante la ronda, se le da la opci\u00f3n de terminar la ronda en cualquier momento, para cobrar el dinero que ha ganado.\nSin embargo, si no completa la ronda en un momento determinado, existe el riesgo de que se produzca un \u00abaccidente\u00bb y perder\u00e1 su apuesta.  <\/li>\n\n\n\n<li>Choque o fin de ronda.\nEn alg\u00fan momento de la ronda se produce un \u00abcrash\u00bb.\nSi ha completado la ronda antes de este momento, recibir\u00e1 sus ganancias seg\u00fan el multiplicador actual.\nDe lo contrario, perder\u00e1 su apuesta.   <\/li>\n<\/ul>\n\n<p>El principio del juego es bastante sencillo y claro, por lo que r\u00e1pidamente podr\u00e1s entender lo que tienes que hacer aqu\u00ed.\nSi tiene alg\u00fan problema, puede consultar las instrucciones. <\/p>\n\n<h2 class=\"wp-block-heading\">C\u00f3mo ganar en Cash or Crash<\/h2>\n\n<p>Ganar en juegos de azar como las tragaperras, el p\u00f3quer, la ruleta y el blackjack suele depender del azar, y la mayor\u00eda de los juegos de azar se basan en el azar.\nSin embargo, hay algunas estrategias y consejos que pueden ayudarte a gestionar tu bankroll y aumentar tus posibilidades de ganar en el popular juego de casino Crash Cash: <\/p>\n\n<ul>\n<li>Gesti\u00f3n del bankroll.\nDetermine el l\u00edmite de p\u00e9rdidas que puede permitirse y no lo sobrepase.\nDivide tu bankroll en sesiones de juego y apuesta s\u00f3lo lo que puedas permitirte perder.  <\/li>\n\n\n\n<li>Aprenda estrategias b\u00e1sicas.\nComo ya se ha mencionado, la estrategia correcta desempe\u00f1a un papel clave en las apuestas.\nImplica estudiar las victorias anteriores, buscar patrones y destacar las combinaciones ganadoras clave.\nLa estrategia de Cash o Crash suele ser individual, aunque puedes dejarte aconsejar por jugadores m\u00e1s experimentados.   <\/li>\n\n\n\n<li>Aproveche las bonificaciones.\nAproveche las bonificaciones y promociones del casino.\nSin embargo, es importante leer atentamente los t\u00e9rminos y condiciones asociados a las bonificaciones.  <\/li>\n\n\n\n<li>Lee atentamente las reglas del juego y familiar\u00edzate con las instrucciones.<\/li>\n<\/ul>\n\n<p>Si sigue estos consejos, aumentar\u00e1 considerablemente sus posibilidades de ganar.<\/p>\n\n<h2 class=\"wp-block-heading\">Reglas del juego Cash or Crash<\/h2>\n\n<p>Las reglas del juego son sencillas y claras.\nEn primer lugar, el jugador elige la cantidad a apostar y pulsa el bot\u00f3n para iniciar la ronda.\nLa ronda comienza con un multiplicador inicial (por ejemplo, 1x).\nEste multiplicador empieza a aumentar con el tiempo.\nDurante la ronda, el jugador dispone de cierto tiempo para decidir si quiere terminar la ronda y llevarse las ganancias.\nPuede hacerlo antes de que el multiplicador alcance un determinado valor, lo que provoca un \u00abcrash\u00bb.     <\/p>\n\n<p>\u00abCrash\u00bb se produce cuando el multiplicador alcanza un determinado valor.\nSi el jugador ha completado la ronda antes de este momento, se lleva las ganancias.\nEn caso contrario, la apuesta se quema.\nSi el jugador complet\u00f3 la ronda antes del \u00abcrash\u00bb y obtuvo las ganancias, el importe de las mismas depende del multiplicador actual.\nSi el jugador no complet\u00f3 la ronda antes del \u00abcrash\u00bb, la apuesta se anula y no hay ganancias.    <\/p>\n\n<h2 class=\"wp-block-heading\">C\u00f3digos promocionales<\/h2>\n\n<p>Los c\u00f3digos promocionales Cash o Crash son c\u00f3digos especiales que los jugadores pueden introducir para recibir diversas bonificaciones, privilegios y promociones.\nEstos c\u00f3digos son proporcionados por el casino o los desarrolladores del juego y pueden ser utilizados por los jugadores para mejorar su experiencia de juego u obtener caracter\u00edsticas adicionales.\nEn el caso de Cash or Crash, los c\u00f3digos promocionales pueden proporcionar:  <\/p>\n\n<ol>\n<li>Dep\u00f3sitos de bonificaci\u00f3n: fondos adicionales cuando recargas tu cuenta en el juego.<\/li>\n\n\n\n<li>Tiradas gratuitas: rondas gratuitas en el juego con multiplicadores.<\/li>\n\n\n\n<li>Multiplicadores aumentados: multiplicadores de bonificaci\u00f3n durante el juego.<\/li>\n\n\n\n<li>Eventos especiales: participaci\u00f3n en promociones y torneos especiales.<\/li>\n<\/ol>\n\n<p>Las estad\u00edsticas de Cash or Crash indican que con el uso de bonos adicionales los usuarios tienen muchas m\u00e1s posibilidades de ganar.\nPara utilizar un c\u00f3digo promocional en el juego \u00abCash or Crash\u00bb, normalmente debe iniciar sesi\u00f3n en su cuenta del casino, ir a la secci\u00f3n \u00abC\u00f3digos promocionales\u00bb o \u00abBonificaciones\u00bb e introducir el c\u00f3digo correspondiente.\nDespu\u00e9s, las bonificaciones proporcionadas por esta acci\u00f3n se abonar\u00e1n autom\u00e1ticamente en su cuenta.  <\/p>\n\n<p>Es importante no olvidar que los c\u00f3digos promocionales pueden tener un periodo de validez limitado o determinadas condiciones de uso.\nAntes de introducir un c\u00f3digo promocional, es importante leer atentamente los t\u00e9rminos y condiciones para evitar malentendidos y aprovechar al m\u00e1ximo las bonificaciones ofrecidas. <\/p>\n\n<h2 class=\"wp-block-heading\">Testimonios<\/h2>\n\n<p>He aqu\u00ed algunas opiniones de usuarios que han experimentado los beneficios de este popular juego de azar:<\/p>\n","protected":false},"excerpt":{"rendered":"<p>Cash or Crash es un juego muy demandado por los aficionados a las aplicaciones de juego, las apuestas altas y los riesgos. Es una gran opci\u00f3n para pasarlo en grande y probar suerte. Cash or Crash es una aplicaci\u00f3n en Android, donde los jugadores pueden apostar en varios eventos, cuyo resultado se determina al azar. [&hellip;]<\/p>\n","protected":false},"author":2,"featured_media":0,"parent":0,"menu_order":0,"comment_status":"open","ping_status":"closed","template":"","meta":{"footnotes":""},"yoast_head":"<!-- This site is optimized with the Yoast SEO plugin v21.7 - https:\/\/yoast.com\/wordpress\/plugins\/seo\/ -->\n<title>Cash or Crash juego de casino, descargar<\/title>\n<meta name=\"description\" content=\"Una visi\u00f3n general de Cash or Crash, un juego popular en todo el mundo. Conozca las caracter\u00edsticas principales, las ventajas, las reglas del juego y los secretos para ganar a lo grande. Descarga el juego y divi\u00e9rtete a lo grande con tus amigos.\" \/>\n<meta name=\"robots\" content=\"index, follow, max-snippet:-1, max-image-preview:large, max-video-preview:-1\" \/>\n<link rel=\"canonical\" href=\"https:\/\/aviator-crash.org\/es\/juega-cash-or-crash\/\" \/>\n<meta property=\"og:locale\" content=\"es_ES\" \/>\n<meta property=\"og:type\" content=\"article\" \/>\n<meta property=\"og:title\" content=\"Cash or Crash juego de casino, descargar\" \/>\n<meta property=\"og:description\" content=\"Una visi\u00f3n general de Cash or Crash, un juego popular en todo el mundo. Conozca las caracter\u00edsticas principales, las ventajas, las reglas del juego y los secretos para ganar a lo grande. Descarga el juego y divi\u00e9rtete a lo grande con tus amigos.\" \/>\n<meta property=\"og:url\" content=\"https:\/\/aviator-crash.org\/es\/juega-cash-or-crash\/\" \/>\n<meta property=\"article:modified_time\" content=\"2024-02-02T14:50:20+00:00\" \/>\n<meta property=\"og:image\" content=\"https:\/\/aviator-crash.org\/wp-content\/uploads\/2024\/01\/cash-or-crash-live-1200x584-1-1024x498.jpeg\" \/>\n<meta name=\"twitter:card\" content=\"summary_large_image\" \/>\n<meta name=\"twitter:label1\" content=\"Est. reading time\" \/>\n\t<meta name=\"twitter:data1\" content=\"6 minutos\" \/>\n<script type=\"application\/ld+json\" class=\"yoast-schema-graph\">{\"@context\":\"https:\/\/schema.org\",\"@graph\":[{\"@type\":\"WebPage\",\"@id\":\"https:\/\/aviator-crash.org\/es\/juega-cash-or-crash\/\",\"url\":\"https:\/\/aviator-crash.org\/es\/juega-cash-or-crash\/\",\"name\":\"Cash or Crash juego de casino, descargar\",\"isPartOf\":{\"@id\":\"https:\/\/aviator-crash.org\/es\/#website\"},\"datePublished\":\"2023-12-27T19:58:01+00:00\",\"dateModified\":\"2024-02-02T14:50:20+00:00\",\"description\":\"Una visi\u00f3n general de Cash or Crash, un juego popular en todo el mundo. Conozca las caracter\u00edsticas principales, las ventajas, las reglas del juego y los secretos para ganar a lo grande. Descarga el juego y divi\u00e9rtete a lo grande con tus amigos.\",\"breadcrumb\":{\"@id\":\"https:\/\/aviator-crash.org\/es\/juega-cash-or-crash\/#breadcrumb\"},\"inLanguage\":\"es\",\"potentialAction\":[{\"@type\":\"ReadAction\",\"target\":[\"https:\/\/aviator-crash.org\/es\/juega-cash-or-crash\/\"]}]},{\"@type\":\"BreadcrumbList\",\"@id\":\"https:\/\/aviator-crash.org\/es\/juega-cash-or-crash\/#breadcrumb\",\"itemListElement\":[{\"@type\":\"ListItem\",\"position\":1,\"name\":\"Home\",\"item\":\"https:\/\/aviator-crash.org\/es\/\"},{\"@type\":\"ListItem\",\"position\":2,\"name\":\"Juega Cash or Crash\"}]},{\"@type\":\"WebSite\",\"@id\":\"https:\/\/aviator-crash.org\/es\/#website\",\"url\":\"https:\/\/aviator-crash.org\/es\/\",\"name\":\"\",\"description\":\"\",\"potentialAction\":[{\"@type\":\"SearchAction\",\"target\":{\"@type\":\"EntryPoint\",\"urlTemplate\":\"https:\/\/aviator-crash.org\/es\/?s={search_term_string}\"},\"query-input\":\"required name=search_term_string\"}],\"inLanguage\":\"es\"}]}<\/script>\n<!-- \/ Yoast SEO plugin. -->","yoast_head_json":{"title":"Cash or Crash juego de casino, descargar","description":"Una visi\u00f3n general de Cash or Crash, un juego popular en todo el mundo. Conozca las caracter\u00edsticas principales, las ventajas, las reglas del juego y los secretos para ganar a lo grande. Descarga el juego y divi\u00e9rtete a lo grande con tus amigos.","robots":{"index":"index","follow":"follow","max-snippet":"max-snippet:-1","max-image-preview":"max-image-preview:large","max-video-preview":"max-video-preview:-1"},"canonical":"https:\/\/aviator-crash.org\/es\/juega-cash-or-crash\/","og_locale":"es_ES","og_type":"article","og_title":"Cash or Crash juego de casino, descargar","og_description":"Una visi\u00f3n general de Cash or Crash, un juego popular en todo el mundo. Conozca las caracter\u00edsticas principales, las ventajas, las reglas del juego y los secretos para ganar a lo grande. Descarga el juego y divi\u00e9rtete a lo grande con tus amigos.","og_url":"https:\/\/aviator-crash.org\/es\/juega-cash-or-crash\/","article_modified_time":"2024-02-02T14:50:20+00:00","og_image":[{"url":"https:\/\/aviator-crash.org\/wp-content\/uploads\/2024\/01\/cash-or-crash-live-1200x584-1-1024x498.jpeg"}],"twitter_card":"summary_large_image","twitter_misc":{"Est. reading time":"6 minutos"},"schema":{"@context":"https:\/\/schema.org","@graph":[{"@type":"WebPage","@id":"https:\/\/aviator-crash.org\/es\/juega-cash-or-crash\/","url":"https:\/\/aviator-crash.org\/es\/juega-cash-or-crash\/","name":"Cash or Crash juego de casino, descargar","isPartOf":{"@id":"https:\/\/aviator-crash.org\/es\/#website"},"datePublished":"2023-12-27T19:58:01+00:00","dateModified":"2024-02-02T14:50:20+00:00","description":"Una visi\u00f3n general de Cash or Crash, un juego popular en todo el mundo. Conozca las caracter\u00edsticas principales, las ventajas, las reglas del juego y los secretos para ganar a lo grande. Descarga el juego y divi\u00e9rtete a lo grande con tus amigos.","breadcrumb":{"@id":"https:\/\/aviator-crash.org\/es\/juega-cash-or-crash\/#breadcrumb"},"inLanguage":"es","potentialAction":[{"@type":"ReadAction","target":["https:\/\/aviator-crash.org\/es\/juega-cash-or-crash\/"]}]},{"@type":"BreadcrumbList","@id":"https:\/\/aviator-crash.org\/es\/juega-cash-or-crash\/#breadcrumb","itemListElement":[{"@type":"ListItem","position":1,"name":"Home","item":"https:\/\/aviator-crash.org\/es\/"},{"@type":"ListItem","position":2,"name":"Juega Cash or Crash"}]},{"@type":"WebSite","@id":"https:\/\/aviator-crash.org\/es\/#website","url":"https:\/\/aviator-crash.org\/es\/","name":"","description":"","potentialAction":[{"@type":"SearchAction","target":{"@type":"EntryPoint","urlTemplate":"https:\/\/aviator-crash.org\/es\/?s={search_term_string}"},"query-input":"required name=search_term_string"}],"inLanguage":"es"}]}},"_links":{"self":[{"href":"https:\/\/aviator-crash.org\/es\/wp-json\/wp\/v2\/pages\/1228"}],"collection":[{"href":"https:\/\/aviator-crash.org\/es\/wp-json\/wp\/v2\/pages"}],"about":[{"href":"https:\/\/aviator-crash.org\/es\/wp-json\/wp\/v2\/types\/page"}],"author":[{"embeddable":true,"href":"https:\/\/aviator-crash.org\/es\/wp-json\/wp\/v2\/users\/2"}],"replies":[{"embeddable":true,"href":"https:\/\/aviator-crash.org\/es\/wp-json\/wp\/v2\/comments?post=1228"}],"version-history":[{"count":1,"href":"https:\/\/aviator-crash.org\/es\/wp-json\/wp\/v2\/pages\/1228\/revisions"}],"predecessor-version":[{"id":1230,"href":"https:\/\/aviator-crash.org\/es\/wp-json\/wp\/v2\/pages\/1228\/revisions\/1230"}],"wp:attachment":[{"href":"https:\/\/aviator-crash.org\/es\/wp-json\/wp\/v2\/media?parent=1228"}],"curies":[{"name":"wp","href":"https:\/\/api.w.org\/{rel}","templated":true}]}}