{"id":1237,"date":"2023-12-27T19:40:59","date_gmt":"2023-12-27T19:40:59","guid":{"rendered":"https:\/\/aviator-crash.org\/jugar-a-rocket-x\/"},"modified":"2024-02-02T15:01:55","modified_gmt":"2024-02-02T15:01:55","slug":"jugar-a-rocket-x","status":"publish","type":"page","link":"https:\/\/aviator-crash.org\/es\/jugar-a-rocket-x\/","title":{"rendered":"Jugar a Rocket X"},"content":{"rendered":"\n<figure class=\"wp-block-gallery has-nested-images columns-default is-cropped wp-block-gallery-1 is-layout-flex wp-block-gallery-is-layout-flex\">\n<figure class=\"wp-block-image size-large\"><span itemprop=\"image\" itemscope itemtype=\"https:\/\/schema.org\/ImageObject\"><img itemprop=\"url image\" loading=\"lazy\" decoding=\"async\" width=\"1024\" height=\"761\" data-id=\"472\" src=\"https:\/\/aviator-crash.org\/wp-content\/uploads\/2024\/01\/rocket-x-1024x761.webp\" alt=\"\" class=\"wp-image-472\" srcset=\"https:\/\/aviator-crash.org\/wp-content\/uploads\/2024\/01\/rocket-x-1024x761.webp 1024w, https:\/\/aviator-crash.org\/wp-content\/uploads\/2024\/01\/rocket-x-300x223.webp 300w, https:\/\/aviator-crash.org\/wp-content\/uploads\/2024\/01\/rocket-x-768x571.webp 768w, https:\/\/aviator-crash.org\/wp-content\/uploads\/2024\/01\/rocket-x.webp 1200w\" sizes=\"(max-width: 1024px) 100vw, 1024px\" \/><meta itemprop=\"width\" content=\"1024\"><meta itemprop=\"height\" content=\"761\"><\/span><\/figure>\n<\/figure>\n\n<p>El juego multijugador Rocket X te ofrece sumergirte en una emocionante aventura y ganar dinero real.\nPuedes descargarlo gratis en cualquiera de tus dispositivos y disfrutar de una gran partida tanto en solitario como junto a tus amigos y otros jugadores.\nPara ello, lo \u00fanico que tienes que hacer es acceder al portal oficial de apuestas de One Win y descargar el juego Rocket X gratis en Android.\nPara empezar a jugar, solo tienes que ir a tu cuenta personal registr\u00e1ndote o iniciando sesi\u00f3n.\nSolo te llevar\u00e1 unos minutos, pero podr\u00e1s empezar a jugar inmediatamente y disfrutar del proceso.    <\/p>\n\n<h2 class=\"wp-block-heading\"><strong>Ventajas del juego en l\u00ednea Rocket X<\/strong><\/h2>\n\n<p>Los juegos de azar tienen una gran demanda en el mundo moderno.\nPermiten pasarlo en grande, as\u00ed como ganar casi cualquier cantidad de dinero sin salir de casa.\nA su vez, Rocket X est\u00e1 considerado como uno de los m\u00e1s populares de su g\u00e9nero.\nEste juego tiene un mont\u00f3n de ventajas, incluyendo las siguientes:   <\/p>\n\n<ul>\n<li>Rese\u00f1as excepcionalmente positivas de Rocket X, lo que indica que esta aplicaci\u00f3n es extremadamente popular entre jugadores de todo el mundo.<\/li>\n\n\n\n<li>Modo multijugador.\nLa posibilidad de jugar en tiempo real, disfrutando del proceso con tus amigos u otros usuarios de todo el mundo en l\u00ednea. <\/li>\n\n\n\n<li>Carreras din\u00e1micas.\nJugabilidad centrada en carreras r\u00e1pidas y din\u00e1micas con una gran variedad de pistas y obst\u00e1culos. <\/li>\n\n\n\n<li>Localizaciones \u00fanicas.\nLugares de juego diversos y coloridos que ofrecen diferentes condiciones de carrera. <\/li>\n\n\n\n<li>Acrobacias y mejoras.\nLa posibilidad de realizar acrobacias y mejorar tu m\u00e1quina voladora con diversas mejoras.\nTodo lo que necesitas hacer es descargar Rocket X en tu dispositivo y registrarte.  <\/li>\n\n\n\n<li>Sistema de progresi\u00f3n.\nUn elaborado sistema de progresi\u00f3n con nuevos niveles, veh\u00edculos y otros contenidos que se desbloquean a medida que avanzas en el juego. <\/li>\n\n\n\n<li>Disponibilidad de un gran n\u00famero de bonificaciones.\nPosibilidad de obtener bonificaciones, logros y otras recompensas por superar niveles o cumplir tareas especiales. <\/li>\n\n\n\n<li>Excelentes gr\u00e1ficos e impresionante banda sonora.\nGr\u00e1ficos y banda sonora de calidad para crear una impresionante atm\u00f3sfera visual y sonora. <\/li>\n<\/ul>\n\n<p>Numerosas ventajas hacen que este juego sea bastante popular entre los aficionados a las aplicaciones de juego.\nLos comentarios sobre el juego Rocket X son en su mayor\u00eda positivos, lo que confirma una vez m\u00e1s el hecho anterior.\nSi quieres pasar un buen rato, entonces esta aplicaci\u00f3n es la mejor opci\u00f3n.  <\/p>\n\n<h2 class=\"wp-block-heading\">C\u00f3mo jugar a Rocket X<\/h2>\n\n<p>Otra ventaja de este juego es que tiene reglas sencillas y claras, que pueden ser comprendidas r\u00e1pidamente por absolutamente todo el mundo.\nLo primero que tienes que hacer es registrarte o iniciar sesi\u00f3n en tu gabinete personal.\nEsta opci\u00f3n es muy conveniente, ya que todo el progreso se guardar\u00e1 autom\u00e1ticamente.  <\/p>\n\n<p>El segundo paso que debes dar es ingresar fondos en tu cuenta de juego.\nA continuaci\u00f3n, vaya a la p\u00e1gina e inicie el simulador.\nEl juego comenzar\u00e1 despu\u00e9s de que hagas una apuesta.\nEl importe es individual y depende exclusivamente de tus preferencias y estrategia.   <\/p>\n\n<p>La web oficial de Rocket X te ofrece amplias posibilidades para jugar al juego.\nHay modos individuales y multijugador, que te permiten disfrutar del juego en l\u00ednea con amigos u otros jugadores en la Red.\nTodas las reglas b\u00e1sicas est\u00e1n indicadas en el sitio web.\nAdem\u00e1s, puedes pasar por el entrenamiento antes de empezar para conocer mejor el juego y empezar a ganar desde el principio.   <\/p>\n\n<p>Una vez realizada la apuesta, s\u00f3lo hay que esperar el resultado.\nEl proceso es bastante emocionante, ya que los valores cambian con bastante rapidez y es casi imposible predecir cu\u00e1l ser\u00e1 al final. <\/p>\n\n<h2 class=\"wp-block-heading\">C\u00f3mo ganar en Rocket X<\/h2>\n\n<p>Como ya ha quedado claro, es extremadamente importante elegir el momento adecuado en el juego, para que las apuestas no se quemen y las probabilidades sean lo m\u00e1s favorables posible.\nPara ello, una <em>estrategia<\/em> personalizada de <em>Rocket<\/em> X es perfecta.\nPara desarrollarla, basta con estudiar los partidos anteriores, analizar los resultados y elegir la metodolog\u00eda del juego, que ser\u00e1 la m\u00e1s rentable.  <\/p>\n\n<p>La estrategia en Rocket X es beneficiosa para todos, ya que se basa en la experiencia previa y ayuda a comprender c\u00f3mo funciona el sistema y c\u00f3mo obtener como resultado las mayores tasas de ganancias.\nEste juego demuestra que la suerte por s\u00ed sola no ser\u00e1 suficiente para ganar.\nEl sistema de c\u00e1lculo de probabilidades de Rocket X tambi\u00e9n ser\u00e1 necesario.  <\/p>\n\n<h2 class=\"wp-block-heading\">Reglas del juego Rocket X<\/h2>\n\n<p>En el centro de la historia se encuentra un hombre famoso: Ilon Musk, o m\u00e1s bien su copia de dibujos animados, que los usuarios controlar\u00e1n a lo largo del juego.\nEste juego es perfecto para los amantes de la emoci\u00f3n y el riesgo.\nLas reglas del juego aqu\u00ed son casi id\u00e9nticas a las que tienen otras aplicaciones similares.\nAntes de empezar el juego de choque Rocket X tienes que hacer tus apuestas, y luego s\u00f3lo tienes que verlas crecer.\nEn cualquier momento puedes retirar tu apuesta, pero es importante tener cuidado: en caso de que lo hagas demasiado pronto o demasiado tarde, perder\u00e1s.\nEs crucial elegir el momento adecuado.     <\/p>\n\n<p>Si piensa que el juego es bastante simple y mon\u00f3tono, se equivoca.\nRiesgos elevados, apuestas, dinamismo: todo esto lo encontrar\u00e1 aqu\u00ed.\nPuedes leer m\u00e1s sobre las reglas en la p\u00e1gina oficial.  <\/p>\n\n<h2 class=\"wp-block-heading\">C\u00f3digos promocionales<\/h2>\n\n<p>Las plataformas de juego, los casinos o los desarrolladores pueden proporcionar c\u00f3digos promocionales de juego para atraer a nuevos jugadores, recompensar la fidelidad o realizar promociones especiales.\nSi quieres pas\u00e1rtelo en grande y aumentar tus posibilidades de ganar en Rocket X game 1win, puedes aprovechar f\u00e1cilmente los c\u00f3digos promocionales disponibles.\nPuede encontrarlos en varias fuentes:  <\/p>\n\n<ul>\n<li>El portal oficial de One Win.<\/li>\n\n\n\n<li>Listas de correo (por eso se recomienda inscribirse en las listas de correo del sitio inmediatamente despu\u00e9s de inscribirse).<\/li>\n\n\n\n<li>Redes sociales y foros especializados.<\/li>\n\n\n\n<li>Programas de afiliaci\u00f3n.<\/li>\n<\/ul>\n\n<p>Recuerda que es importante estar atento y utilizar los c\u00f3digos promocionales siguiendo las reglas y condiciones del juego para evitar malentendidos y situaciones desagradables.<\/p>\n\n<h2 class=\"wp-block-heading\">Testimonios<\/h2>\n\n<p>Teniendo en cuenta las opiniones de los usuarios, podemos concluir que este juego est\u00e1 considerado como uno de los m\u00e1s populares de su clase, con numerosas ventajas y caracter\u00edsticas.\nEstas son algunas de las opiniones de 1win Rocket X: <\/p>\n","protected":false},"excerpt":{"rendered":"<p>El juego multijugador Rocket X te ofrece sumergirte en una emocionante aventura y ganar dinero real. Puedes descargarlo gratis en cualquiera de tus dispositivos y disfrutar de una gran partida tanto en solitario como junto a tus amigos y otros jugadores. Para ello, lo \u00fanico que tienes que hacer es acceder al portal oficial de [&hellip;]<\/p>\n","protected":false},"author":2,"featured_media":0,"parent":0,"menu_order":0,"comment_status":"open","ping_status":"closed","template":"","meta":{"footnotes":""},"yoast_head":"<!-- This site is optimized with the Yoast SEO plugin v21.7 - https:\/\/yoast.com\/wordpress\/plugins\/seo\/ -->\n<title>Rocket X juego de casino, descargar<\/title>\n<meta name=\"description\" content=\"El mejor juego de Rocket X con la oportunidad de ganar dinero real. Consulta la descripci\u00f3n, estudia las caracter\u00edsticas y funciones del juego, elige la mejor estrategia y emprende viajes inolvidables. \u00a1A por las grandes ganancias!\" \/>\n<meta name=\"robots\" content=\"index, follow, max-snippet:-1, max-image-preview:large, max-video-preview:-1\" \/>\n<link rel=\"canonical\" href=\"https:\/\/aviator-crash.org\/es\/jugar-a-rocket-x\/\" \/>\n<meta property=\"og:locale\" content=\"es_ES\" \/>\n<meta property=\"og:type\" content=\"article\" \/>\n<meta property=\"og:title\" content=\"Rocket X juego de casino, descargar\" \/>\n<meta property=\"og:description\" content=\"El mejor juego de Rocket X con la oportunidad de ganar dinero real. Consulta la descripci\u00f3n, estudia las caracter\u00edsticas y funciones del juego, elige la mejor estrategia y emprende viajes inolvidables. \u00a1A por las grandes ganancias!\" \/>\n<meta property=\"og:url\" content=\"https:\/\/aviator-crash.org\/es\/jugar-a-rocket-x\/\" \/>\n<meta property=\"article:modified_time\" content=\"2024-02-02T15:01:55+00:00\" \/>\n<meta property=\"og:image\" content=\"https:\/\/aviator-crash.org\/wp-content\/uploads\/2024\/01\/rocket-x-1024x761.webp\" \/>\n<meta name=\"twitter:card\" content=\"summary_large_image\" \/>\n<meta name=\"twitter:label1\" content=\"Est. reading time\" \/>\n\t<meta name=\"twitter:data1\" content=\"5 minutos\" \/>\n<script type=\"application\/ld+json\" class=\"yoast-schema-graph\">{\"@context\":\"https:\/\/schema.org\",\"@graph\":[{\"@type\":\"WebPage\",\"@id\":\"https:\/\/aviator-crash.org\/es\/jugar-a-rocket-x\/\",\"url\":\"https:\/\/aviator-crash.org\/es\/jugar-a-rocket-x\/\",\"name\":\"Rocket X juego de casino, descargar\",\"isPartOf\":{\"@id\":\"https:\/\/aviator-crash.org\/es\/#website\"},\"datePublished\":\"2023-12-27T19:40:59+00:00\",\"dateModified\":\"2024-02-02T15:01:55+00:00\",\"description\":\"El mejor juego de Rocket X con la oportunidad de ganar dinero real. Consulta la descripci\u00f3n, estudia las caracter\u00edsticas y funciones del juego, elige la mejor estrategia y emprende viajes inolvidables. \u00a1A por las grandes ganancias!\",\"breadcrumb\":{\"@id\":\"https:\/\/aviator-crash.org\/es\/jugar-a-rocket-x\/#breadcrumb\"},\"inLanguage\":\"es\",\"potentialAction\":[{\"@type\":\"ReadAction\",\"target\":[\"https:\/\/aviator-crash.org\/es\/jugar-a-rocket-x\/\"]}]},{\"@type\":\"BreadcrumbList\",\"@id\":\"https:\/\/aviator-crash.org\/es\/jugar-a-rocket-x\/#breadcrumb\",\"itemListElement\":[{\"@type\":\"ListItem\",\"position\":1,\"name\":\"Home\",\"item\":\"https:\/\/aviator-crash.org\/es\/\"},{\"@type\":\"ListItem\",\"position\":2,\"name\":\"Jugar a Rocket X\"}]},{\"@type\":\"WebSite\",\"@id\":\"https:\/\/aviator-crash.org\/es\/#website\",\"url\":\"https:\/\/aviator-crash.org\/es\/\",\"name\":\"\",\"description\":\"\",\"potentialAction\":[{\"@type\":\"SearchAction\",\"target\":{\"@type\":\"EntryPoint\",\"urlTemplate\":\"https:\/\/aviator-crash.org\/es\/?s={search_term_string}\"},\"query-input\":\"required name=search_term_string\"}],\"inLanguage\":\"es\"}]}<\/script>\n<!-- \/ Yoast SEO plugin. -->","yoast_head_json":{"title":"Rocket X juego de casino, descargar","description":"El mejor juego de Rocket X con la oportunidad de ganar dinero real. Consulta la descripci\u00f3n, estudia las caracter\u00edsticas y funciones del juego, elige la mejor estrategia y emprende viajes inolvidables. \u00a1A por las grandes ganancias!","robots":{"index":"index","follow":"follow","max-snippet":"max-snippet:-1","max-image-preview":"max-image-preview:large","max-video-preview":"max-video-preview:-1"},"canonical":"https:\/\/aviator-crash.org\/es\/jugar-a-rocket-x\/","og_locale":"es_ES","og_type":"article","og_title":"Rocket X juego de casino, descargar","og_description":"El mejor juego de Rocket X con la oportunidad de ganar dinero real. Consulta la descripci\u00f3n, estudia las caracter\u00edsticas y funciones del juego, elige la mejor estrategia y emprende viajes inolvidables. \u00a1A por las grandes ganancias!","og_url":"https:\/\/aviator-crash.org\/es\/jugar-a-rocket-x\/","article_modified_time":"2024-02-02T15:01:55+00:00","og_image":[{"url":"https:\/\/aviator-crash.org\/wp-content\/uploads\/2024\/01\/rocket-x-1024x761.webp"}],"twitter_card":"summary_large_image","twitter_misc":{"Est. reading time":"5 minutos"},"schema":{"@context":"https:\/\/schema.org","@graph":[{"@type":"WebPage","@id":"https:\/\/aviator-crash.org\/es\/jugar-a-rocket-x\/","url":"https:\/\/aviator-crash.org\/es\/jugar-a-rocket-x\/","name":"Rocket X juego de casino, descargar","isPartOf":{"@id":"https:\/\/aviator-crash.org\/es\/#website"},"datePublished":"2023-12-27T19:40:59+00:00","dateModified":"2024-02-02T15:01:55+00:00","description":"El mejor juego de Rocket X con la oportunidad de ganar dinero real. Consulta la descripci\u00f3n, estudia las caracter\u00edsticas y funciones del juego, elige la mejor estrategia y emprende viajes inolvidables. \u00a1A por las grandes ganancias!","breadcrumb":{"@id":"https:\/\/aviator-crash.org\/es\/jugar-a-rocket-x\/#breadcrumb"},"inLanguage":"es","potentialAction":[{"@type":"ReadAction","target":["https:\/\/aviator-crash.org\/es\/jugar-a-rocket-x\/"]}]},{"@type":"BreadcrumbList","@id":"https:\/\/aviator-crash.org\/es\/jugar-a-rocket-x\/#breadcrumb","itemListElement":[{"@type":"ListItem","position":1,"name":"Home","item":"https:\/\/aviator-crash.org\/es\/"},{"@type":"ListItem","position":2,"name":"Jugar a Rocket X"}]},{"@type":"WebSite","@id":"https:\/\/aviator-crash.org\/es\/#website","url":"https:\/\/aviator-crash.org\/es\/","name":"","description":"","potentialAction":[{"@type":"SearchAction","target":{"@type":"EntryPoint","urlTemplate":"https:\/\/aviator-crash.org\/es\/?s={search_term_string}"},"query-input":"required name=search_term_string"}],"inLanguage":"es"}]}},"_links":{"self":[{"href":"https:\/\/aviator-crash.org\/es\/wp-json\/wp\/v2\/pages\/1237"}],"collection":[{"href":"https:\/\/aviator-crash.org\/es\/wp-json\/wp\/v2\/pages"}],"about":[{"href":"https:\/\/aviator-crash.org\/es\/wp-json\/wp\/v2\/types\/page"}],"author":[{"embeddable":true,"href":"https:\/\/aviator-crash.org\/es\/wp-json\/wp\/v2\/users\/2"}],"replies":[{"embeddable":true,"href":"https:\/\/aviator-crash.org\/es\/wp-json\/wp\/v2\/comments?post=1237"}],"version-history":[{"count":1,"href":"https:\/\/aviator-crash.org\/es\/wp-json\/wp\/v2\/pages\/1237\/revisions"}],"predecessor-version":[{"id":1239,"href":"https:\/\/aviator-crash.org\/es\/wp-json\/wp\/v2\/pages\/1237\/revisions\/1239"}],"wp:attachment":[{"href":"https:\/\/aviator-crash.org\/es\/wp-json\/wp\/v2\/media?parent=1237"}],"curies":[{"name":"wp","href":"https:\/\/api.w.org\/{rel}","templated":true}]}}