{"id":1252,"date":"2023-12-27T19:48:01","date_gmt":"2023-12-27T19:48:01","guid":{"rendered":"https:\/\/aviator-crash.org\/maquina-tragaperras-space-xy\/"},"modified":"2024-02-02T15:04:41","modified_gmt":"2024-02-02T15:04:41","slug":"maquina-tragaperras-space-xy","status":"publish","type":"page","link":"https:\/\/aviator-crash.org\/es\/maquina-tragaperras-space-xy\/","title":{"rendered":"M\u00e1quina tragaperras Space XY"},"content":{"rendered":"\n<figure class=\"wp-block-gallery has-nested-images columns-default is-cropped wp-block-gallery-1 is-layout-flex wp-block-gallery-is-layout-flex\">\n<figure class=\"wp-block-image size-large\"><span itemprop=\"image\" itemscope itemtype=\"https:\/\/schema.org\/ImageObject\"><img itemprop=\"url image\" loading=\"lazy\" decoding=\"async\" width=\"1024\" height=\"445\" data-id=\"469\" src=\"https:\/\/aviator-crash.org\/wp-content\/uploads\/2024\/01\/bgaming-game-release-1024x445.jpg\" alt=\"\" class=\"wp-image-469\" srcset=\"https:\/\/aviator-crash.org\/wp-content\/uploads\/2024\/01\/bgaming-game-release-1024x445.jpg 1024w, https:\/\/aviator-crash.org\/wp-content\/uploads\/2024\/01\/bgaming-game-release-300x131.jpg 300w, https:\/\/aviator-crash.org\/wp-content\/uploads\/2024\/01\/bgaming-game-release-768x334.jpg 768w, https:\/\/aviator-crash.org\/wp-content\/uploads\/2024\/01\/bgaming-game-release.jpg 1200w\" sizes=\"(max-width: 1024px) 100vw, 1024px\" \/><meta itemprop=\"width\" content=\"1024\"><meta itemprop=\"height\" content=\"445\"><\/span><\/figure>\n<\/figure>\n\n<p>Bienvenido al mundo de Space XY, donde cada estrella es una nueva aventura y cada galaxia un campo de exploraci\u00f3n.\nEste emocionante juego espacial ofrece a los jugadores no solo la oportunidad de explorar las vastas extensiones del universo, sino tambi\u00e9n de convertirse en aut\u00e9nticos conquistadores del espacio. <\/p>\n\n<p>Space XY es un juego que llama la atenci\u00f3n desde los primeros segundos.\nPuedes descargar la app en Android en la p\u00e1gina oficial de apuestas de One Win.\nAqu\u00ed te esperan las mejores aventuras y un pasatiempo inolvidable.\nEntra en tu cuenta personal, haz apuestas y gana en Space XY.   <\/p>\n\n<h2 class=\"wp-block-heading\">Ventajas del juego en l\u00ednea Space XY<\/h2>\n\n<p>Space XY es un juego que ofrece emocionantes batallas espaciales en las que podr\u00e1s poner a prueba tus habilidades de pilotaje.\nPersonaliza tu nave espacial, lucha contra amenazas alien\u00edgenas y participa en \u00e9picas batallas espaciales que determinar\u00e1n tu destino en este vasto espacio. <\/p>\n\n<p>Entre las principales ventajas de este juego se encuentran las siguientes:<\/p>\n\n<ul>\n<li>Una trama profunda.\nSpace XY no se limita a las aventuras espaciales.\nUna trama rica, puzles intrincados y decisiones importantes crean una experiencia \u00fanica que depende de tus elecciones.  <\/li>\n\n\n\n<li>Cada decisi\u00f3n afecta al curso del juego.\nPor eso necesitar\u00e1s una estrategia en Space XY para ganar y conseguir el mayor n\u00famero de puntos posible. <\/li>\n\n\n\n<li>Opci\u00f3n de personalizaci\u00f3n.\nUno de los elementos clave de Space XY es la posibilidad de personalizar tu nave espacial para adaptarla a tus preferencias.\nElige modificaciones \u00fanicas, mejora la tecnolog\u00eda y crea una nave que refleje tu estilo y estrategia.  <\/li>\n\n\n\n<li>Viajes Gal\u00e1cticos.\nSpace XY abre multitud de galaxias, cada una repleta de mundos asombrosos, artefactos misteriosos y peligrosas aventuras.\nExplora planetas inexplorados, conoce diversas razas y participa en intrigantes historias espaciales.\nTodo lo que necesitas para empezar a sumergirte en la historia es averiguar c\u00f3mo instalar el juego Space XY.   <\/li>\n\n\n\n<li>Eventos y misiones semanales.\nEl juego en l\u00ednea se actualiza constantemente con nuevos eventos, misiones y desaf\u00edos, lo que te permite encontrar siempre nuevas metas que alcanzar.\nParticipa en eventos semanales, lucha por premios y marav\u00edllate con las oportunidades \u00fanicas que se te presentan cada semana.  <\/li>\n<\/ul>\n\n<h2 class=\"wp-block-heading\">C\u00f3mo jugar a Space XY<\/h2>\n\n<p>Para unirte a la aventura espacial en Space XY, el primer paso es instalar el juego.\nA continuaci\u00f3n, tendr\u00e1s que crear tu cuenta, lo que garantizar\u00e1 el mantenimiento de tus progresos y capacidades online.\nUna vez registrado, personaliza tu nave espacial eligiendo dise\u00f1os y mejoras \u00fanicas.\nSum\u00e9rgete en el mundo de Space XY explorando galaxias, interactuando con diferentes mundos y completando misiones descargando Space XY.   <\/p>\n\n<p>Las batallas espaciales son un aspecto clave del juego.\nDesaf\u00eda a las amenazas alien\u00edgenas y a otros jugadores en tiempo real utilizando tus habilidades estrat\u00e9gicas.\nParticipa en eventos y misiones para ganar recompensas y mejoras.\nLa socializaci\u00f3n con otros jugadores tambi\u00e9n es importante: forma alianzas, comparte experiencias y estrategias.   <\/p>\n\n<p>En general, la inmersi\u00f3n en Space XY requiere explorar, luchar e interactuar con un mundo c\u00f3smico que aguarda tu descubrimiento.<\/p>\n\n<h2 class=\"wp-block-heading\">C\u00f3mo ganar en Space XY<\/h2>\n\n<p>En el mundo de Space XY, la clave para jugar con \u00e9xito reside en la exploraci\u00f3n profunda del universo y la adaptaci\u00f3n flexible a una gran variedad de desaf\u00edos.\nDesarrolla tu nave espacial, personal\u00edzala para adaptarla a tus necesidades \u00fanicas y a las exigencias de la situaci\u00f3n actual.\nY las bonificaciones de Space XY te permitir\u00e1n aumentar tus posibilidades de ganar.  <\/p>\n\n<p>Adopta un enfoque estrat\u00e9gico en las batallas espaciales, prestando atenci\u00f3n a la din\u00e1mica de la batalla y a los factores externos.\nObserva el comportamiento de los dem\u00e1s jugadores y adapta tus t\u00e1cticas en funci\u00f3n de sus acciones.\nLa estrategia de Space XY es un aspecto clave que necesitas para jugar con \u00e9xito.  <\/p>\n\n<p>Participa activamente en eventos y misiones que te brinden la oportunidad de obtener valiosos recursos y mejoras para tu nave.\nSin embargo, recuerda que tus acciones y decisiones pueden afectar al juego y a tus interacciones con otros jugadores. <\/p>\n\n<h2 class=\"wp-block-heading\">Reglas del juego Space XY<\/h2>\n\n<p>En el mundo de Space XY, hay algunas reglas b\u00e1sicas que te ayudar\u00e1n a navegar con \u00e9xito y triunfar en tus aventuras espaciales.\nDebes aprenderlas antes de empezar a jugar a Space XY: <\/p>\n\n<ol>\n<li>Explora diferentes galaxias, planetas y asteroides.<\/li>\n\n\n\n<li>Mejora tu nave, desarrolla t\u00e1cticas y participa en duelos espaciales para proteger tus intereses.<\/li>\n\n\n\n<li>Extrae recursos, proc\u00e9salos y \u00fasalos para mejorar tu nave, construir bases, investigar y comerciar.<\/li>\n\n\n\n<li>Participa activamente en eventos y misiones para ganar recompensas \u00fanicas y ampliar tus habilidades en el juego.<\/li>\n\n\n\n<li>Explora nuevas tecnolog\u00edas para mejorar la defensa de tu nave y tu base.<\/li>\n\n\n\n<li>Forma alianzas con otros jugadores para unir fuerzas y luchar por objetivos comunes y desarrolla estrategias en el juego Space XY para ganar.<\/li>\n\n\n\n<li>Participa en competiciones y sigue las clasificaciones para medir tus progresos y comparar tus logros con los de otros jugadores.<\/li>\n<\/ol>\n\n<p>Seguir estas reglas te ayudar\u00e1 a disfrutar plenamente de la experiencia espacial en Space XY y a triunfar en la inmensidad del espacio.<\/p>\n\n<h2 class=\"wp-block-heading\">C\u00f3digos promocionales<\/h2>\n\n<p>La mejor manera de conseguir c\u00f3digos actualizados es seguir los canales de comunicaci\u00f3n oficiales del juego.\nPueden ser el sitio web oficial, las redes sociales, los foros o los boletines por correo electr\u00f3nico.\nLos c\u00f3digos promocionales de un juego como Space XY se utilizan para ofrecer a los jugadores diversas bonificaciones y ventajas.  <\/p>\n\n<p>Los c\u00f3digos promocionales pueden proporcionar recursos gratuitos como cr\u00e9ditos, energ\u00eda u otras monedas del juego.\nAlgunas opciones dan acceso a mejoras \u00fanicas para naves espaciales, bases y otros elementos del juego.\nLos an\u00e1lisis de Space XY ofrecen muchos consejos sobre c\u00f3mo utilizar correctamente estas bonificaciones.  <\/p>\n\n<p>Los c\u00f3digos promocionales pueden distribuirse como parte de eventos especiales, concursos o promociones, incentivando a los jugadores a participar en diversas actividades.<\/p>\n\n<h2 class=\"wp-block-heading\">Testimonios<\/h2>\n\n<p>He aqu\u00ed algunas opiniones de usuarios que confirman la gran popularidad de esta aplicaci\u00f3n:<\/p>\n","protected":false},"excerpt":{"rendered":"<p>Bienvenido al mundo de Space XY, donde cada estrella es una nueva aventura y cada galaxia un campo de exploraci\u00f3n. Este emocionante juego espacial ofrece a los jugadores no solo la oportunidad de explorar las vastas extensiones del universo, sino tambi\u00e9n de convertirse en aut\u00e9nticos conquistadores del espacio. Space XY es un juego que llama [&hellip;]<\/p>\n","protected":false},"author":2,"featured_media":0,"parent":0,"menu_order":0,"comment_status":"open","ping_status":"closed","template":"","meta":{"footnotes":""},"yoast_head":"<!-- This site is optimized with the Yoast SEO plugin v21.7 - https:\/\/yoast.com\/wordpress\/plugins\/seo\/ -->\n<title>Space XY juego de casino, descargar<\/title>\n<meta name=\"description\" content=\"Un juego interesante para los amantes de la emoci\u00f3n y los altos riesgos. Descarga y disfruta de la jugabilidad del juego Space XY en el casino. Sum\u00e9rgete en el mundo del riesgo y de las aventuras inolvidables. Estudia atentamente las reglas y caracter\u00edsticas del juego para ganar.\" \/>\n<meta name=\"robots\" content=\"index, follow, max-snippet:-1, max-image-preview:large, max-video-preview:-1\" \/>\n<link rel=\"canonical\" href=\"https:\/\/aviator-crash.org\/es\/maquina-tragaperras-space-xy\/\" \/>\n<meta property=\"og:locale\" content=\"es_ES\" \/>\n<meta property=\"og:type\" content=\"article\" \/>\n<meta property=\"og:title\" content=\"Space XY juego de casino, descargar\" \/>\n<meta property=\"og:description\" content=\"Un juego interesante para los amantes de la emoci\u00f3n y los altos riesgos. Descarga y disfruta de la jugabilidad del juego Space XY en el casino. Sum\u00e9rgete en el mundo del riesgo y de las aventuras inolvidables. Estudia atentamente las reglas y caracter\u00edsticas del juego para ganar.\" \/>\n<meta property=\"og:url\" content=\"https:\/\/aviator-crash.org\/es\/maquina-tragaperras-space-xy\/\" \/>\n<meta property=\"article:modified_time\" content=\"2024-02-02T15:04:41+00:00\" \/>\n<meta property=\"og:image\" content=\"https:\/\/aviator-crash.org\/wp-content\/uploads\/2024\/01\/bgaming-game-release-1024x445.jpg\" \/>\n<meta name=\"twitter:card\" content=\"summary_large_image\" \/>\n<meta name=\"twitter:label1\" content=\"Est. reading time\" \/>\n\t<meta name=\"twitter:data1\" content=\"5 minutos\" \/>\n<script type=\"application\/ld+json\" class=\"yoast-schema-graph\">{\"@context\":\"https:\/\/schema.org\",\"@graph\":[{\"@type\":\"WebPage\",\"@id\":\"https:\/\/aviator-crash.org\/es\/maquina-tragaperras-space-xy\/\",\"url\":\"https:\/\/aviator-crash.org\/es\/maquina-tragaperras-space-xy\/\",\"name\":\"Space XY juego de casino, descargar\",\"isPartOf\":{\"@id\":\"https:\/\/aviator-crash.org\/es\/#website\"},\"datePublished\":\"2023-12-27T19:48:01+00:00\",\"dateModified\":\"2024-02-02T15:04:41+00:00\",\"description\":\"Un juego interesante para los amantes de la emoci\u00f3n y los altos riesgos. Descarga y disfruta de la jugabilidad del juego Space XY en el casino. Sum\u00e9rgete en el mundo del riesgo y de las aventuras inolvidables. Estudia atentamente las reglas y caracter\u00edsticas del juego para ganar.\",\"breadcrumb\":{\"@id\":\"https:\/\/aviator-crash.org\/es\/maquina-tragaperras-space-xy\/#breadcrumb\"},\"inLanguage\":\"es\",\"potentialAction\":[{\"@type\":\"ReadAction\",\"target\":[\"https:\/\/aviator-crash.org\/es\/maquina-tragaperras-space-xy\/\"]}]},{\"@type\":\"BreadcrumbList\",\"@id\":\"https:\/\/aviator-crash.org\/es\/maquina-tragaperras-space-xy\/#breadcrumb\",\"itemListElement\":[{\"@type\":\"ListItem\",\"position\":1,\"name\":\"Home\",\"item\":\"https:\/\/aviator-crash.org\/es\/\"},{\"@type\":\"ListItem\",\"position\":2,\"name\":\"M\u00e1quina tragaperras Space XY\"}]},{\"@type\":\"WebSite\",\"@id\":\"https:\/\/aviator-crash.org\/es\/#website\",\"url\":\"https:\/\/aviator-crash.org\/es\/\",\"name\":\"\",\"description\":\"\",\"potentialAction\":[{\"@type\":\"SearchAction\",\"target\":{\"@type\":\"EntryPoint\",\"urlTemplate\":\"https:\/\/aviator-crash.org\/es\/?s={search_term_string}\"},\"query-input\":\"required name=search_term_string\"}],\"inLanguage\":\"es\"}]}<\/script>\n<!-- \/ Yoast SEO plugin. -->","yoast_head_json":{"title":"Space XY juego de casino, descargar","description":"Un juego interesante para los amantes de la emoci\u00f3n y los altos riesgos. Descarga y disfruta de la jugabilidad del juego Space XY en el casino. Sum\u00e9rgete en el mundo del riesgo y de las aventuras inolvidables. Estudia atentamente las reglas y caracter\u00edsticas del juego para ganar.","robots":{"index":"index","follow":"follow","max-snippet":"max-snippet:-1","max-image-preview":"max-image-preview:large","max-video-preview":"max-video-preview:-1"},"canonical":"https:\/\/aviator-crash.org\/es\/maquina-tragaperras-space-xy\/","og_locale":"es_ES","og_type":"article","og_title":"Space XY juego de casino, descargar","og_description":"Un juego interesante para los amantes de la emoci\u00f3n y los altos riesgos. Descarga y disfruta de la jugabilidad del juego Space XY en el casino. Sum\u00e9rgete en el mundo del riesgo y de las aventuras inolvidables. Estudia atentamente las reglas y caracter\u00edsticas del juego para ganar.","og_url":"https:\/\/aviator-crash.org\/es\/maquina-tragaperras-space-xy\/","article_modified_time":"2024-02-02T15:04:41+00:00","og_image":[{"url":"https:\/\/aviator-crash.org\/wp-content\/uploads\/2024\/01\/bgaming-game-release-1024x445.jpg"}],"twitter_card":"summary_large_image","twitter_misc":{"Est. reading time":"5 minutos"},"schema":{"@context":"https:\/\/schema.org","@graph":[{"@type":"WebPage","@id":"https:\/\/aviator-crash.org\/es\/maquina-tragaperras-space-xy\/","url":"https:\/\/aviator-crash.org\/es\/maquina-tragaperras-space-xy\/","name":"Space XY juego de casino, descargar","isPartOf":{"@id":"https:\/\/aviator-crash.org\/es\/#website"},"datePublished":"2023-12-27T19:48:01+00:00","dateModified":"2024-02-02T15:04:41+00:00","description":"Un juego interesante para los amantes de la emoci\u00f3n y los altos riesgos. Descarga y disfruta de la jugabilidad del juego Space XY en el casino. Sum\u00e9rgete en el mundo del riesgo y de las aventuras inolvidables. Estudia atentamente las reglas y caracter\u00edsticas del juego para ganar.","breadcrumb":{"@id":"https:\/\/aviator-crash.org\/es\/maquina-tragaperras-space-xy\/#breadcrumb"},"inLanguage":"es","potentialAction":[{"@type":"ReadAction","target":["https:\/\/aviator-crash.org\/es\/maquina-tragaperras-space-xy\/"]}]},{"@type":"BreadcrumbList","@id":"https:\/\/aviator-crash.org\/es\/maquina-tragaperras-space-xy\/#breadcrumb","itemListElement":[{"@type":"ListItem","position":1,"name":"Home","item":"https:\/\/aviator-crash.org\/es\/"},{"@type":"ListItem","position":2,"name":"M\u00e1quina tragaperras Space XY"}]},{"@type":"WebSite","@id":"https:\/\/aviator-crash.org\/es\/#website","url":"https:\/\/aviator-crash.org\/es\/","name":"","description":"","potentialAction":[{"@type":"SearchAction","target":{"@type":"EntryPoint","urlTemplate":"https:\/\/aviator-crash.org\/es\/?s={search_term_string}"},"query-input":"required name=search_term_string"}],"inLanguage":"es"}]}},"_links":{"self":[{"href":"https:\/\/aviator-crash.org\/es\/wp-json\/wp\/v2\/pages\/1252"}],"collection":[{"href":"https:\/\/aviator-crash.org\/es\/wp-json\/wp\/v2\/pages"}],"about":[{"href":"https:\/\/aviator-crash.org\/es\/wp-json\/wp\/v2\/types\/page"}],"author":[{"embeddable":true,"href":"https:\/\/aviator-crash.org\/es\/wp-json\/wp\/v2\/users\/2"}],"replies":[{"embeddable":true,"href":"https:\/\/aviator-crash.org\/es\/wp-json\/wp\/v2\/comments?post=1252"}],"version-history":[{"count":1,"href":"https:\/\/aviator-crash.org\/es\/wp-json\/wp\/v2\/pages\/1252\/revisions"}],"predecessor-version":[{"id":1254,"href":"https:\/\/aviator-crash.org\/es\/wp-json\/wp\/v2\/pages\/1252\/revisions\/1254"}],"wp:attachment":[{"href":"https:\/\/aviator-crash.org\/es\/wp-json\/wp\/v2\/media?parent=1252"}],"curies":[{"name":"wp","href":"https:\/\/api.w.org\/{rel}","templated":true}]}}