{"id":1269,"date":"2023-12-27T19:09:40","date_gmt":"2023-12-27T19:09:40","guid":{"rendered":"https:\/\/aviator-crash.org\/juegos-como-aviador-por-dinero\/"},"modified":"2024-02-02T15:06:47","modified_gmt":"2024-02-02T15:06:47","slug":"juegos-como-aviador-por-dinero","status":"publish","type":"page","link":"https:\/\/aviator-crash.org\/es\/juegos-como-aviador-por-dinero\/","title":{"rendered":"Juegos como Aviador por dinero"},"content":{"rendered":"\n<p>Aviator es un juego \u00fanico, uno de los primeros videojuegos por dinero en el g\u00e9nero de choque, cuya aparici\u00f3n caus\u00f3 sensaci\u00f3n en los juegos de azar en l\u00ednea.\nEs din\u00e1mico, emocionante, con rondas cortas, que son m\u00e1s que suficientes para una poderosa descarga de adrenalina y obtener emociones v\u00edvidas.\nPero un jugador sofisticado siempre est\u00e1 fascinado por la variedad, por lo que hoy en d\u00eda la demanda de an\u00e1logos del juego Aviator ha aumentado r\u00e1pidamente.\nEntendiendo esto, los principales desarrolladores han hecho hincapi\u00e9 en la presentaci\u00f3n de productos similares con el uso de una jugabilidad innovadora.   <\/p>\n\n<h2 class=\"wp-block-heading\">Lucky Jet es un an\u00e1logo del juego Aviator<\/h2>\n\n<p>Lucky Jet es un juego de dinero en efectivo similar a Aviator que est\u00e1 ganando popularidad r\u00e1pidamente, presentado por el casino en l\u00ednea 1win y que pertenece a los coloridos.\nEst\u00e1 hecho como un juego similar a Aviator, pero en lugar de un avi\u00f3n, hay que vigilar a Lucky Joe y su mochila.\nLas apuestas tambi\u00e9n se hacen antes de que empiece la ronda, y entonces se activa un multiplicador y tienes que ser capaz de cobrar tus ganancias antes de que Joe salga volando.  <\/p>\n\n<p>Las probabilidades en Lucky Jet son diferentes.\nPuede tomar la apuesta multiplicada por 3, o puede esperar un aumento de 50, 100 e incluso 200 veces.\nComo muestran las estad\u00edsticas, las probabilidades altas son comunes.\nPero s\u00f3lo del jugador depende cu\u00e1nta paciencia tenga y si puede predecir correctamente la duraci\u00f3n de la ronda.   <\/p>\n\n<h2 class=\"wp-block-heading\">Jet X es otro juego tipo Aviator<\/h2>\n\n<p>El siguiente juego como Aviator que est\u00e1 ganando popularidad activamente es Jet X, presentado por Smartsoft Gaming.\nEs un juego multijugador, similar en esencia a Aviator, porque.\nen el que tambi\u00e9n hay que seguir al avi\u00f3n ganando altitud.\nLa diferencia es que se sigue el punto de despegue, es decir.\ncuanto m\u00e1s alto est\u00e9, m\u00e1s ganar\u00e1 el jugador aumentando las probabilidades.\nSin embargo, si el jugador no consigue retirar el dinero antes de que el avi\u00f3n se aleje, perder\u00e1 y lo perder\u00e1 todo.     <\/p>\n\n<p>El juego es emocionante, agrada al equilibrio de adrenalina y emoci\u00f3n, as\u00ed como \u00abfichas\u00bb especiales.\nPor ejemplo: <\/p>\n\n<ul>\n<li>Hay una funci\u00f3n de bonificaci\u00f3n que consiste en el sorteo de un bote.<\/li>\n\n\n\n<li>Se ha establecido un cobro m\u00ednimo con probabilidades de 1,1.<\/li>\n\n\n\n<li>El multiplicador funciona hasta m\u00e1s infinito.<\/li>\n<\/ul>\n\n<h2 class=\"wp-block-heading\">Cohete X.<\/h2>\n\n<p>Rocket X es tambi\u00e9n una variante del juego tipo Aviator presentado por Slotegrator.\nAtrae a una interfaz gr\u00e1fica r\u00e1pida, funcionalidad \u00fanica, la capacidad de dar al jugador un mont\u00f3n de emociones brillantes.\nEn \u00e9l, la trama se construye en el despegue del cohete, que est\u00e1 tratando de mantener a un hombre joven.\nEn el curso de cada ronda funciona multiplicador de apuestas, por lo que puede obtener la cantidad multiplicada por 100 y a\u00fan m\u00e1s.   <\/p>\n\n<p>Hay ajustes en este juego:<\/p>\n\n<ul>\n<li>Autostraddle.<\/li>\n\n\n\n<li>Autopiniones.<\/li>\n<\/ul>\n\n<p>Se pueden utilizar tanto estrategias moderadas como agresivas.\nAl mismo tiempo, no existe una \u00fanica estrategia ganadora garantizada, todo se basa en el sistema aleatorio, es decir.\nLa fortuna lo determinar\u00e1 todo.  <\/p>\n\n<h2 class=\"wp-block-heading\">Espacio XY.<\/h2>\n\n<p>Space XY es tambi\u00e9n una gran opci\u00f3n para quienes est\u00e9n interesados en un juego de dinero similar a Aviator.\nEn \u00e9l, los jugadores tendr\u00e1n que lanzar no un avi\u00f3n, sino un cohete.\nLa interfaz es sobria, lac\u00f3nica.\nLas apuestas se hacen en la siguiente ronda, en la que el jugador tendr\u00e1 que ver el vuelo de su cohete.\nSin embargo, de repente puede desaparecer del radar, desviarse de su curso y explotar, y cuando esto ocurre &#8211; se pierden las apuestas.\nLa tarea del jugador es \u00absaltar\u00bb del cohete a tiempo, es decir.\ncomo en otros juegos similares, coger el dinero antes de que explote.      <\/p>\n\n<h2 class=\"wp-block-heading\">Cash or Crash.<\/h2>\n\n<p>Cash or Crash, aunque es un an\u00e1logo de Aviator, difiere en el hecho de que es todo un programa de juegos y es un juego en vivo, que se complementa con la realidad.\nLa trama se desarrolla en el interior de la aeronave virtual, donde hay una escalera de 20 pelda\u00f1os.\nEl movimiento sobre ella ayuda a elevar la aeronave y alejarla cada vez m\u00e1s de la Tierra.\nAl subir la escalera se encienden bolas verdes, cada una de las cuales conduce a la victoria y aumenta las ganancias, pero en cuanto se enciende la roja, el jugador se estrella y lo pierde todo.   <\/p>\n\n<p>Caracter\u00edsticas:<\/p>\n\n<ul>\n<li>Es posible aumentar las apuestas hasta 50.000 veces.<\/li>\n\n\n\n<li>Tambi\u00e9n hay un orbe dorado que concede vida extra.<\/li>\n<\/ul>\n\n<h2 class=\"wp-block-heading\">Sacar conclusiones<\/h2>\n\n<p>Los juegos de aviador y similares son una gran oportunidad para relajarse, descansar y deshacerse de la negatividad acumulada durante el d\u00eda.\nAl mismo tiempo, cada jugador persigue su propio significado: <\/p>\n\n<ul>\n<li>Divi\u00e9rtete y satisface la emoci\u00f3n.<\/li>\n\n\n\n<li>Gana dinero.<\/li>\n<\/ul>\n\n<p>Qu\u00e9 juego tipo Aviador por dinero elegir y con qu\u00e9 prop\u00f3sito jugar &#8211; depende de usted, lo principal es ser capaz de controlarse y atenerse a la estrategia elegida.\nUna gran selecci\u00f3n de tragaperras es una gran oportunidad para diversificar el tiempo de ocio de incluso el jugador m\u00e1s sofisticado. <\/p>\n","protected":false},"excerpt":{"rendered":"<p>Aviator es un juego \u00fanico, uno de los primeros videojuegos por dinero en el g\u00e9nero de choque, cuya aparici\u00f3n caus\u00f3 sensaci\u00f3n en los juegos de azar en l\u00ednea. Es din\u00e1mico, emocionante, con rondas cortas, que son m\u00e1s que suficientes para una poderosa descarga de adrenalina y obtener emociones v\u00edvidas. Pero un jugador sofisticado siempre est\u00e1 [&hellip;]<\/p>\n","protected":false},"author":2,"featured_media":0,"parent":0,"menu_order":0,"comment_status":"closed","ping_status":"closed","template":"","meta":{"footnotes":""},"yoast_head":"<!-- This site is optimized with the Yoast SEO plugin v21.7 - https:\/\/yoast.com\/wordpress\/plugins\/seo\/ -->\n<title>Juegos de dinero similares a Aviator (juegos parecidos y an\u00e1logos a Aviator)<\/title>\n<meta name=\"description\" content=\"Revisi\u00f3n de juegos de choque como el famoso &quot;Aviator&quot; por dinero. \u00a1Echa un vistazo a las principales variantes y elegir el que le cargar\u00e1 con nuevas emociones y la emoci\u00f3n, y si la fortuna ser\u00e1 favorable, entonces una victoria s\u00f3lida!\" \/>\n<meta name=\"robots\" content=\"index, follow, max-snippet:-1, max-image-preview:large, max-video-preview:-1\" \/>\n<link rel=\"canonical\" href=\"https:\/\/aviator-crash.org\/es\/juegos-como-aviador-por-dinero\/\" \/>\n<meta property=\"og:locale\" content=\"es_ES\" \/>\n<meta property=\"og:type\" content=\"article\" \/>\n<meta property=\"og:title\" content=\"Juegos de dinero similares a Aviator (juegos parecidos y an\u00e1logos a Aviator)\" \/>\n<meta property=\"og:description\" content=\"Revisi\u00f3n de juegos de choque como el famoso &quot;Aviator&quot; por dinero. \u00a1Echa un vistazo a las principales variantes y elegir el que le cargar\u00e1 con nuevas emociones y la emoci\u00f3n, y si la fortuna ser\u00e1 favorable, entonces una victoria s\u00f3lida!\" \/>\n<meta property=\"og:url\" content=\"https:\/\/aviator-crash.org\/es\/juegos-como-aviador-por-dinero\/\" \/>\n<meta property=\"article:modified_time\" content=\"2024-02-02T15:06:47+00:00\" \/>\n<meta name=\"twitter:card\" content=\"summary_large_image\" \/>\n<meta name=\"twitter:label1\" content=\"Est. reading time\" \/>\n\t<meta name=\"twitter:data1\" content=\"4 minutos\" \/>\n<script type=\"application\/ld+json\" class=\"yoast-schema-graph\">{\"@context\":\"https:\/\/schema.org\",\"@graph\":[{\"@type\":\"WebPage\",\"@id\":\"https:\/\/aviator-crash.org\/es\/juegos-como-aviador-por-dinero\/\",\"url\":\"https:\/\/aviator-crash.org\/es\/juegos-como-aviador-por-dinero\/\",\"name\":\"Juegos de dinero similares a Aviator (juegos parecidos y an\u00e1logos a Aviator)\",\"isPartOf\":{\"@id\":\"https:\/\/aviator-crash.org\/es\/#website\"},\"datePublished\":\"2023-12-27T19:09:40+00:00\",\"dateModified\":\"2024-02-02T15:06:47+00:00\",\"description\":\"Revisi\u00f3n de juegos de choque como el famoso \\\"Aviator\\\" por dinero. \u00a1Echa un vistazo a las principales variantes y elegir el que le cargar\u00e1 con nuevas emociones y la emoci\u00f3n, y si la fortuna ser\u00e1 favorable, entonces una victoria s\u00f3lida!\",\"breadcrumb\":{\"@id\":\"https:\/\/aviator-crash.org\/es\/juegos-como-aviador-por-dinero\/#breadcrumb\"},\"inLanguage\":\"es\",\"potentialAction\":[{\"@type\":\"ReadAction\",\"target\":[\"https:\/\/aviator-crash.org\/es\/juegos-como-aviador-por-dinero\/\"]}]},{\"@type\":\"BreadcrumbList\",\"@id\":\"https:\/\/aviator-crash.org\/es\/juegos-como-aviador-por-dinero\/#breadcrumb\",\"itemListElement\":[{\"@type\":\"ListItem\",\"position\":1,\"name\":\"Home\",\"item\":\"https:\/\/aviator-crash.org\/es\/\"},{\"@type\":\"ListItem\",\"position\":2,\"name\":\"Juegos como Aviador por dinero\"}]},{\"@type\":\"WebSite\",\"@id\":\"https:\/\/aviator-crash.org\/es\/#website\",\"url\":\"https:\/\/aviator-crash.org\/es\/\",\"name\":\"\",\"description\":\"\",\"potentialAction\":[{\"@type\":\"SearchAction\",\"target\":{\"@type\":\"EntryPoint\",\"urlTemplate\":\"https:\/\/aviator-crash.org\/es\/?s={search_term_string}\"},\"query-input\":\"required name=search_term_string\"}],\"inLanguage\":\"es\"}]}<\/script>\n<!-- \/ Yoast SEO plugin. -->","yoast_head_json":{"title":"Juegos de dinero similares a Aviator (juegos parecidos y an\u00e1logos a Aviator)","description":"Revisi\u00f3n de juegos de choque como el famoso \"Aviator\" por dinero. \u00a1Echa un vistazo a las principales variantes y elegir el que le cargar\u00e1 con nuevas emociones y la emoci\u00f3n, y si la fortuna ser\u00e1 favorable, entonces una victoria s\u00f3lida!","robots":{"index":"index","follow":"follow","max-snippet":"max-snippet:-1","max-image-preview":"max-image-preview:large","max-video-preview":"max-video-preview:-1"},"canonical":"https:\/\/aviator-crash.org\/es\/juegos-como-aviador-por-dinero\/","og_locale":"es_ES","og_type":"article","og_title":"Juegos de dinero similares a Aviator (juegos parecidos y an\u00e1logos a Aviator)","og_description":"Revisi\u00f3n de juegos de choque como el famoso \"Aviator\" por dinero. \u00a1Echa un vistazo a las principales variantes y elegir el que le cargar\u00e1 con nuevas emociones y la emoci\u00f3n, y si la fortuna ser\u00e1 favorable, entonces una victoria s\u00f3lida!","og_url":"https:\/\/aviator-crash.org\/es\/juegos-como-aviador-por-dinero\/","article_modified_time":"2024-02-02T15:06:47+00:00","twitter_card":"summary_large_image","twitter_misc":{"Est. reading time":"4 minutos"},"schema":{"@context":"https:\/\/schema.org","@graph":[{"@type":"WebPage","@id":"https:\/\/aviator-crash.org\/es\/juegos-como-aviador-por-dinero\/","url":"https:\/\/aviator-crash.org\/es\/juegos-como-aviador-por-dinero\/","name":"Juegos de dinero similares a Aviator (juegos parecidos y an\u00e1logos a Aviator)","isPartOf":{"@id":"https:\/\/aviator-crash.org\/es\/#website"},"datePublished":"2023-12-27T19:09:40+00:00","dateModified":"2024-02-02T15:06:47+00:00","description":"Revisi\u00f3n de juegos de choque como el famoso \"Aviator\" por dinero. \u00a1Echa un vistazo a las principales variantes y elegir el que le cargar\u00e1 con nuevas emociones y la emoci\u00f3n, y si la fortuna ser\u00e1 favorable, entonces una victoria s\u00f3lida!","breadcrumb":{"@id":"https:\/\/aviator-crash.org\/es\/juegos-como-aviador-por-dinero\/#breadcrumb"},"inLanguage":"es","potentialAction":[{"@type":"ReadAction","target":["https:\/\/aviator-crash.org\/es\/juegos-como-aviador-por-dinero\/"]}]},{"@type":"BreadcrumbList","@id":"https:\/\/aviator-crash.org\/es\/juegos-como-aviador-por-dinero\/#breadcrumb","itemListElement":[{"@type":"ListItem","position":1,"name":"Home","item":"https:\/\/aviator-crash.org\/es\/"},{"@type":"ListItem","position":2,"name":"Juegos como Aviador por dinero"}]},{"@type":"WebSite","@id":"https:\/\/aviator-crash.org\/es\/#website","url":"https:\/\/aviator-crash.org\/es\/","name":"","description":"","potentialAction":[{"@type":"SearchAction","target":{"@type":"EntryPoint","urlTemplate":"https:\/\/aviator-crash.org\/es\/?s={search_term_string}"},"query-input":"required name=search_term_string"}],"inLanguage":"es"}]}},"_links":{"self":[{"href":"https:\/\/aviator-crash.org\/es\/wp-json\/wp\/v2\/pages\/1269"}],"collection":[{"href":"https:\/\/aviator-crash.org\/es\/wp-json\/wp\/v2\/pages"}],"about":[{"href":"https:\/\/aviator-crash.org\/es\/wp-json\/wp\/v2\/types\/page"}],"author":[{"embeddable":true,"href":"https:\/\/aviator-crash.org\/es\/wp-json\/wp\/v2\/users\/2"}],"replies":[{"embeddable":true,"href":"https:\/\/aviator-crash.org\/es\/wp-json\/wp\/v2\/comments?post=1269"}],"version-history":[{"count":1,"href":"https:\/\/aviator-crash.org\/es\/wp-json\/wp\/v2\/pages\/1269\/revisions"}],"predecessor-version":[{"id":1270,"href":"https:\/\/aviator-crash.org\/es\/wp-json\/wp\/v2\/pages\/1269\/revisions\/1270"}],"wp:attachment":[{"href":"https:\/\/aviator-crash.org\/es\/wp-json\/wp\/v2\/media?parent=1269"}],"curies":[{"name":"wp","href":"https:\/\/api.w.org\/{rel}","templated":true}]}}