{"id":803,"date":"2023-12-27T19:33:16","date_gmt":"2023-12-27T19:33:16","guid":{"rendered":"https:\/\/aviator-crash.org\/jet-x\/"},"modified":"2024-01-25T20:58:15","modified_gmt":"2024-01-25T20:58:15","slug":"jet-x","status":"publish","type":"page","link":"https:\/\/aviator-crash.org\/es\/jet-x\/","title":{"rendered":"Jet X"},"content":{"rendered":"\n<figure class=\"wp-block-gallery has-nested-images columns-default is-cropped wp-block-gallery-1 is-layout-flex wp-block-gallery-is-layout-flex\">\n<figure class=\"wp-block-image size-large\"><span itemprop=\"image\" itemscope itemtype=\"https:\/\/schema.org\/ImageObject\"><img itemprop=\"url image\" loading=\"lazy\" decoding=\"async\" width=\"1024\" height=\"576\" data-id=\"475\" src=\"https:\/\/aviator-crash.org\/wp-content\/uploads\/2024\/01\/how-to-play-jet-x-game-on-my-cell-phone-1200x675-1-1024x576-1.webp\" alt=\"\" class=\"wp-image-475\" srcset=\"https:\/\/aviator-crash.org\/wp-content\/uploads\/2024\/01\/how-to-play-jet-x-game-on-my-cell-phone-1200x675-1-1024x576-1.webp 1024w, https:\/\/aviator-crash.org\/wp-content\/uploads\/2024\/01\/how-to-play-jet-x-game-on-my-cell-phone-1200x675-1-1024x576-1-300x169.webp 300w, https:\/\/aviator-crash.org\/wp-content\/uploads\/2024\/01\/how-to-play-jet-x-game-on-my-cell-phone-1200x675-1-1024x576-1-768x432.webp 768w\" sizes=\"(max-width: 1024px) 100vw, 1024px\" \/><meta itemprop=\"width\" content=\"1024\"><meta itemprop=\"height\" content=\"576\"><\/span><\/figure>\n<\/figure>\n\n<p>Bienvenido al futuro de las carreras de adrenalina, en el mundo del juego Jet X, \u00a1que puedes descargar gratis! Se trata de una emocionante aventura arcade oficial para Android en la que la velocidad, la altitud y las acrobacias incre\u00edbles se combinan en un potente flujo. Entra en la cabina de una avanzada m\u00e1quina voladora y prep\u00e1rate para una persecuci\u00f3n que superar\u00e1 todas tus expectativas. \u00a1No olvides la estrategia Jet X!   <\/p>\n\n<p>Puede descargar f\u00e1cilmente la aplicaci\u00f3n en el sitio web de X Win, una empresa de apuestas considerada una de las m\u00e1s populares. Crear una cuenta personal, iniciar el juego y empezar a correr pronto. <\/p>\n\n<h2 class=\"wp-block-heading\">Ventajas del juego en l\u00ednea Jet X<\/h2>\n\n<p>El juego en l\u00ednea Jet X tiene varias ventajas que lo hacen atractivo para los aficionados a las carreras arcade y a la adrenalina del futuro:<\/p>\n\n<ul>\n<li>Velocidad y dinamismo. El juego ofrece carreras de alta velocidad en las que cada segundo cuenta. Con una jugabilidad din\u00e1mica y libertad de movimientos en el espacio tridimensional, los jugadores de X Jet sienten de verdad la adrenalina de las carreras de alta velocidad.  <\/li>\n\n\n\n<li>M\u00e1quinas voladoras \u00fanicas. Los jugadores pueden elegir entre diversas e innovadoras m\u00e1quinas voladoras con caracter\u00edsticas \u00fanicas. <\/li>\n\n\n\n<li>Disponibilidad del modo multijugador. La posibilidad de competir con otros jugadores online a\u00f1ade un elemento de competici\u00f3n e interacci\u00f3n social. Puedes descargar Jet X y disfrutar del juego con tus amigos.  <\/li>\n\n\n\n<li>Mejora de dispositivos. Los jugadores pueden personalizar y mejorar sus m\u00e1quinas voladoras, adapt\u00e1ndolas a su estilo de competici\u00f3n. Esto crea una experiencia personalizada para cada jugador y les permite mejorar sus m\u00e1quinas a medida que progresan.  <\/li>\n\n\n\n<li>Actualizaciones peri\u00f3dicas. Los desarrolladores actualizan constantemente Jet X, a\u00f1adiendo nuevas pistas, unidades, modos y caracter\u00edsticas. <\/li>\n<\/ul>\n\n<p>Estas ventajas hacen que el juego Jet X resulte atractivo para quienes aprecian las carreras din\u00e1micas, la innovaci\u00f3n en el dise\u00f1o de aviones y el esp\u00edritu competitivo de los juegos en l\u00ednea.<\/p>\n\n<h2 class=\"wp-block-heading\">C\u00f3mo jugar a Jet X<\/h2>\n\n<p>El juego Jet X ofrece una emocionante experiencia de carreras de alta velocidad en el futuro. Estas son las directrices generales sobre c\u00f3mo empezar a jugar a Jet X: <\/p>\n\n<ol>\n<li>En primer lugar, instala el juego en tu dispositivo siguiendo las instrucciones de tu plataforma (PC, consola, dispositivo m\u00f3vil). Inicia el juego y espera a que finalice el proceso de descarga. <\/li>\n\n\n\n<li>Cuando empieces el juego, se te pedir\u00e1 que elijas tu primera m\u00e1quina voladora. Los distintos veh\u00edculos pueden tener caracter\u00edsticas y habilidades diferentes, as\u00ed que puedes experimentar y jugar a Jet X. <\/li>\n\n\n\n<li>Familiar\u00edzate con los controles de tu m\u00e1quina voladora. Esto suele implicar el uso de las teclas, los joysticks o la pantalla t\u00e1ctil, dependiendo de la plataforma. <\/li>\n\n\n\n<li>Jet X ofrece varios modos de juego, como campa\u00f1a y batallas multijugador.<\/li>\n\n\n\n<li>Elige un circuito y empieza a correr. Presta atenci\u00f3n a las metas y objetivos de cada carrera, ya que pueden variar seg\u00fan el modo de juego. El programa de Jet X puede variar seg\u00fan el nivel.  <\/li>\n\n\n\n<li>Utiliza las capacidades de tu m\u00e1quina voladora para luchar contra tus oponentes y realizar acrobacias. En algunos modos de juego, esto puede aportar bonificaciones o aceleraciones adicionales. <\/li>\n\n\n\n<li>Tras completar carreras y batallas, gana recursos o moneda del juego para mejorar y personalizar tu m\u00e1quina voladora.<\/li>\n\n\n\n<li>Mantente atento a las actualizaciones del juego, ya que los desarrolladores podr\u00edan a\u00f1adir nuevas pistas, veh\u00edculos y modos.<\/li>\n<\/ol>\n\n<p>Los t\u00e9rminos y reglas espec\u00edficos pueden variar de una versi\u00f3n a otra. Lee las opiniones y recomendaciones de Jet X, te permitir\u00e1 adentrarte r\u00e1pidamente en la esencia del juego y empezar a jugar. <\/p>\n\n<h2 class=\"wp-block-heading\">\u00bfC\u00f3mo ganar en Jet X?<\/h2>\n\n<p>Para jugar a Jet X con \u00e9xito, es importante desarrollar habilidades y aplicar estrategias para ganar carreras y batallas. Aqu\u00ed tienes algunos consejos que pueden ayudarte a tener \u00e9xito en el juego. Ante todo, domina los controles de tu m\u00e1quina voladora. Comprender cada movimiento y maniobra te permitir\u00e1 dirigirla con mayor eficacia en diferentes situaciones. Explora las pistas y utiliza el entorno a tu favor.    <\/p>\n\n<p>Otro consejo probado y comprobado es utilizar los c\u00f3digos promocionales de Jet X. Ofrecen condiciones favorables y la oportunidad de ganar puntos extra. Puede encontrar c\u00f3digos promocionales en sitios de juego especializados o en una secci\u00f3n espec\u00edfica de X Win. <\/p>\n\n<p>La estrategia de Jet X es otro punto importante al que prestar atenci\u00f3n. En caso de batallas, s\u00e9 activo en el uso de armas y defensas. La interacci\u00f3n eficaz con los enemigos puede aumentar significativamente sus posibilidades de victoria.  <\/p>\n\n<p>Durante las carreras y batallas, no olvides realizar acrobacias. Pueden aportar bonificaciones y aceleraciones adicionales. No te olvides de las bonificaciones y las apuestas sabiamente realizadas. En el sistema de c\u00e1lculo de probabilidades de Jet X puedes calcular todos los riesgos y hacer una apuesta competente. Aprovecha tambi\u00e9n activamente las oportunidades para mejorar tu m\u00e1quina voladora. Estudia cuidadosamente las pistas y planifica tu trayectoria con antelaci\u00f3n. La selecci\u00f3n \u00f3ptima de la trayectoria y el control de la velocidad te ayudar\u00e1n a adelantar a tus rivales.      <\/p>\n\n<p>Vigila las acciones de tus oponentes y ad\u00e1ptate a las condiciones cambiantes de la pista. La flexibilidad y la adaptabilidad pueden ser la clave del \u00e9xito en las carreras r\u00e1pidas. Si el juego o demo de Jet X ofrece juego en equipo, comun\u00edcate activamente con tu equipo.  <\/p>\n\n<p>El juego Jet X te da espacio para la creatividad y las decisiones t\u00e1cticas. Aj\u00fastate a las condiciones, explora el sistema de probabilidades de Jet X y \u00a1disfruta de carreras r\u00e1pidas y emocionantes en el futuro! <\/p>\n\n<h2 class=\"wp-block-heading\">Reglas del juego Jet X<\/h2>\n\n<p>El objetivo principal depende del modo de juego. Puede ser completar la pista en el menor tiempo posible, ganar batallas contra oponentes, realizar acrobacias o conseguir determinados resultados en el modo multijugador. El juego suele ofrecer una gran variedad de pistas y niveles, cada uno de los cuales presenta retos \u00fanicos. Puedes familiarizarte con todos ellos en el sitio web de Jet X. Los jugadores pueden inflar sus m\u00e1quinas voladoras para afrontar con m\u00e1s \u00e9xito las pistas de mayor nivel.   <\/p>\n\n<p>Los jugadores controlan los veh\u00edculos voladores con el teclado, el joystick, el gamepad o la pantalla t\u00e1ctil, seg\u00fan la plataforma. Los controles incluyen cambiar de direcci\u00f3n, ajustar la velocidad y realizar acrobacias. Al realizar acrobacias se pueden obtener bonificaciones como aceleraci\u00f3n o puntos extra.  <\/p>\n\n<p>En algunos modos de juego, los jugadores pueden luchar contra sus oponentes utilizando las armas de sus veh\u00edculos. Las armas pueden incluir misiles, l\u00e1seres y otros medios de ataque o defensa. Echa un vistazo a la estrategia y las cr\u00edticas de Jet X antes de empezar el juego.  <\/p>\n\n<h2 class=\"wp-block-heading\">C\u00f3digos promocionales<\/h2>\n\n<p>Los c\u00f3digos promocionales suelen proporcionarlos los desarrolladores del juego o la plataforma en la que se distribuye. Son bonificaciones o fichas especiales para que los jugadores aumenten sus posibilidades de ganar. Los c\u00f3digos promocionales se pueden encontrar en varios recursos:  <\/p>\n\n<ul>\n<li>P\u00e1gina web oficial.<\/li>\n\n\n\n<li>Medios de comunicaci\u00f3n social.<\/li>\n\n\n\n<li>Foros y comunidades.<\/li>\n\n\n\n<li>Boletines informativos.<\/li>\n\n\n\n<li>Socios y patrocinadores.<\/li>\n<\/ul>\n\n<h2 class=\"wp-block-heading\">Testimonios<\/h2>\n\n<p>Aqu\u00ed tienes algunas opiniones de usuarios sobre el popular juego:<\/p>\n","protected":false},"excerpt":{"rendered":"<p>Bienvenido al futuro de las carreras de adrenalina, en el mundo del juego Jet X, \u00a1que puedes descargar gratis! Se trata de una emocionante aventura arcade oficial para Android en la que la velocidad, la altitud y las acrobacias incre\u00edbles se combinan en un potente flujo. Entra en la cabina de una avanzada m\u00e1quina voladora [&hellip;]<\/p>\n","protected":false},"author":2,"featured_media":0,"parent":0,"menu_order":0,"comment_status":"open","ping_status":"closed","template":"","meta":{"footnotes":""},"yoast_head":"<!-- This site is optimized with the Yoast SEO plugin v21.7 - https:\/\/yoast.com\/wordpress\/plugins\/seo\/ -->\n<title>Jet X juego de casino, descargar<\/title>\n<meta name=\"description\" content=\"Sum\u00e9rgete en el apasionante mundo de las carreras de alta velocidad con Jet X, una experiencia arcade \u00fanica y emocionante para el futuro. Lee atentamente las reglas y ponte pronto al volante. Te esperan interesantes aventuras y un buen rato.\" \/>\n<meta name=\"robots\" content=\"index, follow, max-snippet:-1, max-image-preview:large, max-video-preview:-1\" \/>\n<link rel=\"canonical\" href=\"https:\/\/aviator-crash.org\/es\/jet-x\/\" \/>\n<meta property=\"og:locale\" content=\"es_ES\" \/>\n<meta property=\"og:type\" content=\"article\" \/>\n<meta property=\"og:title\" content=\"Jet X juego de casino, descargar\" \/>\n<meta property=\"og:description\" content=\"Sum\u00e9rgete en el apasionante mundo de las carreras de alta velocidad con Jet X, una experiencia arcade \u00fanica y emocionante para el futuro. Lee atentamente las reglas y ponte pronto al volante. Te esperan interesantes aventuras y un buen rato.\" \/>\n<meta property=\"og:url\" content=\"https:\/\/aviator-crash.org\/es\/jet-x\/\" \/>\n<meta property=\"article:modified_time\" content=\"2024-01-25T20:58:15+00:00\" \/>\n<meta property=\"og:image\" content=\"https:\/\/aviator-crash.org\/wp-content\/uploads\/2024\/01\/how-to-play-jet-x-game-on-my-cell-phone-1200x675-1-1024x576-1.webp\" \/>\n<meta name=\"twitter:card\" content=\"summary_large_image\" \/>\n<meta name=\"twitter:label1\" content=\"Est. reading time\" \/>\n\t<meta name=\"twitter:data1\" content=\"6 minutos\" \/>\n<script type=\"application\/ld+json\" class=\"yoast-schema-graph\">{\"@context\":\"https:\/\/schema.org\",\"@graph\":[{\"@type\":\"WebPage\",\"@id\":\"https:\/\/aviator-crash.org\/es\/jet-x\/\",\"url\":\"https:\/\/aviator-crash.org\/es\/jet-x\/\",\"name\":\"Jet X juego de casino, descargar\",\"isPartOf\":{\"@id\":\"https:\/\/aviator-crash.org\/es\/#website\"},\"datePublished\":\"2023-12-27T19:33:16+00:00\",\"dateModified\":\"2024-01-25T20:58:15+00:00\",\"description\":\"Sum\u00e9rgete en el apasionante mundo de las carreras de alta velocidad con Jet X, una experiencia arcade \u00fanica y emocionante para el futuro. Lee atentamente las reglas y ponte pronto al volante. Te esperan interesantes aventuras y un buen rato.\",\"breadcrumb\":{\"@id\":\"https:\/\/aviator-crash.org\/es\/jet-x\/#breadcrumb\"},\"inLanguage\":\"es\",\"potentialAction\":[{\"@type\":\"ReadAction\",\"target\":[\"https:\/\/aviator-crash.org\/es\/jet-x\/\"]}]},{\"@type\":\"BreadcrumbList\",\"@id\":\"https:\/\/aviator-crash.org\/es\/jet-x\/#breadcrumb\",\"itemListElement\":[{\"@type\":\"ListItem\",\"position\":1,\"name\":\"Home\",\"item\":\"https:\/\/aviator-crash.org\/es\/\"},{\"@type\":\"ListItem\",\"position\":2,\"name\":\"Jet X\"}]},{\"@type\":\"WebSite\",\"@id\":\"https:\/\/aviator-crash.org\/es\/#website\",\"url\":\"https:\/\/aviator-crash.org\/es\/\",\"name\":\"\",\"description\":\"\",\"potentialAction\":[{\"@type\":\"SearchAction\",\"target\":{\"@type\":\"EntryPoint\",\"urlTemplate\":\"https:\/\/aviator-crash.org\/es\/?s={search_term_string}\"},\"query-input\":\"required name=search_term_string\"}],\"inLanguage\":\"es\"}]}<\/script>\n<!-- \/ Yoast SEO plugin. -->","yoast_head_json":{"title":"Jet X juego de casino, descargar","description":"Sum\u00e9rgete en el apasionante mundo de las carreras de alta velocidad con Jet X, una experiencia arcade \u00fanica y emocionante para el futuro. Lee atentamente las reglas y ponte pronto al volante. Te esperan interesantes aventuras y un buen rato.","robots":{"index":"index","follow":"follow","max-snippet":"max-snippet:-1","max-image-preview":"max-image-preview:large","max-video-preview":"max-video-preview:-1"},"canonical":"https:\/\/aviator-crash.org\/es\/jet-x\/","og_locale":"es_ES","og_type":"article","og_title":"Jet X juego de casino, descargar","og_description":"Sum\u00e9rgete en el apasionante mundo de las carreras de alta velocidad con Jet X, una experiencia arcade \u00fanica y emocionante para el futuro. Lee atentamente las reglas y ponte pronto al volante. Te esperan interesantes aventuras y un buen rato.","og_url":"https:\/\/aviator-crash.org\/es\/jet-x\/","article_modified_time":"2024-01-25T20:58:15+00:00","og_image":[{"url":"https:\/\/aviator-crash.org\/wp-content\/uploads\/2024\/01\/how-to-play-jet-x-game-on-my-cell-phone-1200x675-1-1024x576-1.webp"}],"twitter_card":"summary_large_image","twitter_misc":{"Est. reading time":"6 minutos"},"schema":{"@context":"https:\/\/schema.org","@graph":[{"@type":"WebPage","@id":"https:\/\/aviator-crash.org\/es\/jet-x\/","url":"https:\/\/aviator-crash.org\/es\/jet-x\/","name":"Jet X juego de casino, descargar","isPartOf":{"@id":"https:\/\/aviator-crash.org\/es\/#website"},"datePublished":"2023-12-27T19:33:16+00:00","dateModified":"2024-01-25T20:58:15+00:00","description":"Sum\u00e9rgete en el apasionante mundo de las carreras de alta velocidad con Jet X, una experiencia arcade \u00fanica y emocionante para el futuro. Lee atentamente las reglas y ponte pronto al volante. Te esperan interesantes aventuras y un buen rato.","breadcrumb":{"@id":"https:\/\/aviator-crash.org\/es\/jet-x\/#breadcrumb"},"inLanguage":"es","potentialAction":[{"@type":"ReadAction","target":["https:\/\/aviator-crash.org\/es\/jet-x\/"]}]},{"@type":"BreadcrumbList","@id":"https:\/\/aviator-crash.org\/es\/jet-x\/#breadcrumb","itemListElement":[{"@type":"ListItem","position":1,"name":"Home","item":"https:\/\/aviator-crash.org\/es\/"},{"@type":"ListItem","position":2,"name":"Jet X"}]},{"@type":"WebSite","@id":"https:\/\/aviator-crash.org\/es\/#website","url":"https:\/\/aviator-crash.org\/es\/","name":"","description":"","potentialAction":[{"@type":"SearchAction","target":{"@type":"EntryPoint","urlTemplate":"https:\/\/aviator-crash.org\/es\/?s={search_term_string}"},"query-input":"required name=search_term_string"}],"inLanguage":"es"}]}},"_links":{"self":[{"href":"https:\/\/aviator-crash.org\/es\/wp-json\/wp\/v2\/pages\/803"}],"collection":[{"href":"https:\/\/aviator-crash.org\/es\/wp-json\/wp\/v2\/pages"}],"about":[{"href":"https:\/\/aviator-crash.org\/es\/wp-json\/wp\/v2\/types\/page"}],"author":[{"embeddable":true,"href":"https:\/\/aviator-crash.org\/es\/wp-json\/wp\/v2\/users\/2"}],"replies":[{"embeddable":true,"href":"https:\/\/aviator-crash.org\/es\/wp-json\/wp\/v2\/comments?post=803"}],"version-history":[{"count":1,"href":"https:\/\/aviator-crash.org\/es\/wp-json\/wp\/v2\/pages\/803\/revisions"}],"predecessor-version":[{"id":805,"href":"https:\/\/aviator-crash.org\/es\/wp-json\/wp\/v2\/pages\/803\/revisions\/805"}],"wp:attachment":[{"href":"https:\/\/aviator-crash.org\/es\/wp-json\/wp\/v2\/media?parent=803"}],"curies":[{"name":"wp","href":"https:\/\/api.w.org\/{rel}","templated":true}]}}