{"id":809,"date":"2023-12-27T19:26:44","date_gmt":"2023-12-27T19:26:44","guid":{"rendered":"https:\/\/aviator-crash.org\/lucky-jet-1win-descargar\/"},"modified":"2024-01-25T20:59:42","modified_gmt":"2024-01-25T20:59:42","slug":"lucky-jet-1win-descargar","status":"publish","type":"page","link":"https:\/\/aviator-crash.org\/es\/lucky-jet-1win-descargar\/","title":{"rendered":"Lucky Jet 1win descargar"},"content":{"rendered":"\n<figure class=\"wp-block-gallery has-nested-images columns-default is-cropped wp-block-gallery-1 is-layout-flex wp-block-gallery-is-layout-flex\">\n<figure class=\"wp-block-image size-large\"><span itemprop=\"image\" itemscope itemtype=\"https:\/\/schema.org\/ImageObject\"><img itemprop=\"url image\" loading=\"lazy\" decoding=\"async\" width=\"880\" height=\"500\" data-id=\"478\" src=\"https:\/\/aviator-crash.org\/wp-content\/uploads\/2024\/01\/lucky_jet_game-casino_yl6vvw.webp\" alt=\"\" class=\"wp-image-478\" srcset=\"https:\/\/aviator-crash.org\/wp-content\/uploads\/2024\/01\/lucky_jet_game-casino_yl6vvw.webp 880w, https:\/\/aviator-crash.org\/wp-content\/uploads\/2024\/01\/lucky_jet_game-casino_yl6vvw-300x170.webp 300w, https:\/\/aviator-crash.org\/wp-content\/uploads\/2024\/01\/lucky_jet_game-casino_yl6vvw-768x436.webp 768w\" sizes=\"(max-width: 880px) 100vw, 880px\" \/><meta itemprop=\"width\" content=\"880\"><meta itemprop=\"height\" content=\"500\"><\/span><\/figure>\n<\/figure>\n\n<p>Vuelo virtuoso, momentos de juego y espacio sin l\u00edmites se dan cita en una emocionante aventura llamada Lucky Jet 1win. Este emocionante juego de 1win lleva a los jugadores a un mundo \u00fanico de emoci\u00f3n y aventura, donde cada maniobra puede resultar ser la clave de la victoria. <\/p>\n\n<p>Lucky Jet 1win no es s\u00f3lo un juego para android, es una oportunidad para sumergirse en el apasionante mundo de las batallas de juego, donde cada momento puede cambiar las tornas. Descarga la aplicaci\u00f3n oficial Lucky Jet juego que puedas en el sitio Onewin. En su cuenta personal usted puede recoger sus recompensas, luchar y competir con tus amigos. La aplicaci\u00f3n Lucky Jet 1win se puede descargar de forma gratuita.   <\/p>\n\n<h2 class=\"wp-block-heading\">La ventaja del juego en l\u00ednea Lucky Jet<\/h2>\n\n<p>Esta aplicaci\u00f3n es un emocionante juego en l\u00ednea con muchas ventajas:<\/p>\n\n<ul>\n<li>Una jugabilidad interesante. Los jugadores pueden disfrutar de batallas de alta tecnolog\u00eda en el espacio, despegando en sus m\u00e1quinas voladoras. <\/li>\n\n\n\n<li>Muchas misiones emocionantes.<\/li>\n\n\n\n<li>Modo multijugador. Una de las principales ventajas es la posibilidad de jugar en l\u00ednea con otros jugadores. Los comentarios de Lucky Jet 1win sobre este modo son muy positivos, ya que los jugadores podr\u00e1n luchar, competir y cooperar con amigos u otros jugadores, lo que a\u00f1ade un aspecto social y una experiencia de juego din\u00e1mica.  <\/li>\n\n\n\n<li>Personalizaci\u00f3n de las m\u00e1quinas voladoras. Los jugadores pueden personalizar y mejorar sus m\u00e1quinas voladoras. Esto crea un enfoque personalizado del juego, permitiendo a cada jugador desarrollar su propio estilo y estrategia.  <\/li>\n\n\n\n<li>Dise\u00f1o visualmente atractivo. El juego 1win Lucky Jet tiene unos gr\u00e1ficos y un dise\u00f1o impresionantes, lo que hace que el mundo del juego sea colorido y visualmente atractivo. <\/li>\n\n\n\n<li>Actualizaciones peri\u00f3dicas.<\/li>\n<\/ul>\n\n<p>Con estas ventajas en mente, Lucky Jet ofrece una experiencia de juego envolvente, que combina elementos de acci\u00f3n din\u00e1mica, interacci\u00f3n social y pensamiento estrat\u00e9gico.<\/p>\n\n<h2 class=\"wp-block-heading\">C\u00f3mo jugar a Lucky Jet<\/h2>\n\n<p>Los jugadores empiezan creando una cuenta, si es necesario, y seleccionando su avi\u00f3n. Se pueden proporcionar tutoriales para familiarizar a los jugadores con los controles y los aspectos b\u00e1sicos del juego. El juego, con o sin bonos 1win Lucky Jet para apuestas gratuitas, puede incluir varias misiones, tareas u objetivos que los jugadores deben completar para progresar y ganar recursos.  <\/p>\n\n<p>Bajo el control de una aeronave de alta tecnolog\u00eda, te enfrentas a peligrosos rivales, desarrollas tus habilidades y consigues recompensas \u00fanicas. Intrigantes misiones, impresionantes paisajes espaciales e impredecibles encuentros te esperan en tu camino hacia la victoria. <\/p>\n\n<p>Las batallas en Lucky Jet suelen implicar el uso de diversas maniobras, armas y soluciones t\u00e1cticas para vencer a los oponentes. Los jugadores pueden enfrentarse al ordenador o participar en batallas multijugador con otros jugadores. <\/p>\n\n<p>Si quieres pasarlo en grande, entonces definitivamente debes descargar Lucky Jet 1win en tu dispositivo. Despu\u00e9s de eso, se le da la oportunidad de disfrutar de una experiencia din\u00e1mica y de juego en batallas espaciales, utilizando sus habilidades, estrategias y habilidades para lograr la victoria. <\/p>\n\n<h2 class=\"wp-block-heading\">C\u00f3mo ganar en Lucky Jet<\/h2>\n\n<p>Ganar puede depender de varios factores, y es importante elaborar estrategias con Lucky Jet 1win y mejorar tus habilidades para tener \u00e9xito en el juego. Aqu\u00ed tienes algunos consejos que pueden ayudarte a tener \u00e9xito en Lucky Jet: <\/p>\n\n<ul>\n<li>Familiar\u00edcese con los mandos. Aprende los controles de un veh\u00edculo volador. Comprender todas las maniobras y comandos disponibles te ayudar\u00e1 a controlar con eficacia en combate.  <\/li>\n\n\n\n<li>Realiza un curso de formaci\u00f3n en One Win Lucky Jet. Esto le ayudar\u00e1 a aprender los fundamentos del juego y aprender a utilizar diferentes t\u00e1cticas. <\/li>\n\n\n\n<li>Elige el avi\u00f3n adecuado. Algunos pueden ser mejores para atacar, mientras que otros pueden ser mejores para esquivar. <\/li>\n\n\n\n<li>Desarrolla tu aparato. Mejora tu dispositivo volador utilizando los recursos obtenidos en el juego. Esto aumentar\u00e1 tus posibilidades en las batallas y te har\u00e1 m\u00e1s competitivo.  <\/li>\n\n\n\n<li>Desarrolla una estrategia Lucky Jet 1Win para cada combate.<\/li>\n<\/ul>\n\n<p>Utiliza el entorno a tu favor, esquiva los ataques, busca los puntos d\u00e9biles de tus adversarios. Lo mejor es favorecer una estrategia con pocas probabilidades para una victoria m\u00e1s efectiva. <\/p>\n\n<p>Ten en cuenta que cada juego puede tener su propia din\u00e1mica, as\u00ed que experimenta, ad\u00e1ptate y disfruta del proceso de mejorar tus habilidades de juego en Lucky Jet.<\/p>\n\n<h2 class=\"wp-block-heading\">Reglas del juego Lucky Jet<\/h2>\n\n<p>Otra ventaja de este juego es la sencillez y accesibilidad de las reglas. Aqu\u00ed hay varias rondas, cuyo objetivo principal es realizar las apuestas a tiempo. Lucky Jet 1win opiniones son la prueba de que aqu\u00ed no todo es tan f\u00e1cil como parece. Es importante apostar la cantidad a tiempo, de lo contrario puede quemarse. \u00bfQuiere arriesgarse o esperar a un momento m\u00e1s adecuado? Todo depende s\u00f3lo de usted.     <\/p>\n\n<h2 class=\"wp-block-heading\">Vales<\/h2>\n\n<p>Los vales Lucky Jet son c\u00f3digos especiales que los jugadores pueden introducir en el juego para conseguir algunas bonificaciones, recursos u otros beneficios. Puede familiarizarse con ellos en el sitio web de 1Win. Aparecer\u00e1n regularmente, complaciendo a los jugadores con nuevas oportunidades y ofertas m\u00e1s favorables.  <\/p>\n\n<h2 class=\"wp-block-heading\">Testimonios<\/h2>\n\n<p>Aqu\u00ed tienes algunas opiniones de usuarios:<\/p>\n\n<p><\/p>\n","protected":false},"excerpt":{"rendered":"<p>Vuelo virtuoso, momentos de juego y espacio sin l\u00edmites se dan cita en una emocionante aventura llamada Lucky Jet 1win. Este emocionante juego de 1win lleva a los jugadores a un mundo \u00fanico de emoci\u00f3n y aventura, donde cada maniobra puede resultar ser la clave de la victoria. Lucky Jet 1win no es s\u00f3lo un [&hellip;]<\/p>\n","protected":false},"author":2,"featured_media":0,"parent":0,"menu_order":0,"comment_status":"open","ping_status":"closed","template":"","meta":{"footnotes":""},"yoast_head":"<!-- This site is optimized with the Yoast SEO plugin v21.7 - https:\/\/yoast.com\/wordpress\/plugins\/seo\/ -->\n<title>Juego Lucky Jet en 1win casino, descargar<\/title>\n<meta name=\"description\" content=\"Una revisi\u00f3n del internacionalmente popular juego Lucky Jet de 1win Casino, que le ofrece una oportunidad real de ganar mucho dinero. Familiar\u00edcese con las principales caracter\u00edsticas, ventajas y reglas del juego. P\u00f3ngalo en marcha y \u00a1a por sus ganancias!\" \/>\n<meta name=\"robots\" content=\"index, follow, max-snippet:-1, max-image-preview:large, max-video-preview:-1\" \/>\n<link rel=\"canonical\" href=\"https:\/\/aviator-crash.org\/es\/lucky-jet-1win-descargar\/\" \/>\n<meta property=\"og:locale\" content=\"es_ES\" \/>\n<meta property=\"og:type\" content=\"article\" \/>\n<meta property=\"og:title\" content=\"Juego Lucky Jet en 1win casino, descargar\" \/>\n<meta property=\"og:description\" content=\"Una revisi\u00f3n del internacionalmente popular juego Lucky Jet de 1win Casino, que le ofrece una oportunidad real de ganar mucho dinero. Familiar\u00edcese con las principales caracter\u00edsticas, ventajas y reglas del juego. P\u00f3ngalo en marcha y \u00a1a por sus ganancias!\" \/>\n<meta property=\"og:url\" content=\"https:\/\/aviator-crash.org\/es\/lucky-jet-1win-descargar\/\" \/>\n<meta property=\"article:modified_time\" content=\"2024-01-25T20:59:42+00:00\" \/>\n<meta property=\"og:image\" content=\"https:\/\/aviator-crash.org\/wp-content\/uploads\/2024\/01\/lucky_jet_game-casino_yl6vvw.webp\" \/>\n<meta name=\"twitter:card\" content=\"summary_large_image\" \/>\n<meta name=\"twitter:label1\" content=\"Est. reading time\" \/>\n\t<meta name=\"twitter:data1\" content=\"4 minutos\" \/>\n<script type=\"application\/ld+json\" class=\"yoast-schema-graph\">{\"@context\":\"https:\/\/schema.org\",\"@graph\":[{\"@type\":\"WebPage\",\"@id\":\"https:\/\/aviator-crash.org\/es\/lucky-jet-1win-descargar\/\",\"url\":\"https:\/\/aviator-crash.org\/es\/lucky-jet-1win-descargar\/\",\"name\":\"Juego Lucky Jet en 1win casino, descargar\",\"isPartOf\":{\"@id\":\"https:\/\/aviator-crash.org\/es\/#website\"},\"datePublished\":\"2023-12-27T19:26:44+00:00\",\"dateModified\":\"2024-01-25T20:59:42+00:00\",\"description\":\"Una revisi\u00f3n del internacionalmente popular juego Lucky Jet de 1win Casino, que le ofrece una oportunidad real de ganar mucho dinero. Familiar\u00edcese con las principales caracter\u00edsticas, ventajas y reglas del juego. P\u00f3ngalo en marcha y \u00a1a por sus ganancias!\",\"breadcrumb\":{\"@id\":\"https:\/\/aviator-crash.org\/es\/lucky-jet-1win-descargar\/#breadcrumb\"},\"inLanguage\":\"es\",\"potentialAction\":[{\"@type\":\"ReadAction\",\"target\":[\"https:\/\/aviator-crash.org\/es\/lucky-jet-1win-descargar\/\"]}]},{\"@type\":\"BreadcrumbList\",\"@id\":\"https:\/\/aviator-crash.org\/es\/lucky-jet-1win-descargar\/#breadcrumb\",\"itemListElement\":[{\"@type\":\"ListItem\",\"position\":1,\"name\":\"Home\",\"item\":\"https:\/\/aviator-crash.org\/es\/\"},{\"@type\":\"ListItem\",\"position\":2,\"name\":\"Lucky Jet 1win descargar\"}]},{\"@type\":\"WebSite\",\"@id\":\"https:\/\/aviator-crash.org\/es\/#website\",\"url\":\"https:\/\/aviator-crash.org\/es\/\",\"name\":\"\",\"description\":\"\",\"potentialAction\":[{\"@type\":\"SearchAction\",\"target\":{\"@type\":\"EntryPoint\",\"urlTemplate\":\"https:\/\/aviator-crash.org\/es\/?s={search_term_string}\"},\"query-input\":\"required name=search_term_string\"}],\"inLanguage\":\"es\"}]}<\/script>\n<!-- \/ Yoast SEO plugin. -->","yoast_head_json":{"title":"Juego Lucky Jet en 1win casino, descargar","description":"Una revisi\u00f3n del internacionalmente popular juego Lucky Jet de 1win Casino, que le ofrece una oportunidad real de ganar mucho dinero. Familiar\u00edcese con las principales caracter\u00edsticas, ventajas y reglas del juego. P\u00f3ngalo en marcha y \u00a1a por sus ganancias!","robots":{"index":"index","follow":"follow","max-snippet":"max-snippet:-1","max-image-preview":"max-image-preview:large","max-video-preview":"max-video-preview:-1"},"canonical":"https:\/\/aviator-crash.org\/es\/lucky-jet-1win-descargar\/","og_locale":"es_ES","og_type":"article","og_title":"Juego Lucky Jet en 1win casino, descargar","og_description":"Una revisi\u00f3n del internacionalmente popular juego Lucky Jet de 1win Casino, que le ofrece una oportunidad real de ganar mucho dinero. Familiar\u00edcese con las principales caracter\u00edsticas, ventajas y reglas del juego. P\u00f3ngalo en marcha y \u00a1a por sus ganancias!","og_url":"https:\/\/aviator-crash.org\/es\/lucky-jet-1win-descargar\/","article_modified_time":"2024-01-25T20:59:42+00:00","og_image":[{"url":"https:\/\/aviator-crash.org\/wp-content\/uploads\/2024\/01\/lucky_jet_game-casino_yl6vvw.webp"}],"twitter_card":"summary_large_image","twitter_misc":{"Est. reading time":"4 minutos"},"schema":{"@context":"https:\/\/schema.org","@graph":[{"@type":"WebPage","@id":"https:\/\/aviator-crash.org\/es\/lucky-jet-1win-descargar\/","url":"https:\/\/aviator-crash.org\/es\/lucky-jet-1win-descargar\/","name":"Juego Lucky Jet en 1win casino, descargar","isPartOf":{"@id":"https:\/\/aviator-crash.org\/es\/#website"},"datePublished":"2023-12-27T19:26:44+00:00","dateModified":"2024-01-25T20:59:42+00:00","description":"Una revisi\u00f3n del internacionalmente popular juego Lucky Jet de 1win Casino, que le ofrece una oportunidad real de ganar mucho dinero. Familiar\u00edcese con las principales caracter\u00edsticas, ventajas y reglas del juego. P\u00f3ngalo en marcha y \u00a1a por sus ganancias!","breadcrumb":{"@id":"https:\/\/aviator-crash.org\/es\/lucky-jet-1win-descargar\/#breadcrumb"},"inLanguage":"es","potentialAction":[{"@type":"ReadAction","target":["https:\/\/aviator-crash.org\/es\/lucky-jet-1win-descargar\/"]}]},{"@type":"BreadcrumbList","@id":"https:\/\/aviator-crash.org\/es\/lucky-jet-1win-descargar\/#breadcrumb","itemListElement":[{"@type":"ListItem","position":1,"name":"Home","item":"https:\/\/aviator-crash.org\/es\/"},{"@type":"ListItem","position":2,"name":"Lucky Jet 1win descargar"}]},{"@type":"WebSite","@id":"https:\/\/aviator-crash.org\/es\/#website","url":"https:\/\/aviator-crash.org\/es\/","name":"","description":"","potentialAction":[{"@type":"SearchAction","target":{"@type":"EntryPoint","urlTemplate":"https:\/\/aviator-crash.org\/es\/?s={search_term_string}"},"query-input":"required name=search_term_string"}],"inLanguage":"es"}]}},"_links":{"self":[{"href":"https:\/\/aviator-crash.org\/es\/wp-json\/wp\/v2\/pages\/809"}],"collection":[{"href":"https:\/\/aviator-crash.org\/es\/wp-json\/wp\/v2\/pages"}],"about":[{"href":"https:\/\/aviator-crash.org\/es\/wp-json\/wp\/v2\/types\/page"}],"author":[{"embeddable":true,"href":"https:\/\/aviator-crash.org\/es\/wp-json\/wp\/v2\/users\/2"}],"replies":[{"embeddable":true,"href":"https:\/\/aviator-crash.org\/es\/wp-json\/wp\/v2\/comments?post=809"}],"version-history":[{"count":1,"href":"https:\/\/aviator-crash.org\/es\/wp-json\/wp\/v2\/pages\/809\/revisions"}],"predecessor-version":[{"id":811,"href":"https:\/\/aviator-crash.org\/es\/wp-json\/wp\/v2\/pages\/809\/revisions\/811"}],"wp:attachment":[{"href":"https:\/\/aviator-crash.org\/es\/wp-json\/wp\/v2\/media?parent=809"}],"curies":[{"name":"wp","href":"https:\/\/api.w.org\/{rel}","templated":true}]}}