{"id":2453,"date":"2023-12-22T18:32:01","date_gmt":"2023-12-22T18:32:01","guid":{"rendered":"https:\/\/aviator-crash.org\/aviator-peli-arvostelut\/"},"modified":"2024-02-02T17:46:34","modified_gmt":"2024-02-02T17:46:34","slug":"aviator-peli-arvostelut","status":"publish","type":"page","link":"https:\/\/aviator-crash.org\/fi\/aviator-peli-arvostelut\/","title":{"rendered":"Aviator peli arvostelut"},"content":{"rendered":"\n<p>Aviator on ylivoimaisesti yksi suosituimmista nettipeleist\u00e4.\nSiksi yh\u00e4 useammin hakukoneeseen ilmestyy pyynt\u00f6j\u00e4, jotka koskevat arvosteluja Aviator-pelist\u00e4 rahasta niilt\u00e4, jotka ovat jo onnistuneet kokeilemaan sit\u00e4 ja selvitt\u00e4m\u00e4\u00e4n, kuinka todelliset ovat voittomahdollisuudet siin\u00e4. <\/p>\n\n<h2 class=\"wp-block-heading\">Ajatuksemme Aviator-pelist\u00e4<\/h2>\n\n<p>Aviator Crash Game on ep\u00e4ilem\u00e4tt\u00e4 Spriben paras kehitys.\nSe on ainutlaatuinen, mielenkiintoinen, j\u00e4nnitt\u00e4v\u00e4, joka pystyy aiheuttamaan miellytt\u00e4vien tunteiden nousun j\u00e4nnityksen yst\u00e4viss\u00e4.\nSuuri plussa on kierrosten lyhytaikaisuus &#8211; vain muutaman sekunnin j\u00e4nnitys, ja pelaajasta voi tulla voittaja, joka kasvattaa panostaan (10, 20 ja ehk\u00e4 50 kertaa).\nT\u00e4rkeint\u00e4 on onnistua nostamaan rahat ennen koneen putoamista, mutta se on teht\u00e4v\u00e4 mahdollisimman suurella todenn\u00e4k\u00f6isyydell\u00e4.   <\/p>\n\n<p>T\u00e4m\u00e4 peli takaa tunteenpurkauksen jopa kaikkein hienostuneimmille uhkapelien yst\u00e4ville.\nT\u00e4m\u00e4n ymm\u00e4rt\u00e4en monet nettikasinot tarjoavat t\u00e4t\u00e4 konetta: 1win, Pin Up, 1Xbet.\nKolikkopeliss\u00e4 on huippuluokan grafiikka, selkeys ja \u00e4\u00e4nitehosteet.\nT\u00e4m\u00e4 peli on my\u00f6s mielest\u00e4mme kiehtova, ja mielest\u00e4mme se ansaitsee ehdottomasti tulla pelatuksi.   <\/p>\n\n<h2 class=\"wp-block-heading\">K\u00e4ytt\u00e4jien arviot Aviator-pelist\u00e4<\/h2>\n\n<p>Internetiss\u00e4 on erilaisia arvosteluja Aviator Crash Game -pelist\u00e4 oikeilta pelaajilta.\nJotkut &#8211; ihailevat sit\u00e4, toiset &#8211; haukkuvat sit\u00e4 arvaamattomuudesta, riskeist\u00e4 ja kyvytt\u00f6myydest\u00e4 tehd\u00e4 100-prosenttista voittostrategiaa.\nKuitenkin usein juuri t\u00e4ss\u00e4 on uhkapelaamisen kauneus.  <\/p>\n\n<p>Ehdotamme, ett\u00e4 teet omat johtop\u00e4\u00e4t\u00f6ksesi.\nKokeile t\u00e4t\u00e4 peli\u00e4 ja jaa palautteesi j\u00e4tt\u00e4m\u00e4ll\u00e4 se alla olevaan arvosteluun. <\/p>\n","protected":false},"excerpt":{"rendered":"<p>Aviator on ylivoimaisesti yksi suosituimmista nettipeleist\u00e4. Siksi yh\u00e4 useammin hakukoneeseen ilmestyy pyynt\u00f6j\u00e4, jotka koskevat arvosteluja Aviator-pelist\u00e4 rahasta niilt\u00e4, jotka ovat jo onnistuneet kokeilemaan sit\u00e4 ja selvitt\u00e4m\u00e4\u00e4n, kuinka todelliset ovat voittomahdollisuudet siin\u00e4. Ajatuksemme Aviator-pelist\u00e4 Aviator Crash Game on ep\u00e4ilem\u00e4tt\u00e4 Spriben paras kehitys. Se on ainutlaatuinen, mielenkiintoinen, j\u00e4nnitt\u00e4v\u00e4, joka pystyy aiheuttamaan miellytt\u00e4vien tunteiden nousun j\u00e4nnityksen yst\u00e4viss\u00e4. Suuri [&hellip;]<\/p>\n","protected":false},"author":2,"featured_media":0,"parent":0,"menu_order":0,"comment_status":"closed","ping_status":"closed","template":"","meta":{"footnotes":""},"yoast_head":"<!-- This site is optimized with the Yoast SEO plugin v21.7 - https:\/\/yoast.com\/wordpress\/plugins\/seo\/ -->\n<title>Aviator pelin arvostelut pelaajilta<\/title>\n<meta name=\"description\" content=\"Arvosteluja crash peli Aviator todelliset pelaajat voit oppia kaikki hyv\u00e4t ja huonot puolet laitteen. Koneen peruss\u00e4\u00e4nn\u00f6t ja hallinnan vivahteet.\" \/>\n<meta name=\"robots\" content=\"index, follow, max-snippet:-1, max-image-preview:large, max-video-preview:-1\" \/>\n<link rel=\"canonical\" href=\"https:\/\/aviator-crash.org\/fi\/aviator-peli-arvostelut\/\" \/>\n<meta property=\"og:locale\" content=\"fi_FI\" \/>\n<meta property=\"og:type\" content=\"article\" \/>\n<meta property=\"og:title\" content=\"Aviator pelin arvostelut pelaajilta\" \/>\n<meta property=\"og:description\" content=\"Arvosteluja crash peli Aviator todelliset pelaajat voit oppia kaikki hyv\u00e4t ja huonot puolet laitteen. Koneen peruss\u00e4\u00e4nn\u00f6t ja hallinnan vivahteet.\" \/>\n<meta property=\"og:url\" content=\"https:\/\/aviator-crash.org\/fi\/aviator-peli-arvostelut\/\" \/>\n<meta property=\"article:modified_time\" content=\"2024-02-02T17:46:34+00:00\" \/>\n<meta name=\"twitter:card\" content=\"summary_large_image\" \/>\n<meta name=\"twitter:label1\" content=\"Est. reading time\" \/>\n\t<meta name=\"twitter:data1\" content=\"1 minuutti\" \/>\n<script type=\"application\/ld+json\" class=\"yoast-schema-graph\">{\"@context\":\"https:\/\/schema.org\",\"@graph\":[{\"@type\":\"WebPage\",\"@id\":\"https:\/\/aviator-crash.org\/fi\/aviator-peli-arvostelut\/\",\"url\":\"https:\/\/aviator-crash.org\/fi\/aviator-peli-arvostelut\/\",\"name\":\"Aviator pelin arvostelut pelaajilta\",\"isPartOf\":{\"@id\":\"https:\/\/aviator-crash.org\/fi\/#website\"},\"datePublished\":\"2023-12-22T18:32:01+00:00\",\"dateModified\":\"2024-02-02T17:46:34+00:00\",\"description\":\"Arvosteluja crash peli Aviator todelliset pelaajat voit oppia kaikki hyv\u00e4t ja huonot puolet laitteen. Koneen peruss\u00e4\u00e4nn\u00f6t ja hallinnan vivahteet.\",\"breadcrumb\":{\"@id\":\"https:\/\/aviator-crash.org\/fi\/aviator-peli-arvostelut\/#breadcrumb\"},\"inLanguage\":\"fi\",\"potentialAction\":[{\"@type\":\"ReadAction\",\"target\":[\"https:\/\/aviator-crash.org\/fi\/aviator-peli-arvostelut\/\"]}]},{\"@type\":\"BreadcrumbList\",\"@id\":\"https:\/\/aviator-crash.org\/fi\/aviator-peli-arvostelut\/#breadcrumb\",\"itemListElement\":[{\"@type\":\"ListItem\",\"position\":1,\"name\":\"Home\",\"item\":\"https:\/\/aviator-crash.org\/fi\/aviator-peli-verkossa-oikealla-rahalla\/\"},{\"@type\":\"ListItem\",\"position\":2,\"name\":\"Aviator peli arvostelut\"}]},{\"@type\":\"WebSite\",\"@id\":\"https:\/\/aviator-crash.org\/fi\/#website\",\"url\":\"https:\/\/aviator-crash.org\/fi\/\",\"name\":\"\",\"description\":\"\",\"potentialAction\":[{\"@type\":\"SearchAction\",\"target\":{\"@type\":\"EntryPoint\",\"urlTemplate\":\"https:\/\/aviator-crash.org\/fi\/?s={search_term_string}\"},\"query-input\":\"required name=search_term_string\"}],\"inLanguage\":\"fi\"}]}<\/script>\n<!-- \/ Yoast SEO plugin. -->","yoast_head_json":{"title":"Aviator pelin arvostelut pelaajilta","description":"Arvosteluja crash peli Aviator todelliset pelaajat voit oppia kaikki hyv\u00e4t ja huonot puolet laitteen. Koneen peruss\u00e4\u00e4nn\u00f6t ja hallinnan vivahteet.","robots":{"index":"index","follow":"follow","max-snippet":"max-snippet:-1","max-image-preview":"max-image-preview:large","max-video-preview":"max-video-preview:-1"},"canonical":"https:\/\/aviator-crash.org\/fi\/aviator-peli-arvostelut\/","og_locale":"fi_FI","og_type":"article","og_title":"Aviator pelin arvostelut pelaajilta","og_description":"Arvosteluja crash peli Aviator todelliset pelaajat voit oppia kaikki hyv\u00e4t ja huonot puolet laitteen. Koneen peruss\u00e4\u00e4nn\u00f6t ja hallinnan vivahteet.","og_url":"https:\/\/aviator-crash.org\/fi\/aviator-peli-arvostelut\/","article_modified_time":"2024-02-02T17:46:34+00:00","twitter_card":"summary_large_image","twitter_misc":{"Est. reading time":"1 minuutti"},"schema":{"@context":"https:\/\/schema.org","@graph":[{"@type":"WebPage","@id":"https:\/\/aviator-crash.org\/fi\/aviator-peli-arvostelut\/","url":"https:\/\/aviator-crash.org\/fi\/aviator-peli-arvostelut\/","name":"Aviator pelin arvostelut pelaajilta","isPartOf":{"@id":"https:\/\/aviator-crash.org\/fi\/#website"},"datePublished":"2023-12-22T18:32:01+00:00","dateModified":"2024-02-02T17:46:34+00:00","description":"Arvosteluja crash peli Aviator todelliset pelaajat voit oppia kaikki hyv\u00e4t ja huonot puolet laitteen. Koneen peruss\u00e4\u00e4nn\u00f6t ja hallinnan vivahteet.","breadcrumb":{"@id":"https:\/\/aviator-crash.org\/fi\/aviator-peli-arvostelut\/#breadcrumb"},"inLanguage":"fi","potentialAction":[{"@type":"ReadAction","target":["https:\/\/aviator-crash.org\/fi\/aviator-peli-arvostelut\/"]}]},{"@type":"BreadcrumbList","@id":"https:\/\/aviator-crash.org\/fi\/aviator-peli-arvostelut\/#breadcrumb","itemListElement":[{"@type":"ListItem","position":1,"name":"Home","item":"https:\/\/aviator-crash.org\/fi\/aviator-peli-verkossa-oikealla-rahalla\/"},{"@type":"ListItem","position":2,"name":"Aviator peli arvostelut"}]},{"@type":"WebSite","@id":"https:\/\/aviator-crash.org\/fi\/#website","url":"https:\/\/aviator-crash.org\/fi\/","name":"","description":"","potentialAction":[{"@type":"SearchAction","target":{"@type":"EntryPoint","urlTemplate":"https:\/\/aviator-crash.org\/fi\/?s={search_term_string}"},"query-input":"required name=search_term_string"}],"inLanguage":"fi"}]}},"_links":{"self":[{"href":"https:\/\/aviator-crash.org\/fi\/wp-json\/wp\/v2\/pages\/2453"}],"collection":[{"href":"https:\/\/aviator-crash.org\/fi\/wp-json\/wp\/v2\/pages"}],"about":[{"href":"https:\/\/aviator-crash.org\/fi\/wp-json\/wp\/v2\/types\/page"}],"author":[{"embeddable":true,"href":"https:\/\/aviator-crash.org\/fi\/wp-json\/wp\/v2\/users\/2"}],"replies":[{"embeddable":true,"href":"https:\/\/aviator-crash.org\/fi\/wp-json\/wp\/v2\/comments?post=2453"}],"version-history":[{"count":1,"href":"https:\/\/aviator-crash.org\/fi\/wp-json\/wp\/v2\/pages\/2453\/revisions"}],"predecessor-version":[{"id":2454,"href":"https:\/\/aviator-crash.org\/fi\/wp-json\/wp\/v2\/pages\/2453\/revisions\/2454"}],"wp:attachment":[{"href":"https:\/\/aviator-crash.org\/fi\/wp-json\/wp\/v2\/media?parent=2453"}],"curies":[{"name":"wp","href":"https:\/\/api.w.org\/{rel}","templated":true}]}}