{"id":2485,"date":"2023-12-27T19:09:40","date_gmt":"2023-12-27T19:09:40","guid":{"rendered":"https:\/\/aviator-crash.org\/pelit-kuten-aviator-rahaa\/"},"modified":"2024-02-02T17:53:52","modified_gmt":"2024-02-02T17:53:52","slug":"pelit-kuten-aviator-rahaa","status":"publish","type":"page","link":"https:\/\/aviator-crash.org\/fi\/pelit-kuten-aviator-rahaa\/","title":{"rendered":"Pelit kuten Aviator rahaa"},"content":{"rendered":"\n<p>Aviator on ainutlaatuinen peli, yksi ensimm\u00e4isist\u00e4 videopeleist\u00e4, jotka olivat ensimm\u00e4isi\u00e4 rahapelej\u00e4, joiden ilmestyminen aiheutti sensaation nettipelaamisessa.\nSe on dynaaminen, j\u00e4nnitt\u00e4v\u00e4, jossa on lyhyit\u00e4 kierroksia, jotka ovat aivan tarpeeksi voimakkaaseen adrenaliiniry\u00f6ppyyn ja saada el\u00e4vi\u00e4 tunteita.\nMutta hienostunut pelaaja on aina kiehtoo erilaisia, joten nyky\u00e4\u00e4n Aviator-pelin analogien kysynt\u00e4 on kasvanut nopeasti.\nT\u00e4m\u00e4n ymm\u00e4rt\u00e4en johtavat kehitt\u00e4j\u00e4t ovat korostaneet samankaltaisten tuotteiden esitt\u00e4mist\u00e4 innovatiivisen pelattavuuden avulla.   <\/p>\n\n<h2 class=\"wp-block-heading\">Lucky Jet on analoginen Aviator-pelin kanssa.<\/h2>\n\n<p>Lucky Jet on 1win-nettikasinon esitt\u00e4m\u00e4 ja v\u00e4rikk\u00e4iden pelien joukkoon kuuluva, nopeasti suosiotaan kasvattava Aviator-tyyppinen k\u00e4teispeli.\nSe on tehty samanlaiseksi peliksi kuin Aviator, mutta lentokoneen sijasta peliss\u00e4 on Lucky Joe ja h\u00e4nen reppunsa, jota pit\u00e4\u00e4 silm\u00e4ll\u00e4.\nPanokset asetetaan my\u00f6s ennen kierroksen alkua, mink\u00e4 j\u00e4lkeen kerroin aktivoituu ja sinun on pystytt\u00e4v\u00e4 ker\u00e4\u00e4m\u00e4\u00e4n voittosi ennen kuin Joe lent\u00e4\u00e4 pois.  <\/p>\n\n<p>Lucky Jetiss\u00e4 kertoimet ovat erilaiset.\nVoit ottaa panoksesi kerrottuna kolmella, tai voit odottaa 50-, 100- ja jopa 200-kertaista korotusta.\nKuten tilastot osoittavat, korkeat kertoimet ovat yleisi\u00e4.\nMutta vain pelaajasta riippuu, kuinka paljon k\u00e4rsiv\u00e4llisyytt\u00e4 h\u00e4nell\u00e4 on ja pystyyk\u00f6 h\u00e4n ennustamaan kierroksen keston oikein.   <\/p>\n\n<h2 class=\"wp-block-heading\">Jet X on toinen Aviator-tyyppinen peli<\/h2>\n\n<p>Seuraava Aviatorin kaltainen peli, joka kasvattaa aktiivisesti suosiotaan, on Smartsoft Gamingin esitt\u00e4m\u00e4 Jet X.\nKyseess\u00e4 on moninpeli, joka on pohjimmiltaan samanlainen kuin Aviator, sill\u00e4.\njossa sinun on my\u00f6s seurattava korkeutta saavaa lentokonetta.\nErona on se, ett\u00e4 lentoonl\u00e4ht\u00f6paikkaa seurataan, ts.\nmit\u00e4 korkeammalla se on, sit\u00e4 enemm\u00e4n pelaaja voittaa lis\u00e4\u00e4m\u00e4ll\u00e4 kertoimia.\nJos pelaaja ei kuitenkaan onnistu nostamaan rahojaan ennen kuin kone lent\u00e4\u00e4 pois, h\u00e4n h\u00e4vi\u00e4\u00e4 ja menett\u00e4\u00e4 kaiken.     <\/p>\n\n<p>Peli on j\u00e4nnitt\u00e4v\u00e4, miellytt\u00e4\u00e4 adrenaliinin ja j\u00e4nnityksen tasapainoa sek\u00e4 erityisi\u00e4 &#8221;pelimerkkej\u00e4&#8221;.\nEsim: <\/p>\n\n<ul>\n<li>Peliss\u00e4 on bonusominaisuus, johon liittyy j\u00e4ttipotin arvonta.<\/li>\n\n\n\n<li>V\u00e4himm\u00e4iskotiutus on asetettu kertoimella 1,1.<\/li>\n\n\n\n<li>Kerroin toimii \u00e4\u00e4rett\u00f6m\u00e4\u00e4n asti.<\/li>\n<\/ul>\n\n<h2 class=\"wp-block-heading\">Rocket X.<\/h2>\n\n<p>Rocket X on my\u00f6s Slotegratorin esitt\u00e4m\u00e4n Aviatorin kaltaisen pelin muunnelma.\nSe houkuttelee nopealla graafisella k\u00e4ytt\u00f6liittym\u00e4ll\u00e4, ainutlaatuisella toiminnallisuudella ja kyvyll\u00e4 antaa pelaajalle paljon kirkkaita tunteita.\nSiin\u00e4 juoni rakentuu raketin lentoonl\u00e4ht\u00f6\u00f6n, joka yritt\u00e4\u00e4 pit\u00e4\u00e4 nuorta miest\u00e4.\nJokaisen kierroksen aikana toimii kerroinpanokset, joten voit saada summan kerrottuna 100:lla ja jopa enemm\u00e4n.   <\/p>\n\n<p>T\u00e4ss\u00e4 peliss\u00e4 on asetuksia:<\/p>\n\n<ul>\n<li>Autostraddle.<\/li>\n\n\n\n<li>Autopinions.<\/li>\n<\/ul>\n\n<p>Sek\u00e4 maltillisia ett\u00e4 aggressiivisia strategioita voidaan k\u00e4ytt\u00e4\u00e4.\nSamaan aikaan ei ole olemassa yht\u00e4 ainoaa taattua voittostrategiaa, vaan kaikki perustuu satunnaisj\u00e4rjestelm\u00e4\u00e4n, ts.\nFortune m\u00e4\u00e4ritt\u00e4\u00e4 kaiken.  <\/p>\n\n<h2 class=\"wp-block-heading\">Avaruus XY.<\/h2>\n\n<p>Space XY on my\u00f6s loistava vaihtoehto niille, jotka ovat kiinnostuneita samanlaisesta rahapelist\u00e4 kuin Aviator.\nSiin\u00e4 pelaajien ei tarvitse laukaista lentokonetta vaan raketti.\nK\u00e4ytt\u00f6liittym\u00e4 on hillitty, lakoninen.\nPanokset tehd\u00e4\u00e4n seuraavalle kierrokselle, jolla pelaaja joutuu seuraamaan rakettinsa lentoa.\nSe voi kuitenkin yht\u00e4kki\u00e4 kadota tutkasta, poiketa kurssilta ja r\u00e4j\u00e4ht\u00e4\u00e4, ja kun n\u00e4in tapahtuu &#8211; panokset menetet\u00e4\u00e4n.\nPelaajan teht\u00e4v\u00e4n\u00e4 on &#8221;hyp\u00e4t\u00e4&#8221; ajoissa pois raketista, ts.\nkuten muissakin vastaavissa peleiss\u00e4, ottaa rahat ennen kuin se r\u00e4j\u00e4ht\u00e4\u00e4.      <\/p>\n\n<h2 class=\"wp-block-heading\">K\u00e4teist\u00e4 tai romahdus.<\/h2>\n\n<p>Vaikka Cash or Crash on analoginen Aviatorin kanssa, se eroaa siit\u00e4, ett\u00e4 se on kokonainen peliohjelma ja ett\u00e4 se on live-peli, jota on t\u00e4ydennetty todellisuudella.\nJuoni kehittyy virtuaalisen ilmalaivan sis\u00e4ll\u00e4, jossa on 20 portaan tikkaat.\nNiill\u00e4 liikkuminen auttaa nostamaan ilmalaivaa ja siirt\u00e4m\u00e4\u00e4n sit\u00e4 yh\u00e4 kauemmas ja kauemmas Maasta.\nTikkaita kiivetess\u00e4 syttyv\u00e4t vihre\u00e4t pallot, joista jokainen johtaa voittoon ja kasvattaa voittoja, mutta heti kun punainen syttyy &#8211; pelaaja putoaa ja menett\u00e4\u00e4 kaiken.   <\/p>\n\n<p>Ominaisuudet:<\/p>\n\n<ul>\n<li>Panoksia on mahdollista korottaa jopa 50 000-kertaisiksi.<\/li>\n\n\n\n<li>On my\u00f6s kultainen pallo, joka antaa lis\u00e4el\u00e4m\u00e4\u00e4.<\/li>\n<\/ul>\n\n<h2 class=\"wp-block-heading\">Johtop\u00e4\u00e4t\u00f6sten tekeminen<\/h2>\n\n<p>Aviator ja vastaavat pelit ovat loistava tilaisuus rentoutua, lev\u00e4t\u00e4 ja p\u00e4\u00e4st\u00e4 eroon p\u00e4iv\u00e4n aikana kertyneest\u00e4 negatiivisuudesta.\nSamalla jokainen pelaaja tavoittelee omaa merkityst\u00e4\u00e4n: <\/p>\n\n<ul>\n<li>Pid\u00e4 hauskaa ja tyydyt\u00e4 j\u00e4nnitys.<\/li>\n\n\n\n<li>Tienaa rahaa.<\/li>\n<\/ul>\n\n<p>Mink\u00e4 Aviator-tyyppisen rahapelin valitset ja mit\u00e4 tarkoitusta varten pelaat &#8211; se on sinusta kiinni, t\u00e4rkeint\u00e4 on pysty\u00e4 hallitsemaan itse\u00e4si ja noudattaa valittua strategiaa.\nLaaja valikoima kolikkopelej\u00e4 on loistava mahdollisuus monipuolistaa jopa kaikkein vaativimman pelaajan vapaa-aikaa. <\/p>\n","protected":false},"excerpt":{"rendered":"<p>Aviator on ainutlaatuinen peli, yksi ensimm\u00e4isist\u00e4 videopeleist\u00e4, jotka olivat ensimm\u00e4isi\u00e4 rahapelej\u00e4, joiden ilmestyminen aiheutti sensaation nettipelaamisessa. Se on dynaaminen, j\u00e4nnitt\u00e4v\u00e4, jossa on lyhyit\u00e4 kierroksia, jotka ovat aivan tarpeeksi voimakkaaseen adrenaliiniry\u00f6ppyyn ja saada el\u00e4vi\u00e4 tunteita. Mutta hienostunut pelaaja on aina kiehtoo erilaisia, joten nyky\u00e4\u00e4n Aviator-pelin analogien kysynt\u00e4 on kasvanut nopeasti. T\u00e4m\u00e4n ymm\u00e4rt\u00e4en johtavat kehitt\u00e4j\u00e4t ovat korostaneet [&hellip;]<\/p>\n","protected":false},"author":2,"featured_media":0,"parent":0,"menu_order":0,"comment_status":"closed","ping_status":"closed","template":"","meta":{"footnotes":""},"yoast_head":"<!-- This site is optimized with the Yoast SEO plugin v21.7 - https:\/\/yoast.com\/wordpress\/plugins\/seo\/ -->\n<title>Samanlaisia rahapelej\u00e4 kuin Aviator (vastaavia pelej\u00e4 ja Aviator analogit)<\/title>\n<meta name=\"description\" content=\"Arvostelu Crash-peleist\u00e4, kuten kuuluisasta &quot;Aviatorista&quot; rahasta. Tutustu huippuvaihtoehtoihin ja valitse se, joka lataa sinulle uusia tunteita ja j\u00e4nnityst\u00e4, ja jos Fortune on suotuisa, niin vankka voitto!\" \/>\n<meta name=\"robots\" content=\"index, follow, max-snippet:-1, max-image-preview:large, max-video-preview:-1\" \/>\n<link rel=\"canonical\" href=\"https:\/\/aviator-crash.org\/fi\/pelit-kuten-aviator-rahaa\/\" \/>\n<meta property=\"og:locale\" content=\"fi_FI\" \/>\n<meta property=\"og:type\" content=\"article\" \/>\n<meta property=\"og:title\" content=\"Samanlaisia rahapelej\u00e4 kuin Aviator (vastaavia pelej\u00e4 ja Aviator analogit)\" \/>\n<meta property=\"og:description\" content=\"Arvostelu Crash-peleist\u00e4, kuten kuuluisasta &quot;Aviatorista&quot; rahasta. Tutustu huippuvaihtoehtoihin ja valitse se, joka lataa sinulle uusia tunteita ja j\u00e4nnityst\u00e4, ja jos Fortune on suotuisa, niin vankka voitto!\" \/>\n<meta property=\"og:url\" content=\"https:\/\/aviator-crash.org\/fi\/pelit-kuten-aviator-rahaa\/\" \/>\n<meta property=\"article:modified_time\" content=\"2024-02-02T17:53:52+00:00\" \/>\n<meta name=\"twitter:card\" content=\"summary_large_image\" \/>\n<meta name=\"twitter:label1\" content=\"Est. reading time\" \/>\n\t<meta name=\"twitter:data1\" content=\"3 minuuttia\" \/>\n<script type=\"application\/ld+json\" class=\"yoast-schema-graph\">{\"@context\":\"https:\/\/schema.org\",\"@graph\":[{\"@type\":\"WebPage\",\"@id\":\"https:\/\/aviator-crash.org\/fi\/pelit-kuten-aviator-rahaa\/\",\"url\":\"https:\/\/aviator-crash.org\/fi\/pelit-kuten-aviator-rahaa\/\",\"name\":\"Samanlaisia rahapelej\u00e4 kuin Aviator (vastaavia pelej\u00e4 ja Aviator analogit)\",\"isPartOf\":{\"@id\":\"https:\/\/aviator-crash.org\/fi\/#website\"},\"datePublished\":\"2023-12-27T19:09:40+00:00\",\"dateModified\":\"2024-02-02T17:53:52+00:00\",\"description\":\"Arvostelu Crash-peleist\u00e4, kuten kuuluisasta \\\"Aviatorista\\\" rahasta. Tutustu huippuvaihtoehtoihin ja valitse se, joka lataa sinulle uusia tunteita ja j\u00e4nnityst\u00e4, ja jos Fortune on suotuisa, niin vankka voitto!\",\"breadcrumb\":{\"@id\":\"https:\/\/aviator-crash.org\/fi\/pelit-kuten-aviator-rahaa\/#breadcrumb\"},\"inLanguage\":\"fi\",\"potentialAction\":[{\"@type\":\"ReadAction\",\"target\":[\"https:\/\/aviator-crash.org\/fi\/pelit-kuten-aviator-rahaa\/\"]}]},{\"@type\":\"BreadcrumbList\",\"@id\":\"https:\/\/aviator-crash.org\/fi\/pelit-kuten-aviator-rahaa\/#breadcrumb\",\"itemListElement\":[{\"@type\":\"ListItem\",\"position\":1,\"name\":\"Home\",\"item\":\"https:\/\/aviator-crash.org\/fi\/aviator-peli-verkossa-oikealla-rahalla\/\"},{\"@type\":\"ListItem\",\"position\":2,\"name\":\"Pelit kuten Aviator rahaa\"}]},{\"@type\":\"WebSite\",\"@id\":\"https:\/\/aviator-crash.org\/fi\/#website\",\"url\":\"https:\/\/aviator-crash.org\/fi\/\",\"name\":\"\",\"description\":\"\",\"potentialAction\":[{\"@type\":\"SearchAction\",\"target\":{\"@type\":\"EntryPoint\",\"urlTemplate\":\"https:\/\/aviator-crash.org\/fi\/?s={search_term_string}\"},\"query-input\":\"required name=search_term_string\"}],\"inLanguage\":\"fi\"}]}<\/script>\n<!-- \/ Yoast SEO plugin. -->","yoast_head_json":{"title":"Samanlaisia rahapelej\u00e4 kuin Aviator (vastaavia pelej\u00e4 ja Aviator analogit)","description":"Arvostelu Crash-peleist\u00e4, kuten kuuluisasta \"Aviatorista\" rahasta. Tutustu huippuvaihtoehtoihin ja valitse se, joka lataa sinulle uusia tunteita ja j\u00e4nnityst\u00e4, ja jos Fortune on suotuisa, niin vankka voitto!","robots":{"index":"index","follow":"follow","max-snippet":"max-snippet:-1","max-image-preview":"max-image-preview:large","max-video-preview":"max-video-preview:-1"},"canonical":"https:\/\/aviator-crash.org\/fi\/pelit-kuten-aviator-rahaa\/","og_locale":"fi_FI","og_type":"article","og_title":"Samanlaisia rahapelej\u00e4 kuin Aviator (vastaavia pelej\u00e4 ja Aviator analogit)","og_description":"Arvostelu Crash-peleist\u00e4, kuten kuuluisasta \"Aviatorista\" rahasta. Tutustu huippuvaihtoehtoihin ja valitse se, joka lataa sinulle uusia tunteita ja j\u00e4nnityst\u00e4, ja jos Fortune on suotuisa, niin vankka voitto!","og_url":"https:\/\/aviator-crash.org\/fi\/pelit-kuten-aviator-rahaa\/","article_modified_time":"2024-02-02T17:53:52+00:00","twitter_card":"summary_large_image","twitter_misc":{"Est. reading time":"3 minuuttia"},"schema":{"@context":"https:\/\/schema.org","@graph":[{"@type":"WebPage","@id":"https:\/\/aviator-crash.org\/fi\/pelit-kuten-aviator-rahaa\/","url":"https:\/\/aviator-crash.org\/fi\/pelit-kuten-aviator-rahaa\/","name":"Samanlaisia rahapelej\u00e4 kuin Aviator (vastaavia pelej\u00e4 ja Aviator analogit)","isPartOf":{"@id":"https:\/\/aviator-crash.org\/fi\/#website"},"datePublished":"2023-12-27T19:09:40+00:00","dateModified":"2024-02-02T17:53:52+00:00","description":"Arvostelu Crash-peleist\u00e4, kuten kuuluisasta \"Aviatorista\" rahasta. Tutustu huippuvaihtoehtoihin ja valitse se, joka lataa sinulle uusia tunteita ja j\u00e4nnityst\u00e4, ja jos Fortune on suotuisa, niin vankka voitto!","breadcrumb":{"@id":"https:\/\/aviator-crash.org\/fi\/pelit-kuten-aviator-rahaa\/#breadcrumb"},"inLanguage":"fi","potentialAction":[{"@type":"ReadAction","target":["https:\/\/aviator-crash.org\/fi\/pelit-kuten-aviator-rahaa\/"]}]},{"@type":"BreadcrumbList","@id":"https:\/\/aviator-crash.org\/fi\/pelit-kuten-aviator-rahaa\/#breadcrumb","itemListElement":[{"@type":"ListItem","position":1,"name":"Home","item":"https:\/\/aviator-crash.org\/fi\/aviator-peli-verkossa-oikealla-rahalla\/"},{"@type":"ListItem","position":2,"name":"Pelit kuten Aviator rahaa"}]},{"@type":"WebSite","@id":"https:\/\/aviator-crash.org\/fi\/#website","url":"https:\/\/aviator-crash.org\/fi\/","name":"","description":"","potentialAction":[{"@type":"SearchAction","target":{"@type":"EntryPoint","urlTemplate":"https:\/\/aviator-crash.org\/fi\/?s={search_term_string}"},"query-input":"required name=search_term_string"}],"inLanguage":"fi"}]}},"_links":{"self":[{"href":"https:\/\/aviator-crash.org\/fi\/wp-json\/wp\/v2\/pages\/2485"}],"collection":[{"href":"https:\/\/aviator-crash.org\/fi\/wp-json\/wp\/v2\/pages"}],"about":[{"href":"https:\/\/aviator-crash.org\/fi\/wp-json\/wp\/v2\/types\/page"}],"author":[{"embeddable":true,"href":"https:\/\/aviator-crash.org\/fi\/wp-json\/wp\/v2\/users\/2"}],"replies":[{"embeddable":true,"href":"https:\/\/aviator-crash.org\/fi\/wp-json\/wp\/v2\/comments?post=2485"}],"version-history":[{"count":1,"href":"https:\/\/aviator-crash.org\/fi\/wp-json\/wp\/v2\/pages\/2485\/revisions"}],"predecessor-version":[{"id":2486,"href":"https:\/\/aviator-crash.org\/fi\/wp-json\/wp\/v2\/pages\/2485\/revisions\/2486"}],"wp:attachment":[{"href":"https:\/\/aviator-crash.org\/fi\/wp-json\/wp\/v2\/media?parent=2485"}],"curies":[{"name":"wp","href":"https:\/\/api.w.org\/{rel}","templated":true}]}}