{"id":2520,"date":"2023-12-27T19:48:01","date_gmt":"2023-12-27T19:48:01","guid":{"rendered":"https:\/\/aviator-crash.org\/space-xy-hedelmapeli\/"},"modified":"2024-02-02T17:57:43","modified_gmt":"2024-02-02T17:57:43","slug":"space-xy-hedelmapeli","status":"publish","type":"page","link":"https:\/\/aviator-crash.org\/fi\/space-xy-hedelmapeli\/","title":{"rendered":"Space XY hedelm\u00e4peli"},"content":{"rendered":"\n<figure class=\"wp-block-gallery has-nested-images columns-default is-cropped wp-block-gallery-1 is-layout-flex wp-block-gallery-is-layout-flex\">\n<figure class=\"wp-block-image size-large\"><span itemprop=\"image\" itemscope itemtype=\"https:\/\/schema.org\/ImageObject\"><img itemprop=\"url image\" loading=\"lazy\" decoding=\"async\" width=\"1024\" height=\"445\" data-id=\"469\" src=\"https:\/\/aviator-crash.org\/wp-content\/uploads\/2024\/01\/bgaming-game-release-1024x445.jpg\" alt=\"\" class=\"wp-image-469\" srcset=\"https:\/\/aviator-crash.org\/wp-content\/uploads\/2024\/01\/bgaming-game-release-1024x445.jpg 1024w, https:\/\/aviator-crash.org\/wp-content\/uploads\/2024\/01\/bgaming-game-release-300x131.jpg 300w, https:\/\/aviator-crash.org\/wp-content\/uploads\/2024\/01\/bgaming-game-release-768x334.jpg 768w, https:\/\/aviator-crash.org\/wp-content\/uploads\/2024\/01\/bgaming-game-release.jpg 1200w\" sizes=\"(max-width: 1024px) 100vw, 1024px\" \/><meta itemprop=\"width\" content=\"1024\"><meta itemprop=\"height\" content=\"445\"><\/span><\/figure>\n<\/figure>\n\n<p>Tervetuloa Space XY:n maailmaan, jossa jokainen t\u00e4hti on uusi seikkailu ja jokainen galaksi on tutkimuskentt\u00e4.\nT\u00e4m\u00e4 j\u00e4nnitt\u00e4v\u00e4 avaruuspeli tarjoaa pelaajille mahdollisuuden paitsi tutkia maailmankaikkeuden valtavia alueita my\u00f6s tulla todellisiksi avaruuden valloittajiksi. <\/p>\n\n<p>Space XY on peli, joka her\u00e4tt\u00e4\u00e4 huomiota ensimm\u00e4isist\u00e4 sekunneista l\u00e4htien.\nVoit ladata sovelluksen Androidille One Winin viralliselta vedonly\u00f6ntisivustolta.\nT\u00e4\u00e4ll\u00e4 parhaat seikkailut ja unohtumaton ajanviete odottavat sinua.\nKirjaudu sis\u00e4\u00e4n henkil\u00f6kohtaiselle tilillesi, aseta vetoja ja voita Space XY:ss\u00e4.   <\/p>\n\n<h2 class=\"wp-block-heading\">Etu Space XY online-peli<\/h2>\n\n<p>Space XY on peli, joka tarjoaa j\u00e4nnitt\u00e4vi\u00e4 avaruustaisteluita, joissa voit testata ohjaustaitojasi.\nMuokkaa avaruusalustasi, taistele muukalaisuhkia vastaan ja osallistu eeppisiin avaruustaisteluihin, jotka m\u00e4\u00e4r\u00e4\u00e4v\u00e4t kohtalosi t\u00e4ss\u00e4 valtavassa avaruudessa. <\/p>\n\n<p>T\u00e4m\u00e4n pelin t\u00e4rkeimpi\u00e4 etuja ovat muun muassa seuraavat:<\/p>\n\n<ul>\n<li>Syv\u00e4 juoni.\nSpace XY ei rajoitu pelk\u00e4st\u00e4\u00e4n avaruusseikkailuihin.\nRunsas juoni, monimutkaiset arvoitukset ja t\u00e4rke\u00e4t p\u00e4\u00e4t\u00f6kset luovat ainutlaatuisen kokemuksen, joka riippuu valinnoistasi.  <\/li>\n\n\n\n<li>Jokainen p\u00e4\u00e4t\u00f6s vaikuttaa pelin kulkuun.\nSiksi tarvitset Space XY:ss\u00e4 strategiaa voittaaksesi ja ansaitaksesi mahdollisimman paljon pisteit\u00e4. <\/li>\n\n\n\n<li>Mukauttamisvaihtoehto.\nYksi Space XY:n t\u00e4rkeimmist\u00e4 elementeist\u00e4 on mahdollisuus muokata avaruusalustasi mieltymystesi mukaan.\nValitse ainutlaatuisia modifikaatioita, paranna teknologiaa ja luo alusta, joka kuvastaa tyyli\u00e4si ja strategiaasi.  <\/li>\n\n\n\n<li>Galaktiset matkat.\nSpace XY avaa lukuisia galakseja, joista jokainen on t\u00e4ynn\u00e4 h\u00e4mm\u00e4stytt\u00e4vi\u00e4 maailmoja, salaper\u00e4isi\u00e4 esineit\u00e4 ja vaarallisia seikkailuja.\nTutki tuntemattomia planeettoja, tapaa erilaisia rotuja ja osallistu kiehtoviin avaruustarinoihin.\nKaikki mit\u00e4 tarvitset aloittaaksesi sukeltamisen tarinaan on selvitt\u00e4\u00e4 Space XY:n asennustapa.   <\/li>\n\n\n\n<li>Viikoittaiset tapahtumat ja teht\u00e4v\u00e4t.\nVerkkopeli\u00e4 p\u00e4ivitet\u00e4\u00e4n jatkuvasti uusilla tapahtumilla, teht\u00e4vill\u00e4 ja haasteilla, joten voit aina l\u00f6yt\u00e4\u00e4 uusia tavoitteita saavutettavaksi.\nOsallistu viikoittaisiin tapahtumiin, taistele palkinnoista ja ihmettele ainutlaatuisia mahdollisuuksia, joita sinulle tarjotaan joka viikko.  <\/li>\n<\/ul>\n\n<h2 class=\"wp-block-heading\">Pelaaminen avaruus XY<\/h2>\n\n<p>Jos haluat liitty\u00e4 avaruusseikkailuun Space XY -peliss\u00e4, ensimm\u00e4inen askel on asentaa peli.\nSen j\u00e4lkeen sinun on luotava tilisi, joka varmistaa, ett\u00e4 edistymisesi ja verkko-ominaisuutesi s\u00e4ilyv\u00e4t.\nKun olet rekister\u00f6itynyt, voit muokata avaruusalustasi yksil\u00f6llisesti valitsemalla ainutlaatuisia malleja ja p\u00e4ivityksi\u00e4.\nUppoudu Space XY:n maailmaan tutkimalla galakseja, olemalla vuorovaikutuksessa eri maailmojen kanssa ja suorittamalla teht\u00e4vi\u00e4 lataamalla Space XY.   <\/p>\n\n<p>Avaruustaistelut ovat keskeinen osa peli\u00e4.\nHaasta muukalaisuhat ja muut pelaajat reaaliajassa strategisten taitojesi avulla.\nOsallistu tapahtumiin ja teht\u00e4viin ansaitaksesi palkintoja ja p\u00e4ivityksi\u00e4.\nMy\u00f6s sosiaalinen kanssak\u00e4yminen muiden pelaajien kanssa on t\u00e4rke\u00e4\u00e4 &#8211; muodosta liittoutumia, jaa kokemuksia ja strategioita.   <\/p>\n\n<p>Kaiken kaikkiaan Space XY -peliin uppoutuminen edellytt\u00e4\u00e4 tutkimista, taistelua ja vuorovaikutusta kosmisen maailman kanssa, joka odottaa l\u00f6yt\u00e4mist\u00e4si.<\/p>\n\n<h2 class=\"wp-block-heading\">Kuinka voittaa Space XY:ss\u00e4<\/h2>\n\n<p>Space XY:n maailmassa avain menestyksekk\u00e4\u00e4seen pelaamiseen on maailmankaikkeuden syv\u00e4llinen tutkiminen ja joustava sopeutuminen erilaisiin haasteisiin.\nKehit\u00e4 avaruusalustasi ja muokkaa se yksil\u00f6llisiin tarpeisiisi ja kulloisenkin tilanteen vaatimuksiin sopivaksi.\nJa Space XY:n bonusten avulla voit lis\u00e4t\u00e4 voittomahdollisuuksiasi.  <\/p>\n\n<p>Ota strateginen l\u00e4hestymistapa avaruustaisteluihin ja kiinnit\u00e4 huomiota taistelun dynamiikkaan ja ulkoisiin tekij\u00f6ihin.\nTarkkaile muiden pelaajien k\u00e4ytt\u00e4ytymist\u00e4 ja mukauta taktiikkaasi heid\u00e4n toimintansa mukaan.\nSpace XY -strategia on keskeinen osa-alue, jota tarvitset menestyksekk\u00e4\u00e4seen peliin.  <\/p>\n\n<p>Osallistu aktiivisesti tapahtumiin ja teht\u00e4viin, jotka tarjoavat tilaisuuksia hankkia arvokkaita resursseja ja parannuksia aluksellesi.\nMuista kuitenkin, ett\u00e4 tekosi ja p\u00e4\u00e4t\u00f6ksesi voivat vaikuttaa peliin ja vuorovaikutukseesi muiden pelaajien kanssa. <\/p>\n\n<h2 class=\"wp-block-heading\">Space XY -pelin s\u00e4\u00e4nn\u00f6t<\/h2>\n\n<p>Space XY:n maailmassa on muutamia peruss\u00e4\u00e4nt\u00f6j\u00e4, jotka auttavat sinua navigoimaan ja onnistumaan avaruusseikkailuissasi.\nNe on opittava ennen kuin aloitat Space XY:n pelaamisen: <\/p>\n\n<ol>\n<li>Tutki erilaisia galakseja, planeettoja ja asteroideja.<\/li>\n\n\n\n<li>P\u00e4ivit\u00e4 aluksesi, kehit\u00e4 taktiikoita ja osallistu avaruusduelleihin suojellaksesi etujasi.<\/li>\n\n\n\n<li>Louhi luonnonvaroja, k\u00e4sittele niit\u00e4 ja k\u00e4yt\u00e4 niit\u00e4 aluksesi parantamiseen, tukikohtien rakentamiseen, tutkimukseen ja kaupank\u00e4yntiin.<\/li>\n\n\n\n<li>Osallistu aktiivisesti tapahtumiin ja teht\u00e4viin ansaitaksesi ainutlaatuisia palkintoja ja laajentaaksesi kykyj\u00e4si peliss\u00e4.<\/li>\n\n\n\n<li>Tutki uusia teknologioita parantaaksesi aluksesi ja tukikohtasi puolustusta.<\/li>\n\n\n\n<li>Muodosta liittoutumia muiden pelaajien kanssa yhdist\u00e4\u00e4 voimat taistella yhteisten tavoitteiden ja kehitt\u00e4\u00e4 strategioita pelin Space XY miten voittaa.<\/li>\n\n\n\n<li>Osallistu kilpailuihin ja seuraa sijoituksia, jotta voit mitata edistymist\u00e4si ja verrata saavutuksiasi muihin pelaajiin.<\/li>\n<\/ol>\n\n<p>N\u00e4iden s\u00e4\u00e4nt\u00f6jen noudattaminen auttaa sinua nauttimaan avaruusel\u00e4myksest\u00e4 Space XY:ss\u00e4 ja menestym\u00e4\u00e4n avaruudessa.<\/p>\n\n<h2 class=\"wp-block-heading\">Promo-koodit<\/h2>\n\n<p>Paras tapa saada ajantasaiset koodit on seurata pelin virallisia viestint\u00e4kanavia.\nT\u00e4m\u00e4 voi olla virallinen verkkosivusto, sosiaalinen media, foorumit tai s\u00e4hk\u00f6postiuutiskirjeet.\nSpace XY:n kaltaisen pelin tarjouskoodeja k\u00e4ytet\u00e4\u00e4n tarjoamaan pelaajille erilaisia bonuksia ja etuja.  <\/p>\n\n<p>Kampanjakoodit voivat tarjota ilmaisia resursseja, kuten krediittej\u00e4, energiaa tai muita pelin sis\u00e4isi\u00e4 valuuttoja.\nJoillakin vaihtoehdoilla p\u00e4\u00e4set k\u00e4ytt\u00e4m\u00e4\u00e4n ainutlaatuisia parannuksia tai p\u00e4ivityksi\u00e4 avaruusaluksiin, tukikohtiin ja muihin pelielementteihin.\nSpace XY -arvostelut tarjoavat runsaasti vinkkej\u00e4 siit\u00e4, miten t\u00e4llaisia bonuksia voi hy\u00f6dynt\u00e4\u00e4 oikein.  <\/p>\n\n<p>Kampanjakoodeja voidaan jakaa osana erikoistapahtumia, kilpailuja tai kampanjoita, jotka kannustavat pelaajia osallistumaan erilaisiin aktiviteetteihin.<\/p>\n\n<h2 class=\"wp-block-heading\">Suosittelut<\/h2>\n\n<p>Seuraavassa on muutamia k\u00e4ytt\u00e4jien arvosteluja, jotka vahvistavat t\u00e4m\u00e4n sovelluksen suuren suosion:<\/p>\n","protected":false},"excerpt":{"rendered":"<p>Tervetuloa Space XY:n maailmaan, jossa jokainen t\u00e4hti on uusi seikkailu ja jokainen galaksi on tutkimuskentt\u00e4. T\u00e4m\u00e4 j\u00e4nnitt\u00e4v\u00e4 avaruuspeli tarjoaa pelaajille mahdollisuuden paitsi tutkia maailmankaikkeuden valtavia alueita my\u00f6s tulla todellisiksi avaruuden valloittajiksi. Space XY on peli, joka her\u00e4tt\u00e4\u00e4 huomiota ensimm\u00e4isist\u00e4 sekunneista l\u00e4htien. Voit ladata sovelluksen Androidille One Winin viralliselta vedonly\u00f6ntisivustolta. T\u00e4\u00e4ll\u00e4 parhaat seikkailut ja unohtumaton ajanviete [&hellip;]<\/p>\n","protected":false},"author":2,"featured_media":0,"parent":0,"menu_order":0,"comment_status":"open","ping_status":"closed","template":"","meta":{"footnotes":""},"yoast_head":"<!-- This site is optimized with the Yoast SEO plugin v21.7 - https:\/\/yoast.com\/wordpress\/plugins\/seo\/ -->\n<title>Space XY kasinopeli, lataa<\/title>\n<meta name=\"description\" content=\"Mielenkiintoinen peli niille, jotka rakastavat j\u00e4nnityst\u00e4 ja suuria riskej\u00e4. Lataa ja nauti pelist\u00e4 Space XY kasinolla. Sukella riskien ja unohtumattomien seikkailujen maailmaan. Tutustu huolellisesti pelin s\u00e4\u00e4nt\u00f6ihin ja ominaisuuksiin voittaaksesi.\" \/>\n<meta name=\"robots\" content=\"index, follow, max-snippet:-1, max-image-preview:large, max-video-preview:-1\" \/>\n<link rel=\"canonical\" href=\"https:\/\/aviator-crash.org\/fi\/space-xy-hedelmapeli\/\" \/>\n<meta property=\"og:locale\" content=\"fi_FI\" \/>\n<meta property=\"og:type\" content=\"article\" \/>\n<meta property=\"og:title\" content=\"Space XY kasinopeli, lataa\" \/>\n<meta property=\"og:description\" content=\"Mielenkiintoinen peli niille, jotka rakastavat j\u00e4nnityst\u00e4 ja suuria riskej\u00e4. Lataa ja nauti pelist\u00e4 Space XY kasinolla. Sukella riskien ja unohtumattomien seikkailujen maailmaan. Tutustu huolellisesti pelin s\u00e4\u00e4nt\u00f6ihin ja ominaisuuksiin voittaaksesi.\" \/>\n<meta property=\"og:url\" content=\"https:\/\/aviator-crash.org\/fi\/space-xy-hedelmapeli\/\" \/>\n<meta property=\"article:modified_time\" content=\"2024-02-02T17:57:43+00:00\" \/>\n<meta property=\"og:image\" content=\"https:\/\/aviator-crash.org\/wp-content\/uploads\/2024\/01\/bgaming-game-release-1024x445.jpg\" \/>\n<meta name=\"twitter:card\" content=\"summary_large_image\" \/>\n<meta name=\"twitter:label1\" content=\"Est. reading time\" \/>\n\t<meta name=\"twitter:data1\" content=\"4 minuuttia\" \/>\n<script type=\"application\/ld+json\" class=\"yoast-schema-graph\">{\"@context\":\"https:\/\/schema.org\",\"@graph\":[{\"@type\":\"WebPage\",\"@id\":\"https:\/\/aviator-crash.org\/fi\/space-xy-hedelmapeli\/\",\"url\":\"https:\/\/aviator-crash.org\/fi\/space-xy-hedelmapeli\/\",\"name\":\"Space XY kasinopeli, lataa\",\"isPartOf\":{\"@id\":\"https:\/\/aviator-crash.org\/fi\/#website\"},\"datePublished\":\"2023-12-27T19:48:01+00:00\",\"dateModified\":\"2024-02-02T17:57:43+00:00\",\"description\":\"Mielenkiintoinen peli niille, jotka rakastavat j\u00e4nnityst\u00e4 ja suuria riskej\u00e4. Lataa ja nauti pelist\u00e4 Space XY kasinolla. Sukella riskien ja unohtumattomien seikkailujen maailmaan. Tutustu huolellisesti pelin s\u00e4\u00e4nt\u00f6ihin ja ominaisuuksiin voittaaksesi.\",\"breadcrumb\":{\"@id\":\"https:\/\/aviator-crash.org\/fi\/space-xy-hedelmapeli\/#breadcrumb\"},\"inLanguage\":\"fi\",\"potentialAction\":[{\"@type\":\"ReadAction\",\"target\":[\"https:\/\/aviator-crash.org\/fi\/space-xy-hedelmapeli\/\"]}]},{\"@type\":\"BreadcrumbList\",\"@id\":\"https:\/\/aviator-crash.org\/fi\/space-xy-hedelmapeli\/#breadcrumb\",\"itemListElement\":[{\"@type\":\"ListItem\",\"position\":1,\"name\":\"Home\",\"item\":\"https:\/\/aviator-crash.org\/fi\/aviator-peli-verkossa-oikealla-rahalla\/\"},{\"@type\":\"ListItem\",\"position\":2,\"name\":\"Space XY hedelm\u00e4peli\"}]},{\"@type\":\"WebSite\",\"@id\":\"https:\/\/aviator-crash.org\/fi\/#website\",\"url\":\"https:\/\/aviator-crash.org\/fi\/\",\"name\":\"\",\"description\":\"\",\"potentialAction\":[{\"@type\":\"SearchAction\",\"target\":{\"@type\":\"EntryPoint\",\"urlTemplate\":\"https:\/\/aviator-crash.org\/fi\/?s={search_term_string}\"},\"query-input\":\"required name=search_term_string\"}],\"inLanguage\":\"fi\"}]}<\/script>\n<!-- \/ Yoast SEO plugin. -->","yoast_head_json":{"title":"Space XY kasinopeli, lataa","description":"Mielenkiintoinen peli niille, jotka rakastavat j\u00e4nnityst\u00e4 ja suuria riskej\u00e4. Lataa ja nauti pelist\u00e4 Space XY kasinolla. Sukella riskien ja unohtumattomien seikkailujen maailmaan. Tutustu huolellisesti pelin s\u00e4\u00e4nt\u00f6ihin ja ominaisuuksiin voittaaksesi.","robots":{"index":"index","follow":"follow","max-snippet":"max-snippet:-1","max-image-preview":"max-image-preview:large","max-video-preview":"max-video-preview:-1"},"canonical":"https:\/\/aviator-crash.org\/fi\/space-xy-hedelmapeli\/","og_locale":"fi_FI","og_type":"article","og_title":"Space XY kasinopeli, lataa","og_description":"Mielenkiintoinen peli niille, jotka rakastavat j\u00e4nnityst\u00e4 ja suuria riskej\u00e4. Lataa ja nauti pelist\u00e4 Space XY kasinolla. Sukella riskien ja unohtumattomien seikkailujen maailmaan. Tutustu huolellisesti pelin s\u00e4\u00e4nt\u00f6ihin ja ominaisuuksiin voittaaksesi.","og_url":"https:\/\/aviator-crash.org\/fi\/space-xy-hedelmapeli\/","article_modified_time":"2024-02-02T17:57:43+00:00","og_image":[{"url":"https:\/\/aviator-crash.org\/wp-content\/uploads\/2024\/01\/bgaming-game-release-1024x445.jpg"}],"twitter_card":"summary_large_image","twitter_misc":{"Est. reading time":"4 minuuttia"},"schema":{"@context":"https:\/\/schema.org","@graph":[{"@type":"WebPage","@id":"https:\/\/aviator-crash.org\/fi\/space-xy-hedelmapeli\/","url":"https:\/\/aviator-crash.org\/fi\/space-xy-hedelmapeli\/","name":"Space XY kasinopeli, lataa","isPartOf":{"@id":"https:\/\/aviator-crash.org\/fi\/#website"},"datePublished":"2023-12-27T19:48:01+00:00","dateModified":"2024-02-02T17:57:43+00:00","description":"Mielenkiintoinen peli niille, jotka rakastavat j\u00e4nnityst\u00e4 ja suuria riskej\u00e4. Lataa ja nauti pelist\u00e4 Space XY kasinolla. Sukella riskien ja unohtumattomien seikkailujen maailmaan. Tutustu huolellisesti pelin s\u00e4\u00e4nt\u00f6ihin ja ominaisuuksiin voittaaksesi.","breadcrumb":{"@id":"https:\/\/aviator-crash.org\/fi\/space-xy-hedelmapeli\/#breadcrumb"},"inLanguage":"fi","potentialAction":[{"@type":"ReadAction","target":["https:\/\/aviator-crash.org\/fi\/space-xy-hedelmapeli\/"]}]},{"@type":"BreadcrumbList","@id":"https:\/\/aviator-crash.org\/fi\/space-xy-hedelmapeli\/#breadcrumb","itemListElement":[{"@type":"ListItem","position":1,"name":"Home","item":"https:\/\/aviator-crash.org\/fi\/aviator-peli-verkossa-oikealla-rahalla\/"},{"@type":"ListItem","position":2,"name":"Space XY hedelm\u00e4peli"}]},{"@type":"WebSite","@id":"https:\/\/aviator-crash.org\/fi\/#website","url":"https:\/\/aviator-crash.org\/fi\/","name":"","description":"","potentialAction":[{"@type":"SearchAction","target":{"@type":"EntryPoint","urlTemplate":"https:\/\/aviator-crash.org\/fi\/?s={search_term_string}"},"query-input":"required name=search_term_string"}],"inLanguage":"fi"}]}},"_links":{"self":[{"href":"https:\/\/aviator-crash.org\/fi\/wp-json\/wp\/v2\/pages\/2520"}],"collection":[{"href":"https:\/\/aviator-crash.org\/fi\/wp-json\/wp\/v2\/pages"}],"about":[{"href":"https:\/\/aviator-crash.org\/fi\/wp-json\/wp\/v2\/types\/page"}],"author":[{"embeddable":true,"href":"https:\/\/aviator-crash.org\/fi\/wp-json\/wp\/v2\/users\/2"}],"replies":[{"embeddable":true,"href":"https:\/\/aviator-crash.org\/fi\/wp-json\/wp\/v2\/comments?post=2520"}],"version-history":[{"count":1,"href":"https:\/\/aviator-crash.org\/fi\/wp-json\/wp\/v2\/pages\/2520\/revisions"}],"predecessor-version":[{"id":2522,"href":"https:\/\/aviator-crash.org\/fi\/wp-json\/wp\/v2\/pages\/2520\/revisions\/2522"}],"wp:attachment":[{"href":"https:\/\/aviator-crash.org\/fi\/wp-json\/wp\/v2\/media?parent=2520"}],"curies":[{"name":"wp","href":"https:\/\/api.w.org\/{rel}","templated":true}]}}