{"id":2568,"date":"2023-12-27T19:40:59","date_gmt":"2023-12-27T19:40:59","guid":{"rendered":"https:\/\/aviator-crash.org\/pelaa-rocket-x\/"},"modified":"2024-02-02T18:04:33","modified_gmt":"2024-02-02T18:04:33","slug":"pelaa-rocket-x","status":"publish","type":"page","link":"https:\/\/aviator-crash.org\/fi\/pelaa-rocket-x\/","title":{"rendered":"Pelaa Rocket X"},"content":{"rendered":"\n<figure class=\"wp-block-gallery has-nested-images columns-default is-cropped wp-block-gallery-1 is-layout-flex wp-block-gallery-is-layout-flex\">\n<figure class=\"wp-block-image size-large\"><span itemprop=\"image\" itemscope itemtype=\"https:\/\/schema.org\/ImageObject\"><img itemprop=\"url image\" loading=\"lazy\" decoding=\"async\" width=\"1024\" height=\"761\" data-id=\"472\" src=\"https:\/\/aviator-crash.org\/wp-content\/uploads\/2024\/01\/rocket-x-1024x761.webp\" alt=\"\" class=\"wp-image-472\" srcset=\"https:\/\/aviator-crash.org\/wp-content\/uploads\/2024\/01\/rocket-x-1024x761.webp 1024w, https:\/\/aviator-crash.org\/wp-content\/uploads\/2024\/01\/rocket-x-300x223.webp 300w, https:\/\/aviator-crash.org\/wp-content\/uploads\/2024\/01\/rocket-x-768x571.webp 768w, https:\/\/aviator-crash.org\/wp-content\/uploads\/2024\/01\/rocket-x.webp 1200w\" sizes=\"(max-width: 1024px) 100vw, 1024px\" \/><meta itemprop=\"width\" content=\"1024\"><meta itemprop=\"height\" content=\"761\"><\/span><\/figure>\n<\/figure>\n\n<p>Moninpelattava Rocket X -peli tarjoaa sinulle mahdollisuuden sukeltaa j\u00e4nnitt\u00e4v\u00e4\u00e4n seikkailuun ja ansaita oikeaa rahaa.\nVoit ladata sen ilmaiseksi mille tahansa laitteellesi ja nauttia upeasta pelist\u00e4 sek\u00e4 yksin ett\u00e4 yhdess\u00e4 yst\u00e4vien ja muiden pelaajien kanssa.\nT\u00e4t\u00e4 varten sinun tarvitsee vain menn\u00e4 One Winin viralliseen vedonly\u00f6ntiportaaliin ja ladata Rocket X -peli ilmaiseksi Androidille.\nAloittaaksesi pelaamisen sinun tarvitsee vain menn\u00e4 henkil\u00f6kohtaiselle tilillesi rekister\u00f6itym\u00e4ll\u00e4 tai kirjautumalla sis\u00e4\u00e4n.\nSe vie vain muutaman minuutin, mutta voit heti aloittaa pelaamisen ja nauttia prosessista.    <\/p>\n\n<h2 class=\"wp-block-heading\"><strong>Rocket X -verkkopelin edut<\/strong><\/h2>\n\n<p>Uhkapeleill\u00e4 on nykymaailmassa suuri kysynt\u00e4.\nNiiden avulla voit pit\u00e4\u00e4 hauskaa ja ansaita l\u00e4hes mink\u00e4 tahansa summan rahaa poistumatta kotoa.\nRocket X:\u00e4\u00e4 puolestaan pidet\u00e4\u00e4n yhten\u00e4 lajinsa suosituimmista.\nT\u00e4ll\u00e4 pelill\u00e4 on paljon etuja, kuten seuraavat:   <\/p>\n\n<ul>\n<li>Poikkeuksellisen positiiviset Rocket X -arvostelut osoittavat, ett\u00e4 t\u00e4m\u00e4 sovellus on eritt\u00e4in suosittu pelaajien keskuudessa ymp\u00e4ri maailmaa.<\/li>\n\n\n\n<li>Moninpelitila.\nKyky pelata reaaliajassa, nauttia prosessista yst\u00e4vien tai muiden k\u00e4ytt\u00e4jien kanssa ymp\u00e4ri maailmaa verkossa. <\/li>\n\n\n\n<li>Dynamic Racing.\nPelattavuus keskittyy nopeaan ja dynaamiseen kilpa-ajoon, jossa on erilaisia ratoja ja esteit\u00e4. <\/li>\n\n\n\n<li>Ainutlaatuiset paikat.\nMonipuoliset ja v\u00e4rikk\u00e4\u00e4t pelipaikat, jotka tarjoavat erilaisia kilpailuolosuhteita. <\/li>\n\n\n\n<li>Temppuja ja p\u00e4ivityksi\u00e4.\nKyky suorittaa temppuja ja parantaa lent\u00e4v\u00e4\u00e4 konettasi erilaisilla parannuksilla.\nSinun tarvitsee vain ladata Rocket X laitteeseesi ja rekister\u00f6ity\u00e4.  <\/li>\n\n\n\n<li>Etenemisj\u00e4rjestelm\u00e4.\nKehittynyt etenemisj\u00e4rjestelm\u00e4, jossa on uusia tasoja, ajoneuvoja ja muuta sis\u00e4lt\u00f6\u00e4, jotka avautuvat pelin edetess\u00e4. <\/li>\n\n\n\n<li>Suuri m\u00e4\u00e4r\u00e4 bonuksia on saatavilla.\nMahdollisuus saada bonuksia, saavutuksia ja muita palkintoja tasojen onnistuneesta suorittamisesta tai erityisteht\u00e4vien suorittamisesta. <\/li>\n\n\n\n<li>Erinomainen grafiikka ja upea \u00e4\u00e4niraita.\nLaadukas grafiikka ja \u00e4\u00e4niraita luovat vaikuttavan visuaalisen ja \u00e4\u00e4nellisen tunnelman. <\/li>\n<\/ul>\n\n<p>Lukuisat edut tekev\u00e4t t\u00e4st\u00e4 pelist\u00e4 varsin suositun uhkapelisovellusten yst\u00e4vien keskuudessa.\nRocket X -pelin arvostelut ovat enimm\u00e4kseen positiivisia, mik\u00e4 j\u00e4lleen kerran vahvistaa edell\u00e4 mainitun tosiasian.\nJos haluat pit\u00e4\u00e4 hauskaa, t\u00e4m\u00e4 sovellus on paras vaihtoehto.  <\/p>\n\n<h2 class=\"wp-block-heading\">Pelaaminen Rocket X<\/h2>\n\n<p>T\u00e4m\u00e4n pelin etuna on my\u00f6s se, ett\u00e4 sen s\u00e4\u00e4nn\u00f6t ovat yksinkertaiset ja selke\u00e4t, ja kaikki ymm\u00e4rt\u00e4v\u00e4t ne nopeasti.\nEnsimm\u00e4iseksi sinun on rekister\u00f6idytt\u00e4v\u00e4 tai kirjauduttava henkil\u00f6kohtaiseen kaappiisi.\nT\u00e4m\u00e4 vaihtoehto on eritt\u00e4in k\u00e4tev\u00e4, sill\u00e4 kaikki edistyminen tallentuu automaattisesti.  <\/p>\n\n<p>Toinen vaihe, joka sinun on teht\u00e4v\u00e4, on pelitilisi rahoittaminen.\nSeuraavaksi siirry sivulle ja k\u00e4ynnist\u00e4 simulaattori.\nPeli alkaa, kun olet asettanut panoksen.\nSumma on yksil\u00f6llinen ja riippuu ainoastaan mieltymyksist\u00e4si ja strategiastasi.   <\/p>\n\n<p>Rocket X:n virallinen verkkosivusto tarjoaa sinulle runsaasti mahdollisuuksia pelata peli\u00e4.\nTarjolla on sek\u00e4 yksil\u00f6- ett\u00e4 moninpelitiloja, joiden avulla voit nauttia pelist\u00e4 verkossa yst\u00e4vien tai muiden pelaajien kanssa verkossa.\nKaikki peruss\u00e4\u00e4nn\u00f6t on ilmoitettu verkkosivustolla.\nLis\u00e4ksi voit k\u00e4yd\u00e4 l\u00e4pi koulutuksen ennen aloittamista, jotta ymm\u00e4rr\u00e4t peli\u00e4 paremmin ja voit aloittaa tienaamisen heti alusta alkaen.   <\/p>\n\n<p>Kun olet asettanut panoksesi, sinun tarvitsee vain odottaa tulosta.\nProsessi on melko j\u00e4nnitt\u00e4v\u00e4, sill\u00e4 arvot muuttuvat melko nopeasti, ja on l\u00e4hes mahdotonta ennustaa, mik\u00e4 se on lopussa. <\/p>\n\n<h2 class=\"wp-block-heading\">Kuinka voittaa Rocket X:ss\u00e4<\/h2>\n\n<p>Kuten on jo k\u00e4ynyt selv\u00e4ksi, on eritt\u00e4in t\u00e4rke\u00e4\u00e4 valita oikea hetki peliss\u00e4, jotta panokset eiv\u00e4t pala ja kertoimet ovat mahdollisimman edulliset.\nT\u00e4h\u00e4n tarkoitukseen r\u00e4\u00e4t\u00e4l\u00f6ity <em>Rocket X -strategia<\/em> on t\u00e4ydellinen.\nSen kehitt\u00e4miseksi riitt\u00e4\u00e4, ett\u00e4 tutkitaan aiempia pelej\u00e4, analysoidaan tuloksia ja valitaan pelimenetelm\u00e4, joka on kannattavin.  <\/p>\n\n<p>Rocket X:n strategia on win-win, sill\u00e4 se perustuu aiempaan kokemukseen ja auttaa ymm\u00e4rt\u00e4m\u00e4\u00e4n, miten j\u00e4rjestelm\u00e4 toimii ja miten sen tuloksena saadaan korkeimmat voittom\u00e4\u00e4r\u00e4t.\nT\u00e4m\u00e4 peli todistaa, ett\u00e4 pelkk\u00e4 tuuri ei riit\u00e4 voittoon.\nMy\u00f6s Rocket X:n kertoimien laskentaj\u00e4rjestelm\u00e4\u00e4 tarvitaan.  <\/p>\n\n<h2 class=\"wp-block-heading\">Rocket X -pelin s\u00e4\u00e4nn\u00f6t<\/h2>\n\n<p>Tarinan keski\u00f6ss\u00e4 on kuuluisa mies &#8211; Ilon Musk, tai pikemminkin h\u00e4nen sarjakuvakopionsa, jota k\u00e4ytt\u00e4j\u00e4t ohjaavat koko pelin ajan.\nT\u00e4m\u00e4 peli sopii niille, jotka pit\u00e4v\u00e4t j\u00e4nnityksest\u00e4 ja riskeist\u00e4.\nPelin s\u00e4\u00e4nn\u00f6t ovat t\u00e4ss\u00e4 l\u00e4hes samanlaiset kuin muissa vastaavissa sovelluksissa.\nEnnen kuin aloitat Rocket X crash -pelin, sinun on asetettava panoksesi ja sitten vain katsottava, miten ne kasvavat.\nVoit milloin tahansa peruuttaa panoksesi, mutta on t\u00e4rke\u00e4\u00e4 olla varovainen: jos teet sen liian aikaisin tai liian my\u00f6h\u00e4\u00e4n, h\u00e4vi\u00e4t.\nOn t\u00e4rke\u00e4\u00e4 valita oikea hetki.     <\/p>\n\n<p>Jos luulet, ett\u00e4 peli on melko yksinkertainen ja yksitoikkoinen, olet v\u00e4\u00e4r\u00e4ss\u00e4.\nSuuret riskit, panokset, dynaamisuus &#8211; kaikki t\u00e4m\u00e4 l\u00f6ytyy t\u00e4\u00e4lt\u00e4.\nVoit lukea lis\u00e4\u00e4 s\u00e4\u00e4nn\u00f6ist\u00e4 viralliselta sivulta.  <\/p>\n\n<h2 class=\"wp-block-heading\">Promo-koodit<\/h2>\n\n<p>Pelialustat, kasinot tai kehitt\u00e4j\u00e4t voivat tarjota uhkapelien tarjouskoodeja houkutellakseen uusia pelaajia, palkitakseen uskollisuutta tai j\u00e4rjest\u00e4\u00e4kseen erikoistarjouksia.\nJos haluat pit\u00e4\u00e4 hauskaa ja lis\u00e4t\u00e4 voittomahdollisuuksiasi Rocket X-peliss\u00e4 1win, voit helposti hy\u00f6dynt\u00e4\u00e4 saatavilla olevia tarjouskoodeja.\nVoit l\u00f6yt\u00e4\u00e4 niit\u00e4 useista l\u00e4hteist\u00e4:  <\/p>\n\n<ul>\n<li>One Winin virallinen verkkosivusto.<\/li>\n\n\n\n<li>Postituslistat (t\u00e4m\u00e4n vuoksi on suositeltavaa rekister\u00f6ity\u00e4 postituslistoille sivustolta heti rekister\u00f6itymisen j\u00e4lkeen).<\/li>\n\n\n\n<li>Sosiaalinen media ja omat foorumit.<\/li>\n\n\n\n<li>Kumppanuusohjelmat.<\/li>\n<\/ul>\n\n<p>Muista, ett\u00e4 on t\u00e4rke\u00e4\u00e4 olla tarkkaavainen ja k\u00e4ytt\u00e4\u00e4 tarjouskoodeja pelin s\u00e4\u00e4nt\u00f6jen ja ehtojen mukaisesti v\u00e4\u00e4rink\u00e4sitysten ja ep\u00e4miellytt\u00e4vien tilanteiden v\u00e4ltt\u00e4miseksi.<\/p>\n\n<h2 class=\"wp-block-heading\">Suosittelut<\/h2>\n\n<p>K\u00e4ytt\u00e4jien arvostelujen perusteella voimme p\u00e4\u00e4tell\u00e4, ett\u00e4 t\u00e4t\u00e4 peli\u00e4 pidet\u00e4\u00e4n yhten\u00e4 lajinsa suosituimmista, ja sill\u00e4 on lukuisia etuja ja ominaisuuksia.\nT\u00e4ss\u00e4 on joitakin 1win Rocket X -arvosteluja: <\/p>\n","protected":false},"excerpt":{"rendered":"<p>Moninpelattava Rocket X -peli tarjoaa sinulle mahdollisuuden sukeltaa j\u00e4nnitt\u00e4v\u00e4\u00e4n seikkailuun ja ansaita oikeaa rahaa. Voit ladata sen ilmaiseksi mille tahansa laitteellesi ja nauttia upeasta pelist\u00e4 sek\u00e4 yksin ett\u00e4 yhdess\u00e4 yst\u00e4vien ja muiden pelaajien kanssa. T\u00e4t\u00e4 varten sinun tarvitsee vain menn\u00e4 One Winin viralliseen vedonly\u00f6ntiportaaliin ja ladata Rocket X -peli ilmaiseksi Androidille. Aloittaaksesi pelaamisen sinun tarvitsee [&hellip;]<\/p>\n","protected":false},"author":2,"featured_media":0,"parent":0,"menu_order":0,"comment_status":"open","ping_status":"closed","template":"","meta":{"footnotes":""},"yoast_head":"<!-- This site is optimized with the Yoast SEO plugin v21.7 - https:\/\/yoast.com\/wordpress\/plugins\/seo\/ -->\n<title>Rocket X kasinopeli, lataa<\/title>\n<meta name=\"description\" content=\"Paras Rocket X -peli, jossa on mahdollisuus voittaa oikeaa rahaa. Katso kuvaus, tutki pelin ominaisuuksia ja ominaisuuksia, valitse paras strategia ja l\u00e4hde unohtumattomille matkoille. L\u00e4hde tavoittelemaan suuria voittoja!\" \/>\n<meta name=\"robots\" content=\"index, follow, max-snippet:-1, max-image-preview:large, max-video-preview:-1\" \/>\n<link rel=\"canonical\" href=\"https:\/\/aviator-crash.org\/fi\/pelaa-rocket-x\/\" \/>\n<meta property=\"og:locale\" content=\"fi_FI\" \/>\n<meta property=\"og:type\" content=\"article\" \/>\n<meta property=\"og:title\" content=\"Rocket X kasinopeli, lataa\" \/>\n<meta property=\"og:description\" content=\"Paras Rocket X -peli, jossa on mahdollisuus voittaa oikeaa rahaa. Katso kuvaus, tutki pelin ominaisuuksia ja ominaisuuksia, valitse paras strategia ja l\u00e4hde unohtumattomille matkoille. L\u00e4hde tavoittelemaan suuria voittoja!\" \/>\n<meta property=\"og:url\" content=\"https:\/\/aviator-crash.org\/fi\/pelaa-rocket-x\/\" \/>\n<meta property=\"article:modified_time\" content=\"2024-02-02T18:04:33+00:00\" \/>\n<meta property=\"og:image\" content=\"https:\/\/aviator-crash.org\/wp-content\/uploads\/2024\/01\/rocket-x-1024x761.webp\" \/>\n<meta name=\"twitter:card\" content=\"summary_large_image\" \/>\n<meta name=\"twitter:label1\" content=\"Est. reading time\" \/>\n\t<meta name=\"twitter:data1\" content=\"4 minuuttia\" \/>\n<script type=\"application\/ld+json\" class=\"yoast-schema-graph\">{\"@context\":\"https:\/\/schema.org\",\"@graph\":[{\"@type\":\"WebPage\",\"@id\":\"https:\/\/aviator-crash.org\/fi\/pelaa-rocket-x\/\",\"url\":\"https:\/\/aviator-crash.org\/fi\/pelaa-rocket-x\/\",\"name\":\"Rocket X kasinopeli, lataa\",\"isPartOf\":{\"@id\":\"https:\/\/aviator-crash.org\/fi\/#website\"},\"datePublished\":\"2023-12-27T19:40:59+00:00\",\"dateModified\":\"2024-02-02T18:04:33+00:00\",\"description\":\"Paras Rocket X -peli, jossa on mahdollisuus voittaa oikeaa rahaa. Katso kuvaus, tutki pelin ominaisuuksia ja ominaisuuksia, valitse paras strategia ja l\u00e4hde unohtumattomille matkoille. L\u00e4hde tavoittelemaan suuria voittoja!\",\"breadcrumb\":{\"@id\":\"https:\/\/aviator-crash.org\/fi\/pelaa-rocket-x\/#breadcrumb\"},\"inLanguage\":\"fi\",\"potentialAction\":[{\"@type\":\"ReadAction\",\"target\":[\"https:\/\/aviator-crash.org\/fi\/pelaa-rocket-x\/\"]}]},{\"@type\":\"BreadcrumbList\",\"@id\":\"https:\/\/aviator-crash.org\/fi\/pelaa-rocket-x\/#breadcrumb\",\"itemListElement\":[{\"@type\":\"ListItem\",\"position\":1,\"name\":\"Home\",\"item\":\"https:\/\/aviator-crash.org\/fi\/aviator-peli-verkossa-oikealla-rahalla\/\"},{\"@type\":\"ListItem\",\"position\":2,\"name\":\"Pelaa Rocket X\"}]},{\"@type\":\"WebSite\",\"@id\":\"https:\/\/aviator-crash.org\/fi\/#website\",\"url\":\"https:\/\/aviator-crash.org\/fi\/\",\"name\":\"\",\"description\":\"\",\"potentialAction\":[{\"@type\":\"SearchAction\",\"target\":{\"@type\":\"EntryPoint\",\"urlTemplate\":\"https:\/\/aviator-crash.org\/fi\/?s={search_term_string}\"},\"query-input\":\"required name=search_term_string\"}],\"inLanguage\":\"fi\"}]}<\/script>\n<!-- \/ Yoast SEO plugin. -->","yoast_head_json":{"title":"Rocket X kasinopeli, lataa","description":"Paras Rocket X -peli, jossa on mahdollisuus voittaa oikeaa rahaa. Katso kuvaus, tutki pelin ominaisuuksia ja ominaisuuksia, valitse paras strategia ja l\u00e4hde unohtumattomille matkoille. L\u00e4hde tavoittelemaan suuria voittoja!","robots":{"index":"index","follow":"follow","max-snippet":"max-snippet:-1","max-image-preview":"max-image-preview:large","max-video-preview":"max-video-preview:-1"},"canonical":"https:\/\/aviator-crash.org\/fi\/pelaa-rocket-x\/","og_locale":"fi_FI","og_type":"article","og_title":"Rocket X kasinopeli, lataa","og_description":"Paras Rocket X -peli, jossa on mahdollisuus voittaa oikeaa rahaa. Katso kuvaus, tutki pelin ominaisuuksia ja ominaisuuksia, valitse paras strategia ja l\u00e4hde unohtumattomille matkoille. L\u00e4hde tavoittelemaan suuria voittoja!","og_url":"https:\/\/aviator-crash.org\/fi\/pelaa-rocket-x\/","article_modified_time":"2024-02-02T18:04:33+00:00","og_image":[{"url":"https:\/\/aviator-crash.org\/wp-content\/uploads\/2024\/01\/rocket-x-1024x761.webp"}],"twitter_card":"summary_large_image","twitter_misc":{"Est. reading time":"4 minuuttia"},"schema":{"@context":"https:\/\/schema.org","@graph":[{"@type":"WebPage","@id":"https:\/\/aviator-crash.org\/fi\/pelaa-rocket-x\/","url":"https:\/\/aviator-crash.org\/fi\/pelaa-rocket-x\/","name":"Rocket X kasinopeli, lataa","isPartOf":{"@id":"https:\/\/aviator-crash.org\/fi\/#website"},"datePublished":"2023-12-27T19:40:59+00:00","dateModified":"2024-02-02T18:04:33+00:00","description":"Paras Rocket X -peli, jossa on mahdollisuus voittaa oikeaa rahaa. Katso kuvaus, tutki pelin ominaisuuksia ja ominaisuuksia, valitse paras strategia ja l\u00e4hde unohtumattomille matkoille. L\u00e4hde tavoittelemaan suuria voittoja!","breadcrumb":{"@id":"https:\/\/aviator-crash.org\/fi\/pelaa-rocket-x\/#breadcrumb"},"inLanguage":"fi","potentialAction":[{"@type":"ReadAction","target":["https:\/\/aviator-crash.org\/fi\/pelaa-rocket-x\/"]}]},{"@type":"BreadcrumbList","@id":"https:\/\/aviator-crash.org\/fi\/pelaa-rocket-x\/#breadcrumb","itemListElement":[{"@type":"ListItem","position":1,"name":"Home","item":"https:\/\/aviator-crash.org\/fi\/aviator-peli-verkossa-oikealla-rahalla\/"},{"@type":"ListItem","position":2,"name":"Pelaa Rocket X"}]},{"@type":"WebSite","@id":"https:\/\/aviator-crash.org\/fi\/#website","url":"https:\/\/aviator-crash.org\/fi\/","name":"","description":"","potentialAction":[{"@type":"SearchAction","target":{"@type":"EntryPoint","urlTemplate":"https:\/\/aviator-crash.org\/fi\/?s={search_term_string}"},"query-input":"required name=search_term_string"}],"inLanguage":"fi"}]}},"_links":{"self":[{"href":"https:\/\/aviator-crash.org\/fi\/wp-json\/wp\/v2\/pages\/2568"}],"collection":[{"href":"https:\/\/aviator-crash.org\/fi\/wp-json\/wp\/v2\/pages"}],"about":[{"href":"https:\/\/aviator-crash.org\/fi\/wp-json\/wp\/v2\/types\/page"}],"author":[{"embeddable":true,"href":"https:\/\/aviator-crash.org\/fi\/wp-json\/wp\/v2\/users\/2"}],"replies":[{"embeddable":true,"href":"https:\/\/aviator-crash.org\/fi\/wp-json\/wp\/v2\/comments?post=2568"}],"version-history":[{"count":1,"href":"https:\/\/aviator-crash.org\/fi\/wp-json\/wp\/v2\/pages\/2568\/revisions"}],"predecessor-version":[{"id":2570,"href":"https:\/\/aviator-crash.org\/fi\/wp-json\/wp\/v2\/pages\/2568\/revisions\/2570"}],"wp:attachment":[{"href":"https:\/\/aviator-crash.org\/fi\/wp-json\/wp\/v2\/media?parent=2568"}],"curies":[{"name":"wp","href":"https:\/\/api.w.org\/{rel}","templated":true}]}}